{"id":11137,"date":"2024-05-03T06:38:14","date_gmt":"2024-05-03T06:38:14","guid":{"rendered":"https:\/\/elfsight.com\/pt\/?page_id=11137"},"modified":"2024-11-13T11:48:45","modified_gmt":"2024-11-13T11:48:45","slug":"webnode","status":"publish","type":"page","link":"https:\/\/elfsight.com\/pt\/g2-crowd-reviews-widget\/webnode\/","title":{"rendered":"G2 Crowd Reviews &#8211; Webnode"},"content":{"rendered":"<div class=\"application-platform-content-item-description application-platform-content-item\" id=\"description\" data-nav-section=\"description\"><h2>Descri\u00e7\u00e3o<\/h2> <p>O Elfsight G2 Reviews \u00e9 o m\u00e9todo mais confort\u00e1vel para manter a reputa\u00e7\u00e3o da sua empresa atrav\u00e9s da exibi\u00e7\u00e3o de coment\u00e1rios de clientes reais no seu ofertas. Revele apenas os coment\u00e1rios melhores ou mais atraentes e organize-os da maneira que voc\u00ea precisa. Colete provas sociais demonstrando ao seu p\u00fablico que seu n\u00edvel de credibilidade \u00e9 alto. Inspire as pessoas a adicionar novas impress\u00f5es sobre suas ofertas e servi\u00e7os e incentive as conversas dos usu\u00e1rios! <\/p><p><b>Integre as avalia\u00e7\u00f5es do G2 Crowd ao seu site de maneira simples e r\u00e1pida<\/b><\/p><\/div><div class=\"application-platform-content-item-features application-platform-content-item\" id=\"features\" data-nav-section=\"features\"><h2>Recursos<\/h2> <p>Para ter uma percep\u00e7\u00e3o mais clara do widget G2 Crowd, examine a lista de seus recursos essenciais. Eles tornam nosso widget realmente eficiente para sua loja: <\/p><ul> <li>3 tipos de filtros: por tipo, excluir por e quantidade de avalia\u00e7\u00f5es a serem exibidas; <\/li><li>4 variantes de layouts: Lista, Grade, Alvenaria e Slider; <\/li><li>Uma oportunidade de mostrar ou ocultar o cabe\u00e7alho do widget; <\/li><li>O bot\u00e3o para solicitar uma revis\u00e3o direciona os visitantes para sua p\u00e1gina G2; <\/li><li>Seis partes flex\u00edveis do widget: nome do autor e foto, resenha, data, \u00edcone G2 e classifica\u00e7\u00e3o por estrelas; <\/li><li>Duas alternativas de cen\u00e1rios de nega\u00e7\u00e3o de solicita\u00e7\u00e3o de revis\u00e3o: mostrar uma mensagem ou ocultar o bot\u00e3o. <\/li><\/ul><p><a href=\"#demo\">Descubra uma lista completa de recursos em nossa demonstra\u00e7\u00e3o ao vivo<\/a><\/p><\/div><div class=\"application-platform-content-item-installation application-platform-content-item\" id=\"installation\" data-nav-section=\"installation\"> <h2>Como adicionar G2 Crowd Reviews ao site Webnode<\/h2><p> Algumas a\u00e7\u00f5es f\u00e1ceis s\u00e3o a \u00fanica coisa que voc\u00ea precisa integrar. <\/p><ol><li><b>Construa seu pr\u00f3prio plugin G2 Crowd<\/b><br>Em nosso configurador gratuito, crie um plugin com composi\u00e7\u00e3o preferida e caracter\u00edsticas funcionais. <\/li> <li><b>Receba o c\u00f3digo pessoal para configurar o plugin<\/b><br>Depois de criar o seu widget, voc\u00ea receber\u00e1 um c\u00f3digo exclusivo na janela pop-up dos aplicativos Elfsight. Copie este c\u00f3digo para uso futuro. <\/li> <li><b>Exiba o plugin em seu site Webnode<\/b><br>V\u00e1 at\u00e9 o local onde deseja colocar o plugin e adicione o c\u00f3digo salvo l\u00e1. Salve as edi\u00e7\u00f5es. <\/li> <li><b>Conclu\u00eddo! <\/b><br>Entre na p\u00e1gina para conferir seus depoimentos. <\/li><\/ol><p>Ainda tem d\u00favidas? Ou tendo problemas? Basta enviar sua solicita\u00e7\u00e3o para nosso atendimento ao cliente que o ajudar\u00e1 com qualquer problema. <\/p><div class=\"faq\" data-component=\"FAQ\"> <div class=\"faq-item\">\r\n\t\t\t\t\t<div class=\"faq-item-question\">\r\n\t\t\t\t\t\t<h3 class=\"faq-item-question-text\">Como adicionar G2 Reviews ao meu site Webnode sem habilidades de codifica\u00e7\u00e3o?<\/h3>\r\n\r\n\t\t\t\t\t\t<div class=\"faq-item-question-icon\"><\/div>\r\n\t\t\t\t\t<\/div>\r\n\r\n\t\t\t\t\t<div class=\"faq-item-answer\">\r\n\t\t\t\t\t\t<div class=\"faq-item-answer-text\"> <p>A Elfsight fornece uma solu\u00e7\u00e3o SaaS que permite que voc\u00ea mesmo crie um widget G2 Reviews, veja como \u00e9 f\u00e1cil o processo \u00e9: Trabalhe diretamente no Editor online para criar um widget G2 Reviews que voc\u00ea gostaria de ver em seu site Webnode. Escolha um dos modelos predefinidos e ajuste as configura\u00e7\u00f5es do G2 Reviews, adicione seu conte\u00fado, altere o layout e as cores sem nenhuma habilidade de codifica\u00e7\u00e3o. Salve o G2 Reviews e copie seu c\u00f3digo de instala\u00e7\u00e3o, que voc\u00ea pode colar facilmente em seu site Webnode, sem a necessidade de adquirir um plano pago. Com nosso editor intuitivo, qualquer usu\u00e1rio da Internet pode criar um widget G2 Reviews online e incorpor\u00e1-lo facilmente ao seu site Webnode. N\u00e3o h\u00e1 necessidade de pagar ou inserir as credenciais do seu cart\u00e3o para acessar o servi\u00e7o. Se voc\u00ea enfrentar qualquer problema em qualquer etapa, n\u00e3o hesite em entrar em contato com nossa equipe de suporte t\u00e9cnico.<\/p> <\/div>\r\n\t\t\t\t\t<\/div>\r\n\t\t\t\t<\/div> <\/div> <\/div>","protected":false},"excerpt":{"rendered":"","protected":false},"author":9,"featured_media":0,"parent":1637,"menu_order":0,"comment_status":"closed","ping_status":"closed","template":"templates\/template-application-platform.php","meta":{"publish_to_discourse":"","publish_post_category":"","wpdc_auto_publish_overridden":"","wpdc_topic_tags":"","wpdc_pin_topic":"","wpdc_pin_until":"","discourse_post_id":"","discourse_permalink":"","wpdc_publishing_response":"","wpdc_publishing_error":"","footnotes":""},"class_list":["post-11137","page","type-page","status-publish","hentry"],"yoast_head":"<!-- This site is optimized with the Yoast SEO plugin v25.3.1 - https:\/\/yoast.com\/wordpress\/plugins\/seo\/ -->\n<title>Incorporar G2 Crowd Reviews ao site Webnode (gr\u00e1tis e r\u00e1pido)<\/title>\n<meta name=\"description\" content=\"Esta \u00e9 a possibilidade de construir G2 Crowd Reviews e incorpor\u00e1-lo ao seu site Webnode. Aproveite o atendimento gratuito ao cliente e outras vantagens da Elfsight.\" \/>\n<meta name=\"robots\" content=\"index, follow, max-snippet:-1, max-image-preview:large, max-video-preview:-1\" \/>\n<link rel=\"canonical\" href=\"https:\/\/elfsight.com\/pt\/g2-crowd-reviews-widget\/webnode\/\" \/>\n<meta property=\"og:locale\" content=\"pt_PT\" \/>\n<meta property=\"og:type\" content=\"article\" \/>\n<meta property=\"og:title\" content=\"Incorporar G2 Crowd Reviews ao site Webnode (gr\u00e1tis e r\u00e1pido)\" \/>\n<meta property=\"og:description\" content=\"Esta \u00e9 a possibilidade de construir G2 Crowd Reviews e incorpor\u00e1-lo ao seu site Webnode. Aproveite o atendimento gratuito ao cliente e outras vantagens da Elfsight.\" \/>\n<meta property=\"og:url\" content=\"https:\/\/elfsight.com\/pt\/g2-crowd-reviews-widget\/webnode\/\" \/>\n<meta property=\"og:site_name\" content=\"Elfsight PT\" \/>\n<meta property=\"article:modified_time\" content=\"2024-11-13T11:48:45+00:00\" \/>\n<meta name=\"twitter:card\" content=\"summary_large_image\" \/>\n<meta name=\"twitter:label1\" content=\"Tempo estimado de leitura\" \/>\n\t<meta name=\"twitter:data1\" content=\"3 minutos\" \/>\n<!-- \/ Yoast SEO plugin. -->","yoast_head_json":{"title":"Incorporar G2 Crowd Reviews ao site Webnode (gr\u00e1tis e r\u00e1pido)","description":"Esta \u00e9 a possibilidade de construir G2 Crowd Reviews e incorpor\u00e1-lo ao seu site Webnode. Aproveite o atendimento gratuito ao cliente e outras vantagens da Elfsight.","robots":{"index":"index","follow":"follow","max-snippet":"max-snippet:-1","max-image-preview":"max-image-preview:large","max-video-preview":"max-video-preview:-1"},"canonical":"https:\/\/elfsight.com\/pt\/g2-crowd-reviews-widget\/webnode\/","og_locale":"pt_PT","og_type":"article","og_title":"Incorporar G2 Crowd Reviews ao site Webnode (gr\u00e1tis e r\u00e1pido)","og_description":"Esta \u00e9 a possibilidade de construir G2 Crowd Reviews e incorpor\u00e1-lo ao seu site Webnode. Aproveite o atendimento gratuito ao cliente e outras vantagens da Elfsight.","og_url":"https:\/\/elfsight.com\/pt\/g2-crowd-reviews-widget\/webnode\/","og_site_name":"Elfsight PT","article_modified_time":"2024-11-13T11:48:45+00:00","twitter_card":"summary_large_image","twitter_misc":{"Tempo estimado de leitura":"3 minutos"},"schema":{"@context":"https:\/\/schema.org","@graph":[{"@type":"WebPage","@id":"https:\/\/elfsight.com\/pt\/g2-crowd-reviews-widget\/webnode\/","url":"https:\/\/elfsight.com\/pt\/g2-crowd-reviews-widget\/webnode\/","name":"Incorporar G2 Crowd Reviews ao site Webnode (gr\u00e1tis e r\u00e1pido)","isPartOf":{"@id":"https:\/\/elfsight.com\/pt\/#website"},"datePublished":"2024-05-03T06:38:14+00:00","dateModified":"2024-11-13T11:48:45+00:00","description":"Esta \u00e9 a possibilidade de construir G2 Crowd Reviews e incorpor\u00e1-lo ao seu site Webnode. Aproveite o atendimento gratuito ao cliente e outras vantagens da Elfsight.","breadcrumb":{"@id":"https:\/\/elfsight.com\/pt\/g2-crowd-reviews-widget\/webnode\/#breadcrumb"},"inLanguage":"pt-PT","potentialAction":[{"@type":"ReadAction","target":["https:\/\/elfsight.com\/pt\/g2-crowd-reviews-widget\/webnode\/"]}]},{"@type":"BreadcrumbList","@id":"https:\/\/elfsight.com\/pt\/g2-crowd-reviews-widget\/webnode\/#breadcrumb","itemListElement":[{"@type":"ListItem","position":1,"name":"Home","item":"https:\/\/elfsight.com\/pt\/"},{"@type":"ListItem","position":2,"name":"G2 Crowd Reviews","item":"https:\/\/elfsight.com\/pt\/g2-crowd-reviews-widget\/"},{"@type":"ListItem","position":3,"name":"G2 Crowd Reviews &#8211; Webnode"}]},{"@type":"WebSite","@id":"https:\/\/elfsight.com\/pt\/#website","url":"https:\/\/elfsight.com\/pt\/","name":"Elfsight PT","description":"Just another Elfsight Sites site","potentialAction":[{"@type":"SearchAction","target":{"@type":"EntryPoint","urlTemplate":"https:\/\/elfsight.com\/pt\/?s={search_term_string}"},"query-input":{"@type":"PropertyValueSpecification","valueRequired":true,"valueName":"search_term_string"}}],"inLanguage":"pt-PT"}]}},"meta_box":{"industry":"","seo_heading":"","heading":"","description":"","cta_heading":"","cta_description":"","application":"1636","h1":"Cr\u00edticas da multid\u00e3o G2 para Webnode","h1_caption":"Apenas os depoimentos dos usu\u00e1rios certos do G2 em seu site","application_category":[],"applications_title":"","applications_request_title":"","applications_request_button_text":"","hero_text":"","hero_video":"","hero_video_schema_markup":"","selling_points_title":"","selling_points_caption":"","selling_points":[],"selling_points_cta_text":"","features_title":"","features":"","ed_cta_examples_text":"","ed_cta_examples_hidden":"","ed_cta_demo_text":"","ed_cta_demo_hidden":"","why_caption":"","why_editor_title":"","why_editor_text":"","why_team_title":"","why_team_text":"","why_service_title":"","why_service_text":"","template_catalog_visible":"","template_catalog_title":"","template_catalog_text":"","template_catalog_categories_visible":"","demo_title":"Crie seu widget G2 Crowd Reviews","demo_caption":"Configure seu G2 Crowd Reviews e adicione-o ao seu site Webnode gratuitamente!","default_faq_hidden":"","app_template_category":[],"platform":"4917","template_public_id":"","codecanyon_url":"","codecanyon_item_id":"","codecanyon_price":"","pricing_caption":"","pricing_elfsight_apps_hide_column":"","pricing_elfsight_apps_url":"","pricing_codecanyon_price_caption":"","integration_category":[],"integration_request_title":"","integration_request_cta":"","integration_platform":"","integrations":[],"platform_category":[],"video_schema_markup":"","price":"a partir de US$ 0\/m\u00eas","trial":"","benefits":[{"text":"Assist\u00eancia de instala\u00e7\u00e3o gratuita"},{"text":"Suporte premium"},{"text":"Garantia de reembolso de 14 dias"},{"text":"Desenvolvimento cont\u00ednuo"}],"button_url":"#demo","button_target_blank":"","button_nofollow":"","attributes":[{"name":"Instala\u00e7\u00f5es","content":"10,000 - 100,000"},{"name":"Responsivo","content":"Sim"},{"name":"Navegadores compat\u00edveis","content":"Firefox, Safari, Opera, Chrome, Edge"}],"tags":[],"tags_disable_links":"","hide_more_platforms":"","video_object":"","demo_hide_cta":"","demo_hide_cloud_options":"","pricing_title":"","pricing":[{"pricing_icon":"platform","pricing_title":"Elfsight Apps","pricing_title_caption":"Software multiplataforma","pricing_price":"a partir de US$ 0\/m\u00eas","pricing_price_caption":"comece com plano gratuito","pricing_benefits":[{"text":"Sites ilimitados"},{"text":"Suporte dedicado e bem documentado"},{"text":"Suporte dedicado e bem documentado"},{"text":"\u00d3timo neg\u00f3cio para v\u00e1rios aplicativos"}],"pricing_button_text":"Adicionar ao site","pricing_button_url":"#demo"}],"related_apps_title":"","related_apps_hidden":"","author":"","image":[],"title":"","job":"","social_networks":[]},"_links":{"self":[{"href":"https:\/\/elfsight.com\/pt\/wp-json\/wp\/v2\/pages\/11137","targetHints":{"allow":["GET"]}}],"collection":[{"href":"https:\/\/elfsight.com\/pt\/wp-json\/wp\/v2\/pages"}],"about":[{"href":"https:\/\/elfsight.com\/pt\/wp-json\/wp\/v2\/types\/page"}],"author":[{"embeddable":true,"href":"https:\/\/elfsight.com\/pt\/wp-json\/wp\/v2\/users\/9"}],"replies":[{"embeddable":true,"href":"https:\/\/elfsight.com\/pt\/wp-json\/wp\/v2\/comments?post=11137"}],"version-history":[{"count":1,"href":"https:\/\/elfsight.com\/pt\/wp-json\/wp\/v2\/pages\/11137\/revisions"}],"predecessor-version":[{"id":11141,"href":"https:\/\/elfsight.com\/pt\/wp-json\/wp\/v2\/pages\/11137\/revisions\/11141"}],"up":[{"embeddable":true,"href":"https:\/\/elfsight.com\/pt\/wp-json\/wp\/v2\/pages\/1637"}],"wp:attachment":[{"href":"https:\/\/elfsight.com\/pt\/wp-json\/wp\/v2\/media?parent=11137"}],"curies":[{"name":"wp","href":"https:\/\/api.w.org\/{rel}","templated":true}]}}