{"id":11122,"date":"2024-05-03T06:38:07","date_gmt":"2024-05-03T06:38:07","guid":{"rendered":"https:\/\/elfsight.com\/pt\/?page_id=11122"},"modified":"2024-11-13T11:22:02","modified_gmt":"2024-11-13T11:22:02","slug":"google-sites","status":"publish","type":"page","link":"https:\/\/elfsight.com\/pt\/g2-crowd-reviews-widget\/google-sites\/","title":{"rendered":"G2 Crowd Reviews &#8211; Google Sites"},"content":{"rendered":"<div class=\"application-platform-content-item-description application-platform-content-item\" id=\"description\" data-nav-section=\"description\"> <h2>Incorporar G2 Crowd Reviews no Google Sites com o widget Elfsight<\/h2> <p>Elfsight G2 Crowd Reviews para Google Sites \u00e9 o m\u00e9todo mais pr\u00e1tico para manter a reputa\u00e7\u00e3o da sua marca exibindo avalia\u00e7\u00f5es de clientes reais sobre suas ofertas. Escolha apenas as avalia\u00e7\u00f5es positivas ou mais atraentes e organize-as da maneira que precisar. Colete provas sociais demonstrando ao seu p\u00fablico que seu n\u00edvel de credibilidade \u00e9 alto. Inspire as pessoas a postar novos coment\u00e1rios sobre sua empresa e incentive a comunica\u00e7\u00e3o com os clientes!<\/p> <p><b>Adicione as melhores avalia\u00e7\u00f5es em qualquer p\u00e1gina do seu site!<\/b><\/p> <\/div> <div class=\"application-platform-content-item-recursos application-platform-content-item\" id=\"recursos\" data-nav-section=\"recursos\"> <h2>Estes s\u00e3o apenas alguns dos muitos recursos do widget: <\/h2> <ul> <li>3 filtros dispon\u00edveis: por tipo, exclus\u00e3o por e quantidade de coment\u00e1rios a serem exibidos; <\/li><li>Quatro layouts dispon\u00edveis: Lista, Grade, Alvenaria e Slider; <\/li><li>Cabe\u00e7alho de widget adapt\u00e1vel; <\/li><li>O bot\u00e3o para solicitar avalia\u00e7\u00e3o leva os clientes \u00e0 p\u00e1gina do G2 Crowd; <\/li><li>Seis elementos altern\u00e1veis \u200b\u200bda interface: nome do autor e imagem, texto da revis\u00e3o, data, sinal de multid\u00e3o G2 e classifica\u00e7\u00e3o por estrelas; <\/li><li>Dois cen\u00e1rios poss\u00edveis de recusa de solicita\u00e7\u00e3o de revis\u00e3o: exibir sua mensagem ou remover o bot\u00e3o. <\/li><\/ul><p><a href=\"#demo\">Voc\u00ea pode testar todos os recursos do widget na demonstra\u00e7\u00e3o nesta p\u00e1gina<\/a><\/p> <\/div> <div class=\"application-platform-content-item-instala\u00e7\u00e3o application-platform-content-item\" id=\"instala\u00e7\u00e3o\" data-nav-section=\"instala\u00e7\u00e3o\"> <h2>Como incorporo o G2 Crowd Reviews na minha p\u00e1gina do Google Sites? <\/h2> <p>Basta seguir as diretrizes abaixo para integrar o plugin. <\/p> <ol><li><b>Use nossa demonstra\u00e7\u00e3o gratuita e comece a criar seu plugin personalizado. <\/b><br> Escolha o layout adequado e as caracter\u00edsticas funcionais da ferramenta e aplique as modifica\u00e7\u00f5es. <\/li> <li><b>Receba o seu c\u00f3digo individual que aparece no formul\u00e1rio especial nas aplica\u00e7\u00f5es Elfsight. <\/b><br> Logo ap\u00f3s a conclus\u00e3o da configura\u00e7\u00e3o da sua ferramenta pessoal, copie o c\u00f3digo exclusivo na janela que surgir e salve-o para posterior necessidade. <\/li> <li><b>Inicie a aplica\u00e7\u00e3o da ferramenta em sua p\u00e1gina do Google Sites. <\/b><br> <\/li><li>Insira o c\u00f3digo copiado anteriormente em sua p\u00e1gina da web e salve as edi\u00e7\u00f5es. <\/li> <li><b>Pronto! A integra\u00e7\u00e3o foi realizada com sucesso. <\/b><br> Visite seu site para ver em a\u00e7\u00e3o o funcionamento do plugin. <\/li><\/ol> [dica]<b>Devido \u00e0s peculiaridades do funcionamento do Google Sites, o widget pode ter uma apar\u00eancia diferente da demonstra\u00e7\u00e3o on-line. Pedimos desculpas por qualquer inconveniente causado.<\/b>[\/tip]<p>Supondo que voc\u00ea enfrente alguma complica\u00e7\u00e3o, n\u00e3o hesite em entrar em contato com nossa equipe de suporte. Nosso pessoal est\u00e1 ansioso para ajud\u00e1-lo com todas as d\u00favidas que voc\u00ea possa ter sobre a ferramenta. <\/p><div class=\"faq\" data-component=\"FAQ\"> <div class=\"faq-item\">\r\n\t\t\t\t\t<div class=\"faq-item-question\">\r\n\t\t\t\t\t\t<h3 class=\"faq-item-question-text\">Como posso adicionar G2 Reviews ao meu site do Google Sites sem conhecimentos de codifica\u00e7\u00e3o?<\/h3>\r\n\r\n\t\t\t\t\t\t<div class=\"faq-item-question-icon\"><\/div>\r\n\t\t\t\t\t<\/div>\r\n\r\n\t\t\t\t\t<div class=\"faq-item-answer\">\r\n\t\t\t\t\t\t<div class=\"faq-item-answer-text\"> <p>A Elfsight fornece uma solu\u00e7\u00e3o SaaS que permite criar voc\u00ea mesmo um widget G2 Reviews. Veja como \u00e9 f\u00e1cil o processo \u00e9: Trabalhe diretamente no Editor on-line para criar um widget G2 Reviews que voc\u00ea gostaria de ver em seu site do Google Sites. Escolha um dos modelos predefinidos e ajuste as configura\u00e7\u00f5es do G2 Reviews, adicione seu conte\u00fado, altere o layout e as cores sem habilidades de codifica\u00e7\u00e3o. Salve o G2 Reviews e copie seu c\u00f3digo de instala\u00e7\u00e3o, que voc\u00ea pode adicionar facilmente ao seu site do Google Sites sem a necessidade de comprar uma vers\u00e3o paga. Com nosso editor intuitivo, qualquer usu\u00e1rio da Internet pode criar um widget G2 Reviews on-line e incorpor\u00e1-lo facilmente ao seu site do Google Sites. N\u00e3o h\u00e1 necessidade de pagar ou inserir as credenciais do seu cart\u00e3o para acessar o servi\u00e7o. Se voc\u00ea enfrentar qualquer problema em qualquer etapa, n\u00e3o hesite em entrar em contato com nossa equipe de suporte t\u00e9cnico.<\/p> <\/div>\r\n\t\t\t\t\t<\/div>\r\n\t\t\t\t<\/div> <\/div> <\/div>","protected":false},"excerpt":{"rendered":"","protected":false},"author":9,"featured_media":0,"parent":1637,"menu_order":0,"comment_status":"closed","ping_status":"closed","template":"templates\/template-application-platform.php","meta":{"publish_to_discourse":"","publish_post_category":"","wpdc_auto_publish_overridden":"","wpdc_topic_tags":"","wpdc_pin_topic":"","wpdc_pin_until":"","discourse_post_id":"","discourse_permalink":"","wpdc_publishing_response":"","wpdc_publishing_error":"","footnotes":""},"class_list":["post-11122","page","type-page","status-publish","hentry"],"yoast_head":"<!-- This site is optimized with the Yoast SEO plugin v25.3.1 - https:\/\/yoast.com\/wordpress\/plugins\/seo\/ -->\n<title>G2 Crowd Reviews - Adicionar widget de avalia\u00e7\u00f5es ao Google Sites (2025)<\/title>\n<meta name=\"description\" content=\"Adicione um widget G2 Crowd Reviews responsivo ao seu site do Google Sites e ganhe total confian\u00e7a. Use a demonstra\u00e7\u00e3o f\u00e1cil de usar da Elfsight para criar sua ferramenta exclusiva.\" \/>\n<meta name=\"robots\" content=\"index, follow, max-snippet:-1, max-image-preview:large, max-video-preview:-1\" \/>\n<link rel=\"canonical\" href=\"https:\/\/elfsight.com\/pt\/g2-crowd-reviews-widget\/google-sites\/\" \/>\n<meta property=\"og:locale\" content=\"pt_PT\" \/>\n<meta property=\"og:type\" content=\"article\" \/>\n<meta property=\"og:title\" content=\"G2 Crowd Reviews - Adicionar widget de avalia\u00e7\u00f5es ao Google Sites (2025)\" \/>\n<meta property=\"og:description\" content=\"Adicione um widget G2 Crowd Reviews responsivo ao seu site do Google Sites e ganhe total confian\u00e7a. Use a demonstra\u00e7\u00e3o f\u00e1cil de usar da Elfsight para criar sua ferramenta exclusiva.\" \/>\n<meta property=\"og:url\" content=\"https:\/\/elfsight.com\/pt\/g2-crowd-reviews-widget\/google-sites\/\" \/>\n<meta property=\"og:site_name\" content=\"Elfsight PT\" \/>\n<meta property=\"article:modified_time\" content=\"2024-11-13T11:22:02+00:00\" \/>\n<meta name=\"twitter:card\" content=\"summary_large_image\" \/>\n<meta name=\"twitter:label1\" content=\"Tempo estimado de leitura\" \/>\n\t<meta name=\"twitter:data1\" content=\"3 minutos\" \/>\n<!-- \/ Yoast SEO plugin. -->","yoast_head_json":{"title":"G2 Crowd Reviews - Adicionar widget de avalia\u00e7\u00f5es ao Google Sites (2025)","description":"Adicione um widget G2 Crowd Reviews responsivo ao seu site do Google Sites e ganhe total confian\u00e7a. Use a demonstra\u00e7\u00e3o f\u00e1cil de usar da Elfsight para criar sua ferramenta exclusiva.","robots":{"index":"index","follow":"follow","max-snippet":"max-snippet:-1","max-image-preview":"max-image-preview:large","max-video-preview":"max-video-preview:-1"},"canonical":"https:\/\/elfsight.com\/pt\/g2-crowd-reviews-widget\/google-sites\/","og_locale":"pt_PT","og_type":"article","og_title":"G2 Crowd Reviews - Adicionar widget de avalia\u00e7\u00f5es ao Google Sites (2025)","og_description":"Adicione um widget G2 Crowd Reviews responsivo ao seu site do Google Sites e ganhe total confian\u00e7a. Use a demonstra\u00e7\u00e3o f\u00e1cil de usar da Elfsight para criar sua ferramenta exclusiva.","og_url":"https:\/\/elfsight.com\/pt\/g2-crowd-reviews-widget\/google-sites\/","og_site_name":"Elfsight PT","article_modified_time":"2024-11-13T11:22:02+00:00","twitter_card":"summary_large_image","twitter_misc":{"Tempo estimado de leitura":"3 minutos"},"schema":{"@context":"https:\/\/schema.org","@graph":[{"@type":"WebPage","@id":"https:\/\/elfsight.com\/pt\/g2-crowd-reviews-widget\/google-sites\/","url":"https:\/\/elfsight.com\/pt\/g2-crowd-reviews-widget\/google-sites\/","name":"G2 Crowd Reviews - Adicionar widget de avalia\u00e7\u00f5es ao Google Sites (2025)","isPartOf":{"@id":"https:\/\/elfsight.com\/pt\/#website"},"datePublished":"2024-05-03T06:38:07+00:00","dateModified":"2024-11-13T11:22:02+00:00","description":"Adicione um widget G2 Crowd Reviews responsivo ao seu site do Google Sites e ganhe total confian\u00e7a. Use a demonstra\u00e7\u00e3o f\u00e1cil de usar da Elfsight para criar sua ferramenta exclusiva.","breadcrumb":{"@id":"https:\/\/elfsight.com\/pt\/g2-crowd-reviews-widget\/google-sites\/#breadcrumb"},"inLanguage":"pt-PT","potentialAction":[{"@type":"ReadAction","target":["https:\/\/elfsight.com\/pt\/g2-crowd-reviews-widget\/google-sites\/"]}]},{"@type":"BreadcrumbList","@id":"https:\/\/elfsight.com\/pt\/g2-crowd-reviews-widget\/google-sites\/#breadcrumb","itemListElement":[{"@type":"ListItem","position":1,"name":"Home","item":"https:\/\/elfsight.com\/pt\/"},{"@type":"ListItem","position":2,"name":"G2 Crowd Reviews","item":"https:\/\/elfsight.com\/pt\/g2-crowd-reviews-widget\/"},{"@type":"ListItem","position":3,"name":"G2 Crowd Reviews &#8211; Google Sites"}]},{"@type":"WebSite","@id":"https:\/\/elfsight.com\/pt\/#website","url":"https:\/\/elfsight.com\/pt\/","name":"Elfsight PT","description":"Just another Elfsight Sites site","potentialAction":[{"@type":"SearchAction","target":{"@type":"EntryPoint","urlTemplate":"https:\/\/elfsight.com\/pt\/?s={search_term_string}"},"query-input":{"@type":"PropertyValueSpecification","valueRequired":true,"valueName":"search_term_string"}}],"inLanguage":"pt-PT"}]}},"meta_box":{"industry":"","seo_heading":"","heading":"","description":"","cta_heading":"","cta_description":"","application":"1636","h1":"Widget de avalia\u00e7\u00f5es coletivas do Google Sites G2","h1_caption":"As avalia\u00e7\u00f5es dos usu\u00e1rios mais atraentes do G2 Crowd em seu site","application_category":[],"applications_title":"","applications_request_title":"","applications_request_button_text":"","hero_text":"","hero_video":"","hero_video_schema_markup":"","selling_points_title":"","selling_points_caption":"","selling_points":[],"selling_points_cta_text":"","features_title":"","features":"","ed_cta_examples_text":"","ed_cta_examples_hidden":"","ed_cta_demo_text":"","ed_cta_demo_hidden":"","why_caption":"","why_editor_title":"","why_editor_text":"","why_team_title":"","why_team_text":"","why_service_title":"","why_service_text":"","template_catalog_visible":"","template_catalog_title":"","template_catalog_text":"","template_catalog_categories_visible":"","demo_title":"Crie seu widget G2 Crowd Reviews","demo_caption":"Configure seu G2 Crowd Reviews e adicione-o ao seu site do Google Sites gratuitamente!","default_faq_hidden":"","app_template_category":[],"platform":"112","template_public_id":"","codecanyon_url":"","codecanyon_item_id":"","codecanyon_price":"","pricing_caption":"","pricing_elfsight_apps_hide_column":"","pricing_elfsight_apps_url":"","pricing_codecanyon_price_caption":"","integration_category":[],"integration_request_title":"","integration_request_cta":"","integration_platform":"","integrations":[],"platform_category":[],"video_schema_markup":"","price":"a partir de US$ 0\/m\u00eas","trial":"","benefits":[{"text":"Servi\u00e7o de instala\u00e7\u00e3o gratuito"},{"text":"Suporte ao cliente experiente"},{"text":"Garantia de devolu\u00e7\u00e3o do dinheiro em 14 dias"},{"text":"Melhorias cont\u00ednuas"}],"button_url":"#demo","button_target_blank":"","button_nofollow":"","attributes":[{"name":"Instala\u00e7\u00f5es","content":"10,000 - 100,000"},{"name":"Capacidade de resposta","content":"Funciona e fica perfeitamente em celulares"},{"name":"Navegadores compat\u00edveis","content":"Safari, Firefox, Chrome, Opera, Edge"}],"tags":[],"tags_disable_links":"","hide_more_platforms":"","video_object":"","demo_hide_cta":"","demo_hide_cloud_options":"","pricing_title":"","pricing":[{"pricing_icon":"platform","pricing_title":"Elfsight Apps","pricing_title_caption":"Solu\u00e7\u00e3o multiplataforma que se adapta a qualquer site","pricing_price":"a partir de US$ 0\/m\u00eas","pricing_price_caption":"comece com plano gratuito","pricing_benefits":[{"text":"N\u00famero ilimitado de sites"},{"text":"Suporte gratuito e pontual"},{"text":"Suporte gratuito e pontual"},{"text":"Pre\u00e7o especial para v\u00e1rios aplicativos"}],"pricing_button_text":"Adicionar ao site","pricing_button_url":"#demo"}],"related_apps_title":"","related_apps_hidden":"","author":"","image":[],"title":"","job":"","social_networks":[]},"_links":{"self":[{"href":"https:\/\/elfsight.com\/pt\/wp-json\/wp\/v2\/pages\/11122","targetHints":{"allow":["GET"]}}],"collection":[{"href":"https:\/\/elfsight.com\/pt\/wp-json\/wp\/v2\/pages"}],"about":[{"href":"https:\/\/elfsight.com\/pt\/wp-json\/wp\/v2\/types\/page"}],"author":[{"embeddable":true,"href":"https:\/\/elfsight.com\/pt\/wp-json\/wp\/v2\/users\/9"}],"replies":[{"embeddable":true,"href":"https:\/\/elfsight.com\/pt\/wp-json\/wp\/v2\/comments?post=11122"}],"version-history":[{"count":1,"href":"https:\/\/elfsight.com\/pt\/wp-json\/wp\/v2\/pages\/11122\/revisions"}],"predecessor-version":[{"id":11126,"href":"https:\/\/elfsight.com\/pt\/wp-json\/wp\/v2\/pages\/11122\/revisions\/11126"}],"up":[{"embeddable":true,"href":"https:\/\/elfsight.com\/pt\/wp-json\/wp\/v2\/pages\/1637"}],"wp:attachment":[{"href":"https:\/\/elfsight.com\/pt\/wp-json\/wp\/v2\/media?parent=11122"}],"curies":[{"name":"wp","href":"https:\/\/api.w.org\/{rel}","templated":true}]}}