{"id":11116,"date":"2024-05-03T06:38:05","date_gmt":"2024-05-03T06:38:05","guid":{"rendered":"https:\/\/elfsight.com\/pt\/?page_id=11116"},"modified":"2024-11-12T15:30:49","modified_gmt":"2024-11-12T15:30:49","slug":"prestashop","status":"publish","type":"page","link":"https:\/\/elfsight.com\/pt\/g2-crowd-reviews-widget\/prestashop\/","title":{"rendered":"G2 Crowd Reviews &#8211; PrestaShop"},"content":{"rendered":"<div class=\"application-platform-content-item-description application-platform-content-item\" id=\"description\" data-nav-section=\"description\"> <h2>Descri\u00e7\u00e3o<\/h2> <p>Elfsight G2 Crowd Reviews \u00e9 uma ferramenta \u00fatil que lhe d\u00e1 a possibilidade de revelar as avalia\u00e7\u00f5es dos seus produtos diretamente no seu site de todos os sites populares de avalia\u00e7\u00e3o de neg\u00f3cios. Com nossa ferramenta, voc\u00ea conseguir\u00e1 aplicar filtros para ocultar coment\u00e1rios indesej\u00e1veis, exibir sua avalia\u00e7\u00e3o por estrelas e quantidade de sua p\u00e1gina em qualquer site de avalia\u00e7\u00f5es, adicionar informa\u00e7\u00f5es sobre os autores das avalia\u00e7\u00f5es e adicionar um bot\u00e3o CTA que motivar\u00e1 os usu\u00e1rios a postar seus pensamentos. O aplicativo Elfsight G2 Crowd Reviews ir\u00e1 ajud\u00e1-lo a revelar sua excelente prova social no site e come\u00e7ar a ter mais novas vendas. <\/p><p><b>Obtenha o melhor do G2 Crowd Reviews para enfrentar os desafios do seu neg\u00f3cio com menos esfor\u00e7o! <\/b><\/p> <\/div> <div class=\"application-platform-content-item-features application-platform-content-item\" id=\"features\" data-nav-section=\"features\"> <h2>Estes s\u00e3o apenas alguns dos muitos recursos do widget: <\/h2> <ul><li>Integrar avalia\u00e7\u00f5es de clientes do G2 Crowd <\/li><li>3 tipos de filtros: exclus\u00e3o por, quantidade de avalia\u00e7\u00f5es e por tipo<\/li><li>Quatro tipos de layout: grade, alvenaria, lista e controle deslizante<\/li><li>setas e arrastamentos tipos de navega\u00e7\u00e3o no layout do controle deslizante<\/li><li>Definir a velocidade do slide e a velocidade de reprodu\u00e7\u00e3o autom\u00e1tica<\/li><li>Selecionar o tipo de pagina\u00e7\u00e3o no layout do controle deslizante<\/li><li>Bot\u00e3o de call to action para receber avalia\u00e7\u00f5es de novos usu\u00e1rios P\u00e1gina G2 Crowd<\/li><li>Tr\u00eas modelos de avalia\u00e7\u00e3o: Cl\u00e1ssico, Bolha, Spotlight<\/li><li>6 elementos flex\u00edveis das avalia\u00e7\u00f5es: \u00edcone e foto do G2 Crowd, recomenda\u00e7\u00e3o, data, nome do autor e classifica\u00e7\u00e3o por estrelas<\/li><li>Uma op\u00e7\u00e3o para alterar o tamanho da fonte do texto de revis\u00e3o<\/li><\/ul><p><a href=\"#demo\">Experimente esta demonstra\u00e7\u00e3o para entender a funcionalidade do widget<\/a><\/p> <\/div> <div class=\"application-platform-content-item-installation application-platform-content-item\" id=\"installation\" data-nav-section=\"installation\"> <h2>Como incorporo G2 Reviews em meu site PrestaShop? <\/h2> <p>Basta seguir algumas etapas descritas abaixo para incorporar o complemento. <\/p> <ol><li><b>Abra nosso editor gratuito e comece a criar seu complemento personalizado. <\/b><br> Determine a interface e a funcionalidade preferidas do widget e aplique as corre\u00e7\u00f5es. <\/li> <li><b>Adquira o c\u00f3digo exclusivo que aparece na caixa dos aplicativos Elfsight. <\/b><br> Assim que a gera\u00e7\u00e3o do seu widget for conclu\u00edda, copie o c\u00f3digo pessoal da janela que aparece e guarde-o para uso posterior. <\/li> <li><b>Comece a usar o complemento no site PrestaShop. <\/b><br> Adicione o c\u00f3digo salvo anteriormente em sua p\u00e1gina inicial e salve as modifica\u00e7\u00f5es. <\/li> <li><b>A instala\u00e7\u00e3o est\u00e1 totalmente conclu\u00edda. <\/b><br> Visite seu site para ver como a ferramenta funciona. <\/li><\/ol> <p>Supondo que voc\u00ea enfrente algum obst\u00e1culo, n\u00e3o tenha medo de escrever para nossa equipe de atendimento ao cliente. Nossos consultores ter\u00e3o prazer em resolver todas as d\u00favidas que voc\u00ea possa ter com o widget. <\/p> <div class=\"faq\" data-component=\"FAQ\"> <div class=\"faq-item\">\r\n\t\t\t\t\t<div class=\"faq-item-question\">\r\n\t\t\t\t\t\t<h3 class=\"faq-item-question-text\">Como adicionar G2 Reviews ao meu site PrestaShop sem habilidades de codifica\u00e7\u00e3o?<\/h3>\r\n\r\n\t\t\t\t\t\t<div class=\"faq-item-question-icon\"><\/div>\r\n\t\t\t\t\t<\/div>\r\n\r\n\t\t\t\t\t<div class=\"faq-item-answer\">\r\n\t\t\t\t\t\t<div class=\"faq-item-answer-text\"> <p>A Elfsight fornece uma solu\u00e7\u00e3o SaaS que permite que voc\u00ea mesmo crie um widget G2 Reviews, veja como \u00e9 f\u00e1cil o processo \u00e9: Trabalhe diretamente no Editor on-line para criar um widget G2 Reviews que voc\u00ea gostaria de ver no seu site PrestaShop. Escolha um dos modelos predefinidos e ajuste as configura\u00e7\u00f5es do G2 Reviews, adicione seu conte\u00fado, altere o layout e as cores sem habilidades de codifica\u00e7\u00e3o. Salve o G2 Reviews e copie seu c\u00f3digo de instala\u00e7\u00e3o, que voc\u00ea pode incorporar facilmente no seu site PrestaShop sem a necessidade de comprar uma assinatura paga. Com nosso editor intuitivo, qualquer usu\u00e1rio da Internet pode criar um widget G2 Reviews online e incorpor\u00e1-lo facilmente ao seu site PrestaShop. N\u00e3o h\u00e1 necessidade de pagar ou inserir as credenciais do seu cart\u00e3o para acessar o servi\u00e7o. Se voc\u00ea enfrentar qualquer problema em qualquer etapa, n\u00e3o hesite em entrar em contato com nossa equipe de suporte t\u00e9cnico.<\/p> <\/div>\r\n\t\t\t\t\t<\/div>\r\n\t\t\t\t<\/div> <\/div> <\/div>","protected":false},"excerpt":{"rendered":"","protected":false},"author":9,"featured_media":0,"parent":1637,"menu_order":0,"comment_status":"closed","ping_status":"closed","template":"templates\/template-application-platform.php","meta":{"publish_to_discourse":"","publish_post_category":"","wpdc_auto_publish_overridden":"","wpdc_topic_tags":"","wpdc_pin_topic":"","wpdc_pin_until":"","discourse_post_id":"","discourse_permalink":"","wpdc_publishing_response":"","wpdc_publishing_error":"","footnotes":""},"class_list":["post-11116","page","type-page","status-publish","hentry"],"yoast_head":"<!-- This site is optimized with the Yoast SEO plugin v25.3.1 - https:\/\/yoast.com\/wordpress\/plugins\/seo\/ -->\n<title>Incorporar G2 Crowd Reviews ao site PrestaShop (gr\u00e1tis e r\u00e1pido)<\/title>\n<meta name=\"description\" content=\"Com a Elfsight, crie o seu complemento G2 Crowd Reviews e insira-o no seu site PrestaShop. Temos atendimento gratuito ao cliente e mais b\u00f4nus.\" \/>\n<meta name=\"robots\" content=\"index, follow, max-snippet:-1, max-image-preview:large, max-video-preview:-1\" \/>\n<link rel=\"canonical\" href=\"https:\/\/elfsight.com\/pt\/g2-crowd-reviews-widget\/prestashop\/\" \/>\n<meta property=\"og:locale\" content=\"pt_PT\" \/>\n<meta property=\"og:type\" content=\"article\" \/>\n<meta property=\"og:title\" content=\"Incorporar G2 Crowd Reviews ao site PrestaShop (gr\u00e1tis e r\u00e1pido)\" \/>\n<meta property=\"og:description\" content=\"Com a Elfsight, crie o seu complemento G2 Crowd Reviews e insira-o no seu site PrestaShop. Temos atendimento gratuito ao cliente e mais b\u00f4nus.\" \/>\n<meta property=\"og:url\" content=\"https:\/\/elfsight.com\/pt\/g2-crowd-reviews-widget\/prestashop\/\" \/>\n<meta property=\"og:site_name\" content=\"Elfsight PT\" \/>\n<meta property=\"article:modified_time\" content=\"2024-11-12T15:30:49+00:00\" \/>\n<meta name=\"twitter:card\" content=\"summary_large_image\" \/>\n<meta name=\"twitter:label1\" content=\"Tempo estimado de leitura\" \/>\n\t<meta name=\"twitter:data1\" content=\"3 minutos\" \/>\n<!-- \/ Yoast SEO plugin. -->","yoast_head_json":{"title":"Incorporar G2 Crowd Reviews ao site PrestaShop (gr\u00e1tis e r\u00e1pido)","description":"Com a Elfsight, crie o seu complemento G2 Crowd Reviews e insira-o no seu site PrestaShop. Temos atendimento gratuito ao cliente e mais b\u00f4nus.","robots":{"index":"index","follow":"follow","max-snippet":"max-snippet:-1","max-image-preview":"max-image-preview:large","max-video-preview":"max-video-preview:-1"},"canonical":"https:\/\/elfsight.com\/pt\/g2-crowd-reviews-widget\/prestashop\/","og_locale":"pt_PT","og_type":"article","og_title":"Incorporar G2 Crowd Reviews ao site PrestaShop (gr\u00e1tis e r\u00e1pido)","og_description":"Com a Elfsight, crie o seu complemento G2 Crowd Reviews e insira-o no seu site PrestaShop. Temos atendimento gratuito ao cliente e mais b\u00f4nus.","og_url":"https:\/\/elfsight.com\/pt\/g2-crowd-reviews-widget\/prestashop\/","og_site_name":"Elfsight PT","article_modified_time":"2024-11-12T15:30:49+00:00","twitter_card":"summary_large_image","twitter_misc":{"Tempo estimado de leitura":"3 minutos"},"schema":{"@context":"https:\/\/schema.org","@graph":[{"@type":"WebPage","@id":"https:\/\/elfsight.com\/pt\/g2-crowd-reviews-widget\/prestashop\/","url":"https:\/\/elfsight.com\/pt\/g2-crowd-reviews-widget\/prestashop\/","name":"Incorporar G2 Crowd Reviews ao site PrestaShop (gr\u00e1tis e r\u00e1pido)","isPartOf":{"@id":"https:\/\/elfsight.com\/pt\/#website"},"datePublished":"2024-05-03T06:38:05+00:00","dateModified":"2024-11-12T15:30:49+00:00","description":"Com a Elfsight, crie o seu complemento G2 Crowd Reviews e insira-o no seu site PrestaShop. Temos atendimento gratuito ao cliente e mais b\u00f4nus.","breadcrumb":{"@id":"https:\/\/elfsight.com\/pt\/g2-crowd-reviews-widget\/prestashop\/#breadcrumb"},"inLanguage":"pt-PT","potentialAction":[{"@type":"ReadAction","target":["https:\/\/elfsight.com\/pt\/g2-crowd-reviews-widget\/prestashop\/"]}]},{"@type":"BreadcrumbList","@id":"https:\/\/elfsight.com\/pt\/g2-crowd-reviews-widget\/prestashop\/#breadcrumb","itemListElement":[{"@type":"ListItem","position":1,"name":"Home","item":"https:\/\/elfsight.com\/pt\/"},{"@type":"ListItem","position":2,"name":"G2 Crowd Reviews","item":"https:\/\/elfsight.com\/pt\/g2-crowd-reviews-widget\/"},{"@type":"ListItem","position":3,"name":"G2 Crowd Reviews &#8211; PrestaShop"}]},{"@type":"WebSite","@id":"https:\/\/elfsight.com\/pt\/#website","url":"https:\/\/elfsight.com\/pt\/","name":"Elfsight PT","description":"Just another Elfsight Sites site","potentialAction":[{"@type":"SearchAction","target":{"@type":"EntryPoint","urlTemplate":"https:\/\/elfsight.com\/pt\/?s={search_term_string}"},"query-input":{"@type":"PropertyValueSpecification","valueRequired":true,"valueName":"search_term_string"}}],"inLanguage":"pt-PT"}]}},"meta_box":{"industry":"","seo_heading":"","heading":"","description":"","cta_heading":"","cta_description":"","application":"1636","h1":"Cr\u00edticas do G2 Crowd para PrestaShop","h1_caption":"Mostrando as melhores opini\u00f5es dos clientes do G2 em seu site","application_category":[],"applications_title":"","applications_request_title":"","applications_request_button_text":"","hero_text":"","hero_video":"","hero_video_schema_markup":"","selling_points_title":"","selling_points_caption":"","selling_points":[],"selling_points_cta_text":"","features_title":"","features":"","ed_cta_examples_text":"","ed_cta_examples_hidden":"","ed_cta_demo_text":"","ed_cta_demo_hidden":"","why_caption":"","why_editor_title":"","why_editor_text":"","why_team_title":"","why_team_text":"","why_service_title":"","why_service_text":"","template_catalog_visible":"","template_catalog_title":"","template_catalog_text":"","template_catalog_categories_visible":"","demo_title":"Crie seu complemento G2 Crowd Reviews","demo_caption":"Configure seu G2 Crowd Reviews e adicione-o ao seu site PrestaShop gratuitamente!","default_faq_hidden":"","app_template_category":[],"platform":"5343","template_public_id":"","codecanyon_url":"","codecanyon_item_id":"","codecanyon_price":"","pricing_caption":"","pricing_elfsight_apps_hide_column":"","pricing_elfsight_apps_url":"","pricing_codecanyon_price_caption":"","integration_category":[],"integration_request_title":"","integration_request_cta":"","integration_platform":"","integrations":[],"platform_category":[],"video_schema_markup":"","price":"a partir de US$ 0\/m\u00eas","trial":"","benefits":[{"text":"Ajuda de instala\u00e7\u00e3o gratuita"},{"text":"Atendimento ao cliente eficaz"},{"text":"Garantia de devolu\u00e7\u00e3o do dinheiro em 14 dias"},{"text":"Melhorias gratuitas regulares"}],"button_url":"#demo","button_target_blank":"","button_nofollow":"","attributes":[{"name":"Instala\u00e7\u00f5es","content":"10,000 - 100,000"},{"name":"Responsivo","content":"Sim"},{"name":"Navegadores compat\u00edveis","content":"Firefox, Safari, Opera, Chrome, Edge"}],"tags":[],"tags_disable_links":"","hide_more_platforms":"","video_object":"","demo_hide_cta":"","demo_hide_cloud_options":"","pricing_title":"","pricing":[{"pricing_icon":"platform","pricing_title":"Elfsight Apps","pricing_title_caption":"Software multiplataforma","pricing_price":"a partir de US$ 0\/m\u00eas","pricing_price_caption":"comece com um plano gratuito","pricing_benefits":[{"text":"Sites ilimitados"},{"text":"Suporte ao cliente 24 horas por dia, 7 dias por semana"},{"text":"Suporte ao cliente 24 horas por dia, 7 dias por semana"},{"text":"Design flex\u00edvel"}],"pricing_button_text":"Adicionar ao site","pricing_button_url":"#demo"}],"related_apps_title":"","related_apps_hidden":"","author":"","image":[],"title":"","job":"","social_networks":[]},"_links":{"self":[{"href":"https:\/\/elfsight.com\/pt\/wp-json\/wp\/v2\/pages\/11116","targetHints":{"allow":["GET"]}}],"collection":[{"href":"https:\/\/elfsight.com\/pt\/wp-json\/wp\/v2\/pages"}],"about":[{"href":"https:\/\/elfsight.com\/pt\/wp-json\/wp\/v2\/types\/page"}],"author":[{"embeddable":true,"href":"https:\/\/elfsight.com\/pt\/wp-json\/wp\/v2\/users\/9"}],"replies":[{"embeddable":true,"href":"https:\/\/elfsight.com\/pt\/wp-json\/wp\/v2\/comments?post=11116"}],"version-history":[{"count":1,"href":"https:\/\/elfsight.com\/pt\/wp-json\/wp\/v2\/pages\/11116\/revisions"}],"predecessor-version":[{"id":11120,"href":"https:\/\/elfsight.com\/pt\/wp-json\/wp\/v2\/pages\/11116\/revisions\/11120"}],"up":[{"embeddable":true,"href":"https:\/\/elfsight.com\/pt\/wp-json\/wp\/v2\/pages\/1637"}],"wp:attachment":[{"href":"https:\/\/elfsight.com\/pt\/wp-json\/wp\/v2\/media?parent=11116"}],"curies":[{"name":"wp","href":"https:\/\/api.w.org\/{rel}","templated":true}]}}