{"id":11115,"date":"2024-05-03T06:38:04","date_gmt":"2024-05-03T06:38:04","guid":{"rendered":"https:\/\/elfsight.com\/pt\/?page_id=11115"},"modified":"2024-11-12T15:28:41","modified_gmt":"2024-11-12T15:28:41","slug":"jimdo","status":"publish","type":"page","link":"https:\/\/elfsight.com\/pt\/g2-crowd-reviews-widget\/jimdo\/","title":{"rendered":"G2 Crowd Reviews &#8211; Jimdo"},"content":{"rendered":"<div class=\"application-platform-content-item-description application-platform-content-item\" id=\"description\" data-nav-section=\"description\"> <h2>Descri\u00e7\u00e3o<\/h2> <p>G2 Crowd Reviews \u00e9 um widget \u00fatil que oferece a possibilidade de revelar as avalia\u00e7\u00f5es de suas ofertas diretamente no seu site de todos os sites de avalia\u00e7\u00e3o confi\u00e1veis. Com a ajuda de nosso widget, voc\u00ea conseguir\u00e1 aplicar filtros para ocultar as avalia\u00e7\u00f5es indesej\u00e1veis, exibir sua classifica\u00e7\u00e3o por estrelas e n\u00famero diretamente de sua p\u00e1gina em qualquer site de avalia\u00e7\u00f5es, adicionar informa\u00e7\u00f5es sobre os autores das avalia\u00e7\u00f5es e anexar um bot\u00e3o de CTA que motivar\u00e1 os visitantes a escrever suas id\u00e9ias. O widget G2 Crowd Reviews ir\u00e1 pression\u00e1-lo a mostrar sua maravilhosa prova social diretamente na p\u00e1gina da web e come\u00e7ar a obter mais novas vendas. <\/p> <p><b>Use o G2 Crowd Reviews para atingir seus objetivos de com\u00e9rcio eletr\u00f4nico com mais efici\u00eancia! <\/b><\/p> <\/div> <div class=\"application-platform-content-item-features application-platform-content-item\" id=\"features\" data-nav-section=\"features\"> <h2>Encontre abaixo os principais recursos do widget: <\/h2> <ul><li>Incorpore avalia\u00e7\u00f5es de clientes da conta G2 Crowd<\/li><li>Tr\u00eas tipos de filtros: por tipo, quantidade de avalia\u00e7\u00f5es e exclus\u00e3o por<\/li><li>Quatro tipos de layout: Slider, Alvenaria, Lista e Grade<\/li><li>navega\u00e7\u00e3o de arrastamento e tipos de setas no layout do controle deslizante<\/li><li>Definir velocidade de reprodu\u00e7\u00e3o autom\u00e1tica e velocidade do slide<\/li><li>Selecionar o tipo de pagina\u00e7\u00e3o no layout do controle deslizante<\/li><li>Bot\u00e3o de call to action para obter avalia\u00e7\u00f5es de novos usu\u00e1rios no G2 Crowd p\u00e1gina<\/li><li>Tr\u00eas modelos de avalia\u00e7\u00e3o: Cl\u00e1ssico, Bolha, Destaque<\/li><li>6 elementos flex\u00edveis das avalia\u00e7\u00f5es: \u00edcone e foto do G2 Crowd, recomenda\u00e7\u00e3o, classifica\u00e7\u00e3o por estrelas, data e nome do autor<\/li><li>Uma op\u00e7\u00e3o para alterar o tamanho da fonte do texto da revis\u00e3o<\/li><\/ul><p><a href=\"#demo\">Voc\u00ea pode ver quanto vale o widget com a ajuda da demonstra\u00e7\u00e3o<\/a> <\/p> <\/div> <div class=\"application-platform-content-item-installation application-platform-content-item\" id=\"installation\" data-nav-section=\"installation\"> <h2>Como incorporar G2 Crowd Reviews em meu site Jimdo? <\/h2> <p>Basta seguir as orienta\u00e7\u00f5es abaixo para inserir a ferramenta. <\/p> <ol><li><b>Fa\u00e7a nossa demonstra\u00e7\u00e3o gratuita e comece a moldar seu widget personalizado. <\/b><br> Escolha a apar\u00eancia e os par\u00e2metros preferidos do widget e salve as edi\u00e7\u00f5es. <\/li> <li><b>Adquira o c\u00f3digo pessoal revelado no formul\u00e1rio especial nas Apps Elfsight. <\/b><br> Assim que a configura\u00e7\u00e3o do seu widget for conclu\u00edda, copie o c\u00f3digo pessoal na caixa e salve-o para uso posterior. <\/li> <li><b>Inicie o uso do widget na sua p\u00e1gina Jimdo. <\/b><br> Integre o c\u00f3digo que voc\u00ea copiou recentemente em seu site e salve as melhorias. <\/li> <li><b>A instala\u00e7\u00e3o foi realizada com sucesso. <\/b><br> Acesse seu site para observar como a ferramenta funciona. <\/li><\/ol> <p>Na condi\u00e7\u00e3o de ter d\u00favidas ou enfrentar quaisquer complica\u00e7\u00f5es, sinta-se \u00e0 vontade para entrar em contato com nossa equipe de suporte. Nosso pessoal ter\u00e1 prazer em resolver todas as d\u00favidas que voc\u00ea possa ter com o widget. <\/p> <div class=\"faq\" data-component=\"FAQ\"> <div class=\"faq-item\">\r\n\t\t\t\t\t<div class=\"faq-item-question\">\r\n\t\t\t\t\t\t<h3 class=\"faq-item-question-text\">Como posso adicionar G2 Reviews ao meu site Jimdo sem habilidades de codifica\u00e7\u00e3o?<\/h3>\r\n\r\n\t\t\t\t\t\t<div class=\"faq-item-question-icon\"><\/div>\r\n\t\t\t\t\t<\/div>\r\n\r\n\t\t\t\t\t<div class=\"faq-item-answer\">\r\n\t\t\t\t\t\t<div class=\"faq-item-answer-text\"> <p>A Elfsight fornece uma solu\u00e7\u00e3o SaaS que permite que voc\u00ea mesmo crie um widget G2 Reviews, veja como \u00e9 f\u00e1cil O processo \u00e9: Trabalhe diretamente no Editor on-line para criar um widget G2 Reviews que voc\u00ea gostaria de ver em seu site Jimdo. Escolha um dos modelos predefinidos e ajuste as configura\u00e7\u00f5es do G2 Reviews, adicione seu conte\u00fado, altere o layout e o esquema de cores sem habilidades de codifica\u00e7\u00e3o. Salve as avalia\u00e7\u00f5es do G2 e copie seu c\u00f3digo de instala\u00e7\u00e3o, que voc\u00ea pode colar facilmente em seu site Jimdo sem comprar uma assinatura paga. Com nosso editor intuitivo, qualquer usu\u00e1rio da Internet pode criar um widget G2 Reviews online e incorpor\u00e1-lo facilmente ao seu site Jimdo. N\u00e3o h\u00e1 necessidade de pagar ou inserir as credenciais do seu cart\u00e3o para acessar o servi\u00e7o. Se voc\u00ea enfrentar qualquer problema em qualquer etapa, n\u00e3o hesite em entrar em contato com nossa equipe de suporte t\u00e9cnico.<\/p> <\/div>\r\n\t\t\t\t\t<\/div>\r\n\t\t\t\t<\/div> <\/div> <\/div>","protected":false},"excerpt":{"rendered":"","protected":false},"author":9,"featured_media":0,"parent":1637,"menu_order":0,"comment_status":"closed","ping_status":"closed","template":"templates\/template-application-platform.php","meta":{"publish_to_discourse":"","publish_post_category":"","wpdc_auto_publish_overridden":"","wpdc_topic_tags":"","wpdc_pin_topic":"","wpdc_pin_until":"","discourse_post_id":"","discourse_permalink":"","wpdc_publishing_response":"","wpdc_publishing_error":"","footnotes":""},"class_list":["post-11115","page","type-page","status-publish","hentry"],"yoast_head":"<!-- This site is optimized with the Yoast SEO plugin v25.3.1 - https:\/\/yoast.com\/wordpress\/plugins\/seo\/ -->\n<title>Incorporar coment\u00e1rios do G2 Crowd ao site Jimdo (gratuito e r\u00e1pido)<\/title>\n<meta name=\"description\" content=\"Com a Elfsight, crie seu widget G2 Crowd Reviews e insira-o em seu site Jimdo rapidamente. Temos atendimento gratuito ao cliente e mais b\u00f4nus.\" \/>\n<meta name=\"robots\" content=\"index, follow, max-snippet:-1, max-image-preview:large, max-video-preview:-1\" \/>\n<link rel=\"canonical\" href=\"https:\/\/elfsight.com\/pt\/g2-crowd-reviews-widget\/jimdo\/\" \/>\n<meta property=\"og:locale\" content=\"pt_PT\" \/>\n<meta property=\"og:type\" content=\"article\" \/>\n<meta property=\"og:title\" content=\"Incorporar coment\u00e1rios do G2 Crowd ao site Jimdo (gratuito e r\u00e1pido)\" \/>\n<meta property=\"og:description\" content=\"Com a Elfsight, crie seu widget G2 Crowd Reviews e insira-o em seu site Jimdo rapidamente. Temos atendimento gratuito ao cliente e mais b\u00f4nus.\" \/>\n<meta property=\"og:url\" content=\"https:\/\/elfsight.com\/pt\/g2-crowd-reviews-widget\/jimdo\/\" \/>\n<meta property=\"og:site_name\" content=\"Elfsight PT\" \/>\n<meta property=\"article:modified_time\" content=\"2024-11-12T15:28:41+00:00\" \/>\n<meta name=\"twitter:card\" content=\"summary_large_image\" \/>\n<meta name=\"twitter:label1\" content=\"Tempo estimado de leitura\" \/>\n\t<meta name=\"twitter:data1\" content=\"3 minutos\" \/>\n<!-- \/ Yoast SEO plugin. -->","yoast_head_json":{"title":"Incorporar coment\u00e1rios do G2 Crowd ao site Jimdo (gratuito e r\u00e1pido)","description":"Com a Elfsight, crie seu widget G2 Crowd Reviews e insira-o em seu site Jimdo rapidamente. Temos atendimento gratuito ao cliente e mais b\u00f4nus.","robots":{"index":"index","follow":"follow","max-snippet":"max-snippet:-1","max-image-preview":"max-image-preview:large","max-video-preview":"max-video-preview:-1"},"canonical":"https:\/\/elfsight.com\/pt\/g2-crowd-reviews-widget\/jimdo\/","og_locale":"pt_PT","og_type":"article","og_title":"Incorporar coment\u00e1rios do G2 Crowd ao site Jimdo (gratuito e r\u00e1pido)","og_description":"Com a Elfsight, crie seu widget G2 Crowd Reviews e insira-o em seu site Jimdo rapidamente. Temos atendimento gratuito ao cliente e mais b\u00f4nus.","og_url":"https:\/\/elfsight.com\/pt\/g2-crowd-reviews-widget\/jimdo\/","og_site_name":"Elfsight PT","article_modified_time":"2024-11-12T15:28:41+00:00","twitter_card":"summary_large_image","twitter_misc":{"Tempo estimado de leitura":"3 minutos"},"schema":{"@context":"https:\/\/schema.org","@graph":[{"@type":"WebPage","@id":"https:\/\/elfsight.com\/pt\/g2-crowd-reviews-widget\/jimdo\/","url":"https:\/\/elfsight.com\/pt\/g2-crowd-reviews-widget\/jimdo\/","name":"Incorporar coment\u00e1rios do G2 Crowd ao site Jimdo (gratuito e r\u00e1pido)","isPartOf":{"@id":"https:\/\/elfsight.com\/pt\/#website"},"datePublished":"2024-05-03T06:38:04+00:00","dateModified":"2024-11-12T15:28:41+00:00","description":"Com a Elfsight, crie seu widget G2 Crowd Reviews e insira-o em seu site Jimdo rapidamente. Temos atendimento gratuito ao cliente e mais b\u00f4nus.","breadcrumb":{"@id":"https:\/\/elfsight.com\/pt\/g2-crowd-reviews-widget\/jimdo\/#breadcrumb"},"inLanguage":"pt-PT","potentialAction":[{"@type":"ReadAction","target":["https:\/\/elfsight.com\/pt\/g2-crowd-reviews-widget\/jimdo\/"]}]},{"@type":"BreadcrumbList","@id":"https:\/\/elfsight.com\/pt\/g2-crowd-reviews-widget\/jimdo\/#breadcrumb","itemListElement":[{"@type":"ListItem","position":1,"name":"Home","item":"https:\/\/elfsight.com\/pt\/"},{"@type":"ListItem","position":2,"name":"G2 Crowd Reviews","item":"https:\/\/elfsight.com\/pt\/g2-crowd-reviews-widget\/"},{"@type":"ListItem","position":3,"name":"G2 Crowd Reviews &#8211; Jimdo"}]},{"@type":"WebSite","@id":"https:\/\/elfsight.com\/pt\/#website","url":"https:\/\/elfsight.com\/pt\/","name":"Elfsight PT","description":"Just another Elfsight Sites site","potentialAction":[{"@type":"SearchAction","target":{"@type":"EntryPoint","urlTemplate":"https:\/\/elfsight.com\/pt\/?s={search_term_string}"},"query-input":{"@type":"PropertyValueSpecification","valueRequired":true,"valueName":"search_term_string"}}],"inLanguage":"pt-PT"}]}},"meta_box":{"industry":"","seo_heading":"","heading":"","description":"","cta_heading":"","cta_description":"","application":"1636","h1":"Cr\u00edticas da multid\u00e3o do G2 para Jimdo","h1_caption":"Mostrando as melhores opini\u00f5es dos clientes do G2 em seu site","application_category":[],"applications_title":"","applications_request_title":"","applications_request_button_text":"","hero_text":"","hero_video":"","hero_video_schema_markup":"","selling_points_title":"","selling_points_caption":"","selling_points":[],"selling_points_cta_text":"","features_title":"","features":"","ed_cta_examples_text":"","ed_cta_examples_hidden":"","ed_cta_demo_text":"","ed_cta_demo_hidden":"","why_caption":"","why_editor_title":"","why_editor_text":"","why_team_title":"","why_team_text":"","why_service_title":"","why_service_text":"","template_catalog_visible":"","template_catalog_title":"","template_catalog_text":"","template_catalog_categories_visible":"","demo_title":"Crie seu widget G2 Crowd Reviews","demo_caption":"Configure seu G2 Crowd Reviews e adicione-o ao seu site Jimdo gratuitamente!","default_faq_hidden":"","app_template_category":[],"platform":"5393","template_public_id":"","codecanyon_url":"","codecanyon_item_id":"","codecanyon_price":"","pricing_caption":"","pricing_elfsight_apps_hide_column":"","pricing_elfsight_apps_url":"","pricing_codecanyon_price_caption":"","integration_category":[],"integration_request_title":"","integration_request_cta":"","integration_platform":"","integrations":[],"platform_category":[],"video_schema_markup":"","price":"a partir de US$ 0\/m\u00eas","trial":"","benefits":[{"text":"Servi\u00e7o de instala\u00e7\u00e3o gratuito"},{"text":"Atendimento ao cliente competente"},{"text":"Garantia de reembolso de 14 dias"},{"text":"Atualiza\u00e7\u00f5es regulares"}],"button_url":"#demo","button_target_blank":"","button_nofollow":"","attributes":[{"name":"Instala\u00e7\u00f5es","content":"10,000 - 100,000"},{"name":"Responsivo","content":"Sim"},{"name":"Navegadores compat\u00edveis","content":"Firefox, Safari, Opera, Chrome, Edge"}],"tags":[],"tags_disable_links":"","hide_more_platforms":"","video_object":"","demo_hide_cta":"","demo_hide_cloud_options":"","pricing_title":"","pricing":[{"pricing_icon":"platform","pricing_title":"Elfsight Apps","pricing_title_caption":"Vers\u00e3o multiplataforma adequada para qualquer site","pricing_price":"a partir de US$ 0\/m\u00eas","pricing_price_caption":"comece com um plano gratuito","pricing_benefits":[{"text":"Sites ilimitados"},{"text":"Suporte 24 horas por dia, 7 dias por semana, pontual e bem documentado"},{"text":"Suporte 24 horas por dia, 7 dias por semana, pontual e bem documentado"},{"text":"Design flex\u00edvel"}],"pricing_button_text":"Adicionar ao site","pricing_button_url":"#demo"}],"related_apps_title":"","related_apps_hidden":"","author":"","image":[],"title":"","job":"","social_networks":[]},"_links":{"self":[{"href":"https:\/\/elfsight.com\/pt\/wp-json\/wp\/v2\/pages\/11115","targetHints":{"allow":["GET"]}}],"collection":[{"href":"https:\/\/elfsight.com\/pt\/wp-json\/wp\/v2\/pages"}],"about":[{"href":"https:\/\/elfsight.com\/pt\/wp-json\/wp\/v2\/types\/page"}],"author":[{"embeddable":true,"href":"https:\/\/elfsight.com\/pt\/wp-json\/wp\/v2\/users\/9"}],"replies":[{"embeddable":true,"href":"https:\/\/elfsight.com\/pt\/wp-json\/wp\/v2\/comments?post=11115"}],"version-history":[{"count":1,"href":"https:\/\/elfsight.com\/pt\/wp-json\/wp\/v2\/pages\/11115\/revisions"}],"predecessor-version":[{"id":11119,"href":"https:\/\/elfsight.com\/pt\/wp-json\/wp\/v2\/pages\/11115\/revisions\/11119"}],"up":[{"embeddable":true,"href":"https:\/\/elfsight.com\/pt\/wp-json\/wp\/v2\/pages\/1637"}],"wp:attachment":[{"href":"https:\/\/elfsight.com\/pt\/wp-json\/wp\/v2\/media?parent=11115"}],"curies":[{"name":"wp","href":"https:\/\/api.w.org\/{rel}","templated":true}]}}