{"id":11113,"date":"2024-05-03T06:37:39","date_gmt":"2024-05-03T06:37:39","guid":{"rendered":"https:\/\/elfsight.com\/pt\/?page_id=11113"},"modified":"2025-02-05T13:17:29","modified_gmt":"2025-02-05T13:17:29","slug":"prestashop","status":"publish","type":"page","link":"https:\/\/elfsight.com\/pt\/online-form-builder\/prestashop\/","title":{"rendered":"Form Builder &#8211; PrestaShop"},"content":{"rendered":"\n<div class=\"application-platform-content-item-description application-platform-content-item\" id=\"description\" data-nav-section=\"description\"> <h2>Construtor de formul\u00e1rios personalizados para PrestaShop<\/h2> <p>Nosso Construtor de Formul\u00e1rios Prestashop \u00e9 a ferramenta perfeita para criar formul\u00e1rios personalizados adaptados \u00e0s suas necessidades. Se voc\u00ea deseja coletar coment\u00e1rios, d\u00favidas ou reservas, nossa extens\u00e3o de cria\u00e7\u00e3o de formul\u00e1rios personalizados tem tudo o que voc\u00ea precisa. Com uma interface amig\u00e1vel e uma variedade de elementos dispon\u00edveis, voc\u00ea pode projetar e implementar facilmente seus formul\u00e1rios personalizados em seu site. Nosso m\u00f3dulo Prestashop de formul\u00e1rio personalizado permite que voc\u00ea colete dados valiosos de seus clientes e os use para aprimorar seus neg\u00f3cios. Comece a criar seus formul\u00e1rios personalizados hoje mesmo e leve sua presen\u00e7a on-line para o pr\u00f3ximo n\u00edvel!<\/p><p><b>Use o Form Builder para atingir seus objetivos de neg\u00f3cios com mais efici\u00eancia! <\/b><\/p> <\/div> <div class=\"application-platform-content-item-features application-platform-content-item\" id=\"features\" data-nav-section=\"features\"> <h2>Recursos do plugin construtor de formul\u00e1rios<\/h2> <ul><li>Crie formul\u00e1rios cl\u00e1ssicos e passo a passo unindo elementos em grupos<\/li><li>Mostrar ou ocultar a barra de progresso no formato passo a passo<\/li><li>18 tipos de campos para praticamente qualquer tarefa de coleta de dados <\/li><li>Cada elemento do formul\u00e1rio tem um r\u00f3tulo edit\u00e1vel que \u00e9 exibido acima do campo<\/li><li>Crie uma descri\u00e7\u00e3o para cada elemento, ela ser\u00e1 mostrada abaixo do r\u00f3tulo <\/li><li>Use os espa\u00e7os reservados dos campos para dar um exemplo de preenchimento correto e o tipo de preenchimento necess\u00e1rio dados <\/li><li>Cada campo pode ser obrigat\u00f3rio para preenchimento com s\u00edmbolo de asterisco (*) para indicar isso<\/li><li>Op\u00e7\u00e3o de espalhar os campos em v\u00e1rias colunas <\/li><li>Atribuir qualquer endere\u00e7o de e-mail e os resultados do preenchimento do formul\u00e1rio ser\u00e3o enviados automaticamente para l\u00e1<\/li><li>Escolha o cen\u00e1rio ap\u00f3s o envio do formul\u00e1rio: mensagem de agradecimento, oculta\u00e7\u00e3o do formul\u00e1rio ou redirecionamento para outra p\u00e1gina<\/li><li>Opcional recurso de salvar o progresso do preenchimento<\/li><li>Tr\u00eas layouts prontos para uso (Padr\u00e3o, Caixa, Flutuante)<\/li><\/ul><p><a href=\"#demo\">Basta conferir esta demonstra\u00e7\u00e3o para ter uma ideia completa<\/a><\/p> <\/div> <div class=\"application-platform-content-item-installation application-platform-content-item\" id=\"installation\" data-nav-section=\"installation\"> <h2>Como adicionar o Form Builder \u00e0 minha p\u00e1gina PrestaShop? <\/h2> <p>Basta seguir os passos apresentados abaixo para integrar a ferramenta. <\/p> <ol><li><b>Utilize nosso editor gratuito e comece a criar seu instrumento personalizado. <\/b><br> Determine a forma personalizada e os aspectos da ferramenta e salve as corre\u00e7\u00f5es. <\/li> <li><b>Obtenha o c\u00f3digo individual que \u00e9 mostrado na janela dos aplicativos Elfsight. <\/b><br> Quando a personaliza\u00e7\u00e3o do seu widget pessoal estiver conclu\u00edda, copie o c\u00f3digo pessoal na caixa que aparece e salve-o para uso futuro. <\/li> <li><b>Iniciar o uso do widget no site PrestaShop. <\/b><br> Adicione o c\u00f3digo copiado recentemente em seu site e aplique as edi\u00e7\u00f5es. <\/li> <li><b>A configura\u00e7\u00e3o foi executada com sucesso. <\/b><br> Visite seu site para analisar como o widget est\u00e1 funcionando. <\/li><\/ol> <p>Caso voc\u00ea encontre algum problema, sinta-se \u00e0 vontade para entrar em contato com nossa equipe de suporte. Nosso pessoal est\u00e1 ansioso para ajud\u00e1-lo com todos os problemas que voc\u00ea possa ter com o produto. <\/p> <div class=\"faq\" data-component=\"FAQ\"> <div class=\"faq-item\">\r\n\t\t\t\t\t<div class=\"faq-item-question\">\r\n\t\t\t\t\t\t<h3 class=\"faq-item-question-text\">Como posso adicionar o Form Builder ao meu site PrestaShop sem habilidades de codifica\u00e7\u00e3o?<\/h3>\r\n\r\n\t\t\t\t\t\t<div class=\"faq-item-question-icon\"><\/div>\r\n\t\t\t\t\t<\/div>\r\n\r\n\t\t\t\t\t<div class=\"faq-item-answer\">\r\n\t\t\t\t\t\t<div class=\"faq-item-answer-text\"> <p>A Elfsight fornece uma solu\u00e7\u00e3o SaaS que permite que voc\u00ea mesmo crie um widget Form Builder, veja como \u00e9 f\u00e1cil O processo \u00e9: Trabalhe diretamente no Editor on-line para criar um widget Form Builder que voc\u00ea gostaria de ver no seu site PrestaShop. Escolha um dos modelos predefinidos e ajuste as configura\u00e7\u00f5es do Form Builder, adicione seu conte\u00fado, altere o layout e as cores sem habilidades de codifica\u00e7\u00e3o. Salve o Form Builder e copie seu c\u00f3digo de instala\u00e7\u00e3o, que voc\u00ea pode colar no seu site PrestaShop sem a necessidade de adquirir um plano pago. Com nosso editor intuitivo, qualquer usu\u00e1rio da Internet pode criar um widget Form Builder on-line e incorpor\u00e1-lo facilmente ao site PrestaShop. N\u00e3o h\u00e1 necessidade de pagar ou inserir as credenciais do seu cart\u00e3o para acessar o servi\u00e7o. Se voc\u00ea enfrentar qualquer problema em qualquer etapa, n\u00e3o hesite em entrar em contato com nossa equipe de suporte t\u00e9cnico.<\/p> <\/div>\r\n\t\t\t\t\t<\/div>\r\n\t\t\t\t<\/div><div class=\"faq-item\">\r\n\t\t\t\t\t<div class=\"faq-item-question\">\r\n\t\t\t\t\t\t<h3 class=\"faq-item-question-text\">Existe algum modelo personalizado do Form Builder para o site PrestaShop?<\/h3>\r\n\r\n\t\t\t\t\t\t<div class=\"faq-item-question-icon\"><\/div>\r\n\t\t\t\t\t<\/div>\r\n\r\n\t\t\t\t\t<div class=\"faq-item-answer\">\r\n\t\t\t\t\t\t<div class=\"faq-item-answer-text\"><p>Sim . A Elfsight preparou uma vasta sele\u00e7\u00e3o de mais de 300 <a href=\"https:\/\/elfsight.com\/online-form-builder\/templates\/\">modelos de Form Builder<\/a> com elementos e recursos personaliz\u00e1veis. Voc\u00ea pode encontrar um modelo de formul\u00e1rio para qualquer ocasi\u00e3o, por exemplo, <a href=\"https:\/\/elfsight.com\/online-form-builder\/templates\/application-forms\/\">Formul\u00e1rios de inscri\u00e7\u00e3o<\/a>, <a href=\"https:\/\/elfsight.com\/online-form-builder\/templates\/booking-forms\/\">Formul\u00e1rios de reserva<\/a>, <a href=\"https:\/\/elfsight.com\/online-form-builder\/templates\/order-forms\/\">Formul\u00e1rios de pedido<\/a>, <a href=\"https:\/\/elfsight.com\/online-form-builder\/templates\/product-forms\/\">Formul\u00e1rios de produto<\/a>, <a href=\"https:\/\/elfsight.com\/online-form-builder\/templates\/questionnaires\/\">Question\u00e1rios<\/a>, <a href=\"https:\/\/elfsight.com\/online-form-builder\/templates\/quizzes\/\">Testes<\/a>, <a href=\"https:\/\/elfsight.com\/online-form-builder\/templates\/surveys\/\">Pesquisas<\/a>, <a href=\"https:\/\/elfsight.com\/online-form-builder\/templates\/file-upload-forms\/\">Formul\u00e1rios de upload de arquivos<\/a> e muitos outros.<\/p><\/div>\r\n\t\t\t\t\t<\/div>\r\n\t\t\t\t<\/div> <\/div> <\/div>\n","protected":false},"excerpt":{"rendered":"","protected":false},"author":9,"featured_media":0,"parent":596,"menu_order":0,"comment_status":"closed","ping_status":"closed","template":"templates\/template-application-platform.php","meta":{"publish_to_discourse":"","publish_post_category":"","wpdc_auto_publish_overridden":"","wpdc_topic_tags":"","wpdc_pin_topic":"","wpdc_pin_until":"","discourse_post_id":"","discourse_permalink":"","wpdc_publishing_response":"","wpdc_publishing_error":"","footnotes":""},"class_list":["post-11113","page","type-page","status-publish","hentry"],"yoast_head":"<!-- This site is optimized with the Yoast SEO plugin v25.3.1 - https:\/\/yoast.com\/wordpress\/plugins\/seo\/ -->\n<title>Crie e adicione formul\u00e1rios personalizados no PrestaShop gratuitamente!<\/title>\n<meta name=\"description\" content=\"Explore gratuitamente o melhor complemento Online Form Builder para PrestaShop. Uma configura\u00e7\u00e3o descomplicada e r\u00e1pida em apenas alguns minutos.\" \/>\n<meta name=\"robots\" content=\"index, follow, max-snippet:-1, max-image-preview:large, max-video-preview:-1\" \/>\n<link rel=\"canonical\" href=\"https:\/\/elfsight.com\/pt\/online-form-builder\/prestashop\/\" \/>\n<meta property=\"og:locale\" content=\"pt_PT\" \/>\n<meta property=\"og:type\" content=\"article\" \/>\n<meta property=\"og:title\" content=\"Crie e adicione formul\u00e1rios personalizados no PrestaShop gratuitamente!\" \/>\n<meta property=\"og:description\" content=\"Explore gratuitamente o melhor complemento Online Form Builder para PrestaShop. Uma configura\u00e7\u00e3o descomplicada e r\u00e1pida em apenas alguns minutos.\" \/>\n<meta property=\"og:url\" content=\"https:\/\/elfsight.com\/pt\/online-form-builder\/prestashop\/\" \/>\n<meta property=\"og:site_name\" content=\"Elfsight PT\" \/>\n<meta property=\"article:modified_time\" content=\"2025-02-05T13:17:29+00:00\" \/>\n<meta name=\"twitter:card\" content=\"summary_large_image\" \/>\n<meta name=\"twitter:label1\" content=\"Tempo estimado de leitura\" \/>\n\t<meta name=\"twitter:data1\" content=\"4 minutos\" \/>\n<!-- \/ Yoast SEO plugin. -->","yoast_head_json":{"title":"Crie e adicione formul\u00e1rios personalizados no PrestaShop gratuitamente!","description":"Explore gratuitamente o melhor complemento Online Form Builder para PrestaShop. Uma configura\u00e7\u00e3o descomplicada e r\u00e1pida em apenas alguns minutos.","robots":{"index":"index","follow":"follow","max-snippet":"max-snippet:-1","max-image-preview":"max-image-preview:large","max-video-preview":"max-video-preview:-1"},"canonical":"https:\/\/elfsight.com\/pt\/online-form-builder\/prestashop\/","og_locale":"pt_PT","og_type":"article","og_title":"Crie e adicione formul\u00e1rios personalizados no PrestaShop gratuitamente!","og_description":"Explore gratuitamente o melhor complemento Online Form Builder para PrestaShop. Uma configura\u00e7\u00e3o descomplicada e r\u00e1pida em apenas alguns minutos.","og_url":"https:\/\/elfsight.com\/pt\/online-form-builder\/prestashop\/","og_site_name":"Elfsight PT","article_modified_time":"2025-02-05T13:17:29+00:00","twitter_card":"summary_large_image","twitter_misc":{"Tempo estimado de leitura":"4 minutos"},"schema":{"@context":"https:\/\/schema.org","@graph":[{"@type":"WebPage","@id":"https:\/\/elfsight.com\/pt\/online-form-builder\/prestashop\/","url":"https:\/\/elfsight.com\/pt\/online-form-builder\/prestashop\/","name":"Crie e adicione formul\u00e1rios personalizados no PrestaShop gratuitamente!","isPartOf":{"@id":"https:\/\/elfsight.com\/pt\/#website"},"datePublished":"2024-05-03T06:37:39+00:00","dateModified":"2025-02-05T13:17:29+00:00","description":"Explore gratuitamente o melhor complemento Online Form Builder para PrestaShop. Uma configura\u00e7\u00e3o descomplicada e r\u00e1pida em apenas alguns minutos.","breadcrumb":{"@id":"https:\/\/elfsight.com\/pt\/online-form-builder\/prestashop\/#breadcrumb"},"inLanguage":"pt-PT","potentialAction":[{"@type":"ReadAction","target":["https:\/\/elfsight.com\/pt\/online-form-builder\/prestashop\/"]}]},{"@type":"BreadcrumbList","@id":"https:\/\/elfsight.com\/pt\/online-form-builder\/prestashop\/#breadcrumb","itemListElement":[{"@type":"ListItem","position":1,"name":"Home","item":"https:\/\/elfsight.com\/pt\/"},{"@type":"ListItem","position":2,"name":"Form Builder","item":"https:\/\/elfsight.com\/pt\/online-form-builder\/"},{"@type":"ListItem","position":3,"name":"Form Builder &#8211; PrestaShop"}]},{"@type":"WebSite","@id":"https:\/\/elfsight.com\/pt\/#website","url":"https:\/\/elfsight.com\/pt\/","name":"Elfsight PT","description":"Just another Elfsight Sites site","potentialAction":[{"@type":"SearchAction","target":{"@type":"EntryPoint","urlTemplate":"https:\/\/elfsight.com\/pt\/?s={search_term_string}"},"query-input":{"@type":"PropertyValueSpecification","valueRequired":true,"valueName":"search_term_string"}}],"inLanguage":"pt-PT"}]}},"meta_box":{"industry":"","seo_heading":"","heading":"","description":"","cta_heading":"","cta_description":"","application":"595","h1":"Construtor de formul\u00e1rios online para PrestaShop","h1_caption":"Detalhes de constru\u00e7\u00e3o - coletando formas de v\u00e1rios tipos em etapas r\u00e1pidas","application_category":[],"applications_title":"","applications_request_title":"","applications_request_button_text":"","hero_text":"","hero_video":"","hero_video_schema_markup":"","selling_points_title":"","selling_points_caption":"","selling_points":[],"selling_points_cta_text":"","features_title":"","features":"","ed_cta_examples_text":"","ed_cta_examples_hidden":"","ed_cta_demo_text":"","ed_cta_demo_hidden":"","why_caption":"","why_editor_title":"","why_editor_text":"","why_team_title":"","why_team_text":"","why_service_title":"","why_service_text":"","template_catalog_visible":"0","template_catalog_title":"","template_catalog_text":"","template_catalog_categories_visible":"","demo_title":"Crie seu complemento Form Builder","demo_caption":"Configure seu Form Builder e adicione-o ao seu site PrestaShop gratuitamente!","default_faq_hidden":"","app_template_category":[],"platform":"5343","template_public_id":"","codecanyon_url":"","codecanyon_item_id":"","codecanyon_price":"","pricing_caption":"","pricing_elfsight_apps_hide_column":"","pricing_elfsight_apps_url":"","pricing_codecanyon_price_caption":"","integration_category":[],"integration_request_title":"","integration_request_cta":"","integration_platform":"","integrations":[],"platform_category":[],"video_schema_markup":"","price":"a partir de US$ 0\/m\u00eas","trial":"","benefits":[{"text":"Garantia de reembolso de 14 dias"},{"text":"Assist\u00eancia de instala\u00e7\u00e3o gratuita"},{"text":"Suporte ao cliente experiente"},{"text":"Atualizando constantemente"}],"button_url":"#demo","button_target_blank":"0","button_nofollow":"0","attributes":[{"name":"Instala\u00e7\u00f5es","content":"100,000 - 500,000"},{"name":"Responsivo","content":"Sim"},{"name":"Navegadores compat\u00edveis","content":"Firefox, Safari, Opera, Chrome, Edge"}],"tags":[],"tags_disable_links":"0","hide_more_platforms":"","video_object":"","demo_hide_cta":"0","demo_hide_cloud_options":"0","pricing_title":"","pricing":[{"pricing_icon":"platform","pricing_title":"Elfsight Apps","pricing_title_caption":"Software multiplataforma adequado para qualquer site","pricing_price":"a partir de US$ 0\/m\u00eas","pricing_price_caption":"comece com um plano gratuito","pricing_benefits":[{"text":"Sites ilimitados"},{"text":"Suporte dedicado"},{"text":"Suporte dedicado"},{"text":"100% personaliz\u00e1vel"}],"pricing_button_text":"Adicionar ao site","pricing_button_url":"#demo"}],"related_apps_title":"","related_apps_hidden":"0","author":"","image":[],"title":"","job":"","social_networks":[]},"_links":{"self":[{"href":"https:\/\/elfsight.com\/pt\/wp-json\/wp\/v2\/pages\/11113","targetHints":{"allow":["GET"]}}],"collection":[{"href":"https:\/\/elfsight.com\/pt\/wp-json\/wp\/v2\/pages"}],"about":[{"href":"https:\/\/elfsight.com\/pt\/wp-json\/wp\/v2\/types\/page"}],"author":[{"embeddable":true,"href":"https:\/\/elfsight.com\/pt\/wp-json\/wp\/v2\/users\/9"}],"replies":[{"embeddable":true,"href":"https:\/\/elfsight.com\/pt\/wp-json\/wp\/v2\/comments?post=11113"}],"version-history":[{"count":2,"href":"https:\/\/elfsight.com\/pt\/wp-json\/wp\/v2\/pages\/11113\/revisions"}],"predecessor-version":[{"id":13791,"href":"https:\/\/elfsight.com\/pt\/wp-json\/wp\/v2\/pages\/11113\/revisions\/13791"}],"up":[{"embeddable":true,"href":"https:\/\/elfsight.com\/pt\/wp-json\/wp\/v2\/pages\/596"}],"wp:attachment":[{"href":"https:\/\/elfsight.com\/pt\/wp-json\/wp\/v2\/media?parent=11113"}],"curies":[{"name":"wp","href":"https:\/\/api.w.org\/{rel}","templated":true}]}}