{"id":11098,"date":"2024-05-03T06:37:32","date_gmt":"2024-05-03T06:37:32","guid":{"rendered":"https:\/\/elfsight.com\/pt\/?page_id=11098"},"modified":"2024-11-12T15:27:14","modified_gmt":"2024-11-12T15:27:14","slug":"carrd","status":"publish","type":"page","link":"https:\/\/elfsight.com\/pt\/online-form-builder\/carrd\/","title":{"rendered":"Form Builder &#8211; Carrd"},"content":{"rendered":"<div class=\"application-platform-content-item-description application-platform-content-item\" id=\"description\" data-nav-section=\"description\"><h2>Descri\u00e7\u00e3o<\/h2>Esta \u00e9 uma solu\u00e7\u00e3o vers\u00e1til para gerar diversos tipos de preenchimento de formul\u00e1rios e apresent\u00e1-los em seu site Carrd. Re\u00fana insights de seus clientes existentes e potenciais por meio de pesquisas de f\u00e1cil preenchimento, formul\u00e1rios de feedback, solicita\u00e7\u00f5es de classifica\u00e7\u00e3o e outros formatos. Elabore a estrutura do formul\u00e1rio, escolha elementos, especifique tipos de entrada, adicione escalas e muito mais para desenvolver formul\u00e1rios de preenchimento gerenci\u00e1veis \u200b\u200be eficazes para coleta de dados.<b>Tente usar o Form Builder para atingir seus objetivos de neg\u00f3cios com mais rapidez! <\/b><\/div> <div class=\"application-platform-content-item-features application-platform-content-item\" id=\"features\" data-nav-section=\"features\"><h2>Oferecemos recursos \u00fateis e f\u00e1ceis, confira alguns deles:<\/h2><ul> <li>Adicione CTAs para orientar os usu\u00e1rios em dire\u00e7\u00e3o ao seu objetivo. <\/li> <li>Ajuste a dura\u00e7\u00e3o da troca de slides.<\/li> <li>Escolha entre diversas variantes.<\/li> <li>Coloque seu texto em qualquer lugar da p\u00e1gina com a ajuda da posi\u00e7\u00e3o avan\u00e7ada.<\/li> <li>Modifique cinco elementos de conte\u00fado.<\/li><\/ul><a href=\"#demo\">Experimente todas as configura\u00e7\u00f5es na demonstra\u00e7\u00e3o 100% funcional<\/a><\/div> <div class=\"application-platform-content-item-installation application-platform-content-item\" id=\"installation\" data-nav-section=\"installation\"><h2>Como posso incorporar o Form Builder ao meu site Carrd?<\/h2>Basta seguir os passos descritos abaixo para integrar o widget.<ol> <li><b>Abra nosso configurador gratuito e comece a criar seu plugin personalizado. <\/b>Escolha a apar\u00eancia e funcionalidade preferidas do plugin e aplique as edi\u00e7\u00f5es.<\/li> <li><b>Copie o c\u00f3digo pessoal que aparece na janela dos aplicativos Elfsight. <\/b>Ap\u00f3s a cria\u00e7\u00e3o do seu widget pessoal, copie o c\u00f3digo individual da janela exibida e salve-o para uso posterior.<\/li> <li><b>Comece a usar o plugin no seu site Carrd. <\/b>Insira o c\u00f3digo que voc\u00ea copiou recentemente em sua p\u00e1gina da web e salve as edi\u00e7\u00f5es.<\/li> <li><b>A instala\u00e7\u00e3o foi realizada com sucesso. <\/b>Acesse seu site para verificar o funcionamento do plugin.<\/li><\/ol>Caso voc\u00ea tenha alguma dificuldade, entre em contato com nossa equipe de suporte. Nossos especialistas ter\u00e3o prazer em ajud\u00e1-lo com todas as d\u00favidas que voc\u00ea possa ter sobre o produto.<\/div>","protected":false},"excerpt":{"rendered":"","protected":false},"author":9,"featured_media":0,"parent":596,"menu_order":0,"comment_status":"closed","ping_status":"closed","template":"templates\/template-application-platform.php","meta":{"publish_to_discourse":"","publish_post_category":"","wpdc_auto_publish_overridden":"","wpdc_topic_tags":"","wpdc_pin_topic":"","wpdc_pin_until":"","discourse_post_id":"","discourse_permalink":"","wpdc_publishing_response":"","wpdc_publishing_error":"","footnotes":""},"class_list":["post-11098","page","type-page","status-publish","hentry"],"yoast_head":"<!-- This site is optimized with the Yoast SEO plugin v25.3.1 - https:\/\/yoast.com\/wordpress\/plugins\/seo\/ -->\n<title>Carrd Form Builder - Adicionar widget de formul\u00e1rio ao site Carrd (f\u00e1cil)<\/title>\n<meta name=\"description\" content=\"Crie o Online Form Builder no Carrd em apenas 1 minuto. Experimente todas as vantagens b\u00e1sicas do widget de melhor formul\u00e1rio em um configurador gratuito.\" \/>\n<meta name=\"robots\" content=\"index, follow, max-snippet:-1, max-image-preview:large, max-video-preview:-1\" \/>\n<link rel=\"canonical\" href=\"https:\/\/elfsight.com\/pt\/online-form-builder\/carrd\/\" \/>\n<meta property=\"og:locale\" content=\"pt_PT\" \/>\n<meta property=\"og:type\" content=\"article\" \/>\n<meta property=\"og:title\" content=\"Carrd Form Builder - Adicionar widget de formul\u00e1rio ao site Carrd (f\u00e1cil)\" \/>\n<meta property=\"og:description\" content=\"Crie o Online Form Builder no Carrd em apenas 1 minuto. Experimente todas as vantagens b\u00e1sicas do widget de melhor formul\u00e1rio em um configurador gratuito.\" \/>\n<meta property=\"og:url\" content=\"https:\/\/elfsight.com\/pt\/online-form-builder\/carrd\/\" \/>\n<meta property=\"og:site_name\" content=\"Elfsight PT\" \/>\n<meta property=\"article:modified_time\" content=\"2024-11-12T15:27:14+00:00\" \/>\n<meta name=\"twitter:card\" content=\"summary_large_image\" \/>\n<meta name=\"twitter:label1\" content=\"Tempo estimado de leitura\" \/>\n\t<meta name=\"twitter:data1\" content=\"2 minutos\" \/>\n<!-- \/ Yoast SEO plugin. -->","yoast_head_json":{"title":"Carrd Form Builder - Adicionar widget de formul\u00e1rio ao site Carrd (f\u00e1cil)","description":"Crie o Online Form Builder no Carrd em apenas 1 minuto. Experimente todas as vantagens b\u00e1sicas do widget de melhor formul\u00e1rio em um configurador gratuito.","robots":{"index":"index","follow":"follow","max-snippet":"max-snippet:-1","max-image-preview":"max-image-preview:large","max-video-preview":"max-video-preview:-1"},"canonical":"https:\/\/elfsight.com\/pt\/online-form-builder\/carrd\/","og_locale":"pt_PT","og_type":"article","og_title":"Carrd Form Builder - Adicionar widget de formul\u00e1rio ao site Carrd (f\u00e1cil)","og_description":"Crie o Online Form Builder no Carrd em apenas 1 minuto. Experimente todas as vantagens b\u00e1sicas do widget de melhor formul\u00e1rio em um configurador gratuito.","og_url":"https:\/\/elfsight.com\/pt\/online-form-builder\/carrd\/","og_site_name":"Elfsight PT","article_modified_time":"2024-11-12T15:27:14+00:00","twitter_card":"summary_large_image","twitter_misc":{"Tempo estimado de leitura":"2 minutos"},"schema":{"@context":"https:\/\/schema.org","@graph":[{"@type":"WebPage","@id":"https:\/\/elfsight.com\/pt\/online-form-builder\/carrd\/","url":"https:\/\/elfsight.com\/pt\/online-form-builder\/carrd\/","name":"Carrd Form Builder - Adicionar widget de formul\u00e1rio ao site Carrd (f\u00e1cil)","isPartOf":{"@id":"https:\/\/elfsight.com\/pt\/#website"},"datePublished":"2024-05-03T06:37:32+00:00","dateModified":"2024-11-12T15:27:14+00:00","description":"Crie o Online Form Builder no Carrd em apenas 1 minuto. Experimente todas as vantagens b\u00e1sicas do widget de melhor formul\u00e1rio em um configurador gratuito.","breadcrumb":{"@id":"https:\/\/elfsight.com\/pt\/online-form-builder\/carrd\/#breadcrumb"},"inLanguage":"pt-PT","potentialAction":[{"@type":"ReadAction","target":["https:\/\/elfsight.com\/pt\/online-form-builder\/carrd\/"]}]},{"@type":"BreadcrumbList","@id":"https:\/\/elfsight.com\/pt\/online-form-builder\/carrd\/#breadcrumb","itemListElement":[{"@type":"ListItem","position":1,"name":"Home","item":"https:\/\/elfsight.com\/pt\/"},{"@type":"ListItem","position":2,"name":"Form Builder","item":"https:\/\/elfsight.com\/pt\/online-form-builder\/"},{"@type":"ListItem","position":3,"name":"Form Builder &#8211; Carrd"}]},{"@type":"WebSite","@id":"https:\/\/elfsight.com\/pt\/#website","url":"https:\/\/elfsight.com\/pt\/","name":"Elfsight PT","description":"Just another Elfsight Sites site","potentialAction":[{"@type":"SearchAction","target":{"@type":"EntryPoint","urlTemplate":"https:\/\/elfsight.com\/pt\/?s={search_term_string}"},"query-input":{"@type":"PropertyValueSpecification","valueRequired":true,"valueName":"search_term_string"}}],"inLanguage":"pt-PT"}]}},"meta_box":{"industry":"","seo_heading":"","heading":"","description":"","cta_heading":"","cta_description":"","application":"595","h1":"Construtor de formul\u00e1rios on-line para Carrd","h1_caption":"Melhore a experi\u00eancia do usu\u00e1rio do seu site e atraia novos visitantes com o Elfsight Form Builder","application_category":[],"applications_title":"","applications_request_title":"","applications_request_button_text":"","hero_text":"","hero_video":"","hero_video_schema_markup":"","selling_points_title":"","selling_points_caption":"","selling_points":[],"selling_points_cta_text":"","features_title":"","features":"","ed_cta_examples_text":"","ed_cta_examples_hidden":"","ed_cta_demo_text":"","ed_cta_demo_hidden":"","why_caption":"","why_editor_title":"","why_editor_text":"","why_team_title":"","why_team_text":"","why_service_title":"","why_service_text":"","template_catalog_visible":"","template_catalog_title":"","template_catalog_text":"","template_catalog_categories_visible":"","demo_title":"Sinta-se \u00e0 vontade para criar o Carrd Form Builder personalizado","demo_caption":"Personalize-o e adicione-o ao seu site com a ajuda de uma demonstra\u00e7\u00e3o ao vivo.","default_faq_hidden":"","app_template_category":[],"platform":"5351","template_public_id":"","codecanyon_url":"","codecanyon_item_id":"","codecanyon_price":"","pricing_caption":"","pricing_elfsight_apps_hide_column":"","pricing_elfsight_apps_url":"","pricing_codecanyon_price_caption":"","integration_category":[],"integration_request_title":"","integration_request_cta":"","integration_platform":"","integrations":[],"platform_category":[],"video_schema_markup":"","price":"a partir de US$ 0\/m\u00eas","trial":"","benefits":[{"text":"Servi\u00e7o de instala\u00e7\u00e3o gratuito"},{"text":"Suporte premium"},{"text":"Garantia de reembolso de 14 dias"},{"text":"Desenvolvimento cont\u00ednuo"}],"button_url":"#demo","button_target_blank":"","button_nofollow":"","attributes":[{"name":"Instala\u00e7\u00f5es","content":"100,000 - 500,000"},{"name":"Responsivo","content":"Sim"},{"name":"Navegadores compat\u00edveis","content":"IE11, Firefox, Safari, Opera, Chrome, Edge"}],"tags":[],"tags_disable_links":"","hide_more_platforms":"","video_object":"","demo_hide_cta":"","demo_hide_cloud_options":"","pricing_title":"","pricing":[{"pricing_icon":"platform","pricing_title":"Carrd widget","pricing_title_caption":"Solu\u00e7\u00e3o multiplataforma adequada para qualquer site","pricing_price":"a partir de US$ 0\/m\u00eas","pricing_price_caption":"comece com plano gratuito","pricing_benefits":[{"text":"Sites ilimitados"},{"text":"Suporte 24 horas por dia, 7 dias por semana, pontual e bem documentado"},{"text":"Suporte 24 horas por dia, 7 dias por semana, pontual e bem documentado"},{"text":"Oferta por tempo limitado para v\u00e1rios aplicativos"}],"pricing_button_text":"Adicionar ao site","pricing_button_url":"#demo"}],"related_apps_title":"","related_apps_hidden":"","author":"","image":[],"title":"","job":"","social_networks":[]},"_links":{"self":[{"href":"https:\/\/elfsight.com\/pt\/wp-json\/wp\/v2\/pages\/11098","targetHints":{"allow":["GET"]}}],"collection":[{"href":"https:\/\/elfsight.com\/pt\/wp-json\/wp\/v2\/pages"}],"about":[{"href":"https:\/\/elfsight.com\/pt\/wp-json\/wp\/v2\/types\/page"}],"author":[{"embeddable":true,"href":"https:\/\/elfsight.com\/pt\/wp-json\/wp\/v2\/users\/9"}],"replies":[{"embeddable":true,"href":"https:\/\/elfsight.com\/pt\/wp-json\/wp\/v2\/comments?post=11098"}],"version-history":[{"count":1,"href":"https:\/\/elfsight.com\/pt\/wp-json\/wp\/v2\/pages\/11098\/revisions"}],"predecessor-version":[{"id":11102,"href":"https:\/\/elfsight.com\/pt\/wp-json\/wp\/v2\/pages\/11098\/revisions\/11102"}],"up":[{"embeddable":true,"href":"https:\/\/elfsight.com\/pt\/wp-json\/wp\/v2\/pages\/596"}],"wp:attachment":[{"href":"https:\/\/elfsight.com\/pt\/wp-json\/wp\/v2\/media?parent=11098"}],"curies":[{"name":"wp","href":"https:\/\/api.w.org\/{rel}","templated":true}]}}