{"id":11082,"date":"2024-05-03T06:37:24","date_gmt":"2024-05-03T06:37:24","guid":{"rendered":"https:\/\/elfsight.com\/pt\/?page_id=11082"},"modified":"2024-11-13T12:04:56","modified_gmt":"2024-11-13T12:04:56","slug":"bigcommerce","status":"publish","type":"page","link":"https:\/\/elfsight.com\/pt\/file-embed-widget\/bigcommerce\/","title":{"rendered":"File Embed &#8211; BigCommerce"},"content":{"rendered":"<div class=\"application-platform-content-item-description application-platform-content-item\" id=\"description\" data-nav-section=\"description\"> <h2>Descri\u00e7\u00e3o<\/h2> <p>Elfsight File Embed \u00e9 um dos widgets mais simples e r\u00e1pidos para inserir arquivos em um site. Incorpore todos os formatos populares: PDF, Docx, Jpg, Pptx \u2013 tudo em cerca de 20 formatos. Para maior facilidade de uso, os documentos podem ser inseridos por upload direto, por suas URLs ou selecionando na lista os \u00faltimos enviados. Voc\u00ea pode dar um nome a cada documento, fazer upload de um \u00edcone personalizado e uma imagem de visualiza\u00e7\u00e3o, escolher a op\u00e7\u00e3o de layout de arquivos e muito mais. Seu p\u00fablico pode visualizar os documentos diretamente na p\u00e1gina, em uma nova aba do navegador, e baix\u00e1-los. <\/p> <div class=\"faq\" data-component=\"FAQ\"> <div class=\"faq-item\">\r\n\t\t\t\t\t<div class=\"faq-item-question\">\r\n\t\t\t\t\t\t<h3 class=\"faq-item-question-text\">Onde no meu site posso publicar o widget<\/h3>\r\n\r\n\t\t\t\t\t\t<div class=\"faq-item-question-icon\"><\/div>\r\n\t\t\t\t\t<\/div>\r\n\r\n\t\t\t\t\t<div class=\"faq-item-answer\">\r\n\t\t\t\t\t\t<div class=\"faq-item-answer-text\"> <p>Sinta-se \u00e0 vontade para aplicar o widget File Embed em cada p\u00e1gina do seu site. Assim, voc\u00ea pode aplic\u00e1-lo para mostrar seus documentos t\u00e9cnicos ou instru\u00e7\u00f5es nas p\u00e1ginas dos produtos, ou exibir seus diplomas e certificados na p\u00e1gina Sobre n\u00f3s. <\/p> <\/div>\r\n\t\t\t\t\t<\/div>\r\n\t\t\t\t<\/div> <div class=\"faq-item\">\r\n\t\t\t\t\t<div class=\"faq-item-question\">\r\n\t\t\t\t\t\t<h3 class=\"faq-item-question-text\">Quais s\u00e3o as vantagens de ter o File Embed para mim?<\/h3>\r\n\r\n\t\t\t\t\t\t<div class=\"faq-item-question-icon\"><\/div>\r\n\t\t\t\t\t<\/div>\r\n\r\n\t\t\t\t\t<div class=\"faq-item-answer\">\r\n\t\t\t\t\t\t<div class=\"faq-item-answer-text\"> <p>Nosso widget pode economizar muito tempo, pois com ele, adicionar documentos ao seu site leva apenas alguns segundos. Al\u00e9m disso, voc\u00ea pode fornecer muitos dados significativos sobre seus itens e servi\u00e7os para melhorar a compreens\u00e3o dos clientes sobre suas ofertas. <\/p> <\/div>\r\n\t\t\t\t\t<\/div>\r\n\t\t\t\t<\/div> <div class=\"faq-item\">\r\n\t\t\t\t\t<div class=\"faq-item-question\">\r\n\t\t\t\t\t\t<h3 class=\"faq-item-question-text\">Como posso incorporar o File Embed no meu site Bigcommerce?<\/h3>\r\n\r\n\t\t\t\t\t\t<div class=\"faq-item-question-icon\"><\/div>\r\n\t\t\t\t\t<\/div>\r\n\r\n\t\t\t\t\t<div class=\"faq-item-answer\">\r\n\t\t\t\t\t\t<div class=\"faq-item-answer-text\"> <p>Leva tr\u00eas minutos do seu tempo para incorporar o widget. A instala\u00e7\u00e3o \u00e9 muito r\u00e1pida, gratuita e sem codifica\u00e7\u00e3o. <\/p> <ol> <li>Voc\u00ea pode colocar o widget em sua p\u00e1gina da web diretamente atrav\u00e9s de nosso servi\u00e7o. Basta seguir o guia nesta p\u00e1gina. <\/li> <li>O widget pode ser inserido atrav\u00e9s do nosso servi\u00e7o ou atrav\u00e9s do marketplace. Aqui voc\u00ea pode ler mais detalhes sobre as duas op\u00e7\u00f5es e escolher a sua. <\/li> <\/ol> <\/div>\r\n\t\t\t\t\t<\/div>\r\n\t\t\t\t<\/div> <\/div> <\/div> <div class=\"application-platform-content-item-features application-platform-content-item\" id=\"features\" data-nav-section=\"features\"> <h2>Recursos<\/h2> <p>Para ter um conhecimento completo do widget, veja a lista dos recursos essenciais. Eles tornam nosso widget o mais eficiente poss\u00edvel para voc\u00ea: <\/p> <ul><li>Insira documentos ilimitados; <\/li> <li>Op\u00e7\u00e3o de layout do Visualizador de Arquivos para visualizar os arquivos do site; <\/li> <li>Upload de imagens para \u00edcones e visualiza\u00e7\u00f5es de documentos; <\/li> <li>Exibir ou ocultar o texto do arquivo de download; <\/li> <li> Pinte seis detalhes da interface. <\/li> <\/ul><p>A demonstra\u00e7\u00e3o revelar\u00e1 todos os recursos para voc\u00ea<\/p> <\/div> <div class=\"application-platform-content-item-installation application-platform-content-item\" id=\"installation\" data-nav-section=\"installation\"> <h2>Veja como incorporar o widget File Embed ao seu site BigCommerce<\/h2> <div class=\"video-container\"><iframe width=\"720\" height=\"405\" src=\"https:\/\/www.youtube.com\/embed\/ZCni6DklpOM\" frameborder=\"0\" allowfullscreen=\"\"><\/iframe><\/div><p>Basta aplicar as instru\u00e7\u00f5es abaixo para come\u00e7ar a usar o aplicativo no BigCommerce.<\/p> <ol><li><b>Inicie nosso configurador gratuito e comece a criar seu personalizado ferramenta. <\/b><br> Determine o layout e os par\u00e2metros selecionados do aplicativo File Embed e aplique as edi\u00e7\u00f5es. <\/li> <li><b>Receba o c\u00f3digo exclusivo revelado na caixa dos aplicativos Elfsight. <\/b><br> Logo ap\u00f3s a conclus\u00e3o da cria\u00e7\u00e3o do seu widget pessoal, copie o c\u00f3digo individual do pop-up exibido e salve-o para uso posterior. <\/li> <li><b>Inicie a utiliza\u00e7\u00e3o do widget em seu site BigCommerce. <\/b><br> Adicione o c\u00f3digo que voc\u00ea copiou recentemente em seu site e salve os ajustes. <\/li> <li><b>A configura\u00e7\u00e3o foi totalmente conclu\u00edda. <\/b><br> Acesse seu site para observar como a ferramenta est\u00e1 funcionando. <\/li><\/ol><p>Ainda n\u00e3o consegue tomar uma decis\u00e3o? Ou tem d\u00favidas? Basta direcionar uma solicita\u00e7\u00e3o ao nosso suporte ao cliente, eles resolver\u00e3o todos os problemas. <\/p> <\/div>","protected":false},"excerpt":{"rendered":"","protected":false},"author":9,"featured_media":0,"parent":1274,"menu_order":0,"comment_status":"closed","ping_status":"closed","template":"templates\/template-application-platform.php","meta":{"publish_to_discourse":"","publish_post_category":"","wpdc_auto_publish_overridden":"","wpdc_topic_tags":"","wpdc_pin_topic":"","wpdc_pin_until":"","discourse_post_id":"","discourse_permalink":"","wpdc_publishing_response":"","wpdc_publishing_error":"","footnotes":""},"class_list":["post-11082","page","type-page","status-publish","hentry"],"yoast_head":"<!-- This site is optimized with the Yoast SEO plugin v25.3.1 - https:\/\/yoast.com\/wordpress\/plugins\/seo\/ -->\n<title>Aplicativo File Viewer - Incorpore qualquer arquivo em seu site BigCommerce (2025)<\/title>\n<meta name=\"description\" content=\"N\u00e3o \u00e9 dif\u00edcil moldar seu widget File Embed e adicion\u00e1-lo ao seu site BigCommerce. O suporte ao cliente da Elfsight \u00e9 gratuito e r\u00e1pido.\" \/>\n<meta name=\"robots\" content=\"index, follow, max-snippet:-1, max-image-preview:large, max-video-preview:-1\" \/>\n<link rel=\"canonical\" href=\"https:\/\/elfsight.com\/pt\/file-embed-widget\/bigcommerce\/\" \/>\n<meta property=\"og:locale\" content=\"pt_PT\" \/>\n<meta property=\"og:type\" content=\"article\" \/>\n<meta property=\"og:title\" content=\"Aplicativo File Viewer - Incorpore qualquer arquivo em seu site BigCommerce (2025)\" \/>\n<meta property=\"og:description\" content=\"N\u00e3o \u00e9 dif\u00edcil moldar seu widget File Embed e adicion\u00e1-lo ao seu site BigCommerce. O suporte ao cliente da Elfsight \u00e9 gratuito e r\u00e1pido.\" \/>\n<meta property=\"og:url\" content=\"https:\/\/elfsight.com\/pt\/file-embed-widget\/bigcommerce\/\" \/>\n<meta property=\"og:site_name\" content=\"Elfsight PT\" \/>\n<meta property=\"article:modified_time\" content=\"2024-11-13T12:04:56+00:00\" \/>\n<meta name=\"twitter:card\" content=\"summary_large_image\" \/>\n<meta name=\"twitter:label1\" content=\"Tempo estimado de leitura\" \/>\n\t<meta name=\"twitter:data1\" content=\"3 minutos\" \/>\n<!-- \/ Yoast SEO plugin. -->","yoast_head_json":{"title":"Aplicativo File Viewer - Incorpore qualquer arquivo em seu site BigCommerce (2025)","description":"N\u00e3o \u00e9 dif\u00edcil moldar seu widget File Embed e adicion\u00e1-lo ao seu site BigCommerce. O suporte ao cliente da Elfsight \u00e9 gratuito e r\u00e1pido.","robots":{"index":"index","follow":"follow","max-snippet":"max-snippet:-1","max-image-preview":"max-image-preview:large","max-video-preview":"max-video-preview:-1"},"canonical":"https:\/\/elfsight.com\/pt\/file-embed-widget\/bigcommerce\/","og_locale":"pt_PT","og_type":"article","og_title":"Aplicativo File Viewer - Incorpore qualquer arquivo em seu site BigCommerce (2025)","og_description":"N\u00e3o \u00e9 dif\u00edcil moldar seu widget File Embed e adicion\u00e1-lo ao seu site BigCommerce. O suporte ao cliente da Elfsight \u00e9 gratuito e r\u00e1pido.","og_url":"https:\/\/elfsight.com\/pt\/file-embed-widget\/bigcommerce\/","og_site_name":"Elfsight PT","article_modified_time":"2024-11-13T12:04:56+00:00","twitter_card":"summary_large_image","twitter_misc":{"Tempo estimado de leitura":"3 minutos"},"schema":{"@context":"https:\/\/schema.org","@graph":[{"@type":"WebPage","@id":"https:\/\/elfsight.com\/pt\/file-embed-widget\/bigcommerce\/","url":"https:\/\/elfsight.com\/pt\/file-embed-widget\/bigcommerce\/","name":"Aplicativo File Viewer - Incorpore qualquer arquivo em seu site BigCommerce (2025)","isPartOf":{"@id":"https:\/\/elfsight.com\/pt\/#website"},"datePublished":"2024-05-03T06:37:24+00:00","dateModified":"2024-11-13T12:04:56+00:00","description":"N\u00e3o \u00e9 dif\u00edcil moldar seu widget File Embed e adicion\u00e1-lo ao seu site BigCommerce. O suporte ao cliente da Elfsight \u00e9 gratuito e r\u00e1pido.","breadcrumb":{"@id":"https:\/\/elfsight.com\/pt\/file-embed-widget\/bigcommerce\/#breadcrumb"},"inLanguage":"pt-PT","potentialAction":[{"@type":"ReadAction","target":["https:\/\/elfsight.com\/pt\/file-embed-widget\/bigcommerce\/"]}]},{"@type":"BreadcrumbList","@id":"https:\/\/elfsight.com\/pt\/file-embed-widget\/bigcommerce\/#breadcrumb","itemListElement":[{"@type":"ListItem","position":1,"name":"Home","item":"https:\/\/elfsight.com\/pt\/"},{"@type":"ListItem","position":2,"name":"File Embed","item":"https:\/\/elfsight.com\/pt\/file-embed-widget\/"},{"@type":"ListItem","position":3,"name":"File Embed &#8211; BigCommerce"}]},{"@type":"WebSite","@id":"https:\/\/elfsight.com\/pt\/#website","url":"https:\/\/elfsight.com\/pt\/","name":"Elfsight PT","description":"Just another Elfsight Sites site","potentialAction":[{"@type":"SearchAction","target":{"@type":"EntryPoint","urlTemplate":"https:\/\/elfsight.com\/pt\/?s={search_term_string}"},"query-input":{"@type":"PropertyValueSpecification","valueRequired":true,"valueName":"search_term_string"}}],"inLanguage":"pt-PT"}]}},"meta_box":{"industry":"","seo_heading":"","heading":"","description":"","cta_heading":"","cta_description":"","application":"1273","h1":"Aplicativo BigCommerce FIle Incorporado","h1_caption":"Integre mais de 20 tipos de arquivos em seu site para os usu\u00e1rios visualizarem e fazerem download","application_category":[],"applications_title":"","applications_request_title":"","applications_request_button_text":"","hero_text":"","hero_video":"","hero_video_schema_markup":"","selling_points_title":"","selling_points_caption":"","selling_points":[],"selling_points_cta_text":"","features_title":"","features":"","ed_cta_examples_text":"","ed_cta_examples_hidden":"","ed_cta_demo_text":"","ed_cta_demo_hidden":"","why_caption":"","why_editor_title":"","why_editor_text":"","why_team_title":"","why_team_text":"","why_service_title":"","why_service_text":"","template_catalog_visible":"","template_catalog_title":"","template_catalog_text":"","template_catalog_categories_visible":"","demo_title":"Crie seu aplicativo File Embed","demo_caption":"Configure seu File Embed e adicione-o ao seu site BigCommerce gratuitamente!","default_faq_hidden":"","app_template_category":[],"platform":"43","template_public_id":"","codecanyon_url":"","codecanyon_item_id":"","codecanyon_price":"","pricing_caption":"","pricing_elfsight_apps_hide_column":"","pricing_elfsight_apps_url":"","pricing_codecanyon_price_caption":"","integration_category":[],"integration_request_title":"","integration_request_cta":"","integration_platform":"","integrations":[],"platform_category":[],"video_schema_markup":"","price":"a partir de US$ 0\/m\u00eas","trial":"","benefits":[{"text":"Servi\u00e7o de instala\u00e7\u00e3o gratuito"},{"text":"Atendimento ao cliente profissional"},{"text":"Garantia de devolu\u00e7\u00e3o do dinheiro em 14 dias"},{"text":"Desenvolvimento cont\u00ednuo"}],"button_url":"#demo","button_target_blank":"","button_nofollow":"","attributes":[{"name":"Instala\u00e7\u00f5es","content":"10,000 - 100,000"},{"name":"Responsivo","content":"Sim"},{"name":"Navegadores compat\u00edveis","content":"Firefox, Safari, Opera, Chrome, Edge"}],"tags":[],"tags_disable_links":"","hide_more_platforms":"","video_object":"","demo_hide_cta":"","demo_hide_cloud_options":"","pricing_title":"","pricing":[{"pricing_icon":"platform","pricing_title":"Elfsight Apps","pricing_title_caption":"Software multiplataforma que funciona em qualquer site","pricing_price":"a partir de US$ 0\/m\u00eas","pricing_price_caption":"comece com um plano gratuito","pricing_benefits":[{"text":"Dom\u00ednios ilimitados"},{"text":"Suporte dedicado e pontual"},{"text":"Suporte dedicado e pontual"},{"text":"100% personaliz\u00e1vel"}],"pricing_button_text":"Adicionar ao site","pricing_button_url":"#demo"}],"related_apps_title":"","related_apps_hidden":"","author":"","image":[],"title":"","job":"","social_networks":[]},"_links":{"self":[{"href":"https:\/\/elfsight.com\/pt\/wp-json\/wp\/v2\/pages\/11082","targetHints":{"allow":["GET"]}}],"collection":[{"href":"https:\/\/elfsight.com\/pt\/wp-json\/wp\/v2\/pages"}],"about":[{"href":"https:\/\/elfsight.com\/pt\/wp-json\/wp\/v2\/types\/page"}],"author":[{"embeddable":true,"href":"https:\/\/elfsight.com\/pt\/wp-json\/wp\/v2\/users\/9"}],"replies":[{"embeddable":true,"href":"https:\/\/elfsight.com\/pt\/wp-json\/wp\/v2\/comments?post=11082"}],"version-history":[{"count":2,"href":"https:\/\/elfsight.com\/pt\/wp-json\/wp\/v2\/pages\/11082\/revisions"}],"predecessor-version":[{"id":11872,"href":"https:\/\/elfsight.com\/pt\/wp-json\/wp\/v2\/pages\/11082\/revisions\/11872"}],"up":[{"embeddable":true,"href":"https:\/\/elfsight.com\/pt\/wp-json\/wp\/v2\/pages\/1274"}],"wp:attachment":[{"href":"https:\/\/elfsight.com\/pt\/wp-json\/wp\/v2\/media?parent=11082"}],"curies":[{"name":"wp","href":"https:\/\/api.w.org\/{rel}","templated":true}]}}