{"id":11075,"date":"2024-05-03T06:37:21","date_gmt":"2024-05-03T06:37:21","guid":{"rendered":"https:\/\/elfsight.com\/pt\/?page_id=11075"},"modified":"2025-03-06T10:19:28","modified_gmt":"2025-03-06T10:19:28","slug":"joomla","status":"publish","type":"page","link":"https:\/\/elfsight.com\/pt\/file-embed-widget\/joomla\/","title":{"rendered":"File Embed &#8211; Joomla"},"content":{"rendered":"\n<div class=\"application-platform-content-item-description application-platform-content-item\" id=\"description\" data-nav-section=\"description\"> <h2>Descri\u00e7\u00e3o<\/h2> <p>O widget Elfsight File Embed \u00e9 um dos widgets mais pr\u00e1ticos e r\u00e1pidos para integra\u00e7\u00e3o de arquivos no seu site. Cole todos os formatos mais usados: PDF, Docx, Jpg, Jpeg \u2013 no total cerca de 20 tipos. Para maior comodidade, os arquivos podem ser adicionados apenas por upload, por seus URLs ou selecionando-os na lista dos \u00faltimos enviados. Os recursos permitem que voc\u00ea d\u00ea um t\u00edtulo a cada documento, carregue seu pr\u00f3prio \u00edcone e imagem, escolha o layout dos arquivos e muito mais. Os usu\u00e1rios do site podem visualizar os documentos diretamente na p\u00e1gina, abrir em uma nova aba e fazer download. <\/p> <div class=\"faq\" data-component=\"FAQ\"> <div class=\"faq-item\">\r\n\t\t\t\t\t<div class=\"faq-item-question\">\r\n\t\t\t\t\t\t<h3 class=\"faq-item-question-text\">Onde posso exibi-lo<\/h3>\r\n\r\n\t\t\t\t\t\t<div class=\"faq-item-question-icon\"><\/div>\r\n\t\t\t\t\t<\/div>\r\n\r\n\t\t\t\t\t<div class=\"faq-item-answer\">\r\n\t\t\t\t\t\t<div class=\"faq-item-answer-text\"> <p>Voc\u00ea pode aplicar o widget Incorporar arquivo em qualquer p\u00e1gina do site. Assim, ir\u00e1 ajud\u00e1-lo a incorporar sua documenta\u00e7\u00e3o ou diretrizes tecnol\u00f3gicas nas p\u00e1ginas dos produtos correspondentes, e adicionar seus diplomas e certificados na p\u00e1gina Sobre n\u00f3s. <\/p> <\/div>\r\n\t\t\t\t\t<\/div>\r\n\t\t\t\t<\/div> <div class=\"faq-item\">\r\n\t\t\t\t\t<div class=\"faq-item-question\">\r\n\t\t\t\t\t\t<h3 class=\"faq-item-question-text\">Como poderei beneficiar deste plugin?<\/h3>\r\n\r\n\t\t\t\t\t\t<div class=\"faq-item-question-icon\"><\/div>\r\n\t\t\t\t\t<\/div>\r\n\r\n\t\t\t\t\t<div class=\"faq-item-answer\">\r\n\t\t\t\t\t\t<div class=\"faq-item-answer-text\"> <p>O widget da Elfsight pode poupar-lhe muito tempo, porque com a sua ajuda, a integra\u00e7\u00e3o de documentos no seu site demora apenas segundos. Al\u00e9m disso, ajuda voc\u00ea a fornecer muitas informa\u00e7\u00f5es significativas sobre seus itens e servi\u00e7os e a obter um melhor conhecimento dos clientes sobre suas ofertas. <\/p> <\/div>\r\n\t\t\t\t\t<\/div>\r\n\t\t\t\t<\/div> <div class=\"faq-item\">\r\n\t\t\t\t\t<div class=\"faq-item-question\">\r\n\t\t\t\t\t\t<h3 class=\"faq-item-question-text\">Como adicionar arquivo incorporado ao Joomla?<\/h3>\r\n\r\n\t\t\t\t\t\t<div class=\"faq-item-question-icon\"><\/div>\r\n\t\t\t\t\t<\/div>\r\n\r\n\t\t\t\t\t<div class=\"faq-item-answer\">\r\n\t\t\t\t\t\t<div class=\"faq-item-answer-text\"> <p>Leva apenas alguns minutos para come\u00e7ar a usar o widget. Este processo \u00e9 extremamente r\u00e1pido, gratuito e sem codifica\u00e7\u00e3o. <\/p> <ol> <li>Voc\u00ea pode incorporar o File Embed ao seu site atrav\u00e9s do nosso servi\u00e7o. Para isso, verifique a breve descri\u00e7\u00e3o a seguir nesta p\u00e1gina. <\/li> <li>O Elfsight File Embed pode ser adicionado atrav\u00e9s do nosso servi\u00e7o ou atrav\u00e9s do mercado. Voc\u00ea pode aprender sobre essas op\u00e7\u00f5es e selecionar as mais adequadas. <\/li> <\/ol> <\/div>\r\n\t\t\t\t\t<\/div>\r\n\t\t\t\t<\/div> <\/div> <\/div> <div class=\"application-platform-content-item-features application-platform-content-item\" id=\"features\" data-nav-section=\"features\"> <h2>Recursos<\/h2> <p>Para ter um conhecimento mais claro sobre incorpora\u00e7\u00e3o de arquivos, veja a lista de suas fun\u00e7\u00f5es mais importantes. Eles tornam nosso widget ben\u00e9fico para voc\u00ea: <\/p> <ul><li>Adicione documentos ilimitados; <\/li> <li>Op\u00e7\u00e3o de layout do Visualizador de Arquivos para visualizar arquivos na p\u00e1gina; <\/li> <li>Fazer upload de imagens para \u00edcones e visualiza\u00e7\u00f5es; <\/li> <li>Exibindo ou ocultando o r\u00f3tulo do arquivo de download; <\/li> <li> A op\u00e7\u00e3o de pintar 6 elementos da interface. <\/li> <\/ul><p><a href=\"#demo\">Para aprender mais recursos, veja nossa demonstra\u00e7\u00e3o ao vivo<\/a><\/p> <\/div> <div class=\"application-platform-content-item-installation application-platform-content-item\" id=\"installation\" data-nav-section=\"installation\"> <h2>Vamos ver como incorporar o widget ao seu site Joomla <\/h2> <p>Basta seguir as instru\u00e7\u00f5es abaixo para adicionar a extens\u00e3o File Embed no Joomla.<\/p> <ol><li><b>Use nosso editor gratuito e comece a formar sua extens\u00e3o exclusiva. <\/b><br> Especifique o design selecionado e as op\u00e7\u00f5es do widget e aplique as corre\u00e7\u00f5es. <\/li> <li><b>Receba o seu c\u00f3digo pessoal que aparece na janela das aplica\u00e7\u00f5es Elfsight. <\/b><br> Assim que o estabelecimento da sua extens\u00e3o for conclu\u00eddo, copie o c\u00f3digo pessoal da janela exibida e guarde-o para uso posterior. <\/li> <li><b>Comece a usar a ferramenta no site Joomla. <\/b><br> Adicione o c\u00f3digo salvo anteriormente em seu site e aplique as modifica\u00e7\u00f5es. <\/li> <li><b>Conclu\u00eddo! A configura\u00e7\u00e3o foi executada com sucesso. <\/b><br> Visite seu site para examinar o funcionamento da extens\u00e3o. <\/li><\/ol><p>Ainda n\u00e3o consegue tomar uma decis\u00e3o? Ou tem d\u00favidas? Apenas uma \u00fanica solicita\u00e7\u00e3o \u00e0 nossa equipe de suporte resolver\u00e1 todas as quest\u00f5es. <\/p> <\/div>\n","protected":false},"excerpt":{"rendered":"","protected":false},"author":9,"featured_media":0,"parent":1274,"menu_order":0,"comment_status":"closed","ping_status":"closed","template":"templates\/template-application-platform.php","meta":{"publish_to_discourse":"","publish_post_category":"","wpdc_auto_publish_overridden":"","wpdc_topic_tags":"","wpdc_pin_topic":"","wpdc_pin_until":"","discourse_post_id":"","discourse_permalink":"","wpdc_publishing_response":"","wpdc_publishing_error":"","footnotes":""},"class_list":["post-11075","page","type-page","status-publish","hentry"],"yoast_head":"<!-- This site is optimized with the Yoast SEO plugin v25.3.1 - https:\/\/yoast.com\/wordpress\/plugins\/seo\/ -->\n<title>Extens\u00e3o File Viewer - Incorpore qualquer arquivo em seu site Joomla (2025)<\/title>\n<meta name=\"description\" content=\"Com a Elfsight, produza a sua extens\u00e3o File Embed e insira-a no seu site Joomla com facilidade. Temos suporte gratuito ao cliente e mais b\u00f4nus.\" \/>\n<meta name=\"robots\" content=\"index, follow, max-snippet:-1, max-image-preview:large, max-video-preview:-1\" \/>\n<link rel=\"canonical\" href=\"https:\/\/elfsight.com\/pt\/file-embed-widget\/joomla\/\" \/>\n<meta property=\"og:locale\" content=\"pt_PT\" \/>\n<meta property=\"og:type\" content=\"article\" \/>\n<meta property=\"og:title\" content=\"Extens\u00e3o File Viewer - Incorpore qualquer arquivo em seu site Joomla (2025)\" \/>\n<meta property=\"og:description\" content=\"Com a Elfsight, produza a sua extens\u00e3o File Embed e insira-a no seu site Joomla com facilidade. Temos suporte gratuito ao cliente e mais b\u00f4nus.\" \/>\n<meta property=\"og:url\" content=\"https:\/\/elfsight.com\/pt\/file-embed-widget\/joomla\/\" \/>\n<meta property=\"og:site_name\" content=\"Elfsight PT\" \/>\n<meta property=\"article:modified_time\" content=\"2025-03-06T10:19:28+00:00\" \/>\n<meta name=\"twitter:card\" content=\"summary_large_image\" \/>\n<meta name=\"twitter:label1\" content=\"Tempo estimado de leitura\" \/>\n\t<meta name=\"twitter:data1\" content=\"3 minutos\" \/>\n<!-- \/ Yoast SEO plugin. -->","yoast_head_json":{"title":"Extens\u00e3o File Viewer - Incorpore qualquer arquivo em seu site Joomla (2025)","description":"Com a Elfsight, produza a sua extens\u00e3o File Embed e insira-a no seu site Joomla com facilidade. Temos suporte gratuito ao cliente e mais b\u00f4nus.","robots":{"index":"index","follow":"follow","max-snippet":"max-snippet:-1","max-image-preview":"max-image-preview:large","max-video-preview":"max-video-preview:-1"},"canonical":"https:\/\/elfsight.com\/pt\/file-embed-widget\/joomla\/","og_locale":"pt_PT","og_type":"article","og_title":"Extens\u00e3o File Viewer - Incorpore qualquer arquivo em seu site Joomla (2025)","og_description":"Com a Elfsight, produza a sua extens\u00e3o File Embed e insira-a no seu site Joomla com facilidade. Temos suporte gratuito ao cliente e mais b\u00f4nus.","og_url":"https:\/\/elfsight.com\/pt\/file-embed-widget\/joomla\/","og_site_name":"Elfsight PT","article_modified_time":"2025-03-06T10:19:28+00:00","twitter_card":"summary_large_image","twitter_misc":{"Tempo estimado de leitura":"3 minutos"},"schema":{"@context":"https:\/\/schema.org","@graph":[{"@type":"WebPage","@id":"https:\/\/elfsight.com\/pt\/file-embed-widget\/joomla\/","url":"https:\/\/elfsight.com\/pt\/file-embed-widget\/joomla\/","name":"Extens\u00e3o File Viewer - Incorpore qualquer arquivo em seu site Joomla (2025)","isPartOf":{"@id":"https:\/\/elfsight.com\/pt\/#website"},"datePublished":"2024-05-03T06:37:21+00:00","dateModified":"2025-03-06T10:19:28+00:00","description":"Com a Elfsight, produza a sua extens\u00e3o File Embed e insira-a no seu site Joomla com facilidade. Temos suporte gratuito ao cliente e mais b\u00f4nus.","breadcrumb":{"@id":"https:\/\/elfsight.com\/pt\/file-embed-widget\/joomla\/#breadcrumb"},"inLanguage":"pt-PT","potentialAction":[{"@type":"ReadAction","target":["https:\/\/elfsight.com\/pt\/file-embed-widget\/joomla\/"]}]},{"@type":"BreadcrumbList","@id":"https:\/\/elfsight.com\/pt\/file-embed-widget\/joomla\/#breadcrumb","itemListElement":[{"@type":"ListItem","position":1,"name":"Home","item":"https:\/\/elfsight.com\/pt\/"},{"@type":"ListItem","position":2,"name":"File Embed","item":"https:\/\/elfsight.com\/pt\/file-embed-widget\/"},{"@type":"ListItem","position":3,"name":"File Embed &#8211; Joomla"}]},{"@type":"WebSite","@id":"https:\/\/elfsight.com\/pt\/#website","url":"https:\/\/elfsight.com\/pt\/","name":"Elfsight PT","description":"Just another Elfsight Sites site","potentialAction":[{"@type":"SearchAction","target":{"@type":"EntryPoint","urlTemplate":"https:\/\/elfsight.com\/pt\/?s={search_term_string}"},"query-input":{"@type":"PropertyValueSpecification","valueRequired":true,"valueName":"search_term_string"}}],"inLanguage":"pt-PT"}]}},"meta_box":{"industry":"","seo_heading":"","heading":"","description":"","cta_heading":"","cta_description":"","application":"1273","h1":"Extens\u00e3o de incorpora\u00e7\u00e3o de arquivo Joomla","h1_caption":"Adicione mais de 20 tipos de arquivos ao site para os usu\u00e1rios lerem e baixarem","application_category":[],"applications_title":"","applications_request_title":"","applications_request_button_text":"","hero_text":"","hero_video":"","hero_video_schema_markup":"","selling_points_title":"","selling_points_caption":"","selling_points":[],"selling_points_cta_text":"","features_title":"","features":"","ed_cta_examples_text":"","ed_cta_examples_hidden":"","ed_cta_demo_text":"","ed_cta_demo_hidden":"","why_caption":"","why_editor_title":"","why_editor_text":"","why_team_title":"","why_team_text":"","why_service_title":"","why_service_text":"","template_catalog_visible":"0","template_catalog_title":"","template_catalog_text":"","template_catalog_categories_visible":"","demo_title":"Crie seu plugin File Embed","demo_caption":"Configure seu File Embed e adicione-o ao seu site Joomla gratuitamente!","default_faq_hidden":"","app_template_category":[],"platform":"52","template_public_id":"","codecanyon_url":"","codecanyon_item_id":"","codecanyon_price":"","pricing_caption":"","pricing_elfsight_apps_hide_column":"","pricing_elfsight_apps_url":"","pricing_codecanyon_price_caption":"","integration_category":[],"integration_request_title":"","integration_request_cta":"","integration_platform":"","integrations":[],"platform_category":[],"video_schema_markup":"","price":"a partir de US$ 0\/m\u00eas","trial":"","benefits":[{"text":"Ajuda de instala\u00e7\u00e3o gratuita"},{"text":"Suporte excepcional"},{"text":"Garantia de reembolso de 14 dias"},{"text":"Melhorias cont\u00ednuas"}],"button_url":"#demo","button_target_blank":"0","button_nofollow":"0","attributes":[{"name":"Instala\u00e7\u00f5es","content":"10,000 - 100,000"},{"name":"Responsivo","content":"Sim"},{"name":"Navegadores compat\u00edveis","content":"IE11, Firefox, Safari, Opera, Chrome, Edge"}],"tags":[],"tags_disable_links":"0","hide_more_platforms":"0","video_object":"","demo_hide_cta":"0","demo_hide_cloud_options":"0","pricing_title":"","pricing":[{"pricing_icon":"platform","pricing_title":"Elfsight Apps","pricing_title_caption":"Software multiplataforma que funciona em qualquer site","pricing_price":"a partir de US$ 0\/m\u00eas","pricing_price_caption":"comece com plano gratuito","pricing_benefits":[{"text":"Dom\u00ednios ilimitados"},{"text":"Suporte premium"},{"text":"Suporte premium"},{"text":"Oferta especial para v\u00e1rios aplicativos"}],"pricing_button_text":"Adicionar ao site","pricing_button_url":"#demo"}],"related_apps_title":"","related_apps_hidden":"0","author":"","image":[],"title":"","job":"","social_networks":[]},"_links":{"self":[{"href":"https:\/\/elfsight.com\/pt\/wp-json\/wp\/v2\/pages\/11075","targetHints":{"allow":["GET"]}}],"collection":[{"href":"https:\/\/elfsight.com\/pt\/wp-json\/wp\/v2\/pages"}],"about":[{"href":"https:\/\/elfsight.com\/pt\/wp-json\/wp\/v2\/types\/page"}],"author":[{"embeddable":true,"href":"https:\/\/elfsight.com\/pt\/wp-json\/wp\/v2\/users\/9"}],"replies":[{"embeddable":true,"href":"https:\/\/elfsight.com\/pt\/wp-json\/wp\/v2\/comments?post=11075"}],"version-history":[{"count":2,"href":"https:\/\/elfsight.com\/pt\/wp-json\/wp\/v2\/pages\/11075\/revisions"}],"predecessor-version":[{"id":14412,"href":"https:\/\/elfsight.com\/pt\/wp-json\/wp\/v2\/pages\/11075\/revisions\/14412"}],"up":[{"embeddable":true,"href":"https:\/\/elfsight.com\/pt\/wp-json\/wp\/v2\/pages\/1274"}],"wp:attachment":[{"href":"https:\/\/elfsight.com\/pt\/wp-json\/wp\/v2\/media?parent=11075"}],"curies":[{"name":"wp","href":"https:\/\/api.w.org\/{rel}","templated":true}]}}