{"id":11068,"date":"2024-05-03T06:37:18","date_gmt":"2024-05-03T06:37:18","guid":{"rendered":"https:\/\/elfsight.com\/pt\/?page_id=11068"},"modified":"2025-03-06T10:22:58","modified_gmt":"2025-03-06T10:22:58","slug":"html","status":"publish","type":"page","link":"https:\/\/elfsight.com\/pt\/file-embed-widget\/html\/","title":{"rendered":"File Embed &#8211; HTML"},"content":{"rendered":"\n<div class=\"application-platform-content-item-description application-platform-content-item\" id=\"description\" data-nav-section=\"description\"> <h2>Descri\u00e7\u00e3o<\/h2> <p>O widget Elfsight File Embed \u00e9 a ferramenta mais f\u00e1cil e r\u00e1pida para inserir arquivos no seu site. Cole todos os formatos mais usados: PDF, Docx, Jpg, Jpeg \u2013 no total cerca de 20 tipos. Para maior comodidade, os arquivos podem ser colados simplesmente fazendo upload, inserindo os URLs ou selecionando o \u00faltimo enviado. Voc\u00ea pode dar a cada arquivo seu pr\u00f3prio nome, fazer upload de um \u00edcone ou imagem de visualiza\u00e7\u00e3o, escolher o layout e muito mais. Os visitantes do site podem verificar os documentos diretamente no seu site, visualiz\u00e1-los em uma nova aba e fazer download. <\/p> <div class=\"faq\" data-component=\"FAQ\"> <div class=\"faq-item\">\r\n\t\t\t\t\t<div class=\"faq-item-question\">\r\n\t\t\t\t\t\t<h3 class=\"faq-item-question-text\">Onde posso instalar o File Embed?<\/h3>\r\n\r\n\t\t\t\t\t\t<div class=\"faq-item-question-icon\"><\/div>\r\n\t\t\t\t\t<\/div>\r\n\r\n\t\t\t\t\t<div class=\"faq-item-answer\">\r\n\t\t\t\t\t\t<div class=\"faq-item-answer-text\"> <p>Voc\u00ea pode exibir o widget File Embed em qualquer p\u00e1gina do site. Por exemplo, voc\u00ea pode us\u00e1-lo para publicar seus documentos ou diretrizes tecnol\u00f3gicas nas p\u00e1ginas dos produtos, ou mostrar seus diplomas e certificados na landing page. <\/p> <\/div>\r\n\t\t\t\t\t<\/div>\r\n\t\t\t\t<\/div> <div class=\"faq-item\">\r\n\t\t\t\t\t<div class=\"faq-item-question\">\r\n\t\t\t\t\t\t<h3 class=\"faq-item-question-text\">Quais benef\u00edcios isso me traz?<\/h3>\r\n\r\n\t\t\t\t\t\t<div class=\"faq-item-question-icon\"><\/div>\r\n\t\t\t\t\t<\/div>\r\n\r\n\t\t\t\t\t<div class=\"faq-item-answer\">\r\n\t\t\t\t\t\t<div class=\"faq-item-answer-text\"> <p>Nosso widget pode economizar muito tempo, porque com sua ajuda, a integra\u00e7\u00e3o de arquivos em seu site ocorre em apenas alguns segundos . Al\u00e9m disso, ajuda a exibir muitos dados \u00fateis sobre suas ofertas ou servi\u00e7os para obter um melhor conhecimento dos clientes sobre seus itens. <\/p> <\/div>\r\n\t\t\t\t\t<\/div>\r\n\t\t\t\t<\/div> <div class=\"faq-item\">\r\n\t\t\t\t\t<div class=\"faq-item-question\">\r\n\t\t\t\t\t\t<h3 class=\"faq-item-question-text\">O que preciso para adicionar o File Embed ao meu site HTML?<\/h3>\r\n\r\n\t\t\t\t\t\t<div class=\"faq-item-question-icon\"><\/div>\r\n\t\t\t\t\t<\/div>\r\n\r\n\t\t\t\t\t<div class=\"faq-item-answer\">\r\n\t\t\t\t\t\t<div class=\"faq-item-answer-text\"> <p>Leva apenas um minuto do seu tempo para come\u00e7ar a usar o widget. O processo de integra\u00e7\u00e3o \u00e9 muito r\u00e1pido, gratuito e sem codifica\u00e7\u00e3o. <\/p> <ol> <li>Voc\u00ea pode colar o arquivo incorporado no site diretamente em nosso servi\u00e7o. Para isso, voc\u00ea precisa ver as instru\u00e7\u00f5es nesta p\u00e1gina. <\/li> <li>O widget pode ser integrado atrav\u00e9s do nosso servi\u00e7o ou atrav\u00e9s do mercado. Aqui voc\u00ea poder\u00e1 conhecer todos os detalhes de ambas as variantes e decidir qual \u00e9 a sua. <\/li> <\/ol> <\/div>\r\n\t\t\t\t\t<\/div>\r\n\t\t\t\t<\/div> <\/div> <\/div> <div class=\"application-platform-content-item-features application-platform-content-item\" id=\"features\" data-nav-section=\"features\"> <h2>Recursos<\/h2> <p>Tenha uma ideia clara do File Embed, verificando uma lista das principais caracter\u00edsticas. Eles tornam o widget m\u00e1ximo eficaz para sua promo\u00e7\u00e3o: <\/p> <ul><li>Inserir quantidade ilimitada de documentos; <\/li> <li>Op\u00e7\u00e3o de layout do Visualizador de Arquivos para visualizar os documentos do site; <\/li> <li>A op\u00e7\u00e3o de fazer upload de imagens para \u00edcones e visualiza\u00e7\u00f5es de documentos; <\/li> <li>Exibir ou remover o r\u00f3tulo do documento de download; <\/li> <li>Seis detalhes pint\u00e1veis \u200b\u200bda interface do widget. <\/li> <\/ul><p><a href=\"#demo\">Para ver todos os recursos, veja a demonstra\u00e7\u00e3o ao vivo<\/a><\/p> <\/div> <div class=\"application-platform-content-item-installation application-platform-content-item\" id=\"installation\" data-nav-section=\"installation\"> <h2>Vamos verificar como colocar o widget Incorporar arquivo em seu HTML local na rede Internet. \u00c9 incrivelmente simples.<\/h2> <div class=\"video-container\"><iframe width=\"720\" height=\"405\" src=\"https:\/\/www.youtube.com\/embed\/Wn6XsosWI8M\" frameborder=\"0\" allowfullscreen=\"\"><\/iframe><\/div><p>As a\u00e7\u00f5es a seguir s\u00e3o a \u00fanica coisa que voc\u00ea precisa realizar para que fique livre de codifica\u00e7\u00e3o. <\/p> <ol><li><b>Crie seu plugin File Embed personalizado<\/b><br> Por meio de nosso configurador gratuito, obtenha um plugin com composi\u00e7\u00e3o e funcionalidade preferidas. <\/li><li><b>Copie o c\u00f3digo individual para exibir o plugin<\/b><br> Depois de configurar o seu widget, voc\u00ea receber\u00e1 o c\u00f3digo de instala\u00e7\u00e3o na janela que aparece nos aplicativos Elfsight. Copie. <\/li> <li><b>Adicione o plugin em seu site HTML<\/b><br> Escolha o local na idade onde deseja mostrar o plugin e cole o c\u00f3digo copiado l\u00e1. Aplique os resultados. <\/li> <li><b>Conclu\u00eddo! <\/b><br> Visite seu site para ver seu trabalho. <\/li> <\/ol><p>Ainda inseguro? Ou trope\u00e7ou em alguma coisa? Basta enviar uma solicita\u00e7\u00e3o para nossa equipe de suporte para resolver todos os problemas. <\/p> <\/div>\n","protected":false},"excerpt":{"rendered":"","protected":false},"author":9,"featured_media":0,"parent":1274,"menu_order":0,"comment_status":"closed","ping_status":"closed","template":"templates\/template-application-platform.php","meta":{"publish_to_discourse":"","publish_post_category":"","wpdc_auto_publish_overridden":"","wpdc_topic_tags":"","wpdc_pin_topic":"","wpdc_pin_until":"","discourse_post_id":"","discourse_permalink":"","wpdc_publishing_response":"","wpdc_publishing_error":"","footnotes":""},"class_list":["post-11068","page","type-page","status-publish","hentry"],"yoast_head":"<!-- This site is optimized with the Yoast SEO plugin v25.3.1 - https:\/\/yoast.com\/wordpress\/plugins\/seo\/ -->\n<title>Widget Visualizador de Arquivos - Incorpore qualquer arquivo em seu site HTML (2025)<\/title>\n<meta name=\"description\" content=\"\u00c9 f\u00e1cil criar seu widget File Embed e public\u00e1-lo em seu site HTML. O atendimento ao cliente da Elfsight \u00e9 gratuito e r\u00e1pido.\" \/>\n<meta name=\"robots\" content=\"index, follow, max-snippet:-1, max-image-preview:large, max-video-preview:-1\" \/>\n<link rel=\"canonical\" href=\"https:\/\/elfsight.com\/pt\/file-embed-widget\/html\/\" \/>\n<meta property=\"og:locale\" content=\"pt_PT\" \/>\n<meta property=\"og:type\" content=\"article\" \/>\n<meta property=\"og:title\" content=\"Widget Visualizador de Arquivos - Incorpore qualquer arquivo em seu site HTML (2025)\" \/>\n<meta property=\"og:description\" content=\"\u00c9 f\u00e1cil criar seu widget File Embed e public\u00e1-lo em seu site HTML. O atendimento ao cliente da Elfsight \u00e9 gratuito e r\u00e1pido.\" \/>\n<meta property=\"og:url\" content=\"https:\/\/elfsight.com\/pt\/file-embed-widget\/html\/\" \/>\n<meta property=\"og:site_name\" content=\"Elfsight PT\" \/>\n<meta property=\"article:modified_time\" content=\"2025-03-06T10:22:58+00:00\" \/>\n<meta name=\"twitter:card\" content=\"summary_large_image\" \/>\n<meta name=\"twitter:label1\" content=\"Tempo estimado de leitura\" \/>\n\t<meta name=\"twitter:data1\" content=\"3 minutos\" \/>\n<!-- \/ Yoast SEO plugin. -->","yoast_head_json":{"title":"Widget Visualizador de Arquivos - Incorpore qualquer arquivo em seu site HTML (2025)","description":"\u00c9 f\u00e1cil criar seu widget File Embed e public\u00e1-lo em seu site HTML. O atendimento ao cliente da Elfsight \u00e9 gratuito e r\u00e1pido.","robots":{"index":"index","follow":"follow","max-snippet":"max-snippet:-1","max-image-preview":"max-image-preview:large","max-video-preview":"max-video-preview:-1"},"canonical":"https:\/\/elfsight.com\/pt\/file-embed-widget\/html\/","og_locale":"pt_PT","og_type":"article","og_title":"Widget Visualizador de Arquivos - Incorpore qualquer arquivo em seu site HTML (2025)","og_description":"\u00c9 f\u00e1cil criar seu widget File Embed e public\u00e1-lo em seu site HTML. O atendimento ao cliente da Elfsight \u00e9 gratuito e r\u00e1pido.","og_url":"https:\/\/elfsight.com\/pt\/file-embed-widget\/html\/","og_site_name":"Elfsight PT","article_modified_time":"2025-03-06T10:22:58+00:00","twitter_card":"summary_large_image","twitter_misc":{"Tempo estimado de leitura":"3 minutos"},"schema":{"@context":"https:\/\/schema.org","@graph":[{"@type":"WebPage","@id":"https:\/\/elfsight.com\/pt\/file-embed-widget\/html\/","url":"https:\/\/elfsight.com\/pt\/file-embed-widget\/html\/","name":"Widget Visualizador de Arquivos - Incorpore qualquer arquivo em seu site HTML (2025)","isPartOf":{"@id":"https:\/\/elfsight.com\/pt\/#website"},"datePublished":"2024-05-03T06:37:18+00:00","dateModified":"2025-03-06T10:22:58+00:00","description":"\u00c9 f\u00e1cil criar seu widget File Embed e public\u00e1-lo em seu site HTML. O atendimento ao cliente da Elfsight \u00e9 gratuito e r\u00e1pido.","breadcrumb":{"@id":"https:\/\/elfsight.com\/pt\/file-embed-widget\/html\/#breadcrumb"},"inLanguage":"pt-PT","potentialAction":[{"@type":"ReadAction","target":["https:\/\/elfsight.com\/pt\/file-embed-widget\/html\/"]}]},{"@type":"BreadcrumbList","@id":"https:\/\/elfsight.com\/pt\/file-embed-widget\/html\/#breadcrumb","itemListElement":[{"@type":"ListItem","position":1,"name":"Home","item":"https:\/\/elfsight.com\/pt\/"},{"@type":"ListItem","position":2,"name":"File Embed","item":"https:\/\/elfsight.com\/pt\/file-embed-widget\/"},{"@type":"ListItem","position":3,"name":"File Embed &#8211; HTML"}]},{"@type":"WebSite","@id":"https:\/\/elfsight.com\/pt\/#website","url":"https:\/\/elfsight.com\/pt\/","name":"Elfsight PT","description":"Just another Elfsight Sites site","potentialAction":[{"@type":"SearchAction","target":{"@type":"EntryPoint","urlTemplate":"https:\/\/elfsight.com\/pt\/?s={search_term_string}"},"query-input":{"@type":"PropertyValueSpecification","valueRequired":true,"valueName":"search_term_string"}}],"inLanguage":"pt-PT"}]}},"meta_box":{"industry":"","seo_heading":"","heading":"","description":"","cta_heading":"","cta_description":"","application":"1273","h1":"Widget de incorpora\u00e7\u00e3o de arquivo HTML","h1_caption":"Insira mais de 20 tipos de documentos no site para seu p\u00fablico usar ou baixar","application_category":[],"applications_title":"","applications_request_title":"","applications_request_button_text":"","hero_text":"","hero_video":"","hero_video_schema_markup":"","selling_points_title":"","selling_points_caption":"","selling_points":[],"selling_points_cta_text":"","features_title":"","features":"","ed_cta_examples_text":"","ed_cta_examples_hidden":"","ed_cta_demo_text":"","ed_cta_demo_hidden":"","why_caption":"","why_editor_title":"","why_editor_text":"","why_team_title":"","why_team_text":"","why_service_title":"","why_service_text":"","template_catalog_visible":"0","template_catalog_title":"","template_catalog_text":"","template_catalog_categories_visible":"","demo_title":"Crie seu widget de incorpora\u00e7\u00e3o de arquivo","demo_caption":"Configure seu File Embed e adicione-o ao seu site HTML gratuitamente!","default_faq_hidden":"","app_template_category":[],"platform":"49","template_public_id":"","codecanyon_url":"","codecanyon_item_id":"","codecanyon_price":"","pricing_caption":"","pricing_elfsight_apps_hide_column":"","pricing_elfsight_apps_url":"","pricing_codecanyon_price_caption":"","integration_category":[],"integration_request_title":"","integration_request_cta":"","integration_platform":"","integrations":[],"platform_category":[],"video_schema_markup":"","price":"a partir de US$ 0\/m\u00eas","trial":"","benefits":[{"text":"Servi\u00e7o de instala\u00e7\u00e3o gratuito"},{"text":"Suporte ao cliente experiente"},{"text":"Garantia de reembolso de 14 dias"},{"text":"Atualizando constantemente"}],"button_url":"#demo","button_target_blank":"0","button_nofollow":"0","attributes":[{"name":"Instala\u00e7\u00f5es","content":"10,000 - 100,000"},{"name":"Responsivo","content":"Sim"},{"name":"Navegadores compat\u00edveis","content":"Firefox, Safari, Opera, Chrome, Edge"}],"tags":[],"tags_disable_links":"0","hide_more_platforms":"0","video_object":"","demo_hide_cta":"0","demo_hide_cloud_options":"0","pricing_title":"","pricing":[{"pricing_icon":"platform","pricing_title":"Elfsight Apps","pricing_title_caption":"Vers\u00e3o multiplataforma","pricing_price":"a partir de US$ 0\/m\u00eas","pricing_price_caption":"comece com plano gratuito","pricing_benefits":[{"text":"Sites ilimitados"},{"text":"Suporte premium e pontual"},{"text":"Suporte premium e pontual"},{"text":"Pre\u00e7o especial para v\u00e1rios aplicativos"}],"pricing_button_text":"Adicionar ao site","pricing_button_url":"#demo"}],"related_apps_title":"","related_apps_hidden":"0","author":"","image":[],"title":"","job":"","social_networks":[]},"_links":{"self":[{"href":"https:\/\/elfsight.com\/pt\/wp-json\/wp\/v2\/pages\/11068","targetHints":{"allow":["GET"]}}],"collection":[{"href":"https:\/\/elfsight.com\/pt\/wp-json\/wp\/v2\/pages"}],"about":[{"href":"https:\/\/elfsight.com\/pt\/wp-json\/wp\/v2\/types\/page"}],"author":[{"embeddable":true,"href":"https:\/\/elfsight.com\/pt\/wp-json\/wp\/v2\/users\/9"}],"replies":[{"embeddable":true,"href":"https:\/\/elfsight.com\/pt\/wp-json\/wp\/v2\/comments?post=11068"}],"version-history":[{"count":2,"href":"https:\/\/elfsight.com\/pt\/wp-json\/wp\/v2\/pages\/11068\/revisions"}],"predecessor-version":[{"id":14415,"href":"https:\/\/elfsight.com\/pt\/wp-json\/wp\/v2\/pages\/11068\/revisions\/14415"}],"up":[{"embeddable":true,"href":"https:\/\/elfsight.com\/pt\/wp-json\/wp\/v2\/pages\/1274"}],"wp:attachment":[{"href":"https:\/\/elfsight.com\/pt\/wp-json\/wp\/v2\/media?parent=11068"}],"curies":[{"name":"wp","href":"https:\/\/api.w.org\/{rel}","templated":true}]}}