{"id":11065,"date":"2024-05-03T06:37:15","date_gmt":"2024-05-03T06:37:15","guid":{"rendered":"https:\/\/elfsight.com\/pt\/?page_id=11065"},"modified":"2025-03-06T10:25:31","modified_gmt":"2025-03-06T10:25:31","slug":"shopify","status":"publish","type":"page","link":"https:\/\/elfsight.com\/pt\/file-embed-widget\/shopify\/","title":{"rendered":"File Embed &#8211; Shopify"},"content":{"rendered":"\n<div class=\"application-platform-content-item-description application-platform-content-item\" id=\"description\" data-nav-section=\"description\"> <h2>Incorporar arquivo Incorporar no Shopify com o widget Elfsight<\/h2> <p>O widget Elfsight File Embed \u00e9 a maneira mais pr\u00e1tica e r\u00e1pida de adicionar arquivos para um site. Integre todos os formatos de arquivo comuns: PDF, Docx, Jpg, Pptx \u2013 tudo em cerca de 20 formatos. Para sua facilidade de uso, os documentos podem ser incorporados simplesmente fazendo upload, inserindo seus URLs ou escolhendo um dos \u00faltimos enviados. Voc\u00ea pode dar a cada arquivo seu pr\u00f3prio t\u00edtulo, fazer upload de seu pr\u00f3prio \u00edcone e imagem, escolher uma variante de layout e muito mais. O p\u00fablico do site pode visualizar os arquivos diretamente na p\u00e1gina, abri-los em uma nova aba do navegador e fazer o download. <\/p> <div class=\"faq\" data-component=\"FAQ\"> <div class=\"faq-item\">\r\n\t\t\t\t\t<div class=\"faq-item-question\">\r\n\t\t\t\t\t\t<h3 class=\"faq-item-question-text\">Onde posso exibi-lo no meu site<\/h3>\r\n\r\n\t\t\t\t\t\t<div class=\"faq-item-question-icon\"><\/div>\r\n\t\t\t\t\t<\/div>\r\n\r\n\t\t\t\t\t<div class=\"faq-item-answer\">\r\n\t\t\t\t\t\t<div class=\"faq-item-answer-text\"> <p>Voc\u00ea pode adicionar o widget Incorporar arquivo em qualquer uma ou em todas as p\u00e1ginas do seu site. Assim, com ele voc\u00ea pode adicionar sua documenta\u00e7\u00e3o ou especifica\u00e7\u00f5es tecnol\u00f3gicas nas p\u00e1ginas dos produtos, ou adicionar seus diplomas e qualifica\u00e7\u00f5es na p\u00e1gina Sobre n\u00f3s. <\/p> <\/div>\r\n\t\t\t\t\t<\/div>\r\n\t\t\t\t<\/div> <div class=\"faq-item\">\r\n\t\t\t\t\t<div class=\"faq-item-question\">\r\n\t\t\t\t\t\t<h3 class=\"faq-item-question-text\">Quais s\u00e3o os benef\u00edcios de ter o File Embed para mim?<\/h3>\r\n\r\n\t\t\t\t\t\t<div class=\"faq-item-question-icon\"><\/div>\r\n\t\t\t\t\t<\/div>\r\n\r\n\t\t\t\t\t<div class=\"faq-item-answer\">\r\n\t\t\t\t\t\t<div class=\"faq-item-answer-text\"> <p>Este widget pode poupar bastante tempo, j\u00e1 que com ele, adicionar documentos ao seu site leva apenas segundos. Al\u00e9m disso, voc\u00ea apresentar\u00e1 muitos dados valiosos sobre seus produtos ou servi\u00e7os para melhorar a compreens\u00e3o dos usu\u00e1rios sobre suas ofertas. <\/p> <\/div>\r\n\t\t\t\t\t<\/div>\r\n\t\t\t\t<\/div> <div class=\"faq-item\">\r\n\t\t\t\t\t<div class=\"faq-item-question\">\r\n\t\t\t\t\t\t<h3 class=\"faq-item-question-text\">Como adiciono o File Embed ao meu site do Shopify?<\/h3>\r\n\r\n\t\t\t\t\t\t<div class=\"faq-item-question-icon\"><\/div>\r\n\t\t\t\t\t<\/div>\r\n\r\n\t\t\t\t\t<div class=\"faq-item-answer\">\r\n\t\t\t\t\t\t<div class=\"faq-item-answer-text\"> <p>Leva apenas dois minutos para come\u00e7ar a usar o widget. O processo \u00e9 muito r\u00e1pido, gratuito e sem codifica\u00e7\u00e3o. <\/p> <ol> <li>Voc\u00ea pode adicionar o widget ao site diretamente atrav\u00e9s do nosso servi\u00e7o. Para isso, siga o guia abaixo nesta p\u00e1gina. <\/li> <li>O widget pode ser integrado diretamente atrav\u00e9s do nosso servi\u00e7o ou atrav\u00e9s do mercado. Voc\u00ea pode ver informa\u00e7\u00f5es sobre as duas op\u00e7\u00f5es e escolher a sua. <\/li> <\/ol> <\/div>\r\n\t\t\t\t\t<\/div>\r\n\t\t\t\t<\/div> <\/div> <\/div> <div class=\"application-platform-content-item-features application-platform-content-item\" id=\"features\" data-nav-section=\"features\"> <h2>Principais recursos do widget Incorporar arquivo<\/h2> <p>Para ter uma ideia completa de File Embed, descubra a lista das principais fun\u00e7\u00f5es. Eles tornam nosso widget incrivelmente ben\u00e9fico para voc\u00ea: <\/p> <ul><li>Integre documentos ilimitados; <\/li> <li>Op\u00e7\u00e3o de layout do Visualizador de Arquivos para visualizar documentos na p\u00e1gina; <\/li> <li>Upload de imagens para \u00edcones e visualiza\u00e7\u00f5es; <\/li> <li>Mostrar ou ocultar o r\u00f3tulo do arquivo de download; <\/li> <li>6 elementos coloridos da interface. <\/li> <\/ul><p><a href=\"#demo\">Para conhecer todos os recursos, veja a demonstra\u00e7\u00e3o ao vivo<\/a><\/p> <\/div> <div class=\"application-platform-content-item-installation application-platform-content-item\" id=\"installation\" data-nav-section=\"installation\"> <h2>Veja como adicionar o widget Incorporar arquivo ao seu Loja Shopify. \u00c9 incrivelmente simples.<\/h2> <div class=\"video-container\"><iframe width=\"720\" height=\"405\" src=\"https:\/\/www.youtube.com\/embed\/_5fIgCodjcA\" frameborder=\"0\" allowfullscreen=\"\"><\/iframe><\/div><p>Essas diversas etapas s\u00e3o a \u00fanica coisa que voc\u00ea precisa fazer. <\/p> <ol><li><b>Use nossa demonstra\u00e7\u00e3o gratuita e comece a trabalhar com seu aplicativo personalizado. <\/b><br> Escolha o layout e os aspectos adequados do aplicativo e aplique todas as edi\u00e7\u00f5es. <\/li> <li><b>Obtenha o seu c\u00f3digo individual que \u00e9 mostrado no formul\u00e1rio especial nas aplica\u00e7\u00f5es Elfsight. <\/b><br> Logo ap\u00f3s a configura\u00e7\u00e3o do seu aplicativo pessoal, copie o c\u00f3digo exclusivo na caixa exibida e salve-o para uso futuro. <\/li> <li><b>Iniciar a utiliza\u00e7\u00e3o do aplicativo no site da Shopify. <\/b><br> Implemente o c\u00f3digo salvo anteriormente em seu site e aplique as melhorias. <\/li> <li><b>A instala\u00e7\u00e3o est\u00e1 totalmente conclu\u00edda. <\/b><br> Acesse seu site para examinar o desempenho do aplicativo. <\/li><\/ol><p>Ainda inseguro? Ou enfrentando problemas? Apenas uma \u00fanica solicita\u00e7\u00e3o ao nosso atendimento ao cliente resolver\u00e1 qualquer problema. <\/p> <\/div>\n","protected":false},"excerpt":{"rendered":"","protected":false},"author":9,"featured_media":0,"parent":1274,"menu_order":0,"comment_status":"closed","ping_status":"closed","template":"templates\/template-application-platform.php","meta":{"publish_to_discourse":"","publish_post_category":"","wpdc_auto_publish_overridden":"","wpdc_topic_tags":"","wpdc_pin_topic":"","wpdc_pin_until":"","discourse_post_id":"","discourse_permalink":"","wpdc_publishing_response":"","wpdc_publishing_error":"","footnotes":""},"class_list":["post-11065","page","type-page","status-publish","hentry"],"yoast_head":"<!-- This site is optimized with the Yoast SEO plugin v25.3.1 - https:\/\/yoast.com\/wordpress\/plugins\/seo\/ -->\n<title>Aplicativo File Viewer - Incorpore qualquer arquivo em seu site Shopify (2025)<\/title>\n<meta name=\"description\" content=\"Com a Elfsight, crie seu aplicativo File Embed e insira-o na sua loja Shopify com facilidade. Temos atendimento gratuito ao cliente e outros b\u00f4nus.\" \/>\n<meta name=\"robots\" content=\"index, follow, max-snippet:-1, max-image-preview:large, max-video-preview:-1\" \/>\n<link rel=\"canonical\" href=\"https:\/\/elfsight.com\/pt\/file-embed-widget\/shopify\/\" \/>\n<meta property=\"og:locale\" content=\"pt_PT\" \/>\n<meta property=\"og:type\" content=\"article\" \/>\n<meta property=\"og:title\" content=\"Aplicativo File Viewer - Incorpore qualquer arquivo em seu site Shopify (2025)\" \/>\n<meta property=\"og:description\" content=\"Com a Elfsight, crie seu aplicativo File Embed e insira-o na sua loja Shopify com facilidade. Temos atendimento gratuito ao cliente e outros b\u00f4nus.\" \/>\n<meta property=\"og:url\" content=\"https:\/\/elfsight.com\/pt\/file-embed-widget\/shopify\/\" \/>\n<meta property=\"og:site_name\" content=\"Elfsight PT\" \/>\n<meta property=\"article:modified_time\" content=\"2025-03-06T10:25:31+00:00\" \/>\n<meta name=\"twitter:card\" content=\"summary_large_image\" \/>\n<meta name=\"twitter:label1\" content=\"Tempo estimado de leitura\" \/>\n\t<meta name=\"twitter:data1\" content=\"3 minutos\" \/>\n<!-- \/ Yoast SEO plugin. -->","yoast_head_json":{"title":"Aplicativo File Viewer - Incorpore qualquer arquivo em seu site Shopify (2025)","description":"Com a Elfsight, crie seu aplicativo File Embed e insira-o na sua loja Shopify com facilidade. Temos atendimento gratuito ao cliente e outros b\u00f4nus.","robots":{"index":"index","follow":"follow","max-snippet":"max-snippet:-1","max-image-preview":"max-image-preview:large","max-video-preview":"max-video-preview:-1"},"canonical":"https:\/\/elfsight.com\/pt\/file-embed-widget\/shopify\/","og_locale":"pt_PT","og_type":"article","og_title":"Aplicativo File Viewer - Incorpore qualquer arquivo em seu site Shopify (2025)","og_description":"Com a Elfsight, crie seu aplicativo File Embed e insira-o na sua loja Shopify com facilidade. Temos atendimento gratuito ao cliente e outros b\u00f4nus.","og_url":"https:\/\/elfsight.com\/pt\/file-embed-widget\/shopify\/","og_site_name":"Elfsight PT","article_modified_time":"2025-03-06T10:25:31+00:00","twitter_card":"summary_large_image","twitter_misc":{"Tempo estimado de leitura":"3 minutos"},"schema":{"@context":"https:\/\/schema.org","@graph":[{"@type":"WebPage","@id":"https:\/\/elfsight.com\/pt\/file-embed-widget\/shopify\/","url":"https:\/\/elfsight.com\/pt\/file-embed-widget\/shopify\/","name":"Aplicativo File Viewer - Incorpore qualquer arquivo em seu site Shopify (2025)","isPartOf":{"@id":"https:\/\/elfsight.com\/pt\/#website"},"datePublished":"2024-05-03T06:37:15+00:00","dateModified":"2025-03-06T10:25:31+00:00","description":"Com a Elfsight, crie seu aplicativo File Embed e insira-o na sua loja Shopify com facilidade. Temos atendimento gratuito ao cliente e outros b\u00f4nus.","breadcrumb":{"@id":"https:\/\/elfsight.com\/pt\/file-embed-widget\/shopify\/#breadcrumb"},"inLanguage":"pt-PT","potentialAction":[{"@type":"ReadAction","target":["https:\/\/elfsight.com\/pt\/file-embed-widget\/shopify\/"]}]},{"@type":"BreadcrumbList","@id":"https:\/\/elfsight.com\/pt\/file-embed-widget\/shopify\/#breadcrumb","itemListElement":[{"@type":"ListItem","position":1,"name":"Home","item":"https:\/\/elfsight.com\/pt\/"},{"@type":"ListItem","position":2,"name":"File Embed","item":"https:\/\/elfsight.com\/pt\/file-embed-widget\/"},{"@type":"ListItem","position":3,"name":"File Embed &#8211; Shopify"}]},{"@type":"WebSite","@id":"https:\/\/elfsight.com\/pt\/#website","url":"https:\/\/elfsight.com\/pt\/","name":"Elfsight PT","description":"Just another Elfsight Sites site","potentialAction":[{"@type":"SearchAction","target":{"@type":"EntryPoint","urlTemplate":"https:\/\/elfsight.com\/pt\/?s={search_term_string}"},"query-input":{"@type":"PropertyValueSpecification","valueRequired":true,"valueName":"search_term_string"}}],"inLanguage":"pt-PT"}]}},"meta_box":{"industry":"","seo_heading":"","heading":"","description":"","cta_heading":"","cta_description":"","application":"1273","h1":"Aplicativo de incorpora\u00e7\u00e3o de arquivos do Shopify","h1_caption":"Insira mais de 20 formatos de arquivo no site para os visitantes lerem e baixarem","application_category":[],"applications_title":"","applications_request_title":"","applications_request_button_text":"","hero_text":"","hero_video":"","hero_video_schema_markup":"","selling_points_title":"","selling_points_caption":"","selling_points":[],"selling_points_cta_text":"","features_title":"","features":"","ed_cta_examples_text":"","ed_cta_examples_hidden":"","ed_cta_demo_text":"","ed_cta_demo_hidden":"","why_caption":"","why_editor_title":"","why_editor_text":"","why_team_title":"","why_team_text":"","why_service_title":"","why_service_text":"","template_catalog_visible":"0","template_catalog_title":"","template_catalog_text":"","template_catalog_categories_visible":"","demo_title":"Crie seu aplicativo File Embed","demo_caption":"Configure seu File Embed e adicione-o ao seu site Shopify gratuitamente!","default_faq_hidden":"","app_template_category":[],"platform":"64","template_public_id":"","codecanyon_url":"","codecanyon_item_id":"","codecanyon_price":"","pricing_caption":"","pricing_elfsight_apps_hide_column":"","pricing_elfsight_apps_url":"","pricing_codecanyon_price_caption":"","integration_category":[],"integration_request_title":"","integration_request_cta":"","integration_platform":"","integrations":[],"platform_category":[],"video_schema_markup":"","price":"a partir de US$ 0\/m\u00eas","trial":"","benefits":[{"text":"Servi\u00e7o de instala\u00e7\u00e3o gratuito"},{"text":"Suporte premium"},{"text":"Garantia de devolu\u00e7\u00e3o do dinheiro em 14 dias"},{"text":"Atualiza\u00e7\u00f5es gratuitas cont\u00ednuas"}],"button_url":"#demo","button_target_blank":"0","button_nofollow":"0","attributes":[{"name":"Instala\u00e7\u00f5es","content":"10,000 - 100,000"},{"name":"Responsivo","content":"Sim"},{"name":"Navegadores compat\u00edveis","content":"Firefox, Safari, Opera, Chrome, Edge"}],"tags":[],"tags_disable_links":"0","hide_more_platforms":"0","video_object":"","demo_hide_cta":"0","demo_hide_cloud_options":"0","pricing_title":"","pricing":[{"pricing_icon":"cloud","pricing_title":"Elfsight Apps","pricing_title_caption":"Vers\u00e3o multiplataforma que funciona em qualquer site","pricing_price":"a partir de US$ 0\/m\u00eas","pricing_price_caption":"comece com plano gratuito","pricing_benefits":[{"text":"Sites ilimitados"},{"text":"Suporte premium"},{"text":"Suporte premium"},{"text":"Oferta especial para v\u00e1rios aplicativos"}],"pricing_button_text":"Adicionar ao site","pricing_button_url":"#demo"}],"related_apps_title":"","related_apps_hidden":"0","author":"","image":[],"title":"","job":"","social_networks":[]},"_links":{"self":[{"href":"https:\/\/elfsight.com\/pt\/wp-json\/wp\/v2\/pages\/11065","targetHints":{"allow":["GET"]}}],"collection":[{"href":"https:\/\/elfsight.com\/pt\/wp-json\/wp\/v2\/pages"}],"about":[{"href":"https:\/\/elfsight.com\/pt\/wp-json\/wp\/v2\/types\/page"}],"author":[{"embeddable":true,"href":"https:\/\/elfsight.com\/pt\/wp-json\/wp\/v2\/users\/9"}],"replies":[{"embeddable":true,"href":"https:\/\/elfsight.com\/pt\/wp-json\/wp\/v2\/comments?post=11065"}],"version-history":[{"count":3,"href":"https:\/\/elfsight.com\/pt\/wp-json\/wp\/v2\/pages\/11065\/revisions"}],"predecessor-version":[{"id":14418,"href":"https:\/\/elfsight.com\/pt\/wp-json\/wp\/v2\/pages\/11065\/revisions\/14418"}],"up":[{"embeddable":true,"href":"https:\/\/elfsight.com\/pt\/wp-json\/wp\/v2\/pages\/1274"}],"wp:attachment":[{"href":"https:\/\/elfsight.com\/pt\/wp-json\/wp\/v2\/media?parent=11065"}],"curies":[{"name":"wp","href":"https:\/\/api.w.org\/{rel}","templated":true}]}}