{"id":11059,"date":"2024-05-03T06:37:13","date_gmt":"2024-05-03T06:37:13","guid":{"rendered":"https:\/\/elfsight.com\/pt\/?page_id=11059"},"modified":"2025-03-06T10:28:05","modified_gmt":"2025-03-06T10:28:05","slug":"webflow","status":"publish","type":"page","link":"https:\/\/elfsight.com\/pt\/file-embed-widget\/webflow\/","title":{"rendered":"File Embed &#8211; Webflow"},"content":{"rendered":"\n<div class=\"application-platform-content-item-description application-platform-content-item\" id=\"description\" data-nav-section=\"description\"> <h2>Incorporar arquivo Incorporar no Webflow com o widget Elfsight<\/h2> <p>Elfsight File Embed \u00e9 a ferramenta mais f\u00e1cil e r\u00e1pida para colar arquivos em seu site. Apresente todos os arquivos mais usados: PDF, Docx, Jpg, Pptx \u2013 no total cerca de 20 tipos. Para maior facilidade de uso, os documentos podem ser inseridos por upload direto, inserindo as URLs ou escolhendo a partir do \u00faltimo upload. Voc\u00ea pode dar a cada documento seu pr\u00f3prio nome, fazer upload de um \u00edcone ou imagem de visualiza\u00e7\u00e3o, escolher a op\u00e7\u00e3o de layout dos arquivos e muito mais. Os visitantes do site podem visualizar os arquivos diretamente na sua p\u00e1gina, abri-los em uma nova aba e fazer o download. <\/p> <div class=\"faq\" data-component=\"FAQ\"> <div class=\"faq-item\">\r\n\t\t\t\t\t<div class=\"faq-item-question\">\r\n\t\t\t\t\t\t<h3 class=\"faq-item-question-text\">Onde posso adicionar este plugin<\/h3>\r\n\r\n\t\t\t\t\t\t<div class=\"faq-item-question-icon\"><\/div>\r\n\t\t\t\t\t<\/div>\r\n\r\n\t\t\t\t\t<div class=\"faq-item-answer\">\r\n\t\t\t\t\t\t<div class=\"faq-item-answer-text\"> <p>Voc\u00ea pode exibir o arquivo incorporado em cada p\u00e1gina do seu site. Por exemplo, pode ser usado para inserir sua documenta\u00e7\u00e3o tecnol\u00f3gica ou diretrizes nas p\u00e1ginas dos produtos correspondentes, e demonstrar seus diplomas e certificados na landing page. <\/p> <\/div>\r\n\t\t\t\t\t<\/div>\r\n\t\t\t\t<\/div> <div class=\"faq-item\">\r\n\t\t\t\t\t<div class=\"faq-item-question\">\r\n\t\t\t\t\t\t<h3 class=\"faq-item-question-text\">Que benef\u00edcios me traz?<\/h3>\r\n\r\n\t\t\t\t\t\t<div class=\"faq-item-question-icon\"><\/div>\r\n\t\t\t\t\t<\/div>\r\n\r\n\t\t\t\t\t<div class=\"faq-item-answer\">\r\n\t\t\t\t\t\t<div class=\"faq-item-answer-text\"> <p>O widget da Elfsight ir\u00e1 poupar-lhe muito tempo, pois com ele, a integra\u00e7\u00e3o de documentos no seu website demora apenas alguns segundos . Al\u00e9m disso, voc\u00ea poder\u00e1 fornecer muitos detalhes significativos sobre seus itens e servi\u00e7os e obter um melhor entendimento de suas ofertas entre os usu\u00e1rios. <\/p> <\/div>\r\n\t\t\t\t\t<\/div>\r\n\t\t\t\t<\/div> <div class=\"faq-item\">\r\n\t\t\t\t\t<div class=\"faq-item-question\">\r\n\t\t\t\t\t\t<h3 class=\"faq-item-question-text\">O que preciso para incorporar o File Embed no meu site Webflow?<\/h3>\r\n\r\n\t\t\t\t\t\t<div class=\"faq-item-question-icon\"><\/div>\r\n\t\t\t\t\t<\/div>\r\n\r\n\t\t\t\t\t<div class=\"faq-item-answer\">\r\n\t\t\t\t\t\t<div class=\"faq-item-answer-text\"> <p>Leva apenas tr\u00eas minutos para incorporar o widget. A adi\u00e7\u00e3o \u00e9 muito r\u00e1pida, gratuita e n\u00e3o requer codifica\u00e7\u00e3o. <\/p> <ol> <li>H\u00e1 uma op\u00e7\u00e3o para introduzir o File Embed na p\u00e1gina web atrav\u00e9s do nosso servi\u00e7o. Para isso, use a breve descri\u00e7\u00e3o nesta p\u00e1gina. <\/li> <li>O Elfsight File Embed pode ser incorporado atrav\u00e9s do nosso servi\u00e7o ou atrav\u00e9s do mercado. Voc\u00ea pode ver todos os detalhes de ambas as variantes e escolher a sua. <\/li> <\/ol> <\/div>\r\n\t\t\t\t\t<\/div>\r\n\t\t\t\t<\/div> <\/div> <\/div> <div class=\"application-platform-content-item-features application-platform-content-item\" id=\"features\" data-nav-section=\"features\"> <h2>Principais recursos do widget File Embed<\/h2> <p>Para entender melhor de File Embed, descubra a lista de recursos essenciais. Eles tornam o widget incrivelmente ben\u00e9fico para sua promo\u00e7\u00e3o: <\/p> <ul><li>Mostrar quantidade ilimitada de documentos; <\/li> <li>Op\u00e7\u00e3o de layout do File Viewer para visualiza\u00e7\u00e3o de arquivos no site; <\/li> <li>Fazer upload de imagens para \u00edcones de arquivos e visualiza\u00e7\u00f5es; <\/li> <li>A op\u00e7\u00e3o de mostrar ou ocultar o texto do arquivo de download; <\/li> <li> Colorir seis detalhes da interface. <\/li> <\/ul><p><a href=\"#demo\">Para saber mais recursos, consulte a demonstra\u00e7\u00e3o<\/a><\/p> <\/div> <div class=\"application-platform-content-item-installation application-platform-content-item\" id=\"installation\" data-nav-section=\"installation\"> <h2>Descubra como colocar o widget Incorporar arquivo em seu site Webflow. \u00c9 f\u00e1cil<\/h2> <div class=\"video-container\"><iframe width=\"720\" height=\"405\" src=\"https:\/\/www.youtube.com\/embed\/p0rwdqYR5z8\" frameborder=\"0\" allowfullscreen=\"\"><\/iframe><\/div><p>As a\u00e7\u00f5es a seguir s\u00e3o a \u00fanica coisa que voc\u00ea precisa realizar para incorporar. <\/p> <ol><li><b>Crie seu plugin File Embed personalizado<\/b><br> Gerenciando nosso editor gratuito, crie um plugin com um layout selecionado e caracter\u00edsticas funcionais. <\/li><li><b>Copie o c\u00f3digo pessoal para instalar o plugin<\/b><br> Depois de criar o seu widget, voc\u00ea receber\u00e1 o c\u00f3digo de instala\u00e7\u00e3o na janela exibida nos aplicativos Elfsight. Copie esse c\u00f3digo. <\/li> <li><b>Publique o plugin em seu site Webflow<\/b><br> Escolha a \u00e1rea na qual voc\u00ea gostaria de integrar o plugin e insira o c\u00f3digo copiado l\u00e1. Publique os resultados. <\/li> <li><b>Parab\u00e9ns! Voc\u00ea acabou de integrar o widget! <\/b><br> Visite o site para visualizar seu plugin. <\/li> <\/ol><p>Ainda n\u00e3o consegue decidir? Ou tem d\u00favidas? Basta escrever uma solicita\u00e7\u00e3o ao nosso suporte ao cliente para resolver todos os problemas. <\/p> <\/div>\n","protected":false},"excerpt":{"rendered":"","protected":false},"author":9,"featured_media":0,"parent":1274,"menu_order":0,"comment_status":"closed","ping_status":"closed","template":"templates\/template-application-platform.php","meta":{"publish_to_discourse":"","publish_post_category":"","wpdc_auto_publish_overridden":"","wpdc_topic_tags":"","wpdc_pin_topic":"","wpdc_pin_until":"","discourse_post_id":"","discourse_permalink":"","wpdc_publishing_response":"","wpdc_publishing_error":"","footnotes":""},"class_list":["post-11059","page","type-page","status-publish","hentry"],"yoast_head":"<!-- This site is optimized with the Yoast SEO plugin v25.3.1 - https:\/\/yoast.com\/wordpress\/plugins\/seo\/ -->\n<title>Visualizador de arquivos - incorpore qualquer arquivo em seu site Webflow (2025)<\/title>\n<meta name=\"description\" content=\"\u00c9 perfeitamente simples construir seu widget File Embed e adicion\u00e1-lo ao seu site Webflow. O suporte ao cliente da Elfsight \u00e9 gratuito.\" \/>\n<meta name=\"robots\" content=\"index, follow, max-snippet:-1, max-image-preview:large, max-video-preview:-1\" \/>\n<link rel=\"canonical\" href=\"https:\/\/elfsight.com\/pt\/file-embed-widget\/webflow\/\" \/>\n<meta property=\"og:locale\" content=\"pt_PT\" \/>\n<meta property=\"og:type\" content=\"article\" \/>\n<meta property=\"og:title\" content=\"Visualizador de arquivos - incorpore qualquer arquivo em seu site Webflow (2025)\" \/>\n<meta property=\"og:description\" content=\"\u00c9 perfeitamente simples construir seu widget File Embed e adicion\u00e1-lo ao seu site Webflow. O suporte ao cliente da Elfsight \u00e9 gratuito.\" \/>\n<meta property=\"og:url\" content=\"https:\/\/elfsight.com\/pt\/file-embed-widget\/webflow\/\" \/>\n<meta property=\"og:site_name\" content=\"Elfsight PT\" \/>\n<meta property=\"article:modified_time\" content=\"2025-03-06T10:28:05+00:00\" \/>\n<meta name=\"twitter:card\" content=\"summary_large_image\" \/>\n<meta name=\"twitter:label1\" content=\"Tempo estimado de leitura\" \/>\n\t<meta name=\"twitter:data1\" content=\"3 minutos\" \/>\n<!-- \/ Yoast SEO plugin. -->","yoast_head_json":{"title":"Visualizador de arquivos - incorpore qualquer arquivo em seu site Webflow (2025)","description":"\u00c9 perfeitamente simples construir seu widget File Embed e adicion\u00e1-lo ao seu site Webflow. O suporte ao cliente da Elfsight \u00e9 gratuito.","robots":{"index":"index","follow":"follow","max-snippet":"max-snippet:-1","max-image-preview":"max-image-preview:large","max-video-preview":"max-video-preview:-1"},"canonical":"https:\/\/elfsight.com\/pt\/file-embed-widget\/webflow\/","og_locale":"pt_PT","og_type":"article","og_title":"Visualizador de arquivos - incorpore qualquer arquivo em seu site Webflow (2025)","og_description":"\u00c9 perfeitamente simples construir seu widget File Embed e adicion\u00e1-lo ao seu site Webflow. O suporte ao cliente da Elfsight \u00e9 gratuito.","og_url":"https:\/\/elfsight.com\/pt\/file-embed-widget\/webflow\/","og_site_name":"Elfsight PT","article_modified_time":"2025-03-06T10:28:05+00:00","twitter_card":"summary_large_image","twitter_misc":{"Tempo estimado de leitura":"3 minutos"},"schema":{"@context":"https:\/\/schema.org","@graph":[{"@type":"WebPage","@id":"https:\/\/elfsight.com\/pt\/file-embed-widget\/webflow\/","url":"https:\/\/elfsight.com\/pt\/file-embed-widget\/webflow\/","name":"Visualizador de arquivos - incorpore qualquer arquivo em seu site Webflow (2025)","isPartOf":{"@id":"https:\/\/elfsight.com\/pt\/#website"},"datePublished":"2024-05-03T06:37:13+00:00","dateModified":"2025-03-06T10:28:05+00:00","description":"\u00c9 perfeitamente simples construir seu widget File Embed e adicion\u00e1-lo ao seu site Webflow. O suporte ao cliente da Elfsight \u00e9 gratuito.","breadcrumb":{"@id":"https:\/\/elfsight.com\/pt\/file-embed-widget\/webflow\/#breadcrumb"},"inLanguage":"pt-PT","potentialAction":[{"@type":"ReadAction","target":["https:\/\/elfsight.com\/pt\/file-embed-widget\/webflow\/"]}]},{"@type":"BreadcrumbList","@id":"https:\/\/elfsight.com\/pt\/file-embed-widget\/webflow\/#breadcrumb","itemListElement":[{"@type":"ListItem","position":1,"name":"Home","item":"https:\/\/elfsight.com\/pt\/"},{"@type":"ListItem","position":2,"name":"File Embed","item":"https:\/\/elfsight.com\/pt\/file-embed-widget\/"},{"@type":"ListItem","position":3,"name":"File Embed &#8211; Webflow"}]},{"@type":"WebSite","@id":"https:\/\/elfsight.com\/pt\/#website","url":"https:\/\/elfsight.com\/pt\/","name":"Elfsight PT","description":"Just another Elfsight Sites site","potentialAction":[{"@type":"SearchAction","target":{"@type":"EntryPoint","urlTemplate":"https:\/\/elfsight.com\/pt\/?s={search_term_string}"},"query-input":{"@type":"PropertyValueSpecification","valueRequired":true,"valueName":"search_term_string"}}],"inLanguage":"pt-PT"}]}},"meta_box":{"industry":"","seo_heading":"","heading":"","description":"","cta_heading":"","cta_description":"","application":"1273","h1":"Widget de incorpora\u00e7\u00e3o de arquivo Webflow","h1_caption":"Incorpore mais de vinte tipos de arquivos em seu site para os usu\u00e1rios visualizarem e fazerem download","application_category":[],"applications_title":"","applications_request_title":"","applications_request_button_text":"","hero_text":"","hero_video":"","hero_video_schema_markup":"","selling_points_title":"","selling_points_caption":"","selling_points":[],"selling_points_cta_text":"","features_title":"","features":"","ed_cta_examples_text":"","ed_cta_examples_hidden":"","ed_cta_demo_text":"","ed_cta_demo_hidden":"","why_caption":"","why_editor_title":"","why_editor_text":"","why_team_title":"","why_team_text":"","why_service_title":"","why_service_text":"","template_catalog_visible":"0","template_catalog_title":"","template_catalog_text":"","template_catalog_categories_visible":"","demo_title":"Crie seu widget de incorpora\u00e7\u00e3o de arquivo","demo_caption":"Configure seu File Embed e adicione-o ao seu site Webflow gratuitamente!","default_faq_hidden":"","app_template_category":[],"platform":"70","template_public_id":"","codecanyon_url":"","codecanyon_item_id":"","codecanyon_price":"","pricing_caption":"","pricing_elfsight_apps_hide_column":"","pricing_elfsight_apps_url":"","pricing_codecanyon_price_caption":"","integration_category":[],"integration_request_title":"","integration_request_cta":"","integration_platform":"","integrations":[],"platform_category":[],"video_schema_markup":"","price":"a partir de US$ 0\/m\u00eas","trial":"","benefits":[{"text":"Assist\u00eancia de instala\u00e7\u00e3o gratuita"},{"text":"Atendimento ao cliente eficaz"},{"text":"Garantia de devolu\u00e7\u00e3o do dinheiro em 14 dias"},{"text":"Melhorias futuras"}],"button_url":"#demo","button_target_blank":"0","button_nofollow":"0","attributes":[{"name":"Instala\u00e7\u00f5es","content":"10,000 - 100,000"},{"name":"Responsivo","content":"Sim"},{"name":"Navegadores compat\u00edveis","content":"Edge, Opera, Firefox, Safari, Chrome"}],"tags":[],"tags_disable_links":"0","hide_more_platforms":"0","video_object":"","demo_hide_cta":"0","demo_hide_cloud_options":"0","pricing_title":"","pricing":[{"pricing_icon":"platform","pricing_title":"Elfsight Apps","pricing_title_caption":"Solu\u00e7\u00e3o digital multiplataforma que funciona em qualquer site","pricing_price":"a partir de US$ 0\/m\u00eas","pricing_price_caption":"comece com plano gratuito","pricing_benefits":[{"text":"N\u00famero ilimitado de sites"},{"text":"Suporte premium"},{"text":"Suporte premium"},{"text":"Oferta especial para v\u00e1rios aplicativos"}],"pricing_button_text":"Adicionar ao site","pricing_button_url":"#demo"}],"related_apps_title":"","related_apps_hidden":"0","author":"","image":[],"title":"","job":"","social_networks":[]},"_links":{"self":[{"href":"https:\/\/elfsight.com\/pt\/wp-json\/wp\/v2\/pages\/11059","targetHints":{"allow":["GET"]}}],"collection":[{"href":"https:\/\/elfsight.com\/pt\/wp-json\/wp\/v2\/pages"}],"about":[{"href":"https:\/\/elfsight.com\/pt\/wp-json\/wp\/v2\/types\/page"}],"author":[{"embeddable":true,"href":"https:\/\/elfsight.com\/pt\/wp-json\/wp\/v2\/users\/9"}],"replies":[{"embeddable":true,"href":"https:\/\/elfsight.com\/pt\/wp-json\/wp\/v2\/comments?post=11059"}],"version-history":[{"count":4,"href":"https:\/\/elfsight.com\/pt\/wp-json\/wp\/v2\/pages\/11059\/revisions"}],"predecessor-version":[{"id":14421,"href":"https:\/\/elfsight.com\/pt\/wp-json\/wp\/v2\/pages\/11059\/revisions\/14421"}],"up":[{"embeddable":true,"href":"https:\/\/elfsight.com\/pt\/wp-json\/wp\/v2\/pages\/1274"}],"wp:attachment":[{"href":"https:\/\/elfsight.com\/pt\/wp-json\/wp\/v2\/media?parent=11059"}],"curies":[{"name":"wp","href":"https:\/\/api.w.org\/{rel}","templated":true}]}}