{"id":11057,"date":"2024-05-03T06:37:11","date_gmt":"2024-05-03T06:37:11","guid":{"rendered":"https:\/\/elfsight.com\/pt\/?page_id=11057"},"modified":"2025-03-06T10:29:54","modified_gmt":"2025-03-06T10:29:54","slug":"weebly","status":"publish","type":"page","link":"https:\/\/elfsight.com\/pt\/file-embed-widget\/weebly\/","title":{"rendered":"File Embed &#8211; Weebly"},"content":{"rendered":"\n<div class=\"application-platform-content-item-description application-platform-content-item\" id=\"description\" data-nav-section=\"description\"> <h2>Descri\u00e7\u00e3o<\/h2> <p>Elfsight File Embed \u00e9 um dos widgets mais f\u00e1ceis para colar arquivos em um site. Adicione todos os formatos populares: PDF, Docx, Jpg, Jpeg \u2013 no total, cerca de 20 tipos. Para sua comodidade, os documentos podem ser adicionados simplesmente fazendo upload, por suas URLs, ou escolhendo entre os \u00faltimos enviados. Os recursos permitem que voc\u00ea d\u00ea a cada documento seu pr\u00f3prio t\u00edtulo, carregue um \u00edcone e uma imagem de visualiza\u00e7\u00e3o, escolha uma variante de layout de arquivos e muito mais. Os visitantes do site podem visualizar os documentos diretamente no seu site, abri-los em uma nova aba e fazer o download. <\/p> <div class=\"faq\" data-component=\"FAQ\"> <div class=\"faq-item\">\r\n\t\t\t\t\t<div class=\"faq-item-question\">\r\n\t\t\t\t\t\t<h3 class=\"faq-item-question-text\">Onde posso public\u00e1-lo<\/h3>\r\n\r\n\t\t\t\t\t\t<div class=\"faq-item-question-icon\"><\/div>\r\n\t\t\t\t\t<\/div>\r\n\r\n\t\t\t\t\t<div class=\"faq-item-answer\">\r\n\t\t\t\t\t\t<div class=\"faq-item-answer-text\"> <p>Voc\u00ea pode adicionar File Embed em cada p\u00e1gina do site. Assim, com ele voc\u00ea pode incorporar seus documentos t\u00e9cnicos ou diretrizes nas p\u00e1ginas dos produtos correspondentes, e exibir seus diplomas e qualifica\u00e7\u00f5es na p\u00e1gina Sobre n\u00f3s. <\/p> <\/div>\r\n\t\t\t\t\t<\/div>\r\n\t\t\t\t<\/div> <div class=\"faq-item\">\r\n\t\t\t\t\t<div class=\"faq-item-question\">\r\n\t\t\t\t\t\t<h3 class=\"faq-item-question-text\">Como eu me beneficiaria com este plugin?<\/h3>\r\n\r\n\t\t\t\t\t\t<div class=\"faq-item-question-icon\"><\/div>\r\n\t\t\t\t\t<\/div>\r\n\r\n\t\t\t\t\t<div class=\"faq-item-answer\">\r\n\t\t\t\t\t\t<div class=\"faq-item-answer-text\"> <p>Este widget pode economizar muito tempo, porque com sua ajuda, adicionar arquivos em seu site levar\u00e1 apenas segundos. Mais do que isso, ajuda voc\u00ea a transmitir muitos detalhes significativos sobre seus itens ou servi\u00e7os para aumentar a conscientiza\u00e7\u00e3o dos usu\u00e1rios sobre seus itens. <\/p> <\/div>\r\n\t\t\t\t\t<\/div>\r\n\t\t\t\t<\/div> <div class=\"faq-item\">\r\n\t\t\t\t\t<div class=\"faq-item-question\">\r\n\t\t\t\t\t\t<h3 class=\"faq-item-question-text\">Como fa\u00e7o para instalar o File Embed no meu site do Weebly?<\/h3>\r\n\r\n\t\t\t\t\t\t<div class=\"faq-item-question-icon\"><\/div>\r\n\t\t\t\t\t<\/div>\r\n\r\n\t\t\t\t\t<div class=\"faq-item-answer\">\r\n\t\t\t\t\t\t<div class=\"faq-item-answer-text\"> <p>Voc\u00ea s\u00f3 precisa de tr\u00eas minutos do seu tempo para come\u00e7ar a usar o widget. A incorpora\u00e7\u00e3o \u00e9 super r\u00e1pida, gratuita e sem codifica\u00e7\u00e3o. <\/p> <ol> <li>Voc\u00ea pode introduzir File Embed em seu site em nosso servi\u00e7o. Basta seguir as etapas do guia abaixo nesta p\u00e1gina. <\/li> <li>O Elfsight File Embed pode ser configurado atrav\u00e9s do nosso servi\u00e7o ou atrav\u00e9s do mercado. Aqui voc\u00ea poder\u00e1 conhecer mais detalhes sobre essas variantes e escolher a sua. <\/li> <\/ol> <\/div>\r\n\t\t\t\t\t<\/div>\r\n\t\t\t\t<\/div> <\/div> <\/div> <div class=\"application-platform-content-item-features application-platform-content-item\" id=\"features\" data-nav-section=\"features\"> <h2>Recursos<\/h2> <p>Para formar uma percep\u00e7\u00e3o mais clara da incorpora\u00e7\u00e3o de arquivos, examine a lista dos recursos mais destacados. Eles tornam este widget incrivelmente ben\u00e9fico para voc\u00ea: <\/p> <ul><li>Adicione documentos ilimitados; <\/li> <li>Variante de layout do File Viewer para visualiza\u00e7\u00e3o de documentos no site; <\/li> <li>Fazer upload de imagens para \u00edcones e visualiza\u00e7\u00f5es; <\/li> <li>Mostrar ou desativar o r\u00f3tulo do arquivo de download; <\/li> <li> Pinte seis elementos da interface. <\/li> <\/ul><p><a href=\"#demo\">Para verificar mais recursos, veja a demonstra\u00e7\u00e3o ao vivo<\/a><\/p> <\/div> <div class=\"application-platform-content-item-installation application-platform-content-item\" id=\"installation\" data-nav-section=\"installation\"> <h2>Descubra como integrar o widget File Embed ao seu site do Weebly . <\/h2> <div class=\"video-container\"><iframe width=\"720\" height=\"405\" src=\"https:\/\/www.youtube.com\/embed\/IJAWKe7ltnw\" frameborder=\"0\" allowfullscreen=\"\"><\/iframe><\/div><p>As a\u00e7\u00f5es a seguir s\u00e3o a \u00fanica coisa que voc\u00ea precisa realizar para publicar o widget. <\/p> <ol><li><b>Realize nossa demonstra\u00e7\u00e3o gratuita e comece a criar seu aplicativo personalizado. <\/b><br> Escolha a organiza\u00e7\u00e3o e o desempenho preferidos do aplicativo e aplique todas as modifica\u00e7\u00f5es. <\/li> <li><b>Copie o c\u00f3digo exclusivo demonstrado no formul\u00e1rio especial nas aplica\u00e7\u00f5es Elfsight. <\/b><br> Assim que a configura\u00e7\u00e3o do seu aplicativo for conclu\u00edda, copie o c\u00f3digo exclusivo no pop-up exibido e salve-o para uso futuro. <\/li> <li><b>Iniciar o uso do aplicativo na p\u00e1gina do Weebly. <\/b><br> Coloque o c\u00f3digo que voc\u00ea copiou recentemente em sua p\u00e1gina e salve as corre\u00e7\u00f5es. <\/li> <li><b>Conclu\u00eddo! A incorpora\u00e7\u00e3o est\u00e1 totalmente realizada. <\/b><br> Visite sua p\u00e1gina da web para ver o desempenho do aplicativo. <\/li><\/ol><p>Ainda n\u00e3o decidiu? Ou enfrentando problemas? Apenas uma \u00fanica solicita\u00e7\u00e3o \u00e0 nossa equipe de suporte resolver\u00e1 todos os problemas. <\/p> <\/div>\n","protected":false},"excerpt":{"rendered":"","protected":false},"author":9,"featured_media":0,"parent":1274,"menu_order":0,"comment_status":"closed","ping_status":"closed","template":"templates\/template-application-platform.php","meta":{"publish_to_discourse":"","publish_post_category":"","wpdc_auto_publish_overridden":"","wpdc_topic_tags":"","wpdc_pin_topic":"","wpdc_pin_until":"","discourse_post_id":"","discourse_permalink":"","wpdc_publishing_response":"","wpdc_publishing_error":"","footnotes":""},"class_list":["post-11057","page","type-page","status-publish","hentry"],"yoast_head":"<!-- This site is optimized with the Yoast SEO plugin v25.3.1 - https:\/\/yoast.com\/wordpress\/plugins\/seo\/ -->\n<title>Aplicativo File Viewer - Incorpore qualquer arquivo em seu site do Weebly (2025)<\/title>\n<meta name=\"description\" content=\"Com a Elfsight, crie seu aplicativo File Embed e coloque-o no seu site do Weebly com facilidade. Oferecemos atendimento gratuito ao cliente e mais b\u00f4nus.\" \/>\n<meta name=\"robots\" content=\"index, follow, max-snippet:-1, max-image-preview:large, max-video-preview:-1\" \/>\n<link rel=\"canonical\" href=\"https:\/\/elfsight.com\/pt\/file-embed-widget\/weebly\/\" \/>\n<meta property=\"og:locale\" content=\"pt_PT\" \/>\n<meta property=\"og:type\" content=\"article\" \/>\n<meta property=\"og:title\" content=\"Aplicativo File Viewer - Incorpore qualquer arquivo em seu site do Weebly (2025)\" \/>\n<meta property=\"og:description\" content=\"Com a Elfsight, crie seu aplicativo File Embed e coloque-o no seu site do Weebly com facilidade. Oferecemos atendimento gratuito ao cliente e mais b\u00f4nus.\" \/>\n<meta property=\"og:url\" content=\"https:\/\/elfsight.com\/pt\/file-embed-widget\/weebly\/\" \/>\n<meta property=\"og:site_name\" content=\"Elfsight PT\" \/>\n<meta property=\"article:modified_time\" content=\"2025-03-06T10:29:54+00:00\" \/>\n<meta name=\"twitter:card\" content=\"summary_large_image\" \/>\n<meta name=\"twitter:label1\" content=\"Tempo estimado de leitura\" \/>\n\t<meta name=\"twitter:data1\" content=\"3 minutos\" \/>\n<!-- \/ Yoast SEO plugin. -->","yoast_head_json":{"title":"Aplicativo File Viewer - Incorpore qualquer arquivo em seu site do Weebly (2025)","description":"Com a Elfsight, crie seu aplicativo File Embed e coloque-o no seu site do Weebly com facilidade. Oferecemos atendimento gratuito ao cliente e mais b\u00f4nus.","robots":{"index":"index","follow":"follow","max-snippet":"max-snippet:-1","max-image-preview":"max-image-preview:large","max-video-preview":"max-video-preview:-1"},"canonical":"https:\/\/elfsight.com\/pt\/file-embed-widget\/weebly\/","og_locale":"pt_PT","og_type":"article","og_title":"Aplicativo File Viewer - Incorpore qualquer arquivo em seu site do Weebly (2025)","og_description":"Com a Elfsight, crie seu aplicativo File Embed e coloque-o no seu site do Weebly com facilidade. Oferecemos atendimento gratuito ao cliente e mais b\u00f4nus.","og_url":"https:\/\/elfsight.com\/pt\/file-embed-widget\/weebly\/","og_site_name":"Elfsight PT","article_modified_time":"2025-03-06T10:29:54+00:00","twitter_card":"summary_large_image","twitter_misc":{"Tempo estimado de leitura":"3 minutos"},"schema":{"@context":"https:\/\/schema.org","@graph":[{"@type":"WebPage","@id":"https:\/\/elfsight.com\/pt\/file-embed-widget\/weebly\/","url":"https:\/\/elfsight.com\/pt\/file-embed-widget\/weebly\/","name":"Aplicativo File Viewer - Incorpore qualquer arquivo em seu site do Weebly (2025)","isPartOf":{"@id":"https:\/\/elfsight.com\/pt\/#website"},"datePublished":"2024-05-03T06:37:11+00:00","dateModified":"2025-03-06T10:29:54+00:00","description":"Com a Elfsight, crie seu aplicativo File Embed e coloque-o no seu site do Weebly com facilidade. Oferecemos atendimento gratuito ao cliente e mais b\u00f4nus.","breadcrumb":{"@id":"https:\/\/elfsight.com\/pt\/file-embed-widget\/weebly\/#breadcrumb"},"inLanguage":"pt-PT","potentialAction":[{"@type":"ReadAction","target":["https:\/\/elfsight.com\/pt\/file-embed-widget\/weebly\/"]}]},{"@type":"BreadcrumbList","@id":"https:\/\/elfsight.com\/pt\/file-embed-widget\/weebly\/#breadcrumb","itemListElement":[{"@type":"ListItem","position":1,"name":"Home","item":"https:\/\/elfsight.com\/pt\/"},{"@type":"ListItem","position":2,"name":"File Embed","item":"https:\/\/elfsight.com\/pt\/file-embed-widget\/"},{"@type":"ListItem","position":3,"name":"File Embed &#8211; Weebly"}]},{"@type":"WebSite","@id":"https:\/\/elfsight.com\/pt\/#website","url":"https:\/\/elfsight.com\/pt\/","name":"Elfsight PT","description":"Just another Elfsight Sites site","potentialAction":[{"@type":"SearchAction","target":{"@type":"EntryPoint","urlTemplate":"https:\/\/elfsight.com\/pt\/?s={search_term_string}"},"query-input":{"@type":"PropertyValueSpecification","valueRequired":true,"valueName":"search_term_string"}}],"inLanguage":"pt-PT"}]}},"meta_box":{"industry":"","seo_heading":"","heading":"","description":"","cta_heading":"","cta_description":"","application":"1273","h1":"Aplicativo de incorpora\u00e7\u00e3o de arquivo Weebly","h1_caption":"Adicione mais de 20 tipos de documentos ao seu site para os visitantes usarem ou baixarem","application_category":[],"applications_title":"","applications_request_title":"","applications_request_button_text":"","hero_text":"","hero_video":"","hero_video_schema_markup":"","selling_points_title":"","selling_points_caption":"","selling_points":[],"selling_points_cta_text":"","features_title":"","features":"","ed_cta_examples_text":"","ed_cta_examples_hidden":"","ed_cta_demo_text":"","ed_cta_demo_hidden":"","why_caption":"","why_editor_title":"","why_editor_text":"","why_team_title":"","why_team_text":"","why_service_title":"","why_service_text":"","template_catalog_visible":"0","template_catalog_title":"","template_catalog_text":"","template_catalog_categories_visible":"","demo_title":"Crie seu aplicativo File Embed","demo_caption":"Configure seu arquivo incorporado e adicione-o ao seu site do Weebly gratuitamente!","default_faq_hidden":"","app_template_category":[],"platform":"73","template_public_id":"","codecanyon_url":"","codecanyon_item_id":"","codecanyon_price":"","pricing_caption":"","pricing_elfsight_apps_hide_column":"","pricing_elfsight_apps_url":"","pricing_codecanyon_price_caption":"","integration_category":[],"integration_request_title":"","integration_request_cta":"","integration_platform":"","integrations":[],"platform_category":[],"video_schema_markup":"","price":"a partir de US$ 0\/m\u00eas","trial":"","benefits":[{"text":"Ajuda de instala\u00e7\u00e3o gratuita"},{"text":"Atendimento ao cliente profissional"},{"text":"Garantia de reembolso de 14 dias"},{"text":"Melhorias futuras"}],"button_url":"#demo","button_target_blank":"0","button_nofollow":"0","attributes":[{"name":"Instala\u00e7\u00f5es","content":"10,000 - 100,000"},{"name":"Responsivo","content":"Sim"},{"name":"Navegadores compat\u00edveis","content":"Firefox, Safari, Opera, Chrome, Edge"}],"tags":[],"tags_disable_links":"0","hide_more_platforms":"0","video_object":"","demo_hide_cta":"0","demo_hide_cloud_options":"0","pricing_title":"","pricing":[{"pricing_icon":"platform","pricing_title":"Elfsight Apps","pricing_title_caption":"Solu\u00e7\u00e3o multiplataforma que funciona em qualquer site","pricing_price":"a partir de US$ 0\/m\u00eas","pricing_price_caption":"comece com um plano gratuito","pricing_benefits":[{"text":"Dom\u00ednios ilimitados"},{"text":"Suporte gratuito"},{"text":"Suporte gratuito"},{"text":"100% personaliz\u00e1vel"}],"pricing_button_text":"Adicionar ao site","pricing_button_url":"#demo"}],"related_apps_title":"","related_apps_hidden":"0","author":"","image":[],"title":"","job":"","social_networks":[]},"_links":{"self":[{"href":"https:\/\/elfsight.com\/pt\/wp-json\/wp\/v2\/pages\/11057","targetHints":{"allow":["GET"]}}],"collection":[{"href":"https:\/\/elfsight.com\/pt\/wp-json\/wp\/v2\/pages"}],"about":[{"href":"https:\/\/elfsight.com\/pt\/wp-json\/wp\/v2\/types\/page"}],"author":[{"embeddable":true,"href":"https:\/\/elfsight.com\/pt\/wp-json\/wp\/v2\/users\/9"}],"replies":[{"embeddable":true,"href":"https:\/\/elfsight.com\/pt\/wp-json\/wp\/v2\/comments?post=11057"}],"version-history":[{"count":3,"href":"https:\/\/elfsight.com\/pt\/wp-json\/wp\/v2\/pages\/11057\/revisions"}],"predecessor-version":[{"id":14423,"href":"https:\/\/elfsight.com\/pt\/wp-json\/wp\/v2\/pages\/11057\/revisions\/14423"}],"up":[{"embeddable":true,"href":"https:\/\/elfsight.com\/pt\/wp-json\/wp\/v2\/pages\/1274"}],"wp:attachment":[{"href":"https:\/\/elfsight.com\/pt\/wp-json\/wp\/v2\/media?parent=11057"}],"curies":[{"name":"wp","href":"https:\/\/api.w.org\/{rel}","templated":true}]}}