{"id":11051,"date":"2024-05-03T06:37:09","date_gmt":"2024-05-03T06:37:09","guid":{"rendered":"https:\/\/elfsight.com\/pt\/?page_id=11051"},"modified":"2025-03-06T10:32:28","modified_gmt":"2025-03-06T10:32:28","slug":"wordpress","status":"publish","type":"page","link":"https:\/\/elfsight.com\/pt\/file-embed-widget\/wordpress\/","title":{"rendered":"File Embed &#8211; WordPress"},"content":{"rendered":"\n<div class=\"application-platform-content-item-description application-platform-content-item\" id=\"description\" data-nav-section=\"description\"> <h2>Embed File Embed no WordPress com o widget Elfsight<\/h2> <p>Elfsight File Embed \u00e9 a maneira mais pr\u00e1tica e r\u00e1pida de integra\u00e7\u00e3o de arquivos em seu site. Insira todos os arquivos populares: PDF, Docx, Jpg, Jpeg \u2013 no total, cerca de 20 formatos. Para sua facilidade de uso, os arquivos podem ser adicionados apenas fazendo upload, adicionando seus URLs ou selecionando um dos enviados recentemente. Voc\u00ea pode dar um nome a cada arquivo, fazer upload de seu pr\u00f3prio \u00edcone ou imagem, escolher a variante de layout dos arquivos e fazer muito mais. Os usu\u00e1rios do site podem ler os documentos diretamente no site, abri-los em uma nova aba e fazer o download. <\/p> <div class=\"faq\" data-component=\"FAQ\"> <div class=\"faq-item\">\r\n\t\t\t\t\t<div class=\"faq-item-question\">\r\n\t\t\t\t\t\t<h3 class=\"faq-item-question-text\">Onde posso incorpor\u00e1-lo no meu site<\/h3>\r\n\r\n\t\t\t\t\t\t<div class=\"faq-item-question-icon\"><\/div>\r\n\t\t\t\t\t<\/div>\r\n\r\n\t\t\t\t\t<div class=\"faq-item-answer\">\r\n\t\t\t\t\t\t<div class=\"faq-item-answer-text\"> <p>Sinta-se \u00e0 vontade para exibir o arquivo incorporado em qualquer p\u00e1gina do site. Assim, voc\u00ea pode aplic\u00e1-lo para colar seus documentos tecnol\u00f3gicos ou especifica\u00e7\u00f5es nas p\u00e1ginas dos produtos correspondentes, ou exibir seus diplomas e certificados na landing page. <\/p> <\/div>\r\n\t\t\t\t\t<\/div>\r\n\t\t\t\t<\/div> <div class=\"faq-item\">\r\n\t\t\t\t\t<div class=\"faq-item-question\">\r\n\t\t\t\t\t\t<h3 class=\"faq-item-question-text\">Quais benef\u00edcios isso pode me trazer?<\/h3>\r\n\r\n\t\t\t\t\t\t<div class=\"faq-item-question-icon\"><\/div>\r\n\t\t\t\t\t<\/div>\r\n\r\n\t\t\t\t\t<div class=\"faq-item-answer\">\r\n\t\t\t\t\t\t<div class=\"faq-item-answer-text\"> <p>Este widget economizar\u00e1 muito tempo porque a integra\u00e7\u00e3o de documentos em seu site leva apenas alguns segundos. Al\u00e9m disso, voc\u00ea pode distribuir muitas informa\u00e7\u00f5es significativas sobre seus produtos ou servi\u00e7os e melhorar a compreens\u00e3o dos clientes sobre suas ofertas. <\/p> <\/div>\r\n\t\t\t\t\t<\/div>\r\n\t\t\t\t<\/div> <div class=\"faq-item\">\r\n\t\t\t\t\t<div class=\"faq-item-question\">\r\n\t\t\t\t\t\t<h3 class=\"faq-item-question-text\">O que preciso para instalar o File Embed no meu site WordPress?<\/h3>\r\n\r\n\t\t\t\t\t\t<div class=\"faq-item-question-icon\"><\/div>\r\n\t\t\t\t\t<\/div>\r\n\r\n\t\t\t\t\t<div class=\"faq-item-answer\">\r\n\t\t\t\t\t\t<div class=\"faq-item-answer-text\"> <p>Voc\u00ea s\u00f3 precisar\u00e1 de um minuto do seu tempo para come\u00e7ar a usar o widget. A incorpora\u00e7\u00e3o \u00e9 extremamente r\u00e1pida, gratuita e sem codifica\u00e7\u00e3o. <\/p> <ol> <li>Voc\u00ea pode colocar o widget em sua p\u00e1gina da web diretamente atrav\u00e9s de nosso servi\u00e7o. Basta aplicar as instru\u00e7\u00f5es abaixo nesta p\u00e1gina. <\/li> <li>O widget pode ser integrado atrav\u00e9s do nosso servi\u00e7o ou atrav\u00e9s do marketplace. Voc\u00ea pode conhecer mais detalhes as duas variantes e escolher a sua. <\/li> <\/ol> <\/div>\r\n\t\t\t\t\t<\/div>\r\n\t\t\t\t<\/div> <\/div> <\/div> <div class=\"application-platform-content-item-features application-platform-content-item\" id=\"features\" data-nav-section=\"features\"> <h2>Principais recursos do widget File Embed<\/h2> <p>Para ter uma ideia mais clara do widget, aqui est\u00e1 a lista de suas fun\u00e7\u00f5es essenciais. Eles tornam este widget realmente ben\u00e9fico para o seu neg\u00f3cio: <\/p> <ul><li>Mostra qualquer quantidade de documentos; <\/li> <li>Variante de layout do Visualizador de Arquivos para leitura de documentos no site; <\/li> <li>Enviar imagens para \u00edcones e visualiza\u00e7\u00f5es de documentos; <\/li> <li>Mostrar ou ocultar o texto do arquivo de download; <\/li> <li> Detalhes da interface do Paint 6. <\/li> <\/ul><p><a href=\"#demo\">A demonstra\u00e7\u00e3o revelar\u00e1 mais recursos para voc\u00ea<\/a><\/p> <\/div> <div class=\"application-platform-content-item-installation application-platform-content-item\" id=\"installation\" data-nav-section=\"installation\"> <h2>Vamos verificar como incorporar o widget File Embed ao seu site WordPress. <\/h2> <div class=\"video-container\"><iframe width=\"720\" height=\"405\" src=\"https:\/\/www.youtube.com\/embed\/RtBBRptIOY0\" frameborder=\"0\" allowfullscreen=\"\"><\/iframe><\/div><p>As etapas a seguir s\u00e3o a \u00fanica coisa que voc\u00ea precisa para publicar. <\/p> <ol><li><b>Abra nosso editor gratuito e comece a trabalhar com seu plugin File Embed personalizado. <\/b><br> Encontre o layout personalizado e as op\u00e7\u00f5es do plugin e salve todas as corre\u00e7\u00f5es. <\/li> <li><b>Adquira o c\u00f3digo exclusivo que aparece na janela dos aplicativos Elfsight. <\/b><br> Assim que a configura\u00e7\u00e3o do seu plugin for conclu\u00edda, copie o c\u00f3digo pessoal da janela que aparece e guarde-o para futuras ocasi\u00f5es. <\/li> <li><b>Inicie a utiliza\u00e7\u00e3o do plugin em sua p\u00e1gina WordPress. <\/b><br>Incorpore o c\u00f3digo salvo anteriormente em sua p\u00e1gina web e aplique as modifica\u00e7\u00f5es. <\/li> <li><b>Conclu\u00eddo! A incorpora\u00e7\u00e3o est\u00e1 totalmente realizada. <\/b><br> Acesse seu site para ver o funcionamento do plugin. <\/li><\/ol><p>Ainda n\u00e3o decidiu? Ou tem d\u00favidas? Basta enviar uma solicita\u00e7\u00e3o ao nosso atendimento ao cliente, eles resolver\u00e3o todos os seus problemas. <\/p> <\/div>\n","protected":false},"excerpt":{"rendered":"","protected":false},"author":9,"featured_media":0,"parent":1274,"menu_order":0,"comment_status":"closed","ping_status":"closed","template":"templates\/template-application-platform.php","meta":{"publish_to_discourse":"","publish_post_category":"","wpdc_auto_publish_overridden":"","wpdc_topic_tags":"","wpdc_pin_topic":"","wpdc_pin_until":"","discourse_post_id":"","discourse_permalink":"","wpdc_publishing_response":"","wpdc_publishing_error":"","footnotes":""},"class_list":["post-11051","page","type-page","status-publish","hentry"],"yoast_head":"<!-- This site is optimized with the Yoast SEO plugin v25.3.1 - https:\/\/yoast.com\/wordpress\/plugins\/seo\/ -->\n<title>Plug-in File Viewer - Incorpore qualquer arquivo em seu site WordPress (2025)<\/title>\n<meta name=\"description\" content=\"Projete seu plugin File Embed e exiba-o no site WordPress rapidamente. Temos suporte gratuito ao cliente e outros b\u00f4nus.\" \/>\n<meta name=\"robots\" content=\"index, follow, max-snippet:-1, max-image-preview:large, max-video-preview:-1\" \/>\n<link rel=\"canonical\" href=\"https:\/\/elfsight.com\/pt\/file-embed-widget\/wordpress\/\" \/>\n<meta property=\"og:locale\" content=\"pt_PT\" \/>\n<meta property=\"og:type\" content=\"article\" \/>\n<meta property=\"og:title\" content=\"Plug-in File Viewer - Incorpore qualquer arquivo em seu site WordPress (2025)\" \/>\n<meta property=\"og:description\" content=\"Projete seu plugin File Embed e exiba-o no site WordPress rapidamente. Temos suporte gratuito ao cliente e outros b\u00f4nus.\" \/>\n<meta property=\"og:url\" content=\"https:\/\/elfsight.com\/pt\/file-embed-widget\/wordpress\/\" \/>\n<meta property=\"og:site_name\" content=\"Elfsight PT\" \/>\n<meta property=\"article:modified_time\" content=\"2025-03-06T10:32:28+00:00\" \/>\n<meta name=\"twitter:card\" content=\"summary_large_image\" \/>\n<meta name=\"twitter:label1\" content=\"Tempo estimado de leitura\" \/>\n\t<meta name=\"twitter:data1\" content=\"3 minutos\" \/>\n<!-- \/ Yoast SEO plugin. -->","yoast_head_json":{"title":"Plug-in File Viewer - Incorpore qualquer arquivo em seu site WordPress (2025)","description":"Projete seu plugin File Embed e exiba-o no site WordPress rapidamente. Temos suporte gratuito ao cliente e outros b\u00f4nus.","robots":{"index":"index","follow":"follow","max-snippet":"max-snippet:-1","max-image-preview":"max-image-preview:large","max-video-preview":"max-video-preview:-1"},"canonical":"https:\/\/elfsight.com\/pt\/file-embed-widget\/wordpress\/","og_locale":"pt_PT","og_type":"article","og_title":"Plug-in File Viewer - Incorpore qualquer arquivo em seu site WordPress (2025)","og_description":"Projete seu plugin File Embed e exiba-o no site WordPress rapidamente. Temos suporte gratuito ao cliente e outros b\u00f4nus.","og_url":"https:\/\/elfsight.com\/pt\/file-embed-widget\/wordpress\/","og_site_name":"Elfsight PT","article_modified_time":"2025-03-06T10:32:28+00:00","twitter_card":"summary_large_image","twitter_misc":{"Tempo estimado de leitura":"3 minutos"},"schema":{"@context":"https:\/\/schema.org","@graph":[{"@type":"WebPage","@id":"https:\/\/elfsight.com\/pt\/file-embed-widget\/wordpress\/","url":"https:\/\/elfsight.com\/pt\/file-embed-widget\/wordpress\/","name":"Plug-in File Viewer - Incorpore qualquer arquivo em seu site WordPress (2025)","isPartOf":{"@id":"https:\/\/elfsight.com\/pt\/#website"},"datePublished":"2024-05-03T06:37:09+00:00","dateModified":"2025-03-06T10:32:28+00:00","description":"Projete seu plugin File Embed e exiba-o no site WordPress rapidamente. Temos suporte gratuito ao cliente e outros b\u00f4nus.","breadcrumb":{"@id":"https:\/\/elfsight.com\/pt\/file-embed-widget\/wordpress\/#breadcrumb"},"inLanguage":"pt-PT","potentialAction":[{"@type":"ReadAction","target":["https:\/\/elfsight.com\/pt\/file-embed-widget\/wordpress\/"]}]},{"@type":"BreadcrumbList","@id":"https:\/\/elfsight.com\/pt\/file-embed-widget\/wordpress\/#breadcrumb","itemListElement":[{"@type":"ListItem","position":1,"name":"Home","item":"https:\/\/elfsight.com\/pt\/"},{"@type":"ListItem","position":2,"name":"File Embed","item":"https:\/\/elfsight.com\/pt\/file-embed-widget\/"},{"@type":"ListItem","position":3,"name":"File Embed &#8211; WordPress"}]},{"@type":"WebSite","@id":"https:\/\/elfsight.com\/pt\/#website","url":"https:\/\/elfsight.com\/pt\/","name":"Elfsight PT","description":"Just another Elfsight Sites site","potentialAction":[{"@type":"SearchAction","target":{"@type":"EntryPoint","urlTemplate":"https:\/\/elfsight.com\/pt\/?s={search_term_string}"},"query-input":{"@type":"PropertyValueSpecification","valueRequired":true,"valueName":"search_term_string"}}],"inLanguage":"pt-PT"}]}},"meta_box":{"industry":"","seo_heading":"","heading":"","description":"","cta_heading":"","cta_description":"","application":"1273","h1":"Plug-in de incorpora\u00e7\u00e3o de arquivo WordPress","h1_caption":"Integre mais de 20 formatos de arquivo em seu site para os usu\u00e1rios usarem ou baixarem","application_category":[],"applications_title":"","applications_request_title":"","applications_request_button_text":"","hero_text":"","hero_video":"","hero_video_schema_markup":"","selling_points_title":"","selling_points_caption":"","selling_points":[],"selling_points_cta_text":"","features_title":"","features":"","ed_cta_examples_text":"","ed_cta_examples_hidden":"","ed_cta_demo_text":"","ed_cta_demo_hidden":"","why_caption":"","why_editor_title":"","why_editor_text":"","why_team_title":"","why_team_text":"","why_service_title":"","why_service_text":"","template_catalog_visible":"0","template_catalog_title":"","template_catalog_text":"","template_catalog_categories_visible":"","demo_title":"Crie seu plugin File Embed","demo_caption":"Configure seu File Embed e adicione-o ao seu site WordPress gratuitamente!","default_faq_hidden":"","app_template_category":[],"platform":"34","template_public_id":"","codecanyon_url":"","codecanyon_item_id":"","codecanyon_price":"","pricing_caption":"","pricing_elfsight_apps_hide_column":"","pricing_elfsight_apps_url":"","pricing_codecanyon_price_caption":"","integration_category":[],"integration_request_title":"","integration_request_cta":"","integration_platform":"","integrations":[],"platform_category":[],"video_schema_markup":"","price":"a partir de US$ 0\/m\u00eas","trial":"","benefits":[{"text":"Ajuda de instala\u00e7\u00e3o gratuita"},{"text":"Atendimento ao cliente competente"},{"text":"Garantia de devolu\u00e7\u00e3o do dinheiro em 14 dias"},{"text":"Atualiza\u00e7\u00f5es futuras"}],"button_url":"#demo","button_target_blank":"0","button_nofollow":"0","attributes":[{"name":"Instala\u00e7\u00f5es","content":"10,000 - 100,000"},{"name":"Responsivo","content":"Sim"},{"name":"Navegadores compat\u00edveis","content":"Firefox, Safari, Opera, Chrome, Edge"}],"tags":[],"tags_disable_links":"0","hide_more_platforms":"0","video_object":"","demo_hide_cta":"0","demo_hide_cloud_options":"0","pricing_title":"","pricing":[{"pricing_icon":"platform","pricing_title":"Elfsight Apps","pricing_title_caption":"Vers\u00e3o independente de plataforma","pricing_price":"a partir de US$ 0\/m\u00eas","pricing_price_caption":"comece com plano gratuito","pricing_benefits":[{"text":"Dom\u00ednios ilimitados"},{"text":"Suporte premium para empresas"},{"text":"Suporte premium para empresas"},{"text":"Pre\u00e7o especial para v\u00e1rios aplicativos"}],"pricing_button_text":"Adicionar ao site","pricing_button_url":"#demo"}],"related_apps_title":"","related_apps_hidden":"0","author":"","image":[],"title":"","job":"","social_networks":[]},"_links":{"self":[{"href":"https:\/\/elfsight.com\/pt\/wp-json\/wp\/v2\/pages\/11051","targetHints":{"allow":["GET"]}}],"collection":[{"href":"https:\/\/elfsight.com\/pt\/wp-json\/wp\/v2\/pages"}],"about":[{"href":"https:\/\/elfsight.com\/pt\/wp-json\/wp\/v2\/types\/page"}],"author":[{"embeddable":true,"href":"https:\/\/elfsight.com\/pt\/wp-json\/wp\/v2\/users\/9"}],"replies":[{"embeddable":true,"href":"https:\/\/elfsight.com\/pt\/wp-json\/wp\/v2\/comments?post=11051"}],"version-history":[{"count":3,"href":"https:\/\/elfsight.com\/pt\/wp-json\/wp\/v2\/pages\/11051\/revisions"}],"predecessor-version":[{"id":14425,"href":"https:\/\/elfsight.com\/pt\/wp-json\/wp\/v2\/pages\/11051\/revisions\/14425"}],"up":[{"embeddable":true,"href":"https:\/\/elfsight.com\/pt\/wp-json\/wp\/v2\/pages\/1274"}],"wp:attachment":[{"href":"https:\/\/elfsight.com\/pt\/wp-json\/wp\/v2\/media?parent=11051"}],"curies":[{"name":"wp","href":"https:\/\/api.w.org\/{rel}","templated":true}]}}