{"id":11044,"date":"2024-05-03T06:37:06","date_gmt":"2024-05-03T06:37:06","guid":{"rendered":"https:\/\/elfsight.com\/pt\/?page_id=11044"},"modified":"2024-11-13T11:45:46","modified_gmt":"2024-11-13T11:45:46","slug":"facebook","status":"publish","type":"page","link":"https:\/\/elfsight.com\/pt\/file-embed-widget\/facebook\/","title":{"rendered":"File Embed &#8211; Facebook Page"},"content":{"rendered":"<div class=\"application-platform-content-item-description application-platform-content-item\" id=\"description\" data-nav-section=\"description\"><h2>Descri\u00e7\u00e3o<\/h2><p>O widget Elfsight File \u00e9 uma das ferramentas mais simples e r\u00e1pidas para carregar ficheiros na sua p\u00e1gina. Integre todos os arquivos mais usados: PDF, Docx, Jpg, Jpeg \u2013 no total cerca de 20 tipos. Para conveni\u00eancia do usu\u00e1rio, os arquivos podem ser adicionados por upload direto, adicionando seus URLs ou escolhendo entre os enviados recentemente. Voc\u00ea pode dar um t\u00edtulo a cada documento, fazer upload de um \u00edcone ou imagem personalizado, selecionar o layout e muito mais. Os usu\u00e1rios da p\u00e1gina podem ler os arquivos diretamente na p\u00e1gina, visualiz\u00e1-los em uma nova aba do navegador e fazer download. <\/p><p><b>Fa\u00e7a upload de palavras, documentos, imagens e muito mais para sua p\u00e1gina do Facebook em segundos!<\/b><\/p><\/div><div class=\"application-platform-content-item-features application-platform-content-item\" id=\"features\" data-nav-section=\"features\"><h2>Recursos <\/h2><p>Verifique todas as caracter\u00edsticas funcionais do produto. Eles est\u00e3o dispon\u00edveis diretamente no editor e ir\u00e3o ajud\u00e1-lo a configurar o widget especialmente para o seu caso de uso. <\/p><ul><li>Carregar documentos ilimitados; <\/li><li>Op\u00e7\u00e3o de layout do Visualizador de Arquivos para leitura de documentos na p\u00e1gina; <\/li><li>Upload de imagens para \u00edcones e visualiza\u00e7\u00f5es; <\/li><li>Mostrar ou remover texto do documento de download; <\/li><li>6 elementos coloridos da interface. <\/li><\/ul><p><a href=\"#demo\">Verifique todas as outras fun\u00e7\u00f5es na demonstra\u00e7\u00e3o<\/a><\/p><\/div> <div class=\"application-platform-content-item-installation application-platform-content-item\" id=\"installation\" data-nav-section=\"installation\"><h2> Como fazer upload de um arquivo para a p\u00e1gina do Facebook?<\/h2><p>Para adicionar o widget \u00e0 sua p\u00e1gina comercial do Facebook, basta seguir as diretrizes abaixo<\/p><ul><li><b>Crie seu widget de arquivo personalizado<\/b><br>Gerenciar nossa demonstra\u00e7\u00e3o gratuita, criar um plugin &#8211; selecionar um layout, escolher cores e adicionar arquivos.<\/li><li><b>Adquirir o c\u00f3digo pessoal para publicar o plugin<\/b><br> Depois de personalizar o seu widget, voc\u00ea adquirir\u00e1 um c\u00f3digo de instala\u00e7\u00e3o na janela exibida nos aplicativos Elfsight. Copie este c\u00f3digo para uso futuro. <\/li><li><b>Adicione o widget Arquivo \u00e0 p\u00e1gina do Facebook<\/b><br> Crie sua guia personalizada do Facebook. Insira o c\u00f3digo que voc\u00ea recebeu nos aplicativos da elfsight na guia. Se voc\u00ea tiver algum problema, basta verificar nosso guia em <a href=\"https:\/\/elfsight.com\/blog\/how-to-add-custom-tab-to-facebook-page\/\" target=\"_blank\" rel=\"noopener noreferrer\">criando uma guia personalizada do Facebook<\/a><\/li><li><b>Voc\u00ea concluiu a instala\u00e7\u00e3o com sucesso<\/b><br>Visite sua p\u00e1gina para dar uma olhada em seu trabalho.&lt;\/li <\/ul><p>Reserve um minuto para entrar em contato com o suporte ao cliente caso precise de assist\u00eancia ou tenha problemas. Teremos todo o gosto em ajudar com qualquer quest\u00e3o.<\/p><div class=\"faq\" data-component=\"FAQ\"><div class=\"faq-item\">\r\n\t\t\t\t\t<div class=\"faq-item-question\">\r\n\t\t\t\t\t\t<h3 class=\"faq-item-question-text\">Como posso adicionar FAQ ao website da minha p\u00e1gina do Facebook sem conhecimentos de codifica\u00e7\u00e3o?<\/h3>\r\n\r\n\t\t\t\t\t\t<div class=\"faq-item-question-icon\"><\/div>\r\n\t\t\t\t\t<\/div>\r\n\r\n\t\t\t\t\t<div class=\"faq-item-answer\">\r\n\t\t\t\t\t\t<div class=\"faq-item-answer-text\"> <p>A Elfsight fornece uma solu\u00e7\u00e3o SaaS que lhe permite criar voc\u00ea mesmo um widget de FAQ, veja como o processo \u00e9 f\u00e1cil: Trabalhe diretamente no Editor on-line para criar um widget de FAQ que voc\u00ea gostaria de ver no site da sua p\u00e1gina do Facebook. Escolha um dos modelos predefinidos e ajuste as configura\u00e7\u00f5es do FAQ, adicione seu conte\u00fado, altere o layout e as cores sem nenhuma habilidade de codifica\u00e7\u00e3o. Salve o FAQ e copie seu c\u00f3digo de instala\u00e7\u00e3o, que voc\u00ea pode simplesmente incluir no site da sua p\u00e1gina do Facebook sem comprar uma assinatura paga. Com nosso editor intuitivo, qualquer usu\u00e1rio da Internet pode criar um widget de FAQ online e incorpor\u00e1-lo facilmente em sua p\u00e1gina do Facebook. N\u00e3o h\u00e1 necessidade de pagar ou inserir as credenciais do seu cart\u00e3o para acessar o servi\u00e7o. Se voc\u00ea enfrentar qualquer problema em qualquer etapa, n\u00e3o hesite em entrar em contato com nossa equipe de suporte t\u00e9cnico.<\/p> <\/div>\r\n\t\t\t\t\t<\/div>\r\n\t\t\t\t<\/div> <\/div><\/div>","protected":false},"excerpt":{"rendered":"","protected":false},"author":9,"featured_media":0,"parent":1274,"menu_order":0,"comment_status":"closed","ping_status":"closed","template":"templates\/template-application-platform.php","meta":{"publish_to_discourse":"","publish_post_category":"","wpdc_auto_publish_overridden":"","wpdc_topic_tags":"","wpdc_pin_topic":"","wpdc_pin_until":"","discourse_post_id":"","discourse_permalink":"","wpdc_publishing_response":"","wpdc_publishing_error":"","footnotes":""},"class_list":["post-11044","page","type-page","status-publish","hentry"],"yoast_head":"<!-- This site is optimized with the Yoast SEO plugin v25.3.1 - https:\/\/yoast.com\/wordpress\/plugins\/seo\/ -->\n<title>Como adicionar um arquivo \u00e0 p\u00e1gina do Facebook - File Uploader &amp; Viewer (2025)<\/title>\n<meta name=\"description\" content=\"Com a Elfsight, crie seu carregador e visualizador de arquivos e adicione arquivos \u00e0 sua p\u00e1gina do Facebook rapidamente. Oferecemos atendimento gratuito ao cliente e outros b\u00f4nus.\" \/>\n<meta name=\"robots\" content=\"index, follow, max-snippet:-1, max-image-preview:large, max-video-preview:-1\" \/>\n<link rel=\"canonical\" href=\"https:\/\/elfsight.com\/pt\/file-embed-widget\/facebook\/\" \/>\n<meta property=\"og:locale\" content=\"pt_PT\" \/>\n<meta property=\"og:type\" content=\"article\" \/>\n<meta property=\"og:title\" content=\"Como adicionar um arquivo \u00e0 p\u00e1gina do Facebook - File Uploader &amp; Viewer (2025)\" \/>\n<meta property=\"og:description\" content=\"Com a Elfsight, crie seu carregador e visualizador de arquivos e adicione arquivos \u00e0 sua p\u00e1gina do Facebook rapidamente. Oferecemos atendimento gratuito ao cliente e outros b\u00f4nus.\" \/>\n<meta property=\"og:url\" content=\"https:\/\/elfsight.com\/pt\/file-embed-widget\/facebook\/\" \/>\n<meta property=\"og:site_name\" content=\"Elfsight PT\" \/>\n<meta property=\"article:modified_time\" content=\"2024-11-13T11:45:46+00:00\" \/>\n<meta name=\"twitter:card\" content=\"summary_large_image\" \/>\n<meta name=\"twitter:label1\" content=\"Tempo estimado de leitura\" \/>\n\t<meta name=\"twitter:data1\" content=\"3 minutos\" \/>\n<!-- \/ Yoast SEO plugin. -->","yoast_head_json":{"title":"Como adicionar um arquivo \u00e0 p\u00e1gina do Facebook - File Uploader & Viewer (2025)","description":"Com a Elfsight, crie seu carregador e visualizador de arquivos e adicione arquivos \u00e0 sua p\u00e1gina do Facebook rapidamente. Oferecemos atendimento gratuito ao cliente e outros b\u00f4nus.","robots":{"index":"index","follow":"follow","max-snippet":"max-snippet:-1","max-image-preview":"max-image-preview:large","max-video-preview":"max-video-preview:-1"},"canonical":"https:\/\/elfsight.com\/pt\/file-embed-widget\/facebook\/","og_locale":"pt_PT","og_type":"article","og_title":"Como adicionar um arquivo \u00e0 p\u00e1gina do Facebook - File Uploader & Viewer (2025)","og_description":"Com a Elfsight, crie seu carregador e visualizador de arquivos e adicione arquivos \u00e0 sua p\u00e1gina do Facebook rapidamente. Oferecemos atendimento gratuito ao cliente e outros b\u00f4nus.","og_url":"https:\/\/elfsight.com\/pt\/file-embed-widget\/facebook\/","og_site_name":"Elfsight PT","article_modified_time":"2024-11-13T11:45:46+00:00","twitter_card":"summary_large_image","twitter_misc":{"Tempo estimado de leitura":"3 minutos"},"schema":{"@context":"https:\/\/schema.org","@graph":[{"@type":"WebPage","@id":"https:\/\/elfsight.com\/pt\/file-embed-widget\/facebook\/","url":"https:\/\/elfsight.com\/pt\/file-embed-widget\/facebook\/","name":"Como adicionar um arquivo \u00e0 p\u00e1gina do Facebook - File Uploader & Viewer (2025)","isPartOf":{"@id":"https:\/\/elfsight.com\/pt\/#website"},"datePublished":"2024-05-03T06:37:06+00:00","dateModified":"2024-11-13T11:45:46+00:00","description":"Com a Elfsight, crie seu carregador e visualizador de arquivos e adicione arquivos \u00e0 sua p\u00e1gina do Facebook rapidamente. Oferecemos atendimento gratuito ao cliente e outros b\u00f4nus.","breadcrumb":{"@id":"https:\/\/elfsight.com\/pt\/file-embed-widget\/facebook\/#breadcrumb"},"inLanguage":"pt-PT","potentialAction":[{"@type":"ReadAction","target":["https:\/\/elfsight.com\/pt\/file-embed-widget\/facebook\/"]}]},{"@type":"BreadcrumbList","@id":"https:\/\/elfsight.com\/pt\/file-embed-widget\/facebook\/#breadcrumb","itemListElement":[{"@type":"ListItem","position":1,"name":"Home","item":"https:\/\/elfsight.com\/pt\/"},{"@type":"ListItem","position":2,"name":"File Embed","item":"https:\/\/elfsight.com\/pt\/file-embed-widget\/"},{"@type":"ListItem","position":3,"name":"File Embed &#8211; Facebook Page"}]},{"@type":"WebSite","@id":"https:\/\/elfsight.com\/pt\/#website","url":"https:\/\/elfsight.com\/pt\/","name":"Elfsight PT","description":"Just another Elfsight Sites site","potentialAction":[{"@type":"SearchAction","target":{"@type":"EntryPoint","urlTemplate":"https:\/\/elfsight.com\/pt\/?s={search_term_string}"},"query-input":{"@type":"PropertyValueSpecification","valueRequired":true,"valueName":"search_term_string"}}],"inLanguage":"pt-PT"}]}},"meta_box":{"industry":"","seo_heading":"","heading":"","description":"","cta_heading":"","cta_description":"","application":"1273","h1":"Como adicionar um arquivo \u00e0 p\u00e1gina do Facebook","h1_caption":"Fa\u00e7a upload de mais de vinte formatos de arquivo em sua p\u00e1gina comercial para os usu\u00e1rios lerem e baixarem","application_category":[],"applications_title":"","applications_request_title":"","applications_request_button_text":"","hero_text":"","hero_video":"","hero_video_schema_markup":"","selling_points_title":"","selling_points_caption":"","selling_points":[],"selling_points_cta_text":"","features_title":"","features":"","ed_cta_examples_text":"","ed_cta_examples_hidden":"","ed_cta_demo_text":"","ed_cta_demo_hidden":"","why_caption":"","why_editor_title":"","why_editor_text":"","why_team_title":"","why_team_text":"","why_service_title":"","why_service_text":"","template_catalog_visible":"","template_catalog_title":"","template_catalog_text":"","template_catalog_categories_visible":"","demo_title":"Crie seu widget de incorpora\u00e7\u00e3o de arquivo","demo_caption":"Configure seu arquivo incorporado e adicione-o ao site da sua p\u00e1gina do Facebook gratuitamente!","default_faq_hidden":"","app_template_category":[],"platform":"103","template_public_id":"","codecanyon_url":"","codecanyon_item_id":"","codecanyon_price":"","pricing_caption":"","pricing_elfsight_apps_hide_column":"","pricing_elfsight_apps_url":"","pricing_codecanyon_price_caption":"","integration_category":[],"integration_request_title":"","integration_request_cta":"","integration_platform":"","integrations":[],"platform_category":[],"video_schema_markup":"","price":"a partir de US$ 0\/m\u00eas","trial":"","benefits":[{"text":"Servi\u00e7o de instala\u00e7\u00e3o gratuito"},{"text":"Suporte ao cliente experiente"},{"text":"Garantia de devolu\u00e7\u00e3o do dinheiro em 14 dias"},{"text":"Atualiza\u00e7\u00f5es cont\u00ednuas"}],"button_url":"#demo","button_target_blank":"","button_nofollow":"","attributes":[{"name":"Instala\u00e7\u00f5es","content":"10,000 - 100,000"},{"name":"Capacidade de resposta","content":"Funciona em sites para celular"},{"name":"Navegadores compat\u00edveis","content":"Edge, Opera, Safari, Firefox, Chrome"}],"tags":[],"tags_disable_links":"","hide_more_platforms":"","video_object":"","demo_hide_cta":"","demo_hide_cloud_options":"","pricing_title":"","pricing":[{"pricing_icon":"platform","pricing_title":"Elfsight Apps","pricing_title_caption":"Software multiplataforma","pricing_price":"a partir de US$ 0\/m\u00eas","pricing_price_caption":"comece com plano gratuito","pricing_benefits":[{"text":"Sites ilimitados"},{"text":"Suporte premium para empresas"},{"text":"Suporte premium para empresas"},{"text":"100% personaliz\u00e1vel"}],"pricing_button_text":"Adicionar ao site","pricing_button_url":"#demo"}],"related_apps_title":"","related_apps_hidden":"","author":"","image":[],"title":"","job":"","social_networks":[]},"_links":{"self":[{"href":"https:\/\/elfsight.com\/pt\/wp-json\/wp\/v2\/pages\/11044","targetHints":{"allow":["GET"]}}],"collection":[{"href":"https:\/\/elfsight.com\/pt\/wp-json\/wp\/v2\/pages"}],"about":[{"href":"https:\/\/elfsight.com\/pt\/wp-json\/wp\/v2\/types\/page"}],"author":[{"embeddable":true,"href":"https:\/\/elfsight.com\/pt\/wp-json\/wp\/v2\/users\/9"}],"replies":[{"embeddable":true,"href":"https:\/\/elfsight.com\/pt\/wp-json\/wp\/v2\/comments?post=11044"}],"version-history":[{"count":1,"href":"https:\/\/elfsight.com\/pt\/wp-json\/wp\/v2\/pages\/11044\/revisions"}],"predecessor-version":[{"id":11048,"href":"https:\/\/elfsight.com\/pt\/wp-json\/wp\/v2\/pages\/11044\/revisions\/11048"}],"up":[{"embeddable":true,"href":"https:\/\/elfsight.com\/pt\/wp-json\/wp\/v2\/pages\/1274"}],"wp:attachment":[{"href":"https:\/\/elfsight.com\/pt\/wp-json\/wp\/v2\/media?parent=11044"}],"curies":[{"name":"wp","href":"https:\/\/api.w.org\/{rel}","templated":true}]}}