{"id":11034,"date":"2024-05-03T06:37:00","date_gmt":"2024-05-03T06:37:00","guid":{"rendered":"https:\/\/elfsight.com\/pt\/?page_id=11034"},"modified":"2025-03-06T10:36:51","modified_gmt":"2025-03-06T10:36:51","slug":"jimdo","status":"publish","type":"page","link":"https:\/\/elfsight.com\/pt\/file-embed-widget\/jimdo\/","title":{"rendered":"File Embed &#8211; Jimdo"},"content":{"rendered":"\n<div class=\"application-platform-content-item-description application-platform-content-item\" id=\"description\" data-nav-section=\"description\"> <h2>Descri\u00e7\u00e3o<\/h2> <p>Elfsight File Embed \u00e9 uma das ferramentas mais simples e imediatas para incorporar arquivos em um site. Integre todos os arquivos mais usados: PDF, Docx, Xlsx, Jpeg \u2013 no total cerca de 20 formatos. Para maior facilidade de uso, os arquivos podem ser colados apenas fazendo upload, inserindo seus URLs ou selecionando um dos enviados recentemente. Os recursos permitem que voc\u00ea d\u00ea um t\u00edtulo a cada arquivo, carregue seu pr\u00f3prio \u00edcone e imagem, escolha op\u00e7\u00f5es de layout e muito mais. Os visitantes do site podem conferir os documentos diretamente no site, abri-los em uma nova aba do navegador e fazer o download. <\/p><p><b>Com o File Embed, tenha um desenvolvimento ativo de neg\u00f3cios e melhore as vendas.<\/b><\/p> <\/div> <div class=\"application-platform-content-item-features application-platform-content-item\" id=\"features\" data-nav-section=\"features\"> <h2>Aqui est\u00e3o os principais recursos do widget: <\/h2> <ul><li>Incorpore mais de 20 formatos de arquivos para download e visualiza\u00e7\u00e3o<\/li><li>Adicione arquivos ilimitados<\/li><li>Duplicar, excluir, clonar e reordenar seus arquivos<\/li><li>Incorpore escolhendo o arquivo enviado recentemente, por URL ou fazendo upload<\/li><li>3 layouts inclu\u00eddos: lista, grade e visualizador de arquivos<\/li><li>Layout do visualizador de arquivos para visualizar arquivos na p\u00e1gina<\/li><li>zoom, rolagem e pagina\u00e7\u00e3o suportados no layout do Visualizador de arquivos<\/li><li>Op\u00e7\u00e3o para mostrar ou fazer download do r\u00f3tulo do arquivo<\/li><li>\u00cdcone de arquivo altern\u00e1vel<\/li> <li>Op\u00e7\u00e3o para pintar o \u00edcone do arquivo<\/li><\/ul><p><a href=\"#demo\">Voc\u00ea pode experimentar todas as funcionalidades do widget na demonstra\u00e7\u00e3o nesta p\u00e1gina<\/a><\/p> <\/div> <div class=\"application-platform-content-item-installation application-platform-content-item\" id=\"installation\" data-nav-section=\"installation\"> <h2>Como adicionar arquivo incorporado ao site Jimdo? <\/h2> <p>Basta seguir as instru\u00e7\u00f5es abaixo para incorporar a ferramenta. <\/p> <ol><li><b>Utilize nosso editor gratuito e comece a criar seu widget personalizado. <\/b><br> Especifique o layout personalizado e as caracter\u00edsticas funcionais da ferramenta e salve as modifica\u00e7\u00f5es. <\/li> <li><b>Obtenha seu c\u00f3digo pessoal aparecendo na janela dos aplicativos Elfsight. <\/b><br> Terminada a customiza\u00e7\u00e3o do seu widget, copie o c\u00f3digo exclusivo da caixa e guarde-o para uso posterior. <\/li> <li><b>Inicie a aplica\u00e7\u00e3o do widget na p\u00e1gina inicial do Jimdo. <\/b><br> Cole o c\u00f3digo que voc\u00ea copiou recentemente em seu site e salve as melhorias. <\/li> <li><b>A configura\u00e7\u00e3o foi totalmente conclu\u00edda. <\/b><br> Acesse seu site para verificar como o widget est\u00e1 funcionando. <\/li><\/ol> <p>Caso tenha d\u00favidas ou tenha algum problema, n\u00e3o hesite em entrar em contato com nossa equipe de suporte. Nosso pessoal ter\u00e1 prazer em resolver todas as dificuldades que voc\u00ea possa ter com a ferramenta. <\/p> <div class=\"faq\" data-component=\"FAQ\"><div class=\"faq-item\">\r\n\t\t\t\t\t<div class=\"faq-item-question\">\r\n\t\t\t\t\t\t<h3 class=\"faq-item-question-text\">Como adicionar FAQ ao meu site Jimdo sem conhecimentos de codifica\u00e7\u00e3o?<\/h3>\r\n\r\n\t\t\t\t\t\t<div class=\"faq-item-question-icon\"><\/div>\r\n\t\t\t\t\t<\/div>\r\n\r\n\t\t\t\t\t<div class=\"faq-item-answer\">\r\n\t\t\t\t\t\t<div class=\"faq-item-answer-text\"> <p>A Elfsight fornece uma solu\u00e7\u00e3o SaaS que lhe permite criar um widget de FAQ, veja como \u00e9 f\u00e1cil o processo: Trabalhe diretamente no Editor on-line para criar um widget de FAQ que voc\u00ea gostaria de ver em seu site Jimdo. Escolha um dos modelos predefinidos e ajuste as configura\u00e7\u00f5es do FAQ, adicione seu conte\u00fado, altere o layout e as cores sem nenhuma habilidade de codifica\u00e7\u00e3o. Salve o FAQ e copie seu c\u00f3digo de instala\u00e7\u00e3o, que voc\u00ea pode simplesmente incluir em seu site Jimdo sem comprar uma assinatura paga. Com nosso editor intuitivo, qualquer usu\u00e1rio da Internet pode criar um widget de FAQ on-line e incorpor\u00e1-lo facilmente ao seu site Jimdo. N\u00e3o h\u00e1 necessidade de pagar ou inserir as credenciais do seu cart\u00e3o para acessar o servi\u00e7o. Se voc\u00ea enfrentar qualquer problema em qualquer etapa, n\u00e3o hesite em entrar em contato com nossa equipe de suporte t\u00e9cnico.<\/p> <\/div>\r\n\t\t\t\t\t<\/div>\r\n\t\t\t\t<\/div> <\/div><\/div>\n","protected":false},"excerpt":{"rendered":"","protected":false},"author":9,"featured_media":0,"parent":1274,"menu_order":0,"comment_status":"closed","ping_status":"closed","template":"templates\/template-application-platform.php","meta":{"publish_to_discourse":"","publish_post_category":"","wpdc_auto_publish_overridden":"","wpdc_topic_tags":"","wpdc_pin_topic":"","wpdc_pin_until":"","discourse_post_id":"","discourse_permalink":"","wpdc_publishing_response":"","wpdc_publishing_error":"","footnotes":""},"class_list":["post-11034","page","type-page","status-publish","hentry"],"yoast_head":"<!-- This site is optimized with the Yoast SEO plugin v25.3.1 - https:\/\/yoast.com\/wordpress\/plugins\/seo\/ -->\n<title>Widget Visualizador de arquivos - Incorpore qualquer arquivo em seu site Jimdo (2025)<\/title>\n<meta name=\"description\" content=\"Aqui est\u00e1 a possibilidade de criar um widget File Embed e adicion\u00e1-lo ao seu site Jimdo. Aproveite o suporte gratuito e outros b\u00f4nus da Elfsight.\" \/>\n<meta name=\"robots\" content=\"index, follow, max-snippet:-1, max-image-preview:large, max-video-preview:-1\" \/>\n<link rel=\"canonical\" href=\"https:\/\/elfsight.com\/pt\/file-embed-widget\/jimdo\/\" \/>\n<meta property=\"og:locale\" content=\"pt_PT\" \/>\n<meta property=\"og:type\" content=\"article\" \/>\n<meta property=\"og:title\" content=\"Widget Visualizador de arquivos - Incorpore qualquer arquivo em seu site Jimdo (2025)\" \/>\n<meta property=\"og:description\" content=\"Aqui est\u00e1 a possibilidade de criar um widget File Embed e adicion\u00e1-lo ao seu site Jimdo. Aproveite o suporte gratuito e outros b\u00f4nus da Elfsight.\" \/>\n<meta property=\"og:url\" content=\"https:\/\/elfsight.com\/pt\/file-embed-widget\/jimdo\/\" \/>\n<meta property=\"og:site_name\" content=\"Elfsight PT\" \/>\n<meta property=\"article:modified_time\" content=\"2025-03-06T10:36:51+00:00\" \/>\n<meta name=\"twitter:card\" content=\"summary_large_image\" \/>\n<meta name=\"twitter:label1\" content=\"Tempo estimado de leitura\" \/>\n\t<meta name=\"twitter:data1\" content=\"3 minutos\" \/>\n<!-- \/ Yoast SEO plugin. -->","yoast_head_json":{"title":"Widget Visualizador de arquivos - Incorpore qualquer arquivo em seu site Jimdo (2025)","description":"Aqui est\u00e1 a possibilidade de criar um widget File Embed e adicion\u00e1-lo ao seu site Jimdo. Aproveite o suporte gratuito e outros b\u00f4nus da Elfsight.","robots":{"index":"index","follow":"follow","max-snippet":"max-snippet:-1","max-image-preview":"max-image-preview:large","max-video-preview":"max-video-preview:-1"},"canonical":"https:\/\/elfsight.com\/pt\/file-embed-widget\/jimdo\/","og_locale":"pt_PT","og_type":"article","og_title":"Widget Visualizador de arquivos - Incorpore qualquer arquivo em seu site Jimdo (2025)","og_description":"Aqui est\u00e1 a possibilidade de criar um widget File Embed e adicion\u00e1-lo ao seu site Jimdo. Aproveite o suporte gratuito e outros b\u00f4nus da Elfsight.","og_url":"https:\/\/elfsight.com\/pt\/file-embed-widget\/jimdo\/","og_site_name":"Elfsight PT","article_modified_time":"2025-03-06T10:36:51+00:00","twitter_card":"summary_large_image","twitter_misc":{"Tempo estimado de leitura":"3 minutos"},"schema":{"@context":"https:\/\/schema.org","@graph":[{"@type":"WebPage","@id":"https:\/\/elfsight.com\/pt\/file-embed-widget\/jimdo\/","url":"https:\/\/elfsight.com\/pt\/file-embed-widget\/jimdo\/","name":"Widget Visualizador de arquivos - Incorpore qualquer arquivo em seu site Jimdo (2025)","isPartOf":{"@id":"https:\/\/elfsight.com\/pt\/#website"},"datePublished":"2024-05-03T06:37:00+00:00","dateModified":"2025-03-06T10:36:51+00:00","description":"Aqui est\u00e1 a possibilidade de criar um widget File Embed e adicion\u00e1-lo ao seu site Jimdo. Aproveite o suporte gratuito e outros b\u00f4nus da Elfsight.","breadcrumb":{"@id":"https:\/\/elfsight.com\/pt\/file-embed-widget\/jimdo\/#breadcrumb"},"inLanguage":"pt-PT","potentialAction":[{"@type":"ReadAction","target":["https:\/\/elfsight.com\/pt\/file-embed-widget\/jimdo\/"]}]},{"@type":"BreadcrumbList","@id":"https:\/\/elfsight.com\/pt\/file-embed-widget\/jimdo\/#breadcrumb","itemListElement":[{"@type":"ListItem","position":1,"name":"Home","item":"https:\/\/elfsight.com\/pt\/"},{"@type":"ListItem","position":2,"name":"File Embed","item":"https:\/\/elfsight.com\/pt\/file-embed-widget\/"},{"@type":"ListItem","position":3,"name":"File Embed &#8211; Jimdo"}]},{"@type":"WebSite","@id":"https:\/\/elfsight.com\/pt\/#website","url":"https:\/\/elfsight.com\/pt\/","name":"Elfsight PT","description":"Just another Elfsight Sites site","potentialAction":[{"@type":"SearchAction","target":{"@type":"EntryPoint","urlTemplate":"https:\/\/elfsight.com\/pt\/?s={search_term_string}"},"query-input":{"@type":"PropertyValueSpecification","valueRequired":true,"valueName":"search_term_string"}}],"inLanguage":"pt-PT"}]}},"meta_box":{"industry":"","seo_heading":"","heading":"","description":"","cta_heading":"","cta_description":"","application":"1273","h1":"Widget de incorpora\u00e7\u00e3o de arquivo Jimdo","h1_caption":"Publique mais de 20 formatos de arquivo no site para os visitantes lerem e baixarem","application_category":[],"applications_title":"","applications_request_title":"","applications_request_button_text":"","hero_text":"","hero_video":"","hero_video_schema_markup":"","selling_points_title":"","selling_points_caption":"","selling_points":[],"selling_points_cta_text":"","features_title":"","features":"","ed_cta_examples_text":"","ed_cta_examples_hidden":"","ed_cta_demo_text":"","ed_cta_demo_hidden":"","why_caption":"","why_editor_title":"","why_editor_text":"","why_team_title":"","why_team_text":"","why_service_title":"","why_service_text":"","template_catalog_visible":"0","template_catalog_title":"","template_catalog_text":"","template_catalog_categories_visible":"","demo_title":"Crie seu widget de incorpora\u00e7\u00e3o de arquivo","demo_caption":"Configure seu File Embed e adicione-o ao seu site Jimdo gratuitamente!","default_faq_hidden":"","app_template_category":[],"platform":"5393","template_public_id":"","codecanyon_url":"","codecanyon_item_id":"","codecanyon_price":"","pricing_caption":"","pricing_elfsight_apps_hide_column":"","pricing_elfsight_apps_url":"","pricing_codecanyon_price_caption":"","integration_category":[],"integration_request_title":"","integration_request_cta":"","integration_platform":"","integrations":[],"platform_category":[],"video_schema_markup":"","price":"a partir de US$ 0\/m\u00eas","trial":"","benefits":[{"text":"Ajuda de instala\u00e7\u00e3o gratuita"},{"text":"Atendimento ao cliente eficaz"},{"text":"Garantia de reembolso de 14 dias"},{"text":"Desenvolvimento cont\u00ednuo"}],"button_url":"#demo","button_target_blank":"0","button_nofollow":"0","attributes":[{"name":"Instala\u00e7\u00f5es","content":"10,000 - 100,000"},{"name":"Responsivo","content":"Sim"},{"name":"Navegadores compat\u00edveis","content":"Firefox, Safari, Opera, Chrome, Edge"}],"tags":[],"tags_disable_links":"0","hide_more_platforms":"0","video_object":"","demo_hide_cta":"0","demo_hide_cloud_options":"0","pricing_title":"","pricing":[{"pricing_icon":"platform","pricing_title":"Elfsight Apps","pricing_title_caption":"Vers\u00e3o multiplataforma","pricing_price":"a partir de US$ 0\/m\u00eas","pricing_price_caption":"comece com um plano gratuito","pricing_benefits":[{"text":"Dom\u00ednios ilimitados"},{"text":"Suporte premium, pontual e bem documentado"},{"text":"Suporte premium, pontual e bem documentado"},{"text":"100% personaliz\u00e1vel"}],"pricing_button_text":"Adicionar ao site","pricing_button_url":"#demo"}],"related_apps_title":"","related_apps_hidden":"0","author":"","image":[],"title":"","job":"","social_networks":[]},"_links":{"self":[{"href":"https:\/\/elfsight.com\/pt\/wp-json\/wp\/v2\/pages\/11034","targetHints":{"allow":["GET"]}}],"collection":[{"href":"https:\/\/elfsight.com\/pt\/wp-json\/wp\/v2\/pages"}],"about":[{"href":"https:\/\/elfsight.com\/pt\/wp-json\/wp\/v2\/types\/page"}],"author":[{"embeddable":true,"href":"https:\/\/elfsight.com\/pt\/wp-json\/wp\/v2\/users\/9"}],"replies":[{"embeddable":true,"href":"https:\/\/elfsight.com\/pt\/wp-json\/wp\/v2\/comments?post=11034"}],"version-history":[{"count":2,"href":"https:\/\/elfsight.com\/pt\/wp-json\/wp\/v2\/pages\/11034\/revisions"}],"predecessor-version":[{"id":14428,"href":"https:\/\/elfsight.com\/pt\/wp-json\/wp\/v2\/pages\/11034\/revisions\/14428"}],"up":[{"embeddable":true,"href":"https:\/\/elfsight.com\/pt\/wp-json\/wp\/v2\/pages\/1274"}],"wp:attachment":[{"href":"https:\/\/elfsight.com\/pt\/wp-json\/wp\/v2\/media?parent=11034"}],"curies":[{"name":"wp","href":"https:\/\/api.w.org\/{rel}","templated":true}]}}