{"id":11028,"date":"2024-05-03T06:36:35","date_gmt":"2024-05-03T06:36:35","guid":{"rendered":"https:\/\/elfsight.com\/pt\/?page_id=11028"},"modified":"2024-11-12T15:30:56","modified_gmt":"2024-11-12T15:30:56","slug":"prestashop","status":"publish","type":"page","link":"https:\/\/elfsight.com\/pt\/accordion-faq-widget\/prestashop\/","title":{"rendered":"FAQ &#8211; PrestaShop"},"content":{"rendered":"<div class=\"application-platform-content-item-description application-platform-content-item\" id=\"description\" data-nav-section=\"description\"> <h2>Descri\u00e7\u00e3o<\/h2> <p>Explore um manual abrangente sobre como ajustar o widget para um site. Antecipe as d\u00favidas dos seus clientes com a ajuda do widget FAQ da Elfsight. Mostre aos seus clientes mais informa\u00e7\u00f5es sobre produtos ou servi\u00e7os usando o widget FAQ da Elfsight. Revele previamente as respostas \u00e0s perguntas mais frequentes com a ajuda do FAQ. <\/p><p><b>Torne seu site mais eficaz para os objetivos de neg\u00f3cios com a ajuda das perguntas frequentes.<\/b><\/p> <\/div> <div class=\"application-platform-content-item-features application-platform-content-item\" id=\"features\" data-nav-section=\"features\"> <h2>Estes s\u00e3o apenas v\u00e1rios dos amplos recursos do widget: <\/h2> <ul><li>3 layouts prontos: acorde\u00e3o, lista, multicolunas<\/li><li>4 estilos prontos para uso com sombras e bordas<\/li><li>36 \u00edcones predefinidos para categorias<\/li><li>Cores personaliz\u00e1veis \u200b\u200bdo nome da categoria, texto da resposta e texto da pergunta<\/li><li>Mostrar ou ocultar nomes de categoria<\/li><li>\u00cdcone de cruz ou seta para layout de acorde\u00e3o <\/li><li>HTML suportado no texto<\/li><li>Esquema de perguntas de microdados para ajudar na otimiza\u00e7\u00e3o de SEO<\/li><\/ul><p><a href=\"#demo\">Voc\u00ea pode confira a funcionalidade completa do widget na demonstra\u00e7\u00e3o <\/a><\/p> <\/div> <div class=\"application-platform-content-item-installation application-platform-content-item\" id=\"installation\" data-nav-section=\"installation\"> <h2>Como posso adicionar FAQ ao meu site PrestaShop? <\/h2> <p>Basta seguir os seguintes passos apresentados abaixo para integrar o widget. <\/p> <ol><li><b>Fa\u00e7a nossa demonstra\u00e7\u00e3o gratuita e comece a construir seu widget personalizado. <\/b><br> Especifique o formato e as especifica\u00e7\u00f5es adequadas do widget e salve as corre\u00e7\u00f5es. <\/li> <li><b>Copie o c\u00f3digo pessoal mostrado na caixa nas aplica\u00e7\u00f5es Elfsight. <\/b><br> Ap\u00f3s o estabelecimento do seu widget, copie o c\u00f3digo individual no pop-up exibido e salve-o para uso posterior. <\/li> <li><b>Comece a usar o widget na p\u00e1gina inicial do PrestaShop. <\/b><br> Integre o c\u00f3digo que voc\u00ea salvou anteriormente em sua p\u00e1gina inicial e aplique as modifica\u00e7\u00f5es. <\/li> <li><b>Pronto! A integra\u00e7\u00e3o foi finalizada com sucesso. <\/b><br> V\u00e1 para sua p\u00e1gina para examinar como o complemento funciona. <\/li><\/ol> <p>Caso voc\u00ea enfrente alguma dificuldade, sinta-se \u00e0 vontade para solicitar nossa equipe de suporte. Nosso pessoal ter\u00e1 prazer em resolver todas as dificuldades que voc\u00ea possa ter com o addon. <\/p> <div class=\"faq\" data-component=\"FAQ\"><div class=\"faq-item\">\r\n\t\t\t\t\t<div class=\"faq-item-question\">\r\n\t\t\t\t\t\t<h3 class=\"faq-item-question-text\">Como posso adicionar FAQ ao meu site PrestaShop sem conhecimentos de codifica\u00e7\u00e3o?<\/h3>\r\n\r\n\t\t\t\t\t\t<div class=\"faq-item-question-icon\"><\/div>\r\n\t\t\t\t\t<\/div>\r\n\r\n\t\t\t\t\t<div class=\"faq-item-answer\">\r\n\t\t\t\t\t\t<div class=\"faq-item-answer-text\"> <p>A Elfsight fornece uma solu\u00e7\u00e3o SaaS que lhe permite criar um widget de FAQ, veja como \u00e9 f\u00e1cil o processo : Trabalhe diretamente no Editor on-line para criar um widget de FAQ que voc\u00ea gostaria de ver no seu site PrestaShop. Escolha um dos modelos predefinidos e ajuste as configura\u00e7\u00f5es do FAQ, adicione seu conte\u00fado, altere o layout e as cores sem nenhuma habilidade de codifica\u00e7\u00e3o. Salve o FAQ e copie o c\u00f3digo de instala\u00e7\u00e3o, que voc\u00ea pode incluir no seu site PrestaShop sem comprar uma vers\u00e3o paga. Com nosso editor intuitivo, qualquer usu\u00e1rio da Internet pode criar um widget de FAQ on-line e incorpor\u00e1-lo facilmente ao site PrestaShop. N\u00e3o h\u00e1 necessidade de pagar ou inserir as credenciais do seu cart\u00e3o para acessar o servi\u00e7o. Se voc\u00ea enfrentar qualquer problema em qualquer etapa, n\u00e3o hesite em entrar em contato com nossa equipe de suporte t\u00e9cnico.<\/p> <\/div>\r\n\t\t\t\t\t<\/div>\r\n\t\t\t\t<\/div> <\/div><\/div>","protected":false},"excerpt":{"rendered":"","protected":false},"author":9,"featured_media":0,"parent":815,"menu_order":0,"comment_status":"closed","ping_status":"closed","template":"templates\/template-application-platform.php","meta":{"publish_to_discourse":"","publish_post_category":"","wpdc_auto_publish_overridden":"","wpdc_topic_tags":"","wpdc_pin_topic":"","wpdc_pin_until":"","discourse_post_id":"","discourse_permalink":"","wpdc_publishing_response":"","wpdc_publishing_error":"","footnotes":""},"class_list":["post-11028","page","type-page","status-publish","hentry"],"yoast_head":"<!-- This site is optimized with the Yoast SEO plugin v25.3.1 - https:\/\/yoast.com\/wordpress\/plugins\/seo\/ -->\n<title>Perguntas frequentes sobre acorde\u00e3o - Adicionar widget de perguntas frequentes ao site do SquareSpace<\/title>\n<meta name=\"description\" content=\"Obtenha seu widget de perguntas frequentes individual para o Squarespace em apenas 3 minutos. Utilize o nosso editor r\u00e1pido para criar plugins da Elfsight, totalmente gratuitos.\" \/>\n<meta name=\"robots\" content=\"index, follow, max-snippet:-1, max-image-preview:large, max-video-preview:-1\" \/>\n<link rel=\"canonical\" href=\"https:\/\/elfsight.com\/pt\/accordion-faq-widget\/prestashop\/\" \/>\n<meta property=\"og:locale\" content=\"pt_PT\" \/>\n<meta property=\"og:type\" content=\"article\" \/>\n<meta property=\"og:title\" content=\"Perguntas frequentes sobre acorde\u00e3o - Adicionar widget de perguntas frequentes ao site do SquareSpace\" \/>\n<meta property=\"og:description\" content=\"Obtenha seu widget de perguntas frequentes individual para o Squarespace em apenas 3 minutos. Utilize o nosso editor r\u00e1pido para criar plugins da Elfsight, totalmente gratuitos.\" \/>\n<meta property=\"og:url\" content=\"https:\/\/elfsight.com\/pt\/accordion-faq-widget\/prestashop\/\" \/>\n<meta property=\"og:site_name\" content=\"Elfsight PT\" \/>\n<meta property=\"article:modified_time\" content=\"2024-11-12T15:30:56+00:00\" \/>\n<meta name=\"twitter:card\" content=\"summary_large_image\" \/>\n<meta name=\"twitter:label1\" content=\"Tempo estimado de leitura\" \/>\n\t<meta name=\"twitter:data1\" content=\"3 minutos\" \/>\n<!-- \/ Yoast SEO plugin. -->","yoast_head_json":{"title":"Perguntas frequentes sobre acorde\u00e3o - Adicionar widget de perguntas frequentes ao site do SquareSpace","description":"Obtenha seu widget de perguntas frequentes individual para o Squarespace em apenas 3 minutos. Utilize o nosso editor r\u00e1pido para criar plugins da Elfsight, totalmente gratuitos.","robots":{"index":"index","follow":"follow","max-snippet":"max-snippet:-1","max-image-preview":"max-image-preview:large","max-video-preview":"max-video-preview:-1"},"canonical":"https:\/\/elfsight.com\/pt\/accordion-faq-widget\/prestashop\/","og_locale":"pt_PT","og_type":"article","og_title":"Perguntas frequentes sobre acorde\u00e3o - Adicionar widget de perguntas frequentes ao site do SquareSpace","og_description":"Obtenha seu widget de perguntas frequentes individual para o Squarespace em apenas 3 minutos. Utilize o nosso editor r\u00e1pido para criar plugins da Elfsight, totalmente gratuitos.","og_url":"https:\/\/elfsight.com\/pt\/accordion-faq-widget\/prestashop\/","og_site_name":"Elfsight PT","article_modified_time":"2024-11-12T15:30:56+00:00","twitter_card":"summary_large_image","twitter_misc":{"Tempo estimado de leitura":"3 minutos"},"schema":{"@context":"https:\/\/schema.org","@graph":[{"@type":"WebPage","@id":"https:\/\/elfsight.com\/pt\/accordion-faq-widget\/prestashop\/","url":"https:\/\/elfsight.com\/pt\/accordion-faq-widget\/prestashop\/","name":"Perguntas frequentes sobre acorde\u00e3o - Adicionar widget de perguntas frequentes ao site do SquareSpace","isPartOf":{"@id":"https:\/\/elfsight.com\/pt\/#website"},"datePublished":"2024-05-03T06:36:35+00:00","dateModified":"2024-11-12T15:30:56+00:00","description":"Obtenha seu widget de perguntas frequentes individual para o Squarespace em apenas 3 minutos. Utilize o nosso editor r\u00e1pido para criar plugins da Elfsight, totalmente gratuitos.","breadcrumb":{"@id":"https:\/\/elfsight.com\/pt\/accordion-faq-widget\/prestashop\/#breadcrumb"},"inLanguage":"pt-PT","potentialAction":[{"@type":"ReadAction","target":["https:\/\/elfsight.com\/pt\/accordion-faq-widget\/prestashop\/"]}]},{"@type":"BreadcrumbList","@id":"https:\/\/elfsight.com\/pt\/accordion-faq-widget\/prestashop\/#breadcrumb","itemListElement":[{"@type":"ListItem","position":1,"name":"Home","item":"https:\/\/elfsight.com\/pt\/"},{"@type":"ListItem","position":2,"name":"FAQ","item":"https:\/\/elfsight.com\/pt\/accordion-faq-widget\/"},{"@type":"ListItem","position":3,"name":"FAQ &#8211; PrestaShop"}]},{"@type":"WebSite","@id":"https:\/\/elfsight.com\/pt\/#website","url":"https:\/\/elfsight.com\/pt\/","name":"Elfsight PT","description":"Just another Elfsight Sites site","potentialAction":[{"@type":"SearchAction","target":{"@type":"EntryPoint","urlTemplate":"https:\/\/elfsight.com\/pt\/?s={search_term_string}"},"query-input":{"@type":"PropertyValueSpecification","valueRequired":true,"valueName":"search_term_string"}}],"inLanguage":"pt-PT"}]}},"meta_box":{"industry":"","seo_heading":"","heading":"","description":"","cta_heading":"","cta_description":"","application":"814","h1":"Complemento de perguntas frequentes sobre acorde\u00e3o para PrestaShop","h1_caption":"Aumente a taxa de vendas do seu site eliminando desconfian\u00e7as e d\u00favidas dos clientes","application_category":[],"applications_title":"","applications_request_title":"","applications_request_button_text":"","hero_text":"","hero_video":"","hero_video_schema_markup":"","selling_points_title":"","selling_points_caption":"","selling_points":[],"selling_points_cta_text":"","features_title":"","features":"","ed_cta_examples_text":"","ed_cta_examples_hidden":"","ed_cta_demo_text":"","ed_cta_demo_hidden":"","why_caption":"","why_editor_title":"","why_editor_text":"","why_team_title":"","why_team_text":"","why_service_title":"","why_service_text":"","template_catalog_visible":"","template_catalog_title":"","template_catalog_text":"","template_catalog_categories_visible":"","demo_title":"Crie seu complemento de FAQ","demo_caption":"Configure seu FAQ e adicione-o ao seu site PrestaShop gratuitamente!","default_faq_hidden":"","app_template_category":[],"platform":"5343","template_public_id":"","codecanyon_url":"","codecanyon_item_id":"","codecanyon_price":"","pricing_caption":"","pricing_elfsight_apps_hide_column":"","pricing_elfsight_apps_url":"","pricing_codecanyon_price_caption":"","integration_category":[],"integration_request_title":"","integration_request_cta":"","integration_platform":"","integrations":[],"platform_category":[],"video_schema_markup":"","price":"a partir de US$ 0\/m\u00eas","trial":"","benefits":[{"text":"Ajuda de instala\u00e7\u00e3o gratuita"},{"text":"Suporte excepcional"},{"text":"Garantia de reembolso de 14 dias"},{"text":"Atualiza\u00e7\u00f5es gratuitas cont\u00ednuas"}],"button_url":"#demo","button_target_blank":"","button_nofollow":"","attributes":[{"name":"Instala\u00e7\u00f5es","content":"10,000 - 100,000"},{"name":"Responsivo","content":"Sim"},{"name":"Navegadores compat\u00edveis","content":"Firefox, Safari, Opera, Chrome, Edge"}],"tags":[],"tags_disable_links":"","hide_more_platforms":"","video_object":"","demo_hide_cta":"","demo_hide_cloud_options":"","pricing_title":"","pricing":[{"pricing_icon":"platform","pricing_title":"Elfsight Apps","pricing_title_caption":"Software multiplataforma que funciona em qualquer site","pricing_price":"a partir de US$ 0\/m\u00eas","pricing_price_caption":"comece com plano gratuito","pricing_benefits":[{"text":"Sites ilimitados"},{"text":"Suporte profissional e pontual"},{"text":"Suporte profissional e pontual"},{"text":"Totalmente personaliz\u00e1vel"}],"pricing_button_text":"Adicionar ao site","pricing_button_url":"#demo"}],"related_apps_title":"","related_apps_hidden":"","author":"","image":[],"title":"","job":"","social_networks":[]},"_links":{"self":[{"href":"https:\/\/elfsight.com\/pt\/wp-json\/wp\/v2\/pages\/11028","targetHints":{"allow":["GET"]}}],"collection":[{"href":"https:\/\/elfsight.com\/pt\/wp-json\/wp\/v2\/pages"}],"about":[{"href":"https:\/\/elfsight.com\/pt\/wp-json\/wp\/v2\/types\/page"}],"author":[{"embeddable":true,"href":"https:\/\/elfsight.com\/pt\/wp-json\/wp\/v2\/users\/9"}],"replies":[{"embeddable":true,"href":"https:\/\/elfsight.com\/pt\/wp-json\/wp\/v2\/comments?post=11028"}],"version-history":[{"count":1,"href":"https:\/\/elfsight.com\/pt\/wp-json\/wp\/v2\/pages\/11028\/revisions"}],"predecessor-version":[{"id":11032,"href":"https:\/\/elfsight.com\/pt\/wp-json\/wp\/v2\/pages\/11028\/revisions\/11032"}],"up":[{"embeddable":true,"href":"https:\/\/elfsight.com\/pt\/wp-json\/wp\/v2\/pages\/815"}],"wp:attachment":[{"href":"https:\/\/elfsight.com\/pt\/wp-json\/wp\/v2\/media?parent=11028"}],"curies":[{"name":"wp","href":"https:\/\/api.w.org\/{rel}","templated":true}]}}