{"id":11020,"date":"2024-05-03T06:36:09","date_gmt":"2024-05-03T06:36:09","guid":{"rendered":"https:\/\/elfsight.com\/pt\/?page_id=11020"},"modified":"2024-11-12T15:30:56","modified_gmt":"2024-11-12T15:30:56","slug":"prestashop","status":"publish","type":"page","link":"https:\/\/elfsight.com\/pt\/facebook-reviews-widget\/prestashop\/","title":{"rendered":"Facebook Reviews &#8211; PrestaShop"},"content":{"rendered":"<div class=\"application-platform-content-item-description application-platform-content-item\" id=\"description\" data-nav-section=\"description\"> <h2>Descri\u00e7\u00e3o<\/h2> <p>Elfsight Facebook Reviews \u00e9 um widget \u00fatil que lhe d\u00e1 a possibilidade de revelar os testemunhos sobre o seu stock directamente no seu site de todos os sites populares de avalia\u00e7\u00e3o de neg\u00f3cios. Fazendo uso de nosso plug-in, voc\u00ea poder\u00e1 usar filtros para ocultar as avalia\u00e7\u00f5es indesej\u00e1veis, expor sua classifica\u00e7\u00e3o por estrelas e n\u00famero de sua conta em qualquer site de avalia\u00e7\u00f5es, adicionar dados sobre os criadores das avalia\u00e7\u00f5es e anexar um bot\u00e3o CTA que direcionar\u00e1 visitantes postem suas id\u00e9ias. Nosso aplicativo Facebook Reviews ir\u00e1 ajud\u00e1-lo a exibir sua maravilhosa prova social na p\u00e1gina da web e come\u00e7ar a fazer mais novas compras. <\/p> <p><b>Obtenha o melhor das avalia\u00e7\u00f5es do Facebook para atingir seus objetivos de com\u00e9rcio eletr\u00f4nico! <\/b><\/p> <\/div> <div class=\"application-platform-content-item-features application-platform-content-item\" id=\"features\" data-nav-section=\"features\"> <h2>Aqui est\u00e3o os recursos centrais do widget: <\/h2> <ul><li>Incorpora\u00e7\u00e3o de coment\u00e1rios de clientes da p\u00e1gina do Facebook<\/li><li>Tr\u00eas tipos de filtros: excluir por, tipo e quantidade de avalia\u00e7\u00f5es<\/li><li>Navega\u00e7\u00e3o com arrastamentos e setas no layout do controle deslizante<\/li><li>Defini\u00e7\u00e3o da velocidade do slide e da reprodu\u00e7\u00e3o autom\u00e1tica<\/li> <li>Elementos altern\u00e1veis \u200b\u200bdo cabe\u00e7alho: classifica\u00e7\u00e3o e fotos dos revisores<\/li><li>Bot\u00e3o de solicita\u00e7\u00e3o de revis\u00e3o para redirecionar na p\u00e1gina do Facebook<\/li><li>Links suportados na mensagem de nega\u00e7\u00e3o de solicita\u00e7\u00e3o de revis\u00e3o<\/li><li> 3 modelos de resenhas: Bolha, Cl\u00e1ssico, Destaque<\/li><li>6 elementos altern\u00e1veis \u200b\u200bdas resenhas: data, nome e imagem do autor, \u00edcone do Facebook e classifica\u00e7\u00e3o por estrelas, recomenda\u00e7\u00f5es<\/li><li>Tr\u00eas tipos de decora\u00e7\u00e3o de resenhas: Borda , Plano de fundo, Nenhum<\/li><li>Cinco elementos pint\u00e1veis \u200b\u200bda interface: links. Bot\u00e3o de solicita\u00e7\u00e3o de revis\u00e3o, plano de fundo, classifica\u00e7\u00e3o, texto de revis\u00e3o. <\/li><\/ul><p><a href=\"#demo\">Basta experimentar esta demonstra\u00e7\u00e3o para ter uma ideia completa<\/a><\/p> <\/div> <div class=\"application-platform-content-item-installation application-platform-content-item\" id=\"installation\" data-nav-section=\"installation\"> <h2>Como incorporar avalia\u00e7\u00f5es do Facebook no meu site PrestaShop? <\/h2> <p>Basta seguir as orienta\u00e7\u00f5es abaixo para adicionar o widget. <\/p> <ol><li><b>Execute nosso configurador gratuito e comece a formar seu widget personalizado. <\/b><br> Escolha o design personalizado e as especifica\u00e7\u00f5es do widget e salve as corre\u00e7\u00f5es. <\/li> <li><b>Receba o seu c\u00f3digo individual que \u00e9 mostrado na janela dos aplicativos Elfsight. <\/b><br> Ap\u00f3s a configura\u00e7\u00e3o do seu addon pessoal, copie o c\u00f3digo individual da caixa exibida e guarde-o para uso posterior. <\/li> <li><b>Comece a usar o complemento no seu site PrestaShop. <\/b><br> Cole o c\u00f3digo copiado recentemente em sua p\u00e1gina da web e aplique as edi\u00e7\u00f5es. <\/li> <li><b>A instala\u00e7\u00e3o foi realizada com sucesso. <\/b><br> Visite sua p\u00e1gina da web para ver o desempenho da ferramenta. <\/li><\/ol> <p>Caso voc\u00ea enfrente algum obst\u00e1culo, n\u00e3o hesite em entrar em contato com nossa equipe de suporte. Nossos especialistas desejam ajud\u00e1-lo com todos os problemas que voc\u00ea possa ter com o widget. <\/p><div class=\"faq\" data-component=\"FAQ\"> <div class=\"faq-item\">\r\n\t\t\t\t\t<div class=\"faq-item-question\">\r\n\t\t\t\t\t\t<h3 class=\"faq-item-question-text\">Como posso adicionar avalia\u00e7\u00f5es do Facebook ao meu site PrestaShop sem habilidades de codifica\u00e7\u00e3o?<\/h3>\r\n\r\n\t\t\t\t\t\t<div class=\"faq-item-question-icon\"><\/div>\r\n\t\t\t\t\t<\/div>\r\n\r\n\t\t\t\t\t<div class=\"faq-item-answer\">\r\n\t\t\t\t\t\t<div class=\"faq-item-answer-text\"> <p>A Elfsight fornece uma solu\u00e7\u00e3o SaaS que permite que voc\u00ea mesmo crie um widget de avalia\u00e7\u00f5es do Facebook, veja como \u00e9 f\u00e1cil O processo \u00e9: Trabalhe diretamente no Editor on-line para criar um widget de Avalia\u00e7\u00f5es do Facebook que voc\u00ea gostaria de ver no seu site PrestaShop. Escolha um dos modelos predefinidos e ajuste as configura\u00e7\u00f5es de Avalia\u00e7\u00f5es do Facebook, adicione seu conte\u00fado, altere o layout e as cores sem habilidades de codifica\u00e7\u00e3o. Salve as avalia\u00e7\u00f5es do Facebook e copie seu c\u00f3digo de instala\u00e7\u00e3o, que voc\u00ea pode incluir no seu site PrestaShop sem a necessidade de adquirir uma assinatura paga. Com nosso editor intuitivo, qualquer usu\u00e1rio da Internet pode criar um widget de avalia\u00e7\u00f5es do Facebook on-line e incorpor\u00e1-lo facilmente ao site PrestaShop. N\u00e3o h\u00e1 necessidade de pagar ou inserir as credenciais do seu cart\u00e3o para acessar o servi\u00e7o. Se voc\u00ea enfrentar qualquer problema em qualquer etapa, n\u00e3o hesite em entrar em contato com nossa equipe de suporte t\u00e9cnico.<\/p> <\/div>\r\n\t\t\t\t\t<\/div>\r\n\t\t\t\t<\/div> <\/div> <\/div>","protected":false},"excerpt":{"rendered":"","protected":false},"author":9,"featured_media":0,"parent":576,"menu_order":0,"comment_status":"closed","ping_status":"closed","template":"templates\/template-application-platform.php","meta":{"publish_to_discourse":"","publish_post_category":"","wpdc_auto_publish_overridden":"","wpdc_topic_tags":"","wpdc_pin_topic":"","wpdc_pin_until":"","discourse_post_id":"","discourse_permalink":"","wpdc_publishing_response":"","wpdc_publishing_error":"","footnotes":""},"class_list":["post-11020","page","type-page","status-publish","hentry"],"yoast_head":"<!-- This site is optimized with the Yoast SEO plugin v25.3.1 - https:\/\/yoast.com\/wordpress\/plugins\/seo\/ -->\n<title>O melhor plugin de avalia\u00e7\u00f5es do Facebook para o site PrestaShop (2025)<\/title>\n<meta name=\"description\" content=\"Crie seu pr\u00f3prio complemento de avalia\u00e7\u00f5es do Facebook para PrestaShop. Use a demonstra\u00e7\u00e3o mais f\u00e1cil para configurar complementos da Elfsight totalmente gratuita.\" \/>\n<meta name=\"robots\" content=\"index, follow, max-snippet:-1, max-image-preview:large, max-video-preview:-1\" \/>\n<link rel=\"canonical\" href=\"https:\/\/elfsight.com\/pt\/facebook-reviews-widget\/prestashop\/\" \/>\n<meta property=\"og:locale\" content=\"pt_PT\" \/>\n<meta property=\"og:type\" content=\"article\" \/>\n<meta property=\"og:title\" content=\"O melhor plugin de avalia\u00e7\u00f5es do Facebook para o site PrestaShop (2025)\" \/>\n<meta property=\"og:description\" content=\"Crie seu pr\u00f3prio complemento de avalia\u00e7\u00f5es do Facebook para PrestaShop. Use a demonstra\u00e7\u00e3o mais f\u00e1cil para configurar complementos da Elfsight totalmente gratuita.\" \/>\n<meta property=\"og:url\" content=\"https:\/\/elfsight.com\/pt\/facebook-reviews-widget\/prestashop\/\" \/>\n<meta property=\"og:site_name\" content=\"Elfsight PT\" \/>\n<meta property=\"article:modified_time\" content=\"2024-11-12T15:30:56+00:00\" \/>\n<meta name=\"twitter:card\" content=\"summary_large_image\" \/>\n<meta name=\"twitter:label1\" content=\"Tempo estimado de leitura\" \/>\n\t<meta name=\"twitter:data1\" content=\"3 minutos\" \/>\n<!-- \/ Yoast SEO plugin. -->","yoast_head_json":{"title":"O melhor plugin de avalia\u00e7\u00f5es do Facebook para o site PrestaShop (2025)","description":"Crie seu pr\u00f3prio complemento de avalia\u00e7\u00f5es do Facebook para PrestaShop. Use a demonstra\u00e7\u00e3o mais f\u00e1cil para configurar complementos da Elfsight totalmente gratuita.","robots":{"index":"index","follow":"follow","max-snippet":"max-snippet:-1","max-image-preview":"max-image-preview:large","max-video-preview":"max-video-preview:-1"},"canonical":"https:\/\/elfsight.com\/pt\/facebook-reviews-widget\/prestashop\/","og_locale":"pt_PT","og_type":"article","og_title":"O melhor plugin de avalia\u00e7\u00f5es do Facebook para o site PrestaShop (2025)","og_description":"Crie seu pr\u00f3prio complemento de avalia\u00e7\u00f5es do Facebook para PrestaShop. Use a demonstra\u00e7\u00e3o mais f\u00e1cil para configurar complementos da Elfsight totalmente gratuita.","og_url":"https:\/\/elfsight.com\/pt\/facebook-reviews-widget\/prestashop\/","og_site_name":"Elfsight PT","article_modified_time":"2024-11-12T15:30:56+00:00","twitter_card":"summary_large_image","twitter_misc":{"Tempo estimado de leitura":"3 minutos"},"schema":{"@context":"https:\/\/schema.org","@graph":[{"@type":"WebPage","@id":"https:\/\/elfsight.com\/pt\/facebook-reviews-widget\/prestashop\/","url":"https:\/\/elfsight.com\/pt\/facebook-reviews-widget\/prestashop\/","name":"O melhor plugin de avalia\u00e7\u00f5es do Facebook para o site PrestaShop (2025)","isPartOf":{"@id":"https:\/\/elfsight.com\/pt\/#website"},"datePublished":"2024-05-03T06:36:09+00:00","dateModified":"2024-11-12T15:30:56+00:00","description":"Crie seu pr\u00f3prio complemento de avalia\u00e7\u00f5es do Facebook para PrestaShop. Use a demonstra\u00e7\u00e3o mais f\u00e1cil para configurar complementos da Elfsight totalmente gratuita.","breadcrumb":{"@id":"https:\/\/elfsight.com\/pt\/facebook-reviews-widget\/prestashop\/#breadcrumb"},"inLanguage":"pt-PT","potentialAction":[{"@type":"ReadAction","target":["https:\/\/elfsight.com\/pt\/facebook-reviews-widget\/prestashop\/"]}]},{"@type":"BreadcrumbList","@id":"https:\/\/elfsight.com\/pt\/facebook-reviews-widget\/prestashop\/#breadcrumb","itemListElement":[{"@type":"ListItem","position":1,"name":"Home","item":"https:\/\/elfsight.com\/pt\/"},{"@type":"ListItem","position":2,"name":"Facebook Reviews","item":"https:\/\/elfsight.com\/pt\/facebook-reviews-widget\/"},{"@type":"ListItem","position":3,"name":"Facebook Reviews &#8211; PrestaShop"}]},{"@type":"WebSite","@id":"https:\/\/elfsight.com\/pt\/#website","url":"https:\/\/elfsight.com\/pt\/","name":"Elfsight PT","description":"Just another Elfsight Sites site","potentialAction":[{"@type":"SearchAction","target":{"@type":"EntryPoint","urlTemplate":"https:\/\/elfsight.com\/pt\/?s={search_term_string}"},"query-input":{"@type":"PropertyValueSpecification","valueRequired":true,"valueName":"search_term_string"}}],"inLanguage":"pt-PT"}]}},"meta_box":{"industry":"","seo_heading":"","heading":"","description":"","cta_heading":"","cta_description":"","application":"575","h1":"Complemento de avalia\u00e7\u00f5es do Facebook PrestaShop","h1_caption":"Exiba seus coment\u00e1rios do Facebook no site sem nenhum esfor\u00e7o!","application_category":[],"applications_title":"","applications_request_title":"","applications_request_button_text":"","hero_text":"","hero_video":"","hero_video_schema_markup":"","selling_points_title":"","selling_points_caption":"","selling_points":[],"selling_points_cta_text":"","features_title":"","features":"","ed_cta_examples_text":"","ed_cta_examples_hidden":"","ed_cta_demo_text":"","ed_cta_demo_hidden":"","why_caption":"","why_editor_title":"","why_editor_text":"","why_team_title":"","why_team_text":"","why_service_title":"","why_service_text":"","template_catalog_visible":"","template_catalog_title":"","template_catalog_text":"","template_catalog_categories_visible":"","demo_title":"Crie seu complemento de avalia\u00e7\u00f5es do Facebook","demo_caption":"Configure suas avalia\u00e7\u00f5es do Facebook e adicione-as ao seu site PrestaShop gratuitamente!","default_faq_hidden":"","app_template_category":[],"platform":"5343","template_public_id":"","codecanyon_url":"","codecanyon_item_id":"","codecanyon_price":"","pricing_caption":"","pricing_elfsight_apps_hide_column":"","pricing_elfsight_apps_url":"","pricing_codecanyon_price_caption":"","integration_category":[],"integration_request_title":"","integration_request_cta":"","integration_platform":"","integrations":[],"platform_category":[],"video_schema_markup":"","price":"a partir de US$ 0\/m\u00eas","trial":"","benefits":[{"text":"Ajuda de instala\u00e7\u00e3o gratuita"},{"text":"Atendimento ao cliente profissional"},{"text":"Garantia de devolu\u00e7\u00e3o do dinheiro em 14 dias"},{"text":"Atualizando constantemente"}],"button_url":"#demo","button_target_blank":"","button_nofollow":"","attributes":[{"name":"Instala\u00e7\u00f5es","content":"10,000 - 100,000"},{"name":"Responsivo","content":"Sim"},{"name":"Navegadores compat\u00edveis","content":"Firefox, Safari, Opera, Chrome, Edge"}],"tags":[],"tags_disable_links":"","hide_more_platforms":"","video_object":"","demo_hide_cta":"","demo_hide_cloud_options":"","pricing_title":"","pricing":[{"pricing_icon":"platform","pricing_title":"Elfsight Apps","pricing_title_caption":"Vers\u00e3o multiplataforma que funciona em qualquer site","pricing_price":"a partir de US$ 0\/m\u00eas","pricing_price_caption":"comece com plano gratuito","pricing_benefits":[{"text":"Dom\u00ednios ilimitados"},{"text":"Suporte 24 horas por dia, 7 dias por semana e bem documentado"},{"text":"Suporte 24 horas por dia, 7 dias por semana e bem documentado"},{"text":"Totalmente personaliz\u00e1vel"}],"pricing_button_text":"Adicionar ao site","pricing_button_url":"#demo"}],"related_apps_title":"","related_apps_hidden":"","author":"","image":[],"title":"","job":"","social_networks":[]},"_links":{"self":[{"href":"https:\/\/elfsight.com\/pt\/wp-json\/wp\/v2\/pages\/11020","targetHints":{"allow":["GET"]}}],"collection":[{"href":"https:\/\/elfsight.com\/pt\/wp-json\/wp\/v2\/pages"}],"about":[{"href":"https:\/\/elfsight.com\/pt\/wp-json\/wp\/v2\/types\/page"}],"author":[{"embeddable":true,"href":"https:\/\/elfsight.com\/pt\/wp-json\/wp\/v2\/users\/9"}],"replies":[{"embeddable":true,"href":"https:\/\/elfsight.com\/pt\/wp-json\/wp\/v2\/comments?post=11020"}],"version-history":[{"count":1,"href":"https:\/\/elfsight.com\/pt\/wp-json\/wp\/v2\/pages\/11020\/revisions"}],"predecessor-version":[{"id":11024,"href":"https:\/\/elfsight.com\/pt\/wp-json\/wp\/v2\/pages\/11020\/revisions\/11024"}],"up":[{"embeddable":true,"href":"https:\/\/elfsight.com\/pt\/wp-json\/wp\/v2\/pages\/576"}],"wp:attachment":[{"href":"https:\/\/elfsight.com\/pt\/wp-json\/wp\/v2\/media?parent=11020"}],"curies":[{"name":"wp","href":"https:\/\/api.w.org\/{rel}","templated":true}]}}