{"id":11017,"date":"2024-05-03T06:35:43","date_gmt":"2024-05-03T06:35:43","guid":{"rendered":"https:\/\/elfsight.com\/pt\/?page_id=11017"},"modified":"2024-11-12T15:31:05","modified_gmt":"2024-11-12T15:31:05","slug":"prestashop","status":"publish","type":"page","link":"https:\/\/elfsight.com\/pt\/facebook-feed-widget\/prestashop\/","title":{"rendered":"Facebook Feed &#8211; PrestaShop"},"content":{"rendered":"<div class=\"application-platform-content-item-description application-platform-content-item\" id=\"description\" data-nav-section=\"description\"> <h2>Descri\u00e7\u00e3o<\/h2> <p>Elfsight Facebook Feed para PrestaShop \u00e9 um addon cujo objetivo \u00e9 auxili\u00e1-lo em todas as demandas reais na obten\u00e7\u00e3o de impress\u00f5es e solicita\u00e7\u00f5es de visitantes do seu site. Demonstre os elementos essenciais para o preenchimento, escolha o template desejado e personalize a interface para inspirar ainda mais seus visitantes a deixarem d\u00favidas sobre os servi\u00e7os que sua empresa oferece. O PrestaShop \u00e9 composto para atender todas as suas necessidades de coletar feedback e estar em contato com seu p\u00fablico. <\/p><p><b>Comece a usar o feed do Facebook para atingir o pico do seu neg\u00f3cio com mais facilidade! <\/b><\/p> <\/div> <div class=\"application-platform-content-item-features application-platform-content-item\" id=\"features\" data-nav-section=\"features\"> <h2>Estes s\u00e3o apenas alguns dos muitos recursos do widget: <\/h2> <ul><li>Tr\u00eas tipos de conte\u00fado do Facebook que podem ser exibidos: postagens, v\u00eddeos e fotos com \u00e1lbuns<\/li><li>Elementos de cabe\u00e7alho ajust\u00e1veis: contagem de curtidas, imagem da capa, imagem da p\u00e1gina, a\u00e7\u00f5es<\/li><li>Bot\u00f5es Compartilhar e Curtir no cabe\u00e7alho<\/li><li>Postagens com informa\u00e7\u00f5es altern\u00e1veis: contagem de compartilhamentos, autor, bot\u00e3o de compartilhamento, contagem de curtidas<\/li><li>Limite de postagens vari\u00e1veis<\/li><li>V\u00eddeos com informa\u00e7\u00f5es altern\u00e1veis: contagem de curtidas, contagem de coment\u00e1rios, descri\u00e7\u00e3o<\/li><li> Pop-ups personaliz\u00e1veis \u200b\u200bcom elementos altern\u00e1veis: contagem de compartilhamentos, autor, coment\u00e1rios, contagem de curtidas<\/li><\/ul><p><a href=\"#demo\">Voc\u00ea pode ver o que o widget oferece experimentando a demonstra\u00e7\u00e3o<\/a><\/p> <\/div> <div class=\"application-platform-content-item-installation application-platform-content-item\" id=\"installation\" data-nav-section=\"installation\"> <h2>Como adicionar o feed do Facebook ao meu site PrestaShop? <\/h2> <p>Basta seguir as orienta\u00e7\u00f5es abaixo para come\u00e7ar a usar a ferramenta. <\/p> <ol><li><b>Inicie nosso editor gratuito e comece a moldar seu complemento personalizado. <\/b><br> Escolha a apar\u00eancia e as op\u00e7\u00f5es adequadas do complemento e salve as edi\u00e7\u00f5es. <\/li> <li><b>Obtenha o seu c\u00f3digo exclusivo que \u00e9 mostrado no formul\u00e1rio especial nas aplica\u00e7\u00f5es Elfsight. <\/b><br> Ap\u00f3s a conclus\u00e3o do estabelecimento do seu widget pessoal, copie o c\u00f3digo exclusivo na caixa que aparece e guarde-o para uso futuro. <\/li> <li><b>Inicie o emprego da ferramenta na sua p\u00e1gina inicial do PrestaShop. <\/b><br> Insira o c\u00f3digo que voc\u00ea copiou antes em sua p\u00e1gina inicial e aplique as edi\u00e7\u00f5es. <\/li> <li><b>Pronto! A integra\u00e7\u00e3o foi realizada com sucesso. <\/b><br> Visite sua p\u00e1gina para verificar o funcionamento do addon. <\/li><\/ol> <p>Sob a condi\u00e7\u00e3o de lidar com d\u00favidas ou enfrentar quaisquer problemas, sinta-se \u00e0 vontade para escrever para nossa equipe de atendimento ao cliente. Nossos especialistas ter\u00e3o prazer em resolver todas as dificuldades que voc\u00ea possa ter com o widget. <\/p> <\/div><div class=\"faq\" data-component=\"FAQ\"><div class=\"faq-item\">\r\n\t\t\t\t\t<div class=\"faq-item-question\">\r\n\t\t\t\t\t\t<h3 class=\"faq-item-question-text\">Existe uma maneira de adicionar o WhatsApp Chat ao meu site PrestaShop sem nenhum conhecimento de codifica\u00e7\u00e3o?<\/h3>\r\n\r\n\t\t\t\t\t\t<div class=\"faq-item-question-icon\"><\/div>\r\n\t\t\t\t\t<\/div>\r\n\r\n\t\t\t\t\t<div class=\"faq-item-answer\">\r\n\t\t\t\t\t\t<div class=\"faq-item-answer-text\"><p>Empresa Elfsight oferece uma solu\u00e7\u00e3o que permite que as pessoas criem voc\u00ea mesmo um plugin de bate-papo do WhatsApp, descubra como \u00e9 simples: <\/p><ul><li>V\u00e1 para o Editor ao vivo para criar um plugin de bate-papo do WhatsApp que voc\u00ea gostaria de ver na p\u00e1gina da PrestaShop. <\/li><li>Clique em um de nossos modelos predefinidos e adapte as configura\u00e7\u00f5es do WhatsApp Chat, adicione seu conte\u00fado, transforme o layout e as cores sem experi\u00eancia de codifica\u00e7\u00e3o.<\/li><li>Salve as configura\u00e7\u00f5es que voc\u00ea fez no WhatsApp Converse e copie o c\u00f3digo de instala\u00e7\u00e3o do widget, que voc\u00ea pode incluir facilmente na p\u00e1gina inicial do PrestaShop sem comprar um plano pago. <\/li><\/ul><p>Com a ajuda do nosso configurador amig\u00e1vel, cada usu\u00e1rio da web pode criar o aplicativo WhatsApp Chat e col\u00e1-lo no site PrestaShop. Voc\u00ea n\u00e3o deve pagar ou divulgar as credenciais do seu cart\u00e3o para entrar em nosso servi\u00e7o. Se voc\u00ea encontrar algum problema em qualquer etapa, n\u00e3o hesite em entrar em contato com nossa equipe de suporte.<\/p><\/div>\r\n\t\t\t\t\t<\/div>\r\n\t\t\t\t<\/div><\/div>","protected":false},"excerpt":{"rendered":"","protected":false},"author":9,"featured_media":0,"parent":386,"menu_order":0,"comment_status":"closed","ping_status":"closed","template":"templates\/template-application-platform.php","meta":{"publish_to_discourse":"","publish_post_category":"","wpdc_auto_publish_overridden":"","wpdc_topic_tags":"","wpdc_pin_topic":"","wpdc_pin_until":"","discourse_post_id":"","discourse_permalink":"","wpdc_publishing_response":"","wpdc_publishing_error":"","footnotes":""},"class_list":["post-11017","page","type-page","status-publish","hentry"],"yoast_head":"<!-- This site is optimized with the Yoast SEO plugin v25.3.1 - https:\/\/yoast.com\/wordpress\/plugins\/seo\/ -->\n<title>Feed do Facebook - Incorpore o complemento do Facebook ao site PrestaShop<\/title>\n<meta name=\"description\" content=\"Incorpore um widget responsivo de feed do Facebook em seu site PrestaShop. Teste o construtor Elfsight e crie seu complemento em apenas 1 minuto.\" \/>\n<meta name=\"robots\" content=\"index, follow, max-snippet:-1, max-image-preview:large, max-video-preview:-1\" \/>\n<link rel=\"canonical\" href=\"https:\/\/elfsight.com\/pt\/facebook-feed-widget\/prestashop\/\" \/>\n<meta property=\"og:locale\" content=\"pt_PT\" \/>\n<meta property=\"og:type\" content=\"article\" \/>\n<meta property=\"og:title\" content=\"Feed do Facebook - Incorpore o complemento do Facebook ao site PrestaShop\" \/>\n<meta property=\"og:description\" content=\"Incorpore um widget responsivo de feed do Facebook em seu site PrestaShop. Teste o construtor Elfsight e crie seu complemento em apenas 1 minuto.\" \/>\n<meta property=\"og:url\" content=\"https:\/\/elfsight.com\/pt\/facebook-feed-widget\/prestashop\/\" \/>\n<meta property=\"og:site_name\" content=\"Elfsight PT\" \/>\n<meta property=\"article:modified_time\" content=\"2024-11-12T15:31:05+00:00\" \/>\n<meta name=\"twitter:card\" content=\"summary_large_image\" \/>\n<meta name=\"twitter:label1\" content=\"Tempo estimado de leitura\" \/>\n\t<meta name=\"twitter:data1\" content=\"3 minutos\" \/>\n<!-- \/ Yoast SEO plugin. -->","yoast_head_json":{"title":"Feed do Facebook - Incorpore o complemento do Facebook ao site PrestaShop","description":"Incorpore um widget responsivo de feed do Facebook em seu site PrestaShop. Teste o construtor Elfsight e crie seu complemento em apenas 1 minuto.","robots":{"index":"index","follow":"follow","max-snippet":"max-snippet:-1","max-image-preview":"max-image-preview:large","max-video-preview":"max-video-preview:-1"},"canonical":"https:\/\/elfsight.com\/pt\/facebook-feed-widget\/prestashop\/","og_locale":"pt_PT","og_type":"article","og_title":"Feed do Facebook - Incorpore o complemento do Facebook ao site PrestaShop","og_description":"Incorpore um widget responsivo de feed do Facebook em seu site PrestaShop. Teste o construtor Elfsight e crie seu complemento em apenas 1 minuto.","og_url":"https:\/\/elfsight.com\/pt\/facebook-feed-widget\/prestashop\/","og_site_name":"Elfsight PT","article_modified_time":"2024-11-12T15:31:05+00:00","twitter_card":"summary_large_image","twitter_misc":{"Tempo estimado de leitura":"3 minutos"},"schema":{"@context":"https:\/\/schema.org","@graph":[{"@type":"WebPage","@id":"https:\/\/elfsight.com\/pt\/facebook-feed-widget\/prestashop\/","url":"https:\/\/elfsight.com\/pt\/facebook-feed-widget\/prestashop\/","name":"Feed do Facebook - Incorpore o complemento do Facebook ao site PrestaShop","isPartOf":{"@id":"https:\/\/elfsight.com\/pt\/#website"},"datePublished":"2024-05-03T06:35:43+00:00","dateModified":"2024-11-12T15:31:05+00:00","description":"Incorpore um widget responsivo de feed do Facebook em seu site PrestaShop. Teste o construtor Elfsight e crie seu complemento em apenas 1 minuto.","breadcrumb":{"@id":"https:\/\/elfsight.com\/pt\/facebook-feed-widget\/prestashop\/#breadcrumb"},"inLanguage":"pt-PT","potentialAction":[{"@type":"ReadAction","target":["https:\/\/elfsight.com\/pt\/facebook-feed-widget\/prestashop\/"]}]},{"@type":"BreadcrumbList","@id":"https:\/\/elfsight.com\/pt\/facebook-feed-widget\/prestashop\/#breadcrumb","itemListElement":[{"@type":"ListItem","position":1,"name":"Home","item":"https:\/\/elfsight.com\/pt\/"},{"@type":"ListItem","position":2,"name":"Facebook Feed","item":"https:\/\/elfsight.com\/pt\/facebook-feed-widget\/"},{"@type":"ListItem","position":3,"name":"Facebook Feed &#8211; PrestaShop"}]},{"@type":"WebSite","@id":"https:\/\/elfsight.com\/pt\/#website","url":"https:\/\/elfsight.com\/pt\/","name":"Elfsight PT","description":"Just another Elfsight Sites site","potentialAction":[{"@type":"SearchAction","target":{"@type":"EntryPoint","urlTemplate":"https:\/\/elfsight.com\/pt\/?s={search_term_string}"},"query-input":{"@type":"PropertyValueSpecification","valueRequired":true,"valueName":"search_term_string"}}],"inLanguage":"pt-PT"}]}},"meta_box":{"industry":"","seo_heading":"","heading":"","description":"","cta_heading":"","cta_description":"","application":"385","h1":"Complemento de feed do Facebook para PrestaShop","h1_caption":"Transforme os usu\u00e1rios do seu site em assinantes do Facebook","application_category":[],"applications_title":"","applications_request_title":"","applications_request_button_text":"","hero_text":"","hero_video":"","hero_video_schema_markup":"","selling_points_title":"","selling_points_caption":"","selling_points":[],"selling_points_cta_text":"","features_title":"","features":"","ed_cta_examples_text":"","ed_cta_examples_hidden":"","ed_cta_demo_text":"","ed_cta_demo_hidden":"","why_caption":"","why_editor_title":"","why_editor_text":"","why_team_title":"","why_team_text":"","why_service_title":"","why_service_text":"","template_catalog_visible":"","template_catalog_title":"","template_catalog_text":"","template_catalog_categories_visible":"","demo_title":"Crie seu complemento de feed do Facebook","demo_caption":"Configure seu feed do Facebook e adicione-o ao seu site PrestaShop gratuitamente!","default_faq_hidden":"","app_template_category":[],"platform":"5343","template_public_id":"","codecanyon_url":"","codecanyon_item_id":"","codecanyon_price":"","pricing_caption":"","pricing_elfsight_apps_hide_column":"","pricing_elfsight_apps_url":"","pricing_codecanyon_price_caption":"","integration_category":[],"integration_request_title":"","integration_request_cta":"","integration_platform":"","integrations":[],"platform_category":[],"video_schema_markup":"","price":"a partir de US$ 0\/m\u00eas","trial":"","benefits":[{"text":"Servi\u00e7o de instala\u00e7\u00e3o gratuito"},{"text":"Atendimento ao cliente eficaz"},{"text":"Garantia de devolu\u00e7\u00e3o do dinheiro em 14 dias"},{"text":"Melhorias gratuitas cont\u00ednuas"}],"button_url":"#demo","button_target_blank":"","button_nofollow":"","attributes":[{"name":"Instala\u00e7\u00f5es","content":"100,000 - 500,000"},{"name":"Responsivo","content":"Sim"},{"name":"Navegadores compat\u00edveis","content":"Firefox, Safari, Opera, Chrome, Edge"}],"tags":[],"tags_disable_links":"","hide_more_platforms":"","video_object":"","demo_hide_cta":"","demo_hide_cloud_options":"","pricing_title":"","pricing":[{"pricing_icon":"platform","pricing_title":"Elfsight Apps","pricing_title_caption":"Software multiplataforma que se adapta a qualquer site","pricing_price":"a partir de US$ 0\/m\u00eas","pricing_price_caption":"comece com um plano gratuito","pricing_benefits":[{"text":"Dom\u00ednios ilimitados"},{"text":"Suporte dedicado ao cliente"},{"text":"Suporte dedicado ao cliente"},{"text":"Design flex\u00edvel"}],"pricing_button_text":"Adicionar ao site","pricing_button_url":"#demo"}],"related_apps_title":"","related_apps_hidden":"","author":"","image":[],"title":"","job":"","social_networks":[]},"_links":{"self":[{"href":"https:\/\/elfsight.com\/pt\/wp-json\/wp\/v2\/pages\/11017","targetHints":{"allow":["GET"]}}],"collection":[{"href":"https:\/\/elfsight.com\/pt\/wp-json\/wp\/v2\/pages"}],"about":[{"href":"https:\/\/elfsight.com\/pt\/wp-json\/wp\/v2\/types\/page"}],"author":[{"embeddable":true,"href":"https:\/\/elfsight.com\/pt\/wp-json\/wp\/v2\/users\/9"}],"replies":[{"embeddable":true,"href":"https:\/\/elfsight.com\/pt\/wp-json\/wp\/v2\/comments?post=11017"}],"version-history":[{"count":1,"href":"https:\/\/elfsight.com\/pt\/wp-json\/wp\/v2\/pages\/11017\/revisions"}],"predecessor-version":[{"id":11021,"href":"https:\/\/elfsight.com\/pt\/wp-json\/wp\/v2\/pages\/11017\/revisions\/11021"}],"up":[{"embeddable":true,"href":"https:\/\/elfsight.com\/pt\/wp-json\/wp\/v2\/pages\/386"}],"wp:attachment":[{"href":"https:\/\/elfsight.com\/pt\/wp-json\/wp\/v2\/media?parent=11017"}],"curies":[{"name":"wp","href":"https:\/\/api.w.org\/{rel}","templated":true}]}}