{"id":11010,"date":"2024-05-03T06:35:40","date_gmt":"2024-05-03T06:35:40","guid":{"rendered":"https:\/\/elfsight.com\/pt\/?page_id=11010"},"modified":"2024-11-13T12:08:37","modified_gmt":"2024-11-13T12:08:37","slug":"blogger","status":"publish","type":"page","link":"https:\/\/elfsight.com\/pt\/facebook-chat-widget\/blogger\/","title":{"rendered":"Facebook Chat &#8211; Blogger"},"content":{"rendered":"<div class=\"application-platform-content-item-description application-platform-content-item\" id=\"description\" data-nav-section=\"description\"> <h2>Descri\u00e7\u00e3o<\/h2> <p>O Facebook Chat Box criado pela Elfsight \u00e9 uma ferramenta \u00fatil para os clientes do seu site iniciarem uma conversa consigo e obter respostas para suas perguntas e solicita\u00e7\u00f5es. Voc\u00ea pode ficar dispon\u00edvel agora mesmo para as pessoas em seu confort\u00e1vel mensageiro, n\u00e3o importa onde voc\u00ea esteja. Introduza o widget de bate-papo na p\u00e1gina da web e escolha-o para aparecer em p\u00e1ginas espec\u00edficas ou para categorias selecionadas de usu\u00e1rios, defina gatilhos para iniciar bate-papo, envie sua mensagem de boas-vindas personalizada, defina \u00edcones e aplique outras personaliza\u00e7\u00f5es. Usando o Facebook Messenger em sua p\u00e1gina web, voc\u00ea permanecer\u00e1 conectado \u00e0 sua clientela a qualquer hora e em qualquer lugar.<\/p> <div class=\"faq\" data-component=\"FAQ\"> <div class=\"faq-item\">\r\n\t\t\t\t\t<div class=\"faq-item-question\">\r\n\t\t\t\t\t\t<h3 class=\"faq-item-question-text\">Onde posso integrar o widget<\/h3>\r\n\r\n\t\t\t\t\t\t<div class=\"faq-item-question-icon\"><\/div>\r\n\t\t\t\t\t<\/div>\r\n\r\n\t\t\t\t\t<div class=\"faq-item-answer\">\r\n\t\t\t\t\t\t<div class=\"faq-item-answer-text\"> <p>Voc\u00ea pode apresent\u00e1-lo a todas as p\u00e1ginas do seu site ou apenas nas p\u00e1ginas onde voc\u00ea precisa. Tamb\u00e9m existe a op\u00e7\u00e3o de excluir as p\u00e1ginas escolhidas se voc\u00ea n\u00e3o quiser o widget l\u00e1. <\/p> <\/div>\r\n\t\t\t\t\t<\/div>\r\n\t\t\t\t<\/div> <div class=\"faq-item\">\r\n\t\t\t\t\t<div class=\"faq-item-question\">\r\n\t\t\t\t\t\t<h3 class=\"faq-item-question-text\">Quais s\u00e3o os benef\u00edcios de ter este plugin para mim?<\/h3>\r\n\r\n\t\t\t\t\t\t<div class=\"faq-item-question-icon\"><\/div>\r\n\t\t\t\t\t<\/div>\r\n\r\n\t\t\t\t\t<div class=\"faq-item-answer\">\r\n\t\t\t\t\t\t<div class=\"faq-item-answer-text\"> <p>Este plugin ajudar\u00e1 os usu\u00e1rios a se comunicarem facilmente com voc\u00ea sobre suas d\u00favidas, solicita\u00e7\u00f5es ou problemas. Pode ajudar a aumentar o n\u00famero de leads e compras. Al\u00e9m disso, a resposta imediata e a abordagem personalizada aumentar\u00e3o a qualidade do relacionamento com o cliente. <\/p> <\/div>\r\n\t\t\t\t\t<\/div>\r\n\t\t\t\t<\/div> <div class=\"faq-item\">\r\n\t\t\t\t\t<div class=\"faq-item-question\">\r\n\t\t\t\t\t\t<h3 class=\"faq-item-question-text\">Como posso incorporar o bate-papo do Facebook em meu site?<\/h3>\r\n\r\n\t\t\t\t\t\t<div class=\"faq-item-question-icon\"><\/div>\r\n\t\t\t\t\t<\/div>\r\n\r\n\t\t\t\t\t<div class=\"faq-item-answer\">\r\n\t\t\t\t\t\t<div class=\"faq-item-answer-text\"> <p>Voc\u00ea s\u00f3 precisar\u00e1 de um minuto para come\u00e7ar a usar o widget. \u00c9 muito r\u00e1pido, gratuito e sem codifica\u00e7\u00e3o. <\/p> <p>Voc\u00ea pode introduzir o widget em seu site em nosso servi\u00e7o. Para isso, siga as instru\u00e7\u00f5es a seguir nesta p\u00e1gina. <\/p> <\/div>\r\n\t\t\t\t\t<\/div>\r\n\t\t\t\t<\/div> <\/div> <\/div> <div class=\"application-platform-content-item-features application-platform-content-item\" id=\"features\" data-nav-section=\"features\"> <h2>Recursos<\/h2> <p>Para ter uma ideia clara do Facebook Messenger para o Blogger, examine o lista de suas principais caracter\u00edsticas. Eles tornam este widget o mais ben\u00e9fico para voc\u00ea: <\/p> <ul><li>Introduza o Facebook Messenger em sua loja para estabelecer comunica\u00e7\u00e3o com os visitantes; <\/li><li>Responder mensagens diretamente da sua p\u00e1gina do Facebook; <\/li><li>Use tr\u00eas tipos de localiza\u00e7\u00e3o de bate-papo: bal\u00e3o flutuante, bal\u00e3o incorporado e janela de bate-papo incorporada; <\/li><li> Selecione sua variante de \u00edcone de bolha em nossa biblioteca de \u00edcones dispon\u00edveis; <\/li><li>Digite seu pr\u00f3prio texto no bal\u00e3o de bate-papo. <\/li><\/ul><p><a href=\"#demo\">Explore uma lista completa de recursos em nossa demonstra\u00e7\u00e3o<\/a><\/p> <\/div> <div class=\"application-platform-content-item-installation application-platform-content-item\" id=\"installation\" data-nav-section=\"installation\"> <h2>Como adicionar o bate-papo do Facebook \u00e0 sua p\u00e1gina do Blogger<\/h2><div class=\"video-container\"><iframe width=\"720\" height=\"405\" src=\"https:\/\/www.youtube.com\/embed\/KK7oHClT1uU\" frameborder=\"0\" allowfullscreen=\"\"><\/iframe><\/div><p>As a\u00e7\u00f5es a seguir s\u00e3o a \u00fanica coisa que voc\u00ea precisa estabelecer. <\/p> <ol><li><b>Construa seu pr\u00f3prio plugin do Facebook Messenger<\/b><br> Usando nosso configurador gratuito, gere um plugin com layout e funcionalidade selecionados. <\/li><li><b>Copie o c\u00f3digo pessoal para adicionar o plugin<\/b><br> Depois de criar o seu widget, voc\u00ea receber\u00e1 o c\u00f3digo exclusivo da notifica\u00e7\u00e3o pop-up nos aplicativos da Elfsight. Copie o c\u00f3digo para uso posterior. <\/li> <li><b>Incorpore o widget em seu site<\/b><br> Defina a \u00e1rea onde deseja adicionar o plugin e insira o c\u00f3digo copiado l\u00e1. Aplique os resultados. <\/li> <li><b>A configura\u00e7\u00e3o foi conclu\u00edda<\/b><br> Visite seu site para dar uma olhada no seu plugin. <\/li> <\/ol><p>Ainda tem algo que o deixa inseguro? Ou enfrentando problemas? Apenas uma \u00fanica solicita\u00e7\u00e3o \u00e0 nossa equipe de suporte resolver\u00e1 todos os problemas. <\/p> <\/div>","protected":false},"excerpt":{"rendered":"","protected":false},"author":9,"featured_media":0,"parent":676,"menu_order":0,"comment_status":"closed","ping_status":"closed","template":"templates\/template-application-platform.php","meta":{"publish_to_discourse":"","publish_post_category":"","wpdc_auto_publish_overridden":"","wpdc_topic_tags":"","wpdc_pin_topic":"","wpdc_pin_until":"","discourse_post_id":"","discourse_permalink":"","wpdc_publishing_response":"","wpdc_publishing_error":"","footnotes":""},"class_list":["post-11010","page","type-page","status-publish","hentry"],"yoast_head":"<!-- This site is optimized with the Yoast SEO plugin v25.3.1 - https:\/\/yoast.com\/wordpress\/plugins\/seo\/ -->\n<title>Facebook Messenger - adicione Chat Box ao site do Blogger (f\u00e1cil e r\u00e1pido)<\/title>\n<meta name=\"description\" content=\"Com a Elfsight, crie o seu widget de chat do Facebook e adicione-o ao site do Blogger com facilidade. Temos suporte gratuito ao cliente e outros b\u00f4nus.\" \/>\n<meta name=\"robots\" content=\"index, follow, max-snippet:-1, max-image-preview:large, max-video-preview:-1\" \/>\n<link rel=\"canonical\" href=\"https:\/\/elfsight.com\/pt\/facebook-chat-widget\/blogger\/\" \/>\n<meta property=\"og:locale\" content=\"pt_PT\" \/>\n<meta property=\"og:type\" content=\"article\" \/>\n<meta property=\"og:title\" content=\"Facebook Messenger - adicione Chat Box ao site do Blogger (f\u00e1cil e r\u00e1pido)\" \/>\n<meta property=\"og:description\" content=\"Com a Elfsight, crie o seu widget de chat do Facebook e adicione-o ao site do Blogger com facilidade. Temos suporte gratuito ao cliente e outros b\u00f4nus.\" \/>\n<meta property=\"og:url\" content=\"https:\/\/elfsight.com\/pt\/facebook-chat-widget\/blogger\/\" \/>\n<meta property=\"og:site_name\" content=\"Elfsight PT\" \/>\n<meta property=\"article:modified_time\" content=\"2024-11-13T12:08:37+00:00\" \/>\n<meta name=\"twitter:card\" content=\"summary_large_image\" \/>\n<meta name=\"twitter:label1\" content=\"Tempo estimado de leitura\" \/>\n\t<meta name=\"twitter:data1\" content=\"3 minutos\" \/>\n<!-- \/ Yoast SEO plugin. -->","yoast_head_json":{"title":"Facebook Messenger - adicione Chat Box ao site do Blogger (f\u00e1cil e r\u00e1pido)","description":"Com a Elfsight, crie o seu widget de chat do Facebook e adicione-o ao site do Blogger com facilidade. Temos suporte gratuito ao cliente e outros b\u00f4nus.","robots":{"index":"index","follow":"follow","max-snippet":"max-snippet:-1","max-image-preview":"max-image-preview:large","max-video-preview":"max-video-preview:-1"},"canonical":"https:\/\/elfsight.com\/pt\/facebook-chat-widget\/blogger\/","og_locale":"pt_PT","og_type":"article","og_title":"Facebook Messenger - adicione Chat Box ao site do Blogger (f\u00e1cil e r\u00e1pido)","og_description":"Com a Elfsight, crie o seu widget de chat do Facebook e adicione-o ao site do Blogger com facilidade. Temos suporte gratuito ao cliente e outros b\u00f4nus.","og_url":"https:\/\/elfsight.com\/pt\/facebook-chat-widget\/blogger\/","og_site_name":"Elfsight PT","article_modified_time":"2024-11-13T12:08:37+00:00","twitter_card":"summary_large_image","twitter_misc":{"Tempo estimado de leitura":"3 minutos"},"schema":{"@context":"https:\/\/schema.org","@graph":[{"@type":"WebPage","@id":"https:\/\/elfsight.com\/pt\/facebook-chat-widget\/blogger\/","url":"https:\/\/elfsight.com\/pt\/facebook-chat-widget\/blogger\/","name":"Facebook Messenger - adicione Chat Box ao site do Blogger (f\u00e1cil e r\u00e1pido)","isPartOf":{"@id":"https:\/\/elfsight.com\/pt\/#website"},"datePublished":"2024-05-03T06:35:40+00:00","dateModified":"2024-11-13T12:08:37+00:00","description":"Com a Elfsight, crie o seu widget de chat do Facebook e adicione-o ao site do Blogger com facilidade. Temos suporte gratuito ao cliente e outros b\u00f4nus.","breadcrumb":{"@id":"https:\/\/elfsight.com\/pt\/facebook-chat-widget\/blogger\/#breadcrumb"},"inLanguage":"pt-PT","potentialAction":[{"@type":"ReadAction","target":["https:\/\/elfsight.com\/pt\/facebook-chat-widget\/blogger\/"]}]},{"@type":"BreadcrumbList","@id":"https:\/\/elfsight.com\/pt\/facebook-chat-widget\/blogger\/#breadcrumb","itemListElement":[{"@type":"ListItem","position":1,"name":"Home","item":"https:\/\/elfsight.com\/pt\/"},{"@type":"ListItem","position":2,"name":"Facebook Chat","item":"https:\/\/elfsight.com\/pt\/facebook-chat-widget\/"},{"@type":"ListItem","position":3,"name":"Facebook Chat &#8211; Blogger"}]},{"@type":"WebSite","@id":"https:\/\/elfsight.com\/pt\/#website","url":"https:\/\/elfsight.com\/pt\/","name":"Elfsight PT","description":"Just another Elfsight Sites site","potentialAction":[{"@type":"SearchAction","target":{"@type":"EntryPoint","urlTemplate":"https:\/\/elfsight.com\/pt\/?s={search_term_string}"},"query-input":{"@type":"PropertyValueSpecification","valueRequired":true,"valueName":"search_term_string"}}],"inLanguage":"pt-PT"}]}},"meta_box":{"industry":"","seo_heading":"","heading":"","description":"","cta_heading":"","cta_description":"","application":"675","h1":"Widget de bate-papo do Facebook do Blogger","h1_caption":"O canal de comunica\u00e7\u00e3o mais f\u00e1cil para os visitantes do seu site","application_category":[],"applications_title":"","applications_request_title":"","applications_request_button_text":"","hero_text":"","hero_video":"","hero_video_schema_markup":"","selling_points_title":"","selling_points_caption":"","selling_points":[],"selling_points_cta_text":"","features_title":"","features":"","ed_cta_examples_text":"","ed_cta_examples_hidden":"","ed_cta_demo_text":"","ed_cta_demo_hidden":"","why_caption":"","why_editor_title":"","why_editor_text":"","why_team_title":"","why_team_text":"","why_service_title":"","why_service_text":"","template_catalog_visible":"","template_catalog_title":"","template_catalog_text":"","template_catalog_categories_visible":"","demo_title":"Crie seu widget de bate-papo do Facebook","demo_caption":"Configure seu bate-papo do Facebook e adicione-o ao site do Blogger gratuitamente!","default_faq_hidden":"","app_template_category":[],"platform":"46","template_public_id":"","codecanyon_url":"","codecanyon_item_id":"","codecanyon_price":"","pricing_caption":"","pricing_elfsight_apps_hide_column":"","pricing_elfsight_apps_url":"","pricing_codecanyon_price_caption":"","integration_category":[],"integration_request_title":"","integration_request_cta":"","integration_platform":"","integrations":[],"platform_category":[],"video_schema_markup":"","price":"a partir de US$ 0\/m\u00eas","trial":"","benefits":[{"text":"Ajuda de instala\u00e7\u00e3o gratuita"},{"text":"Atendimento ao cliente competente"},{"text":"Garantia de devolu\u00e7\u00e3o do dinheiro em 14 dias"},{"text":"Melhorias gratuitas regulares"}],"button_url":"#demo","button_target_blank":"","button_nofollow":"","attributes":[{"name":"Instala\u00e7\u00f5es","content":"10,000 - 100,000"},{"name":"Responsivo","content":"Sim"},{"name":"Navegadores compat\u00edveis","content":"Firefox, Safari, Opera, Chrome, Edge"}],"tags":[],"tags_disable_links":"","hide_more_platforms":"","video_object":"","demo_hide_cta":"","demo_hide_cloud_options":"","pricing_title":"","pricing":[{"pricing_icon":"platform","pricing_title":"Elfsight Apps","pricing_title_caption":"Solu\u00e7\u00e3o digital multiplataforma","pricing_price":"a partir de US$ 0\/m\u00eas","pricing_price_caption":"comece com um plano gratuito","pricing_benefits":[{"text":"Sites ilimitados"},{"text":"Suporte dedicado, pontual e bem documentado"},{"text":"Suporte dedicado, pontual e bem documentado"},{"text":"100% personaliz\u00e1vel"}],"pricing_button_text":"Adicionar ao site","pricing_button_url":"#demo"}],"related_apps_title":"","related_apps_hidden":"","author":"","image":[],"title":"","job":"","social_networks":[]},"_links":{"self":[{"href":"https:\/\/elfsight.com\/pt\/wp-json\/wp\/v2\/pages\/11010","targetHints":{"allow":["GET"]}}],"collection":[{"href":"https:\/\/elfsight.com\/pt\/wp-json\/wp\/v2\/pages"}],"about":[{"href":"https:\/\/elfsight.com\/pt\/wp-json\/wp\/v2\/types\/page"}],"author":[{"embeddable":true,"href":"https:\/\/elfsight.com\/pt\/wp-json\/wp\/v2\/users\/9"}],"replies":[{"embeddable":true,"href":"https:\/\/elfsight.com\/pt\/wp-json\/wp\/v2\/comments?post=11010"}],"version-history":[{"count":2,"href":"https:\/\/elfsight.com\/pt\/wp-json\/wp\/v2\/pages\/11010\/revisions"}],"predecessor-version":[{"id":11792,"href":"https:\/\/elfsight.com\/pt\/wp-json\/wp\/v2\/pages\/11010\/revisions\/11792"}],"up":[{"embeddable":true,"href":"https:\/\/elfsight.com\/pt\/wp-json\/wp\/v2\/pages\/676"}],"wp:attachment":[{"href":"https:\/\/elfsight.com\/pt\/wp-json\/wp\/v2\/media?parent=11010"}],"curies":[{"name":"wp","href":"https:\/\/api.w.org\/{rel}","templated":true}]}}