{"id":11009,"date":"2024-05-03T06:35:39","date_gmt":"2024-05-03T06:35:39","guid":{"rendered":"https:\/\/elfsight.com\/pt\/?page_id=11009"},"modified":"2024-11-13T12:08:37","modified_gmt":"2024-11-13T12:08:37","slug":"jquery","status":"publish","type":"page","link":"https:\/\/elfsight.com\/pt\/facebook-chat-widget\/jquery\/","title":{"rendered":"Facebook Chat &#8211; jQuery"},"content":{"rendered":"<div class=\"application-platform-content-item-description application-platform-content-item\" id=\"description\" data-nav-section=\"description\"> <h2>Descri\u00e7\u00e3o<\/h2> <p>A caixa de bate-papo do Facebook criada pela Elfsight \u00e9 a variante mais pr\u00e1tica para a clientela do seu site se comunicar com voc\u00ea e receber respostas \u00e0s suas perguntas. Voc\u00ea pode estar dispon\u00edvel online para a clientela em um dos mensageiros favoritos. Adicione Chat em sua loja \u2013 o widget pode aparecer apenas em p\u00e1ginas espec\u00edficas ou apenas para determinados grupos de pessoas, atribuir gatilhos para iniciar chat, incluir sua mensagem pessoal de boas-vindas, alinhar \u00edcones e muito mais. Com a ajuda do Facebook Messenger instalado no site, voc\u00ea estar\u00e1 em contato com seus usu\u00e1rios a qualquer momento e de qualquer lugar. <\/p> <div class=\"faq\" data-component=\"FAQ\"> <div class=\"faq-item\">\r\n\t\t\t\t\t<div class=\"faq-item-question\">\r\n\t\t\t\t\t\t<h3 class=\"faq-item-question-text\">Onde no meu site posso inserir este plugin<\/h3>\r\n\r\n\t\t\t\t\t\t<div class=\"faq-item-question-icon\"><\/div>\r\n\t\t\t\t\t<\/div>\r\n\r\n\t\t\t\t\t<div class=\"faq-item-answer\">\r\n\t\t\t\t\t\t<div class=\"faq-item-answer-text\"> <p>Ele pode aparecer em todas as p\u00e1ginas do seu site, ou apenas naquelas que voc\u00ea definir. O plugin tamb\u00e9m oferece uma op\u00e7\u00e3o para restringir p\u00e1ginas espec\u00edficas de exibi\u00e7\u00e3o do chat. <\/p> <\/div>\r\n\t\t\t\t\t<\/div>\r\n\t\t\t\t<\/div> <div class=\"faq-item\">\r\n\t\t\t\t\t<div class=\"faq-item-question\">\r\n\t\t\t\t\t\t<h3 class=\"faq-item-question-text\">Quais vantagens isso me trar\u00e1?<\/h3>\r\n\r\n\t\t\t\t\t\t<div class=\"faq-item-question-icon\"><\/div>\r\n\t\t\t\t\t<\/div>\r\n\r\n\t\t\t\t\t<div class=\"faq-item-answer\">\r\n\t\t\t\t\t\t<div class=\"faq-item-answer-text\"> <p>Isso permitir\u00e1 que sua clientela entre em contato com voc\u00ea com suas d\u00favidas ou perguntas com mais facilidade. Isso pode ajudar a aumentar a quantidade de leads e compras. Mais do que isso, respostas r\u00e1pidas e abordagem individual aumentar\u00e3o a qualidade do seu atendimento ao cliente.<\/p> <\/div>\r\n\t\t\t\t\t<\/div>\r\n\t\t\t\t<\/div> <div class=\"faq-item\">\r\n\t\t\t\t\t<div class=\"faq-item-question\">\r\n\t\t\t\t\t\t<h3 class=\"faq-item-question-text\">O que eu preciso para incorporar o plugin de mensagem jQuery em meu site?<\/h3>\r\n\r\n\t\t\t\t\t\t<div class=\"faq-item-question-icon\"><\/div>\r\n\t\t\t\t\t<\/div>\r\n\r\n\t\t\t\t\t<div class=\"faq-item-answer\">\r\n\t\t\t\t\t\t<div class=\"faq-item-answer-text\"> <p>\u00c9 levar\u00e1 apenas alguns minutos para incorporar o plugin. Este processo \u00e9 extremamente r\u00e1pido, gratuito e sem codifica\u00e7\u00e3o. <\/p> <p>Voc\u00ea pode adicionar a caixa de chat usando jQuery ao seu site diretamente em nosso servi\u00e7o. Basta seguir as instru\u00e7\u00f5es a seguir nesta p\u00e1gina. <\/p> <\/div>\r\n\t\t\t\t\t<\/div>\r\n\t\t\t\t<\/div> <\/div> <\/div> <div class=\"application-platform-content-item-features application-platform-content-item\" id=\"features\" data-nav-section=\"features\"> <h2>Recursos<\/h2> <p>Para ter uma ideia clara do widget, examine a lista de seus principais caracter\u00edsticas. Eles tornam o plug-in extremamente ben\u00e9fico para voc\u00ea:<\/p> <ul><li>Incorpore o Facebook Messenger em sua p\u00e1gina da web para manter contato com os usu\u00e1rios; <\/li><li>Forne\u00e7a respostas diretamente da sua conta do Facebook;<\/li><li>Selecione uma das tr\u00eas op\u00e7\u00f5es de posi\u00e7\u00e3o do bate-papo: como bal\u00e3o flutuante, bal\u00e3o incorporado e janela de bate-papo incorporada;<\/li><li>Escolha seu \u00edcone de bolha em nosso conjunto de \u00edcones dispon\u00edveis;<\/li><li>Texto de bolha edit\u00e1vel.<\/li><\/ul><p><a href=\"#demo\">Nossa demonstra\u00e7\u00e3o mostrar\u00e1 um \u00edcone de bolha completo lista de recursos para voc\u00ea<\/a><\/p> <\/div> <div class=\"application-platform-content-item-installation application-platform-content-item\" id=\"installation\" data-nav-section=\"installation\"> <h2>Aprenda como adicionar a caixa de bate-papo do Facebook ao seu site jQuery. \u00c9 r\u00e1pido e sem codifica\u00e7\u00e3o.<\/h2> <p>As a\u00e7\u00f5es a seguir s\u00e3o a \u00fanica coisa que voc\u00ea precisa para incorporar. <\/p> <ol><li><b>Crie seu plugin exclusivo do Facebook Messenger<\/b><br> Com a ajuda de nosso configurador gratuito, gere um widget com layout personalizado e caracter\u00edsticas funcionais.<\/li><li><b>Obtenha o c\u00f3digo pessoal para integrar o plugin<\/b><br> Depois de configurar o seu widget, voc\u00ea obter\u00e1 o c\u00f3digo individual na janela pop-up nos aplicativos Elfsight. Copie este c\u00f3digo para uso posterior.<\/li> <li><b>Incorpore o plugin Chat Box em seu site jQuery<\/b><br> Encontre o local onde voc\u00ea precisa revelar o widget e insira o c\u00f3digo copiado l\u00e1. Aplique as altera\u00e7\u00f5es.<\/li> <li><b>Conclu\u00eddo!<\/b><br> Entre na sua p\u00e1gina da web para ver seu plugin.<\/li> <\/ol><p>Ainda tem alguma d\u00favida? Ou tem d\u00favidas? Basta enviar uma solicita\u00e7\u00e3o para nossa equipe de suporte ao cliente que o ajudar\u00e1 com qualquer tipo de problema. <\/p> <\/div>","protected":false},"excerpt":{"rendered":"","protected":false},"author":9,"featured_media":0,"parent":676,"menu_order":0,"comment_status":"closed","ping_status":"closed","template":"templates\/template-application-platform.php","meta":{"publish_to_discourse":"","publish_post_category":"","wpdc_auto_publish_overridden":"","wpdc_topic_tags":"","wpdc_pin_topic":"","wpdc_pin_until":"","discourse_post_id":"","discourse_permalink":"","wpdc_publishing_response":"","wpdc_publishing_error":"","footnotes":""},"class_list":["post-11009","page","type-page","status-publish","hentry"],"yoast_head":"<!-- This site is optimized with the Yoast SEO plugin v25.3.1 - https:\/\/yoast.com\/wordpress\/plugins\/seo\/ -->\n<title>Facebook Chat Box - adicionar plugin do Messenger ao site jQuery (2025)<\/title>\n<meta name=\"description\" content=\"\u00c9 perfeitamente simples criar seu plugin de bate-papo do Facebook e public\u00e1-lo em seu site jQuery. O atendimento ao cliente da Elfsight \u00e9 gratuito\" \/>\n<meta name=\"robots\" content=\"index, follow, max-snippet:-1, max-image-preview:large, max-video-preview:-1\" \/>\n<link rel=\"canonical\" href=\"https:\/\/elfsight.com\/pt\/facebook-chat-widget\/jquery\/\" \/>\n<meta property=\"og:locale\" content=\"pt_PT\" \/>\n<meta property=\"og:type\" content=\"article\" \/>\n<meta property=\"og:title\" content=\"Facebook Chat Box - adicionar plugin do Messenger ao site jQuery (2025)\" \/>\n<meta property=\"og:description\" content=\"\u00c9 perfeitamente simples criar seu plugin de bate-papo do Facebook e public\u00e1-lo em seu site jQuery. O atendimento ao cliente da Elfsight \u00e9 gratuito\" \/>\n<meta property=\"og:url\" content=\"https:\/\/elfsight.com\/pt\/facebook-chat-widget\/jquery\/\" \/>\n<meta property=\"og:site_name\" content=\"Elfsight PT\" \/>\n<meta property=\"article:modified_time\" content=\"2024-11-13T12:08:37+00:00\" \/>\n<meta name=\"twitter:card\" content=\"summary_large_image\" \/>\n<meta name=\"twitter:label1\" content=\"Tempo estimado de leitura\" \/>\n\t<meta name=\"twitter:data1\" content=\"3 minutos\" \/>\n<!-- \/ Yoast SEO plugin. -->","yoast_head_json":{"title":"Facebook Chat Box - adicionar plugin do Messenger ao site jQuery (2025)","description":"\u00c9 perfeitamente simples criar seu plugin de bate-papo do Facebook e public\u00e1-lo em seu site jQuery. O atendimento ao cliente da Elfsight \u00e9 gratuito","robots":{"index":"index","follow":"follow","max-snippet":"max-snippet:-1","max-image-preview":"max-image-preview:large","max-video-preview":"max-video-preview:-1"},"canonical":"https:\/\/elfsight.com\/pt\/facebook-chat-widget\/jquery\/","og_locale":"pt_PT","og_type":"article","og_title":"Facebook Chat Box - adicionar plugin do Messenger ao site jQuery (2025)","og_description":"\u00c9 perfeitamente simples criar seu plugin de bate-papo do Facebook e public\u00e1-lo em seu site jQuery. O atendimento ao cliente da Elfsight \u00e9 gratuito","og_url":"https:\/\/elfsight.com\/pt\/facebook-chat-widget\/jquery\/","og_site_name":"Elfsight PT","article_modified_time":"2024-11-13T12:08:37+00:00","twitter_card":"summary_large_image","twitter_misc":{"Tempo estimado de leitura":"3 minutos"},"schema":{"@context":"https:\/\/schema.org","@graph":[{"@type":"WebPage","@id":"https:\/\/elfsight.com\/pt\/facebook-chat-widget\/jquery\/","url":"https:\/\/elfsight.com\/pt\/facebook-chat-widget\/jquery\/","name":"Facebook Chat Box - adicionar plugin do Messenger ao site jQuery (2025)","isPartOf":{"@id":"https:\/\/elfsight.com\/pt\/#website"},"datePublished":"2024-05-03T06:35:39+00:00","dateModified":"2024-11-13T12:08:37+00:00","description":"\u00c9 perfeitamente simples criar seu plugin de bate-papo do Facebook e public\u00e1-lo em seu site jQuery. O atendimento ao cliente da Elfsight \u00e9 gratuito","breadcrumb":{"@id":"https:\/\/elfsight.com\/pt\/facebook-chat-widget\/jquery\/#breadcrumb"},"inLanguage":"pt-PT","potentialAction":[{"@type":"ReadAction","target":["https:\/\/elfsight.com\/pt\/facebook-chat-widget\/jquery\/"]}]},{"@type":"BreadcrumbList","@id":"https:\/\/elfsight.com\/pt\/facebook-chat-widget\/jquery\/#breadcrumb","itemListElement":[{"@type":"ListItem","position":1,"name":"Home","item":"https:\/\/elfsight.com\/pt\/"},{"@type":"ListItem","position":2,"name":"Facebook Chat","item":"https:\/\/elfsight.com\/pt\/facebook-chat-widget\/"},{"@type":"ListItem","position":3,"name":"Facebook Chat &#8211; jQuery"}]},{"@type":"WebSite","@id":"https:\/\/elfsight.com\/pt\/#website","url":"https:\/\/elfsight.com\/pt\/","name":"Elfsight PT","description":"Just another Elfsight Sites site","potentialAction":[{"@type":"SearchAction","target":{"@type":"EntryPoint","urlTemplate":"https:\/\/elfsight.com\/pt\/?s={search_term_string}"},"query-input":{"@type":"PropertyValueSpecification","valueRequired":true,"valueName":"search_term_string"}}],"inLanguage":"pt-PT"}]}},"meta_box":{"industry":"","seo_heading":"","heading":"","description":"","cta_heading":"","cta_description":"","application":"675","h1":"Plug-in jQuery para bate-papo no Facebook","h1_caption":"A ferramenta de intera\u00e7\u00e3o mais f\u00e1cil para os clientes do seu site","application_category":[],"applications_title":"","applications_request_title":"","applications_request_button_text":"","hero_text":"","hero_video":"","hero_video_schema_markup":"","selling_points_title":"","selling_points_caption":"","selling_points":[],"selling_points_cta_text":"","features_title":"","features":"","ed_cta_examples_text":"","ed_cta_examples_hidden":"","ed_cta_demo_text":"","ed_cta_demo_hidden":"","why_caption":"","why_editor_title":"","why_editor_text":"","why_team_title":"","why_team_text":"","why_service_title":"","why_service_text":"","template_catalog_visible":"","template_catalog_title":"","template_catalog_text":"","template_catalog_categories_visible":"","demo_title":"Crie seu plugin de bate-papo do Facebook","demo_caption":"Configure seu bate-papo do Facebook e adicione-o ao seu site jQuery gratuitamente!","default_faq_hidden":"","app_template_category":[],"platform":"55","template_public_id":"","codecanyon_url":"","codecanyon_item_id":"","codecanyon_price":"","pricing_caption":"","pricing_elfsight_apps_hide_column":"","pricing_elfsight_apps_url":"","pricing_codecanyon_price_caption":"","integration_category":[],"integration_request_title":"","integration_request_cta":"","integration_platform":"","integrations":[],"platform_category":[],"video_schema_markup":"","price":"a partir de US$ 0\/m\u00eas","trial":"","benefits":[{"text":"Ajuda de instala\u00e7\u00e3o gratuita"},{"text":"Atendimento ao cliente profissional"},{"text":"Garantia de devolu\u00e7\u00e3o do dinheiro em 14 dias"},{"text":"Atualiza\u00e7\u00f5es gratuitas cont\u00ednuas"}],"button_url":"#demo","button_target_blank":"","button_nofollow":"","attributes":[{"name":"Instala\u00e7\u00f5es","content":"10,000 - 100,000"},{"name":"Responsivo","content":"Sim"},{"name":"Navegadores compat\u00edveis","content":"Firefox, Safari, Opera, Chrome, Edge"}],"tags":[],"tags_disable_links":"","hide_more_platforms":"","video_object":"","demo_hide_cta":"","demo_hide_cloud_options":"","pricing_title":"","pricing":[{"pricing_icon":"platform","pricing_title":"Elfsight Apps","pricing_title_caption":"Software multiplataforma","pricing_price":"a partir de US$ 0\/m\u00eas","pricing_price_caption":"comece com plano gratuito","pricing_benefits":[{"text":"Dom\u00ednios ilimitados"},{"text":"Suporte r\u00e1pido da empresa e bem documentado"},{"text":"Suporte r\u00e1pido da empresa e bem documentado"},{"text":"100% personaliz\u00e1vel"}],"pricing_button_text":"Adicionar ao site","pricing_button_url":"#demo"}],"related_apps_title":"","related_apps_hidden":"","author":"","image":[],"title":"","job":"","social_networks":[]},"_links":{"self":[{"href":"https:\/\/elfsight.com\/pt\/wp-json\/wp\/v2\/pages\/11009","targetHints":{"allow":["GET"]}}],"collection":[{"href":"https:\/\/elfsight.com\/pt\/wp-json\/wp\/v2\/pages"}],"about":[{"href":"https:\/\/elfsight.com\/pt\/wp-json\/wp\/v2\/types\/page"}],"author":[{"embeddable":true,"href":"https:\/\/elfsight.com\/pt\/wp-json\/wp\/v2\/users\/9"}],"replies":[{"embeddable":true,"href":"https:\/\/elfsight.com\/pt\/wp-json\/wp\/v2\/comments?post=11009"}],"version-history":[{"count":1,"href":"https:\/\/elfsight.com\/pt\/wp-json\/wp\/v2\/pages\/11009\/revisions"}],"predecessor-version":[{"id":11013,"href":"https:\/\/elfsight.com\/pt\/wp-json\/wp\/v2\/pages\/11009\/revisions\/11013"}],"up":[{"embeddable":true,"href":"https:\/\/elfsight.com\/pt\/wp-json\/wp\/v2\/pages\/676"}],"wp:attachment":[{"href":"https:\/\/elfsight.com\/pt\/wp-json\/wp\/v2\/media?parent=11009"}],"curies":[{"name":"wp","href":"https:\/\/api.w.org\/{rel}","templated":true}]}}