{"id":10995,"date":"2024-05-03T06:35:33","date_gmt":"2024-05-03T06:35:33","guid":{"rendered":"https:\/\/elfsight.com\/pt\/?page_id=10995"},"modified":"2025-03-03T08:31:41","modified_gmt":"2025-03-03T08:31:41","slug":"wix","status":"publish","type":"page","link":"https:\/\/elfsight.com\/pt\/facebook-chat-widget\/wix\/","title":{"rendered":"Facebook Chat &#8211; Wix"},"content":{"rendered":"\n<div class=\"application-platform-content-item-description application-platform-content-item\" id=\"description\" data-nav-section=\"description\"> <h2>Descri\u00e7\u00e3o<\/h2> <p>O Facebook Chat Box desenvolvido pela Elfsight \u00e9 um m\u00e9todo simples para o p\u00fablico do seu site entrar em contato com voc\u00ea e ouvir respostas para suas perguntas e solicita\u00e7\u00f5es. Agora voc\u00ea est\u00e1 dispon\u00edvel para os usu\u00e1rios em seu mensageiro mais querido, onde quer que voc\u00ea esteja. Cole o Live Chat no seu site e deixe-o aparecer nas p\u00e1ginas escolhidas ou para determinados tipos de visitantes, crie gatilhos para iniciar o chat, crie sua mensagem pessoal de boas-vindas, selecione \u00edcones e aplique outras personaliza\u00e7\u00f5es. Tendo o Facebook Messenger em seu site, voc\u00ea permanecer\u00e1 conectado ao seu p\u00fablico em todos os momentos e independentemente do seu local.<\/p> <\/div> <div class=\"application-platform-content-item-features application-platform-content-item\" id=\"features\" data-nav-section=\"features\"> <h2>Recursos<\/h2> <p> Para ter um conhecimento completo do widget, confira a lista de suas funcionalidades essenciais. Eles tornam o widget incrivelmente eficiente para voc\u00ea:<\/p> <ul><li>Insira o Facebook Messenger em sua p\u00e1gina web para ficar sempre dispon\u00edvel para seu p\u00fablico;<\/li><li>Forne\u00e7a respostas diretamente de sua conta do Facebook;<\/li><li>Use tr\u00eas tipos de layout de bate-papo: bal\u00e3o flutuante, bal\u00e3o incorporado e janela de bate-papo incorporada;<\/li><li>Explore uma cole\u00e7\u00e3o de \u00edcones de bal\u00e3o para selecionar; <\/li><li>Texto de bal\u00e3o edit\u00e1vel.<\/li><\/ul><p><a href=\"#demo\">A demonstra\u00e7\u00e3o mostrar\u00e1 mais recursos para voc\u00ea<\/a><\/p> <\/div> <div class=\"application-platform-content-item-installation application-platform-content-item\" id=\"installation\" data-nav-section=\"installation\"> <h2>Aprenda como adicionar o Facebook Chat ao seu site Wix. \u00c9 r\u00e1pido<\/h2><div class=\"video-container\"><iframe width=\"720\" height=\"405\" src=\"https:\/\/www.youtube.com\/embed\/-N-oERyrsj8\" frameborder=\"0\" allowfullscreen=\"\"><\/iframe><\/div><p>Para publicar o messenger em seu site, voc\u00ea s\u00f3 precisa seguir alguns passos simples. <\/p> <ol><li><b>Construa seu pr\u00f3prio aplicativo<\/b><br> Com a ajuda de nosso editor gratuito, crie um plugin com design e funcionalidade preferidos. <\/li><li><b>Copie o c\u00f3digo individual para integrar o plugin<\/b><br> Depois de configurar o seu widget, voc\u00ea obter\u00e1 o c\u00f3digo exclusivo na janela pop-up nos aplicativos Elfsight. Copie o c\u00f3digo para uso futuro. <\/li> <li><b>Publique o plugin em seu site<\/b><br> Encontre o local onde voc\u00ea planeja colocar o plugin e adicione o c\u00f3digo copiado l\u00e1. Aplique as edi\u00e7\u00f5es. <\/li> <li><b>Pronto! <\/b><br> Entre no seu site para dar uma olhada no seu Chat. <\/li> <\/ol><p>Ainda duvida de alguma coisa? Ou tendo problemas? Basta escrever uma solicita\u00e7\u00e3o para nossa equipe de suporte, eles far\u00e3o o melhor para resolver qualquer problema. <\/p> <\/div><div class=\"faq\" data-component=\"FAQ\"><div class=\"faq-item\">\r\n\t\t\t\t\t<div class=\"faq-item-question\">\r\n\t\t\t\t\t\t<h3 class=\"faq-item-question-text\">Como fa\u00e7o para incorporar um Facebook Messenger ao meu site Wix? <\/h3>\r\n\r\n\t\t\t\t\t\t<div class=\"faq-item-question-icon\"><\/div>\r\n\t\t\t\t\t<\/div>\r\n\r\n\t\t\t\t\t<div class=\"faq-item-answer\">\r\n\t\t\t\t\t\t<div class=\"faq-item-answer-text\"><p>A constru\u00e7\u00e3o da ferramenta \u00e9 realizado dentro do servi\u00e7o Elfsight e voc\u00ea n\u00e3o precisa aprender codifica\u00e7\u00e3o. Utilize a demonstra\u00e7\u00e3o ativa para personalizar sua ferramenta pessoal, obtenha o c\u00f3digo e cole-o em seu site. <\/p><\/div>\r\n\t\t\t\t\t<\/div>\r\n\t\t\t\t<\/div><div class=\"faq-item\">\r\n\t\t\t\t\t<div class=\"faq-item-question\">\r\n\t\t\t\t\t\t<h3 class=\"faq-item-question-text\">Os melhores exemplos de uso da integra\u00e7\u00e3o do Facebook Chat Messenger<\/h3>\r\n\r\n\t\t\t\t\t\t<div class=\"faq-item-question-icon\"><\/div>\r\n\t\t\t\t\t<\/div>\r\n\r\n\t\t\t\t\t<div class=\"faq-item-answer\">\r\n\t\t\t\t\t\t<div class=\"faq-item-answer-text\"><p>Forneceremos a voc\u00ea uma infinidade de oportunidades de personaliza\u00e7\u00e3o: widgets em tamanho real para incorpora\u00e7\u00e3o na zona de conte\u00fado, widgets flutuantes com op\u00e7\u00f5es de rolagem, miniaturas para o rodap\u00e9 do seu site, cabe\u00e7alho e todas as varia\u00e7\u00f5es de op\u00e7\u00f5es verticais para barras laterais e menus do site. <\/p><\/div>\r\n\t\t\t\t\t<\/div>\r\n\t\t\t\t<\/div><div class=\"faq-item\">\r\n\t\t\t\t\t<div class=\"faq-item-question\">\r\n\t\t\t\t\t\t<h3 class=\"faq-item-question-text\">Posso criar um chat de Consulta ou Venda no Facebook com a ajuda do seu editor? <\/h3>\r\n\r\n\t\t\t\t\t\t<div class=\"faq-item-question-icon\"><\/div>\r\n\t\t\t\t\t<\/div>\r\n\r\n\t\t\t\t\t<div class=\"faq-item-answer\">\r\n\t\t\t\t\t\t<div class=\"faq-item-answer-text\"><p>Voc\u00ea pode criar varia\u00e7\u00f5es de qualquer widget. Existem muitos layouts aplic\u00e1veis \u200b\u200bno editor e todos eles podem ser facilmente personalizados da maneira que voc\u00ea desejar. <\/p><\/div>\r\n\t\t\t\t\t<\/div>\r\n\t\t\t\t<\/div><div class=\"faq-item\">\r\n\t\t\t\t\t<div class=\"faq-item-question\">\r\n\t\t\t\t\t\t<h3 class=\"faq-item-question-text\">Quais outros widgets posso usar para meu site no Wix?<\/h3>\r\n\r\n\t\t\t\t\t\t<div class=\"faq-item-question-icon\"><\/div>\r\n\t\t\t\t\t<\/div>\r\n\r\n\t\t\t\t\t<div class=\"faq-item-answer\">\r\n\t\t\t\t\t\t<div class=\"faq-item-answer-text\"><p>Existem v\u00e1rios widgets Wix que podem facilmente aprimorar seu site. Por exemplo, existem outros widgets de bate-papo como <a href=\"https:\/\/elfsight.com\/whatsapp-chat-widget\/wix\/\" target=\"_blank\" rel=\"noopener\">WhatsApp Chat<\/a>, <a href=\"https:\/\/elfsight.com\/telegram-chat-widget\/wix\/\" target=\"_blank\" rel=\"noopener\">Bate-papo por telegrama<\/a>, <a href=\"https:\/\/elfsight.com\/viber-chat-widget\/wix\/\" target=\"_blank\" rel=\"noopener\">Viber Chat<\/a>. Todos eles s\u00e3o f\u00e1ceis de implementar e podem melhorar muito o desempenho do seu site.<\/p><\/div>\r\n\t\t\t\t\t<\/div>\r\n\t\t\t\t<\/div><\/div>\n","protected":false},"excerpt":{"rendered":"","protected":false},"author":9,"featured_media":0,"parent":676,"menu_order":0,"comment_status":"closed","ping_status":"closed","template":"templates\/template-application-platform.php","meta":{"publish_to_discourse":"","publish_post_category":"","wpdc_auto_publish_overridden":"","wpdc_topic_tags":"","wpdc_pin_topic":"","wpdc_pin_until":"","discourse_post_id":"","discourse_permalink":"","wpdc_publishing_response":"","wpdc_publishing_error":"","footnotes":""},"class_list":["post-10995","page","type-page","status-publish","hentry"],"yoast_head":"<!-- This site is optimized with the Yoast SEO plugin v25.3.1 - https:\/\/yoast.com\/wordpress\/plugins\/seo\/ -->\n<title>Bate-papo do Facebook - adicione o aplicativo Messenger ao site Wix (em 2 minutos)<\/title>\n<meta name=\"description\" content=\"\u00c9 absolutamente simples criar seu aplicativo de bate-papo do Facebook e public\u00e1-lo no site Wix. O atendimento ao cliente da Elfsight \u00e9 gratuito.\" \/>\n<meta name=\"robots\" content=\"index, follow, max-snippet:-1, max-image-preview:large, max-video-preview:-1\" \/>\n<link rel=\"canonical\" href=\"https:\/\/elfsight.com\/pt\/facebook-chat-widget\/wix\/\" \/>\n<meta property=\"og:locale\" content=\"pt_PT\" \/>\n<meta property=\"og:type\" content=\"article\" \/>\n<meta property=\"og:title\" content=\"Bate-papo do Facebook - adicione o aplicativo Messenger ao site Wix (em 2 minutos)\" \/>\n<meta property=\"og:description\" content=\"\u00c9 absolutamente simples criar seu aplicativo de bate-papo do Facebook e public\u00e1-lo no site Wix. O atendimento ao cliente da Elfsight \u00e9 gratuito.\" \/>\n<meta property=\"og:url\" content=\"https:\/\/elfsight.com\/pt\/facebook-chat-widget\/wix\/\" \/>\n<meta property=\"og:site_name\" content=\"Elfsight PT\" \/>\n<meta property=\"article:modified_time\" content=\"2025-03-03T08:31:41+00:00\" \/>\n<meta name=\"twitter:card\" content=\"summary_large_image\" \/>\n<meta name=\"twitter:label1\" content=\"Tempo estimado de leitura\" \/>\n\t<meta name=\"twitter:data1\" content=\"3 minutos\" \/>\n<!-- \/ Yoast SEO plugin. -->","yoast_head_json":{"title":"Bate-papo do Facebook - adicione o aplicativo Messenger ao site Wix (em 2 minutos)","description":"\u00c9 absolutamente simples criar seu aplicativo de bate-papo do Facebook e public\u00e1-lo no site Wix. O atendimento ao cliente da Elfsight \u00e9 gratuito.","robots":{"index":"index","follow":"follow","max-snippet":"max-snippet:-1","max-image-preview":"max-image-preview:large","max-video-preview":"max-video-preview:-1"},"canonical":"https:\/\/elfsight.com\/pt\/facebook-chat-widget\/wix\/","og_locale":"pt_PT","og_type":"article","og_title":"Bate-papo do Facebook - adicione o aplicativo Messenger ao site Wix (em 2 minutos)","og_description":"\u00c9 absolutamente simples criar seu aplicativo de bate-papo do Facebook e public\u00e1-lo no site Wix. O atendimento ao cliente da Elfsight \u00e9 gratuito.","og_url":"https:\/\/elfsight.com\/pt\/facebook-chat-widget\/wix\/","og_site_name":"Elfsight PT","article_modified_time":"2025-03-03T08:31:41+00:00","twitter_card":"summary_large_image","twitter_misc":{"Tempo estimado de leitura":"3 minutos"},"schema":{"@context":"https:\/\/schema.org","@graph":[{"@type":"WebPage","@id":"https:\/\/elfsight.com\/pt\/facebook-chat-widget\/wix\/","url":"https:\/\/elfsight.com\/pt\/facebook-chat-widget\/wix\/","name":"Bate-papo do Facebook - adicione o aplicativo Messenger ao site Wix (em 2 minutos)","isPartOf":{"@id":"https:\/\/elfsight.com\/pt\/#website"},"datePublished":"2024-05-03T06:35:33+00:00","dateModified":"2025-03-03T08:31:41+00:00","description":"\u00c9 absolutamente simples criar seu aplicativo de bate-papo do Facebook e public\u00e1-lo no site Wix. O atendimento ao cliente da Elfsight \u00e9 gratuito.","breadcrumb":{"@id":"https:\/\/elfsight.com\/pt\/facebook-chat-widget\/wix\/#breadcrumb"},"inLanguage":"pt-PT","potentialAction":[{"@type":"ReadAction","target":["https:\/\/elfsight.com\/pt\/facebook-chat-widget\/wix\/"]}]},{"@type":"BreadcrumbList","@id":"https:\/\/elfsight.com\/pt\/facebook-chat-widget\/wix\/#breadcrumb","itemListElement":[{"@type":"ListItem","position":1,"name":"Home","item":"https:\/\/elfsight.com\/pt\/"},{"@type":"ListItem","position":2,"name":"Facebook Chat","item":"https:\/\/elfsight.com\/pt\/facebook-chat-widget\/"},{"@type":"ListItem","position":3,"name":"Facebook Chat &#8211; Wix"}]},{"@type":"WebSite","@id":"https:\/\/elfsight.com\/pt\/#website","url":"https:\/\/elfsight.com\/pt\/","name":"Elfsight PT","description":"Just another Elfsight Sites site","potentialAction":[{"@type":"SearchAction","target":{"@type":"EntryPoint","urlTemplate":"https:\/\/elfsight.com\/pt\/?s={search_term_string}"},"query-input":{"@type":"PropertyValueSpecification","valueRequired":true,"valueName":"search_term_string"}}],"inLanguage":"pt-PT"}]}},"meta_box":{"industry":"","seo_heading":"","heading":"","description":"","cta_heading":"","cta_description":"","application":"675","h1":"Aplicativo Wix Facebook Messenger","h1_caption":"A forma de intera\u00e7\u00e3o mais pr\u00e1tica para os visitantes do seu site","application_category":[],"applications_title":"","applications_request_title":"","applications_request_button_text":"","hero_text":"","hero_video":"","hero_video_schema_markup":"","selling_points_title":"","selling_points_caption":"","selling_points":[],"selling_points_cta_text":"","features_title":"","features":"","ed_cta_examples_text":"","ed_cta_examples_hidden":"","ed_cta_demo_text":"","ed_cta_demo_hidden":"","why_caption":"","why_editor_title":"","why_editor_text":"","why_team_title":"","why_team_text":"","why_service_title":"","why_service_text":"","template_catalog_visible":"0","template_catalog_title":"","template_catalog_text":"","template_catalog_categories_visible":"","demo_title":"Crie seu aplicativo de bate-papo do Facebook","demo_caption":"Configure seu Facebook Chat e adicione-o ao seu site Wix gratuitamente!","default_faq_hidden":"","app_template_category":[],"platform":"37","template_public_id":"","codecanyon_url":"","codecanyon_item_id":"","codecanyon_price":"","pricing_caption":"","pricing_elfsight_apps_hide_column":"","pricing_elfsight_apps_url":"","pricing_codecanyon_price_caption":"","integration_category":[],"integration_request_title":"","integration_request_cta":"","integration_platform":"","integrations":[],"platform_category":[],"video_schema_markup":"","price":"a partir de US$ 0\/m\u00eas","trial":"","benefits":[{"text":"Assist\u00eancia de instala\u00e7\u00e3o gratuita"},{"text":"Atendimento ao cliente eficaz"},{"text":"Garantia de devolu\u00e7\u00e3o do dinheiro em 14 dias"},{"text":"Futuras atualiza\u00e7\u00f5es gratuitas"}],"button_url":"#demo","button_target_blank":"0","button_nofollow":"0","attributes":[{"name":"Instala\u00e7\u00f5es","content":"10,000 - 100,000"},{"name":"Responsivo","content":"Sim"},{"name":"Navegadores compat\u00edveis","content":"Firefox, Safari, Edge, Opera, Chrome"}],"tags":[],"tags_disable_links":"0","hide_more_platforms":"0","video_object":"","demo_hide_cta":"0","demo_hide_cloud_options":"0","pricing_title":"","pricing":[{"pricing_icon":"platform","pricing_title":"Elfsight Apps","pricing_title_caption":"Software multiplataforma","pricing_price":"a partir de US$ 0\/m\u00eas","pricing_price_caption":"comece com plano gratuito","pricing_benefits":[{"text":"Dom\u00ednios ilimitados"},{"text":"Suporte dedicado e pontual"},{"text":"Suporte dedicado e pontual"},{"text":"Pre\u00e7o especial para v\u00e1rios aplicativos"}],"pricing_button_text":"Adicionar ao site","pricing_button_url":"#demo"}],"related_apps_title":"","related_apps_hidden":"0","author":"","image":[],"title":"","job":"","social_networks":[]},"_links":{"self":[{"href":"https:\/\/elfsight.com\/pt\/wp-json\/wp\/v2\/pages\/10995","targetHints":{"allow":["GET"]}}],"collection":[{"href":"https:\/\/elfsight.com\/pt\/wp-json\/wp\/v2\/pages"}],"about":[{"href":"https:\/\/elfsight.com\/pt\/wp-json\/wp\/v2\/types\/page"}],"author":[{"embeddable":true,"href":"https:\/\/elfsight.com\/pt\/wp-json\/wp\/v2\/users\/9"}],"replies":[{"embeddable":true,"href":"https:\/\/elfsight.com\/pt\/wp-json\/wp\/v2\/comments?post=10995"}],"version-history":[{"count":3,"href":"https:\/\/elfsight.com\/pt\/wp-json\/wp\/v2\/pages\/10995\/revisions"}],"predecessor-version":[{"id":14155,"href":"https:\/\/elfsight.com\/pt\/wp-json\/wp\/v2\/pages\/10995\/revisions\/14155"}],"up":[{"embeddable":true,"href":"https:\/\/elfsight.com\/pt\/wp-json\/wp\/v2\/pages\/676"}],"wp:attachment":[{"href":"https:\/\/elfsight.com\/pt\/wp-json\/wp\/v2\/media?parent=10995"}],"curies":[{"name":"wp","href":"https:\/\/api.w.org\/{rel}","templated":true}]}}