{"id":10980,"date":"2024-05-03T06:35:26","date_gmt":"2024-05-03T06:35:26","guid":{"rendered":"https:\/\/elfsight.com\/pt\/?page_id=10980"},"modified":"2024-11-13T12:07:46","modified_gmt":"2024-11-13T12:07:46","slug":"shopify","status":"publish","type":"page","link":"https:\/\/elfsight.com\/pt\/facebook-chat-widget\/shopify\/","title":{"rendered":"Facebook Chat &#8211; Shopify"},"content":{"rendered":"<div class=\"application-platform-content-item-description application-platform-content-item\" id=\"description\" data-nav-section=\"description\"> <h2>Incorpore o bate-papo do Facebook no Shopify com o widget da Elfsight<\/h2><p>O bate-papo do Facebook da Elfsight \u00e9 uma maneira f\u00e1cil e r\u00e1pida para o seu site clientela para conversar com voc\u00ea e tirar suas d\u00favidas. Fique dispon\u00edvel para sua clientela no seu mensageiro mais querido o dia todo. Integrar a nossa aplica\u00e7\u00e3o na sua p\u00e1gina web e configur\u00e1-la para que apare\u00e7a em todas as p\u00e1ginas, ou escolher p\u00e1ginas espec\u00edficas ou grupos de clientes que a ver\u00e3o; ativar gatilhos de in\u00edcio de chat; exiba sua mensagem pessoal de boas-vindas; escolha \u00edcones e aplique outras personaliza\u00e7\u00f5es. Incorpore o Facebook Messenger em sua loja para manter contato com seus espectadores a qualquer hora e independentemente de sua localiza\u00e7\u00e3o.<\/p> <div class=\"faq\" data-component=\"FAQ\"> <div class=\"faq-item\">\r\n\t\t\t\t\t<div class=\"faq-item-question\">\r\n\t\t\t\t\t\t<h3 class=\"faq-item-question-text\">Onde posso integr\u00e1-lo no meu site<\/h3>\r\n\r\n\t\t\t\t\t\t<div class=\"faq-item-question-icon\"><\/div>\r\n\t\t\t\t\t<\/div>\r\n\r\n\t\t\t\t\t<div class=\"faq-item-answer\">\r\n\t\t\t\t\t\t<div class=\"faq-item-answer-text\"> <p>Voc\u00ea pode colocar Bate-papo do Facebook para todas as p\u00e1ginas do seu site ou apenas para p\u00e1ginas escolhidas. Voc\u00ea tamb\u00e9m pode restringi-lo nas p\u00e1ginas escolhidas se quiser sem o mensageiro.<\/p> <\/div>\r\n\t\t\t\t\t<\/div>\r\n\t\t\t\t<\/div> <div class=\"faq-item\">\r\n\t\t\t\t\t<div class=\"faq-item-question\">\r\n\t\t\t\t\t\t<h3 class=\"faq-item-question-text\">Quais s\u00e3o as vantagens de ter o aplicativo de bate-papo para mim?<\/h3>\r\n\r\n\t\t\t\t\t\t<div class=\"faq-item-question-icon\"><\/div>\r\n\t\t\t\t\t<\/div>\r\n\r\n\t\t\t\t\t<div class=\"faq-item-answer\">\r\n\t\t\t\t\t\t<div class=\"faq-item-answer-text\"> <p>Este mensageiro far\u00e1 \u00e9 mais f\u00e1cil para os clientes enviarem suas d\u00favidas e iniciarem bate-papos. Isso pode ajudar a aumentar a quantidade de leads e compras para voc\u00ea. Al\u00e9m disso, respostas r\u00e1pidas e abordagem personalizada melhorar\u00e3o a qualidade da intera\u00e7\u00e3o com o cliente.<\/p> <\/div>\r\n\t\t\t\t\t<\/div>\r\n\t\t\t\t<\/div> <div class=\"faq-item\">\r\n\t\t\t\t\t<div class=\"faq-item-question\">\r\n\t\t\t\t\t\t<h3 class=\"faq-item-question-text\">Como posso adicionar o Facebook Messenger em meu site?<\/h3>\r\n\r\n\t\t\t\t\t\t<div class=\"faq-item-question-icon\"><\/div>\r\n\t\t\t\t\t<\/div>\r\n\r\n\t\t\t\t\t<div class=\"faq-item-answer\">\r\n\t\t\t\t\t\t<div class=\"faq-item-answer-text\"> <p>Leva apenas dois minutos de hora de come\u00e7ar a usar o widget. A incorpora\u00e7\u00e3o \u00e9 extremamente r\u00e1pida, gratuita e sem codifica\u00e7\u00e3o.<\/p> <p>O widget pode ser adicionado atrav\u00e9s do nosso servi\u00e7o ou atrav\u00e9s do mercado. Aqui voc\u00ea pode ver as vantagens dessas op\u00e7\u00f5es e selecionar a sua.<\/p> <\/div>\r\n\t\t\t\t\t<\/div>\r\n\t\t\t\t<\/div> <\/div> <\/div> <div class=\"application-platform-content-item-features application-platform-content-item\" id=\"features\" data-nav-section=\"features\"> <h2>Principais recursos do widget de bate-papo do Facebook<\/h2> <p>Para entender melhor como funciona o aplicativo Shopify Facebook messenger, examine a lista de suas principais caracter\u00edsticas. Eles tornam o widget realmente eficaz para voc\u00ea:<\/p> <ul><li>Integre o Facebook ao seu site para manter contato com os usu\u00e1rios;<\/li><li>Continue se comunicando diretamente da sua p\u00e1gina do Facebook;<\/li> <li>Experimente tr\u00eas tipos de posi\u00e7\u00e3o de bate-papo: bal\u00e3o flutuante, bal\u00e3o incorporado e janela de bate-papo incorporada;<\/li><li> Selecione seu \u00edcone de bolha em nossa cole\u00e7\u00e3o de \u00edcones dispon\u00edveis;<\/li><li>Edite o texto de o bal\u00e3o de bate-papo.<\/li><\/ul><p><a href=\"#demo\">A demonstra\u00e7\u00e3o ao vivo revelar\u00e1 todos os recursos para voc\u00ea<\/a><\/p> <\/div> <div class=\"application-platform-content-item-installation  application-platform-content-item\" id=\"installation \" data-nav-section=\"installation \"> <h2>Como incorporar o aplicativo Facebook Messenger em sua loja Shopify<\/h2><div class=\"video-container\"> <iframe width=\"720\" height=\"405\" src=\"https:\/\/www.youtube.com\/embed\/tiQWuXkWUiA\" frameborder=\"0\" allowfullscreen=\"\"><\/iframe><\/div><p>A \u00fanica coisa que voc\u00ea precisa \u00e9 seguir estas etapas simples:<\/p> <ol><li><b>Abra nossa demonstra\u00e7\u00e3o gratuita e comece a criar seu aplicativo exclusivo. <\/b><br> Encontre a interface e os par\u00e2metros preferidos do aplicativo e aplique todas as corre\u00e7\u00f5es. <\/li> <li><b>Copie o c\u00f3digo exclusivo demonstrado no formul\u00e1rio especial nas aplica\u00e7\u00f5es Elfsight. <\/b><br> Ap\u00f3s a conclus\u00e3o da personaliza\u00e7\u00e3o do seu aplicativo, copie o c\u00f3digo pessoal na janela exibida e guarde-o para uso posterior. <\/li> <li><b>Iniciar o uso do aplicativo no site da Shopify. <\/b><br> Implemente o c\u00f3digo que voc\u00ea salvou antes em seu site e salve as melhorias. <\/li> <li><b>Pronto! A incorpora\u00e7\u00e3o est\u00e1 totalmente conclu\u00edda. <\/b><br> Acesse seu site para avaliar o desempenho do aplicativo. <\/li><\/ol><p>Ainda inseguro? Ou tendo problemas? Apenas uma \u00fanica solicita\u00e7\u00e3o ao nosso atendimento ao cliente resolver\u00e1 todos os problemas.<\/p> <\/div>","protected":false},"excerpt":{"rendered":"","protected":false},"author":9,"featured_media":0,"parent":676,"menu_order":0,"comment_status":"closed","ping_status":"closed","template":"templates\/template-application-platform.php","meta":{"publish_to_discourse":"","publish_post_category":"","wpdc_auto_publish_overridden":"","wpdc_topic_tags":"","wpdc_pin_topic":"","wpdc_pin_until":"","discourse_post_id":"","discourse_permalink":"","wpdc_publishing_response":"","wpdc_publishing_error":"","footnotes":""},"class_list":["post-10980","page","type-page","status-publish","hentry"],"yoast_head":"<!-- This site is optimized with the Yoast SEO plugin v25.3.1 - https:\/\/yoast.com\/wordpress\/plugins\/seo\/ -->\n<title>Bate-papo do Facebook - adicione o aplicativo Facebook Messenger ao site Shopify (2025)<\/title>\n<meta name=\"description\" content=\"\u00c9 f\u00e1cil construir seu mensageiro pessoal do Facebook e incorpor\u00e1-lo na loja Shopify. O suporte ao cliente da Elfsight \u00e9 gratuito e r\u00e1pido.\" \/>\n<meta name=\"robots\" content=\"index, follow, max-snippet:-1, max-image-preview:large, max-video-preview:-1\" \/>\n<link rel=\"canonical\" href=\"https:\/\/elfsight.com\/pt\/facebook-chat-widget\/shopify\/\" \/>\n<meta property=\"og:locale\" content=\"pt_PT\" \/>\n<meta property=\"og:type\" content=\"article\" \/>\n<meta property=\"og:title\" content=\"Bate-papo do Facebook - adicione o aplicativo Facebook Messenger ao site Shopify (2025)\" \/>\n<meta property=\"og:description\" content=\"\u00c9 f\u00e1cil construir seu mensageiro pessoal do Facebook e incorpor\u00e1-lo na loja Shopify. O suporte ao cliente da Elfsight \u00e9 gratuito e r\u00e1pido.\" \/>\n<meta property=\"og:url\" content=\"https:\/\/elfsight.com\/pt\/facebook-chat-widget\/shopify\/\" \/>\n<meta property=\"og:site_name\" content=\"Elfsight PT\" \/>\n<meta property=\"article:modified_time\" content=\"2024-11-13T12:07:46+00:00\" \/>\n<meta name=\"twitter:card\" content=\"summary_large_image\" \/>\n<meta name=\"twitter:label1\" content=\"Tempo estimado de leitura\" \/>\n\t<meta name=\"twitter:data1\" content=\"3 minutos\" \/>\n<!-- \/ Yoast SEO plugin. -->","yoast_head_json":{"title":"Bate-papo do Facebook - adicione o aplicativo Facebook Messenger ao site Shopify (2025)","description":"\u00c9 f\u00e1cil construir seu mensageiro pessoal do Facebook e incorpor\u00e1-lo na loja Shopify. O suporte ao cliente da Elfsight \u00e9 gratuito e r\u00e1pido.","robots":{"index":"index","follow":"follow","max-snippet":"max-snippet:-1","max-image-preview":"max-image-preview:large","max-video-preview":"max-video-preview:-1"},"canonical":"https:\/\/elfsight.com\/pt\/facebook-chat-widget\/shopify\/","og_locale":"pt_PT","og_type":"article","og_title":"Bate-papo do Facebook - adicione o aplicativo Facebook Messenger ao site Shopify (2025)","og_description":"\u00c9 f\u00e1cil construir seu mensageiro pessoal do Facebook e incorpor\u00e1-lo na loja Shopify. O suporte ao cliente da Elfsight \u00e9 gratuito e r\u00e1pido.","og_url":"https:\/\/elfsight.com\/pt\/facebook-chat-widget\/shopify\/","og_site_name":"Elfsight PT","article_modified_time":"2024-11-13T12:07:46+00:00","twitter_card":"summary_large_image","twitter_misc":{"Tempo estimado de leitura":"3 minutos"},"schema":{"@context":"https:\/\/schema.org","@graph":[{"@type":"WebPage","@id":"https:\/\/elfsight.com\/pt\/facebook-chat-widget\/shopify\/","url":"https:\/\/elfsight.com\/pt\/facebook-chat-widget\/shopify\/","name":"Bate-papo do Facebook - adicione o aplicativo Facebook Messenger ao site Shopify (2025)","isPartOf":{"@id":"https:\/\/elfsight.com\/pt\/#website"},"datePublished":"2024-05-03T06:35:26+00:00","dateModified":"2024-11-13T12:07:46+00:00","description":"\u00c9 f\u00e1cil construir seu mensageiro pessoal do Facebook e incorpor\u00e1-lo na loja Shopify. O suporte ao cliente da Elfsight \u00e9 gratuito e r\u00e1pido.","breadcrumb":{"@id":"https:\/\/elfsight.com\/pt\/facebook-chat-widget\/shopify\/#breadcrumb"},"inLanguage":"pt-PT","potentialAction":[{"@type":"ReadAction","target":["https:\/\/elfsight.com\/pt\/facebook-chat-widget\/shopify\/"]}]},{"@type":"BreadcrumbList","@id":"https:\/\/elfsight.com\/pt\/facebook-chat-widget\/shopify\/#breadcrumb","itemListElement":[{"@type":"ListItem","position":1,"name":"Home","item":"https:\/\/elfsight.com\/pt\/"},{"@type":"ListItem","position":2,"name":"Facebook Chat","item":"https:\/\/elfsight.com\/pt\/facebook-chat-widget\/"},{"@type":"ListItem","position":3,"name":"Facebook Chat &#8211; Shopify"}]},{"@type":"WebSite","@id":"https:\/\/elfsight.com\/pt\/#website","url":"https:\/\/elfsight.com\/pt\/","name":"Elfsight PT","description":"Just another Elfsight Sites site","potentialAction":[{"@type":"SearchAction","target":{"@type":"EntryPoint","urlTemplate":"https:\/\/elfsight.com\/pt\/?s={search_term_string}"},"query-input":{"@type":"PropertyValueSpecification","valueRequired":true,"valueName":"search_term_string"}}],"inLanguage":"pt-PT"}]}},"meta_box":{"industry":"","seo_heading":"","heading":"","description":"","cta_heading":"","cta_description":"","application":"675","h1":"Aplicativo Shopify Facebook Messenger","h1_caption":"A ferramenta de intera\u00e7\u00e3o mais r\u00e1pida para o p\u00fablico do seu site","application_category":[],"applications_title":"","applications_request_title":"","applications_request_button_text":"","hero_text":"","hero_video":"","hero_video_schema_markup":"","selling_points_title":"","selling_points_caption":"","selling_points":[],"selling_points_cta_text":"","features_title":"","features":"","ed_cta_examples_text":"","ed_cta_examples_hidden":"","ed_cta_demo_text":"","ed_cta_demo_hidden":"","why_caption":"","why_editor_title":"","why_editor_text":"","why_team_title":"","why_team_text":"","why_service_title":"","why_service_text":"","template_catalog_visible":"","template_catalog_title":"","template_catalog_text":"","template_catalog_categories_visible":"","demo_title":"Crie seu aplicativo de bate-papo do Facebook","demo_caption":"Configure seu bate-papo do Facebook e adicione-o ao seu site Shopify gratuitamente!","default_faq_hidden":"","app_template_category":[],"platform":"64","template_public_id":"","codecanyon_url":"","codecanyon_item_id":"","codecanyon_price":"","pricing_caption":"","pricing_elfsight_apps_hide_column":"","pricing_elfsight_apps_url":"","pricing_codecanyon_price_caption":"","integration_category":[],"integration_request_title":"","integration_request_cta":"","integration_platform":"","integrations":[],"platform_category":[],"video_schema_markup":"","price":"a partir de US$ 0\/m\u00eas","trial":"","benefits":[{"text":"Servi\u00e7o de instala\u00e7\u00e3o gratuito"},{"text":"Suporte premium"},{"text":"Garantia de devolu\u00e7\u00e3o do dinheiro em 14 dias"},{"text":"Atualiza\u00e7\u00f5es gratuitas cont\u00ednuas"}],"button_url":"#demo","button_target_blank":"","button_nofollow":"","attributes":[{"name":"Instala\u00e7\u00f5es","content":"10,000 - 100,000"},{"name":"Responsivo","content":"Sim"},{"name":"Navegadores compat\u00edveis","content":"Firefox, Safari, Opera, Chrome, Edge"}],"tags":[],"tags_disable_links":"","hide_more_platforms":"","video_object":"","demo_hide_cta":"","demo_hide_cloud_options":"","pricing_title":"","pricing":[{"pricing_icon":"cloud","pricing_title":"Elfsight Apps","pricing_title_caption":"Vers\u00e3o multiplataforma que funciona em qualquer site","pricing_price":"a partir de US$ 0\/m\u00eas","pricing_price_caption":"comece com plano gratuito","pricing_benefits":[{"text":"Sites ilimitados"},{"text":"Suporte premium"},{"text":"Suporte premium"},{"text":"Oferta especial para v\u00e1rios aplicativos"}],"pricing_button_text":"Adicionar ao site","pricing_button_url":"#demo"}],"related_apps_title":"","related_apps_hidden":"","author":"","image":[],"title":"","job":"","social_networks":[]},"_links":{"self":[{"href":"https:\/\/elfsight.com\/pt\/wp-json\/wp\/v2\/pages\/10980","targetHints":{"allow":["GET"]}}],"collection":[{"href":"https:\/\/elfsight.com\/pt\/wp-json\/wp\/v2\/pages"}],"about":[{"href":"https:\/\/elfsight.com\/pt\/wp-json\/wp\/v2\/types\/page"}],"author":[{"embeddable":true,"href":"https:\/\/elfsight.com\/pt\/wp-json\/wp\/v2\/users\/9"}],"replies":[{"embeddable":true,"href":"https:\/\/elfsight.com\/pt\/wp-json\/wp\/v2\/comments?post=10980"}],"version-history":[{"count":2,"href":"https:\/\/elfsight.com\/pt\/wp-json\/wp\/v2\/pages\/10980\/revisions"}],"predecessor-version":[{"id":11785,"href":"https:\/\/elfsight.com\/pt\/wp-json\/wp\/v2\/pages\/10980\/revisions\/11785"}],"up":[{"embeddable":true,"href":"https:\/\/elfsight.com\/pt\/wp-json\/wp\/v2\/pages\/676"}],"wp:attachment":[{"href":"https:\/\/elfsight.com\/pt\/wp-json\/wp\/v2\/media?parent=10980"}],"curies":[{"name":"wp","href":"https:\/\/api.w.org\/{rel}","templated":true}]}}