{"id":10978,"date":"2024-05-03T06:35:24","date_gmt":"2024-05-03T06:35:24","guid":{"rendered":"https:\/\/elfsight.com\/pt\/?page_id=10978"},"modified":"2025-03-03T08:21:19","modified_gmt":"2025-03-03T08:21:19","slug":"elementor","status":"publish","type":"page","link":"https:\/\/elfsight.com\/pt\/facebook-chat-widget\/elementor\/","title":{"rendered":"Facebook Chat &#8211; Elementor"},"content":{"rendered":"\n<div class=\"application-platform-content-item-description application-platform-content-item\" id=\"description\" data-nav-section=\"description\"> <h2>Incorpore o bate-papo do Facebook no Elementor com o widget Elfsight<\/h2> <p>O Facebook Messenger feito pela Elfsight \u00e9 a variante mais pr\u00e1tica para os clientes do seu site para iniciar uma conversa com voc\u00ea e receber respostas \u00e0s suas perguntas e solicita\u00e7\u00f5es. Agora voc\u00ea pode estar dispon\u00edvel ao vivo para seus espectadores em seu mensageiro favorito. Adicione o widget de bate-papo do Facebook a todas as p\u00e1ginas da sua loja, selecione determinadas p\u00e1ginas para ela; deixe-o aparecer para todos os visitantes ou apenas para tipos espec\u00edficos de clientes; estabele\u00e7a gatilhos para iniciar o bate-papo, inclua sua mensagem de boas-vindas personalizada, selecione \u00edcones e muito mais. Com o bate-papo do Facebook em sua p\u00e1gina web, voc\u00ea permanecer\u00e1 em contato com seus usu\u00e1rios a qualquer hora e em qualquer lugar.<\/p> <div class=\"faq\" data-component=\"FAQ\"> <div class=\"faq-item\">\r\n\t\t\t\t\t<div class=\"faq-item-question\">\r\n\t\t\t\t\t\t<h3 class=\"faq-item-question-text\">Onde posso integrar este plugin no meu site<\/h3>\r\n\r\n\t\t\t\t\t\t<div class=\"faq-item-question-icon\"><\/div>\r\n\t\t\t\t\t<\/div>\r\n\r\n\t\t\t\t\t<div class=\"faq-item-answer\">\r\n\t\t\t\t\t\t<div class=\"faq-item-answer-text\"> <p> Voc\u00ea pode incorporar o bate-papo do Facebook em todas as p\u00e1ginas do seu site ou apenas em p\u00e1ginas selecionadas. Outra op\u00e7\u00e3o \u00e9 exclu\u00ed-lo das p\u00e1ginas escolhidas, onde voc\u00ea n\u00e3o deseja.<\/p> <\/div>\r\n\t\t\t\t\t<\/div>\r\n\t\t\t\t<\/div> <div class=\"faq-item\">\r\n\t\t\t\t\t<div class=\"faq-item-question\">\r\n\t\t\t\t\t\t<h3 class=\"faq-item-question-text\">Quais benef\u00edcios isso pode me trazer?<\/h3>\r\n\r\n\t\t\t\t\t\t<div class=\"faq-item-question-icon\"><\/div>\r\n\t\t\t\t\t<\/div>\r\n\r\n\t\t\t\t\t<div class=\"faq-item-answer\">\r\n\t\t\t\t\t\t<div class=\"faq-item-answer-text\"> <p>Isso far\u00e1 com que os clientes cheguem at\u00e9 voc\u00ea com suas perguntas e solicita\u00e7\u00f5es ou problemas. Isso pode ajudar a aumentar a quantidade de leads e vendas em seu site. Mais do que isso, respostas r\u00e1pidas e abordagem individual ir\u00e3o aumentar o n\u00edvel de relacionamento com o cliente.<\/p> <\/div>\r\n\t\t\t\t\t<\/div>\r\n\t\t\t\t<\/div> <div class=\"faq-item\">\r\n\t\t\t\t\t<div class=\"faq-item-question\">\r\n\t\t\t\t\t\t<h3 class=\"faq-item-question-text\">O que eu preciso para incorporar o Facebook Messenger ao meu site Elementor?<\/h3>\r\n\r\n\t\t\t\t\t\t<div class=\"faq-item-question-icon\"><\/div>\r\n\t\t\t\t\t<\/div>\r\n\r\n\t\t\t\t\t<div class=\"faq-item-answer\">\r\n\t\t\t\t\t\t<div class=\"faq-item-answer-text\"> <p>\u00c9 levar\u00e1 apenas dois minutos para come\u00e7ar a usar o widget. A instala\u00e7\u00e3o \u00e9 extremamente r\u00e1pida, gratuita e sem codifica\u00e7\u00e3o.<\/p> <p>O Elfsight Facebook Chat pode ser inserido no seu site atrav\u00e9s do nosso servi\u00e7o ou atrav\u00e9s do marketplace. Voc\u00ea pode escolher as duas op\u00e7\u00f5es e escolher a mais adequada.<\/p> <\/div>\r\n\t\t\t\t\t<\/div>\r\n\t\t\t\t<\/div> <\/div> <\/div><div class=\"application-platform-content-item-features application-platform-content-item\" id=\"features\" data-nav-section=\"features\"> <h2>Principais recursos do widget de bate-papo do Facebook<\/h2> <p>Para entender melhor o widget Chat, confira a lista de fun\u00e7\u00f5es essenciais que ele possui. Eles tornam este widget ben\u00e9fico para voc\u00ea:<\/p> <ul><li>Insira o Facebook Messenger em sua loja para se conectar com os espectadores;<\/li><li>Mantenha mensagens diretamente de sua conta do Facebook;<\/li><li>Escolha entre tr\u00eas variantes de layout de bate-papo: como um bal\u00e3o flutuante, um bal\u00e3o incorporado e uma janela de bate-papo incorporada;<\/li><li>Use uma cole\u00e7\u00e3o de \u00edcones de bal\u00e3o para escolher;<\/li><li>Insira seu nome pessoal texto do bal\u00e3o de bate-papo.<\/li><\/ul><p><a href=\"#demo\">A demonstra\u00e7\u00e3o ao vivo demonstrar\u00e1 uma lista completa de recursos para voc\u00ea<\/a><\/p> <\/div><div class=\"application-platform-content-item-installation application-platform-content-item\" id=\"installation\" data-nav-section=\"installation\"> <h2>Vamos ver como adicionar o bate-papo do Facebook ao seu site Elementor<\/h2><div class=\"video-container\"><iframe width=\"720\" height=\"405\" src=\"https:\/\/www.youtube.com\/embed\/mcaqM0XgAvs\" frameborder=\"0\" allowfullscreen=\"\"><\/iframe> <\/div><p>Basta seguir algumas etapas descritas abaixo para adicionar o widget ao seu site.<\/p><ul><li><b>Crie seu widget de bate-papo personalizado<\/b><br>Com a ajuda de nosso editor gratuito, gere um plugin com design e capacidades preferidos.<\/li><li><b>Adquira um c\u00f3digo para instalar o plug-in<\/b><br>Ap\u00f3s a configura\u00e7\u00e3o do widget Receba um c\u00f3digo para o widget de bate-papo da notifica\u00e7\u00e3o que aparece nos aplicativos Elfsight.<\/li><li><b>Incorpore o plug-in no site <\/b><br>Exiba o plugin no local necess\u00e1rio do site e salve os resultados.<\/li><li><b>Conclu\u00eddo!<\/b><br> Visite seu site Elementor para ver seu plugin.<\/li><p>Ainda n\u00e3o consegue decidir? Ou tem algo para perguntar? Apenas uma \u00fanica solicita\u00e7\u00e3o ao nosso suporte ao cliente ajudar\u00e1 com qualquer problema. <\/p> <\/div><\/ul>\n","protected":false},"excerpt":{"rendered":"","protected":false},"author":9,"featured_media":0,"parent":676,"menu_order":0,"comment_status":"closed","ping_status":"closed","template":"templates\/template-application-platform.php","meta":{"publish_to_discourse":"","publish_post_category":"","wpdc_auto_publish_overridden":"","wpdc_topic_tags":"","wpdc_pin_topic":"","wpdc_pin_until":"","discourse_post_id":"","discourse_permalink":"","wpdc_publishing_response":"","wpdc_publishing_error":"","footnotes":""},"class_list":["post-10978","page","type-page","status-publish","hentry"],"yoast_head":"<!-- This site is optimized with the Yoast SEO plugin v25.3.1 - https:\/\/yoast.com\/wordpress\/plugins\/seo\/ -->\n<title>Facebook Messenger - adicione chat ao vivo ao site Elementor<\/title>\n<meta name=\"description\" content=\"Com a Elfsight, crie seu widget de bate-papo do Facebook e mostre-o em seu site Elementor de forma r\u00e1pida e f\u00e1cil. Oferecemos atendimento gratuito ao cliente e mais b\u00f4nus.\" \/>\n<meta name=\"robots\" content=\"index, follow, max-snippet:-1, max-image-preview:large, max-video-preview:-1\" \/>\n<link rel=\"canonical\" href=\"https:\/\/elfsight.com\/pt\/facebook-chat-widget\/elementor\/\" \/>\n<meta property=\"og:locale\" content=\"pt_PT\" \/>\n<meta property=\"og:type\" content=\"article\" \/>\n<meta property=\"og:title\" content=\"Facebook Messenger - adicione chat ao vivo ao site Elementor\" \/>\n<meta property=\"og:description\" content=\"Com a Elfsight, crie seu widget de bate-papo do Facebook e mostre-o em seu site Elementor de forma r\u00e1pida e f\u00e1cil. Oferecemos atendimento gratuito ao cliente e mais b\u00f4nus.\" \/>\n<meta property=\"og:url\" content=\"https:\/\/elfsight.com\/pt\/facebook-chat-widget\/elementor\/\" \/>\n<meta property=\"og:site_name\" content=\"Elfsight PT\" \/>\n<meta property=\"article:modified_time\" content=\"2025-03-03T08:21:19+00:00\" \/>\n<meta name=\"twitter:card\" content=\"summary_large_image\" \/>\n<meta name=\"twitter:label1\" content=\"Tempo estimado de leitura\" \/>\n\t<meta name=\"twitter:data1\" content=\"3 minutos\" \/>\n<!-- \/ Yoast SEO plugin. -->","yoast_head_json":{"title":"Facebook Messenger - adicione chat ao vivo ao site Elementor","description":"Com a Elfsight, crie seu widget de bate-papo do Facebook e mostre-o em seu site Elementor de forma r\u00e1pida e f\u00e1cil. Oferecemos atendimento gratuito ao cliente e mais b\u00f4nus.","robots":{"index":"index","follow":"follow","max-snippet":"max-snippet:-1","max-image-preview":"max-image-preview:large","max-video-preview":"max-video-preview:-1"},"canonical":"https:\/\/elfsight.com\/pt\/facebook-chat-widget\/elementor\/","og_locale":"pt_PT","og_type":"article","og_title":"Facebook Messenger - adicione chat ao vivo ao site Elementor","og_description":"Com a Elfsight, crie seu widget de bate-papo do Facebook e mostre-o em seu site Elementor de forma r\u00e1pida e f\u00e1cil. Oferecemos atendimento gratuito ao cliente e mais b\u00f4nus.","og_url":"https:\/\/elfsight.com\/pt\/facebook-chat-widget\/elementor\/","og_site_name":"Elfsight PT","article_modified_time":"2025-03-03T08:21:19+00:00","twitter_card":"summary_large_image","twitter_misc":{"Tempo estimado de leitura":"3 minutos"},"schema":{"@context":"https:\/\/schema.org","@graph":[{"@type":"WebPage","@id":"https:\/\/elfsight.com\/pt\/facebook-chat-widget\/elementor\/","url":"https:\/\/elfsight.com\/pt\/facebook-chat-widget\/elementor\/","name":"Facebook Messenger - adicione chat ao vivo ao site Elementor","isPartOf":{"@id":"https:\/\/elfsight.com\/pt\/#website"},"datePublished":"2024-05-03T06:35:24+00:00","dateModified":"2025-03-03T08:21:19+00:00","description":"Com a Elfsight, crie seu widget de bate-papo do Facebook e mostre-o em seu site Elementor de forma r\u00e1pida e f\u00e1cil. Oferecemos atendimento gratuito ao cliente e mais b\u00f4nus.","breadcrumb":{"@id":"https:\/\/elfsight.com\/pt\/facebook-chat-widget\/elementor\/#breadcrumb"},"inLanguage":"pt-PT","potentialAction":[{"@type":"ReadAction","target":["https:\/\/elfsight.com\/pt\/facebook-chat-widget\/elementor\/"]}]},{"@type":"BreadcrumbList","@id":"https:\/\/elfsight.com\/pt\/facebook-chat-widget\/elementor\/#breadcrumb","itemListElement":[{"@type":"ListItem","position":1,"name":"Home","item":"https:\/\/elfsight.com\/pt\/"},{"@type":"ListItem","position":2,"name":"Facebook Chat","item":"https:\/\/elfsight.com\/pt\/facebook-chat-widget\/"},{"@type":"ListItem","position":3,"name":"Facebook Chat &#8211; Elementor"}]},{"@type":"WebSite","@id":"https:\/\/elfsight.com\/pt\/#website","url":"https:\/\/elfsight.com\/pt\/","name":"Elfsight PT","description":"Just another Elfsight Sites site","potentialAction":[{"@type":"SearchAction","target":{"@type":"EntryPoint","urlTemplate":"https:\/\/elfsight.com\/pt\/?s={search_term_string}"},"query-input":{"@type":"PropertyValueSpecification","valueRequired":true,"valueName":"search_term_string"}}],"inLanguage":"pt-PT"}]}},"meta_box":{"industry":"","seo_heading":"","heading":"","description":"","cta_heading":"","cta_description":"","application":"675","h1":"Widget Elementor do Facebook Messenger","h1_caption":"A forma de intera\u00e7\u00e3o mais pr\u00e1tica para os visitantes do seu site","application_category":[],"applications_title":"","applications_request_title":"","applications_request_button_text":"","hero_text":"","hero_video":"","hero_video_schema_markup":"","selling_points_title":"","selling_points_caption":"","selling_points":[],"selling_points_cta_text":"","features_title":"","features":"","ed_cta_examples_text":"","ed_cta_examples_hidden":"","ed_cta_demo_text":"","ed_cta_demo_hidden":"","why_caption":"","why_editor_title":"","why_editor_text":"","why_team_title":"","why_team_text":"","why_service_title":"","why_service_text":"","template_catalog_visible":"0","template_catalog_title":"","template_catalog_text":"","template_catalog_categories_visible":"","demo_title":"Crie seu widget de bate-papo do Facebook","demo_caption":"Configure seu bate-papo do Facebook e adicione-o ao seu site Elementor gratuitamente!","default_faq_hidden":"","app_template_category":[],"platform":"100","template_public_id":"","codecanyon_url":"","codecanyon_item_id":"","codecanyon_price":"","pricing_caption":"","pricing_elfsight_apps_hide_column":"","pricing_elfsight_apps_url":"","pricing_codecanyon_price_caption":"","integration_category":[],"integration_request_title":"","integration_request_cta":"","integration_platform":"","integrations":[],"platform_category":[],"video_schema_markup":"","price":"a partir de US$ 0\/m\u00eas","trial":"","benefits":[{"text":"Servi\u00e7o de instala\u00e7\u00e3o gratuito"},{"text":"Suporte excepcional"},{"text":"Garantia de reembolso de 14 dias"},{"text":"Atualiza\u00e7\u00f5es gratuitas cont\u00ednuas"}],"button_url":"#demo","button_target_blank":"0","button_nofollow":"0","attributes":[{"name":"Instala\u00e7\u00f5es","content":"10,000 - 100,000"},{"name":"Responsivo","content":"Design adaptativo"},{"name":"Navegadores compat\u00edveis","content":"Firefox, Safari, Opera, Chrome, Edge"}],"tags":[],"tags_disable_links":"0","hide_more_platforms":"0","video_object":"","demo_hide_cta":"0","demo_hide_cloud_options":"0","pricing_title":"","pricing":[{"pricing_icon":"platform","pricing_title":"Elfsight Apps","pricing_title_caption":"Solu\u00e7\u00e3o digital multiplataforma","pricing_price":"a partir de US$ 0\/m\u00eas","pricing_price_caption":"comece com plano gratuito","pricing_benefits":[{"text":"Dom\u00ednios ilimitados"},{"text":"Suporte ao cliente premium e bem documentado"},{"text":"Suporte ao cliente premium e bem documentado"},{"text":"Pre\u00e7o especial para v\u00e1rios aplicativos"}],"pricing_button_text":"Adicionar ao site","pricing_button_url":"#demo"}],"related_apps_title":"","related_apps_hidden":"0","author":"","image":[],"title":"","job":"","social_networks":[]},"_links":{"self":[{"href":"https:\/\/elfsight.com\/pt\/wp-json\/wp\/v2\/pages\/10978","targetHints":{"allow":["GET"]}}],"collection":[{"href":"https:\/\/elfsight.com\/pt\/wp-json\/wp\/v2\/pages"}],"about":[{"href":"https:\/\/elfsight.com\/pt\/wp-json\/wp\/v2\/types\/page"}],"author":[{"embeddable":true,"href":"https:\/\/elfsight.com\/pt\/wp-json\/wp\/v2\/users\/9"}],"replies":[{"embeddable":true,"href":"https:\/\/elfsight.com\/pt\/wp-json\/wp\/v2\/comments?post=10978"}],"version-history":[{"count":3,"href":"https:\/\/elfsight.com\/pt\/wp-json\/wp\/v2\/pages\/10978\/revisions"}],"predecessor-version":[{"id":14153,"href":"https:\/\/elfsight.com\/pt\/wp-json\/wp\/v2\/pages\/10978\/revisions\/14153"}],"up":[{"embeddable":true,"href":"https:\/\/elfsight.com\/pt\/wp-json\/wp\/v2\/pages\/676"}],"wp:attachment":[{"href":"https:\/\/elfsight.com\/pt\/wp-json\/wp\/v2\/media?parent=10978"}],"curies":[{"name":"wp","href":"https:\/\/api.w.org\/{rel}","templated":true}]}}