{"id":10977,"date":"2024-05-03T06:35:23","date_gmt":"2024-05-03T06:35:23","guid":{"rendered":"https:\/\/elfsight.com\/pt\/?page_id=10977"},"modified":"2024-11-13T11:50:22","modified_gmt":"2024-11-13T11:50:22","slug":"iframe","status":"publish","type":"page","link":"https:\/\/elfsight.com\/pt\/facebook-chat-widget\/iframe\/","title":{"rendered":"Facebook Chat &#8211; iFrame"},"content":{"rendered":"<div class=\"application-platform-content-item-description application-platform-content-item\" id=\"description\" data-nav-section=\"description\"><h2>Incorpore o bate-papo do Facebook no iFrame com o widget Elfsight<\/h2><p>O bate-papo do Facebook feito pela Elfsight \u00e9 a maneira mais simples para os usu\u00e1rios do seu site para se comunicar com voc\u00ea e ter suas perguntas respondidas. Agora voc\u00ea est\u00e1 dispon\u00edvel online para o seu p\u00fablico no mensageiro mais confort\u00e1vel o dia todo. Cole o Messenger na p\u00e1gina web e fa\u00e7a-o aparecer nas p\u00e1ginas mais importantes ou para tipos selecionados de clientela, atribua gatilhos para iniciar chat, mostre sua mensagem de boas-vindas exclusiva, escolha \u00edcones e fa\u00e7a muito mais. Com nosso chat em seu site, voc\u00ea permanecer\u00e1 informado por seus visitantes a qualquer hora e em qualquer lugar.<\/p><p><b>Escolha o chat do Facebook e melhore seu atendimento ao cliente!<\/b><\/p> <\/div> <div class=\"application-platform-content-item-features application-platform-content-item\" id=\"features\" data-nav-section=\"features\"><h2>Principais recursos do widget de bate-papo do Facebook<\/h2><p>Para entender melhor o bate-papo do Facebook, confira a lista de seus recursos mais importantes. Eles tornam nosso widget incrivelmente eficaz para sua promo\u00e7\u00e3o: <\/p> <ul> <li> Integre o Facebook Messenger no seu site para permanecer sempre dispon\u00edvel para usu\u00e1rios; <\/li> <li> Responda a mensagens diretamente da sua p\u00e1gina do Facebook; <li>Utilize tr\u00eas tipos de layout de bate-papo: como um bal\u00e3o flutuante, um bal\u00e3o incorporado e uma janela de bate-papo incorporada;<\/li><li>Explore uma cole\u00e7\u00e3o de \u00edcones de bal\u00e3o para extrair| Encontre seu \u00edcone de bal\u00e3o na biblioteca de \u00edcones dispon\u00edveis;<\/li><li>Edite o texto do bal\u00e3o de bate-papo.<\/li><\/ul><p><a href=\"#demo\">Verifique todos os recursos na demonstra\u00e7\u00e3o ao vivo<\/a><\/p><\/div><div class=\"application-platform-content-item-installation application-platform-content-item\" id=\"installation\" data-nav-section=\"installation\"><h2>Como adicionar o Facebook Messenger ao site iFrame<\/h2><p>Para ativar o widget, basta seguir as instru\u00e7\u00f5es etapas abaixo. <\/p> <ol><li><b>Crie seu pr\u00f3prio plugin do Messenger<\/b><br> Usando nossa demonstra\u00e7\u00e3o gratuita, crie um plugin com um layout preferido e caracter\u00edsticas funcionais. <\/li><li><b>Copie o c\u00f3digo pessoal para incorporar o plugin<\/b><br> Depois de configurar o seu widget, voc\u00ea receber\u00e1 o c\u00f3digo individual na notifica\u00e7\u00e3o pop-up nos aplicativos da Elfsight. Copie este c\u00f3digo para uso posterior. <\/li> <li><b>Adicione o plugin em seu site iFrame<\/b><br> Escolha o local onde voc\u00ea planeja mostrar o plugin e cole o c\u00f3digo copiado l\u00e1. Aplique os resultados. <\/li> <li><b>Voc\u00ea concluiu a instala\u00e7\u00e3o com sucesso<\/b><br> Acesse seu site para visualizar seu messenger. <\/li> <\/ol><p>Sinta-se \u00e0 vontade para entrar em contato com nossa equipe de suporte ao cliente se tiver alguma d\u00favida. Nossos especialistas ir\u00e3o ajud\u00e1-lo com qualquer problema. <\/p> <div class=\"faq\" data-component=\"FAQ\"> <div class=\"faq-item\">\r\n\t\t\t\t\t<div class=\"faq-item-question\">\r\n\t\t\t\t\t\t<h3 class=\"faq-item-question-text\">Como adicionar o Facebook Chat ao meu site iFrame sem conhecimentos de codifica\u00e7\u00e3o?<\/h3>\r\n\r\n\t\t\t\t\t\t<div class=\"faq-item-question-icon\"><\/div>\r\n\t\t\t\t\t<\/div>\r\n\r\n\t\t\t\t\t<div class=\"faq-item-answer\">\r\n\t\t\t\t\t\t<div class=\"faq-item-answer-text\"> <p>A Elfsight fornece uma solu\u00e7\u00e3o SaaS que lhe permite criar voc\u00ea mesmo um widget de Chat do Facebook, veja como \u00e9 f\u00e1cil o processo \u00e9: Trabalhe diretamente no Editor on-line para criar um widget de bate-papo do Facebook que voc\u00ea gostaria de ver em seu site iFrame. Escolha um dos modelos predefinidos e ajuste as configura\u00e7\u00f5es do bate-papo do Facebook, adicione seu conte\u00fado, altere o layout e as cores sem nenhuma habilidade de codifica\u00e7\u00e3o. Salve o bate-papo do Facebook e copie seu c\u00f3digo de instala\u00e7\u00e3o, que voc\u00ea pode adicionar facilmente ao seu site iFrame sem comprar uma vers\u00e3o paga. Com nosso editor intuitivo, qualquer usu\u00e1rio da Internet pode criar um widget de bate-papo do Facebook on-line e incorpor\u00e1-lo facilmente ao seu site iFrame. N\u00e3o h\u00e1 necessidade de pagar ou inserir as credenciais do seu cart\u00e3o para acessar o servi\u00e7o. Se voc\u00ea enfrentar qualquer problema em qualquer etapa, n\u00e3o hesite em entrar em contato com nossa equipe de suporte t\u00e9cnico.<\/p> <\/div>\r\n\t\t\t\t\t<\/div>\r\n\t\t\t\t<\/div> <\/div> <\/div>","protected":false},"excerpt":{"rendered":"","protected":false},"author":9,"featured_media":0,"parent":676,"menu_order":0,"comment_status":"closed","ping_status":"closed","template":"templates\/template-application-platform.php","meta":{"publish_to_discourse":"","publish_post_category":"","wpdc_auto_publish_overridden":"","wpdc_topic_tags":"","wpdc_pin_topic":"","wpdc_pin_until":"","discourse_post_id":"","discourse_permalink":"","wpdc_publishing_response":"","wpdc_publishing_error":"","footnotes":""},"class_list":["post-10977","page","type-page","status-publish","hentry"],"yoast_head":"<!-- This site is optimized with the Yoast SEO plugin v25.3.1 - https:\/\/yoast.com\/wordpress\/plugins\/seo\/ -->\n<title>iFrame Facebook Messenger Chat para o seu site (gr\u00e1tis e r\u00e1pido)<\/title>\n<meta name=\"description\" content=\"\u00c9 muito f\u00e1cil criar seu bate-papo do Facebook Messenger e public\u00e1-lo em seu site iFrame. O suporte ao cliente da Elfsight \u00e9 gratuito e r\u00e1pido.\" \/>\n<meta name=\"robots\" content=\"index, follow, max-snippet:-1, max-image-preview:large, max-video-preview:-1\" \/>\n<link rel=\"canonical\" href=\"https:\/\/elfsight.com\/pt\/facebook-chat-widget\/iframe\/\" \/>\n<meta property=\"og:locale\" content=\"pt_PT\" \/>\n<meta property=\"og:type\" content=\"article\" \/>\n<meta property=\"og:title\" content=\"iFrame Facebook Messenger Chat para o seu site (gr\u00e1tis e r\u00e1pido)\" \/>\n<meta property=\"og:description\" content=\"\u00c9 muito f\u00e1cil criar seu bate-papo do Facebook Messenger e public\u00e1-lo em seu site iFrame. O suporte ao cliente da Elfsight \u00e9 gratuito e r\u00e1pido.\" \/>\n<meta property=\"og:url\" content=\"https:\/\/elfsight.com\/pt\/facebook-chat-widget\/iframe\/\" \/>\n<meta property=\"og:site_name\" content=\"Elfsight PT\" \/>\n<meta property=\"article:modified_time\" content=\"2024-11-13T11:50:22+00:00\" \/>\n<meta name=\"twitter:card\" content=\"summary_large_image\" \/>\n<meta name=\"twitter:label1\" content=\"Tempo estimado de leitura\" \/>\n\t<meta name=\"twitter:data1\" content=\"3 minutos\" \/>\n<!-- \/ Yoast SEO plugin. -->","yoast_head_json":{"title":"iFrame Facebook Messenger Chat para o seu site (gr\u00e1tis e r\u00e1pido)","description":"\u00c9 muito f\u00e1cil criar seu bate-papo do Facebook Messenger e public\u00e1-lo em seu site iFrame. O suporte ao cliente da Elfsight \u00e9 gratuito e r\u00e1pido.","robots":{"index":"index","follow":"follow","max-snippet":"max-snippet:-1","max-image-preview":"max-image-preview:large","max-video-preview":"max-video-preview:-1"},"canonical":"https:\/\/elfsight.com\/pt\/facebook-chat-widget\/iframe\/","og_locale":"pt_PT","og_type":"article","og_title":"iFrame Facebook Messenger Chat para o seu site (gr\u00e1tis e r\u00e1pido)","og_description":"\u00c9 muito f\u00e1cil criar seu bate-papo do Facebook Messenger e public\u00e1-lo em seu site iFrame. O suporte ao cliente da Elfsight \u00e9 gratuito e r\u00e1pido.","og_url":"https:\/\/elfsight.com\/pt\/facebook-chat-widget\/iframe\/","og_site_name":"Elfsight PT","article_modified_time":"2024-11-13T11:50:22+00:00","twitter_card":"summary_large_image","twitter_misc":{"Tempo estimado de leitura":"3 minutos"},"schema":{"@context":"https:\/\/schema.org","@graph":[{"@type":"WebPage","@id":"https:\/\/elfsight.com\/pt\/facebook-chat-widget\/iframe\/","url":"https:\/\/elfsight.com\/pt\/facebook-chat-widget\/iframe\/","name":"iFrame Facebook Messenger Chat para o seu site (gr\u00e1tis e r\u00e1pido)","isPartOf":{"@id":"https:\/\/elfsight.com\/pt\/#website"},"datePublished":"2024-05-03T06:35:23+00:00","dateModified":"2024-11-13T11:50:22+00:00","description":"\u00c9 muito f\u00e1cil criar seu bate-papo do Facebook Messenger e public\u00e1-lo em seu site iFrame. O suporte ao cliente da Elfsight \u00e9 gratuito e r\u00e1pido.","breadcrumb":{"@id":"https:\/\/elfsight.com\/pt\/facebook-chat-widget\/iframe\/#breadcrumb"},"inLanguage":"pt-PT","potentialAction":[{"@type":"ReadAction","target":["https:\/\/elfsight.com\/pt\/facebook-chat-widget\/iframe\/"]}]},{"@type":"BreadcrumbList","@id":"https:\/\/elfsight.com\/pt\/facebook-chat-widget\/iframe\/#breadcrumb","itemListElement":[{"@type":"ListItem","position":1,"name":"Home","item":"https:\/\/elfsight.com\/pt\/"},{"@type":"ListItem","position":2,"name":"Facebook Chat","item":"https:\/\/elfsight.com\/pt\/facebook-chat-widget\/"},{"@type":"ListItem","position":3,"name":"Facebook Chat &#8211; iFrame"}]},{"@type":"WebSite","@id":"https:\/\/elfsight.com\/pt\/#website","url":"https:\/\/elfsight.com\/pt\/","name":"Elfsight PT","description":"Just another Elfsight Sites site","potentialAction":[{"@type":"SearchAction","target":{"@type":"EntryPoint","urlTemplate":"https:\/\/elfsight.com\/pt\/?s={search_term_string}"},"query-input":{"@type":"PropertyValueSpecification","valueRequired":true,"valueName":"search_term_string"}}],"inLanguage":"pt-PT"}]}},"meta_box":{"industry":"","seo_heading":"","heading":"","description":"","cta_heading":"","cta_description":"","application":"675","h1":"Widget iFrame do Facebook Messenger","h1_caption":"A maneira mais f\u00e1cil de entrar em contato com voc\u00ea rapidamente!","application_category":[],"applications_title":"","applications_request_title":"","applications_request_button_text":"","hero_text":"","hero_video":"","hero_video_schema_markup":"","selling_points_title":"","selling_points_caption":"","selling_points":[],"selling_points_cta_text":"","features_title":"","features":"","ed_cta_examples_text":"","ed_cta_examples_hidden":"","ed_cta_demo_text":"","ed_cta_demo_hidden":"","why_caption":"","why_editor_title":"","why_editor_text":"","why_team_title":"","why_team_text":"","why_service_title":"","why_service_text":"","template_catalog_visible":"","template_catalog_title":"","template_catalog_text":"","template_catalog_categories_visible":"","demo_title":"Crie seu widget de bate-papo do Facebook","demo_caption":"Configure seu bate-papo do Facebook e adicione-o ao seu site iFrame gratuitamente!","default_faq_hidden":"","app_template_category":[],"platform":"4911","template_public_id":"","codecanyon_url":"","codecanyon_item_id":"","codecanyon_price":"","pricing_caption":"","pricing_elfsight_apps_hide_column":"","pricing_elfsight_apps_url":"","pricing_codecanyon_price_caption":"","integration_category":[],"integration_request_title":"","integration_request_cta":"","integration_platform":"","integrations":[],"platform_category":[],"video_schema_markup":"","price":"a partir de US$ 0\/m\u00eas","trial":"","benefits":[{"text":"Ajuda de instala\u00e7\u00e3o gratuita"},{"text":"Atendimento ao cliente competente"},{"text":"Garantia de devolu\u00e7\u00e3o do dinheiro em 14 dias"},{"text":"Atualiza\u00e7\u00f5es gratuitas regulares"}],"button_url":"#demo","button_target_blank":"","button_nofollow":"","attributes":[{"name":"Instala\u00e7\u00f5es","content":"10,000 - 100,000"},{"name":"Responsivo","content":"Sim"},{"name":"Navegadores compat\u00edveis","content":"Edge, Chrome, Opera, Safari, Firefox"}],"tags":[],"tags_disable_links":"","hide_more_platforms":"","video_object":"","demo_hide_cta":"","demo_hide_cloud_options":"","pricing_title":"","pricing":[{"pricing_icon":"platform","pricing_title":"Elfsight Apps","pricing_title_caption":"Solu\u00e7\u00e3o digital multiplataforma que funciona em qualquer site","pricing_price":"a partir de US$ 0\/m\u00eas","pricing_price_caption":"comece com plano gratuito","pricing_benefits":[{"text":"Sites ilimitados"},{"text":"Suporte r\u00e1pido e pontual"},{"text":"Suporte r\u00e1pido e pontual"},{"text":"Pre\u00e7o especial para v\u00e1rios aplicativos"}],"pricing_button_text":"Adicionar ao site","pricing_button_url":"#demo"}],"related_apps_title":"","related_apps_hidden":"","author":"","image":[],"title":"","job":"","social_networks":[]},"_links":{"self":[{"href":"https:\/\/elfsight.com\/pt\/wp-json\/wp\/v2\/pages\/10977","targetHints":{"allow":["GET"]}}],"collection":[{"href":"https:\/\/elfsight.com\/pt\/wp-json\/wp\/v2\/pages"}],"about":[{"href":"https:\/\/elfsight.com\/pt\/wp-json\/wp\/v2\/types\/page"}],"author":[{"embeddable":true,"href":"https:\/\/elfsight.com\/pt\/wp-json\/wp\/v2\/users\/9"}],"replies":[{"embeddable":true,"href":"https:\/\/elfsight.com\/pt\/wp-json\/wp\/v2\/comments?post=10977"}],"version-history":[{"count":1,"href":"https:\/\/elfsight.com\/pt\/wp-json\/wp\/v2\/pages\/10977\/revisions"}],"predecessor-version":[{"id":10981,"href":"https:\/\/elfsight.com\/pt\/wp-json\/wp\/v2\/pages\/10977\/revisions\/10981"}],"up":[{"embeddable":true,"href":"https:\/\/elfsight.com\/pt\/wp-json\/wp\/v2\/pages\/676"}],"wp:attachment":[{"href":"https:\/\/elfsight.com\/pt\/wp-json\/wp\/v2\/media?parent=10977"}],"curies":[{"name":"wp","href":"https:\/\/api.w.org\/{rel}","templated":true}]}}