{"id":10971,"date":"2024-05-03T06:35:21","date_gmt":"2024-05-03T06:35:21","guid":{"rendered":"https:\/\/elfsight.com\/pt\/?page_id=10971"},"modified":"2024-11-13T11:37:21","modified_gmt":"2024-11-13T11:37:21","slug":"woocommerce","status":"publish","type":"page","link":"https:\/\/elfsight.com\/pt\/facebook-chat-widget\/woocommerce\/","title":{"rendered":"Facebook Chat &#8211; WooCommerce"},"content":{"rendered":"<div class=\"application-platform-content-item-description application-platform-content-item\" id=\"description\" data-nav-section=\"description\"><h2>Descri\u00e7\u00e3o<\/h2><p>O plugin do Facebook Messenger desenvolvido pela Elfsight \u00e9 um m\u00e9todo perfeito para os visitantes do seu site se comunicarem com voc\u00ea e ouvirem respostas para suas perguntas e solicita\u00e7\u00f5es. Fique dispon\u00edvel online para sua clientela em um dos mensageiros mais queridos 24 horas por dia, 7 dias por semana. Incorpore o bate-papo do Facebook no site do seu site e ele aparecer\u00e1 nas p\u00e1ginas escolhidas ou para grupos espec\u00edficos de clientes, atribua gatilhos para iniciar o bate-papo, redija sua mensagem de boas-vindas personalizada, escolha \u00edcones e aplique quaisquer outras altera\u00e7\u00f5es.<\/p><p><b>Use o Facebook Messenger para alcan\u00e7ar seus objetivos de neg\u00f3cios mais rapidamente!<\/b><\/p><\/div> <div class=\"application-platform-content-item-features application-platform-content-item\" id=\"features\" data-nav-section=\"features\"><h2>Os recursos essenciais do widget oferecidos<\/h2><ul><li>Definir Coloque o Facebook Messenger em seu site para estabelecer comunica\u00e7\u00e3o com os telespectadores; <\/li><li>Continue se comunicando diretamente da sua p\u00e1gina do Facebook; <\/li><li>Escolha entre tr\u00eas op\u00e7\u00f5es de localiza\u00e7\u00e3o do bate-papo: bal\u00e3o flutuante, bal\u00e3o incorporado e janela de bate-papo incorporada; <\/li><li>Explore uma cole\u00e7\u00e3o de \u00edcones de bolhas para escolher; <\/li><li>Digite seu pr\u00f3prio texto no bal\u00e3o de bate-papo. <\/li><\/ul><p><a href=\"#demo\">Voc\u00ea pode testar se o widget \u00e9 adequado para voc\u00ea com a ajuda da demonstra\u00e7\u00e3o<\/a><\/p><\/div><div class=\"application-platform-content-item-instala\u00e7\u00e3o application-platform-content-item\" id=\"instala\u00e7\u00e3o\" data-nav-section=\"instala\u00e7\u00e3o\"><h2>Como posso adicionar o bate-papo do Facebook ao meu site WooCommerce?<\/h2><p>Basta seguir as etapas descritas abaixo para come\u00e7ar a usar o widget.<\/p><ol><li><b>Fa\u00e7a nossa demonstra\u00e7\u00e3o gratuita e comece a formar seu pr\u00f3prio plugin.<\/b><br>Especifique a interface e os recursos desej\u00e1veis \u200b\u200bdo plugin e salve as modifica\u00e7\u00f5es.<\/li><li><b>Copie o c\u00f3digo pessoal exposto em na caixa nas aplica\u00e7\u00f5es Elfsight.<\/b><br>Assim que a cria\u00e7\u00e3o do seu plugin terminar, copie o c\u00f3digo pessoal no pop-up que aparece e guarde-o para futuras ocasi\u00f5es.<\/li><li><b>Iniciar utiliza\u00e7\u00e3o da ferramenta em seu site da plataforma.<\/b><br>Integre o c\u00f3digo salvo recentemente em seu site e salve os ajustes.<\/li><li><b>Pronto! A integra\u00e7\u00e3o foi finalizada com sucesso.<\/b><br>Visite sua p\u00e1gina web para inspecionar o funcionamento da ferramenta.<\/li><\/ol><p>Caso voc\u00ea tenha alguma dificuldade, n\u00e3o hesite em entrar em contato com nosso suporte funcion\u00e1rios. Os nossos consultores ter\u00e3o todo o prazer em resolver todos os problemas que possa ter com o plugin.<\/p><div class=\"faq\" data-component=\"FAQ\"> <div class=\"faq-item\">\r\n\t\t\t\t\t<div class=\"faq-item-question\">\r\n\t\t\t\t\t\t<h3 class=\"faq-item-question-text\">Como adicionar o Facebook Chat ao meu site WooCommerce sem conhecimentos de codifica\u00e7\u00e3o?<\/h3>\r\n\r\n\t\t\t\t\t\t<div class=\"faq-item-question-icon\"><\/div>\r\n\t\t\t\t\t<\/div>\r\n\r\n\t\t\t\t\t<div class=\"faq-item-answer\">\r\n\t\t\t\t\t\t<div class=\"faq-item-answer-text\"> <p>A Elfsight fornece um Solu\u00e7\u00e3o SaaS que permite criar voc\u00ea mesmo um widget de bate-papo do Facebook, veja como o processo \u00e9 f\u00e1cil: Trabalhe diretamente no editor online para criar um widget de bate-papo do Facebook que voc\u00ea gostaria de ver em seu site WooCommerce. Escolha um dos modelos predefinidos e ajuste as configura\u00e7\u00f5es do bate-papo do Facebook, adicione seu conte\u00fado, altere o layout e as cores sem nenhuma habilidade de codifica\u00e7\u00e3o. Salve o bate-papo do Facebook e copie seu c\u00f3digo de instala\u00e7\u00e3o, para que voc\u00ea possa adicion\u00e1-lo facilmente ao seu site WooCommerce sem a necessidade de adquirir um plano pago. Com nosso editor intuitivo, qualquer usu\u00e1rio da Internet pode criar um widget de bate-papo do Facebook online e incorpor\u00e1-lo facilmente ao seu site WooCommerce. N\u00e3o h\u00e1 necessidade de pagar ou inserir as credenciais do seu cart\u00e3o para acessar o servi\u00e7o. Se voc\u00ea enfrentar qualquer problema em qualquer etapa, n\u00e3o hesite em entrar em contato com nossa equipe de suporte t\u00e9cnico.<\/p> <\/div>\r\n\t\t\t\t\t<\/div>\r\n\t\t\t\t<\/div> <\/div> <\/div>","protected":false},"excerpt":{"rendered":"","protected":false},"author":9,"featured_media":0,"parent":676,"menu_order":0,"comment_status":"closed","ping_status":"closed","template":"templates\/template-application-platform.php","meta":{"publish_to_discourse":"","publish_post_category":"","wpdc_auto_publish_overridden":"","wpdc_topic_tags":"","wpdc_pin_topic":"","wpdc_pin_until":"","discourse_post_id":"","discourse_permalink":"","wpdc_publishing_response":"","wpdc_publishing_error":"","footnotes":""},"class_list":["post-10971","page","type-page","status-publish","hentry"],"yoast_head":"<!-- This site is optimized with the Yoast SEO plugin v25.3.1 - https:\/\/yoast.com\/wordpress\/plugins\/seo\/ -->\n<title>Plug-in WooCommerce Facebook Chat para seu site (2026)<\/title>\n<meta name=\"description\" content=\"Aproveite a oportunidade para ajustar o plugin do Facebook Chat no editor e adicion\u00e1-lo ao seu site WooCommerce diretamente da demonstra\u00e7\u00e3o.\" \/>\n<meta name=\"robots\" content=\"index, follow, max-snippet:-1, max-image-preview:large, max-video-preview:-1\" \/>\n<link rel=\"canonical\" href=\"https:\/\/elfsight.com\/pt\/facebook-chat-widget\/woocommerce\/\" \/>\n<meta property=\"og:locale\" content=\"pt_PT\" \/>\n<meta property=\"og:type\" content=\"article\" \/>\n<meta property=\"og:title\" content=\"Plug-in WooCommerce Facebook Chat para seu site (2026)\" \/>\n<meta property=\"og:description\" content=\"Aproveite a oportunidade para ajustar o plugin do Facebook Chat no editor e adicion\u00e1-lo ao seu site WooCommerce diretamente da demonstra\u00e7\u00e3o.\" \/>\n<meta property=\"og:url\" content=\"https:\/\/elfsight.com\/pt\/facebook-chat-widget\/woocommerce\/\" \/>\n<meta property=\"og:site_name\" content=\"Elfsight PT\" \/>\n<meta property=\"article:modified_time\" content=\"2024-11-13T11:37:21+00:00\" \/>\n<meta name=\"twitter:card\" content=\"summary_large_image\" \/>\n<meta name=\"twitter:label1\" content=\"Tempo estimado de leitura\" \/>\n\t<meta name=\"twitter:data1\" content=\"3 minutos\" \/>\n<!-- \/ Yoast SEO plugin. -->","yoast_head_json":{"title":"Plug-in WooCommerce Facebook Chat para seu site (2026)","description":"Aproveite a oportunidade para ajustar o plugin do Facebook Chat no editor e adicion\u00e1-lo ao seu site WooCommerce diretamente da demonstra\u00e7\u00e3o.","robots":{"index":"index","follow":"follow","max-snippet":"max-snippet:-1","max-image-preview":"max-image-preview:large","max-video-preview":"max-video-preview:-1"},"canonical":"https:\/\/elfsight.com\/pt\/facebook-chat-widget\/woocommerce\/","og_locale":"pt_PT","og_type":"article","og_title":"Plug-in WooCommerce Facebook Chat para seu site (2026)","og_description":"Aproveite a oportunidade para ajustar o plugin do Facebook Chat no editor e adicion\u00e1-lo ao seu site WooCommerce diretamente da demonstra\u00e7\u00e3o.","og_url":"https:\/\/elfsight.com\/pt\/facebook-chat-widget\/woocommerce\/","og_site_name":"Elfsight PT","article_modified_time":"2024-11-13T11:37:21+00:00","twitter_card":"summary_large_image","twitter_misc":{"Tempo estimado de leitura":"3 minutos"},"schema":{"@context":"https:\/\/schema.org","@graph":[{"@type":"WebPage","@id":"https:\/\/elfsight.com\/pt\/facebook-chat-widget\/woocommerce\/","url":"https:\/\/elfsight.com\/pt\/facebook-chat-widget\/woocommerce\/","name":"Plug-in WooCommerce Facebook Chat para seu site (2026)","isPartOf":{"@id":"https:\/\/elfsight.com\/pt\/#website"},"datePublished":"2024-05-03T06:35:21+00:00","dateModified":"2024-11-13T11:37:21+00:00","description":"Aproveite a oportunidade para ajustar o plugin do Facebook Chat no editor e adicion\u00e1-lo ao seu site WooCommerce diretamente da demonstra\u00e7\u00e3o.","breadcrumb":{"@id":"https:\/\/elfsight.com\/pt\/facebook-chat-widget\/woocommerce\/#breadcrumb"},"inLanguage":"pt-PT","potentialAction":[{"@type":"ReadAction","target":["https:\/\/elfsight.com\/pt\/facebook-chat-widget\/woocommerce\/"]}]},{"@type":"BreadcrumbList","@id":"https:\/\/elfsight.com\/pt\/facebook-chat-widget\/woocommerce\/#breadcrumb","itemListElement":[{"@type":"ListItem","position":1,"name":"Home","item":"https:\/\/elfsight.com\/pt\/"},{"@type":"ListItem","position":2,"name":"Facebook Chat","item":"https:\/\/elfsight.com\/pt\/facebook-chat-widget\/"},{"@type":"ListItem","position":3,"name":"Facebook Chat &#8211; WooCommerce"}]},{"@type":"WebSite","@id":"https:\/\/elfsight.com\/pt\/#website","url":"https:\/\/elfsight.com\/pt\/","name":"Elfsight PT","description":"Just another Elfsight Sites site","potentialAction":[{"@type":"SearchAction","target":{"@type":"EntryPoint","urlTemplate":"https:\/\/elfsight.com\/pt\/?s={search_term_string}"},"query-input":{"@type":"PropertyValueSpecification","valueRequired":true,"valueName":"search_term_string"}}],"inLanguage":"pt-PT"}]}},"meta_box":{"industry":"","seo_heading":"","heading":"","description":"","cta_heading":"","cta_description":"","application":"675","h1":"Plug-in de bate-papo WooCommerce do Facebook","h1_caption":"A forma de intera\u00e7\u00e3o mais pr\u00e1tica para os visitantes do seu site","application_category":[],"applications_title":"","applications_request_title":"","applications_request_button_text":"","hero_text":"","hero_video":"","hero_video_schema_markup":"","selling_points_title":"","selling_points_caption":"","selling_points":[],"selling_points_cta_text":"","features_title":"","features":"","ed_cta_examples_text":"","ed_cta_examples_hidden":"","ed_cta_demo_text":"","ed_cta_demo_hidden":"","why_caption":"","why_editor_title":"","why_editor_text":"","why_team_title":"","why_team_text":"","why_service_title":"","why_service_text":"","template_catalog_visible":"","template_catalog_title":"","template_catalog_text":"","template_catalog_categories_visible":"","demo_title":"Crie seu aplicativo de bate-papo do Facebook","demo_caption":"Configure seu bate-papo do Facebook e adicione-o ao seu site WooCommerce gratuitamente!","default_faq_hidden":"","app_template_category":[],"platform":"4920","template_public_id":"","codecanyon_url":"","codecanyon_item_id":"","codecanyon_price":"","pricing_caption":"","pricing_elfsight_apps_hide_column":"","pricing_elfsight_apps_url":"","pricing_codecanyon_price_caption":"","integration_category":[],"integration_request_title":"","integration_request_cta":"","integration_platform":"","integrations":[],"platform_category":[],"video_schema_markup":"","price":"a partir de US$ 0\/m\u00eas","trial":"","benefits":[{"text":"Servi\u00e7o de instala\u00e7\u00e3o gratuito"},{"text":"Suporte premium"},{"text":"Garantia de reembolso de 14 dias"},{"text":"Desenvolvimento cont\u00ednuo"}],"button_url":"#demo","button_target_blank":"","button_nofollow":"","attributes":[{"name":"Instala\u00e7\u00f5es","content":"10,000 - 100,000"},{"name":"Responsivo","content":"Sim"},{"name":"Navegadores compat\u00edveis","content":"Firefox, Safari, Opera, Chrome, Edge"}],"tags":[],"tags_disable_links":"","hide_more_platforms":"","video_object":"","demo_hide_cta":"","demo_hide_cloud_options":"","pricing_title":"","pricing":[{"pricing_icon":"platform","pricing_title":"Elfsight Apps","pricing_title_caption":"Vers\u00e3o multiplataforma","pricing_price":"a partir de US$ 0\/m\u00eas","pricing_price_caption":"comece com um plano gratuito","pricing_benefits":[{"text":"Dom\u00ednios ilimitados"},{"text":"Suporte premium e pontual"},{"text":"Suporte premium e pontual"},{"text":"Design flex\u00edvel"}],"pricing_button_text":"Adicionar ao site","pricing_button_url":"#demo"}],"related_apps_title":"","related_apps_hidden":"","author":"","image":[],"title":"","job":"","social_networks":[]},"_links":{"self":[{"href":"https:\/\/elfsight.com\/pt\/wp-json\/wp\/v2\/pages\/10971","targetHints":{"allow":["GET"]}}],"collection":[{"href":"https:\/\/elfsight.com\/pt\/wp-json\/wp\/v2\/pages"}],"about":[{"href":"https:\/\/elfsight.com\/pt\/wp-json\/wp\/v2\/types\/page"}],"author":[{"embeddable":true,"href":"https:\/\/elfsight.com\/pt\/wp-json\/wp\/v2\/users\/9"}],"replies":[{"embeddable":true,"href":"https:\/\/elfsight.com\/pt\/wp-json\/wp\/v2\/comments?post=10971"}],"version-history":[{"count":1,"href":"https:\/\/elfsight.com\/pt\/wp-json\/wp\/v2\/pages\/10971\/revisions"}],"predecessor-version":[{"id":10975,"href":"https:\/\/elfsight.com\/pt\/wp-json\/wp\/v2\/pages\/10971\/revisions\/10975"}],"up":[{"embeddable":true,"href":"https:\/\/elfsight.com\/pt\/wp-json\/wp\/v2\/pages\/676"}],"wp:attachment":[{"href":"https:\/\/elfsight.com\/pt\/wp-json\/wp\/v2\/media?parent=10971"}],"curies":[{"name":"wp","href":"https:\/\/api.w.org\/{rel}","templated":true}]}}