{"id":10969,"date":"2024-05-03T06:35:19","date_gmt":"2024-05-03T06:35:19","guid":{"rendered":"https:\/\/elfsight.com\/pt\/?page_id=10969"},"modified":"2025-03-03T08:35:57","modified_gmt":"2025-03-03T08:35:57","slug":"google-sites","status":"publish","type":"page","link":"https:\/\/elfsight.com\/pt\/facebook-chat-widget\/google-sites\/","title":{"rendered":"Facebook Chat &#8211; Google Sites"},"content":{"rendered":"\n<div class=\"application-platform-content-item-description application-platform-content-item\" id=\"description\" data-nav-section=\"description\"> <h2>Incorporar o bate-papo do Facebook no Google Sites com o widget Elfsight<\/h2> <p>O widget de mensagens do Facebook para Google Sites desenvolvido pela Elfsight \u00e9 o mais f\u00e1cil maneira para os usu\u00e1rios do seu site se comunicarem com voc\u00ea e obterem respostas para suas perguntas. Esteja dispon\u00edvel ao vivo para seus clientes no mensageiro mais querido a qualquer momento. Configure o chat no seu site e deixe-o aparecer nas p\u00e1ginas mais importantes ou para determinados tipos de clientes, escolha gatilhos para iniciar o chat, demonstre sua mensagem de boas-vindas exclusiva, altere \u00edcones e muito mais. Com o chat ao vivo do Facebook incorporado ao site, voc\u00ea permanecer\u00e1 dispon\u00edvel para seus visitantes a qualquer momento e independentemente de onde estiver.<\/p> <p><b>Torne seu site mais eficiente para objetivos de neg\u00f3cios com o bate-papo do Facebook.<\/b><\/p> <\/div> <div class=\"application-platform-content-item-features application-platform-content-item\" id=\"features\" data-nav-section=\"features\"> <h2>Aqui est\u00e1 a lista dos recursos mais \u00fateis: <\/h2> <ul><li>Cole o Facebook Messenger em seu site para ficar conectado com os espectadores; <\/li><li>Continue se comunicando diretamente da sua conta do Facebook; <\/li><li>Experimente tr\u00eas variantes de layout de bate-papo: como um bal\u00e3o flutuante, um bal\u00e3o incorporado e uma janela de bate-papo incorporada; <\/li><li>Descubra uma cole\u00e7\u00e3o de \u00edcones de bolha para selecionar; <\/li><li>Texto de bal\u00e3o edit\u00e1vel. <\/li><\/ul><p><a href=\"#demo\">Examine todos os recursos de personaliza\u00e7\u00e3o na demonstra\u00e7\u00e3o totalmente funcional<\/a><\/p> <\/div> <div class=\"application-platform-content-item-installation application-platform-content-item\" id=\"installation\" data-nav-section=\"installation\"> <h2>Como posso adicionar o bate-papo do Facebook no meu Google Sites? <\/h2> <p>Basta aplicar as instru\u00e7\u00f5es abaixo para incorporar o widget. <\/p> <ol><li><b>Abra nossa demonstra\u00e7\u00e3o gratuita e comece a formar seu instrumento personalizado. <\/b><br> Determine o design e as especifica\u00e7\u00f5es adequadas do widget e salve as edi\u00e7\u00f5es. <\/li> <li><b>Obtenha seu c\u00f3digo exclusivo que aparece na caixa dos aplicativos Elfsight. <\/b><br> Logo ap\u00f3s a cria\u00e7\u00e3o da sua ferramenta, copie o c\u00f3digo exclusivo na janela exibida e salve-o para uso posterior. <\/li> <li><b>Iniciar a utiliza\u00e7\u00e3o do Facebook Messenger na p\u00e1gina do Google Sites. <\/b><br> Insira o c\u00f3digo que voc\u00ea salvou anteriormente em sua p\u00e1gina e salve as modifica\u00e7\u00f5es. <\/li> <li><b>Pronto! A incorpora\u00e7\u00e3o \u00e9 totalmente executada. <\/b><br> Acesse seu site para verificar como a ferramenta est\u00e1 funcionando. <\/li><\/ol> <div class=\"tip-yellow tip\"><b>Devido \u00e0s peculiaridades do funcionamento do Google Sites, o widget pode ter uma apar\u00eancia diferente da demonstra\u00e7\u00e3o on-line. Pedimos desculpas por qualquer inconveniente causado.<\/b><\/div><p>Caso tenha d\u00favidas ou problemas, n\u00e3o tenha medo de recorrer \u00e0 nossa equipe de suporte. Nosso pessoal ter\u00e1 prazer em resolver todos os problemas que voc\u00ea possa ter com o plugin. <\/p> <div class=\"faq\" data-component=\"FAQ\"> <div class=\"faq-item\">\r\n\t\t\t\t\t<div class=\"faq-item-question\">\r\n\t\t\t\t\t\t<h3 class=\"faq-item-question-text\">Como posso adicionar o bate-papo do Facebook ao meu site do Google Sites sem conhecimentos de codifica\u00e7\u00e3o?<\/h3>\r\n\r\n\t\t\t\t\t\t<div class=\"faq-item-question-icon\"><\/div>\r\n\t\t\t\t\t<\/div>\r\n\r\n\t\t\t\t\t<div class=\"faq-item-answer\">\r\n\t\t\t\t\t\t<div class=\"faq-item-answer-text\"> <p>A Elfsight fornece uma solu\u00e7\u00e3o SaaS que permite que voc\u00ea mesmo crie um widget de bate-papo do Facebook. Veja como \u00e9 f\u00e1cil o processo \u00e9: Trabalhe diretamente no Editor on-line para criar um widget de bate-papo do Facebook que voc\u00ea gostaria de ver em seu site do Google Sites. Escolha um dos modelos predefinidos e ajuste as configura\u00e7\u00f5es do bate-papo do Facebook, adicione seu conte\u00fado, altere o layout e as cores sem nenhuma habilidade de codifica\u00e7\u00e3o. Salve o bate-papo do Facebook e copie seu c\u00f3digo de instala\u00e7\u00e3o, que voc\u00ea pode adicionar facilmente ao seu site do Google Sites sem comprar uma vers\u00e3o paga. Com nosso editor intuitivo, qualquer usu\u00e1rio da Internet pode criar um widget de bate-papo do Facebook on-line e incorpor\u00e1-lo facilmente ao site do Google Sites. N\u00e3o h\u00e1 necessidade de pagar ou inserir as credenciais do seu cart\u00e3o para acessar o servi\u00e7o. Se voc\u00ea enfrentar qualquer problema em qualquer etapa, n\u00e3o hesite em entrar em contato com nossa equipe de suporte t\u00e9cnico.<\/p> <\/div>\r\n\t\t\t\t\t<\/div>\r\n\t\t\t\t<\/div> <\/div> <\/div>\n\n\n<p><!-- wp:par\u00e1grafo --><\/p>\n<p><!-- \/wp:par\u00e1grafo --><\/p>","protected":false},"excerpt":{"rendered":"","protected":false},"author":9,"featured_media":0,"parent":676,"menu_order":0,"comment_status":"closed","ping_status":"closed","template":"templates\/template-application-platform.php","meta":{"publish_to_discourse":"","publish_post_category":"","wpdc_auto_publish_overridden":"","wpdc_topic_tags":"","wpdc_pin_topic":"","wpdc_pin_until":"","discourse_post_id":"","discourse_permalink":"","wpdc_publishing_response":"","wpdc_publishing_error":"","footnotes":""},"class_list":["post-10969","page","type-page","status-publish","hentry"],"yoast_head":"<!-- This site is optimized with the Yoast SEO plugin v25.3.1 - https:\/\/yoast.com\/wordpress\/plugins\/seo\/ -->\n<title>Bate-papo do Facebook - Adicionar widget do Facebook Messenger ao Google Sites (2025)<\/title>\n<meta name=\"description\" content=\"Implemente um widget responsivo de bate-papo do Facebook em seus Google Sites. Utilize a demonstra\u00e7\u00e3o do Elfsight Facebook Messenger para criar seu recurso personalizado.\" \/>\n<meta name=\"robots\" content=\"index, follow, max-snippet:-1, max-image-preview:large, max-video-preview:-1\" \/>\n<link rel=\"canonical\" href=\"https:\/\/elfsight.com\/pt\/facebook-chat-widget\/google-sites\/\" \/>\n<meta property=\"og:locale\" content=\"pt_PT\" \/>\n<meta property=\"og:type\" content=\"article\" \/>\n<meta property=\"og:title\" content=\"Bate-papo do Facebook - Adicionar widget do Facebook Messenger ao Google Sites (2025)\" \/>\n<meta property=\"og:description\" content=\"Implemente um widget responsivo de bate-papo do Facebook em seus Google Sites. Utilize a demonstra\u00e7\u00e3o do Elfsight Facebook Messenger para criar seu recurso personalizado.\" \/>\n<meta property=\"og:url\" content=\"https:\/\/elfsight.com\/pt\/facebook-chat-widget\/google-sites\/\" \/>\n<meta property=\"og:site_name\" content=\"Elfsight PT\" \/>\n<meta property=\"article:modified_time\" content=\"2025-03-03T08:35:57+00:00\" \/>\n<meta name=\"twitter:card\" content=\"summary_large_image\" \/>\n<meta name=\"twitter:label1\" content=\"Tempo estimado de leitura\" \/>\n\t<meta name=\"twitter:data1\" content=\"4 minutos\" \/>\n<!-- \/ Yoast SEO plugin. -->","yoast_head_json":{"title":"Bate-papo do Facebook - Adicionar widget do Facebook Messenger ao Google Sites (2025)","description":"Implemente um widget responsivo de bate-papo do Facebook em seus Google Sites. Utilize a demonstra\u00e7\u00e3o do Elfsight Facebook Messenger para criar seu recurso personalizado.","robots":{"index":"index","follow":"follow","max-snippet":"max-snippet:-1","max-image-preview":"max-image-preview:large","max-video-preview":"max-video-preview:-1"},"canonical":"https:\/\/elfsight.com\/pt\/facebook-chat-widget\/google-sites\/","og_locale":"pt_PT","og_type":"article","og_title":"Bate-papo do Facebook - Adicionar widget do Facebook Messenger ao Google Sites (2025)","og_description":"Implemente um widget responsivo de bate-papo do Facebook em seus Google Sites. Utilize a demonstra\u00e7\u00e3o do Elfsight Facebook Messenger para criar seu recurso personalizado.","og_url":"https:\/\/elfsight.com\/pt\/facebook-chat-widget\/google-sites\/","og_site_name":"Elfsight PT","article_modified_time":"2025-03-03T08:35:57+00:00","twitter_card":"summary_large_image","twitter_misc":{"Tempo estimado de leitura":"4 minutos"},"schema":{"@context":"https:\/\/schema.org","@graph":[{"@type":"WebPage","@id":"https:\/\/elfsight.com\/pt\/facebook-chat-widget\/google-sites\/","url":"https:\/\/elfsight.com\/pt\/facebook-chat-widget\/google-sites\/","name":"Bate-papo do Facebook - Adicionar widget do Facebook Messenger ao Google Sites (2025)","isPartOf":{"@id":"https:\/\/elfsight.com\/pt\/#website"},"datePublished":"2024-05-03T06:35:19+00:00","dateModified":"2025-03-03T08:35:57+00:00","description":"Implemente um widget responsivo de bate-papo do Facebook em seus Google Sites. Utilize a demonstra\u00e7\u00e3o do Elfsight Facebook Messenger para criar seu recurso personalizado.","breadcrumb":{"@id":"https:\/\/elfsight.com\/pt\/facebook-chat-widget\/google-sites\/#breadcrumb"},"inLanguage":"pt-PT","potentialAction":[{"@type":"ReadAction","target":["https:\/\/elfsight.com\/pt\/facebook-chat-widget\/google-sites\/"]}]},{"@type":"BreadcrumbList","@id":"https:\/\/elfsight.com\/pt\/facebook-chat-widget\/google-sites\/#breadcrumb","itemListElement":[{"@type":"ListItem","position":1,"name":"Home","item":"https:\/\/elfsight.com\/pt\/"},{"@type":"ListItem","position":2,"name":"Facebook Chat","item":"https:\/\/elfsight.com\/pt\/facebook-chat-widget\/"},{"@type":"ListItem","position":3,"name":"Facebook Chat &#8211; Google Sites"}]},{"@type":"WebSite","@id":"https:\/\/elfsight.com\/pt\/#website","url":"https:\/\/elfsight.com\/pt\/","name":"Elfsight PT","description":"Just another Elfsight Sites site","potentialAction":[{"@type":"SearchAction","target":{"@type":"EntryPoint","urlTemplate":"https:\/\/elfsight.com\/pt\/?s={search_term_string}"},"query-input":{"@type":"PropertyValueSpecification","valueRequired":true,"valueName":"search_term_string"}}],"inLanguage":"pt-PT"}]}},"meta_box":{"industry":"","seo_heading":"","heading":"","description":"","cta_heading":"","cta_description":"","application":"675","h1":"Widget de bate-papo do Facebook do Google Sites","h1_caption":"Ajude os usu\u00e1rios a se comunicarem facilmente com voc\u00ea sobre suas d\u00favidas, solicita\u00e7\u00f5es ou problemas","application_category":[],"applications_title":"","applications_request_title":"","applications_request_button_text":"","hero_text":"","hero_video":"","hero_video_schema_markup":"","selling_points_title":"","selling_points_caption":"","selling_points":[],"selling_points_cta_text":"","features_title":"","features":"","ed_cta_examples_text":"","ed_cta_examples_hidden":"","ed_cta_demo_text":"","ed_cta_demo_hidden":"","why_caption":"","why_editor_title":"","why_editor_text":"","why_team_title":"","why_team_text":"","why_service_title":"","why_service_text":"","template_catalog_visible":"0","template_catalog_title":"","template_catalog_text":"","template_catalog_categories_visible":"","demo_title":"Crie seu widget de bate-papo do Facebook","demo_caption":"Configure seu bate-papo do Facebook e adicione-o ao seu site do Google Sites gratuitamente!","default_faq_hidden":"","app_template_category":[],"platform":"112","template_public_id":"","codecanyon_url":"","codecanyon_item_id":"","codecanyon_price":"","pricing_caption":"","pricing_elfsight_apps_hide_column":"","pricing_elfsight_apps_url":"","pricing_codecanyon_price_caption":"","integration_category":[],"integration_request_title":"","integration_request_cta":"","integration_platform":"","integrations":[],"platform_category":[],"video_schema_markup":"","price":"a partir de US$ 0\/m\u00eas","trial":"","benefits":[{"text":"Assist\u00eancia de instala\u00e7\u00e3o gratuita"},{"text":"Atendimento ao cliente competente"},{"text":"Garantia de devolu\u00e7\u00e3o do dinheiro em 14 dias"},{"text":"Melhorias futuras"}],"button_url":"#demo","button_target_blank":"0","button_nofollow":"0","attributes":[{"name":"Instala\u00e7\u00f5es","content":"10,000 - 100,000"},{"name":"Responsivo","content":"Otimizado para celular"},{"name":"Navegadores compat\u00edveis","content":"Chrome, Safari, Opera, Firefox, Edge"}],"tags":[],"tags_disable_links":"0","hide_more_platforms":"0","video_object":"","demo_hide_cta":"0","demo_hide_cloud_options":"0","pricing_title":"","pricing":[{"pricing_icon":"platform","pricing_title":"Elfsight Apps","pricing_title_caption":"Solu\u00e7\u00e3o digital multiplataforma","pricing_price":"a partir de US$ 0\/m\u00eas","pricing_price_caption":"comece com plano gratuito","pricing_benefits":[{"text":"Sites ilimitados"},{"text":"Suporte profissional ao cliente"},{"text":"Suporte profissional ao cliente"},{"text":"Pre\u00e7o especial para v\u00e1rios aplicativos"}],"pricing_button_text":"Adicionar ao site","pricing_button_url":"#demo"}],"related_apps_title":"","related_apps_hidden":"0","author":"","image":[],"title":"","job":"","social_networks":[]},"_links":{"self":[{"href":"https:\/\/elfsight.com\/pt\/wp-json\/wp\/v2\/pages\/10969","targetHints":{"allow":["GET"]}}],"collection":[{"href":"https:\/\/elfsight.com\/pt\/wp-json\/wp\/v2\/pages"}],"about":[{"href":"https:\/\/elfsight.com\/pt\/wp-json\/wp\/v2\/types\/page"}],"author":[{"embeddable":true,"href":"https:\/\/elfsight.com\/pt\/wp-json\/wp\/v2\/users\/9"}],"replies":[{"embeddable":true,"href":"https:\/\/elfsight.com\/pt\/wp-json\/wp\/v2\/comments?post=10969"}],"version-history":[{"count":2,"href":"https:\/\/elfsight.com\/pt\/wp-json\/wp\/v2\/pages\/10969\/revisions"}],"predecessor-version":[{"id":14157,"href":"https:\/\/elfsight.com\/pt\/wp-json\/wp\/v2\/pages\/10969\/revisions\/14157"}],"up":[{"embeddable":true,"href":"https:\/\/elfsight.com\/pt\/wp-json\/wp\/v2\/pages\/676"}],"wp:attachment":[{"href":"https:\/\/elfsight.com\/pt\/wp-json\/wp\/v2\/media?parent=10969"}],"curies":[{"name":"wp","href":"https:\/\/api.w.org\/{rel}","templated":true}]}}