{"id":10955,"date":"2024-05-03T06:34:51","date_gmt":"2024-05-03T06:34:51","guid":{"rendered":"https:\/\/elfsight.com\/pt\/?page_id=10955"},"modified":"2024-11-12T15:31:05","modified_gmt":"2024-11-12T15:31:05","slug":"prestashop","status":"publish","type":"page","link":"https:\/\/elfsight.com\/pt\/event-calendar-widget\/prestashop\/","title":{"rendered":"Event Calendar &#8211; PrestaShop"},"content":{"rendered":"<div class=\"application-platform-content-item-description application-platform-content-item\" id=\"description\" data-nav-section=\"description\"> <h2>Incorpore o calend\u00e1rio de eventos com o widget Elfsight<\/h2> <p>O Elfsight Events Calendar \u00e9 uma ferramenta impressionante que lhe permite partilhar facilmente os seus eventos com o resto do mundo. Possui muitas op\u00e7\u00f5es para mostrar as pr\u00f3ximas atividades da forma mais representativa. Personalize-o para mesclar o design com o estilo da sua p\u00e1gina. Crie uma quantidade ilimitada de eventos, adicione v\u00e1rias tags, carregue suas pr\u00f3prias fotos e v\u00eddeos e mantenha os usu\u00e1rios atualizados sobre sua programa\u00e7\u00e3o. <\/p><p><b>O Calend\u00e1rio de Eventos da Elfsight pode ajud\u00e1-lo a demonstrar facilmente as suas atividades futuras e a aumentar o n\u00edvel de envolvimento no seu site. <\/b><\/p><\/div> <div class=\"application-platform-content-item-features application-platform-content-item\" id=\"features\" data-nav-section=\"features\"> <h2>Principais recursos do widget de calend\u00e1rio de eventos<\/h2> <ul><li>Use oportunidades de conte\u00fado adapt\u00e1veis \u200b\u200bpara compreender um calend\u00e1rio para o seu tipo de eventos. <\/li><li>Ofere\u00e7a aos usu\u00e1rios a oportunidade de adicionar eventos aos calend\u00e1rios comumente usados. <\/li><li>Crie v\u00e1rios tipos de eventos, marque locais e adicione anfitri\u00f5es. <\/li><li>atribua tags a eles e classifique todas as suas atividades. <\/li><li>Alterne entre quatro variantes de layout. <\/li><\/ul><p><a href=\"#demo\">Explore todas as op\u00e7\u00f5es de personaliza\u00e7\u00e3o na demonstra\u00e7\u00e3o totalmente funcional<\/a><\/p> <\/div> <div class=\"application-platform-content-item-installation application-platform-content-item\" id=\"installation\" data-nav-section=\"installation\"> <h2>Como incorporar o Calend\u00e1rio de Eventos \u00e0 minha p\u00e1gina PrestaShop? <\/h2> <p>Basta seguir as diretrizes abaixo para incorporar o widget. <\/p> <ol><li><b>Gerencie nosso editor gratuito e comece a moldar seu pr\u00f3prio instrumento. <\/b><br> Encontre o layout e os recursos selecionados do widget e salve as modifica\u00e7\u00f5es. <\/li> <li><b>Copie o c\u00f3digo pessoal revelado no formul\u00e1rio especial nas Apps Elfsight. <\/b><br> Logo ap\u00f3s a personaliza\u00e7\u00e3o do seu addon, copie o c\u00f3digo pessoal no pop-up que surgir e salve-o para futuras ocasi\u00f5es. <\/li> <li><b>Iniciar a utiliza\u00e7\u00e3o da ferramenta na p\u00e1gina web do PrestaShop. <\/b><br> Implemente o c\u00f3digo salvo anteriormente em sua p\u00e1gina da web e aplique as edi\u00e7\u00f5es. <\/li> <li><b>A configura\u00e7\u00e3o est\u00e1 totalmente conclu\u00edda. <\/b><br> V\u00e1 para sua p\u00e1gina da web para ver como o complemento est\u00e1 funcionando. <\/li><\/ol> <p>Na condi\u00e7\u00e3o de enfrentar d\u00favidas ou enfrentar quaisquer complica\u00e7\u00f5es, n\u00e3o hesite em solicitar nossa equipe de suporte. Nossos consultores est\u00e3o ansiosos para ajud\u00e1-lo com todas as d\u00favidas que voc\u00ea possa ter sobre o addon. <\/p> <\/div><div class=\"faq\" data-component=\"FAQ\"><div class=\"faq-item\">\r\n\t\t\t\t\t<div class=\"faq-item-question\">\r\n\t\t\t\t\t\t<h3 class=\"faq-item-question-text\">Como posso adicionar o calend\u00e1rio de eventos \u00e0 minha p\u00e1gina inicial do PrestaShop sem experi\u00eancia de codifica\u00e7\u00e3o?<\/h3>\r\n\r\n\t\t\t\t\t\t<div class=\"faq-item-question-icon\"><\/div>\r\n\t\t\t\t\t<\/div>\r\n\r\n\t\t\t\t\t<div class=\"faq-item-answer\">\r\n\t\t\t\t\t\t<div class=\"faq-item-answer-text\"><p>A empresa Elfsight oferece um SaaS solu\u00e7\u00e3o que permite que as pessoas criem um aplicativo de calend\u00e1rio de eventos por conta pr\u00f3pria, descubra como o processo \u00e9 descomplicado: <\/p><ul><li>Trabalhe na demonstra\u00e7\u00e3o ao vivo para criar um widget de calend\u00e1rio de eventos que voc\u00ea gostaria de integrar na p\u00e1gina da PrestaShop. <\/li><li>Escolha um dos muitos modelos prontos e ajuste as configura\u00e7\u00f5es do Calend\u00e1rio de Eventos, inclua seu conte\u00fado, altere o layout e o esquema de cores sem codifica\u00e7\u00e3o.<\/li><li>Salve o Calend\u00e1rio de Eventos e obtenha c\u00f3digo de instala\u00e7\u00e3o, que pode ser simplesmente inclu\u00eddo no seu site PrestaShop dentro de um plano gratuito. <\/li><\/ul><p>Usando nosso configurador simples, qualquer usu\u00e1rio da web pode criar um aplicativo de calend\u00e1rio de eventos e adicion\u00e1-lo facilmente \u00e0 p\u00e1gina inicial do PrestaShop. N\u00e3o h\u00e1 necessidade de pagar ou inserir os dados do seu cart\u00e3o para entrar no servi\u00e7o. Se voc\u00ea enfrentar qualquer tipo de problema, n\u00e3o hesite em falar com nossa equipe de suporte.<\/p><\/div>\r\n\t\t\t\t\t<\/div>\r\n\t\t\t\t<\/div><\/div>","protected":false},"excerpt":{"rendered":"","protected":false},"author":9,"featured_media":0,"parent":771,"menu_order":0,"comment_status":"closed","ping_status":"closed","template":"templates\/template-application-platform.php","meta":{"publish_to_discourse":"","publish_post_category":"","wpdc_auto_publish_overridden":"","wpdc_topic_tags":"","wpdc_pin_topic":"","wpdc_pin_until":"","discourse_post_id":"","discourse_permalink":"","wpdc_publishing_response":"","wpdc_publishing_error":"","footnotes":""},"class_list":["post-10955","page","type-page","status-publish","hentry"],"yoast_head":"<!-- This site is optimized with the Yoast SEO plugin v25.3.1 - https:\/\/yoast.com\/wordpress\/plugins\/seo\/ -->\n<title>Calend\u00e1rio de eventos \u2013 Adicionar widget de calend\u00e1rio ao site PrestaShop [2025]<\/title>\n<meta name=\"description\" content=\"Com a Elfsight, crie seu melhor complemento de calend\u00e1rio de eventos e adicione-o rapidamente ao seu site PrestaShop. Suporte gratuito ao cliente e outros b\u00f4nus.\" \/>\n<meta name=\"robots\" content=\"index, follow, max-snippet:-1, max-image-preview:large, max-video-preview:-1\" \/>\n<link rel=\"canonical\" href=\"https:\/\/elfsight.com\/pt\/event-calendar-widget\/prestashop\/\" \/>\n<meta property=\"og:locale\" content=\"pt_PT\" \/>\n<meta property=\"og:type\" content=\"article\" \/>\n<meta property=\"og:title\" content=\"Calend\u00e1rio de eventos \u2013 Adicionar widget de calend\u00e1rio ao site PrestaShop [2025]\" \/>\n<meta property=\"og:description\" content=\"Com a Elfsight, crie seu melhor complemento de calend\u00e1rio de eventos e adicione-o rapidamente ao seu site PrestaShop. Suporte gratuito ao cliente e outros b\u00f4nus.\" \/>\n<meta property=\"og:url\" content=\"https:\/\/elfsight.com\/pt\/event-calendar-widget\/prestashop\/\" \/>\n<meta property=\"og:site_name\" content=\"Elfsight PT\" \/>\n<meta property=\"article:modified_time\" content=\"2024-11-12T15:31:05+00:00\" \/>\n<meta name=\"twitter:card\" content=\"summary_large_image\" \/>\n<meta name=\"twitter:label1\" content=\"Tempo estimado de leitura\" \/>\n\t<meta name=\"twitter:data1\" content=\"3 minutos\" \/>\n<!-- \/ Yoast SEO plugin. -->","yoast_head_json":{"title":"Calend\u00e1rio de eventos \u2013 Adicionar widget de calend\u00e1rio ao site PrestaShop [2025]","description":"Com a Elfsight, crie seu melhor complemento de calend\u00e1rio de eventos e adicione-o rapidamente ao seu site PrestaShop. Suporte gratuito ao cliente e outros b\u00f4nus.","robots":{"index":"index","follow":"follow","max-snippet":"max-snippet:-1","max-image-preview":"max-image-preview:large","max-video-preview":"max-video-preview:-1"},"canonical":"https:\/\/elfsight.com\/pt\/event-calendar-widget\/prestashop\/","og_locale":"pt_PT","og_type":"article","og_title":"Calend\u00e1rio de eventos \u2013 Adicionar widget de calend\u00e1rio ao site PrestaShop [2025]","og_description":"Com a Elfsight, crie seu melhor complemento de calend\u00e1rio de eventos e adicione-o rapidamente ao seu site PrestaShop. Suporte gratuito ao cliente e outros b\u00f4nus.","og_url":"https:\/\/elfsight.com\/pt\/event-calendar-widget\/prestashop\/","og_site_name":"Elfsight PT","article_modified_time":"2024-11-12T15:31:05+00:00","twitter_card":"summary_large_image","twitter_misc":{"Tempo estimado de leitura":"3 minutos"},"schema":{"@context":"https:\/\/schema.org","@graph":[{"@type":"WebPage","@id":"https:\/\/elfsight.com\/pt\/event-calendar-widget\/prestashop\/","url":"https:\/\/elfsight.com\/pt\/event-calendar-widget\/prestashop\/","name":"Calend\u00e1rio de eventos \u2013 Adicionar widget de calend\u00e1rio ao site PrestaShop [2025]","isPartOf":{"@id":"https:\/\/elfsight.com\/pt\/#website"},"datePublished":"2024-05-03T06:34:51+00:00","dateModified":"2024-11-12T15:31:05+00:00","description":"Com a Elfsight, crie seu melhor complemento de calend\u00e1rio de eventos e adicione-o rapidamente ao seu site PrestaShop. Suporte gratuito ao cliente e outros b\u00f4nus.","breadcrumb":{"@id":"https:\/\/elfsight.com\/pt\/event-calendar-widget\/prestashop\/#breadcrumb"},"inLanguage":"pt-PT","potentialAction":[{"@type":"ReadAction","target":["https:\/\/elfsight.com\/pt\/event-calendar-widget\/prestashop\/"]}]},{"@type":"BreadcrumbList","@id":"https:\/\/elfsight.com\/pt\/event-calendar-widget\/prestashop\/#breadcrumb","itemListElement":[{"@type":"ListItem","position":1,"name":"Home","item":"https:\/\/elfsight.com\/pt\/"},{"@type":"ListItem","position":2,"name":"Event Calendar","item":"https:\/\/elfsight.com\/pt\/event-calendar-widget\/"},{"@type":"ListItem","position":3,"name":"Event Calendar &#8211; PrestaShop"}]},{"@type":"WebSite","@id":"https:\/\/elfsight.com\/pt\/#website","url":"https:\/\/elfsight.com\/pt\/","name":"Elfsight PT","description":"Just another Elfsight Sites site","potentialAction":[{"@type":"SearchAction","target":{"@type":"EntryPoint","urlTemplate":"https:\/\/elfsight.com\/pt\/?s={search_term_string}"},"query-input":{"@type":"PropertyValueSpecification","valueRequired":true,"valueName":"search_term_string"}}],"inLanguage":"pt-PT"}]}},"meta_box":{"industry":"","seo_heading":"","heading":"","description":"","cta_heading":"","cta_description":"","application":"770","h1":"Complemento de calend\u00e1rio de eventos PrestaShop","h1_caption":"Torne os seus eventos f\u00e1ceis de encontrar com a ajuda do Calend\u00e1rio de Eventos da Elfsight","application_category":[],"applications_title":"","applications_request_title":"","applications_request_button_text":"","hero_text":"","hero_video":"","hero_video_schema_markup":"","selling_points_title":"","selling_points_caption":"","selling_points":[],"selling_points_cta_text":"","features_title":"","features":"","ed_cta_examples_text":"","ed_cta_examples_hidden":"","ed_cta_demo_text":"","ed_cta_demo_hidden":"","why_caption":"","why_editor_title":"","why_editor_text":"","why_team_title":"","why_team_text":"","why_service_title":"","why_service_text":"","template_catalog_visible":"","template_catalog_title":"","template_catalog_text":"","template_catalog_categories_visible":"","demo_title":"Crie seu complemento de calend\u00e1rio de eventos","demo_caption":"Configure seu calend\u00e1rio de eventos e adicione-o gratuitamente ao seu site PrestaShop!","default_faq_hidden":"","app_template_category":[],"platform":"5343","template_public_id":"","codecanyon_url":"","codecanyon_item_id":"","codecanyon_price":"","pricing_caption":"","pricing_elfsight_apps_hide_column":"","pricing_elfsight_apps_url":"","pricing_codecanyon_price_caption":"","integration_category":[],"integration_request_title":"","integration_request_cta":"","integration_platform":"","integrations":[],"platform_category":[],"video_schema_markup":"","price":"a partir de US$ 0\/m\u00eas","trial":"","benefits":[{"text":"Servi\u00e7o de instala\u00e7\u00e3o gratuito"},{"text":"Atendimento ao cliente eficaz"},{"text":"Garantia de devolu\u00e7\u00e3o do dinheiro em 14 dias"},{"text":"Melhorias gratuitas cont\u00ednuas"}],"button_url":"#demo","button_target_blank":"","button_nofollow":"","attributes":[{"name":"Instala\u00e7\u00f5es","content":"100,000 - 500,000"},{"name":"Responsivo","content":"Sim"},{"name":"Navegadores compat\u00edveis","content":"Firefox, Safari, Opera, Chrome, Edge"}],"tags":[],"tags_disable_links":"","hide_more_platforms":"","video_object":"","demo_hide_cta":"","demo_hide_cloud_options":"","pricing_title":"","pricing":[{"pricing_icon":"platform","pricing_title":"Elfsight Apps","pricing_title_caption":"Solu\u00e7\u00e3o digital multiplataforma que se adapta a qualquer site","pricing_price":"a partir de US$ 0\/m\u00eas","pricing_price_caption":"comece com plano gratuito","pricing_benefits":[{"text":"Dom\u00ednios ilimitados"},{"text":"Suporte r\u00e1pido"},{"text":"Suporte r\u00e1pido"},{"text":"Totalmente personaliz\u00e1vel"}],"pricing_button_text":"Adicionar ao site","pricing_button_url":"#demo"}],"related_apps_title":"","related_apps_hidden":"","author":"","image":[],"title":"","job":"","social_networks":[]},"_links":{"self":[{"href":"https:\/\/elfsight.com\/pt\/wp-json\/wp\/v2\/pages\/10955","targetHints":{"allow":["GET"]}}],"collection":[{"href":"https:\/\/elfsight.com\/pt\/wp-json\/wp\/v2\/pages"}],"about":[{"href":"https:\/\/elfsight.com\/pt\/wp-json\/wp\/v2\/types\/page"}],"author":[{"embeddable":true,"href":"https:\/\/elfsight.com\/pt\/wp-json\/wp\/v2\/users\/9"}],"replies":[{"embeddable":true,"href":"https:\/\/elfsight.com\/pt\/wp-json\/wp\/v2\/comments?post=10955"}],"version-history":[{"count":1,"href":"https:\/\/elfsight.com\/pt\/wp-json\/wp\/v2\/pages\/10955\/revisions"}],"predecessor-version":[{"id":10959,"href":"https:\/\/elfsight.com\/pt\/wp-json\/wp\/v2\/pages\/10955\/revisions\/10959"}],"up":[{"embeddable":true,"href":"https:\/\/elfsight.com\/pt\/wp-json\/wp\/v2\/pages\/771"}],"wp:attachment":[{"href":"https:\/\/elfsight.com\/pt\/wp-json\/wp\/v2\/media?parent=10955"}],"curies":[{"name":"wp","href":"https:\/\/api.w.org\/{rel}","templated":true}]}}