{"id":10954,"date":"2024-05-03T06:34:50","date_gmt":"2024-05-03T06:34:50","guid":{"rendered":"https:\/\/elfsight.com\/pt\/?page_id=10954"},"modified":"2024-11-12T15:28:57","modified_gmt":"2024-11-12T15:28:57","slug":"jimdo","status":"publish","type":"page","link":"https:\/\/elfsight.com\/pt\/event-calendar-widget\/jimdo\/","title":{"rendered":"Event Calendar &#8211; Jimdo"},"content":{"rendered":"<div class=\"application-platform-content-item-description application-platform-content-item\" id=\"description\" data-nav-section=\"description\"> <h2>Incorpore o calend\u00e1rio de eventos com o widget Elfsight<\/h2> <p>O Elfsight Events Calendar \u00e9 uma ferramenta impressionante que permite compartilhar facilmente suas atividades com O resto do mundo. Apresenta muitas oportunidades para mostrar as pr\u00f3ximas atividades da maneira mais vistosa. Personalize-o para mesclar o design com o estilo do seu site. Crie uma quantidade ilimitada de eventos, adicione tags diferentes, carregue suas pr\u00f3prias imagens e v\u00eddeos e mantenha seus visitantes informados sobre sua programa\u00e7\u00e3o. <\/p><p><b>Nosso calend\u00e1rio de eventos pode ajud\u00e1-lo a exibir seus pr\u00f3ximos eventos e aumentar a taxa de engajamento em seu site. <\/b><\/p><\/div> <div class=\"application-platform-content-item-features application-platform-content-item\" id=\"features\" data-nav-section=\"features\"> <h2>Principais recursos do widget de calend\u00e1rio de eventos<\/h2> <ul><li>Use oportunidades de conte\u00fado adapt\u00e1veis \u200b\u200bpara compreender um calend\u00e1rio para o seu tipo de eventos. <\/li><li>Ofere\u00e7a aos usu\u00e1rios a oportunidade de adicionar eventos aos calend\u00e1rios comumente usados. <\/li><li>Crie v\u00e1rios tipos de eventos, adicione anfitri\u00f5es e marque locais. <\/li><li>atribua tags a eles e classifique todas as suas atividades. <\/li><li>Alterne entre quatro variantes de layout. <\/li><\/ul><p><a href=\"#demo\">Voc\u00ea pode sentir que vale a pena experimentar o widget na demonstra\u00e7\u00e3o<\/a><\/p> <\/div> <div class=\"application-platform-content-item-installation  application-platform-content-item\" id=\"installation \" data-nav-section=\"installation \"> <h2>Como posso incorporar o Calend\u00e1rio de Eventos na minha p\u00e1gina Jimdo? <\/h2> <p>Basta aplicar as instru\u00e7\u00f5es abaixo para incorporar a ferramenta. <\/p> <ol><li><b>Execute nosso editor gratuito e comece a construir seu pr\u00f3prio instrumento. <\/b><br> Especifique a interface preferida e as op\u00e7\u00f5es do widget e salve as edi\u00e7\u00f5es. <\/li> <li><b>Adquira o seu c\u00f3digo exclusivo que aparece no formul\u00e1rio especial nas aplica\u00e7\u00f5es Elfsight. <\/b><br> Logo ap\u00f3s a configura\u00e7\u00e3o do seu widget pessoal, copie o c\u00f3digo exclusivo na caixa exibida e salve-o para uso posterior. <\/li> <li><b>Comece a usar a ferramenta no seu site Jimdo. <\/b><br> Cole o c\u00f3digo salvo anteriormente em sua p\u00e1gina e salve as edi\u00e7\u00f5es. <\/li> <li><b>A instala\u00e7\u00e3o foi totalmente realizada. <\/b><br> Acesse sua p\u00e1gina para inspecionar o desempenho do widget. <\/li><\/ol> <p>Se voc\u00ea tiver alguma dificuldade, sinta-se \u00e0 vontade para entrar em contato com nossa equipe de suporte. Nosso pessoal ter\u00e1 prazer em resolver todos os problemas que voc\u00ea possa ter com o produto. <\/p> <\/div><div class=\"faq\" data-component=\"FAQ\"><div class=\"faq-item\">\r\n\t\t\t\t\t<div class=\"faq-item-question\">\r\n\t\t\t\t\t\t<h3 class=\"faq-item-question-text\">Existe um m\u00e9todo para adicionar o calend\u00e1rio de eventos \u00e0 minha p\u00e1gina Jimdo sem codifica\u00e7\u00e3o?<\/h3>\r\n\r\n\t\t\t\t\t\t<div class=\"faq-item-question-icon\"><\/div>\r\n\t\t\t\t\t<\/div>\r\n\r\n\t\t\t\t\t<div class=\"faq-item-answer\">\r\n\t\t\t\t\t\t<div class=\"faq-item-answer-text\"><p>Empresa Elfsight apresenta uma solu\u00e7\u00e3o SaaS que permite aos usu\u00e1rios criar voc\u00ea mesmo um aplicativo de calend\u00e1rio de eventos. Descubra como ele \u00e9 simples: <\/p><ul><li>Acesse a demonstra\u00e7\u00e3o on-line para gerar um widget de calend\u00e1rio de eventos que voc\u00ea gostaria de incorporar no Jimdo web p\u00e1gina.<\/li><li>Escolha um dos modelos predefinidos e altere as configura\u00e7\u00f5es do Calend\u00e1rio de Eventos, inclua seu conte\u00fado, altere o layout e as cores sem nenhum conhecimento de codifica\u00e7\u00e3o.<\/li><li>Salve o Calend\u00e1rio de Eventos e copie o c\u00f3digo de instala\u00e7\u00e3o, que pode ser adicionado facilmente na p\u00e1gina do Jimdo sem comprar uma vers\u00e3o paga. <\/li><\/ul><p>Com nosso configurador f\u00e1cil de usar, cada usu\u00e1rio da Internet pode gerar um calend\u00e1rio de eventos on-line e incorpor\u00e1-lo prontamente em qualquer site Jimdo. N\u00e3o \u00e9 necess\u00e1rio adquirir um plano pago ou enviar as credenciais do seu cart\u00e3o para acessar o servi\u00e7o. Se voc\u00ea encontrar algum problema em qualquer etapa, sinta-se \u00e0 vontade para entrar em contato com nosso suporte ao cliente.<\/p><\/div>\r\n\t\t\t\t\t<\/div>\r\n\t\t\t\t<\/div><\/div>","protected":false},"excerpt":{"rendered":"","protected":false},"author":9,"featured_media":0,"parent":771,"menu_order":0,"comment_status":"closed","ping_status":"closed","template":"templates\/template-application-platform.php","meta":{"publish_to_discourse":"","publish_post_category":"","wpdc_auto_publish_overridden":"","wpdc_topic_tags":"","wpdc_pin_topic":"","wpdc_pin_until":"","discourse_post_id":"","discourse_permalink":"","wpdc_publishing_response":"","wpdc_publishing_error":"","footnotes":""},"class_list":["post-10954","page","type-page","status-publish","hentry"],"yoast_head":"<!-- This site is optimized with the Yoast SEO plugin v25.3.1 - https:\/\/yoast.com\/wordpress\/plugins\/seo\/ -->\n<title>Calend\u00e1rio de eventos \u2013 Adicionar widget de calend\u00e1rio ao site Jimdo [2025]<\/title>\n<meta name=\"description\" content=\"Com a Elfsight, crie seu widget de calend\u00e1rio de eventos e adicione-o rapidamente a um site Jimdo. Oferecemos suporte gratuito ao cliente e outros b\u00f4nus.\" \/>\n<meta name=\"robots\" content=\"index, follow, max-snippet:-1, max-image-preview:large, max-video-preview:-1\" \/>\n<link rel=\"canonical\" href=\"https:\/\/elfsight.com\/pt\/event-calendar-widget\/jimdo\/\" \/>\n<meta property=\"og:locale\" content=\"pt_PT\" \/>\n<meta property=\"og:type\" content=\"article\" \/>\n<meta property=\"og:title\" content=\"Calend\u00e1rio de eventos \u2013 Adicionar widget de calend\u00e1rio ao site Jimdo [2025]\" \/>\n<meta property=\"og:description\" content=\"Com a Elfsight, crie seu widget de calend\u00e1rio de eventos e adicione-o rapidamente a um site Jimdo. Oferecemos suporte gratuito ao cliente e outros b\u00f4nus.\" \/>\n<meta property=\"og:url\" content=\"https:\/\/elfsight.com\/pt\/event-calendar-widget\/jimdo\/\" \/>\n<meta property=\"og:site_name\" content=\"Elfsight PT\" \/>\n<meta property=\"article:modified_time\" content=\"2024-11-12T15:28:57+00:00\" \/>\n<meta name=\"twitter:card\" content=\"summary_large_image\" \/>\n<meta name=\"twitter:label1\" content=\"Tempo estimado de leitura\" \/>\n\t<meta name=\"twitter:data1\" content=\"3 minutos\" \/>\n<!-- \/ Yoast SEO plugin. -->","yoast_head_json":{"title":"Calend\u00e1rio de eventos \u2013 Adicionar widget de calend\u00e1rio ao site Jimdo [2025]","description":"Com a Elfsight, crie seu widget de calend\u00e1rio de eventos e adicione-o rapidamente a um site Jimdo. Oferecemos suporte gratuito ao cliente e outros b\u00f4nus.","robots":{"index":"index","follow":"follow","max-snippet":"max-snippet:-1","max-image-preview":"max-image-preview:large","max-video-preview":"max-video-preview:-1"},"canonical":"https:\/\/elfsight.com\/pt\/event-calendar-widget\/jimdo\/","og_locale":"pt_PT","og_type":"article","og_title":"Calend\u00e1rio de eventos \u2013 Adicionar widget de calend\u00e1rio ao site Jimdo [2025]","og_description":"Com a Elfsight, crie seu widget de calend\u00e1rio de eventos e adicione-o rapidamente a um site Jimdo. Oferecemos suporte gratuito ao cliente e outros b\u00f4nus.","og_url":"https:\/\/elfsight.com\/pt\/event-calendar-widget\/jimdo\/","og_site_name":"Elfsight PT","article_modified_time":"2024-11-12T15:28:57+00:00","twitter_card":"summary_large_image","twitter_misc":{"Tempo estimado de leitura":"3 minutos"},"schema":{"@context":"https:\/\/schema.org","@graph":[{"@type":"WebPage","@id":"https:\/\/elfsight.com\/pt\/event-calendar-widget\/jimdo\/","url":"https:\/\/elfsight.com\/pt\/event-calendar-widget\/jimdo\/","name":"Calend\u00e1rio de eventos \u2013 Adicionar widget de calend\u00e1rio ao site Jimdo [2025]","isPartOf":{"@id":"https:\/\/elfsight.com\/pt\/#website"},"datePublished":"2024-05-03T06:34:50+00:00","dateModified":"2024-11-12T15:28:57+00:00","description":"Com a Elfsight, crie seu widget de calend\u00e1rio de eventos e adicione-o rapidamente a um site Jimdo. Oferecemos suporte gratuito ao cliente e outros b\u00f4nus.","breadcrumb":{"@id":"https:\/\/elfsight.com\/pt\/event-calendar-widget\/jimdo\/#breadcrumb"},"inLanguage":"pt-PT","potentialAction":[{"@type":"ReadAction","target":["https:\/\/elfsight.com\/pt\/event-calendar-widget\/jimdo\/"]}]},{"@type":"BreadcrumbList","@id":"https:\/\/elfsight.com\/pt\/event-calendar-widget\/jimdo\/#breadcrumb","itemListElement":[{"@type":"ListItem","position":1,"name":"Home","item":"https:\/\/elfsight.com\/pt\/"},{"@type":"ListItem","position":2,"name":"Event Calendar","item":"https:\/\/elfsight.com\/pt\/event-calendar-widget\/"},{"@type":"ListItem","position":3,"name":"Event Calendar &#8211; Jimdo"}]},{"@type":"WebSite","@id":"https:\/\/elfsight.com\/pt\/#website","url":"https:\/\/elfsight.com\/pt\/","name":"Elfsight PT","description":"Just another Elfsight Sites site","potentialAction":[{"@type":"SearchAction","target":{"@type":"EntryPoint","urlTemplate":"https:\/\/elfsight.com\/pt\/?s={search_term_string}"},"query-input":{"@type":"PropertyValueSpecification","valueRequired":true,"valueName":"search_term_string"}}],"inLanguage":"pt-PT"}]}},"meta_box":{"industry":"","seo_heading":"","heading":"","description":"","cta_heading":"","cta_description":"","application":"770","h1":"Widget de calend\u00e1rio de eventos Jimdo","h1_caption":"Facilite a localiza\u00e7\u00e3o dos seus eventos por meio do Calend\u00e1rio","application_category":[],"applications_title":"","applications_request_title":"","applications_request_button_text":"","hero_text":"","hero_video":"","hero_video_schema_markup":"","selling_points_title":"","selling_points_caption":"","selling_points":[],"selling_points_cta_text":"","features_title":"","features":"","ed_cta_examples_text":"","ed_cta_examples_hidden":"","ed_cta_demo_text":"","ed_cta_demo_hidden":"","why_caption":"","why_editor_title":"","why_editor_text":"","why_team_title":"","why_team_text":"","why_service_title":"","why_service_text":"","template_catalog_visible":"","template_catalog_title":"","template_catalog_text":"","template_catalog_categories_visible":"","demo_title":"Crie seu widget de calend\u00e1rio de eventos","demo_caption":"Configure seu calend\u00e1rio de eventos e adicione-o ao seu site Jimdo gratuitamente!","default_faq_hidden":"","app_template_category":[],"platform":"5393","template_public_id":"","codecanyon_url":"","codecanyon_item_id":"","codecanyon_price":"","pricing_caption":"","pricing_elfsight_apps_hide_column":"","pricing_elfsight_apps_url":"","pricing_codecanyon_price_caption":"","integration_category":[],"integration_request_title":"","integration_request_cta":"","integration_platform":"","integrations":[],"platform_category":[],"video_schema_markup":"","price":"a partir de US$ 0\/m\u00eas","trial":"","benefits":[{"text":"Assist\u00eancia de instala\u00e7\u00e3o gratuita"},{"text":"Atendimento ao cliente competente"},{"text":"Garantia de devolu\u00e7\u00e3o do dinheiro em 14 dias"},{"text":"Atualiza\u00e7\u00f5es vital\u00edcias"}],"button_url":"#demo","button_target_blank":"","button_nofollow":"","attributes":[{"name":"Instala\u00e7\u00f5es","content":"100,000 - 500,000"},{"name":"Responsivo","content":"Sim"},{"name":"Navegadores compat\u00edveis","content":"Firefox, Safari, Opera, Chrome, Edge"}],"tags":[],"tags_disable_links":"","hide_more_platforms":"","video_object":"","demo_hide_cta":"","demo_hide_cloud_options":"","pricing_title":"","pricing":[{"pricing_icon":"platform","pricing_title":"Elfsight Apps","pricing_title_caption":"Vers\u00e3o multiplataforma que funciona em qualquer site","pricing_price":"a partir de US$ 0\/m\u00eas","pricing_price_caption":"comece com plano gratuito","pricing_benefits":[{"text":"Dom\u00ednios ilimitados"},{"text":"Suporte ao cliente 24 horas por dia, 7 dias por semana e bem documentado"},{"text":"Suporte ao cliente 24 horas por dia, 7 dias por semana e bem documentado"},{"text":"100% personaliz\u00e1vel"}],"pricing_button_text":"Adicionar ao site","pricing_button_url":"#demo"}],"related_apps_title":"","related_apps_hidden":"","author":"","image":[],"title":"","job":"","social_networks":[]},"_links":{"self":[{"href":"https:\/\/elfsight.com\/pt\/wp-json\/wp\/v2\/pages\/10954","targetHints":{"allow":["GET"]}}],"collection":[{"href":"https:\/\/elfsight.com\/pt\/wp-json\/wp\/v2\/pages"}],"about":[{"href":"https:\/\/elfsight.com\/pt\/wp-json\/wp\/v2\/types\/page"}],"author":[{"embeddable":true,"href":"https:\/\/elfsight.com\/pt\/wp-json\/wp\/v2\/users\/9"}],"replies":[{"embeddable":true,"href":"https:\/\/elfsight.com\/pt\/wp-json\/wp\/v2\/comments?post=10954"}],"version-history":[{"count":1,"href":"https:\/\/elfsight.com\/pt\/wp-json\/wp\/v2\/pages\/10954\/revisions"}],"predecessor-version":[{"id":10958,"href":"https:\/\/elfsight.com\/pt\/wp-json\/wp\/v2\/pages\/10954\/revisions\/10958"}],"up":[{"embeddable":true,"href":"https:\/\/elfsight.com\/pt\/wp-json\/wp\/v2\/pages\/771"}],"wp:attachment":[{"href":"https:\/\/elfsight.com\/pt\/wp-json\/wp\/v2\/media?parent=10954"}],"curies":[{"name":"wp","href":"https:\/\/api.w.org\/{rel}","templated":true}]}}