{"id":10946,"date":"2024-05-03T06:33:58","date_gmt":"2024-05-03T06:33:58","guid":{"rendered":"https:\/\/elfsight.com\/pt\/?page_id=10946"},"modified":"2024-11-12T15:31:05","modified_gmt":"2024-11-12T15:31:05","slug":"prestashop","status":"publish","type":"page","link":"https:\/\/elfsight.com\/pt\/countdown-timer-widget\/prestashop\/","title":{"rendered":"Countdown Timer &#8211; PrestaShop"},"content":{"rendered":"<div class=\"application-platform-content-item-description application-platform-content-item\" id=\"description\" data-nav-section=\"description\"><h2>Descri\u00e7\u00e3o<\/h2><p>Exiba contagens regressivas de aumento de vendas para seu site com o Elfsight Countdown Timer. Aumente o clima e traga uma sensa\u00e7\u00e3o de d\u00e9ficit em suas ofertas, demonstrando a rapidez com que elas se esgotam diante dos olhos dos usu\u00e1rios. Aumente a urg\u00eancia de obt\u00ea-los com a contagem regressiva do tempo at\u00e9 o final do per\u00edodo da oferta especial. Chame a aten\u00e7\u00e3o para seus eventos futuros.<\/p><\/div> <div class=\"application-platform-content-item-features application-platform-content-item\" id=\"features\" data-nav-section=\"features\"> <h2>Explore a lista dos melhores recursos: <\/h2> <ul><li>Utilize bot\u00f5es de CTA para orientar os usu\u00e1rios rumo \u00e0 convers\u00e3o. <\/li><li>Alterar a dura\u00e7\u00e3o da mudan\u00e7a de slide. <\/li><li>Escolha entre v\u00e1rias op\u00e7\u00f5es. <\/li><li>Coloque seu texto em qualquer lugar da p\u00e1gina com a ajuda da posi\u00e7\u00e3o avan\u00e7ada. <\/li><li>Modifique cinco elementos de conte\u00fado. <\/li><\/ul><p><a href=\"#demo\">Voc\u00ea pode descobrir todos os recursos do widget na demonstra\u00e7\u00e3o nesta p\u00e1gina<\/a><\/p> <\/div> <div class=\"application-platform-content-item-instala\u00e7\u00e3o application-platform-content-item\" id=\"instala\u00e7\u00e3o\" data-nav-section=\"instala\u00e7\u00e3o\"> <h2>Como adicionar o temporizador de contagem regressiva \u00e0 minha p\u00e1gina PrestaShop? <\/h2> <p>Basta seguir algumas etapas descritas abaixo para incorporar a ferramenta. <\/p> <ol><li><b>Abra nossa demonstra\u00e7\u00e3o gratuita e comece a formar seu instrumento personalizado. <\/b><br> Escolha a interface personalizada e as caracter\u00edsticas funcionais do widget e aplique as edi\u00e7\u00f5es. <\/li> <li><b>Adquira o c\u00f3digo pessoal mostrado na janela dos aplicativos Elfsight. <\/b><br> Ap\u00f3s a cria\u00e7\u00e3o do seu widget pessoal, copie o c\u00f3digo exclusivo no pop-up que aparece e salve-o para uso posterior. <\/li> <li><b>Comece a utilizar o widget na sua p\u00e1gina inicial do PrestaShop. <\/b><br> Incorpore o c\u00f3digo copiado anteriormente em sua p\u00e1gina web e salve as modifica\u00e7\u00f5es. <\/li> <li><b>A instala\u00e7\u00e3o foi totalmente realizada. <\/b><br> Visite seu site para ver em a\u00e7\u00e3o como o widget funciona. <\/li><\/ol> <p>Na condi\u00e7\u00e3o de lidar com d\u00favidas ou encontrar alguns obst\u00e1culos, entre em contato com nossa equipe de suporte. Nosso pessoal deseja ajud\u00e1-lo com todas as d\u00favidas que voc\u00ea possa ter sobre o widget. <\/p> <div class=\"faq\" data-component=\"FAQ\"> <div class=\"faq-item\">\r\n\t\t\t\t\t<div class=\"faq-item-question\">\r\n\t\t\t\t\t\t<h3 class=\"faq-item-question-text\">Como adicionar um cron\u00f4metro de contagem regressiva ao meu site PrestaShop sem habilidades de codifica\u00e7\u00e3o?<\/h3>\r\n\r\n\t\t\t\t\t\t<div class=\"faq-item-question-icon\"><\/div>\r\n\t\t\t\t\t<\/div>\r\n\r\n\t\t\t\t\t<div class=\"faq-item-answer\">\r\n\t\t\t\t\t\t<div class=\"faq-item-answer-text\"> <p>A Elfsight fornece uma solu\u00e7\u00e3o SaaS que permite que voc\u00ea mesmo crie um widget de cron\u00f4metro de contagem regressiva, veja como \u00e9 f\u00e1cil O processo \u00e9: Trabalhe diretamente no Editor on-line para criar um widget de contagem regressiva que voc\u00ea gostaria de ver no seu site PrestaShop. Escolha um dos modelos predefinidos e ajuste as configura\u00e7\u00f5es do cron\u00f4metro de contagem regressiva, adicione seu conte\u00fado, altere o layout e as cores sem habilidades de codifica\u00e7\u00e3o. Salve o Countdown Timer e copie seu c\u00f3digo de instala\u00e7\u00e3o, para que voc\u00ea possa adicion\u00e1-lo facilmente ao seu site PrestaShop sem comprar uma vers\u00e3o paga. Com nosso editor intuitivo, qualquer usu\u00e1rio da Internet pode criar um widget de contagem regressiva online e incorpor\u00e1-lo facilmente ao site PrestaShop. N\u00e3o h\u00e1 necessidade de pagar ou inserir as credenciais do seu cart\u00e3o para acessar o servi\u00e7o. Se voc\u00ea enfrentar qualquer problema em qualquer etapa, n\u00e3o hesite em entrar em contato com nossa equipe de suporte t\u00e9cnico.<\/p> <\/div>\r\n\t\t\t\t\t<\/div>\r\n\t\t\t\t<\/div> <\/div> <\/div>","protected":false},"excerpt":{"rendered":"","protected":false},"author":9,"featured_media":0,"parent":505,"menu_order":0,"comment_status":"closed","ping_status":"closed","template":"templates\/template-application-platform.php","meta":{"publish_to_discourse":"","publish_post_category":"","wpdc_auto_publish_overridden":"","wpdc_topic_tags":"","wpdc_pin_topic":"","wpdc_pin_until":"","discourse_post_id":"","discourse_permalink":"","wpdc_publishing_response":"","wpdc_publishing_error":"","footnotes":""},"class_list":["post-10946","page","type-page","status-publish","hentry"],"yoast_head":"<!-- This site is optimized with the Yoast SEO plugin v25.3.1 - https:\/\/yoast.com\/wordpress\/plugins\/seo\/ -->\n<title>O melhor complemento PrestaShop Countdown Timer para site (2025)<\/title>\n<meta name=\"description\" content=\"Aprenda como adicionar o temporizador de contagem regressiva ao PrestaShop gratuitamente. Use o melhor rel\u00f3gio de contagem regressiva interativo para criar urg\u00eancia nas vendas em um site.\" \/>\n<meta name=\"robots\" content=\"index, follow, max-snippet:-1, max-image-preview:large, max-video-preview:-1\" \/>\n<link rel=\"canonical\" href=\"https:\/\/elfsight.com\/pt\/countdown-timer-widget\/prestashop\/\" \/>\n<meta property=\"og:locale\" content=\"pt_PT\" \/>\n<meta property=\"og:type\" content=\"article\" \/>\n<meta property=\"og:title\" content=\"O melhor complemento PrestaShop Countdown Timer para site (2025)\" \/>\n<meta property=\"og:description\" content=\"Aprenda como adicionar o temporizador de contagem regressiva ao PrestaShop gratuitamente. Use o melhor rel\u00f3gio de contagem regressiva interativo para criar urg\u00eancia nas vendas em um site.\" \/>\n<meta property=\"og:url\" content=\"https:\/\/elfsight.com\/pt\/countdown-timer-widget\/prestashop\/\" \/>\n<meta property=\"og:site_name\" content=\"Elfsight PT\" \/>\n<meta property=\"article:modified_time\" content=\"2024-11-12T15:31:05+00:00\" \/>\n<meta name=\"twitter:card\" content=\"summary_large_image\" \/>\n<meta name=\"twitter:label1\" content=\"Tempo estimado de leitura\" \/>\n\t<meta name=\"twitter:data1\" content=\"3 minutos\" \/>\n<!-- \/ Yoast SEO plugin. -->","yoast_head_json":{"title":"O melhor complemento PrestaShop Countdown Timer para site (2025)","description":"Aprenda como adicionar o temporizador de contagem regressiva ao PrestaShop gratuitamente. Use o melhor rel\u00f3gio de contagem regressiva interativo para criar urg\u00eancia nas vendas em um site.","robots":{"index":"index","follow":"follow","max-snippet":"max-snippet:-1","max-image-preview":"max-image-preview:large","max-video-preview":"max-video-preview:-1"},"canonical":"https:\/\/elfsight.com\/pt\/countdown-timer-widget\/prestashop\/","og_locale":"pt_PT","og_type":"article","og_title":"O melhor complemento PrestaShop Countdown Timer para site (2025)","og_description":"Aprenda como adicionar o temporizador de contagem regressiva ao PrestaShop gratuitamente. Use o melhor rel\u00f3gio de contagem regressiva interativo para criar urg\u00eancia nas vendas em um site.","og_url":"https:\/\/elfsight.com\/pt\/countdown-timer-widget\/prestashop\/","og_site_name":"Elfsight PT","article_modified_time":"2024-11-12T15:31:05+00:00","twitter_card":"summary_large_image","twitter_misc":{"Tempo estimado de leitura":"3 minutos"},"schema":{"@context":"https:\/\/schema.org","@graph":[{"@type":"WebPage","@id":"https:\/\/elfsight.com\/pt\/countdown-timer-widget\/prestashop\/","url":"https:\/\/elfsight.com\/pt\/countdown-timer-widget\/prestashop\/","name":"O melhor complemento PrestaShop Countdown Timer para site (2025)","isPartOf":{"@id":"https:\/\/elfsight.com\/pt\/#website"},"datePublished":"2024-05-03T06:33:58+00:00","dateModified":"2024-11-12T15:31:05+00:00","description":"Aprenda como adicionar o temporizador de contagem regressiva ao PrestaShop gratuitamente. Use o melhor rel\u00f3gio de contagem regressiva interativo para criar urg\u00eancia nas vendas em um site.","breadcrumb":{"@id":"https:\/\/elfsight.com\/pt\/countdown-timer-widget\/prestashop\/#breadcrumb"},"inLanguage":"pt-PT","potentialAction":[{"@type":"ReadAction","target":["https:\/\/elfsight.com\/pt\/countdown-timer-widget\/prestashop\/"]}]},{"@type":"BreadcrumbList","@id":"https:\/\/elfsight.com\/pt\/countdown-timer-widget\/prestashop\/#breadcrumb","itemListElement":[{"@type":"ListItem","position":1,"name":"Home","item":"https:\/\/elfsight.com\/pt\/"},{"@type":"ListItem","position":2,"name":"Countdown Timer","item":"https:\/\/elfsight.com\/pt\/countdown-timer-widget\/"},{"@type":"ListItem","position":3,"name":"Countdown Timer &#8211; PrestaShop"}]},{"@type":"WebSite","@id":"https:\/\/elfsight.com\/pt\/#website","url":"https:\/\/elfsight.com\/pt\/","name":"Elfsight PT","description":"Just another Elfsight Sites site","potentialAction":[{"@type":"SearchAction","target":{"@type":"EntryPoint","urlTemplate":"https:\/\/elfsight.com\/pt\/?s={search_term_string}"},"query-input":{"@type":"PropertyValueSpecification","valueRequired":true,"valueName":"search_term_string"}}],"inLanguage":"pt-PT"}]}},"meta_box":{"industry":"","seo_heading":"","heading":"","description":"","cta_heading":"","cta_description":"","application":"504","h1":"Complemento de contagem regressiva PrestaShop","h1_caption":"Comece a emo\u00e7\u00e3o de comprar em seu site por meio de cron\u00f4metros e contagens","application_category":[],"applications_title":"","applications_request_title":"","applications_request_button_text":"","hero_text":"","hero_video":"","hero_video_schema_markup":"","selling_points_title":"","selling_points_caption":"","selling_points":[],"selling_points_cta_text":"","features_title":"","features":"","ed_cta_examples_text":"","ed_cta_examples_hidden":"","ed_cta_demo_text":"","ed_cta_demo_hidden":"","why_caption":"","why_editor_title":"","why_editor_text":"","why_team_title":"","why_team_text":"","why_service_title":"","why_service_text":"","template_catalog_visible":"","template_catalog_title":"","template_catalog_text":"","template_catalog_categories_visible":"","demo_title":"Crie seu complemento de contagem regressiva","demo_caption":"Configure seu cron\u00f4metro de contagem regressiva e adicione-o ao seu site PrestaShop gratuitamente!","default_faq_hidden":"","app_template_category":[],"platform":"5343","template_public_id":"","codecanyon_url":"","codecanyon_item_id":"","codecanyon_price":"","pricing_caption":"","pricing_elfsight_apps_hide_column":"","pricing_elfsight_apps_url":"","pricing_codecanyon_price_caption":"","integration_category":[],"integration_request_title":"","integration_request_cta":"","integration_platform":"","integrations":[],"platform_category":[],"video_schema_markup":"","price":"a partir de US$ 0\/m\u00eas","trial":"","benefits":[{"text":"Assist\u00eancia de instala\u00e7\u00e3o gratuita"},{"text":"Suporte ao cliente experiente"},{"text":"Garantia de devolu\u00e7\u00e3o do dinheiro em 14 dias"},{"text":"Futuras melhorias gratuitas"}],"button_url":"#demo","button_target_blank":"","button_nofollow":"","attributes":[{"name":"Instala\u00e7\u00f5es","content":"100,000 - 500,000"},{"name":"Responsivo","content":"Sim"},{"name":"Navegadores compat\u00edveis","content":"Firefox, Safari, Opera, Chrome, Edge"}],"tags":[],"tags_disable_links":"","hide_more_platforms":"","video_object":"","demo_hide_cta":"","demo_hide_cloud_options":"","pricing_title":"","pricing":[{"pricing_icon":"platform","pricing_title":"Elfsight Apps","pricing_title_caption":"Software independente de plataforma que funciona em qualquer site","pricing_price":"a partir de US$ 0\/m\u00eas","pricing_price_caption":"comece com um plano gratuito","pricing_benefits":[{"text":"Sites ilimitados"},{"text":"Suporte ao cliente 24 horas por dia, 7 dias por semana"},{"text":"Suporte ao cliente 24 horas por dia, 7 dias por semana"},{"text":"Design flex\u00edvel"}],"pricing_button_text":"Adicionar ao site","pricing_button_url":"#demo"}],"related_apps_title":"","related_apps_hidden":"","author":"","image":[],"title":"","job":"","social_networks":[]},"_links":{"self":[{"href":"https:\/\/elfsight.com\/pt\/wp-json\/wp\/v2\/pages\/10946","targetHints":{"allow":["GET"]}}],"collection":[{"href":"https:\/\/elfsight.com\/pt\/wp-json\/wp\/v2\/pages"}],"about":[{"href":"https:\/\/elfsight.com\/pt\/wp-json\/wp\/v2\/types\/page"}],"author":[{"embeddable":true,"href":"https:\/\/elfsight.com\/pt\/wp-json\/wp\/v2\/users\/9"}],"replies":[{"embeddable":true,"href":"https:\/\/elfsight.com\/pt\/wp-json\/wp\/v2\/comments?post=10946"}],"version-history":[{"count":1,"href":"https:\/\/elfsight.com\/pt\/wp-json\/wp\/v2\/pages\/10946\/revisions"}],"predecessor-version":[{"id":10950,"href":"https:\/\/elfsight.com\/pt\/wp-json\/wp\/v2\/pages\/10946\/revisions\/10950"}],"up":[{"embeddable":true,"href":"https:\/\/elfsight.com\/pt\/wp-json\/wp\/v2\/pages\/505"}],"wp:attachment":[{"href":"https:\/\/elfsight.com\/pt\/wp-json\/wp\/v2\/media?parent=10946"}],"curies":[{"name":"wp","href":"https:\/\/api.w.org\/{rel}","templated":true}]}}