{"id":10862,"date":"2024-05-03T06:41:36","date_gmt":"2024-05-03T06:41:36","guid":{"rendered":"https:\/\/elfsight.com\/pt\/?page_id=10862"},"modified":"2024-11-12T15:30:41","modified_gmt":"2024-11-12T15:30:41","slug":"prestashop","status":"publish","type":"page","link":"https:\/\/elfsight.com\/pt\/paypal-button-widget-generator\/prestashop\/","title":{"rendered":"PayPal Button &#8211; PrestaShop"},"content":{"rendered":"<div class=\"application-platform-content-item-description application-platform-content-item\" id=\"description\" data-nav-section=\"description\"> <h2>Descri\u00e7\u00e3o<\/h2> <p>O Elfsight PayPal Button oferece uma maneira descomplicada de permitir que seus clientes paguem via PayPal em um site. Ele permite configurar bot\u00f5es para pagamentos \u00fanicos, assinaturas autom\u00e1ticas e doa\u00e7\u00f5es. Voc\u00ea pode mostrar impostos e pre\u00e7o de entrega, escolher localiza\u00e7\u00e3o e moeda, mostrar texto e muito mais op\u00e7\u00f5es. Obtenha uma variante de pagamento f\u00e1cil e segura para seus usu\u00e1rios usando um dos sistemas de pagamento mais confi\u00e1veis \u200b\u200bcom a m\u00e1xima rapidez. Coloque em seu site um sistema de pagamento confi\u00e1vel e claro com facilidade. Com o Elfsight PayPal Button, voc\u00ea pode obter pagamentos \u00fanicos, assinaturas autom\u00e1ticas e doa\u00e7\u00f5es do p\u00fablico. Obtenha seu bot\u00e3o personalizado, escolhendo a forma de pagamento, moeda, localiza\u00e7\u00e3o e escolhendo op\u00e7\u00f5es de apar\u00eancia para torn\u00e1-lo realmente \u00fanico. Seus clientes v\u00e3o gostar de procedimentos de pagamento r\u00e1pidos e pr\u00e1ticos em seu site com o bot\u00e3o PayPal. <\/p> <p><b>Torne seu site mais eficiente para tarefas de com\u00e9rcio eletr\u00f4nico com o bot\u00e3o PayPal.<\/b><\/p> <\/div> <div class=\"application-platform-content-item-features application-platform-content-item\" id=\"features\" data-nav-section=\"features\"> <h2>Estes s\u00e3o apenas v\u00e1rios recursos avan\u00e7ados do widget: <\/h2> <ul><li>Tr\u00eas tipos de bot\u00f5es: Pagamento \u00fanico, Doa\u00e7\u00e3o, Assinatura<\/li><li>Adicionar nome do produto<\/li><li>Uma biblioteca de todos os moedas mais populares<\/li><li>Defini\u00e7\u00e3o do pre\u00e7o do produto<\/li><li>Op\u00e7\u00e3o para definir o pre\u00e7o de envio<\/li><li>2 variantes de indica\u00e7\u00e3o de imposto: fixa ou percentual<\/li><li>Escolha uma de intervalos de cobran\u00e7a: anual, mensal, di\u00e1rio, semanal<\/li><li>Op\u00e7\u00e3o de assinatura recorrente <\/li><li>Mostrar ou ocultar o \u00edcone do PayPal<\/li><li>Defina qualquer texto acima do bot\u00e3o usando o cabe\u00e7alho do bot\u00e3o <\/li><li>Op\u00e7\u00e3o para direcionar um cliente para uma p\u00e1gina de agradecimento personalizada ap\u00f3s uma transa\u00e7\u00e3o bem-sucedida<\/li><\/ul><p><a href=\"#demo\">Experimente esta demonstra\u00e7\u00e3o para obter a vers\u00e3o completa idea<\/a><\/p> <\/div> <div class=\"application-platform-content-item-installation application-platform-content-item\" id=\"installation\" data-nav-section=\"installation\"> <h2>Como incorporo o bot\u00e3o PayPal na minha p\u00e1gina PrestaShop? <\/h2> <p>Basta seguir as orienta\u00e7\u00f5es abaixo para adicionar o complemento. <\/p> <ol><li><b>Utilize nosso configurador gratuito e comece a criar seu complemento exclusivo. <\/b><br> Especifique o design e as especifica\u00e7\u00f5es preferenciais do widget e salve as modifica\u00e7\u00f5es. <\/li> <li><b>Adquira o seu c\u00f3digo individual que aparece na caixa nas aplica\u00e7\u00f5es Elfsight. <\/b><br> Assim que terminar a gera\u00e7\u00e3o do seu addon pessoal, copie o c\u00f3digo pessoal na caixa exibida e salve-o para uso posterior. <\/li> <li><b>Comece a aplicar o widget na p\u00e1gina do PrestaShop. <\/b><br> Adicione o c\u00f3digo que voc\u00ea salvou recentemente em sua p\u00e1gina e salve os ajustes. <\/li> <li><b>A configura\u00e7\u00e3o foi totalmente conclu\u00edda. <\/b><br> Acesse seu site para ver como a ferramenta est\u00e1 funcionando. <\/li><\/ol> <p>Caso voc\u00ea tenha alguma complica\u00e7\u00e3o, n\u00e3o hesite em entrar em contato com nossa equipe de suporte. Nossos especialistas ter\u00e3o prazer em ajud\u00e1-lo com todas as dificuldades que voc\u00ea possa ter com o produto. <\/p> <div class=\"faq\" data-component=\"FAQ\"> <div class=\"faq-item\">\r\n\t\t\t\t\t<div class=\"faq-item-question\">\r\n\t\t\t\t\t\t<h3 class=\"faq-item-question-text\">Como adicionar um bot\u00e3o do PayPal ao meu site PrestaShop sem habilidades de codifica\u00e7\u00e3o?<\/h3>\r\n\r\n\t\t\t\t\t\t<div class=\"faq-item-question-icon\"><\/div>\r\n\t\t\t\t\t<\/div>\r\n\r\n\t\t\t\t\t<div class=\"faq-item-answer\">\r\n\t\t\t\t\t\t<div class=\"faq-item-answer-text\"> <p>A Elfsight fornece uma solu\u00e7\u00e3o SaaS que permite que voc\u00ea mesmo crie um widget de bot\u00e3o do PayPal, veja como \u00e9 f\u00e1cil O processo \u00e9: Trabalhe diretamente no Editor on-line para criar um widget de bot\u00e3o do PayPal que voc\u00ea gostaria de ver no seu site PrestaShop. Escolha um dos modelos predefinidos e ajuste as configura\u00e7\u00f5es do bot\u00e3o do PayPal, adicione seu conte\u00fado, altere o layout e as cores sem nenhuma habilidade de codifica\u00e7\u00e3o. Salve o bot\u00e3o do PayPal e copie seu c\u00f3digo de instala\u00e7\u00e3o, para que voc\u00ea possa adicion\u00e1-lo facilmente ao seu site PrestaShop sem comprar uma vers\u00e3o paga. Com nosso editor intuitivo, qualquer usu\u00e1rio da Internet pode criar um widget de bot\u00e3o do PayPal online e incorpor\u00e1-lo facilmente ao seu site PrestaShop. N\u00e3o h\u00e1 necessidade de pagar ou inserir as credenciais do seu cart\u00e3o para acessar o servi\u00e7o. Se voc\u00ea enfrentar qualquer problema em qualquer etapa, n\u00e3o hesite em entrar em contato com nossa equipe de suporte t\u00e9cnico.<\/p> <\/div>\r\n\t\t\t\t\t<\/div>\r\n\t\t\t\t<\/div> <\/div> <\/div>","protected":false},"excerpt":{"rendered":"","protected":false},"author":9,"featured_media":0,"parent":1038,"menu_order":0,"comment_status":"closed","ping_status":"closed","template":"templates\/template-application-platform.php","meta":{"publish_to_discourse":"","publish_post_category":"","wpdc_auto_publish_overridden":"","wpdc_topic_tags":"","wpdc_pin_topic":"","wpdc_pin_until":"","discourse_post_id":"","discourse_permalink":"","wpdc_publishing_response":"","wpdc_publishing_error":"","footnotes":""},"class_list":["post-10862","page","type-page","status-publish","hentry"],"yoast_head":"<!-- This site is optimized with the Yoast SEO plugin v25.3.1 - https:\/\/yoast.com\/wordpress\/plugins\/seo\/ -->\n<title>Bot\u00e3o PayPal - Adicionar plugin do PayPal ao site PrestaShop (2025)<\/title>\n<meta name=\"description\" content=\"Obtenha um complemento de bot\u00e3o PayPal de com\u00e9rcio eletr\u00f4nico personalizado (doa\u00e7\u00f5es, pagamento ou assinatura) para integra\u00e7\u00e3o com PrestaShop e adicione ao site em 2 minutos.\" \/>\n<meta name=\"robots\" content=\"index, follow, max-snippet:-1, max-image-preview:large, max-video-preview:-1\" \/>\n<link rel=\"canonical\" href=\"https:\/\/elfsight.com\/pt\/paypal-button-widget-generator\/prestashop\/\" \/>\n<meta property=\"og:locale\" content=\"pt_PT\" \/>\n<meta property=\"og:type\" content=\"article\" \/>\n<meta property=\"og:title\" content=\"Bot\u00e3o PayPal - Adicionar plugin do PayPal ao site PrestaShop (2025)\" \/>\n<meta property=\"og:description\" content=\"Obtenha um complemento de bot\u00e3o PayPal de com\u00e9rcio eletr\u00f4nico personalizado (doa\u00e7\u00f5es, pagamento ou assinatura) para integra\u00e7\u00e3o com PrestaShop e adicione ao site em 2 minutos.\" \/>\n<meta property=\"og:url\" content=\"https:\/\/elfsight.com\/pt\/paypal-button-widget-generator\/prestashop\/\" \/>\n<meta property=\"og:site_name\" content=\"Elfsight PT\" \/>\n<meta property=\"article:modified_time\" content=\"2024-11-12T15:30:41+00:00\" \/>\n<meta name=\"twitter:card\" content=\"summary_large_image\" \/>\n<meta name=\"twitter:label1\" content=\"Tempo estimado de leitura\" \/>\n\t<meta name=\"twitter:data1\" content=\"3 minutos\" \/>\n<!-- \/ Yoast SEO plugin. -->","yoast_head_json":{"title":"Bot\u00e3o PayPal - Adicionar plugin do PayPal ao site PrestaShop (2025)","description":"Obtenha um complemento de bot\u00e3o PayPal de com\u00e9rcio eletr\u00f4nico personalizado (doa\u00e7\u00f5es, pagamento ou assinatura) para integra\u00e7\u00e3o com PrestaShop e adicione ao site em 2 minutos.","robots":{"index":"index","follow":"follow","max-snippet":"max-snippet:-1","max-image-preview":"max-image-preview:large","max-video-preview":"max-video-preview:-1"},"canonical":"https:\/\/elfsight.com\/pt\/paypal-button-widget-generator\/prestashop\/","og_locale":"pt_PT","og_type":"article","og_title":"Bot\u00e3o PayPal - Adicionar plugin do PayPal ao site PrestaShop (2025)","og_description":"Obtenha um complemento de bot\u00e3o PayPal de com\u00e9rcio eletr\u00f4nico personalizado (doa\u00e7\u00f5es, pagamento ou assinatura) para integra\u00e7\u00e3o com PrestaShop e adicione ao site em 2 minutos.","og_url":"https:\/\/elfsight.com\/pt\/paypal-button-widget-generator\/prestashop\/","og_site_name":"Elfsight PT","article_modified_time":"2024-11-12T15:30:41+00:00","twitter_card":"summary_large_image","twitter_misc":{"Tempo estimado de leitura":"3 minutos"},"schema":{"@context":"https:\/\/schema.org","@graph":[{"@type":"WebPage","@id":"https:\/\/elfsight.com\/pt\/paypal-button-widget-generator\/prestashop\/","url":"https:\/\/elfsight.com\/pt\/paypal-button-widget-generator\/prestashop\/","name":"Bot\u00e3o PayPal - Adicionar plugin do PayPal ao site PrestaShop (2025)","isPartOf":{"@id":"https:\/\/elfsight.com\/pt\/#website"},"datePublished":"2024-05-03T06:41:36+00:00","dateModified":"2024-11-12T15:30:41+00:00","description":"Obtenha um complemento de bot\u00e3o PayPal de com\u00e9rcio eletr\u00f4nico personalizado (doa\u00e7\u00f5es, pagamento ou assinatura) para integra\u00e7\u00e3o com PrestaShop e adicione ao site em 2 minutos.","breadcrumb":{"@id":"https:\/\/elfsight.com\/pt\/paypal-button-widget-generator\/prestashop\/#breadcrumb"},"inLanguage":"pt-PT","potentialAction":[{"@type":"ReadAction","target":["https:\/\/elfsight.com\/pt\/paypal-button-widget-generator\/prestashop\/"]}]},{"@type":"BreadcrumbList","@id":"https:\/\/elfsight.com\/pt\/paypal-button-widget-generator\/prestashop\/#breadcrumb","itemListElement":[{"@type":"ListItem","position":1,"name":"Home","item":"https:\/\/elfsight.com\/pt\/"},{"@type":"ListItem","position":2,"name":"PayPal Button","item":"https:\/\/elfsight.com\/pt\/paypal-button-widget-generator\/"},{"@type":"ListItem","position":3,"name":"PayPal Button &#8211; PrestaShop"}]},{"@type":"WebSite","@id":"https:\/\/elfsight.com\/pt\/#website","url":"https:\/\/elfsight.com\/pt\/","name":"Elfsight PT","description":"Just another Elfsight Sites site","potentialAction":[{"@type":"SearchAction","target":{"@type":"EntryPoint","urlTemplate":"https:\/\/elfsight.com\/pt\/?s={search_term_string}"},"query-input":{"@type":"PropertyValueSpecification","valueRequired":true,"valueName":"search_term_string"}}],"inLanguage":"pt-PT"}]}},"meta_box":{"industry":"","seo_heading":"","heading":"","description":"","cta_heading":"","cta_description":"","application":"1383","h1":"Complemento do bot\u00e3o PrestaShop PayPal","h1_caption":"Receba pagamentos, assinaturas e doa\u00e7\u00f5es em seu site atrav\u00e9s do PayPal","application_category":[],"applications_title":"","applications_request_title":"","applications_request_button_text":"","hero_text":"","hero_video":"","hero_video_schema_markup":"","selling_points_title":"","selling_points_caption":"","selling_points":[],"selling_points_cta_text":"","features_title":"","features":"","ed_cta_examples_text":"","ed_cta_examples_hidden":"","ed_cta_demo_text":"","ed_cta_demo_hidden":"","why_caption":"","why_editor_title":"","why_editor_text":"","why_team_title":"","why_team_text":"","why_service_title":"","why_service_text":"","template_catalog_visible":"","template_catalog_title":"","template_catalog_text":"","template_catalog_categories_visible":"","demo_title":"Crie seu complemento do bot\u00e3o PayPal","demo_caption":"Configure seu bot\u00e3o PayPal e adicione-o ao seu site PrestaShop gratuitamente!","default_faq_hidden":"","app_template_category":[],"platform":"5343","template_public_id":"","codecanyon_url":"","codecanyon_item_id":"","codecanyon_price":"","pricing_caption":"","pricing_elfsight_apps_hide_column":"","pricing_elfsight_apps_url":"","pricing_codecanyon_price_caption":"","integration_category":[],"integration_request_title":"","integration_request_cta":"","integration_platform":"","integrations":[],"platform_category":[],"video_schema_markup":"","price":"a partir de US$ 0\/m\u00eas","trial":"","benefits":[{"text":"Assist\u00eancia de instala\u00e7\u00e3o gratuita"},{"text":"Suporte premium"},{"text":"Garantia de reembolso de 14 dias"},{"text":"Atualizando constantemente"}],"button_url":"#demo","button_target_blank":"","button_nofollow":"","attributes":[{"name":"Instala\u00e7\u00f5es","content":"10,000 - 100,000"},{"name":"Responsivo","content":"Sim"},{"name":"Navegadores compat\u00edveis","content":"Firefox, Safari, Opera, Chrome, Edge"}],"tags":[],"tags_disable_links":"","hide_more_platforms":"","video_object":"","demo_hide_cta":"","demo_hide_cloud_options":"","pricing_title":"","pricing":[{"pricing_icon":"platform","pricing_title":"Elfsight Apps","pricing_title_caption":"Solu\u00e7\u00e3o multiplataforma","pricing_price":"a partir de US$ 0\/m\u00eas","pricing_price_caption":"comece com um plano gratuito","pricing_benefits":[{"text":"Dom\u00ednios ilimitados"},{"text":"Suporte dedicado e pontual"},{"text":"Suporte dedicado e pontual"},{"text":"Totalmente personaliz\u00e1vel"}],"pricing_button_text":"Adicionar ao site","pricing_button_url":"#demo"}],"related_apps_title":"","related_apps_hidden":"","author":"","image":[],"title":"","job":"","social_networks":[]},"_links":{"self":[{"href":"https:\/\/elfsight.com\/pt\/wp-json\/wp\/v2\/pages\/10862","targetHints":{"allow":["GET"]}}],"collection":[{"href":"https:\/\/elfsight.com\/pt\/wp-json\/wp\/v2\/pages"}],"about":[{"href":"https:\/\/elfsight.com\/pt\/wp-json\/wp\/v2\/types\/page"}],"author":[{"embeddable":true,"href":"https:\/\/elfsight.com\/pt\/wp-json\/wp\/v2\/users\/9"}],"replies":[{"embeddable":true,"href":"https:\/\/elfsight.com\/pt\/wp-json\/wp\/v2\/comments?post=10862"}],"version-history":[{"count":1,"href":"https:\/\/elfsight.com\/pt\/wp-json\/wp\/v2\/pages\/10862\/revisions"}],"predecessor-version":[{"id":10866,"href":"https:\/\/elfsight.com\/pt\/wp-json\/wp\/v2\/pages\/10862\/revisions\/10866"}],"up":[{"embeddable":true,"href":"https:\/\/elfsight.com\/pt\/wp-json\/wp\/v2\/pages\/1038"}],"wp:attachment":[{"href":"https:\/\/elfsight.com\/pt\/wp-json\/wp\/v2\/media?parent=10862"}],"curies":[{"name":"wp","href":"https:\/\/api.w.org\/{rel}","templated":true}]}}