{"id":10861,"date":"2024-05-03T06:40:30","date_gmt":"2024-05-03T06:40:30","guid":{"rendered":"https:\/\/elfsight.com\/pt\/?page_id=10861"},"modified":"2024-11-12T15:25:46","modified_gmt":"2024-11-12T15:25:46","slug":"opencart","status":"publish","type":"page","link":"https:\/\/elfsight.com\/pt\/linkedin-feed-widget\/opencart\/","title":{"rendered":"LinkedIn Feed &#8211; OpenCart"},"content":{"rendered":"\n<div class=\"application-platform-content-item-description application-platform-content-item\" id=\"description\" data-nav-section=\"description\"> <h2>Incorpore o feed do LinkedIn no OpenCart gratuitamente!<\/h2> <p>O widget Feed do LinkedIn foi feito especialmente para empresas transmitirem e promoverem seus Conte\u00fado do LinkedIn em sites OpenCart: exiba postagens, imagens, v\u00eddeos, etc. A instala\u00e7\u00e3o do widget \u00e9 simples &#8211; n\u00e3o h\u00e1 necessidade de codifica\u00e7\u00e3o ou habilidades t\u00e9cnicas.<\/p> <p>Crie uma apar\u00eancia que atenda \u00e0s necessidades do seu site e permane\u00e7a fiel- para a marca combinando atributos de feed personalizados, modelos, layouts e estilos de postagem. Adicione um efeito pop-up como a\u00e7\u00e3o p\u00f3s-clique para chamar a aten\u00e7\u00e3o dos usu\u00e1rios. E, por fim, aproveite a confian\u00e7a despertada e a melhor taxa de engajamento. <\/p> <ul><li><strong>Aumente o alcance do seu networking com a p\u00e1gina corporativa do LinkedIn.<\/strong><br>Desencadeie novos relacionamentos no \u00e2mbito corporativo e amplie a gera\u00e7\u00e3o de leads utilizando o conte\u00fado do seu perfil do LinkedIn. <\/li><li><strong>Aumente o tamanho do seu p\u00fablico no LinkedIn.<\/strong> <br>Destaque sua presen\u00e7a no LinkedIn entre a comunidade de usu\u00e1rios do site OpenCart e desperte um interesse significativo em suas ofertas. <\/li><li><strong>Eleve a autenticidade do seu neg\u00f3cio.<\/strong> <br>D\u00ea \u00e0 sua marca um impulso adicional em credibilidade e confiabilidade, exibindo as atividades mais recentes do LinkedIn diretamente na p\u00e1gina do site.<\/li> <\/ul><p><b>Adicione o plug-in LinkedIn Feed sem c\u00f3digo ao site OpenCart para promover confiabilidade, incorporar autenticidade e ampliar o networking por meio de valida\u00e7\u00e3o social s\u00f3lida. <\/b><\/p> <div class=\"faq\" data-component=\"FAQ\"><div class=\"faq-item\">\r\n\t\t\t\t\t<div class=\"faq-item-question\">\r\n\t\t\t\t\t\t<h3 class=\"faq-item-question-text\">Existem outras ferramentas para OpenCart que eu possa usar no meu site? <\/h3>\r\n\r\n\t\t\t\t\t\t<div class=\"faq-item-question-icon\"><\/div>\r\n\t\t\t\t\t<\/div>\r\n\r\n\t\t\t\t\t<div class=\"faq-item-answer\">\r\n\t\t\t\t\t\t<div class=\"faq-item-answer-text\"><p>Sim, certamente! Como usu\u00e1rio do site OpenCart, a Elfsight oferece dezenas de ferramentas sem c\u00f3digo para adicionar, incluindo o plugin LinkedIn Feed. Independentemente do seu tipo de neg\u00f3cio ou nicho no setor, \u00e9 sempre ben\u00e9fico buscar oportunidades para mostrar seus pontos fortes. Aqui est\u00e3o algumas possibilidades: <\/p><ul><li>Para criar qualquer outro aplicativo de m\u00eddia social para o seu site OpenCart semelhante ao LinkedIn Feed, considere experimentar o <a href=\"https:\/\/elfsight.com\/pinterest-feed-widget\/\">Feed do Pinterest<\/a> ou <a href=\"https:\/\/elfsight.com\/instagram-feed-instashow\/\">Feed do Instagram<\/a>. <\/li><li>Opte pelas <a href=\"https:\/\/elfsight.com\/all-in-one-reviews-widget\/\">Avalia\u00e7\u00f5es completas<\/a> ou <a href=\"https:\/\/elfsight.com\/google-reviews-widget\/\">Google Reviews<\/a> para exibir coment\u00e1rios valiosos dos clientes. <\/li><li>Incorpore o widget <a href=\"https:\/\/elfsight.com\/online-form-builder\/\">Form Builder<\/a> para agilizar a coleta de respostas e permitir intera\u00e7\u00f5es do usu\u00e1rio em seu site OpenCart. <\/li> <li>Adicione o <a href=\"https:\/\/elfsight.com\/countdown-timer-widget\/\">Cron\u00f4metro de contagem regressiva<\/a> para promover o envolvimento e criar um senso de urg\u00eancia entre o p\u00fablico. <\/li><\/ul><p>E lembre-se, estes s\u00e3o apenas alguns exemplos de incorpora\u00e7\u00e3o. Explore nosso extenso cat\u00e1logo de widgets de sites ap\u00f3s implementar o plugin LinkedIn Feed sem c\u00f3digo para descobrir ainda mais maneiras de atender \u00e0s suas necessidades comerciais espec\u00edficas! <\/p><\/div>\r\n\t\t\t\t\t<\/div>\r\n\t\t\t\t<\/div><div class=\"faq-item\">\r\n\t\t\t\t\t<div class=\"faq-item-question\">\r\n\t\t\t\t\t\t<h3 class=\"faq-item-question-text\">Como incorporar o feed do LinkedIn gratuitamente no OpenCart? <\/h3>\r\n\r\n\t\t\t\t\t\t<div class=\"faq-item-question-icon\"><\/div>\r\n\t\t\t\t\t<\/div>\r\n\r\n\t\t\t\t\t<div class=\"faq-item-answer\">\r\n\t\t\t\t\t\t<div class=\"faq-item-answer-text\"><p>Se voc\u00ea deseja adicionar o plugin Feed do LinkedIn ao seu site OpenCart gratuitamente, siga as etapas abaixo: <\/p> <ol><li>Personalize a apar\u00eancia do widget Feed do LinkedIn para corresponder \u00e0s suas prefer\u00eancias. <\/li><li>Inicie sess\u00e3o no painel da Elfsight ou crie uma conta gratuita. <\/li><li>Receba o c\u00f3digo de instala\u00e7\u00e3o gerado para incorporar. <\/li><li>Navegue at\u00e9 o site do OpenCart. <\/li><li>Coloque o c\u00f3digo no editor do site OpenCart para adicionar o widget Feed do LinkedIn. Pronto! <\/li><\/ol><p>Como \u00e9 evidente pelo contexto, n\u00e3o h\u00e1 exig\u00eancia de excel\u00eancia na escrita de c\u00f3digo para incorporar o plug-in. Crie o widget LinkedIn Feed sem c\u00f3digo para o site OpenCart com facilidade e aproveite as v\u00e1rias vantagens que acompanham a expans\u00e3o de seu alcance. <\/p><\/div>\r\n\t\t\t\t\t<\/div>\r\n\t\t\t\t<\/div><div class=\"faq-item\">\r\n\t\t\t\t\t<div class=\"faq-item-question\">\r\n\t\t\t\t\t\t<h3 class=\"faq-item-question-text\">Preciso saber como codificar ou ter habilidades de programa\u00e7\u00e3o para incorporar o feed do LinkedIn no OpenCart? <\/h3>\r\n\r\n\t\t\t\t\t\t<div class=\"faq-item-question-icon\"><\/div>\r\n\t\t\t\t\t<\/div>\r\n\r\n\t\t\t\t\t<div class=\"faq-item-answer\">\r\n\t\t\t\t\t\t<div class=\"faq-item-answer-text\"><p>N\u00e3o. Conhecimento de codifica\u00e7\u00e3o n\u00e3o \u00e9 um requisito. Voc\u00ea tem capacidade total para adicionar e exibir o plugin LinkedIn Feed em seu site OpenCart, independentemente de sua experi\u00eancia anterior ou conhecimento de c\u00f3digo. <\/p> <\/div>\r\n\t\t\t\t\t<\/div>\r\n\t\t\t\t<\/div><\/div><div class=\"application-platform-content-item-features application-platform-content-item\" id=\"features\" data-nav-section=\"features\"><\/div> <h2>Os recursos essenciais do widget incluem<\/h2> <ul><li>Promover diversos tipos de conte\u00fado: postagens de blog, imagens, clipes <\/li><li>Filtre postagens de feed por palavras-chave, hashtags ou URLs. <\/li><li>Bot\u00f5es de call to action para melhorar a taxa de engajamento no feed da sua empresa no LinkedIn. <\/li><li>Adicione o modo pop-up atraente para chamar a aten\u00e7\u00e3o para o seu conte\u00fado do LinkedIn. <\/li><li>Personaliza\u00e7\u00e3o avan\u00e7ada sem necessidade de codifica\u00e7\u00e3o: modelos pr\u00e9-concebidos, criador de esquema de cores, layouts, estilos de postagem, CSS personalizado, etc. <\/li><\/ul><p><a href=\" #demo\">Basta verificar esta demonstra\u00e7\u00e3o do widget para ver como ele funciona e adicionar algumas altera\u00e7\u00f5es<\/a><\/p> <\/div> <div class=\"application-platform-content-item-installation application-platform-content-item\" id=\"installation\" data-nav-section=\"installation\"> <h2>Como posso adicionar o feed do LinkedIn ao meu OpenCart local na rede Internet? <\/h2> <p>Para adicionar o widget LinkedIn Feed ao seu site OpenCart, fa\u00e7a o seguinte: <\/p> <ol><li><b>Fa\u00e7a nossa demonstra\u00e7\u00e3o gratuita e comece a criar seu plug-in de feed do LinkedIn personalizado com n\u00e3o h\u00e1 necessidade de codificar. <\/b><br> Escolha a forma e as op\u00e7\u00f5es preferidas do widget e salve as edi\u00e7\u00f5es. <\/li> <li><b>Adquira o c\u00f3digo pessoal que aparece na janela das aplica\u00e7\u00f5es Elfsight. <\/b><br> Ap\u00f3s a conclus\u00e3o da gera\u00e7\u00e3o do seu plugin, copie o c\u00f3digo exclusivo na janela que aparece e guarde-o para uso posterior. <\/li> <li><b>Inicie a utiliza\u00e7\u00e3o do plugin em seu site OpenCart. <\/b><br>Incorpore o c\u00f3digo que voc\u00ea copiou recentemente em seu site e aplique os ajustes. <\/li> <li><b>A instala\u00e7\u00e3o est\u00e1 totalmente conclu\u00edda. <\/b><br> Acesse seu site para observar como o plugin LinkedIn Feed funciona. <\/li><\/ol> <p>Caso voc\u00ea encontre algum problema ao adicionar o widget, n\u00e3o hesite em entrar em contato com nossa equipe de atendimento ao cliente. Nosso pessoal ficar\u00e1 feliz em resolver todos os problemas que voc\u00ea possa ter com o plugin LinkedIn Feed sem c\u00f3digo para sites OpenCart. <\/p> <\/div>\n","protected":false},"excerpt":{"rendered":"","protected":false},"author":9,"featured_media":0,"parent":5172,"menu_order":0,"comment_status":"closed","ping_status":"closed","template":"templates\/template-application-platform.php","meta":{"publish_to_discourse":"","publish_post_category":"","wpdc_auto_publish_overridden":"","wpdc_topic_tags":"","wpdc_pin_topic":"","wpdc_pin_until":"","discourse_post_id":"","discourse_permalink":"","wpdc_publishing_response":"","wpdc_publishing_error":"","footnotes":""},"class_list":["post-10861","page","type-page","status-publish","hentry"],"yoast_head":"<!-- This site is optimized with the Yoast SEO plugin v25.3.1 - https:\/\/yoast.com\/wordpress\/plugins\/seo\/ -->\n<title>Feed do LinkedIn - Adicione extens\u00e3o de feed ao OpenCart [de gra\u00e7a!]<\/title>\n<meta name=\"description\" content=\"Incorpore a extens\u00e3o LinkedIn Feed sem codifica\u00e7\u00e3o em seu site OpenCart. Crie seu widget usando uma demonstra\u00e7\u00e3o ao vivo e modelos pr\u00e9-fabricados para ter uma prova social forte.\" \/>\n<meta name=\"robots\" content=\"index, follow, max-snippet:-1, max-image-preview:large, max-video-preview:-1\" \/>\n<link rel=\"canonical\" href=\"https:\/\/elfsight.com\/pt\/linkedin-feed-widget\/opencart\/\" \/>\n<meta property=\"og:locale\" content=\"pt_PT\" \/>\n<meta property=\"og:type\" content=\"article\" \/>\n<meta property=\"og:title\" content=\"Feed do LinkedIn - Adicione extens\u00e3o de feed ao OpenCart [de gra\u00e7a!]\" \/>\n<meta property=\"og:description\" content=\"Incorpore a extens\u00e3o LinkedIn Feed sem codifica\u00e7\u00e3o em seu site OpenCart. Crie seu widget usando uma demonstra\u00e7\u00e3o ao vivo e modelos pr\u00e9-fabricados para ter uma prova social forte.\" \/>\n<meta property=\"og:url\" content=\"https:\/\/elfsight.com\/pt\/linkedin-feed-widget\/opencart\/\" \/>\n<meta property=\"og:site_name\" content=\"Elfsight PT\" \/>\n<meta property=\"article:modified_time\" content=\"2024-11-12T15:25:46+00:00\" \/>\n<meta name=\"twitter:card\" content=\"summary_large_image\" \/>\n<meta name=\"twitter:label1\" content=\"Tempo estimado de leitura\" \/>\n\t<meta name=\"twitter:data1\" content=\"5 minutos\" \/>\n<!-- \/ Yoast SEO plugin. -->","yoast_head_json":{"title":"Feed do LinkedIn - Adicione extens\u00e3o de feed ao OpenCart [de gra\u00e7a!]","description":"Incorpore a extens\u00e3o LinkedIn Feed sem codifica\u00e7\u00e3o em seu site OpenCart. Crie seu widget usando uma demonstra\u00e7\u00e3o ao vivo e modelos pr\u00e9-fabricados para ter uma prova social forte.","robots":{"index":"index","follow":"follow","max-snippet":"max-snippet:-1","max-image-preview":"max-image-preview:large","max-video-preview":"max-video-preview:-1"},"canonical":"https:\/\/elfsight.com\/pt\/linkedin-feed-widget\/opencart\/","og_locale":"pt_PT","og_type":"article","og_title":"Feed do LinkedIn - Adicione extens\u00e3o de feed ao OpenCart [de gra\u00e7a!]","og_description":"Incorpore a extens\u00e3o LinkedIn Feed sem codifica\u00e7\u00e3o em seu site OpenCart. Crie seu widget usando uma demonstra\u00e7\u00e3o ao vivo e modelos pr\u00e9-fabricados para ter uma prova social forte.","og_url":"https:\/\/elfsight.com\/pt\/linkedin-feed-widget\/opencart\/","og_site_name":"Elfsight PT","article_modified_time":"2024-11-12T15:25:46+00:00","twitter_card":"summary_large_image","twitter_misc":{"Tempo estimado de leitura":"5 minutos"},"schema":{"@context":"https:\/\/schema.org","@graph":[{"@type":"WebPage","@id":"https:\/\/elfsight.com\/pt\/linkedin-feed-widget\/opencart\/","url":"https:\/\/elfsight.com\/pt\/linkedin-feed-widget\/opencart\/","name":"Feed do LinkedIn - Adicione extens\u00e3o de feed ao OpenCart [de gra\u00e7a!]","isPartOf":{"@id":"https:\/\/elfsight.com\/pt\/#website"},"datePublished":"2024-05-03T06:40:30+00:00","dateModified":"2024-11-12T15:25:46+00:00","description":"Incorpore a extens\u00e3o LinkedIn Feed sem codifica\u00e7\u00e3o em seu site OpenCart. Crie seu widget usando uma demonstra\u00e7\u00e3o ao vivo e modelos pr\u00e9-fabricados para ter uma prova social forte.","breadcrumb":{"@id":"https:\/\/elfsight.com\/pt\/linkedin-feed-widget\/opencart\/#breadcrumb"},"inLanguage":"pt-PT","potentialAction":[{"@type":"ReadAction","target":["https:\/\/elfsight.com\/pt\/linkedin-feed-widget\/opencart\/"]}]},{"@type":"BreadcrumbList","@id":"https:\/\/elfsight.com\/pt\/linkedin-feed-widget\/opencart\/#breadcrumb","itemListElement":[{"@type":"ListItem","position":1,"name":"Home","item":"https:\/\/elfsight.com\/pt\/"},{"@type":"ListItem","position":2,"name":"LinkedIn Feed","item":"https:\/\/elfsight.com\/pt\/linkedin-feed-widget\/"},{"@type":"ListItem","position":3,"name":"LinkedIn Feed &#8211; OpenCart"}]},{"@type":"WebSite","@id":"https:\/\/elfsight.com\/pt\/#website","url":"https:\/\/elfsight.com\/pt\/","name":"Elfsight PT","description":"Just another Elfsight Sites site","potentialAction":[{"@type":"SearchAction","target":{"@type":"EntryPoint","urlTemplate":"https:\/\/elfsight.com\/pt\/?s={search_term_string}"},"query-input":{"@type":"PropertyValueSpecification","valueRequired":true,"valueName":"search_term_string"}}],"inLanguage":"pt-PT"}]}},"meta_box":{"industry":"","seo_heading":"","heading":"","description":"","cta_heading":"","cta_description":"","application":"5159","h1":"Como incorporar o feed do LinkedIn no OpenCart gratuitamente!","h1_caption":"Mostre postagens, imagens e v\u00eddeos de empresas do LinkedIn em seu site","application_category":[],"applications_title":"","applications_request_title":"","applications_request_button_text":"","hero_text":"","hero_video":"","hero_video_schema_markup":"","selling_points_title":"","selling_points_caption":"","selling_points":[],"selling_points_cta_text":"","features_title":"","features":"","ed_cta_examples_text":"","ed_cta_examples_hidden":"","ed_cta_demo_text":"","ed_cta_demo_hidden":"","why_caption":"","why_editor_title":"","why_editor_text":"","why_team_title":"","why_team_text":"","why_service_title":"","why_service_text":"","template_catalog_visible":"0","template_catalog_title":"","template_catalog_text":"","template_catalog_categories_visible":"","demo_title":"Crie sua extens\u00e3o de feed do LinkedIn","demo_caption":"Configure seu feed do LinkedIn e adicione-o ao seu site OpenCart gratuitamente!","default_faq_hidden":"","app_template_category":[],"platform":"61","template_public_id":"","codecanyon_url":"","codecanyon_item_id":"","codecanyon_price":"","pricing_caption":"","pricing_elfsight_apps_hide_column":"","pricing_elfsight_apps_url":"","pricing_codecanyon_price_caption":"","integration_category":[],"integration_request_title":"","integration_request_cta":"","integration_platform":"","integrations":[],"platform_category":[],"video_schema_markup":"","price":"a partir de US$ 0\/m\u00eas","trial":"","benefits":[{"text":"Assist\u00eancia de instala\u00e7\u00e3o gratuita"},{"text":"Suporte excepcional"},{"text":"Garantia de reembolso de 14 dias"},{"text":"Desenvolvimento cont\u00ednuo"}],"button_url":"#demo","button_target_blank":"0","button_nofollow":"0","attributes":[{"name":"Instala\u00e7\u00f5es","content":"10,000 - 100,000"},{"name":"Responsivo","content":"Sim"},{"name":"Navegadores compat\u00edveis","content":"Firefox, Safari, Opera, Chrome, Edge"}],"tags":[],"tags_disable_links":"0","hide_more_platforms":"","video_object":"","demo_hide_cta":"0","demo_hide_cloud_options":"0","pricing_title":"","pricing":[{"pricing_icon":"platform","pricing_title":"Elfsight Apps","pricing_title_caption":"Vers\u00e3o independente de plataforma que se adapta a qualquer site","pricing_price":"a partir de US$ 0\/m\u00eas","pricing_price_caption":"Comece com um plano gratuito","pricing_benefits":[{"text":"Sites ilimitados"},{"text":"Suporte gratuito da empresa e bem documentado"},{"text":"Suporte gratuito da empresa e bem documentado"},{"text":"100% personaliz\u00e1vel"}],"pricing_button_text":"Adicionar ao site","pricing_button_url":"#demo"}],"related_apps_title":"","related_apps_hidden":"0","author":"","image":[],"title":"","job":"","social_networks":[]},"_links":{"self":[{"href":"https:\/\/elfsight.com\/pt\/wp-json\/wp\/v2\/pages\/10861","targetHints":{"allow":["GET"]}}],"collection":[{"href":"https:\/\/elfsight.com\/pt\/wp-json\/wp\/v2\/pages"}],"about":[{"href":"https:\/\/elfsight.com\/pt\/wp-json\/wp\/v2\/types\/page"}],"author":[{"embeddable":true,"href":"https:\/\/elfsight.com\/pt\/wp-json\/wp\/v2\/users\/9"}],"replies":[{"embeddable":true,"href":"https:\/\/elfsight.com\/pt\/wp-json\/wp\/v2\/comments?post=10861"}],"version-history":[{"count":2,"href":"https:\/\/elfsight.com\/pt\/wp-json\/wp\/v2\/pages\/10861\/revisions"}],"predecessor-version":[{"id":12994,"href":"https:\/\/elfsight.com\/pt\/wp-json\/wp\/v2\/pages\/10861\/revisions\/12994"}],"up":[{"embeddable":true,"href":"https:\/\/elfsight.com\/pt\/wp-json\/wp\/v2\/pages\/5172"}],"wp:attachment":[{"href":"https:\/\/elfsight.com\/pt\/wp-json\/wp\/v2\/media?parent=10861"}],"curies":[{"name":"wp","href":"https:\/\/api.w.org\/{rel}","templated":true}]}}