{"id":10854,"date":"2024-05-03T06:38:16","date_gmt":"2024-05-03T06:38:16","guid":{"rendered":"https:\/\/elfsight.com\/pt\/?page_id=10854"},"modified":"2024-11-13T11:48:53","modified_gmt":"2024-11-13T11:48:53","slug":"squarespace","status":"publish","type":"page","link":"https:\/\/elfsight.com\/pt\/g2-crowd-reviews-widget\/squarespace\/","title":{"rendered":"G2 Crowd Reviews &#8211; Squarespace"},"content":{"rendered":"<div class=\"application-platform-content-item-description application-platform-content-item\" id=\"description\" data-nav-section=\"description\"><h2>Incorpore G2 Crowd Reviews no Squarespace com o widget Elfsight<\/h2> <p>O plugin Elfsight G2 Reviews \u00e9 a melhor forma de melhorar o seu neg\u00f3cio reputa\u00e7\u00e3o mostrando avalia\u00e7\u00f5es de clientes reais sobre suas ofertas. Revele apenas as avalia\u00e7\u00f5es positivas ou mais atraentes e organize-as da maneira que voc\u00ea precisa. Colete provas sociais mostrando aos visitantes do seu site que voc\u00ea tem grande confian\u00e7a do cliente. Inspire as pessoas a adicionar novos coment\u00e1rios sobre o seu neg\u00f3cio e incentive a comunica\u00e7\u00e3o dos usu\u00e1rios! <\/p><p><b>Aumente o n\u00edvel de confiabilidade de sua marca por meio de avalia\u00e7\u00f5es do G2 Crowd em seu site<\/b><\/p><\/div><div class=\"application-platform-content-item-features application-platform-content-item\" id=\"features\" data-nav-section=\"features\"><h2>Principais recursos do widget G2 Crowd Reviews<\/h2> <p>Para ter uma vis\u00e3o completa do plugin G2 Crowd, veja a lista das principais fun\u00e7\u00f5es. Eles tornam este widget incrivelmente ben\u00e9fico para voc\u00ea: <\/p><ul> <li>Tr\u00eas filtros dispon\u00edveis: por tipo, exclus\u00e3o por e n\u00famero de coment\u00e1rios a serem exibidos; <\/li><li>Quatro layouts prontos para uso: Lista, Grade, Alvenaria e Slider; <\/li><li>Cabe\u00e7alho do plugin personaliz\u00e1vel; <\/li><li>O bot\u00e3o ativo para postar mais uma avalia\u00e7\u00e3o direciona as pessoas para sua conta G2; <\/li><li>Seis elementos personaliz\u00e1veis \u200b\u200bdas resenhas: nome do autor e da foto, texto da resenha, data de compartilhamento, sinal G2 e classifica\u00e7\u00e3o por estrelas; <\/li><li>Dois cen\u00e1rios potenciais de recusa de solicita\u00e7\u00e3o de revis\u00e3o: revelar um texto personalizado ou ocultar o bot\u00e3o. <\/li><\/ul><p><a href=\"#demo\">Para explorar mais recursos, veja a demonstra\u00e7\u00e3o ao vivo<\/a><\/p><\/div><div class=\"application-platform-content-item-installation application-platform-content-item\" id=\"installation\" data-nav-section=\"installation\"><h2>Como adicionar G2 Crowd Reviews ao site do Squarespace<\/h2><p> Algumas a\u00e7\u00f5es simples s\u00e3o a \u00fanica coisa que voc\u00ea precisa para ter o plugin instalado e funcionando. <\/p><ol><li><b>Crie seu pr\u00f3prio plugin G2 Crowd<\/b><br>Gerenciando nosso editor gratuito, crie um plugin com design e funcionalidade selecionados. <\/li> <li><b>Obtenha o c\u00f3digo individual para exibir o plugin<\/b><br>Depois de criar o seu widget, voc\u00ea obter\u00e1 o c\u00f3digo de instala\u00e7\u00e3o na notifica\u00e7\u00e3o pop-up nos aplicativos Elfsight. Copie-o para uso posterior. <\/li> <li><b>Exiba o plugin em seu site do Squarespace<\/b><br>Selecione a \u00e1rea onde voc\u00ea planeja revelar o plugin e adicione o c\u00f3digo salvo l\u00e1. Salve os resultados. <\/li> <li><b>A integra\u00e7\u00e3o foi bem-sucedida! <\/b><br>Acesse o site para dar uma olhada no seu trabalho. <\/li><\/ol><p>Ainda tem d\u00favidas? Ou enfrentando problemas? Basta escrever uma solicita\u00e7\u00e3o ao nosso departamento de suporte ao cliente, eles resolver\u00e3o qualquer problema.<\/p><div class=\"faq\" data-component=\"FAQ\"> <div class=\"faq-item\">\r\n\t\t\t\t\t<div class=\"faq-item-question\">\r\n\t\t\t\t\t\t<h3 class=\"faq-item-question-text\">Como posso adicionar avalia\u00e7\u00f5es G2 ao meu site Squarespace sem habilidades de codifica\u00e7\u00e3o?<\/h3>\r\n\r\n\t\t\t\t\t\t<div class=\"faq-item-question-icon\"><\/div>\r\n\t\t\t\t\t<\/div>\r\n\r\n\t\t\t\t\t<div class=\"faq-item-answer\">\r\n\t\t\t\t\t\t<div class=\"faq-item-answer-text\"> <p>A Elfsight fornece um Solu\u00e7\u00e3o SaaS que permite que voc\u00ea mesmo crie um widget G2 Reviews, veja como o processo \u00e9 f\u00e1cil: Trabalhe diretamente no Editor on-line para criar um widget G2 Reviews que voc\u00ea gostaria de ver em seu site Squarespace. Escolha um dos modelos predefinidos e ajuste as configura\u00e7\u00f5es do G2 Reviews, adicione seu conte\u00fado, altere o layout e o esquema de cores sem nenhuma habilidade de codifica\u00e7\u00e3o. Salve as avalia\u00e7\u00f5es do G2 e copie seu c\u00f3digo de instala\u00e7\u00e3o, que voc\u00ea pode simplesmente incluir no site do Squarespace sem comprar uma assinatura paga. Com nosso editor intuitivo, qualquer usu\u00e1rio da Internet pode criar o widget G2 Reviews on-line e incorpor\u00e1-lo facilmente ao site do Squarespace. N\u00e3o h\u00e1 necessidade de pagar ou inserir as credenciais do seu cart\u00e3o para acessar o servi\u00e7o. Se voc\u00ea enfrentar qualquer problema em qualquer etapa, n\u00e3o hesite em entrar em contato com nossa equipe de suporte t\u00e9cnico.<\/p> <\/div>\r\n\t\t\t\t\t<\/div>\r\n\t\t\t\t<\/div> <\/div> <\/div>","protected":false},"excerpt":{"rendered":"","protected":false},"author":9,"featured_media":0,"parent":1637,"menu_order":0,"comment_status":"closed","ping_status":"closed","template":"templates\/template-application-platform.php","meta":{"publish_to_discourse":"","publish_post_category":"","wpdc_auto_publish_overridden":"","wpdc_topic_tags":"","wpdc_pin_topic":"","wpdc_pin_until":"","discourse_post_id":"","discourse_permalink":"","wpdc_publishing_response":"","wpdc_publishing_error":"","footnotes":""},"class_list":["post-10854","page","type-page","status-publish","hentry"],"yoast_head":"<!-- This site is optimized with the Yoast SEO plugin v25.3.1 - https:\/\/yoast.com\/wordpress\/plugins\/seo\/ -->\n<title>Incorporar avalia\u00e7\u00f5es do G2 Crowd ao site do Squarespace (gratuito e r\u00e1pido)<\/title>\n<meta name=\"description\" content=\"Com a Elfsight, crie seu plugin G2 Crowd Reviews e insira-o em seu site Squarespace rapidamente. Temos atendimento gratuito ao cliente e mais b\u00f4nus.\" \/>\n<meta name=\"robots\" content=\"index, follow, max-snippet:-1, max-image-preview:large, max-video-preview:-1\" \/>\n<link rel=\"canonical\" href=\"https:\/\/elfsight.com\/pt\/g2-crowd-reviews-widget\/squarespace\/\" \/>\n<meta property=\"og:locale\" content=\"pt_PT\" \/>\n<meta property=\"og:type\" content=\"article\" \/>\n<meta property=\"og:title\" content=\"Incorporar avalia\u00e7\u00f5es do G2 Crowd ao site do Squarespace (gratuito e r\u00e1pido)\" \/>\n<meta property=\"og:description\" content=\"Com a Elfsight, crie seu plugin G2 Crowd Reviews e insira-o em seu site Squarespace rapidamente. Temos atendimento gratuito ao cliente e mais b\u00f4nus.\" \/>\n<meta property=\"og:url\" content=\"https:\/\/elfsight.com\/pt\/g2-crowd-reviews-widget\/squarespace\/\" \/>\n<meta property=\"og:site_name\" content=\"Elfsight PT\" \/>\n<meta property=\"article:modified_time\" content=\"2024-11-13T11:48:53+00:00\" \/>\n<meta name=\"twitter:card\" content=\"summary_large_image\" \/>\n<meta name=\"twitter:label1\" content=\"Tempo estimado de leitura\" \/>\n\t<meta name=\"twitter:data1\" content=\"3 minutos\" \/>\n<!-- \/ Yoast SEO plugin. -->","yoast_head_json":{"title":"Incorporar avalia\u00e7\u00f5es do G2 Crowd ao site do Squarespace (gratuito e r\u00e1pido)","description":"Com a Elfsight, crie seu plugin G2 Crowd Reviews e insira-o em seu site Squarespace rapidamente. Temos atendimento gratuito ao cliente e mais b\u00f4nus.","robots":{"index":"index","follow":"follow","max-snippet":"max-snippet:-1","max-image-preview":"max-image-preview:large","max-video-preview":"max-video-preview:-1"},"canonical":"https:\/\/elfsight.com\/pt\/g2-crowd-reviews-widget\/squarespace\/","og_locale":"pt_PT","og_type":"article","og_title":"Incorporar avalia\u00e7\u00f5es do G2 Crowd ao site do Squarespace (gratuito e r\u00e1pido)","og_description":"Com a Elfsight, crie seu plugin G2 Crowd Reviews e insira-o em seu site Squarespace rapidamente. Temos atendimento gratuito ao cliente e mais b\u00f4nus.","og_url":"https:\/\/elfsight.com\/pt\/g2-crowd-reviews-widget\/squarespace\/","og_site_name":"Elfsight PT","article_modified_time":"2024-11-13T11:48:53+00:00","twitter_card":"summary_large_image","twitter_misc":{"Tempo estimado de leitura":"3 minutos"},"schema":{"@context":"https:\/\/schema.org","@graph":[{"@type":"WebPage","@id":"https:\/\/elfsight.com\/pt\/g2-crowd-reviews-widget\/squarespace\/","url":"https:\/\/elfsight.com\/pt\/g2-crowd-reviews-widget\/squarespace\/","name":"Incorporar avalia\u00e7\u00f5es do G2 Crowd ao site do Squarespace (gratuito e r\u00e1pido)","isPartOf":{"@id":"https:\/\/elfsight.com\/pt\/#website"},"datePublished":"2024-05-03T06:38:16+00:00","dateModified":"2024-11-13T11:48:53+00:00","description":"Com a Elfsight, crie seu plugin G2 Crowd Reviews e insira-o em seu site Squarespace rapidamente. Temos atendimento gratuito ao cliente e mais b\u00f4nus.","breadcrumb":{"@id":"https:\/\/elfsight.com\/pt\/g2-crowd-reviews-widget\/squarespace\/#breadcrumb"},"inLanguage":"pt-PT","potentialAction":[{"@type":"ReadAction","target":["https:\/\/elfsight.com\/pt\/g2-crowd-reviews-widget\/squarespace\/"]}]},{"@type":"BreadcrumbList","@id":"https:\/\/elfsight.com\/pt\/g2-crowd-reviews-widget\/squarespace\/#breadcrumb","itemListElement":[{"@type":"ListItem","position":1,"name":"Home","item":"https:\/\/elfsight.com\/pt\/"},{"@type":"ListItem","position":2,"name":"G2 Crowd Reviews","item":"https:\/\/elfsight.com\/pt\/g2-crowd-reviews-widget\/"},{"@type":"ListItem","position":3,"name":"G2 Crowd Reviews &#8211; Squarespace"}]},{"@type":"WebSite","@id":"https:\/\/elfsight.com\/pt\/#website","url":"https:\/\/elfsight.com\/pt\/","name":"Elfsight PT","description":"Just another Elfsight Sites site","potentialAction":[{"@type":"SearchAction","target":{"@type":"EntryPoint","urlTemplate":"https:\/\/elfsight.com\/pt\/?s={search_term_string}"},"query-input":{"@type":"PropertyValueSpecification","valueRequired":true,"valueName":"search_term_string"}}],"inLanguage":"pt-PT"}]}},"meta_box":{"industry":"","seo_heading":"","heading":"","description":"","cta_heading":"","cta_description":"","application":"1636","h1":"Cr\u00edticas da multid\u00e3o G2 para Squarespace","h1_caption":"Mostrando as melhores opini\u00f5es dos clientes do G2 em seu site","application_category":[],"applications_title":"","applications_request_title":"","applications_request_button_text":"","hero_text":"","hero_video":"","hero_video_schema_markup":"","selling_points_title":"","selling_points_caption":"","selling_points":[],"selling_points_cta_text":"","features_title":"","features":"","ed_cta_examples_text":"","ed_cta_examples_hidden":"","ed_cta_demo_text":"","ed_cta_demo_hidden":"","why_caption":"","why_editor_title":"","why_editor_text":"","why_team_title":"","why_team_text":"","why_service_title":"","why_service_text":"","template_catalog_visible":"","template_catalog_title":"","template_catalog_text":"","template_catalog_categories_visible":"","demo_title":"Crie seu plugin G2 Crowd Reviews","demo_caption":"Configure seu G2 Crowd Reviews e adicione-o ao seu site do Squarespace gratuitamente!","default_faq_hidden":"","app_template_category":[],"platform":"67","template_public_id":"","codecanyon_url":"","codecanyon_item_id":"","codecanyon_price":"","pricing_caption":"","pricing_elfsight_apps_hide_column":"","pricing_elfsight_apps_url":"","pricing_codecanyon_price_caption":"","integration_category":[],"integration_request_title":"","integration_request_cta":"","integration_platform":"","integrations":[],"platform_category":[],"video_schema_markup":"","price":"a partir de US$ 0\/m\u00eas","trial":"","benefits":[{"text":"Servi\u00e7o de instala\u00e7\u00e3o gratuito"},{"text":"Atendimento ao cliente competente"},{"text":"Garantia de reembolso de 14 dias"},{"text":"Atualiza\u00e7\u00f5es regulares"}],"button_url":"#demo","button_target_blank":"","button_nofollow":"","attributes":[{"name":"Instala\u00e7\u00f5es","content":"10,000 - 100,000"},{"name":"Responsivo","content":"Sim"},{"name":"Navegadores compat\u00edveis","content":"Firefox, Safari, Opera, Chrome, Edge"}],"tags":[],"tags_disable_links":"","hide_more_platforms":"","video_object":"","demo_hide_cta":"","demo_hide_cloud_options":"","pricing_title":"","pricing":[{"pricing_icon":"platform","pricing_title":"Elfsight Apps","pricing_title_caption":"Vers\u00e3o multiplataforma adequada para qualquer site","pricing_price":"a partir de US$ 0\/m\u00eas","pricing_price_caption":"comece com um plano gratuito","pricing_benefits":[{"text":"Sites ilimitados"},{"text":"Suporte 24 horas por dia, 7 dias por semana, pontual e bem documentado"},{"text":"Suporte 24 horas por dia, 7 dias por semana, pontual e bem documentado"},{"text":"Design flex\u00edvel"}],"pricing_button_text":"Adicionar ao site","pricing_button_url":"#demo"}],"related_apps_title":"","related_apps_hidden":"","author":"","image":[],"title":"","job":"","social_networks":[]},"_links":{"self":[{"href":"https:\/\/elfsight.com\/pt\/wp-json\/wp\/v2\/pages\/10854","targetHints":{"allow":["GET"]}}],"collection":[{"href":"https:\/\/elfsight.com\/pt\/wp-json\/wp\/v2\/pages"}],"about":[{"href":"https:\/\/elfsight.com\/pt\/wp-json\/wp\/v2\/types\/page"}],"author":[{"embeddable":true,"href":"https:\/\/elfsight.com\/pt\/wp-json\/wp\/v2\/users\/9"}],"replies":[{"embeddable":true,"href":"https:\/\/elfsight.com\/pt\/wp-json\/wp\/v2\/comments?post=10854"}],"version-history":[{"count":1,"href":"https:\/\/elfsight.com\/pt\/wp-json\/wp\/v2\/pages\/10854\/revisions"}],"predecessor-version":[{"id":10858,"href":"https:\/\/elfsight.com\/pt\/wp-json\/wp\/v2\/pages\/10854\/revisions\/10858"}],"up":[{"embeddable":true,"href":"https:\/\/elfsight.com\/pt\/wp-json\/wp\/v2\/pages\/1637"}],"wp:attachment":[{"href":"https:\/\/elfsight.com\/pt\/wp-json\/wp\/v2\/media?parent=10854"}],"curies":[{"name":"wp","href":"https:\/\/api.w.org\/{rel}","templated":true}]}}