{"id":1045,"date":"2022-02-18T10:26:15","date_gmt":"2022-02-18T10:26:15","guid":{"rendered":"https:\/\/elfsight.com\/pt\/?page_id=1045"},"modified":"2024-06-25T10:27:21","modified_gmt":"2024-06-25T10:27:21","slug":"features","status":"publish","type":"page","link":"https:\/\/elfsight.com\/pt\/paypal-button-widget-generator\/features\/","title":{"rendered":"PayPal Button &#8211; features"},"content":{"rendered":"\n<section class=\"application-features-group section\" id=\"checkout\">\n                    <div class=\"inner\">\n                        <div class=\"col-row\">\n                            <div class=\"col-6 col-offset-3 col-m-12 col-m-offset-0\">\n<h3>Bot\u00e3o pagamento \u00fanico<\/h3>\n<p>Demorar\u00e1 apenas alguns segundos a definir um procedimento r\u00e1pido de pagamento \u00fanico para os seus clientes. Estes s\u00e3o os elementos b\u00e1sicos que precisa definir:<\/p>\n\n<div class=\"post-row col-row\">\n<div class=\"col-4 col-offset-3 col-m-12 col-m-offset-0\">\n<p><b>1. Produto.<\/b><\/p>\n<p><b>2. Pre\u00e7o.<\/b><\/p>\n<p><b>3. Pre\u00e7o de envio.<\/b><\/p>\n<p><b>4. Imposto.<\/b><\/p>\n<\/div>\n\n<div class=\"col-5 col-offset-0 col-m-12 col-m-offset-0\">\n<img decoding=\"async\" src=\"https:\/\/elfsight.com\/wp-content\/uploads\/2018\/12\/paypal-button-features-one-time-payment.jpg\">\n<\/div>\n<\/div>\n<\/div>\n                        <\/div>\n                    <\/div>\n\n                    <div class=\"application-features-group-title\">verifica\u00e7\u00e3o<\/div>\n                <\/section>\n\n\n<section class=\"application-cta-ed\">\n                    <div class=\"inner\">\n                        <div class=\"col-row\">\n                            <div class=\"col-6 col-m-12\">\n                                <div class=\"application-cta-ed-item-examples application-cta-ed-item\">\n                                    <div class=\"application-cta-ed-item-icon\">\n                                        <svg viewBox=\"0 0 25 25\" width=\"100%\" height=\"100%\">\n                                            <use xlink:href=\"#icon-desktop\"><\/use>\n                                        <\/svg>\n                                    <\/div>\n\n                                    <div class=\"application-cta-ed-item-content\">\n                                        <div class=\"application-cta-ed-item-content-title\">Usar exemplos<\/div>\n\n                                        <div class=\"application-cta-ed-item-content-text\">Ver exemplos reais para explorar todo o potencial de  para o seu site.\n                                        <\/div>\n\n                                        <a class=\"button-48 button-purple button\" href=\"\">Ver em funcionamento<\/a>\n                                    <\/div>\n                                <\/div>\n                            <\/div>\n                            <div class=\"col-6 col-m-12\">\n                                <div class=\"application-cta-ed-item-demo application-cta-ed-item\">\n                                    <div class=\"application-cta-ed-item-icon\">\n                                        <svg viewBox=\"0 0 25 25\" width=\"100%\" height=\"100%\">\n                                            <use xlink:href=\"#icon-settings\"><\/use>\n                                        <\/svg>\n                                    <\/div>\n\n                                    <div class=\"application-cta-ed-item-content\">\n                                        <div class=\"application-cta-ed-item-content-title\">Demonstra\u00e7\u00e3o ao vivo<\/div>\n\n                                        <div class=\"application-cta-ed-item-content-text\">Experimente agora todas as funcionalidades de  numa demonstra\u00e7\u00e3o ao vivo. Sem taxas. Sem programa\u00e7\u00e3o.\n                                        <\/div>\n\n                                        <a class=\"button-48 button-magenta button\" href=\"#demo\" data-nav-scroll-to=\"demo\">Experimentar agora<\/a>\n                                    <\/div>\n                                <\/div>\n                            <\/div>\n                        <\/div>\n                    <\/div>\n                <\/section>\n\n\n<section class=\"application-features-group section\" style=\"background-color:#fafafa;\" id=\"subscriptions\">\n                    <div class=\"inner\">\n                        <div class=\"col-row\">\n                            <div class=\"col-6 col-offset-3 col-m-12 col-m-offset-0\">\n<h3>Assinatura recorrente autom\u00e1tica<\/h3>\n<p>Para que as subscri\u00e7\u00f5es dos seus clientes continuem autom\u00e1ticas at\u00e9 serem canceladas manualmente, ative a op\u00e7\u00e3o Recorrente. Assim, definir\u00e1 a cobran\u00e7a autom\u00e1tica da assinatura num dia espec\u00edfico e com um determinado pre\u00e7o.<\/p>\n<div class=\"post-row col-row\">\n<div class=\"col-12 col-offset-0 col-m-12 col-m-offset-0\">\n<figure><img decoding=\"async\" src=\"https:\/\/elfsight.com\/wp-content\/uploads\/2018\/12\/paypal-button-features-subscribing-2.jpg\"><\/figure>\n<\/div>\n<\/div>\n\n<h3>Per\u00edodo de fatura\u00e7\u00e3o di\u00e1rio, semanal, mensal, anual ou \u00e0 sua medida<\/h3>\n<p>Receba pagamentos de assinaturas com a frequ\u00eancia que desejar: di\u00e1ria, semanal, mensal, e anual. Se precisar de definir uma variante alternativa, escolha Personalizado e aparecer\u00e3o mais duas caixas. Na caixa Per\u00edodo de fatura\u00e7\u00e3o, escolha o per\u00edodo para calcular o ciclo completo da assinatura.<\/p>\n<div class=\"post-row col-row\">\n<div class=\"col-12 col-offset-0 col-m-12 col-m-offset-0\">\n<figure><img decoding=\"async\" src=\"https:\/\/elfsight.com\/wp-content\/uploads\/2018\/12\/paypal-button-features-subscribing-1.jpg\"><\/figure>\n<\/div>\n<\/div>\n<\/div>\n                        <\/div>\n                    <\/div>\n\n                    <div class=\"application-features-group-title\">subscri\u00e7\u00f5es<\/div>\n                <\/section>\n\n<section class=\"application-features-group section\" id=\"donation\">\n                    <div class=\"inner\">\n                        <div class=\"col-row\">\n                            <div class=\"col-6 col-offset-3 col-m-12 col-m-offset-0\">\n<h3>Op\u00e7\u00e3o de doa\u00e7\u00e3o segura e r\u00e1pida no seu website<\/h3>\n<p>Com o Bot\u00e3o de Doa\u00e7\u00e3o Elfsight em apenas alguns cliques pode instalar um bot\u00e3o de doa\u00e7\u00e3o no seu website. Ao escolher simplesmente o tipo de bot\u00e3o de doa\u00e7\u00e3o e ajustando um m\u00ednimo de configura\u00e7\u00f5es, tais como e-mail do vendedor, pre\u00e7o da doa\u00e7\u00e3o e moeda, ir\u00e1 adicionar uma ferramenta respeit\u00e1vel e r\u00e1pida para doadores no seu website.<\/p>\n<div class=\"post-row col-row\"><div class=\"col-12 col-offset-0 col-m-12 col-m-offset-0\">\n<figure><img decoding=\"async\" src=\"https:\/\/elfsight.com\/wp-content\/uploads\/2018\/12\/paypal-button-features-donation.jpg\"><\/figure>\n<\/div>\n<\/div>\n<\/div>\n                        <\/div>\n                    <\/div>\n\n                    <div class=\"application-features-group-title\">doa\u00e7\u00e3o<\/div>\n                <\/section>\n\n\n<section class=\"application-cta-ed\">\n                    <div class=\"inner\">\n                        <div class=\"col-row\">\n                            <div class=\"col-6 col-m-12\">\n                                <div class=\"application-cta-ed-item-examples application-cta-ed-item\">\n                                    <div class=\"application-cta-ed-item-icon\">\n                                        <svg viewBox=\"0 0 25 25\" width=\"100%\" height=\"100%\">\n                                            <use xlink:href=\"#icon-desktop\"><\/use>\n                                        <\/svg>\n                                    <\/div>\n\n                                    <div class=\"application-cta-ed-item-content\">\n                                        <div class=\"application-cta-ed-item-content-title\">Usar exemplos<\/div>\n\n                                        <div class=\"application-cta-ed-item-content-text\">Ver exemplos reais para explorar todo o potencial de  para o seu site.\n                                        <\/div>\n\n                                        <a class=\"button-48 button-purple button\" href=\"\">Ver em funcionamento<\/a>\n                                    <\/div>\n                                <\/div>\n                            <\/div>\n                            <div class=\"col-6 col-m-12\">\n                                <div class=\"application-cta-ed-item-demo application-cta-ed-item\">\n                                    <div class=\"application-cta-ed-item-icon\">\n                                        <svg viewBox=\"0 0 25 25\" width=\"100%\" height=\"100%\">\n                                            <use xlink:href=\"#icon-settings\"><\/use>\n                                        <\/svg>\n                                    <\/div>\n\n                                    <div class=\"application-cta-ed-item-content\">\n                                        <div class=\"application-cta-ed-item-content-title\">Demonstra\u00e7\u00e3o ao vivo<\/div>\n\n                                        <div class=\"application-cta-ed-item-content-text\">Experimente agora todas as funcionalidades de  numa demonstra\u00e7\u00e3o ao vivo. Sem taxas. Sem programa\u00e7\u00e3o.\n                                        <\/div>\n\n                                        <a class=\"button-48 button-magenta button\" href=\"#demo\" data-nav-scroll-to=\"demo\">Experimentar agora<\/a>\n                                    <\/div>\n                                <\/div>\n                            <\/div>\n                        <\/div>\n                    <\/div>\n                <\/section>\n<section class=\"application-features-group section\" style=\"background-color:#fafafa;\" id=\"localization\">\n                    <div class=\"inner\">\n                        <div class=\"col-row\">\n                            <div class=\"col-6 col-offset-3 col-m-12 col-m-offset-0\">\n<h3>Localiza\u00e7\u00e3o integrada para o seu pa\u00eds<\/h3>\n<p>Basta escolher o seu pa\u00eds e a interface da janela de pagamento PayPal ser\u00e1 traduzida para a l\u00edngua correspondente.<\/p>\n\n<div class=\"post-row col-row\">\n<div class=\"col-12 col-offset-0 col-m-12 col-m-offset-0\">\n<figure><img decoding=\"async\" src=\"https:\/\/elfsight.com\/wp-content\/uploads\/2018\/12\/paypal-button-features-localization-1.jpg\"><\/figure>\n<\/div>\n<\/div>\n\n<h3>+ de 20 moedas para f\u00e1cil pagamento em todo o lado<\/h3>\n<p>A partir de uma vasta gama de moedas suportadas pelo nosso widget, pode escolher a que ser\u00e1 mais conveniente para os seus utilizadores e para si pr\u00f3prio. A nossa lista inclui 23 op\u00e7\u00f5es dispon\u00edveis.<\/p>\n\n<div class=\"post-row col-row\">\n<div class=\"col-12 col-offset-0 col-m-12 col-m-offset-0\">\n<figure><img decoding=\"async\" src=\"https:\/\/elfsight.com\/wp-content\/uploads\/2018\/12\/paypal-button-features-localization-2.jpg\"><\/figure>\n<\/div>\n<\/div>\n<\/div>\n                        <\/div>\n                    <\/div>\n\n                    <div class=\"application-features-group-title\">localiza\u00e7\u00e3o<\/div>\n                <\/section>\n\n\n<section class=\"application-features-group section\" id=\"style\">\n                    <div class=\"inner\">\n                        <div class=\"col-row\">\n                            <div class=\"col-6 col-offset-3 col-m-12 col-m-offset-0\">\n<h3>Crie o seu bot\u00e3o personalizado<\/h3>\n<p>Crie o seu pr\u00f3prio bot\u00e3o personalizado, escolhendo que elemento incluir.<\/p>\n\n<div class=\"post-row col-row\">\n<div class=\"col-12 col-offset-0 col-m-12 col-m-offset-0\">\n<figure><img decoding=\"async\" src=\"https:\/\/elfsight.com\/wp-content\/uploads\/2018\/12\/paypal-button-features-style-1.jpg\"><\/figure>\n<\/div>\n<\/div>\n\n<h3>Par\u00e2metros de tamanho ajust\u00e1veis<\/h3>\n<p>Pode adaptar o tamanho do bot\u00e3o \u00e0s necessidades do seu tipo de utiliza\u00e7\u00e3o, com a ajuda de uma pr\u00e1tica barra deslizante. Basta arrastar o cursor para ver facilmente como o tamanho do bot\u00e3o muda de pequeno para grande.<\/p>\n\n<div class=\"post-row col-row\">\n<div class=\"col-12 col-offset-0 col-m-12 col-m-offset-0\">\n<figure><img decoding=\"async\" src=\"https:\/\/elfsight.com\/wp-content\/uploads\/2018\/12\/paypal-button-features-style-2.jpg\"><\/figure>\n<\/div>\n<\/div>\n\n<h3>Varia\u00e7\u00e3o de cor do bot\u00e3o<\/h3>\n<p>Com o bot\u00e3o PayPal da Elfsight, pode n\u00e3o s\u00f3 mudar a cor do bot\u00e3o e do texto, mas tamb\u00e9m escolher uma das variantes de cor do texto do log\u00f3tipo PayPal: original ou branco.<\/p>\n\n<div class=\"post-row col-row\">\n<div class=\"col-12 col-offset-0 col-m-12 col-m-offset-0\">\n<figure><img decoding=\"async\" src=\"https:\/\/elfsight.com\/wp-content\/uploads\/2018\/12\/paypal-button-features-style-3.jpg\"><\/figure>\n<\/div>\n<\/div>\n\n<h3>Diversas op\u00e7\u00f5es de contorno<\/h3>\n<p>A op\u00e7\u00e3o de contorno do bot\u00e3o PayPal da Elfsight permite variar a espessura do contorno do bot\u00e3o e criar um bot\u00e3o delineado. Pode definir a espessura do contorno utilizando uma \u00fatil barra deslizante. Pode tamb\u00e9m escolher a cor do contorno para um aspeto verdadeiramente \u00fanico.<\/p>\n<div class=\"post-row col-row\">\n<div class=\"col-12 col-offset-0 col-m-12 col-m-offset-0\">\n<figure><img decoding=\"async\" src=\"https:\/\/elfsight.com\/wp-content\/uploads\/2018\/12\/paypal-button-features-style-4.jpg\"><\/figure>\n<\/div>\n<\/div>\n<h3>Configura\u00e7\u00e3o flex\u00edvel do bot\u00e3o<\/h3>\n<p>Pode definir a forma do seu bot\u00e3o PayPal para o tornar retangular, com \u00e2ngulos arredondados ou totalmente redondo. Pode observar como o limite do contorno muda e varia a forma dos \u00e2ngulos ao arrastar o cursor sobre a barra deslizante.<\/p>\n<div class=\"post-row col-row\">\n<div class=\"col-12 col-offset-0 col-m-12 col-m-offset-0\">\n<figure><img decoding=\"async\" src=\"https:\/\/elfsight.com\/wp-content\/uploads\/2018\/12\/paypal-button-features-style-5.jpg\"><\/figure>\n<\/div>\n<\/div>\n<h3>\u00cdcones de sistemas de pagamento<\/h3>\n<p>Se preferir, pode mostrar os \u00edcones dos sistemas de pagamento mais populares sob o bot\u00e3o: Visa, Mastercard, American Express e Discover. Todos eles podem ser ligados e desligados.<\/p>\n<div class=\"post-row col-row\">\n<div class=\"col-12 col-offset-0 col-m-12 col-m-offset-0\">\n<figure><img decoding=\"async\" src=\"https:\/\/elfsight.com\/wp-content\/uploads\/2018\/12\/paypal-button-features-style-6.jpg\"><\/figure>\n<\/div>\n<\/div>\n<\/div>\n                        <\/div>\n                    <\/div>\n\n                    <div class=\"application-features-group-title\">estilo<\/div>\n                <\/section>\n","protected":false},"excerpt":{"rendered":"","protected":false},"author":13,"featured_media":0,"parent":1038,"menu_order":0,"comment_status":"closed","ping_status":"closed","template":"templates\/template-application-features.php","meta":{"publish_to_discourse":"","publish_post_category":"","wpdc_auto_publish_overridden":"","wpdc_topic_tags":"","wpdc_pin_topic":"","wpdc_pin_until":"","discourse_post_id":"","discourse_permalink":"","wpdc_publishing_response":"","wpdc_publishing_error":"","footnotes":""},"class_list":["post-1045","page","type-page","status-publish","hentry"],"yoast_head":"<!-- This site is optimized with the Yoast SEO plugin v25.3.1 - https:\/\/yoast.com\/wordpress\/plugins\/seo\/ -->\n<title>Widget de Bot\u00e3o PayPal para website - Funcionalidades<\/title>\n<meta name=\"description\" content=\"Experimente todas as funcionalidades do widget de Pagamento PayPal numa demo ao vivo.\" \/>\n<meta name=\"robots\" content=\"index, follow, max-snippet:-1, max-image-preview:large, max-video-preview:-1\" \/>\n<link rel=\"canonical\" href=\"https:\/\/elfsight.com\/pt\/paypal-button-widget-generator\/features\/\" \/>\n<meta property=\"og:locale\" content=\"pt_PT\" \/>\n<meta property=\"og:type\" content=\"article\" \/>\n<meta property=\"og:title\" content=\"Widget de Bot\u00e3o PayPal para website - Funcionalidades\" \/>\n<meta property=\"og:description\" content=\"Experimente todas as funcionalidades do widget de Pagamento PayPal numa demo ao vivo.\" \/>\n<meta property=\"og:url\" content=\"https:\/\/elfsight.com\/pt\/paypal-button-widget-generator\/features\/\" \/>\n<meta property=\"og:site_name\" content=\"Elfsight PT\" \/>\n<meta property=\"article:modified_time\" content=\"2024-06-25T10:27:21+00:00\" \/>\n<meta property=\"og:image\" content=\"https:\/\/elfsight.com\/wp-content\/uploads\/2018\/12\/paypal-button-features-one-time-payment.jpg\" \/>\n<meta name=\"twitter:card\" content=\"summary_large_image\" \/>\n<meta name=\"twitter:label1\" content=\"Tempo estimado de leitura\" \/>\n\t<meta name=\"twitter:data1\" content=\"5 minutos\" \/>\n<!-- \/ Yoast SEO plugin. -->","yoast_head_json":{"title":"Widget de Bot\u00e3o PayPal para website - Funcionalidades","description":"Experimente todas as funcionalidades do widget de Pagamento PayPal numa demo ao vivo.","robots":{"index":"index","follow":"follow","max-snippet":"max-snippet:-1","max-image-preview":"max-image-preview:large","max-video-preview":"max-video-preview:-1"},"canonical":"https:\/\/elfsight.com\/pt\/paypal-button-widget-generator\/features\/","og_locale":"pt_PT","og_type":"article","og_title":"Widget de Bot\u00e3o PayPal para website - Funcionalidades","og_description":"Experimente todas as funcionalidades do widget de Pagamento PayPal numa demo ao vivo.","og_url":"https:\/\/elfsight.com\/pt\/paypal-button-widget-generator\/features\/","og_site_name":"Elfsight PT","article_modified_time":"2024-06-25T10:27:21+00:00","og_image":[{"url":"https:\/\/elfsight.com\/wp-content\/uploads\/2018\/12\/paypal-button-features-one-time-payment.jpg","type":"","width":"","height":""}],"twitter_card":"summary_large_image","twitter_misc":{"Tempo estimado de leitura":"5 minutos"},"schema":{"@context":"https:\/\/schema.org","@graph":[{"@type":"WebPage","@id":"https:\/\/elfsight.com\/pt\/paypal-button-widget-generator\/features\/","url":"https:\/\/elfsight.com\/pt\/paypal-button-widget-generator\/features\/","name":"Widget de Bot\u00e3o PayPal para website - Funcionalidades","isPartOf":{"@id":"https:\/\/elfsight.com\/pt\/#website"},"primaryImageOfPage":{"@id":"https:\/\/elfsight.com\/pt\/paypal-button-widget-generator\/features\/#primaryimage"},"image":{"@id":"https:\/\/elfsight.com\/pt\/paypal-button-widget-generator\/features\/#primaryimage"},"thumbnailUrl":"https:\/\/elfsight.com\/wp-content\/uploads\/2018\/12\/paypal-button-features-one-time-payment.jpg","datePublished":"2022-02-18T10:26:15+00:00","dateModified":"2024-06-25T10:27:21+00:00","description":"Experimente todas as funcionalidades do widget de Pagamento PayPal numa demo ao vivo.","breadcrumb":{"@id":"https:\/\/elfsight.com\/pt\/paypal-button-widget-generator\/features\/#breadcrumb"},"inLanguage":"pt-PT","potentialAction":[{"@type":"ReadAction","target":["https:\/\/elfsight.com\/pt\/paypal-button-widget-generator\/features\/"]}]},{"@type":"ImageObject","inLanguage":"pt-PT","@id":"https:\/\/elfsight.com\/pt\/paypal-button-widget-generator\/features\/#primaryimage","url":"https:\/\/elfsight.com\/wp-content\/uploads\/2018\/12\/paypal-button-features-one-time-payment.jpg","contentUrl":"https:\/\/elfsight.com\/wp-content\/uploads\/2018\/12\/paypal-button-features-one-time-payment.jpg"},{"@type":"BreadcrumbList","@id":"https:\/\/elfsight.com\/pt\/paypal-button-widget-generator\/features\/#breadcrumb","itemListElement":[{"@type":"ListItem","position":1,"name":"Home","item":"https:\/\/elfsight.com\/pt\/"},{"@type":"ListItem","position":2,"name":"PayPal Button","item":"https:\/\/elfsight.com\/pt\/paypal-button-widget-generator\/"},{"@type":"ListItem","position":3,"name":"PayPal Button &#8211; features"}]},{"@type":"WebSite","@id":"https:\/\/elfsight.com\/pt\/#website","url":"https:\/\/elfsight.com\/pt\/","name":"Elfsight PT","description":"Just another Elfsight Sites site","potentialAction":[{"@type":"SearchAction","target":{"@type":"EntryPoint","urlTemplate":"https:\/\/elfsight.com\/pt\/?s={search_term_string}"},"query-input":{"@type":"PropertyValueSpecification","valueRequired":true,"valueName":"search_term_string"}}],"inLanguage":"pt-PT"}]}},"meta_box":{"industry":"","seo_heading":"","heading":"","description":"","cta_heading":"","cta_description":"","application":"1036","h1":"","h1_caption":"","application_category":[],"applications_title":"","applications_request_title":"","applications_request_button_text":"","hero_text":"","hero_video":"","hero_video_schema_markup":"","selling_points_title":"","selling_points_caption":"","selling_points":[],"selling_points_cta_text":"","features_title":"","features":"","ed_cta_examples_text":"","ed_cta_examples_hidden":"","ed_cta_demo_text":"","ed_cta_demo_hidden":"","why_caption":"","why_editor_title":"","why_editor_text":"","why_team_title":"","why_team_text":"","why_service_title":"","why_service_text":"","template_catalog_visible":"","template_catalog_title":"","template_catalog_text":"","template_catalog_categories_visible":"","demo_title":"","demo_caption":"","default_faq_hidden":"","app_template_category":[],"platform":"","template_public_id":"","codecanyon_url":"","codecanyon_item_id":"","codecanyon_price":"","pricing_caption":"","pricing_elfsight_apps_hide_column":"","pricing_elfsight_apps_url":"","pricing_codecanyon_price_caption":"","integration_category":[],"integration_request_title":"","integration_request_cta":"","integration_platform":"","integrations":[],"platform_category":[],"video_schema_markup":"","price":"a partir de US$ 0\/m\u00eas","trial":"","benefits":[],"button_url":"#demo","button_target_blank":"","button_nofollow":"","attributes":[],"tags":[],"tags_disable_links":"","hide_more_platforms":"","video_object":"","demo_hide_cta":"","demo_hide_cloud_options":"","pricing_title":"","pricing":[],"related_apps_title":"","related_apps_hidden":"","author":"","image":[],"title":"","job":"","social_networks":[]},"_links":{"self":[{"href":"https:\/\/elfsight.com\/pt\/wp-json\/wp\/v2\/pages\/1045","targetHints":{"allow":["GET"]}}],"collection":[{"href":"https:\/\/elfsight.com\/pt\/wp-json\/wp\/v2\/pages"}],"about":[{"href":"https:\/\/elfsight.com\/pt\/wp-json\/wp\/v2\/types\/page"}],"author":[{"embeddable":true,"href":"https:\/\/elfsight.com\/pt\/wp-json\/wp\/v2\/users\/13"}],"replies":[{"embeddable":true,"href":"https:\/\/elfsight.com\/pt\/wp-json\/wp\/v2\/comments?post=1045"}],"version-history":[{"count":3,"href":"https:\/\/elfsight.com\/pt\/wp-json\/wp\/v2\/pages\/1045\/revisions"}],"predecessor-version":[{"id":1048,"href":"https:\/\/elfsight.com\/pt\/wp-json\/wp\/v2\/pages\/1045\/revisions\/1048"}],"up":[{"embeddable":true,"href":"https:\/\/elfsight.com\/pt\/wp-json\/wp\/v2\/pages\/1038"}],"wp:attachment":[{"href":"https:\/\/elfsight.com\/pt\/wp-json\/wp\/v2\/media?parent=1045"}],"curies":[{"name":"wp","href":"https:\/\/api.w.org\/{rel}","templated":true}]}}