{"id":9998,"date":"2025-05-20T10:48:47","date_gmt":"2025-05-20T10:48:47","guid":{"rendered":"https:\/\/elfsight.com\/pl\/?page_id=9998"},"modified":"2025-05-30T12:42:50","modified_gmt":"2025-05-30T12:42:50","slug":"wordpress","status":"publish","type":"page","link":"https:\/\/elfsight.com\/pl\/accessibility-widget\/wordpress\/","title":{"rendered":"Accessibility &#8211; WordPress"},"content":{"rendered":"<div class=\"application-platform-content-item-description application-platform-content-item\" id=\"description\" data-nav-section=\"description\"> <h2>Osad\u017a dost\u0119pno\u015b\u0107 w WordPressie za pomoc\u0105 wtyczki Elfsight<\/h2> <p>Wtyczka dost\u0119pno\u015bci zwi\u0119ksza inkluzywno\u015b\u0107 w ca\u0142ej witrynie, poprawiaj\u0105c wra\u017cenia u\u017cytkownika dla os\u00f3b o r\u00f3\u017cnych wymaganiach dotycz\u0105cych dost\u0119pno\u015bci. Wyposa\u017cona w predefiniowane profile dost\u0119pno\u015bci, automatycznie dostosowuje witryn\u0119 do u\u017cytkownik\u00f3w z upo\u015bledzeniami wzrokowymi, poznawczymi lub motorycznymi. Ka\u017cde ustawienie \u0142\u0105czy inteligentne ulepszenia projektu i interakcji, aby zapewni\u0107 u\u017cyteczno\u015b\u0107 i wygod\u0119. <\/p><p>Zawiera r\u00f3wnie\u017c zintegrowany skaner dost\u0119pno\u015bci, kt\u00f3ry ocenia zgodno\u015b\u0107 witryny i prezentuje wyniki audytu bezpo\u015brednio w interfejsie wtyczki. Umo\u017cliwia to rozwi\u0105zywanie problem\u00f3w z dost\u0119pno\u015bci\u0105, jednocze\u015bnie pokazuj\u0105c zaanga\u017cowanie w projektowanie inkluzywne. W pe\u0142ni zlokalizowana wtyczka oferuje obs\u0142ug\u0119 wieloj\u0119zyczn\u0105, aby zapewni\u0107 p\u0142ynne dzia\u0142anie u\u017cytkownikom na ca\u0142ym \u015bwiecie. <\/p><p><strong>Uczy\u0144 swoj\u0105 witryn\u0119 WordPress dost\u0119pn\u0105 dla wszystkich, po prostu dodaj\u0105c nasz\u0105 pot\u0119\u017cn\u0105 wtyczk\u0119 dost\u0119pno\u015bci! <\/strong><\/p><\/div> <div class=\"application-platform-content-item-features application-platform-content-item\" id=\"features\" data-nav-section=\"features\"> <h2>Centralne funkcje wtyczki obejmuj\u0105<\/h2><ul><li><b>Gotowe tryby dla 8 scenariuszy u\u017cytkownika. <\/b> Osoby z r\u00f3\u017cnymi niepe\u0142nosprawno\u015bciami mog\u0105 wybra\u0107 idealny tryb dost\u0119pno\u015bci, aby zapewni\u0107 sobie p\u0142ynne i przyjazne dla u\u017cytkownika przegl\u0105danie. <\/li><li><b>Dostosowywanie ustawie\u0144 witryny w celu wy\u015bwietlania tre\u015bci. <\/b> Wtyczka ma ustawienia poprawiaj\u0105ce czytelno\u015b\u0107 tekstu, nawigacj\u0119 i kolory. <\/li><li><b>Wbudowany modu\u0142 sprawdzania dost\u0119pno\u015bci. <\/b> Szybkie skanowanie witryny w celu znalezienia problem\u00f3w ze zgodno\u015bci\u0105 i ulepszenie jej pod k\u0105tem lepszej dost\u0119pno\u015bci. <\/li><li><b>Odznaka zaufania z wynikiem dost\u0119pno\u015bci. <\/b> Wy\u015bwietlanie wynik\u00f3w wbudowanego audytu w celu udowodnienia zaanga\u017cowania w zachowanie zgodno\u015bci. <\/li><li><b>Dok\u0142adna lokalizacja. <\/b> Wtyczka oferuje lokalizacj\u0119 j\u0119zykow\u0105 i kulturow\u0105 w 76 regionach, aby wspiera\u0107 przepisy dotycz\u0105ce dost\u0119pno\u015bci i wdra\u017canie mi\u0119dzynarodowe. <\/li><\/ul><p><a href=\"#demo\">Intuicyjny edytor mo\u017ce pokaza\u0107 Ci, jak funkcje i ustawienia dzia\u0142aj\u0105 bezpo\u015brednio na tej stronie<\/a><\/p><\/div> <div class=\"application-platform-content-item-installation application-platform-content-item\" id=\"installation\" data-nav-section=\"installation\"> <h2>Jak osadzi\u0107 dost\u0119pno\u015b\u0107 w mojej witrynie WordPress? <\/h2><p>Znajd\u017a ten prosty spos\u00f3b, aby umie\u015bci\u0107 wtyczk\u0119 w swojej witrynie WordPress. Zajmie to tylko kilka minut i nie wymaga kodowania. <\/p> <ol><li><strong>Zbuduj w\u0142asn\u0105 wtyczk\u0119 dost\u0119pno\u015bci<\/strong><br> Zacznij od dowolnego szablonu w edytorze, pracuj z wygodnymi elementami w nim zawartymi i dostosuj wtyczk\u0119 do po\u017c\u0105danego stylu i opcji. <\/li><li><strong>Uzyskaj osobisty kod, aby osadzi\u0107 wtyczk\u0119<\/strong><br> Gdy tylko sko\u0144czysz budowa\u0107 wtyczk\u0119, otrzymasz indywidualny kod HTML na swoim pulpicie. Skopiuj ten kod, kt\u00f3ry zawiera wszystkie szczeg\u00f3\u0142y dotycz\u0105ce Twoich ustawie\u0144. <\/li> <li><strong>Wy\u015bwietl wtyczk\u0119 na swojej stronie WordPress<\/strong><br> Wybierz sekcje swojej strony, w kt\u00f3rych chcesz wy\u015bwietli\u0107 dost\u0119pno\u015b\u0107, i wklej tam kod. Zapisz zmiany. <\/li> <\/ol><p>To wszystko! Teraz zobacz, jak wtyczka dzia\u0142a na Twojej stronie. <\/p><p>Je\u015bli masz jakiekolwiek trudno\u015bci podczas osadzania wtyczki na swojej stronie, nie wahaj si\u0119 skontaktowa\u0107 z naszym dzia\u0142em obs\u0142ugi klienta. Z przyjemno\u015bci\u0105 pomo\u017cemy Ci w dodaniu i dostosowaniu rozwi\u0105zania zgodno\u015bci. <\/p><\/div>","protected":false},"excerpt":{"rendered":"","protected":false},"author":9,"featured_media":0,"parent":9898,"menu_order":0,"comment_status":"closed","ping_status":"closed","template":"templates\/template-application-platform.php","meta":{"publish_to_discourse":"","publish_post_category":"","wpdc_auto_publish_overridden":"","wpdc_topic_tags":"","wpdc_pin_topic":"","wpdc_pin_until":"","discourse_post_id":"","discourse_permalink":"","wpdc_publishing_response":"","wpdc_publishing_error":"","footnotes":""},"class_list":["post-9998","page","type-page","status-publish","hentry"],"yoast_head":"<!-- This site is optimized with the Yoast SEO plugin v25.3.1 - https:\/\/yoast.com\/wordpress\/plugins\/seo\/ -->\n<title>Wtyczka WordPress Accessibility \u2013 dodaj zgodno\u015b\u0107 ze swoj\u0105 witryn\u0105 [BEZP\u0141ATNA]<\/title>\n<meta name=\"description\" content=\"Dodaj wtyczk\u0119 Accessibility bez kodu na swojej stronie WordPress. Sprawd\u017a szybki edytor Elfsight, aby bez wysi\u0142ku stworzy\u0107 w\u0142asne rozwi\u0105zanie.\" \/>\n<meta name=\"robots\" content=\"index, follow, max-snippet:-1, max-image-preview:large, max-video-preview:-1\" \/>\n<link rel=\"canonical\" href=\"https:\/\/elfsight.com\/pl\/accessibility-widget\/wordpress\/\" \/>\n<meta property=\"og:locale\" content=\"pl_PL\" \/>\n<meta property=\"og:type\" content=\"article\" \/>\n<meta property=\"og:title\" content=\"Wtyczka WordPress Accessibility \u2013 dodaj zgodno\u015b\u0107 ze swoj\u0105 witryn\u0105 [BEZP\u0141ATNA]\" \/>\n<meta property=\"og:description\" content=\"Dodaj wtyczk\u0119 Accessibility bez kodu na swojej stronie WordPress. Sprawd\u017a szybki edytor Elfsight, aby bez wysi\u0142ku stworzy\u0107 w\u0142asne rozwi\u0105zanie.\" \/>\n<meta property=\"og:url\" content=\"https:\/\/elfsight.com\/pl\/accessibility-widget\/wordpress\/\" \/>\n<meta property=\"og:site_name\" content=\"Elfsight PL\" \/>\n<meta property=\"article:modified_time\" content=\"2025-05-30T12:42:50+00:00\" \/>\n<meta name=\"twitter:card\" content=\"summary_large_image\" \/>\n<meta name=\"twitter:label1\" content=\"Szacowany czas czytania\" \/>\n\t<meta name=\"twitter:data1\" content=\"2 minuty\" \/>\n<!-- \/ Yoast SEO plugin. -->","yoast_head_json":{"title":"Wtyczka WordPress Accessibility \u2013 dodaj zgodno\u015b\u0107 ze swoj\u0105 witryn\u0105 [BEZP\u0141ATNA]","description":"Dodaj wtyczk\u0119 Accessibility bez kodu na swojej stronie WordPress. Sprawd\u017a szybki edytor Elfsight, aby bez wysi\u0142ku stworzy\u0107 w\u0142asne rozwi\u0105zanie.","robots":{"index":"index","follow":"follow","max-snippet":"max-snippet:-1","max-image-preview":"max-image-preview:large","max-video-preview":"max-video-preview:-1"},"canonical":"https:\/\/elfsight.com\/pl\/accessibility-widget\/wordpress\/","og_locale":"pl_PL","og_type":"article","og_title":"Wtyczka WordPress Accessibility \u2013 dodaj zgodno\u015b\u0107 ze swoj\u0105 witryn\u0105 [BEZP\u0141ATNA]","og_description":"Dodaj wtyczk\u0119 Accessibility bez kodu na swojej stronie WordPress. Sprawd\u017a szybki edytor Elfsight, aby bez wysi\u0142ku stworzy\u0107 w\u0142asne rozwi\u0105zanie.","og_url":"https:\/\/elfsight.com\/pl\/accessibility-widget\/wordpress\/","og_site_name":"Elfsight PL","article_modified_time":"2025-05-30T12:42:50+00:00","twitter_card":"summary_large_image","twitter_misc":{"Szacowany czas czytania":"2 minuty"},"schema":{"@context":"https:\/\/schema.org","@graph":[{"@type":"WebPage","@id":"https:\/\/elfsight.com\/pl\/accessibility-widget\/wordpress\/","url":"https:\/\/elfsight.com\/pl\/accessibility-widget\/wordpress\/","name":"Wtyczka WordPress Accessibility \u2013 dodaj zgodno\u015b\u0107 ze swoj\u0105 witryn\u0105 [BEZP\u0141ATNA]","isPartOf":{"@id":"https:\/\/elfsight.com\/pl\/#website"},"datePublished":"2025-05-20T10:48:47+00:00","dateModified":"2025-05-30T12:42:50+00:00","description":"Dodaj wtyczk\u0119 Accessibility bez kodu na swojej stronie WordPress. Sprawd\u017a szybki edytor Elfsight, aby bez wysi\u0142ku stworzy\u0107 w\u0142asne rozwi\u0105zanie.","breadcrumb":{"@id":"https:\/\/elfsight.com\/pl\/accessibility-widget\/wordpress\/#breadcrumb"},"inLanguage":"pl-PL","potentialAction":[{"@type":"ReadAction","target":["https:\/\/elfsight.com\/pl\/accessibility-widget\/wordpress\/"]}]},{"@type":"BreadcrumbList","@id":"https:\/\/elfsight.com\/pl\/accessibility-widget\/wordpress\/#breadcrumb","itemListElement":[{"@type":"ListItem","position":1,"name":"Home","item":"https:\/\/elfsight.com\/pl\/"},{"@type":"ListItem","position":2,"name":"Accessibility","item":"https:\/\/elfsight.com\/pl\/accessibility-widget\/"},{"@type":"ListItem","position":3,"name":"Accessibility &#8211; WordPress"}]},{"@type":"WebSite","@id":"https:\/\/elfsight.com\/pl\/#website","url":"https:\/\/elfsight.com\/pl\/","name":"Elfsight PL","description":"Just another Elfsight Sites site","potentialAction":[{"@type":"SearchAction","target":{"@type":"EntryPoint","urlTemplate":"https:\/\/elfsight.com\/pl\/?s={search_term_string}"},"query-input":{"@type":"PropertyValueSpecification","valueRequired":true,"valueName":"search_term_string"}}],"inLanguage":"pl-PL"}]}},"meta_box":{"industry":"","seo_heading":"","heading":"","description":"","cta_heading":"","cta_description":"","application":"9893","h1":"Wtyczka u\u0142atwiaj\u0105ca dost\u0119p do witryny WordPress","h1_caption":"Umo\u017cliw ka\u017cdemu odwiedzaj\u0105cemu Twoj\u0105 witryn\u0119 WordPress korzystanie z wtyczki zgodno\u015bci, kt\u00f3ra dostosowuje Twoj\u0105 tre\u015b\u0107 do wszystkich mo\u017cliwo\u015bci. Zwi\u0119ksz inkluzywno\u015b\u0107, funkcjonalno\u015b\u0107 i dost\u0119pno\u015b\u0107 na platformie typu \u201ewszystko w jednym\u201d.","application_category":[],"applications_title":"","applications_request_title":"","applications_request_button_text":"","hero_text":"","hero_video":"","hero_video_schema_markup":"","selling_points_title":"","selling_points_caption":"","selling_points":[],"selling_points_cta_text":"","features_title":"","features":"","ed_cta_examples_text":"","ed_cta_examples_hidden":"","ed_cta_demo_text":"","ed_cta_demo_hidden":"","why_caption":"","why_editor_title":"","why_editor_text":"","why_team_title":"","why_team_text":"","why_service_title":"","why_service_text":"","template_catalog_visible":"","template_catalog_title":"","template_catalog_text":"","template_catalog_categories_visible":"","demo_title":"Utw\u00f3rz wtyczk\u0119 U\u0142atwie\u0144 dost\u0119pu","demo_caption":"Skonfiguruj u\u0142atwienia dost\u0119pu i dodaj je do swojej witryny WordPress zupe\u0142nie za darmo!","default_faq_hidden":"","app_template_category":[],"platform":"31","template_public_id":"","codecanyon_url":"","codecanyon_item_id":"","codecanyon_price":"","pricing_caption":"","pricing_elfsight_apps_hide_column":"","pricing_elfsight_apps_url":"","pricing_codecanyon_price_caption":"","integration_category":[],"integration_request_title":"","integration_request_cta":"","integration_platform":"","integrations":[],"platform_category":[],"video_schema_markup":"","price":"od 0 z\u0142\/miesi\u0105c","trial":"","benefits":[],"button_url":"#demo","button_target_blank":"0","button_nofollow":"","attributes":[{"name":"Instaluje","content":"50,000 - 100,000","_state":"expanded"},{"name":"Czu\u0142y","content":"Tak","_state":"expanded"},{"name":"Kompatybilne przegl\u0105darki","content":"Firefox, Safari, Opera, Chrome, Edge","_state":"expanded"}],"tags":[],"tags_disable_links":"","hide_more_platforms":"","video_object":"","demo_hide_cta":"","demo_hide_cloud_options":"","pricing_title":"","pricing":[{"pricing_icon":"platform","pricing_title":"Elfsight Apps","pricing_title_caption":"Rozwi\u0105zanie cyfrowe multiplatformowe","pricing_price":"od 0 z\u0142\/miesi\u0105c","pricing_price_caption":"zacznij od darmowego planu","pricing_button_text":"Dodaj do witryny","pricing_button_url":"#demo"}],"related_apps_title":"","related_apps_hidden":"","author":"","image":[],"title":"","job":"","social_networks":[]},"_links":{"self":[{"href":"https:\/\/elfsight.com\/pl\/wp-json\/wp\/v2\/pages\/9998","targetHints":{"allow":["GET"]}}],"collection":[{"href":"https:\/\/elfsight.com\/pl\/wp-json\/wp\/v2\/pages"}],"about":[{"href":"https:\/\/elfsight.com\/pl\/wp-json\/wp\/v2\/types\/page"}],"author":[{"embeddable":true,"href":"https:\/\/elfsight.com\/pl\/wp-json\/wp\/v2\/users\/9"}],"replies":[{"embeddable":true,"href":"https:\/\/elfsight.com\/pl\/wp-json\/wp\/v2\/comments?post=9998"}],"version-history":[{"count":1,"href":"https:\/\/elfsight.com\/pl\/wp-json\/wp\/v2\/pages\/9998\/revisions"}],"predecessor-version":[{"id":10002,"href":"https:\/\/elfsight.com\/pl\/wp-json\/wp\/v2\/pages\/9998\/revisions\/10002"}],"up":[{"embeddable":true,"href":"https:\/\/elfsight.com\/pl\/wp-json\/wp\/v2\/pages\/9898"}],"wp:attachment":[{"href":"https:\/\/elfsight.com\/pl\/wp-json\/wp\/v2\/media?parent=9998"}],"curies":[{"name":"wp","href":"https:\/\/api.w.org\/{rel}","templated":true}]}}