{"id":9992,"date":"2025-05-20T12:00:51","date_gmt":"2025-05-20T12:00:51","guid":{"rendered":"https:\/\/elfsight.com\/pl\/?page_id=9992"},"modified":"2025-05-30T12:42:42","modified_gmt":"2025-05-30T12:42:42","slug":"elementor","status":"publish","type":"page","link":"https:\/\/elfsight.com\/pl\/accessibility-widget\/elementor\/","title":{"rendered":"Accessibility &#8211; Elementor"},"content":{"rendered":"<div class=\"application-platform-content-item-description application-platform-content-item\" id=\"description\" data-nav-section=\"description\"> <h2>Osad\u017a dost\u0119pno\u015b\u0107 w Elementorze za pomoc\u0105 wid\u017cetu Elfsight<\/h2> <p>Wid\u017cet dost\u0119pno\u015bci zapewnia inkluzywno\u015b\u0107 w ca\u0142ej witrynie, zwi\u0119kszaj\u0105c czytelno\u015b\u0107 i nawigacj\u0119 dla u\u017cytkownik\u00f3w o r\u00f3\u017cnych mo\u017cliwo\u015bciach. Wyposa\u017cony w predefiniowane profile dost\u0119pno\u015bci, automatycznie dostosowuje witryn\u0119 do potrzeb os\u00f3b z problemami ze wzrokiem, koncentracj\u0105 lub poruszaniem si\u0119. Ka\u017cdy tryb zawiera inteligentne poprawki wizualne i funkcjonalne, aby zapewni\u0107 u\u017cyteczno\u015b\u0107 i wygod\u0119. <\/p><p>Posiada r\u00f3wnie\u017c wbudowany modu\u0142 sprawdzania dost\u0119pno\u015bci do audytu, kt\u00f3ry sprawdza zgodno\u015b\u0107 witryny i wizualizuje ustalenia dotycz\u0105ce dost\u0119pno\u015bci w panelu wid\u017cetu. Pomaga to nie tylko rozwi\u0105zywa\u0107 problemy, ale tak\u017ce z dum\u0105 demonstrowa\u0107 zaanga\u017cowanie w dost\u0119pno\u015b\u0107. W pe\u0142ni zlokalizowany wid\u017cet oferuje obs\u0142ug\u0119 wieloj\u0119zyczn\u0105, aby zapewni\u0107 p\u0142ynne dzia\u0142anie u\u017cytkownikom na ca\u0142ym \u015bwiecie. <\/p><p><strong>Dodaj nasz wid\u017cet dost\u0119pno\u015bci do swojej witryny Elementor i poka\u017c \u015bwiatu, \u017ce Twoja witryna jest dla ka\u017cdego! <\/strong><\/p><\/div> <div class=\"application-platform-content-item-features application-platform-content-item\" id=\"features\" data-nav-section=\"features\"> <h2>To tylko kilka z wielu funkcji wid\u017cetu: <\/h2><ul><li><b>Gotowe tryby dla 8 scenariuszy u\u017cytkownika. <\/b> U\u017cytkownicy z r\u00f3\u017cnymi niepe\u0142nosprawno\u015bciami mog\u0105 znale\u017a\u0107 idealne ustawienia wst\u0119pne zapewniaj\u0105ce p\u0142ynne i przyjazne dla u\u017cytkownika przegl\u0105danie. <\/li><li><b>Dostosuj ustawienia witryny, aby wy\u015bwietli\u0107 tre\u015b\u0107. <\/b> Wid\u017cet zawiera ustawienia zaprojektowane w celu optymalizacji czytelno\u015bci, przep\u0142ywu u\u017cytkownika i dost\u0119pno\u015bci wizualnej. <\/li><li><b>Wbudowany modu\u0142 sprawdzania dost\u0119pno\u015bci. <\/b> Szybko przeskanuj swoj\u0105 witryn\u0119 pod k\u0105tem problem\u00f3w ze zgodno\u015bci\u0105 i ulepsz j\u0105, aby zapewni\u0107 lepsz\u0105 dost\u0119pno\u015b\u0107. <\/li><li><b>Odznaka zaufania z wynikiem dost\u0119pno\u015bci. <\/b> Publikuj wyniki audytu w wid\u017cecie, aby potwierdzi\u0107 swoje sta\u0142e zaanga\u017cowanie w przestrzeganie standard\u00f3w. <\/li><li><b>Dok\u0142adna lokalizacja. <\/b> Widget jest t\u0142umaczony i lokalizowany dla 76 kraj\u00f3w, aby zapewni\u0107 zgodno\u015b\u0107 i mi\u0119dzynarodow\u0105 dost\u0119pno\u015b\u0107. <\/li><\/ul><p><a href=\"#demo\">Po prostu poznaj wszystkie mocne strony wid\u017cetu w edytorze bezpo\u015brednio na tej stronie<\/a><\/p><\/div> <div class=\"application-platform-content-item-installation application-platform-content-item\" id=\"installation\" data-nav-section=\"installation\"> <h2>Jak osadzi\u0107 dost\u0119pno\u015b\u0107 w mojej witrynie Elementor? <\/h2><p>Oferujemy prosty spos\u00f3b na umieszczenie wid\u017cetu w Twojej witrynie Elementor. Zajmie to tylko kilka minut i nie wymaga kodowania. <\/p> <ol><li><strong>Zbuduj sw\u00f3j w\u0142asny wid\u017cet dost\u0119pno\u015bci<\/strong><br> Zacznij od dowolnego szablonu w edytorze, pracuj z wygodnymi elementami w nim zawartymi i dostosuj wid\u017cet do preferowanego stylu i ustawie\u0144. <\/li><li><strong>Uzyskaj osobisty kod, aby osadzi\u0107 wid\u017cet<\/strong><br> Gdy tylko sko\u0144czysz tworzy\u0107 wid\u017cet, otrzymasz indywidualny kod HTML na swoim pulpicie. Skopiuj kod, kt\u00f3ry zawiera wszystkie informacje dotycz\u0105ce Twoich zmian. <\/li> <li><strong>Wy\u015bwietl wid\u017cet na swojej stronie Elementor<\/strong><br> Wybierz obszary swojej strony, w kt\u00f3rych chcesz zaprezentowa\u0107 dost\u0119pno\u015b\u0107 i wklej tam kod. Zapisz zmiany. <\/li> <\/ol><p>To wszystko! Teraz sprawd\u017a, jak wid\u017cet dzia\u0142a na Twojej stronie. <\/p><p>Je\u015bli napotkasz jakiekolwiek trudno\u015bci podczas osadzania wid\u017cetu na swojej stronie, skontaktuj si\u0119 z naszym centrum pomocy. Ch\u0119tnie skonsultujemy si\u0119 z Tob\u0105 w sprawie dodania i dostosowania rozwi\u0105zania zgodno\u015bci. <\/p><\/div>","protected":false},"excerpt":{"rendered":"","protected":false},"author":9,"featured_media":0,"parent":9898,"menu_order":0,"comment_status":"closed","ping_status":"closed","template":"templates\/template-application-platform.php","meta":{"publish_to_discourse":"","publish_post_category":"","wpdc_auto_publish_overridden":"","wpdc_topic_tags":"","wpdc_pin_topic":"","wpdc_pin_until":"","discourse_post_id":"","discourse_permalink":"","wpdc_publishing_response":"","wpdc_publishing_error":"","footnotes":""},"class_list":["post-9992","page","type-page","status-publish","hentry"],"yoast_head":"<!-- This site is optimized with the Yoast SEO plugin v25.3.1 - https:\/\/yoast.com\/wordpress\/plugins\/seo\/ -->\n<title>Widget dost\u0119pno\u015bci Elementor \u2014 dodaj zgodno\u015b\u0107 ze swoj\u0105 witryn\u0105 [ZA DARMO]<\/title>\n<meta name=\"description\" content=\"Dodaj bezkodowy wid\u017cet dost\u0119pno\u015bci do swojej witryny Elementor. U\u017cyj prostego edytora Elfsight, aby \u0142atwo utworzy\u0107 w\u0142asne rozwi\u0105zanie.\" \/>\n<meta name=\"robots\" content=\"index, follow, max-snippet:-1, max-image-preview:large, max-video-preview:-1\" \/>\n<link rel=\"canonical\" href=\"https:\/\/elfsight.com\/pl\/accessibility-widget\/elementor\/\" \/>\n<meta property=\"og:locale\" content=\"pl_PL\" \/>\n<meta property=\"og:type\" content=\"article\" \/>\n<meta property=\"og:title\" content=\"Widget dost\u0119pno\u015bci Elementor \u2014 dodaj zgodno\u015b\u0107 ze swoj\u0105 witryn\u0105 [ZA DARMO]\" \/>\n<meta property=\"og:description\" content=\"Dodaj bezkodowy wid\u017cet dost\u0119pno\u015bci do swojej witryny Elementor. U\u017cyj prostego edytora Elfsight, aby \u0142atwo utworzy\u0107 w\u0142asne rozwi\u0105zanie.\" \/>\n<meta property=\"og:url\" content=\"https:\/\/elfsight.com\/pl\/accessibility-widget\/elementor\/\" \/>\n<meta property=\"og:site_name\" content=\"Elfsight PL\" \/>\n<meta property=\"article:modified_time\" content=\"2025-05-30T12:42:42+00:00\" \/>\n<meta name=\"twitter:card\" content=\"summary_large_image\" \/>\n<meta name=\"twitter:label1\" content=\"Szacowany czas czytania\" \/>\n\t<meta name=\"twitter:data1\" content=\"2 minuty\" \/>\n<!-- \/ Yoast SEO plugin. -->","yoast_head_json":{"title":"Widget dost\u0119pno\u015bci Elementor \u2014 dodaj zgodno\u015b\u0107 ze swoj\u0105 witryn\u0105 [ZA DARMO]","description":"Dodaj bezkodowy wid\u017cet dost\u0119pno\u015bci do swojej witryny Elementor. U\u017cyj prostego edytora Elfsight, aby \u0142atwo utworzy\u0107 w\u0142asne rozwi\u0105zanie.","robots":{"index":"index","follow":"follow","max-snippet":"max-snippet:-1","max-image-preview":"max-image-preview:large","max-video-preview":"max-video-preview:-1"},"canonical":"https:\/\/elfsight.com\/pl\/accessibility-widget\/elementor\/","og_locale":"pl_PL","og_type":"article","og_title":"Widget dost\u0119pno\u015bci Elementor \u2014 dodaj zgodno\u015b\u0107 ze swoj\u0105 witryn\u0105 [ZA DARMO]","og_description":"Dodaj bezkodowy wid\u017cet dost\u0119pno\u015bci do swojej witryny Elementor. U\u017cyj prostego edytora Elfsight, aby \u0142atwo utworzy\u0107 w\u0142asne rozwi\u0105zanie.","og_url":"https:\/\/elfsight.com\/pl\/accessibility-widget\/elementor\/","og_site_name":"Elfsight PL","article_modified_time":"2025-05-30T12:42:42+00:00","twitter_card":"summary_large_image","twitter_misc":{"Szacowany czas czytania":"2 minuty"},"schema":{"@context":"https:\/\/schema.org","@graph":[{"@type":"WebPage","@id":"https:\/\/elfsight.com\/pl\/accessibility-widget\/elementor\/","url":"https:\/\/elfsight.com\/pl\/accessibility-widget\/elementor\/","name":"Widget dost\u0119pno\u015bci Elementor \u2014 dodaj zgodno\u015b\u0107 ze swoj\u0105 witryn\u0105 [ZA DARMO]","isPartOf":{"@id":"https:\/\/elfsight.com\/pl\/#website"},"datePublished":"2025-05-20T12:00:51+00:00","dateModified":"2025-05-30T12:42:42+00:00","description":"Dodaj bezkodowy wid\u017cet dost\u0119pno\u015bci do swojej witryny Elementor. U\u017cyj prostego edytora Elfsight, aby \u0142atwo utworzy\u0107 w\u0142asne rozwi\u0105zanie.","breadcrumb":{"@id":"https:\/\/elfsight.com\/pl\/accessibility-widget\/elementor\/#breadcrumb"},"inLanguage":"pl-PL","potentialAction":[{"@type":"ReadAction","target":["https:\/\/elfsight.com\/pl\/accessibility-widget\/elementor\/"]}]},{"@type":"BreadcrumbList","@id":"https:\/\/elfsight.com\/pl\/accessibility-widget\/elementor\/#breadcrumb","itemListElement":[{"@type":"ListItem","position":1,"name":"Home","item":"https:\/\/elfsight.com\/pl\/"},{"@type":"ListItem","position":2,"name":"Accessibility","item":"https:\/\/elfsight.com\/pl\/accessibility-widget\/"},{"@type":"ListItem","position":3,"name":"Accessibility &#8211; Elementor"}]},{"@type":"WebSite","@id":"https:\/\/elfsight.com\/pl\/#website","url":"https:\/\/elfsight.com\/pl\/","name":"Elfsight PL","description":"Just another Elfsight Sites site","potentialAction":[{"@type":"SearchAction","target":{"@type":"EntryPoint","urlTemplate":"https:\/\/elfsight.com\/pl\/?s={search_term_string}"},"query-input":{"@type":"PropertyValueSpecification","valueRequired":true,"valueName":"search_term_string"}}],"inLanguage":"pl-PL"}]}},"meta_box":{"industry":"","seo_heading":"","heading":"","description":"","cta_heading":"","cta_description":"","application":"9893","h1":"Widget dost\u0119pno\u015bci dla witryny Elementor","h1_caption":"Umo\u017cliw ka\u017cdemu odwiedzaj\u0105cemu Twoj\u0105 witryn\u0119 Elementor dost\u0119p do wid\u017cetu zgodno\u015bci, kt\u00f3ry dostosowuje Twoje tre\u015bci do os\u00f3b niepe\u0142nosprawnych. Zwi\u0119ksz inkluzywno\u015b\u0107, u\u017cyteczno\u015b\u0107 i dost\u0119pno\u015b\u0107 na platformie typu \u201ewszystko w jednym\u201d.","application_category":[],"applications_title":"","applications_request_title":"","applications_request_button_text":"","hero_text":"","hero_video":"","hero_video_schema_markup":"","selling_points_title":"","selling_points_caption":"","selling_points":[],"selling_points_cta_text":"","features_title":"","features":"","ed_cta_examples_text":"","ed_cta_examples_hidden":"","ed_cta_demo_text":"","ed_cta_demo_hidden":"","why_caption":"","why_editor_title":"","why_editor_text":"","why_team_title":"","why_team_text":"","why_service_title":"","why_service_text":"","template_catalog_visible":"","template_catalog_title":"","template_catalog_text":"","template_catalog_categories_visible":"","demo_title":"Utw\u00f3rz sw\u00f3j wid\u017cet u\u0142atwie\u0144 dost\u0119pu","demo_caption":"Skonfiguruj swoje u\u0142atwienia dost\u0119pu i dodaj je do swojej witryny Elementor zupe\u0142nie za darmo!","default_faq_hidden":"","app_template_category":[],"platform":"268","template_public_id":"","codecanyon_url":"","codecanyon_item_id":"","codecanyon_price":"","pricing_caption":"","pricing_elfsight_apps_hide_column":"","pricing_elfsight_apps_url":"","pricing_codecanyon_price_caption":"","integration_category":[],"integration_request_title":"","integration_request_cta":"","integration_platform":"","integrations":[],"platform_category":[],"video_schema_markup":"","price":"od 0 z\u0142\/miesi\u0105c","trial":"","benefits":[],"button_url":"#demo","button_target_blank":"0","button_nofollow":"","attributes":[{"name":"Instaluje","content":"50,000 - 100,000","_state":"expanded"},{"name":"Czu\u0142y","content":"Tak","_state":"expanded"},{"name":"Kompatybilne przegl\u0105darki","content":"Firefox, Safari, Opera, Chrome, Edge","_state":"expanded"}],"tags":[],"tags_disable_links":"","hide_more_platforms":"","video_object":"","demo_hide_cta":"","demo_hide_cloud_options":"","pricing_title":"","pricing":[{"pricing_icon":"platform","pricing_title":"Elfsight Apps","pricing_title_caption":"Oprogramowanie multiplatformowe","pricing_price":"od 0 z\u0142\/miesi\u0105c","pricing_price_caption":"zacznij od darmowego planu","pricing_button_text":"Dodaj do witryny","pricing_button_url":"#demo"}],"related_apps_title":"","related_apps_hidden":"","author":"","image":[],"title":"","job":"","social_networks":[]},"_links":{"self":[{"href":"https:\/\/elfsight.com\/pl\/wp-json\/wp\/v2\/pages\/9992","targetHints":{"allow":["GET"]}}],"collection":[{"href":"https:\/\/elfsight.com\/pl\/wp-json\/wp\/v2\/pages"}],"about":[{"href":"https:\/\/elfsight.com\/pl\/wp-json\/wp\/v2\/types\/page"}],"author":[{"embeddable":true,"href":"https:\/\/elfsight.com\/pl\/wp-json\/wp\/v2\/users\/9"}],"replies":[{"embeddable":true,"href":"https:\/\/elfsight.com\/pl\/wp-json\/wp\/v2\/comments?post=9992"}],"version-history":[{"count":1,"href":"https:\/\/elfsight.com\/pl\/wp-json\/wp\/v2\/pages\/9992\/revisions"}],"predecessor-version":[{"id":9996,"href":"https:\/\/elfsight.com\/pl\/wp-json\/wp\/v2\/pages\/9992\/revisions\/9996"}],"up":[{"embeddable":true,"href":"https:\/\/elfsight.com\/pl\/wp-json\/wp\/v2\/pages\/9898"}],"wp:attachment":[{"href":"https:\/\/elfsight.com\/pl\/wp-json\/wp\/v2\/media?parent=9992"}],"curies":[{"name":"wp","href":"https:\/\/api.w.org\/{rel}","templated":true}]}}