{"id":9982,"date":"2025-05-20T12:54:58","date_gmt":"2025-05-20T12:54:58","guid":{"rendered":"https:\/\/elfsight.com\/pl\/?page_id=9982"},"modified":"2025-06-26T13:06:04","modified_gmt":"2025-06-26T13:06:04","slug":"jquery","status":"publish","type":"page","link":"https:\/\/elfsight.com\/pl\/accessibility-widget\/jquery\/","title":{"rendered":"Accessibility &#8211; jQuery"},"content":{"rendered":"<div class=\"application-platform-content-item-description application-platform-content-item\" id=\"description\" data-nav-section=\"description\">\n<h2>Opis<\/h2>\n<p>Wid\u017cet u\u0142atwie\u0144 dost\u0119pu Elfsight to kompleksowe rozwi\u0105zanie zaprojektowane, aby Twoja witryna by\u0142a w pe\u0142ni zgodna z kluczowymi standardami dost\u0119pno\u015bci, takimi jak WCAG 2.1 i Sekcja 508. Pomaga to unikn\u0105\u0107 kar prawnych i dotrze\u0107 do szerszej grupy odbiorc\u00f3w, zapewniaj\u0105c \u0142atwy dost\u0119p do Twoich tre\u015bci. Intuicyjny interfejs wid\u017cetu i r\u00f3\u017cnorodne funkcje pomagaj\u0105 u\u017cytkownikom z r\u00f3\u017cnymi niepe\u0142nosprawno\u015bciami dostosowa\u0107 witryn\u0119 do swoich potrzeb, co znacznie poprawia komfort przegl\u0105dania i interakcj\u0119 z Twoimi tre\u015bciami.<\/p>\n<p><b>Zapewnij pe\u0142n\u0105 zgodno\u015b\u0107 swojej witryny ze standardami dost\u0119pno\u015bci, dotrzyj do szerszej grupy odbiorc\u00f3w i uniknij kar prawnych.<\/b><\/p>\n<\/div>\n\n\n<div class=\"application-platform-content-item-features application-platform-content-item\" id=\"features\" data-nav-section=\"features\">\n<h2>Funkcje wtyczki u\u0142atwie\u0144 dost\u0119pu dla jQuery<\/h2>\n<p>Oto najwa\u017cniejsze funkcje, kt\u00f3re sprawiaj\u0105, \u017ce wtyczka u\u0142atwie\u0144 dost\u0119pu Elfsight jest najlepszym wyborem dla Twojej witryny jQuery:<\/p>\n<ul>\n    <li><b>8 scenariuszy u\u017cytkownika. <\/b>Osoby z r\u00f3\u017cnymi niepe\u0142nosprawno\u015bciami mog\u0105 wybra\u0107 idealny tryb dost\u0119pno\u015bci, aby porusza\u0107 si\u0119 po Twojej witrynie z \u0142atwo\u015bci\u0105 i pewno\u015bci\u0105 siebie.<\/li>\n    <li><b>Dostosuj ustawienia witryny, aby wy\u015bwietli\u0107 zawarto\u015b\u0107. <\/b>Wtyczka ma ustawienia poprawiaj\u0105ce czytelno\u015b\u0107 tekstu, nawigacj\u0119 i kolory.<\/li>\n    <li><b>Wbudowany modu\u0142 sprawdzaj\u0105cy dost\u0119pno\u015b\u0107. <\/b>Szybko przeskanuj swoj\u0105 witryn\u0119 pod k\u0105tem problem\u00f3w ze zgodno\u015bci\u0105 i ulepsz j\u0105, aby uzyska\u0107 lepsz\u0105 dost\u0119pno\u015b\u0107.<\/li>\n    <li><b>Odznaka zaufania z wynikiem dost\u0119pno\u015bci. <\/b>Wy\u015bwietl wyniki wbudowanego audytu, aby udowodni\u0107 swoje zaanga\u017cowanie w zachowanie zgodno\u015bci.<\/li>\n    <li><b>Dok\u0142adna lokalizacja. <\/b>Wtyczka jest t\u0142umaczona i zlokalizowana dla 76 kraj\u00f3w, aby zapewni\u0107 zar\u00f3wno zgodno\u015b\u0107, jak i mi\u0119dzynarodow\u0105 dost\u0119pno\u015b\u0107.<\/li>\n<\/ul>\n<p><a href=\"#demo\">Po prostu odkryj wszystkie mo\u017cliwo\u015bci naszej wtyczki w edytorze bezpo\u015brednio na tej stronie<\/a><\/p>\n<\/div>\n\n\n<div class=\"application-platform-content-item-installation application-platform-content-item\" id=\"installation\" data-nav-section=\"installation\">\n<h2>Jak osadzi\u0107 Accessibility w mojej witrynie jQuery?<\/h2>\n<p>Znajd\u017a ten prosty spos\u00f3b, aby mie\u0107 wtyczk\u0119 w swojej witrynie jQuery. Zajmie to tylko kilka minut i nie wymaga kodowania.<\/p>\n<ol>\n    <li><b><strong>Utw\u00f3rz swoj\u0105 osobist\u0105 wtyczk\u0119 Accessibility<\/strong><\/b><br> Zacznij od dowolnego szablonu w edytorze, pracuj z przyjaznymi dla u\u017cytkownika elementami w nim zawartymi i dostosuj wtyczk\u0119 do preferowanego stylu i opcji.<\/li>\n    <li><b><strong>Uzyskaj osobisty kod, aby osadzi\u0107 wtyczk\u0119<\/strong><\/b><br> Gdy tylko sko\u0144czysz budowa\u0107 wtyczk\u0119, otrzymasz indywidualny kod HTML w swoim panelu. Skopiuj ten kod, kt\u00f3ry zawiera wszystkie szczeg\u00f3\u0142y dotycz\u0105ce Twoich ustawie\u0144.<\/li>\n    <li><b><strong>Zaprezentuj wtyczk\u0119 na swojej stronie jQuery<\/strong><\/b><br> Wybierz sekcje swojej strony, w kt\u00f3rych chcesz wy\u015bwietli\u0107 dost\u0119pno\u015b\u0107 i wklej tam kod. Zapisz zmiany.<\/li>\n    <li><b><strong>Gotowe!<\/strong><\/b><br> Teraz sprawd\u017a, jak wtyczka dzia\u0142a na Twojej stronie.<\/li>\n<\/ol>\n<p>Je\u015bli napotkasz jakiekolwiek problemy podczas osadzania wtyczki na swojej stronie, skontaktuj si\u0119 z naszym dzia\u0142em obs\u0142ugi klienta. Ch\u0119tnie pomo\u017cemy Ci w dodaniu i zarz\u0105dzaniu rozwi\u0105zaniem zgodno\u015bci.<\/p>\n<\/div>\n\n<h2>Najcz\u0119\u015bciej zadawane pytania dotycz\u0105ce dost\u0119pno\u015bci w jQuery<\/h2>\n<div class=\"faq\" data-component=\"FAQ\">\n<div class=\"faq-item\">\r\n\t\t\t\t\t<div class=\"faq-item-question\">\r\n\t\t\t\t\t\t<h3 class=\"faq-item-question-text\">Czy wtyczka u\u0142atwie\u0144 dost\u0119pu Elfsight jest zgodna z WCAG 2.1?<\/h3>\r\n\r\n\t\t\t\t\t\t<div class=\"faq-item-question-icon\"><\/div>\r\n\t\t\t\t\t<\/div>\r\n\r\n\t\t\t\t\t<div class=\"faq-item-answer\">\r\n\t\t\t\t\t\t<div class=\"faq-item-answer-text\">\n<p>Tak, wtyczka u\u0142atwie\u0144 dost\u0119pu Elfsight zosta\u0142a zaprojektowana tak, aby wspiera\u0107 zgodno\u015b\u0107 z WCAG 2.1 na poziomie AA i AAA. Regularnie aktualizujemy j\u0105, aby spe\u0142nia\u0142a najnowsze wytyczne dotycz\u0105ce dost\u0119pno\u015bci.<\/p>\n<\/div>\r\n\t\t\t\t\t<\/div>\r\n\t\t\t\t<\/div>\n<div class=\"faq-item\">\r\n\t\t\t\t\t<div class=\"faq-item-question\">\r\n\t\t\t\t\t\t<h3 class=\"faq-item-question-text\">Czy mog\u0119 dostosowa\u0107 wygl\u0105d wid\u017cetu u\u0142atwie\u0144 dost\u0119pu?<\/h3>\r\n\r\n\t\t\t\t\t\t<div class=\"faq-item-question-icon\"><\/div>\r\n\t\t\t\t\t<\/div>\r\n\r\n\t\t\t\t\t<div class=\"faq-item-answer\">\r\n\t\t\t\t\t\t<div class=\"faq-item-answer-text\">\n<p>Tak, wid\u017cet oferuje szerokie mo\u017cliwo\u015bci dostosowywania wygl\u0105du, w tym kolory, rozmiar ikon i po\u0142o\u017cenie na stronie, aby idealnie pasowa\u0142 do Twojej witryny.<\/p>\n<\/div>\r\n\t\t\t\t\t<\/div>\r\n\t\t\t\t<\/div>\n<div class=\"faq-item\">\r\n\t\t\t\t\t<div class=\"faq-item-question\">\r\n\t\t\t\t\t\t<h3 class=\"faq-item-question-text\">Czy wtyczka wp\u0142ywa na wydajno\u015b\u0107 mojej witryny?<\/h3>\r\n\r\n\t\t\t\t\t\t<div class=\"faq-item-question-icon\"><\/div>\r\n\t\t\t\t\t<\/div>\r\n\r\n\t\t\t\t\t<div class=\"faq-item-answer\">\r\n\t\t\t\t\t\t<div class=\"faq-item-answer-text\">\n<p>Wtyczka Elfsight Accessibility jest zoptymalizowana pod k\u0105tem wydajno\u015bci, co minimalizuje jej wp\u0142yw na szybko\u015b\u0107 \u0142adowania strony. Jest lekka i asynchroniczna, co oznacza, \u017ce nie blokuje renderowania innych element\u00f3w witryny.<\/p>\n<\/div>\r\n\t\t\t\t\t<\/div>\r\n\t\t\t\t<\/div>\n<\/div>","protected":false},"excerpt":{"rendered":"Najcz\u0119\u015bciej zadawane pytania dotycz\u0105ce dost\u0119pno\u015bci w jQuery","protected":false},"author":9,"featured_media":0,"parent":9898,"menu_order":0,"comment_status":"closed","ping_status":"closed","template":"templates\/template-application-platform.php","meta":{"publish_to_discourse":"","publish_post_category":"","wpdc_auto_publish_overridden":"","wpdc_topic_tags":"","wpdc_pin_topic":"","wpdc_pin_until":"","discourse_post_id":"","discourse_permalink":"","wpdc_publishing_response":"","wpdc_publishing_error":"","footnotes":""},"class_list":["post-9982","page","type-page","status-publish","hentry"],"yoast_head":"<!-- This site is optimized with the Yoast SEO plugin v25.3.1 - https:\/\/yoast.com\/wordpress\/plugins\/seo\/ -->\n<title>Wtyczka jQuery Accessibility \u2014 dodaj zgodno\u015b\u0107 ze swoj\u0105 witryn\u0105 [ZA DARMO]<\/title>\n<meta name=\"description\" content=\"Dodaj wtyczk\u0119 Accessibility bez kodu na swojej stronie jQuery. Sprawd\u017a szybki edytor Elfsight, aby bez wysi\u0142ku stworzy\u0107 w\u0142asne rozwi\u0105zanie.\" \/>\n<meta name=\"robots\" content=\"index, follow, max-snippet:-1, max-image-preview:large, max-video-preview:-1\" \/>\n<link rel=\"canonical\" href=\"https:\/\/elfsight.com\/pl\/accessibility-widget\/jquery\/\" \/>\n<meta property=\"og:locale\" content=\"pl_PL\" \/>\n<meta property=\"og:type\" content=\"article\" \/>\n<meta property=\"og:title\" content=\"Wtyczka jQuery Accessibility \u2014 dodaj zgodno\u015b\u0107 ze swoj\u0105 witryn\u0105 [ZA DARMO]\" \/>\n<meta property=\"og:description\" content=\"Dodaj wtyczk\u0119 Accessibility bez kodu na swojej stronie jQuery. Sprawd\u017a szybki edytor Elfsight, aby bez wysi\u0142ku stworzy\u0107 w\u0142asne rozwi\u0105zanie.\" \/>\n<meta property=\"og:url\" content=\"https:\/\/elfsight.com\/pl\/accessibility-widget\/jquery\/\" \/>\n<meta property=\"og:site_name\" content=\"Elfsight PL\" \/>\n<meta property=\"article:modified_time\" content=\"2025-06-26T13:06:04+00:00\" \/>\n<meta name=\"twitter:card\" content=\"summary_large_image\" \/>\n<meta name=\"twitter:label1\" content=\"Szacowany czas czytania\" \/>\n\t<meta name=\"twitter:data1\" content=\"3 minuty\" \/>\n<!-- \/ Yoast SEO plugin. -->","yoast_head_json":{"title":"Wtyczka jQuery Accessibility \u2014 dodaj zgodno\u015b\u0107 ze swoj\u0105 witryn\u0105 [ZA DARMO]","description":"Dodaj wtyczk\u0119 Accessibility bez kodu na swojej stronie jQuery. Sprawd\u017a szybki edytor Elfsight, aby bez wysi\u0142ku stworzy\u0107 w\u0142asne rozwi\u0105zanie.","robots":{"index":"index","follow":"follow","max-snippet":"max-snippet:-1","max-image-preview":"max-image-preview:large","max-video-preview":"max-video-preview:-1"},"canonical":"https:\/\/elfsight.com\/pl\/accessibility-widget\/jquery\/","og_locale":"pl_PL","og_type":"article","og_title":"Wtyczka jQuery Accessibility \u2014 dodaj zgodno\u015b\u0107 ze swoj\u0105 witryn\u0105 [ZA DARMO]","og_description":"Dodaj wtyczk\u0119 Accessibility bez kodu na swojej stronie jQuery. Sprawd\u017a szybki edytor Elfsight, aby bez wysi\u0142ku stworzy\u0107 w\u0142asne rozwi\u0105zanie.","og_url":"https:\/\/elfsight.com\/pl\/accessibility-widget\/jquery\/","og_site_name":"Elfsight PL","article_modified_time":"2025-06-26T13:06:04+00:00","twitter_card":"summary_large_image","twitter_misc":{"Szacowany czas czytania":"3 minuty"},"schema":{"@context":"https:\/\/schema.org","@graph":[{"@type":"WebPage","@id":"https:\/\/elfsight.com\/pl\/accessibility-widget\/jquery\/","url":"https:\/\/elfsight.com\/pl\/accessibility-widget\/jquery\/","name":"Wtyczka jQuery Accessibility \u2014 dodaj zgodno\u015b\u0107 ze swoj\u0105 witryn\u0105 [ZA DARMO]","isPartOf":{"@id":"https:\/\/elfsight.com\/pl\/#website"},"datePublished":"2025-05-20T12:54:58+00:00","dateModified":"2025-06-26T13:06:04+00:00","description":"Dodaj wtyczk\u0119 Accessibility bez kodu na swojej stronie jQuery. Sprawd\u017a szybki edytor Elfsight, aby bez wysi\u0142ku stworzy\u0107 w\u0142asne rozwi\u0105zanie.","breadcrumb":{"@id":"https:\/\/elfsight.com\/pl\/accessibility-widget\/jquery\/#breadcrumb"},"inLanguage":"pl-PL","potentialAction":[{"@type":"ReadAction","target":["https:\/\/elfsight.com\/pl\/accessibility-widget\/jquery\/"]}]},{"@type":"BreadcrumbList","@id":"https:\/\/elfsight.com\/pl\/accessibility-widget\/jquery\/#breadcrumb","itemListElement":[{"@type":"ListItem","position":1,"name":"Home","item":"https:\/\/elfsight.com\/pl\/"},{"@type":"ListItem","position":2,"name":"Accessibility","item":"https:\/\/elfsight.com\/pl\/accessibility-widget\/"},{"@type":"ListItem","position":3,"name":"Accessibility &#8211; jQuery"}]},{"@type":"WebSite","@id":"https:\/\/elfsight.com\/pl\/#website","url":"https:\/\/elfsight.com\/pl\/","name":"Elfsight PL","description":"Just another Elfsight Sites site","potentialAction":[{"@type":"SearchAction","target":{"@type":"EntryPoint","urlTemplate":"https:\/\/elfsight.com\/pl\/?s={search_term_string}"},"query-input":{"@type":"PropertyValueSpecification","valueRequired":true,"valueName":"search_term_string"}}],"inLanguage":"pl-PL"}]}},"meta_box":{"industry":"","seo_heading":"","heading":"","description":"","cta_heading":"","cta_description":"","application":"9893","h1":"Wtyczka u\u0142atwiaj\u0105ca dost\u0119p do witryny jQuery","h1_caption":"Przywitaj ka\u017cdego odwiedzaj\u0105cego Twoj\u0105 witryn\u0119 jQuery za pomoc\u0105 wtyczki compliance, kt\u00f3ra dostosowuje Twoj\u0105 tre\u015b\u0107 do wszystkich mo\u017cliwo\u015bci. Zwi\u0119ksz inkluzywno\u015b\u0107, u\u017cyteczno\u015b\u0107 i dost\u0119pno\u015b\u0107 w jednym inteligentnym systemie.","application_category":[],"applications_title":"","applications_request_title":"","applications_request_button_text":"","hero_text":"","hero_video":"","hero_video_schema_markup":"","selling_points_title":"","selling_points_caption":"","selling_points":[],"selling_points_cta_text":"","features_title":"","features":"","ed_cta_examples_text":"","ed_cta_examples_hidden":"","ed_cta_demo_text":"","ed_cta_demo_hidden":"","why_caption":"","why_editor_title":"","why_editor_text":"","why_team_title":"","why_team_text":"","why_service_title":"","why_service_text":"","template_catalog_visible":"0","template_catalog_title":"","template_catalog_text":"","template_catalog_categories_visible":"","demo_title":"Utw\u00f3rz wtyczk\u0119 U\u0142atwie\u0144 dost\u0119pu","demo_caption":"Skonfiguruj u\u0142atwienia dost\u0119pu i dodaj je do swojej witryny jQuery zupe\u0142nie za darmo!","default_faq_hidden":"","app_template_category":[],"platform":"56","template_public_id":"","codecanyon_url":"","codecanyon_item_id":"","codecanyon_price":"","pricing_caption":"","pricing_elfsight_apps_hide_column":"","pricing_elfsight_apps_url":"","pricing_codecanyon_price_caption":"","integration_category":[],"integration_request_title":"","integration_request_cta":"","integration_platform":"","integrations":[],"platform_category":[],"video_schema_markup":"","price":"od 0 z\u0142\/miesi\u0105c","trial":"","benefits":[],"button_url":"#demo","button_target_blank":"0","button_nofollow":"0","attributes":[{"name":"Instaluje","content":"50,000 - 100,000","_state":"expanded"},{"name":"Czu\u0142y","content":"Tak","_state":"expanded"},{"name":"Kompatybilne przegl\u0105darki","content":"Firefox, Safari, Opera, Chrome, Edge","_state":"expanded"}],"tags":[],"tags_disable_links":"0","hide_more_platforms":"0","video_object":"","demo_hide_cta":"0","demo_hide_cloud_options":"0","pricing_title":"","pricing":[{"pricing_icon":"platform","pricing_title":"Elfsight Apps","pricing_title_caption":"Rozwi\u0105zanie wieloplatformowe, kt\u00f3re sprawdzi si\u0119 w ka\u017cdej witrynie","pricing_price":"od 0 z\u0142\/miesi\u0105c","pricing_price_caption":"zacznij od darmowego planu","pricing_button_text":"Dodaj do witryny","pricing_button_url":"#demo"}],"related_apps_title":"","related_apps_hidden":"0","author":"","image":[],"title":"","job":"","social_networks":[]},"_links":{"self":[{"href":"https:\/\/elfsight.com\/pl\/wp-json\/wp\/v2\/pages\/9982","targetHints":{"allow":["GET"]}}],"collection":[{"href":"https:\/\/elfsight.com\/pl\/wp-json\/wp\/v2\/pages"}],"about":[{"href":"https:\/\/elfsight.com\/pl\/wp-json\/wp\/v2\/types\/page"}],"author":[{"embeddable":true,"href":"https:\/\/elfsight.com\/pl\/wp-json\/wp\/v2\/users\/9"}],"replies":[{"embeddable":true,"href":"https:\/\/elfsight.com\/pl\/wp-json\/wp\/v2\/comments?post=9982"}],"version-history":[{"count":3,"href":"https:\/\/elfsight.com\/pl\/wp-json\/wp\/v2\/pages\/9982\/revisions"}],"predecessor-version":[{"id":10541,"href":"https:\/\/elfsight.com\/pl\/wp-json\/wp\/v2\/pages\/9982\/revisions\/10541"}],"up":[{"embeddable":true,"href":"https:\/\/elfsight.com\/pl\/wp-json\/wp\/v2\/pages\/9898"}],"wp:attachment":[{"href":"https:\/\/elfsight.com\/pl\/wp-json\/wp\/v2\/media?parent=9982"}],"curies":[{"name":"wp","href":"https:\/\/api.w.org\/{rel}","templated":true}]}}