{"id":9981,"date":"2025-05-20T12:58:04","date_gmt":"2025-05-20T12:58:04","guid":{"rendered":"https:\/\/elfsight.com\/pl\/?page_id=9981"},"modified":"2025-05-30T12:42:33","modified_gmt":"2025-05-30T12:42:33","slug":"weebly","status":"publish","type":"page","link":"https:\/\/elfsight.com\/pl\/accessibility-widget\/weebly\/","title":{"rendered":"Accessibility &#8211; Weebly"},"content":{"rendered":"<div class=\"application-platform-content-item-description application-platform-content-item\" id=\"description\" data-nav-section=\"description\"> <h2>Wbuduj dost\u0119pno\u015b\u0107 do Weebly za pomoc\u0105 aplikacji Elfsight<\/h2> <p>Aplikacja dost\u0119pno\u015bci poprawia inkluzywno\u015b\u0107 Twojej witryny, u\u0142atwiaj\u0105c nawigacj\u0119 i czytanie u\u017cytkownikom o r\u00f3\u017cnych potrzebach. Wyposa\u017cona w predefiniowane profile dost\u0119pno\u015bci, automatycznie dostosowuje Twoj\u0105 witryn\u0119 do u\u017cytkownik\u00f3w z upo\u015bledzeniami wzroku, funkcji poznawczych lub motorycznych. Ka\u017cdy tryb obejmuje inteligentne ulepszenia wizualne i u\u017cyteczno\u015bci, aby zapewni\u0107 u\u017cyteczno\u015b\u0107 i wygod\u0119. <\/p><p>Posiada r\u00f3wnie\u017c wbudowany modu\u0142 sprawdzania dost\u0119pno\u015bci do audytu, aby sprawdzi\u0107 zgodno\u015b\u0107 Twojej witryny i wizualizowa\u0107 ustalenia dotycz\u0105ce dost\u0119pno\u015bci w panelu aplikacji. Pomaga to nie tylko rozwi\u0105zywa\u0107 problemy, ale tak\u017ce z dum\u0105 demonstrowa\u0107 Twoje zaanga\u017cowanie w dost\u0119pno\u015b\u0107. W pe\u0142ni zlokalizowana aplikacja oferuje obs\u0142ug\u0119 wieloj\u0119zyczn\u0105, aby zapewni\u0107 p\u0142ynne dzia\u0142anie u\u017cytkownikom na ca\u0142ym \u015bwiecie. <\/p><p><strong>Ulepsz swoj\u0105 witryn\u0119 Weebly za pomoc\u0105 naszej aplikacji dost\u0119pno\u015bci i udowodnij, \u017ce jest przeznaczona dla wszystkich u\u017cytkownik\u00f3w! <\/strong><\/p><\/div> <div class=\"application-platform-content-item-features application-platform-content-item\" id=\"features\" data-nav-section=\"features\"> <h2>Podstawowe funkcje aplikacji obejmuj\u0105<\/h2><ul><li><b>Gotowe tryby dla 8 scenariuszy u\u017cytkownika. <\/b> U\u017cytkownicy z r\u00f3\u017cnymi niepe\u0142nosprawno\u015bciami mog\u0105 znale\u017a\u0107 idealne ustawienia wst\u0119pne, aby porusza\u0107 si\u0119 po Twojej witrynie z \u0142atwo\u015bci\u0105 i pewno\u015bci\u0105 siebie. <\/li><li><b>Dostosuj ustawienia witryny, aby wy\u015bwietla\u0107 zawarto\u015b\u0107. <\/b> Aplikacja zawiera opcje dostosowywania, aby poprawi\u0107 przejrzysto\u015b\u0107 tekstu, nawigacj\u0119 w witrynie i kontrast kolor\u00f3w. <\/li><li><b>Wbudowany modu\u0142 sprawdzania dost\u0119pno\u015bci. <\/b> \u0141atwo przeanalizuj swoj\u0105 witryn\u0119 pod k\u0105tem s\u0142abych punkt\u00f3w i ulepsz j\u0105, aby uzyska\u0107 lepsz\u0105 dost\u0119pno\u015b\u0107. <\/li><li><b>Odznaka zaufania z wynikiem dost\u0119pno\u015bci. <\/b> Zaprezentuj wyniki audytu, aby wykaza\u0107 swoje zaanga\u017cowanie w zgodno\u015b\u0107 z przepisami dotycz\u0105cymi dost\u0119pno\u015bci. <\/li><li><b>Dok\u0142adna lokalizacja. <\/b> Aplikacja obs\u0142uguje lokalizacj\u0119 i t\u0142umaczenie dla 76 kraj\u00f3w, spe\u0142niaj\u0105c globalne standardy zgodno\u015bci i potrzeby dotycz\u0105ce dost\u0119pno\u015bci. <\/li><\/ul><p><a href=\"#demo\">Sprawd\u017a edytor online, aby dowiedzie\u0107 si\u0119, jak dzia\u0142a aplikacja<\/a><\/p><\/div> <div class=\"application-platform-content-item-installation application-platform-content-item\" id=\"installation\" data-nav-section=\"installation\"> <h2>Jak osadzi\u0107 u\u0142atwienia dost\u0119pu w mojej witrynie Weebly? <\/h2><p>Sprawd\u017a ten prosty przewodnik, aby mie\u0107 aplikacj\u0119 w swojej witrynie Weebly. Zajmie to tylko kilka minut i nie wymaga kodowania. <\/p> <ol><li><strong>Utw\u00f3rz w\u0142asn\u0105 aplikacj\u0119 u\u0142atwie\u0144 dost\u0119pu<\/strong><br> Zacznij od dowolnego szablonu w edytorze, pracuj z wygodnymi elementami w nim zawartymi i dostosuj aplikacj\u0119 do preferowanego projektu i ustawie\u0144. <\/li><li><strong>Otrzymaj osobisty kod do osadzenia aplikacji<\/strong><br> Gdy tylko sko\u0144czysz tworzy\u0107 aplikacj\u0119, otrzymasz indywidualny kod HTML w swoim panelu. Skopiuj ten kod, kt\u00f3ry zawiera wszystkie informacje dotycz\u0105ce Twoich dostosowa\u0144. <\/li> <li><strong>Zaprezentuj aplikacj\u0119 na swojej stronie internetowej Weebly<\/strong><br> Wybierz obszary swojej strony internetowej, w kt\u00f3rych chcesz wy\u015bwietli\u0107 dost\u0119pno\u015b\u0107, i wklej tam kod. Zapisz zmiany. <\/li> <\/ol><p>To wszystko! Teraz sprawd\u017a, jak aplikacja dzia\u0142a na Twojej stronie internetowej. <\/p><p>Je\u015bli napotkasz jakiekolwiek niedogodno\u015bci podczas osadzania aplikacji na stronie internetowej, skontaktuj si\u0119 z naszymi mened\u017cerami wsparcia. Ch\u0119tnie pomo\u017cemy Ci doda\u0107 i dostosowa\u0107 rozwi\u0105zanie zgodno\u015bci. <\/p><\/div>","protected":false},"excerpt":{"rendered":"","protected":false},"author":9,"featured_media":0,"parent":9898,"menu_order":0,"comment_status":"closed","ping_status":"closed","template":"templates\/template-application-platform.php","meta":{"publish_to_discourse":"","publish_post_category":"","wpdc_auto_publish_overridden":"","wpdc_topic_tags":"","wpdc_pin_topic":"","wpdc_pin_until":"","discourse_post_id":"","discourse_permalink":"","wpdc_publishing_response":"","wpdc_publishing_error":"","footnotes":""},"class_list":["post-9981","page","type-page","status-publish","hentry"],"yoast_head":"<!-- This site is optimized with the Yoast SEO plugin v25.3.1 - https:\/\/yoast.com\/wordpress\/plugins\/seo\/ -->\n<title>Aplikacja Weebly Accessibility \u2014 dodaj zgodno\u015b\u0107 ze swoj\u0105 witryn\u0105 [ZA DARMO]<\/title>\n<meta name=\"description\" content=\"Dodaj aplikacj\u0119 Accessibility bez kodu do swojej witryny Weebly. Wypr\u00f3buj edytor online Elfsight, aby bez wysi\u0142ku zbudowa\u0107 swoje osobiste rozwi\u0105zanie.\" \/>\n<meta name=\"robots\" content=\"index, follow, max-snippet:-1, max-image-preview:large, max-video-preview:-1\" \/>\n<link rel=\"canonical\" href=\"https:\/\/elfsight.com\/pl\/accessibility-widget\/weebly\/\" \/>\n<meta property=\"og:locale\" content=\"pl_PL\" \/>\n<meta property=\"og:type\" content=\"article\" \/>\n<meta property=\"og:title\" content=\"Aplikacja Weebly Accessibility \u2014 dodaj zgodno\u015b\u0107 ze swoj\u0105 witryn\u0105 [ZA DARMO]\" \/>\n<meta property=\"og:description\" content=\"Dodaj aplikacj\u0119 Accessibility bez kodu do swojej witryny Weebly. Wypr\u00f3buj edytor online Elfsight, aby bez wysi\u0142ku zbudowa\u0107 swoje osobiste rozwi\u0105zanie.\" \/>\n<meta property=\"og:url\" content=\"https:\/\/elfsight.com\/pl\/accessibility-widget\/weebly\/\" \/>\n<meta property=\"og:site_name\" content=\"Elfsight PL\" \/>\n<meta property=\"article:modified_time\" content=\"2025-05-30T12:42:33+00:00\" \/>\n<meta name=\"twitter:card\" content=\"summary_large_image\" \/>\n<meta name=\"twitter:label1\" content=\"Szacowany czas czytania\" \/>\n\t<meta name=\"twitter:data1\" content=\"2 minuty\" \/>\n<!-- \/ Yoast SEO plugin. -->","yoast_head_json":{"title":"Aplikacja Weebly Accessibility \u2014 dodaj zgodno\u015b\u0107 ze swoj\u0105 witryn\u0105 [ZA DARMO]","description":"Dodaj aplikacj\u0119 Accessibility bez kodu do swojej witryny Weebly. Wypr\u00f3buj edytor online Elfsight, aby bez wysi\u0142ku zbudowa\u0107 swoje osobiste rozwi\u0105zanie.","robots":{"index":"index","follow":"follow","max-snippet":"max-snippet:-1","max-image-preview":"max-image-preview:large","max-video-preview":"max-video-preview:-1"},"canonical":"https:\/\/elfsight.com\/pl\/accessibility-widget\/weebly\/","og_locale":"pl_PL","og_type":"article","og_title":"Aplikacja Weebly Accessibility \u2014 dodaj zgodno\u015b\u0107 ze swoj\u0105 witryn\u0105 [ZA DARMO]","og_description":"Dodaj aplikacj\u0119 Accessibility bez kodu do swojej witryny Weebly. Wypr\u00f3buj edytor online Elfsight, aby bez wysi\u0142ku zbudowa\u0107 swoje osobiste rozwi\u0105zanie.","og_url":"https:\/\/elfsight.com\/pl\/accessibility-widget\/weebly\/","og_site_name":"Elfsight PL","article_modified_time":"2025-05-30T12:42:33+00:00","twitter_card":"summary_large_image","twitter_misc":{"Szacowany czas czytania":"2 minuty"},"schema":{"@context":"https:\/\/schema.org","@graph":[{"@type":"WebPage","@id":"https:\/\/elfsight.com\/pl\/accessibility-widget\/weebly\/","url":"https:\/\/elfsight.com\/pl\/accessibility-widget\/weebly\/","name":"Aplikacja Weebly Accessibility \u2014 dodaj zgodno\u015b\u0107 ze swoj\u0105 witryn\u0105 [ZA DARMO]","isPartOf":{"@id":"https:\/\/elfsight.com\/pl\/#website"},"datePublished":"2025-05-20T12:58:04+00:00","dateModified":"2025-05-30T12:42:33+00:00","description":"Dodaj aplikacj\u0119 Accessibility bez kodu do swojej witryny Weebly. Wypr\u00f3buj edytor online Elfsight, aby bez wysi\u0142ku zbudowa\u0107 swoje osobiste rozwi\u0105zanie.","breadcrumb":{"@id":"https:\/\/elfsight.com\/pl\/accessibility-widget\/weebly\/#breadcrumb"},"inLanguage":"pl-PL","potentialAction":[{"@type":"ReadAction","target":["https:\/\/elfsight.com\/pl\/accessibility-widget\/weebly\/"]}]},{"@type":"BreadcrumbList","@id":"https:\/\/elfsight.com\/pl\/accessibility-widget\/weebly\/#breadcrumb","itemListElement":[{"@type":"ListItem","position":1,"name":"Home","item":"https:\/\/elfsight.com\/pl\/"},{"@type":"ListItem","position":2,"name":"Accessibility","item":"https:\/\/elfsight.com\/pl\/accessibility-widget\/"},{"@type":"ListItem","position":3,"name":"Accessibility &#8211; Weebly"}]},{"@type":"WebSite","@id":"https:\/\/elfsight.com\/pl\/#website","url":"https:\/\/elfsight.com\/pl\/","name":"Elfsight PL","description":"Just another Elfsight Sites site","potentialAction":[{"@type":"SearchAction","target":{"@type":"EntryPoint","urlTemplate":"https:\/\/elfsight.com\/pl\/?s={search_term_string}"},"query-input":{"@type":"PropertyValueSpecification","valueRequired":true,"valueName":"search_term_string"}}],"inLanguage":"pl-PL"}]}},"meta_box":{"industry":"","seo_heading":"","heading":"","description":"","cta_heading":"","cta_description":"","application":"9893","h1":"Aplikacja u\u0142atwiaj\u0105ca dost\u0119p do witryny Weebly","h1_caption":"Przywitaj ka\u017cdego go\u015bcia na swojej stronie Weebly za pomoc\u0105 aplikacji zgodno\u015bci, kt\u00f3ra dostosowuje Twoj\u0105 tre\u015b\u0107 do ka\u017cdej potrzeby. Zwi\u0119ksz inkluzywno\u015b\u0107, u\u017cyteczno\u015b\u0107 i dost\u0119pno\u015b\u0107 w jednym inteligentnym rozwi\u0105zaniu.","application_category":[],"applications_title":"","applications_request_title":"","applications_request_button_text":"","hero_text":"","hero_video":"","hero_video_schema_markup":"","selling_points_title":"","selling_points_caption":"","selling_points":[],"selling_points_cta_text":"","features_title":"","features":"","ed_cta_examples_text":"","ed_cta_examples_hidden":"","ed_cta_demo_text":"","ed_cta_demo_hidden":"","why_caption":"","why_editor_title":"","why_editor_text":"","why_team_title":"","why_team_text":"","why_service_title":"","why_service_text":"","template_catalog_visible":"","template_catalog_title":"","template_catalog_text":"","template_catalog_categories_visible":"","demo_title":"Utw\u00f3rz aplikacj\u0119 U\u0142atwienia dost\u0119pu","demo_caption":"Skonfiguruj u\u0142atwienia dost\u0119pu i dodaj je do swojej witryny Weebly zupe\u0142nie za darmo!","default_faq_hidden":"","app_template_category":[],"platform":"132","template_public_id":"","codecanyon_url":"","codecanyon_item_id":"","codecanyon_price":"","pricing_caption":"","pricing_elfsight_apps_hide_column":"","pricing_elfsight_apps_url":"","pricing_codecanyon_price_caption":"","integration_category":[],"integration_request_title":"","integration_request_cta":"","integration_platform":"","integrations":[],"platform_category":[],"video_schema_markup":"","price":"od 0 z\u0142\/miesi\u0105c","trial":"","benefits":[],"button_url":"#demo","button_target_blank":"0","button_nofollow":"","attributes":[{"name":"Instaluje","content":"50,000 - 100,000","_state":"expanded"},{"name":"Czu\u0142y","content":"Tak","_state":"expanded"},{"name":"Kompatybilne przegl\u0105darki","content":"Firefox, Safari, Opera, Chrome, Edge","_state":"expanded"}],"tags":[],"tags_disable_links":"","hide_more_platforms":"","video_object":"","demo_hide_cta":"","demo_hide_cloud_options":"","pricing_title":"","pricing":[{"pricing_icon":"platform","pricing_title":"Elfsight Apps","pricing_title_caption":"Oprogramowanie niezale\u017cne od platformy, kt\u00f3re sprawdzi si\u0119 w ka\u017cdej witrynie","pricing_price":"od 0 z\u0142\/miesi\u0105c","pricing_price_caption":"zacznij od darmowego planu","pricing_button_text":"Dodaj do witryny","pricing_button_url":"#demo"}],"related_apps_title":"","related_apps_hidden":"","author":"","image":[],"title":"","job":"","social_networks":[]},"_links":{"self":[{"href":"https:\/\/elfsight.com\/pl\/wp-json\/wp\/v2\/pages\/9981","targetHints":{"allow":["GET"]}}],"collection":[{"href":"https:\/\/elfsight.com\/pl\/wp-json\/wp\/v2\/pages"}],"about":[{"href":"https:\/\/elfsight.com\/pl\/wp-json\/wp\/v2\/types\/page"}],"author":[{"embeddable":true,"href":"https:\/\/elfsight.com\/pl\/wp-json\/wp\/v2\/users\/9"}],"replies":[{"embeddable":true,"href":"https:\/\/elfsight.com\/pl\/wp-json\/wp\/v2\/comments?post=9981"}],"version-history":[{"count":1,"href":"https:\/\/elfsight.com\/pl\/wp-json\/wp\/v2\/pages\/9981\/revisions"}],"predecessor-version":[{"id":9985,"href":"https:\/\/elfsight.com\/pl\/wp-json\/wp\/v2\/pages\/9981\/revisions\/9985"}],"up":[{"embeddable":true,"href":"https:\/\/elfsight.com\/pl\/wp-json\/wp\/v2\/pages\/9898"}],"wp:attachment":[{"href":"https:\/\/elfsight.com\/pl\/wp-json\/wp\/v2\/media?parent=9981"}],"curies":[{"name":"wp","href":"https:\/\/api.w.org\/{rel}","templated":true}]}}