{"id":9976,"date":"2025-05-20T13:03:48","date_gmt":"2025-05-20T13:03:48","guid":{"rendered":"https:\/\/elfsight.com\/pl\/?page_id=9976"},"modified":"2025-05-30T12:42:25","modified_gmt":"2025-05-30T12:42:25","slug":"opencart","status":"publish","type":"page","link":"https:\/\/elfsight.com\/pl\/accessibility-widget\/opencart\/","title":{"rendered":"Accessibility &#8211; OpenCart"},"content":{"rendered":"<div class=\"application-platform-content-item-description application-platform-content-item\" id=\"description\" data-nav-section=\"description\"> <h2>Osad\u017a dost\u0119pno\u015b\u0107 w OpenCart za pomoc\u0105 rozszerzenia Elfsight<\/h2> <p>Rozszerzenie dost\u0119pno\u015bci poprawia inkluzywno\u015b\u0107 w ca\u0142ej witrynie, zwi\u0119kszaj\u0105c czytelno\u015b\u0107 i nawigacj\u0119 dla u\u017cytkownik\u00f3w o r\u00f3\u017cnych mo\u017cliwo\u015bciach. Dzi\u0119ki wst\u0119pnie ustawionym trybom dost\u0119pno\u015bci natychmiast dostosowuje witryn\u0119 do potrzeb os\u00f3b z problemami ze wzrokiem, koncentracj\u0105 lub poruszaniem si\u0119. Ka\u017cdy tryb zawiera inteligentne poprawki wizualne i funkcjonalne, aby zapewni\u0107 u\u017cyteczno\u015b\u0107 i wygod\u0119. <\/p><p>Oferuje r\u00f3wnie\u017c natywny analizator dost\u0119pno\u015bci, aby upewni\u0107 si\u0119, \u017ce witryna spe\u0142nia standardy i wizualizuje wyniki dotycz\u0105ce dost\u0119pno\u015bci w panelu rozszerze\u0144. Pomaga to zapewni\u0107 zgodno\u015b\u0107 i widocznie odzwierciedla\u0107 Twoje zaanga\u017cowanie w najlepsze praktyki dotycz\u0105ce dost\u0119pno\u015bci. W pe\u0142ni zlokalizowane rozszerzenie obs\u0142uguje u\u017cytkownik\u00f3w z ca\u0142ego \u015bwiata w ich ojczystych j\u0119zykach, zapewniaj\u0105c bezproblemowe dzia\u0142anie. <\/p><p><strong>Ulepsz swoj\u0105 witryn\u0119 OpenCart za pomoc\u0105 naszego rozszerzenia dost\u0119pno\u015bci i udowodnij, \u017ce jest przeznaczona dla wszystkich u\u017cytkownik\u00f3w! <\/strong><\/p><\/div> <div class=\"application-platform-content-item-features application-platform-content-item\" id=\"features\" data-nav-section=\"features\"> <h2>Oferujemy przydatne i \u0142atwe funkcje, zobacz niekt\u00f3re z nich: <\/h2><ul><li><b>Gotowe tryby dla 8 scenariuszy u\u017cytkownika. <\/b> U\u017cytkownicy z r\u00f3\u017cnymi niepe\u0142nosprawno\u015bciami mog\u0105 znale\u017a\u0107 idealne ustawienia wst\u0119pne, aby komfortowo eksplorowa\u0107 Twoj\u0105 witryn\u0119. <\/li><li><b>Dostosuj ustawienia witryny, aby wy\u015bwietla\u0107 zawarto\u015b\u0107. <\/b> Rozszerzenie obejmuje opcje dostosowywania w celu zwi\u0119kszenia przejrzysto\u015bci tekstu, nawigacji w witrynie i kontrastu kolor\u00f3w. <\/li><li><b>Wbudowany modu\u0142 sprawdzania dost\u0119pno\u015bci. <\/b> \u0141atwo przeanalizuj swoj\u0105 witryn\u0119 pod k\u0105tem s\u0142abych punkt\u00f3w i ulepsz j\u0105, aby uzyska\u0107 lepsz\u0105 dost\u0119pno\u015b\u0107. <\/li><li><b>Odznaka zaufania z wynikiem dost\u0119pno\u015bci. <\/b> Publikuj wyniki audytu w rozszerzeniu, aby potwierdzi\u0107 swoje sta\u0142e zaanga\u017cowanie w przestrzeganie standard\u00f3w. <\/li><li><b>Dok\u0142adna lokalizacja. <\/b> Rozszerzenie oferuje lokalizacj\u0119 j\u0119zykow\u0105 i kulturow\u0105 w 76 regionach, aby wspiera\u0107 przepisy dotycz\u0105ce dost\u0119pno\u015bci i wdra\u017canie mi\u0119dzynarodowe. <\/li><\/ul><p><a href=\"#demo\">Intuicyjny edytor mo\u017ce pokaza\u0107 Ci, jak funkcje i ustawienia dzia\u0142aj\u0105 bezpo\u015brednio na tej stronie<\/a><\/p><\/div> <div class=\"application-platform-content-item-installation application-platform-content-item\" id=\"installation\" data-nav-section=\"installation\"> <h2>Jak mog\u0119 osadzi\u0107 dost\u0119pno\u015b\u0107 w mojej witrynie OpenCart? <\/h2><p>Sp\u00f3jrz na ten prosty przewodnik, aby zainstalowa\u0107 rozszerzenie w swojej witrynie OpenCart. Zajmie to tylko kilka minut i nie wymaga kodowania. <\/p> <ol><li><strong>Zbuduj w\u0142asne rozszerzenie dost\u0119pno\u015bci<\/strong><br> Zacznij od dowolnego szablonu w edytorze, pracuj z wygodnymi elementami w nim zawartymi i dostosuj rozszerzenie do preferowanego projektu i ustawie\u0144. <\/li><li><strong>Otrzymaj osobisty kod do osadzenia rozszerzenia<\/strong><br> Po utworzeniu rozszerzenia otrzymasz indywidualny kod HTML na pulpicie nawigacyjnym. Skopiuj kod, kt\u00f3ry zawiera wszystkie szczeg\u00f3\u0142y dotycz\u0105ce Twoich ustawie\u0144. <\/li> <li><strong>Wy\u015bwietl rozszerzenie na swojej stronie internetowej OpenCart<\/strong><br> Okre\u015bl obszary swojej strony internetowej, w kt\u00f3rych chcesz zaprezentowa\u0107 dost\u0119pno\u015b\u0107, i wklej tam kod. Zapisz zmiany. <\/li> <\/ol><p>Gotowe! Teraz sprawd\u017a, jak rozszerzenie dzia\u0142a na Twojej stronie internetowej. <\/p><p>W przypadku jakichkolwiek problem\u00f3w podczas osadzania rozszerzenia na stronie internetowej nie wahaj si\u0119 skontaktowa\u0107 z naszymi mened\u017cerami wsparcia. Ch\u0119tnie pomo\u017cemy Ci doda\u0107 i dostosowa\u0107 rozwi\u0105zanie zgodno\u015bci. <\/p><\/div>","protected":false},"excerpt":{"rendered":"","protected":false},"author":9,"featured_media":0,"parent":9898,"menu_order":0,"comment_status":"closed","ping_status":"closed","template":"templates\/template-application-platform.php","meta":{"publish_to_discourse":"","publish_post_category":"","wpdc_auto_publish_overridden":"","wpdc_topic_tags":"","wpdc_pin_topic":"","wpdc_pin_until":"","discourse_post_id":"","discourse_permalink":"","wpdc_publishing_response":"","wpdc_publishing_error":"","footnotes":""},"class_list":["post-9976","page","type-page","status-publish","hentry"],"yoast_head":"<!-- This site is optimized with the Yoast SEO plugin v25.3.1 - https:\/\/yoast.com\/wordpress\/plugins\/seo\/ -->\n<title>Rozszerzenie OpenCart Accessibility \u2014 dodaj zgodno\u015b\u0107 ze swoj\u0105 witryn\u0105 [ZA DARMO]<\/title>\n<meta name=\"description\" content=\"Dodaj rozszerzenie Accessibility bez kodu na swojej stronie OpenCart. Sprawd\u017a szybki edytor Elfsight, aby \u0142atwo zbudowa\u0107 w\u0142asne rozwi\u0105zanie.\" \/>\n<meta name=\"robots\" content=\"index, follow, max-snippet:-1, max-image-preview:large, max-video-preview:-1\" \/>\n<link rel=\"canonical\" href=\"https:\/\/elfsight.com\/pl\/accessibility-widget\/opencart\/\" \/>\n<meta property=\"og:locale\" content=\"pl_PL\" \/>\n<meta property=\"og:type\" content=\"article\" \/>\n<meta property=\"og:title\" content=\"Rozszerzenie OpenCart Accessibility \u2014 dodaj zgodno\u015b\u0107 ze swoj\u0105 witryn\u0105 [ZA DARMO]\" \/>\n<meta property=\"og:description\" content=\"Dodaj rozszerzenie Accessibility bez kodu na swojej stronie OpenCart. Sprawd\u017a szybki edytor Elfsight, aby \u0142atwo zbudowa\u0107 w\u0142asne rozwi\u0105zanie.\" \/>\n<meta property=\"og:url\" content=\"https:\/\/elfsight.com\/pl\/accessibility-widget\/opencart\/\" \/>\n<meta property=\"og:site_name\" content=\"Elfsight PL\" \/>\n<meta property=\"article:modified_time\" content=\"2025-05-30T12:42:25+00:00\" \/>\n<meta name=\"twitter:card\" content=\"summary_large_image\" \/>\n<meta name=\"twitter:label1\" content=\"Szacowany czas czytania\" \/>\n\t<meta name=\"twitter:data1\" content=\"2 minuty\" \/>\n<!-- \/ Yoast SEO plugin. -->","yoast_head_json":{"title":"Rozszerzenie OpenCart Accessibility \u2014 dodaj zgodno\u015b\u0107 ze swoj\u0105 witryn\u0105 [ZA DARMO]","description":"Dodaj rozszerzenie Accessibility bez kodu na swojej stronie OpenCart. Sprawd\u017a szybki edytor Elfsight, aby \u0142atwo zbudowa\u0107 w\u0142asne rozwi\u0105zanie.","robots":{"index":"index","follow":"follow","max-snippet":"max-snippet:-1","max-image-preview":"max-image-preview:large","max-video-preview":"max-video-preview:-1"},"canonical":"https:\/\/elfsight.com\/pl\/accessibility-widget\/opencart\/","og_locale":"pl_PL","og_type":"article","og_title":"Rozszerzenie OpenCart Accessibility \u2014 dodaj zgodno\u015b\u0107 ze swoj\u0105 witryn\u0105 [ZA DARMO]","og_description":"Dodaj rozszerzenie Accessibility bez kodu na swojej stronie OpenCart. Sprawd\u017a szybki edytor Elfsight, aby \u0142atwo zbudowa\u0107 w\u0142asne rozwi\u0105zanie.","og_url":"https:\/\/elfsight.com\/pl\/accessibility-widget\/opencart\/","og_site_name":"Elfsight PL","article_modified_time":"2025-05-30T12:42:25+00:00","twitter_card":"summary_large_image","twitter_misc":{"Szacowany czas czytania":"2 minuty"},"schema":{"@context":"https:\/\/schema.org","@graph":[{"@type":"WebPage","@id":"https:\/\/elfsight.com\/pl\/accessibility-widget\/opencart\/","url":"https:\/\/elfsight.com\/pl\/accessibility-widget\/opencart\/","name":"Rozszerzenie OpenCart Accessibility \u2014 dodaj zgodno\u015b\u0107 ze swoj\u0105 witryn\u0105 [ZA DARMO]","isPartOf":{"@id":"https:\/\/elfsight.com\/pl\/#website"},"datePublished":"2025-05-20T13:03:48+00:00","dateModified":"2025-05-30T12:42:25+00:00","description":"Dodaj rozszerzenie Accessibility bez kodu na swojej stronie OpenCart. Sprawd\u017a szybki edytor Elfsight, aby \u0142atwo zbudowa\u0107 w\u0142asne rozwi\u0105zanie.","breadcrumb":{"@id":"https:\/\/elfsight.com\/pl\/accessibility-widget\/opencart\/#breadcrumb"},"inLanguage":"pl-PL","potentialAction":[{"@type":"ReadAction","target":["https:\/\/elfsight.com\/pl\/accessibility-widget\/opencart\/"]}]},{"@type":"BreadcrumbList","@id":"https:\/\/elfsight.com\/pl\/accessibility-widget\/opencart\/#breadcrumb","itemListElement":[{"@type":"ListItem","position":1,"name":"Home","item":"https:\/\/elfsight.com\/pl\/"},{"@type":"ListItem","position":2,"name":"Accessibility","item":"https:\/\/elfsight.com\/pl\/accessibility-widget\/"},{"@type":"ListItem","position":3,"name":"Accessibility &#8211; OpenCart"}]},{"@type":"WebSite","@id":"https:\/\/elfsight.com\/pl\/#website","url":"https:\/\/elfsight.com\/pl\/","name":"Elfsight PL","description":"Just another Elfsight Sites site","potentialAction":[{"@type":"SearchAction","target":{"@type":"EntryPoint","urlTemplate":"https:\/\/elfsight.com\/pl\/?s={search_term_string}"},"query-input":{"@type":"PropertyValueSpecification","valueRequired":true,"valueName":"search_term_string"}}],"inLanguage":"pl-PL"}]}},"meta_box":{"industry":"","seo_heading":"","heading":"","description":"","cta_heading":"","cta_description":"","application":"9893","h1":"Rozszerzenie dost\u0119pno\u015bci dla witryny OpenCart","h1_caption":"Umo\u017cliw ka\u017cdemu odwiedzaj\u0105cemu Twoj\u0105 witryn\u0119 OpenCart dost\u0119p do rozszerzenia zgodno\u015bci, kt\u00f3re dostosowuje Twoje tre\u015bci do wszystkich mo\u017cliwo\u015bci. Zwi\u0119ksz inkluzywno\u015b\u0107, u\u017cyteczno\u015b\u0107 i dost\u0119pno\u015b\u0107 na platformie typu \u201ewszystko w jednym\u201d.","application_category":[],"applications_title":"","applications_request_title":"","applications_request_button_text":"","hero_text":"","hero_video":"","hero_video_schema_markup":"","selling_points_title":"","selling_points_caption":"","selling_points":[],"selling_points_cta_text":"","features_title":"","features":"","ed_cta_examples_text":"","ed_cta_examples_hidden":"","ed_cta_demo_text":"","ed_cta_demo_hidden":"","why_caption":"","why_editor_title":"","why_editor_text":"","why_team_title":"","why_team_text":"","why_service_title":"","why_service_text":"","template_catalog_visible":"","template_catalog_title":"","template_catalog_text":"","template_catalog_categories_visible":"","demo_title":"Utw\u00f3rz rozszerzenie u\u0142atwie\u0144 dost\u0119pu","demo_caption":"Skonfiguruj u\u0142atwienia dost\u0119pu i dodaj je do swojej witryny OpenCart zupe\u0142nie za darmo!","default_faq_hidden":"","app_template_category":[],"platform":"107","template_public_id":"","codecanyon_url":"","codecanyon_item_id":"","codecanyon_price":"","pricing_caption":"","pricing_elfsight_apps_hide_column":"","pricing_elfsight_apps_url":"","pricing_codecanyon_price_caption":"","integration_category":[],"integration_request_title":"","integration_request_cta":"","integration_platform":"","integrations":[],"platform_category":[],"video_schema_markup":"","price":"od 0 z\u0142\/miesi\u0105c","trial":"","benefits":[],"button_url":"#demo","button_target_blank":"0","button_nofollow":"","attributes":[{"name":"Instaluje","content":"50,000 - 100,000","_state":"expanded"},{"name":"Czu\u0142y","content":"Tak","_state":"expanded"},{"name":"Kompatybilne przegl\u0105darki","content":"Firefox, Safari, Opera, Chrome, Edge","_state":"expanded"}],"tags":[],"tags_disable_links":"","hide_more_platforms":"","video_object":"","demo_hide_cta":"","demo_hide_cloud_options":"","pricing_title":"","pricing":[{"pricing_icon":"platform","pricing_title":"Elfsight Apps","pricing_title_caption":"Wersja niezale\u017cna od platformy, kt\u00f3ra dzia\u0142a na ka\u017cdej stronie internetowej","pricing_price":"od 0 z\u0142\/miesi\u0105c","pricing_price_caption":"zacznij od darmowego planu","pricing_button_text":"Dodaj do witryny","pricing_button_url":"#demo"}],"related_apps_title":"","related_apps_hidden":"","author":"","image":[],"title":"","job":"","social_networks":[]},"_links":{"self":[{"href":"https:\/\/elfsight.com\/pl\/wp-json\/wp\/v2\/pages\/9976","targetHints":{"allow":["GET"]}}],"collection":[{"href":"https:\/\/elfsight.com\/pl\/wp-json\/wp\/v2\/pages"}],"about":[{"href":"https:\/\/elfsight.com\/pl\/wp-json\/wp\/v2\/types\/page"}],"author":[{"embeddable":true,"href":"https:\/\/elfsight.com\/pl\/wp-json\/wp\/v2\/users\/9"}],"replies":[{"embeddable":true,"href":"https:\/\/elfsight.com\/pl\/wp-json\/wp\/v2\/comments?post=9976"}],"version-history":[{"count":1,"href":"https:\/\/elfsight.com\/pl\/wp-json\/wp\/v2\/pages\/9976\/revisions"}],"predecessor-version":[{"id":9980,"href":"https:\/\/elfsight.com\/pl\/wp-json\/wp\/v2\/pages\/9976\/revisions\/9980"}],"up":[{"embeddable":true,"href":"https:\/\/elfsight.com\/pl\/wp-json\/wp\/v2\/pages\/9898"}],"wp:attachment":[{"href":"https:\/\/elfsight.com\/pl\/wp-json\/wp\/v2\/media?parent=9976"}],"curies":[{"name":"wp","href":"https:\/\/api.w.org\/{rel}","templated":true}]}}