{"id":9975,"date":"2025-05-20T13:19:27","date_gmt":"2025-05-20T13:19:27","guid":{"rendered":"https:\/\/elfsight.com\/pl\/?page_id=9975"},"modified":"2025-05-30T12:42:25","modified_gmt":"2025-05-30T12:42:25","slug":"magento","status":"publish","type":"page","link":"https:\/\/elfsight.com\/pl\/accessibility-widget\/magento\/","title":{"rendered":"Accessibility &#8211; Magento"},"content":{"rendered":"<div class=\"application-platform-content-item-description application-platform-content-item\" id=\"description\" data-nav-section=\"description\"> <h2>Wbuduj dost\u0119pno\u015b\u0107 do Magento za pomoc\u0105 rozszerzenia Elfsight<\/h2> <p>Rozszerzenie dost\u0119pno\u015bci zwi\u0119ksza inkluzywno\u015b\u0107 Twojej witryny, poprawiaj\u0105c czytelno\u015b\u0107 i nawigacj\u0119 dla u\u017cytkownik\u00f3w o r\u00f3\u017cnych mo\u017cliwo\u015bciach. Wyposa\u017cone w predefiniowane profile dost\u0119pno\u015bci, automatycznie dostosowuje Twoj\u0105 witryn\u0119 do odwiedzaj\u0105cych z trudno\u015bciami wizualnymi, problemami z koncentracj\u0105 lub funkcjami motorycznymi. Ka\u017cdy tryb obejmuje inteligentne ulepszenia wizualne i u\u017cyteczno\u015bci, aby zapewni\u0107 u\u017cyteczno\u015b\u0107 i wygod\u0119. <\/p><p>Zawiera r\u00f3wnie\u017c zintegrowany skaner dost\u0119pno\u015bci, kt\u00f3ry ocenia zgodno\u015b\u0107 Twojej witryny i wizualizuje wyniki dost\u0119pno\u015bci w panelu rozszerzenia. Umo\u017cliwia to rozwi\u0105zywanie problem\u00f3w z dost\u0119pno\u015bci\u0105, jednocze\u015bnie prezentuj\u0105c Twoje zaanga\u017cowanie w projektowanie inkluzywne. W pe\u0142ni zlokalizowane rozszerzenie obs\u0142uguje globalnych u\u017cytkownik\u00f3w w ich ojczystych j\u0119zykach, zapewniaj\u0105c bezproblemowe dzia\u0142anie. <\/p><p><strong>Uczy\u0144 swoj\u0105 witryn\u0119 Magento dost\u0119pn\u0105 dla wszystkich, po prostu dodaj\u0105c nasze pot\u0119\u017cne rozszerzenie dost\u0119pno\u015bci! <\/strong><\/p><\/div> <div class=\"application-platform-content-item-features application-platform-content-item\" id=\"features\" data-nav-section=\"features\"> <h2>Podstawowe funkcje rozszerzenia oferuj\u0105<\/h2><ul><li><b>Gotowe tryby dla 8 scenariuszy u\u017cytkownika. <\/b> U\u017cytkownicy z r\u00f3\u017cnymi niepe\u0142nosprawno\u015bciami mog\u0105 znale\u017a\u0107 idealne ustawienia wst\u0119pne, aby komfortowo eksplorowa\u0107 Twoj\u0105 witryn\u0119. <\/li><li><b>Dostosuj ustawienia witryny, aby wy\u015bwietla\u0107 zawarto\u015b\u0107. <\/b> Rozszerzenie ma ustawienia poprawiaj\u0105ce czytelno\u015b\u0107 tekstu, nawigacj\u0119 i kolory. <\/li><li><b>Wbudowany modu\u0142 sprawdzaj\u0105cy dost\u0119pno\u015b\u0107. <\/b> \u0141atwo przeanalizuj swoj\u0105 witryn\u0119 pod k\u0105tem s\u0142abych punkt\u00f3w i ulepsz j\u0105, aby uzyska\u0107 lepsz\u0105 dost\u0119pno\u015b\u0107. <\/li><li><b>Odznaka zaufania z wynikiem dost\u0119pno\u015bci. <\/b> Wy\u015bwietl wyniki wbudowanego audytu, aby udowodni\u0107 swoje zaanga\u017cowanie w zachowanie zgodno\u015bci. <\/li><li><b>Dok\u0142adna lokalizacja. <\/b> Rozszerzenie obs\u0142uguje lokalizacj\u0119 i t\u0142umaczenie dla 76 kraj\u00f3w, spe\u0142niaj\u0105c globalne standardy zgodno\u015bci i potrzeby dotycz\u0105ce dost\u0119pno\u015bci. <\/li><\/ul><p><a href=\"#demo\">U\u017cyj intuicyjnego edytora, aby zobaczy\u0107, co potrafi nasze rozszerzenie<\/a><\/p><\/div> <div class=\"application-platform-content-item-installation application-platform-content-item\" id=\"installation\" data-nav-section=\"installation\"> <h2>Jak osadzi\u0107 u\u0142atwienia dost\u0119pu w mojej witrynie Magento? <\/h2><p>Oto prosty spos\u00f3b na umieszczenie rozszerzenia w witrynie Magento. Zajmie to tylko kilka minut i nie wymaga \u017cadnego kodowania. <\/p> <ol><li><strong>Utw\u00f3rz w\u0142asne rozszerzenie u\u0142atwie\u0144 dost\u0119pu<\/strong><br> Zacznij od dowolnego szablonu w edytorze, pracuj z przyjaznymi dla u\u017cytkownika elementami w nim zawartymi i dostosuj rozszerzenie do preferowanego stylu i opcji. <\/li><li><strong>Uzyskaj osobisty kod, aby osadzi\u0107 rozszerzenie<\/strong><br> Gdy tylko sko\u0144czysz tworzy\u0107 rozszerzenie, otrzymasz indywidualny kod HTML w swoim panelu. Skopiuj kod, kt\u00f3ry zawiera wszystkie informacje dotycz\u0105ce Twoich dostosowa\u0144. <\/li> <li><strong>Wy\u015bwietl rozszerzenie na swojej stronie Magento<\/strong><br> Okre\u015bl obszary swojej strony, w kt\u00f3rych chcesz wy\u015bwietli\u0107 dost\u0119pno\u015b\u0107, i wklej tam kod. Zapisz zmiany. <\/li> <\/ol><p>Gotowe! Teraz sprawd\u017a, jak rozszerzenie dzia\u0142a na Twojej stronie. <\/p><p>W przypadku jakichkolwiek problem\u00f3w z osadzeniem rozszerzenia na swojej stronie, skontaktuj si\u0119 z naszym centrum pomocy. Z przyjemno\u015bci\u0105 wyja\u015bnimy Ci, jak doda\u0107 i zarz\u0105dza\u0107 rozwi\u0105zaniem zgodno\u015bci. <\/p><\/div>","protected":false},"excerpt":{"rendered":"","protected":false},"author":9,"featured_media":0,"parent":9898,"menu_order":0,"comment_status":"closed","ping_status":"closed","template":"templates\/template-application-platform.php","meta":{"publish_to_discourse":"","publish_post_category":"","wpdc_auto_publish_overridden":"","wpdc_topic_tags":"","wpdc_pin_topic":"","wpdc_pin_until":"","discourse_post_id":"","discourse_permalink":"","wpdc_publishing_response":"","wpdc_publishing_error":"","footnotes":""},"class_list":["post-9975","page","type-page","status-publish","hentry"],"yoast_head":"<!-- This site is optimized with the Yoast SEO plugin v25.3.1 - https:\/\/yoast.com\/wordpress\/plugins\/seo\/ -->\n<title>Rozszerzenie Magento Accessibility \u2014 dodaj zgodno\u015b\u0107 ze swoj\u0105 witryn\u0105 [BEZP\u0141ATNIE]<\/title>\n<meta name=\"description\" content=\"Dodaj p\u0142ynne rozszerzenie Accessibility do swojej witryny Magento. Sprawd\u017a edytor online Elfsight, aby \u0142atwo stworzy\u0107 w\u0142asne rozwi\u0105zanie.\" \/>\n<meta name=\"robots\" content=\"index, follow, max-snippet:-1, max-image-preview:large, max-video-preview:-1\" \/>\n<link rel=\"canonical\" href=\"https:\/\/elfsight.com\/pl\/accessibility-widget\/magento\/\" \/>\n<meta property=\"og:locale\" content=\"pl_PL\" \/>\n<meta property=\"og:type\" content=\"article\" \/>\n<meta property=\"og:title\" content=\"Rozszerzenie Magento Accessibility \u2014 dodaj zgodno\u015b\u0107 ze swoj\u0105 witryn\u0105 [BEZP\u0141ATNIE]\" \/>\n<meta property=\"og:description\" content=\"Dodaj p\u0142ynne rozszerzenie Accessibility do swojej witryny Magento. Sprawd\u017a edytor online Elfsight, aby \u0142atwo stworzy\u0107 w\u0142asne rozwi\u0105zanie.\" \/>\n<meta property=\"og:url\" content=\"https:\/\/elfsight.com\/pl\/accessibility-widget\/magento\/\" \/>\n<meta property=\"og:site_name\" content=\"Elfsight PL\" \/>\n<meta property=\"article:modified_time\" content=\"2025-05-30T12:42:25+00:00\" \/>\n<meta name=\"twitter:card\" content=\"summary_large_image\" \/>\n<meta name=\"twitter:label1\" content=\"Szacowany czas czytania\" \/>\n\t<meta name=\"twitter:data1\" content=\"2 minuty\" \/>\n<!-- \/ Yoast SEO plugin. -->","yoast_head_json":{"title":"Rozszerzenie Magento Accessibility \u2014 dodaj zgodno\u015b\u0107 ze swoj\u0105 witryn\u0105 [BEZP\u0141ATNIE]","description":"Dodaj p\u0142ynne rozszerzenie Accessibility do swojej witryny Magento. Sprawd\u017a edytor online Elfsight, aby \u0142atwo stworzy\u0107 w\u0142asne rozwi\u0105zanie.","robots":{"index":"index","follow":"follow","max-snippet":"max-snippet:-1","max-image-preview":"max-image-preview:large","max-video-preview":"max-video-preview:-1"},"canonical":"https:\/\/elfsight.com\/pl\/accessibility-widget\/magento\/","og_locale":"pl_PL","og_type":"article","og_title":"Rozszerzenie Magento Accessibility \u2014 dodaj zgodno\u015b\u0107 ze swoj\u0105 witryn\u0105 [BEZP\u0141ATNIE]","og_description":"Dodaj p\u0142ynne rozszerzenie Accessibility do swojej witryny Magento. Sprawd\u017a edytor online Elfsight, aby \u0142atwo stworzy\u0107 w\u0142asne rozwi\u0105zanie.","og_url":"https:\/\/elfsight.com\/pl\/accessibility-widget\/magento\/","og_site_name":"Elfsight PL","article_modified_time":"2025-05-30T12:42:25+00:00","twitter_card":"summary_large_image","twitter_misc":{"Szacowany czas czytania":"2 minuty"},"schema":{"@context":"https:\/\/schema.org","@graph":[{"@type":"WebPage","@id":"https:\/\/elfsight.com\/pl\/accessibility-widget\/magento\/","url":"https:\/\/elfsight.com\/pl\/accessibility-widget\/magento\/","name":"Rozszerzenie Magento Accessibility \u2014 dodaj zgodno\u015b\u0107 ze swoj\u0105 witryn\u0105 [BEZP\u0141ATNIE]","isPartOf":{"@id":"https:\/\/elfsight.com\/pl\/#website"},"datePublished":"2025-05-20T13:19:27+00:00","dateModified":"2025-05-30T12:42:25+00:00","description":"Dodaj p\u0142ynne rozszerzenie Accessibility do swojej witryny Magento. Sprawd\u017a edytor online Elfsight, aby \u0142atwo stworzy\u0107 w\u0142asne rozwi\u0105zanie.","breadcrumb":{"@id":"https:\/\/elfsight.com\/pl\/accessibility-widget\/magento\/#breadcrumb"},"inLanguage":"pl-PL","potentialAction":[{"@type":"ReadAction","target":["https:\/\/elfsight.com\/pl\/accessibility-widget\/magento\/"]}]},{"@type":"BreadcrumbList","@id":"https:\/\/elfsight.com\/pl\/accessibility-widget\/magento\/#breadcrumb","itemListElement":[{"@type":"ListItem","position":1,"name":"Home","item":"https:\/\/elfsight.com\/pl\/"},{"@type":"ListItem","position":2,"name":"Accessibility","item":"https:\/\/elfsight.com\/pl\/accessibility-widget\/"},{"@type":"ListItem","position":3,"name":"Accessibility &#8211; Magento"}]},{"@type":"WebSite","@id":"https:\/\/elfsight.com\/pl\/#website","url":"https:\/\/elfsight.com\/pl\/","name":"Elfsight PL","description":"Just another Elfsight Sites site","potentialAction":[{"@type":"SearchAction","target":{"@type":"EntryPoint","urlTemplate":"https:\/\/elfsight.com\/pl\/?s={search_term_string}"},"query-input":{"@type":"PropertyValueSpecification","valueRequired":true,"valueName":"search_term_string"}}],"inLanguage":"pl-PL"}]}},"meta_box":{"industry":"","seo_heading":"","heading":"","description":"","cta_heading":"","cta_description":"","application":"9893","h1":"Rozszerzenie dost\u0119pno\u015bci dla witryny Magento","h1_caption":"Umo\u017cliw ka\u017cdemu odwiedzaj\u0105cemu Twoj\u0105 witryn\u0119 Magento dost\u0119p do rozszerzenia zgodno\u015bci, kt\u00f3re dostosowuje Twoje tre\u015bci do wszystkich mo\u017cliwo\u015bci. Zwi\u0119ksz inkluzywno\u015b\u0107, funkcjonalno\u015b\u0107 i dost\u0119pno\u015b\u0107 na platformie typu \u201ewszystko w jednym\u201d.","application_category":[],"applications_title":"","applications_request_title":"","applications_request_button_text":"","hero_text":"","hero_video":"","hero_video_schema_markup":"","selling_points_title":"","selling_points_caption":"","selling_points":[],"selling_points_cta_text":"","features_title":"","features":"","ed_cta_examples_text":"","ed_cta_examples_hidden":"","ed_cta_demo_text":"","ed_cta_demo_hidden":"","why_caption":"","why_editor_title":"","why_editor_text":"","why_team_title":"","why_team_text":"","why_service_title":"","why_service_text":"","template_catalog_visible":"","template_catalog_title":"","template_catalog_text":"","template_catalog_categories_visible":"","demo_title":"Utw\u00f3rz rozszerzenie u\u0142atwie\u0144 dost\u0119pu","demo_caption":"Skonfiguruj u\u0142atwienia dost\u0119pu i dodaj je do swojej witryny Magento zupe\u0142nie za darmo!","default_faq_hidden":"","app_template_category":[],"platform":"92","template_public_id":"","codecanyon_url":"","codecanyon_item_id":"","codecanyon_price":"","pricing_caption":"","pricing_elfsight_apps_hide_column":"","pricing_elfsight_apps_url":"","pricing_codecanyon_price_caption":"","integration_category":[],"integration_request_title":"","integration_request_cta":"","integration_platform":"","integrations":[],"platform_category":[],"video_schema_markup":"","price":"od 0 z\u0142\/miesi\u0105c","trial":"","benefits":[],"button_url":"#demo","button_target_blank":"0","button_nofollow":"","attributes":[{"name":"Instaluje","content":"50,000 - 100,000","_state":"expanded"},{"name":"Czu\u0142y","content":"Tak","_state":"expanded"},{"name":"Kompatybilne przegl\u0105darki","content":"Firefox, Safari, Opera, Chrome, Edge","_state":"expanded"}],"tags":[],"tags_disable_links":"","hide_more_platforms":"","video_object":"","demo_hide_cta":"","demo_hide_cloud_options":"","pricing_title":"","pricing":[{"pricing_icon":"platform","pricing_title":"Elfsight Apps","pricing_title_caption":"Wersja mi\u0119dzyplatformowa, kt\u00f3ra pasuje do ka\u017cdej witryny","pricing_price":"od 0 z\u0142\/miesi\u0105c","pricing_price_caption":"zacznij od darmowego planu","pricing_button_text":"Dodaj do witryny","pricing_button_url":"#demo"}],"related_apps_title":"","related_apps_hidden":"","author":"","image":[],"title":"","job":"","social_networks":[]},"_links":{"self":[{"href":"https:\/\/elfsight.com\/pl\/wp-json\/wp\/v2\/pages\/9975","targetHints":{"allow":["GET"]}}],"collection":[{"href":"https:\/\/elfsight.com\/pl\/wp-json\/wp\/v2\/pages"}],"about":[{"href":"https:\/\/elfsight.com\/pl\/wp-json\/wp\/v2\/types\/page"}],"author":[{"embeddable":true,"href":"https:\/\/elfsight.com\/pl\/wp-json\/wp\/v2\/users\/9"}],"replies":[{"embeddable":true,"href":"https:\/\/elfsight.com\/pl\/wp-json\/wp\/v2\/comments?post=9975"}],"version-history":[{"count":1,"href":"https:\/\/elfsight.com\/pl\/wp-json\/wp\/v2\/pages\/9975\/revisions"}],"predecessor-version":[{"id":9979,"href":"https:\/\/elfsight.com\/pl\/wp-json\/wp\/v2\/pages\/9975\/revisions\/9979"}],"up":[{"embeddable":true,"href":"https:\/\/elfsight.com\/pl\/wp-json\/wp\/v2\/pages\/9898"}],"wp:attachment":[{"href":"https:\/\/elfsight.com\/pl\/wp-json\/wp\/v2\/media?parent=9975"}],"curies":[{"name":"wp","href":"https:\/\/api.w.org\/{rel}","templated":true}]}}