{"id":9966,"date":"2025-05-20T13:39:47","date_gmt":"2025-05-20T13:39:47","guid":{"rendered":"https:\/\/elfsight.com\/pl\/?page_id=9966"},"modified":"2025-05-30T12:42:16","modified_gmt":"2025-05-30T12:42:16","slug":"jimdo","status":"publish","type":"page","link":"https:\/\/elfsight.com\/pl\/accessibility-widget\/jimdo\/","title":{"rendered":"Accessibility &#8211; Jimdo"},"content":{"rendered":"<div class=\"application-platform-content-item-description application-platform-content-item\" id=\"description\" data-nav-section=\"description\"> <h2>Osad\u017a dost\u0119pno\u015b\u0107 w Jimdo za pomoc\u0105 wid\u017cetu Elfsight<\/h2> <p>Wid\u017cet dost\u0119pno\u015bci zapewnia inkluzywno\u015b\u0107 na Twojej stronie internetowej, poprawiaj\u0105c wra\u017cenia u\u017cytkownika dla os\u00f3b o r\u00f3\u017cnych wymaganiach dotycz\u0105cych dost\u0119pno\u015bci. Dzi\u0119ki wst\u0119pnie ustawionym trybom dost\u0119pno\u015bci natychmiast dostosowuje Twoj\u0105 stron\u0119 internetow\u0105 do odwiedzaj\u0105cych z trudno\u015bciami wizualnymi, z koncentracj\u0105 uwagi lub funkcjami motorycznymi. Ka\u017cdy tryb \u0142\u0105czy inteligentne poprawki wizualne i funkcjonalne, aby zapewni\u0107 u\u017cyteczno\u015b\u0107 i wygod\u0119. <\/p><p>Oferuje r\u00f3wnie\u017c natywny analizator dost\u0119pno\u015bci, aby upewni\u0107 si\u0119, \u017ce Twoja strona internetowa spe\u0142nia standardy i wizualizuje wyniki dotycz\u0105ce dost\u0119pno\u015bci w panelu wid\u017cetu. Umo\u017cliwia to rozwi\u0105zywanie problem\u00f3w z dost\u0119pno\u015bci\u0105, jednocze\u015bnie prezentuj\u0105c Twoje zaanga\u017cowanie w projektowanie inkluzywne. W pe\u0142ni zlokalizowany wid\u017cet obs\u0142uguje globalnych u\u017cytkownik\u00f3w w ich ojczystych j\u0119zykach, zapewniaj\u0105c bezproblemowe dzia\u0142anie. <\/p><p><strong>Dodaj nasz wid\u017cet dost\u0119pno\u015bci do swojej strony internetowej Jimdo i poka\u017c \u015bwiatu, \u017ce Twoja strona internetowa jest dla ka\u017cdego! <\/strong><\/p><\/div> <div class=\"application-platform-content-item-features application-platform-content-item\" id=\"features\" data-nav-section=\"features\"> <h2>Oto podstawowe funkcje wid\u017cetu: <\/h2><ul><li><b>Gotowe tryby dla 8 scenariuszy u\u017cytkownika. <\/b> U\u017cytkownicy z r\u00f3\u017cnymi niepe\u0142nosprawno\u015bciami znajd\u0105 idealne ustawienia wst\u0119pne, aby komfortowo eksplorowa\u0107 Twoj\u0105 witryn\u0119. <\/li><li><b>Dostosuj ustawienia witryny, aby wy\u015bwietli\u0107 zawarto\u015b\u0107. <\/b> Wid\u017cet zawiera ustawienia zaprojektowane w celu optymalizacji czytelno\u015bci, przep\u0142ywu u\u017cytkownika i dost\u0119pno\u015bci wizualnej. <\/li><li><b>Wbudowany modu\u0142 sprawdzaj\u0105cy dost\u0119pno\u015b\u0107. <\/b> Bezproblemowo oce\u0144 swoj\u0105 witryn\u0119, aby zidentyfikowa\u0107 luki i ulepszy\u0107 j\u0105 w celu zapewnienia lepszej dost\u0119pno\u015bci. <\/li><li><b>Odznaka zaufania z wynikiem dost\u0119pno\u015bci. <\/b> Zaprezentuj wyniki audytu, aby wykaza\u0107 swoje zaanga\u017cowanie w zgodno\u015b\u0107 z zasadami dost\u0119pno\u015bci. <\/li><li><b>Dok\u0142adna lokalizacja. <\/b> Widget jest t\u0142umaczony i lokalizowany dla 76 kraj\u00f3w, aby zapewni\u0107 zgodno\u015b\u0107 i mi\u0119dzynarodow\u0105 dost\u0119pno\u015b\u0107. <\/li><\/ul><p><a href=\"#demo\">Po prostu przetestuj wszystkie mo\u017cliwo\u015bci wid\u017cetu w edytorze bezpo\u015brednio na tej stronie<\/a><\/p><\/div> <div class=\"application-platform-content-item-installation application-platform-content-item\" id=\"installation\" data-nav-section=\"installation\"> <h2>Jak osadzi\u0107 dost\u0119pno\u015b\u0107 w mojej witrynie Jimdo? <\/h2><p>Sp\u00f3jrz na ten prosty przewodnik, aby skonfigurowa\u0107 wid\u017cet w swojej witrynie Jimdo. Zajmie to tylko kilka minut i nie wymaga kodowania. <\/p> <ol><li><strong>Utw\u00f3rz sw\u00f3j osobisty wid\u017cet dost\u0119pno\u015bci<\/strong><br> Zacznij od dowolnego szablonu w edytorze, pracuj z przyjaznymi dla u\u017cytkownika elementami w nim zawartymi i dostosuj wid\u017cet do preferowanego projektu i opcji. <\/li><li><strong>Uzyskaj osobisty kod do osadzenia wid\u017cetu<\/strong><br> Po utworzeniu wid\u017cetu otrzymasz indywidualny kod HTML na pulpicie nawigacyjnym. Skopiuj kod, kt\u00f3ry zawiera wszystkie szczeg\u00f3\u0142y dotycz\u0105ce Twoich ustawie\u0144. <\/li> <li><strong>Zaprezentuj wid\u017cet na swojej stronie internetowej Jimdo<\/strong><br> Okre\u015bl sekcje swojej strony internetowej, w kt\u00f3rych chcesz zaprezentowa\u0107 dost\u0119pno\u015b\u0107, i wklej tam kod. Zapisz zmiany. <\/li> <\/ol><p>To wszystko! Teraz sprawd\u017a, jak wid\u017cet dzia\u0142a na Twojej stronie internetowej. <\/p><p>W przypadku jakichkolwiek trudno\u015bci podczas osadzania wid\u017cetu na swojej stronie internetowej, skontaktuj si\u0119 z naszymi mened\u017cerami wsparcia. Z przyjemno\u015bci\u0105 poprowadzimy Ci\u0119 przez proces dodawania i zarz\u0105dzania rozwi\u0105zaniem zgodno\u015bci. <\/p><\/div>","protected":false},"excerpt":{"rendered":"","protected":false},"author":9,"featured_media":0,"parent":9898,"menu_order":0,"comment_status":"closed","ping_status":"closed","template":"templates\/template-application-platform.php","meta":{"publish_to_discourse":"","publish_post_category":"","wpdc_auto_publish_overridden":"","wpdc_topic_tags":"","wpdc_pin_topic":"","wpdc_pin_until":"","discourse_post_id":"","discourse_permalink":"","wpdc_publishing_response":"","wpdc_publishing_error":"","footnotes":""},"class_list":["post-9966","page","type-page","status-publish","hentry"],"yoast_head":"<!-- This site is optimized with the Yoast SEO plugin v25.3.1 - https:\/\/yoast.com\/wordpress\/plugins\/seo\/ -->\n<title>Wid\u017cet Jimdo Accessibility \u2013 dodaj zgodno\u015b\u0107 ze swoj\u0105 witryn\u0105 [ZA DARMO]<\/title>\n<meta name=\"description\" content=\"Dodaj widget dost\u0119pno\u015bci bez kodu do swojej witryny Jimdo. U\u017cyj przyjaznego dla u\u017cytkownika edytora Elfsight, aby bez wysi\u0142ku stworzy\u0107 w\u0142asne rozwi\u0105zanie.\" \/>\n<meta name=\"robots\" content=\"index, follow, max-snippet:-1, max-image-preview:large, max-video-preview:-1\" \/>\n<link rel=\"canonical\" href=\"https:\/\/elfsight.com\/pl\/accessibility-widget\/jimdo\/\" \/>\n<meta property=\"og:locale\" content=\"pl_PL\" \/>\n<meta property=\"og:type\" content=\"article\" \/>\n<meta property=\"og:title\" content=\"Wid\u017cet Jimdo Accessibility \u2013 dodaj zgodno\u015b\u0107 ze swoj\u0105 witryn\u0105 [ZA DARMO]\" \/>\n<meta property=\"og:description\" content=\"Dodaj widget dost\u0119pno\u015bci bez kodu do swojej witryny Jimdo. U\u017cyj przyjaznego dla u\u017cytkownika edytora Elfsight, aby bez wysi\u0142ku stworzy\u0107 w\u0142asne rozwi\u0105zanie.\" \/>\n<meta property=\"og:url\" content=\"https:\/\/elfsight.com\/pl\/accessibility-widget\/jimdo\/\" \/>\n<meta property=\"og:site_name\" content=\"Elfsight PL\" \/>\n<meta property=\"article:modified_time\" content=\"2025-05-30T12:42:16+00:00\" \/>\n<meta name=\"twitter:card\" content=\"summary_large_image\" \/>\n<meta name=\"twitter:label1\" content=\"Szacowany czas czytania\" \/>\n\t<meta name=\"twitter:data1\" content=\"2 minuty\" \/>\n<!-- \/ Yoast SEO plugin. -->","yoast_head_json":{"title":"Wid\u017cet Jimdo Accessibility \u2013 dodaj zgodno\u015b\u0107 ze swoj\u0105 witryn\u0105 [ZA DARMO]","description":"Dodaj widget dost\u0119pno\u015bci bez kodu do swojej witryny Jimdo. U\u017cyj przyjaznego dla u\u017cytkownika edytora Elfsight, aby bez wysi\u0142ku stworzy\u0107 w\u0142asne rozwi\u0105zanie.","robots":{"index":"index","follow":"follow","max-snippet":"max-snippet:-1","max-image-preview":"max-image-preview:large","max-video-preview":"max-video-preview:-1"},"canonical":"https:\/\/elfsight.com\/pl\/accessibility-widget\/jimdo\/","og_locale":"pl_PL","og_type":"article","og_title":"Wid\u017cet Jimdo Accessibility \u2013 dodaj zgodno\u015b\u0107 ze swoj\u0105 witryn\u0105 [ZA DARMO]","og_description":"Dodaj widget dost\u0119pno\u015bci bez kodu do swojej witryny Jimdo. U\u017cyj przyjaznego dla u\u017cytkownika edytora Elfsight, aby bez wysi\u0142ku stworzy\u0107 w\u0142asne rozwi\u0105zanie.","og_url":"https:\/\/elfsight.com\/pl\/accessibility-widget\/jimdo\/","og_site_name":"Elfsight PL","article_modified_time":"2025-05-30T12:42:16+00:00","twitter_card":"summary_large_image","twitter_misc":{"Szacowany czas czytania":"2 minuty"},"schema":{"@context":"https:\/\/schema.org","@graph":[{"@type":"WebPage","@id":"https:\/\/elfsight.com\/pl\/accessibility-widget\/jimdo\/","url":"https:\/\/elfsight.com\/pl\/accessibility-widget\/jimdo\/","name":"Wid\u017cet Jimdo Accessibility \u2013 dodaj zgodno\u015b\u0107 ze swoj\u0105 witryn\u0105 [ZA DARMO]","isPartOf":{"@id":"https:\/\/elfsight.com\/pl\/#website"},"datePublished":"2025-05-20T13:39:47+00:00","dateModified":"2025-05-30T12:42:16+00:00","description":"Dodaj widget dost\u0119pno\u015bci bez kodu do swojej witryny Jimdo. U\u017cyj przyjaznego dla u\u017cytkownika edytora Elfsight, aby bez wysi\u0142ku stworzy\u0107 w\u0142asne rozwi\u0105zanie.","breadcrumb":{"@id":"https:\/\/elfsight.com\/pl\/accessibility-widget\/jimdo\/#breadcrumb"},"inLanguage":"pl-PL","potentialAction":[{"@type":"ReadAction","target":["https:\/\/elfsight.com\/pl\/accessibility-widget\/jimdo\/"]}]},{"@type":"BreadcrumbList","@id":"https:\/\/elfsight.com\/pl\/accessibility-widget\/jimdo\/#breadcrumb","itemListElement":[{"@type":"ListItem","position":1,"name":"Home","item":"https:\/\/elfsight.com\/pl\/"},{"@type":"ListItem","position":2,"name":"Accessibility","item":"https:\/\/elfsight.com\/pl\/accessibility-widget\/"},{"@type":"ListItem","position":3,"name":"Accessibility &#8211; Jimdo"}]},{"@type":"WebSite","@id":"https:\/\/elfsight.com\/pl\/#website","url":"https:\/\/elfsight.com\/pl\/","name":"Elfsight PL","description":"Just another Elfsight Sites site","potentialAction":[{"@type":"SearchAction","target":{"@type":"EntryPoint","urlTemplate":"https:\/\/elfsight.com\/pl\/?s={search_term_string}"},"query-input":{"@type":"PropertyValueSpecification","valueRequired":true,"valueName":"search_term_string"}}],"inLanguage":"pl-PL"}]}},"meta_box":{"industry":"","seo_heading":"","heading":"","description":"","cta_heading":"","cta_description":"","application":"9893","h1":"Widget u\u0142atwie\u0144 dost\u0119pu dla witryny Jimdo","h1_caption":"Upowa\u017cnij ka\u017cdego odwiedzaj\u0105cego Twoj\u0105 witryn\u0119 Jimdo dzi\u0119ki wid\u017cetowi zgodno\u015bci, kt\u00f3ry dostosowuje Twoj\u0105 tre\u015b\u0107 do ka\u017cdej potrzeby. Popraw inkluzywno\u015b\u0107, funkcjonalno\u015b\u0107 i dost\u0119pno\u015b\u0107 w jednym inteligentnym systemie.","application_category":[],"applications_title":"","applications_request_title":"","applications_request_button_text":"","hero_text":"","hero_video":"","hero_video_schema_markup":"","selling_points_title":"","selling_points_caption":"","selling_points":[],"selling_points_cta_text":"","features_title":"","features":"","ed_cta_examples_text":"","ed_cta_examples_hidden":"","ed_cta_demo_text":"","ed_cta_demo_hidden":"","why_caption":"","why_editor_title":"","why_editor_text":"","why_team_title":"","why_team_text":"","why_service_title":"","why_service_text":"","template_catalog_visible":"","template_catalog_title":"","template_catalog_text":"","template_catalog_categories_visible":"","demo_title":"Utw\u00f3rz sw\u00f3j wid\u017cet u\u0142atwie\u0144 dost\u0119pu","demo_caption":"Skonfiguruj u\u0142atwienia dost\u0119pu i dodaj je do swojej witryny Jimdo zupe\u0142nie za darmo!","default_faq_hidden":"","app_template_category":[],"platform":"193","template_public_id":"","codecanyon_url":"","codecanyon_item_id":"","codecanyon_price":"","pricing_caption":"","pricing_elfsight_apps_hide_column":"","pricing_elfsight_apps_url":"","pricing_codecanyon_price_caption":"","integration_category":[],"integration_request_title":"","integration_request_cta":"","integration_platform":"","integrations":[],"platform_category":[],"video_schema_markup":"","price":"od 0 z\u0142\/miesi\u0105c","trial":"","benefits":[],"button_url":"#demo","button_target_blank":"0","button_nofollow":"","attributes":[{"name":"Instaluje","content":"50,000 - 100,000","_state":"expanded"},{"name":"Czu\u0142y","content":"Tak","_state":"expanded"},{"name":"Kompatybilne przegl\u0105darki","content":"Firefox, Safari, Opera, Chrome, Edge","_state":"expanded"}],"tags":[],"tags_disable_links":"","hide_more_platforms":"","video_object":"","demo_hide_cta":"","demo_hide_cloud_options":"","pricing_title":"","pricing":[{"pricing_icon":"platform","pricing_title":"Elfsight Apps","pricing_title_caption":"Oprogramowanie niezale\u017cne od platformy","pricing_price":"od 0 z\u0142\/miesi\u0105c","pricing_price_caption":"zacznij od darmowego planu","pricing_button_text":"Dodaj do witryny","pricing_button_url":"#demo"}],"related_apps_title":"","related_apps_hidden":"","author":"","image":[],"title":"","job":"","social_networks":[]},"_links":{"self":[{"href":"https:\/\/elfsight.com\/pl\/wp-json\/wp\/v2\/pages\/9966","targetHints":{"allow":["GET"]}}],"collection":[{"href":"https:\/\/elfsight.com\/pl\/wp-json\/wp\/v2\/pages"}],"about":[{"href":"https:\/\/elfsight.com\/pl\/wp-json\/wp\/v2\/types\/page"}],"author":[{"embeddable":true,"href":"https:\/\/elfsight.com\/pl\/wp-json\/wp\/v2\/users\/9"}],"replies":[{"embeddable":true,"href":"https:\/\/elfsight.com\/pl\/wp-json\/wp\/v2\/comments?post=9966"}],"version-history":[{"count":1,"href":"https:\/\/elfsight.com\/pl\/wp-json\/wp\/v2\/pages\/9966\/revisions"}],"predecessor-version":[{"id":9970,"href":"https:\/\/elfsight.com\/pl\/wp-json\/wp\/v2\/pages\/9966\/revisions\/9970"}],"up":[{"embeddable":true,"href":"https:\/\/elfsight.com\/pl\/wp-json\/wp\/v2\/pages\/9898"}],"wp:attachment":[{"href":"https:\/\/elfsight.com\/pl\/wp-json\/wp\/v2\/media?parent=9966"}],"curies":[{"name":"wp","href":"https:\/\/api.w.org\/{rel}","templated":true}]}}