{"id":9960,"date":"2025-05-20T13:51:44","date_gmt":"2025-05-20T13:51:44","guid":{"rendered":"https:\/\/elfsight.com\/pl\/?page_id=9960"},"modified":"2025-05-30T12:42:07","modified_gmt":"2025-05-30T12:42:07","slug":"drupal","status":"publish","type":"page","link":"https:\/\/elfsight.com\/pl\/accessibility-widget\/drupal\/","title":{"rendered":"Accessibility &#8211; Drupal"},"content":{"rendered":"<div class=\"application-platform-content-item-description application-platform-content-item\" id=\"description\" data-nav-section=\"description\"> <h2>Osad\u017a dost\u0119pno\u015b\u0107 w Drupal za pomoc\u0105 modu\u0142u Elfsight<\/h2> <p>Modu\u0142 dost\u0119pno\u015bci poprawia inkluzywno\u015b\u0107 Twojej witryny, poprawiaj\u0105c wra\u017cenia u\u017cytkownika dla os\u00f3b o r\u00f3\u017cnych wymaganiach dotycz\u0105cych dost\u0119pno\u015bci. Dzi\u0119ki wst\u0119pnie ustawionym trybom dost\u0119pno\u015bci natychmiast dostosowuje Twoj\u0105 witryn\u0119 do odwiedzaj\u0105cych z trudno\u015bciami wizualnymi, z koncentracj\u0105 lub funkcjami motorycznymi. Ka\u017cdy tryb zawiera inteligentne poprawki wizualne i funkcjonalne, aby zapewni\u0107 u\u017cyteczno\u015b\u0107 i wygod\u0119.<\/p> <p>Zawiera r\u00f3wnie\u017c zintegrowany skaner dost\u0119pno\u015bci, kt\u00f3ry ocenia zgodno\u015b\u0107 Twojej witryny i wy\u015bwietla wyniki bezpo\u015brednio w module. Pomaga to nie tylko rozwi\u0105zywa\u0107 problemy, ale tak\u017ce z dum\u0105 demonstrowa\u0107 swoje zaanga\u017cowanie w dost\u0119pno\u015b\u0107. W pe\u0142ni zlokalizowany modu\u0142 obs\u0142uguje globalnych u\u017cytkownik\u00f3w w ich ojczystych j\u0119zykach, zapewniaj\u0105c bezproblemowe dzia\u0142anie. <\/p><p><strong>Uczy\u0144 swoj\u0105 witryn\u0119 Drupal dost\u0119pn\u0105 dla wszystkich, po prostu dodaj\u0105c nasz pot\u0119\u017cny modu\u0142 dost\u0119pno\u015bci! <\/strong><\/p><\/div> <div class=\"application-platform-content-item-features application-platform-content-item\" id=\"features\" data-nav-section=\"features\"> <h2>Przeanalizuj list\u0119 najpot\u0119\u017cniejszych funkcji: <\/h2><ul><li><b>Gotowe tryby dla 8 scenariuszy u\u017cytkownika. <\/b> U\u017cytkownicy z r\u00f3\u017cnymi niepe\u0142nosprawno\u015bciami mog\u0105 znale\u017a\u0107 idealne ustawienia wst\u0119pne zapewniaj\u0105ce p\u0142ynne i przyjazne dla u\u017cytkownika przegl\u0105danie. <\/li><li><b>Dostosuj ustawienia witryny, aby wy\u015bwietla\u0107 zawarto\u015b\u0107. <\/b> Modu\u0142 ma ustawienia poprawiaj\u0105ce czytelno\u015b\u0107 tekstu, nawigacj\u0119 i kolory. <\/li><li><b>Wbudowany modu\u0142 sprawdzaj\u0105cy dost\u0119pno\u015b\u0107. <\/b> Szybko przeskanuj swoj\u0105 witryn\u0119 pod k\u0105tem problem\u00f3w ze zgodno\u015bci\u0105 i ulepsz j\u0105, aby zapewni\u0107 lepsz\u0105 dost\u0119pno\u015b\u0107. <\/li><li><b>Odznaka zaufania z wynikiem dost\u0119pno\u015bci. <\/b> Zaprezentuj wyniki audytu, aby wykaza\u0107 swoje zaanga\u017cowanie w zgodno\u015b\u0107 z przepisami dotycz\u0105cymi dost\u0119pno\u015bci. <\/li><li><b>Dok\u0142adna lokalizacja. <\/b> Modu\u0142 jest t\u0142umaczony i lokalizowany dla 76 kraj\u00f3w, aby zapewni\u0107 zgodno\u015b\u0107 i mi\u0119dzynarodow\u0105 dost\u0119pno\u015b\u0107. <\/li><\/ul><p><a href=\"#demo\">Po prostu sprawd\u017a wszystkie mocne strony modu\u0142u w edytorze bezpo\u015brednio na tej stronie<\/a><\/p><\/div> <div class=\"application-platform-content-item-installation application-platform-content-item\" id=\"installation\" data-nav-section=\"installation\"> <h2>Jak osadzi\u0107 dost\u0119pno\u015b\u0107 w mojej witrynie Drupal? <\/h2><p>Znajd\u017a ten prosty przewodnik, aby skonfigurowa\u0107 modu\u0142 w swojej witrynie Drupal. Zajmie to tylko kilka minut i nie wymaga kodowania. <\/p> <ol><li><strong>Zbuduj sw\u00f3j osobisty modu\u0142 dost\u0119pno\u015bci<\/strong><br> Zacznij od dowolnego szablonu w edytorze, pracuj z przyjaznymi dla u\u017cytkownika elementami w nim zawartymi i dostosuj modu\u0142 do po\u017c\u0105danego projektu i opcji. <\/li><li><strong>Uzyskaj osobisty kod, aby osadzi\u0107 modu\u0142<\/strong><br> Po zbudowaniu modu\u0142u otrzymasz indywidualny kod HTML na swoim pulpicie. Skopiuj kod, kt\u00f3ry zawiera wszystkie szczeg\u00f3\u0142y dotycz\u0105ce Twoich dostosowa\u0144. <\/li> <li><strong>Wy\u015bwietl modu\u0142 na swojej stronie Drupal<\/strong><br> Wybierz sekcje swojej strony, w kt\u00f3rych chcesz wy\u015bwietli\u0107 dost\u0119pno\u015b\u0107 i wklej tam kod. Zapisz zmiany. <\/li> <\/ol><p>To wszystko! Teraz sprawd\u017a, jak modu\u0142 dzia\u0142a na Twojej stronie. <\/p><p>W przypadku jakichkolwiek problem\u00f3w z osadzeniem modu\u0142u na swojej stronie, po prostu skontaktuj si\u0119 z naszym dzia\u0142em obs\u0142ugi klienta. Z przyjemno\u015bci\u0105 wyja\u015bnimy Ci, jak doda\u0107 i dostosowa\u0107 rozwi\u0105zanie zgodno\u015bci. <\/p><\/div>","protected":false},"excerpt":{"rendered":"","protected":false},"author":9,"featured_media":0,"parent":9898,"menu_order":0,"comment_status":"closed","ping_status":"closed","template":"templates\/template-application-platform.php","meta":{"publish_to_discourse":"","publish_post_category":"","wpdc_auto_publish_overridden":"","wpdc_topic_tags":"","wpdc_pin_topic":"","wpdc_pin_until":"","discourse_post_id":"","discourse_permalink":"","wpdc_publishing_response":"","wpdc_publishing_error":"","footnotes":""},"class_list":["post-9960","page","type-page","status-publish","hentry"],"yoast_head":"<!-- This site is optimized with the Yoast SEO plugin v25.3.1 - https:\/\/yoast.com\/wordpress\/plugins\/seo\/ -->\n<title>Modu\u0142 dost\u0119pno\u015bci Drupal \u2014 dodaj zgodno\u015b\u0107 ze swoj\u0105 witryn\u0105 [ZA DARMO]<\/title>\n<meta name=\"description\" content=\"Dodaj modu\u0142 Accessibility bez kodu do swojej witryny Drupal. Wypr\u00f3buj edytor online Elfsight, aby \u0142atwo wygenerowa\u0107 swoje osobiste rozwi\u0105zanie.\" \/>\n<meta name=\"robots\" content=\"index, follow, max-snippet:-1, max-image-preview:large, max-video-preview:-1\" \/>\n<link rel=\"canonical\" href=\"https:\/\/elfsight.com\/pl\/accessibility-widget\/drupal\/\" \/>\n<meta property=\"og:locale\" content=\"pl_PL\" \/>\n<meta property=\"og:type\" content=\"article\" \/>\n<meta property=\"og:title\" content=\"Modu\u0142 dost\u0119pno\u015bci Drupal \u2014 dodaj zgodno\u015b\u0107 ze swoj\u0105 witryn\u0105 [ZA DARMO]\" \/>\n<meta property=\"og:description\" content=\"Dodaj modu\u0142 Accessibility bez kodu do swojej witryny Drupal. Wypr\u00f3buj edytor online Elfsight, aby \u0142atwo wygenerowa\u0107 swoje osobiste rozwi\u0105zanie.\" \/>\n<meta property=\"og:url\" content=\"https:\/\/elfsight.com\/pl\/accessibility-widget\/drupal\/\" \/>\n<meta property=\"og:site_name\" content=\"Elfsight PL\" \/>\n<meta property=\"article:modified_time\" content=\"2025-05-30T12:42:07+00:00\" \/>\n<meta name=\"twitter:card\" content=\"summary_large_image\" \/>\n<meta name=\"twitter:label1\" content=\"Szacowany czas czytania\" \/>\n\t<meta name=\"twitter:data1\" content=\"2 minuty\" \/>\n<!-- \/ Yoast SEO plugin. -->","yoast_head_json":{"title":"Modu\u0142 dost\u0119pno\u015bci Drupal \u2014 dodaj zgodno\u015b\u0107 ze swoj\u0105 witryn\u0105 [ZA DARMO]","description":"Dodaj modu\u0142 Accessibility bez kodu do swojej witryny Drupal. Wypr\u00f3buj edytor online Elfsight, aby \u0142atwo wygenerowa\u0107 swoje osobiste rozwi\u0105zanie.","robots":{"index":"index","follow":"follow","max-snippet":"max-snippet:-1","max-image-preview":"max-image-preview:large","max-video-preview":"max-video-preview:-1"},"canonical":"https:\/\/elfsight.com\/pl\/accessibility-widget\/drupal\/","og_locale":"pl_PL","og_type":"article","og_title":"Modu\u0142 dost\u0119pno\u015bci Drupal \u2014 dodaj zgodno\u015b\u0107 ze swoj\u0105 witryn\u0105 [ZA DARMO]","og_description":"Dodaj modu\u0142 Accessibility bez kodu do swojej witryny Drupal. Wypr\u00f3buj edytor online Elfsight, aby \u0142atwo wygenerowa\u0107 swoje osobiste rozwi\u0105zanie.","og_url":"https:\/\/elfsight.com\/pl\/accessibility-widget\/drupal\/","og_site_name":"Elfsight PL","article_modified_time":"2025-05-30T12:42:07+00:00","twitter_card":"summary_large_image","twitter_misc":{"Szacowany czas czytania":"2 minuty"},"schema":{"@context":"https:\/\/schema.org","@graph":[{"@type":"WebPage","@id":"https:\/\/elfsight.com\/pl\/accessibility-widget\/drupal\/","url":"https:\/\/elfsight.com\/pl\/accessibility-widget\/drupal\/","name":"Modu\u0142 dost\u0119pno\u015bci Drupal \u2014 dodaj zgodno\u015b\u0107 ze swoj\u0105 witryn\u0105 [ZA DARMO]","isPartOf":{"@id":"https:\/\/elfsight.com\/pl\/#website"},"datePublished":"2025-05-20T13:51:44+00:00","dateModified":"2025-05-30T12:42:07+00:00","description":"Dodaj modu\u0142 Accessibility bez kodu do swojej witryny Drupal. Wypr\u00f3buj edytor online Elfsight, aby \u0142atwo wygenerowa\u0107 swoje osobiste rozwi\u0105zanie.","breadcrumb":{"@id":"https:\/\/elfsight.com\/pl\/accessibility-widget\/drupal\/#breadcrumb"},"inLanguage":"pl-PL","potentialAction":[{"@type":"ReadAction","target":["https:\/\/elfsight.com\/pl\/accessibility-widget\/drupal\/"]}]},{"@type":"BreadcrumbList","@id":"https:\/\/elfsight.com\/pl\/accessibility-widget\/drupal\/#breadcrumb","itemListElement":[{"@type":"ListItem","position":1,"name":"Home","item":"https:\/\/elfsight.com\/pl\/"},{"@type":"ListItem","position":2,"name":"Accessibility","item":"https:\/\/elfsight.com\/pl\/accessibility-widget\/"},{"@type":"ListItem","position":3,"name":"Accessibility &#8211; Drupal"}]},{"@type":"WebSite","@id":"https:\/\/elfsight.com\/pl\/#website","url":"https:\/\/elfsight.com\/pl\/","name":"Elfsight PL","description":"Just another Elfsight Sites site","potentialAction":[{"@type":"SearchAction","target":{"@type":"EntryPoint","urlTemplate":"https:\/\/elfsight.com\/pl\/?s={search_term_string}"},"query-input":{"@type":"PropertyValueSpecification","valueRequired":true,"valueName":"search_term_string"}}],"inLanguage":"pl-PL"}]}},"meta_box":{"industry":"","seo_heading":"","heading":"","description":"","cta_heading":"","cta_description":"","application":"9893","h1":"Modu\u0142 dost\u0119pno\u015bci dla witryny Drupal","h1_caption":"Przywitaj ka\u017cdego odwiedzaj\u0105cego Twoj\u0105 witryn\u0119 Drupal za pomoc\u0105 modu\u0142u zgodno\u015bci, kt\u00f3ry dostosowuje Twoj\u0105 tre\u015b\u0107 do ka\u017cdej potrzeby. Popraw inkluzywno\u015b\u0107, u\u017cyteczno\u015b\u0107 i dost\u0119pno\u015b\u0107 w jednym inteligentnym systemie.","application_category":[],"applications_title":"","applications_request_title":"","applications_request_button_text":"","hero_text":"","hero_video":"","hero_video_schema_markup":"","selling_points_title":"","selling_points_caption":"","selling_points":[],"selling_points_cta_text":"","features_title":"","features":"","ed_cta_examples_text":"","ed_cta_examples_hidden":"","ed_cta_demo_text":"","ed_cta_demo_hidden":"","why_caption":"","why_editor_title":"","why_editor_text":"","why_team_title":"","why_team_text":"","why_service_title":"","why_service_text":"","template_catalog_visible":"","template_catalog_title":"","template_catalog_text":"","template_catalog_categories_visible":"","demo_title":"Utw\u00f3rz sw\u00f3j modu\u0142 dost\u0119pno\u015bci","demo_caption":"Skonfiguruj u\u0142atwienia dost\u0119pu i dodaj je do swojej witryny Drupal zupe\u0142nie za darmo!","default_faq_hidden":"","app_template_category":[],"platform":"47","template_public_id":"","codecanyon_url":"","codecanyon_item_id":"","codecanyon_price":"","pricing_caption":"","pricing_elfsight_apps_hide_column":"","pricing_elfsight_apps_url":"","pricing_codecanyon_price_caption":"","integration_category":[],"integration_request_title":"","integration_request_cta":"","integration_platform":"","integrations":[],"platform_category":[],"video_schema_markup":"","price":"od 0 z\u0142\/miesi\u0105c","trial":"","benefits":[],"button_url":"#demo","button_target_blank":"0","button_nofollow":"","attributes":[{"name":"Instaluje","content":"50,000 - 100,000","_state":"expanded"},{"name":"Czu\u0142y","content":"Tak","_state":"expanded"},{"name":"Kompatybilne przegl\u0105darki","content":"Firefox, Safari, Opera, Chrome, Edge","_state":"expanded"}],"tags":[],"tags_disable_links":"","hide_more_platforms":"","video_object":"","demo_hide_cta":"","demo_hide_cloud_options":"","pricing_title":"","pricing":[{"pricing_icon":"platform","pricing_title":"Elfsight Apps","pricing_title_caption":"Wersja multiplatformowa, kt\u00f3ra dzia\u0142a na ka\u017cdej stronie internetowej","pricing_price":"od 0 z\u0142\/miesi\u0105c","pricing_price_caption":"zacznij od darmowego planu","pricing_button_text":"Dodaj do witryny","pricing_button_url":"#demo"}],"related_apps_title":"","related_apps_hidden":"","author":"","image":[],"title":"","job":"","social_networks":[]},"_links":{"self":[{"href":"https:\/\/elfsight.com\/pl\/wp-json\/wp\/v2\/pages\/9960","targetHints":{"allow":["GET"]}}],"collection":[{"href":"https:\/\/elfsight.com\/pl\/wp-json\/wp\/v2\/pages"}],"about":[{"href":"https:\/\/elfsight.com\/pl\/wp-json\/wp\/v2\/types\/page"}],"author":[{"embeddable":true,"href":"https:\/\/elfsight.com\/pl\/wp-json\/wp\/v2\/users\/9"}],"replies":[{"embeddable":true,"href":"https:\/\/elfsight.com\/pl\/wp-json\/wp\/v2\/comments?post=9960"}],"version-history":[{"count":1,"href":"https:\/\/elfsight.com\/pl\/wp-json\/wp\/v2\/pages\/9960\/revisions"}],"predecessor-version":[{"id":9964,"href":"https:\/\/elfsight.com\/pl\/wp-json\/wp\/v2\/pages\/9960\/revisions\/9964"}],"up":[{"embeddable":true,"href":"https:\/\/elfsight.com\/pl\/wp-json\/wp\/v2\/pages\/9898"}],"wp:attachment":[{"href":"https:\/\/elfsight.com\/pl\/wp-json\/wp\/v2\/media?parent=9960"}],"curies":[{"name":"wp","href":"https:\/\/api.w.org\/{rel}","templated":true}]}}