{"id":9941,"date":"2025-05-21T08:56:43","date_gmt":"2025-05-21T08:56:43","guid":{"rendered":"https:\/\/elfsight.com\/pl\/?page_id=9941"},"modified":"2025-06-11T09:46:57","modified_gmt":"2025-06-11T09:46:57","slug":"godaddy","status":"publish","type":"page","link":"https:\/\/elfsight.com\/pl\/ada-compliance-widget\/godaddy\/","title":{"rendered":"ADA Compliance &#8211; GoDaddy"},"content":{"rendered":"<div class=\"application-platform-content-item-description application-platform-content-item\" id=\"description\" data-nav-section=\"description\"> <h2>Umie\u015b\u0107 zgodno\u015b\u0107 z ADA w GoDaddy za pomoc\u0105 wtyczki Elfsight<\/h2> <p>Wtyczka zgodno\u015bci z ADA pomaga zapewni\u0107, \u017ce Twoja witryna jest \u0142atwa w u\u017cyciu dla ka\u017cdego, dzi\u0119ki przestrzeganiu uznanych wytycznych dotycz\u0105cych dost\u0119pno\u015bci. Dzi\u0119ki wbudowanej obs\u0142udze wielu tryb\u00f3w wspomagaj\u0105cych dynamicznie dostosowuje interfejs do u\u017cytkownik\u00f3w z dysfunkcjami wzroku, koncentracji lub motoryki. Nie jest wymagane \u017cadne kodowanie ani zmiany strukturalne. Ka\u017cdy tryb stosuje przemy\u015blany zestaw ulepsze\u0144, aby poprawi\u0107 dost\u0119pno\u015b\u0107 bie\u017c\u0105cej zawarto\u015bci i zwi\u0119kszy\u0107 komfort interakcji u\u017cytkownika. <\/p><p>Wtyczka jest r\u00f3wnie\u017c wyposa\u017cona w automatyczne narz\u0119dzie skanuj\u0105ce, kt\u00f3re wykrywa problemy z dost\u0119pno\u015bci\u0105 i prezentuje wyniki dotycz\u0105ce dost\u0119pno\u015bci w interfejsie wtyczki w czasie rzeczywistym. Mo\u017cesz pobra\u0107 szczeg\u00f3\u0142owe wyniki audytu i wyr\u00f3\u017cni\u0107 swoj\u0105 ocen\u0119 dost\u0119pno\u015bci, aby budowa\u0107 wiarygodno\u015b\u0107 i zaufanie. Dzi\u0119ki pe\u0142nej lokalizacji zapewnia dost\u0119pno\u015b\u0107 i u\u017cyteczno\u015b\u0107 w wielu j\u0119zykach i regionach geograficznych. <\/p><p><strong>Dodaj wtyczk\u0119 ADA do swojej witryny GoDaddy i poka\u017c swoje zaanga\u017cowanie na rzecz inkluzywnych standard\u00f3w internetowych! <\/strong><\/p><\/div> <div class=\"application-platform-content-item-features application-platform-content-item\" id=\"features\" data-nav-section=\"features\"> <h2>Centralne funkcje wtyczki obejmuj\u0105<\/h2><ul><li><b>Gotowe tryby dla 8 scenariuszy u\u017cytkownika. <\/b> Osoby z r\u00f3\u017cnymi niepe\u0142nosprawno\u015bciami mog\u0105 wybra\u0107 idealny tryb dost\u0119pno\u015bci, aby komfortowo eksplorowa\u0107 Twoj\u0105 witryn\u0119. <\/li><li><b>Dostosuj ustawienia witryny, aby wy\u015bwietla\u0107 zawarto\u015b\u0107. <\/b> Wtyczka ma ustawienia poprawiaj\u0105ce czytelno\u015b\u0107 tekstu, nawigacj\u0119 i kolory. <\/li><li><b>Wbudowany modu\u0142 sprawdzaj\u0105cy dost\u0119pno\u015b\u0107. <\/b> \u0141atwo przeanalizuj swoj\u0105 witryn\u0119 pod k\u0105tem s\u0142abych punkt\u00f3w i ulepsz j\u0105, aby uzyska\u0107 lepsz\u0105 dost\u0119pno\u015b\u0107. <\/li><li><b>Odznaka zaufania z wynikiem dost\u0119pno\u015bci. <\/b> Zaprezentuj wyniki audytu, aby wykaza\u0107 swoje zaanga\u017cowanie w zgodno\u015b\u0107 z przepisami dotycz\u0105cymi dost\u0119pno\u015bci. <\/li><li><b>Dok\u0142adna lokalizacja. <\/b> Wtyczka oferuje lokalizacj\u0119 j\u0119zykow\u0105 i kulturow\u0105 w 76 regionach, aby wspiera\u0107 przepisy dotycz\u0105ce dost\u0119pno\u015bci i wdra\u017canie mi\u0119dzynarodowe. <\/li><\/ul><p><a href=\"#demo\">Sprawd\u017a prosty edytor, aby dowiedzie\u0107 si\u0119, jak dzia\u0142a wtyczka<\/a><\/p><\/div> <div class=\"application-platform-content-item-installation application-platform-content-item\" id=\"installation\" data-nav-section=\"installation\"> <h2>Jak osadzi\u0107 zgodno\u015b\u0107 z ADA w mojej witrynie GoDaddy? <\/h2><p>Sp\u00f3jrz na ten prosty przewodnik, aby zainstalowa\u0107 wtyczk\u0119 w swojej witrynie GoDaddy. Zajmie to tylko kilka minut i nie wymaga \u017cadnego kodowania. <\/p> <ol><li><strong>Utw\u00f3rz w\u0142asn\u0105 wtyczk\u0119 zgodno\u015bci z ADA<\/strong><br> Zacznij od dowolnego szablonu w edytorze, pracuj z przyjaznymi dla u\u017cytkownika elementami w nim zawartymi i dostosuj wtyczk\u0119 do preferowanego stylu i ustawie\u0144. <\/li><li><strong>Uzyskaj osobisty kod, aby osadzi\u0107 wtyczk\u0119<\/strong><br> Po utworzeniu wtyczki otrzymasz indywidualny kod HTML w swoim panelu. Skopiuj ten kod, kt\u00f3ry zawiera wszystkie szczeg\u00f3\u0142y dotycz\u0105ce Twoich ustawie\u0144. <\/li> <li><strong>Wy\u015bwietl wtyczk\u0119 na swojej stronie internetowej GoDaddy<\/strong><br> Wybierz obszary swojej strony internetowej, w kt\u00f3rych chcesz przedstawi\u0107 zgodno\u015b\u0107 z ADA i wklej tam kod. Zapisz zmiany. <\/li> <\/ol><p>To wszystko! Teraz sprawd\u017a, jak wtyczka dzia\u0142a na Twojej stronie internetowej. <\/p><p>Je\u015bli musisz poradzi\u0107 sobie z jakimikolwiek problemami podczas osadzania wtyczki w witrynie internetowej, po prostu skontaktuj si\u0119 z naszym dzia\u0142em obs\u0142ugi klienta. Z przyjemno\u015bci\u0105 wyja\u015bnimy Ci, jak doda\u0107 i zarz\u0105dza\u0107 rozwi\u0105zaniem u\u0142atwie\u0144 dost\u0119pu. <\/p><\/div>","protected":false},"excerpt":{"rendered":"","protected":false},"author":9,"featured_media":0,"parent":10086,"menu_order":0,"comment_status":"closed","ping_status":"closed","template":"templates\/template-application-platform.php","meta":{"publish_to_discourse":"","publish_post_category":"","wpdc_auto_publish_overridden":"","wpdc_topic_tags":"","wpdc_pin_topic":"","wpdc_pin_until":"","discourse_post_id":"","discourse_permalink":"","wpdc_publishing_response":"","wpdc_publishing_error":"","footnotes":""},"class_list":["post-9941","page","type-page","status-publish","hentry"],"yoast_head":"<!-- This site is optimized with the Yoast SEO plugin v25.3.1 - https:\/\/yoast.com\/wordpress\/plugins\/seo\/ -->\n<title>Wtyczka GoDaddy ADA Compliance \u2014 dodaj dost\u0119pno\u015b\u0107 do swojej witryny [ZA DARMO]<\/title>\n<meta name=\"description\" content=\"Dodaj bezproblemow\u0105 wtyczk\u0119 ADA Compliance na swojej stronie GoDaddy. Wypr\u00f3buj przyjazny dla u\u017cytkownika edytor Elfsight, aby \u0142atwo zbudowa\u0107 w\u0142asne rozwi\u0105zanie.\" \/>\n<meta name=\"robots\" content=\"index, follow, max-snippet:-1, max-image-preview:large, max-video-preview:-1\" \/>\n<link rel=\"canonical\" href=\"https:\/\/elfsight.com\/pl\/ada-compliance-widget\/godaddy\/\" \/>\n<meta property=\"og:locale\" content=\"pl_PL\" \/>\n<meta property=\"og:type\" content=\"article\" \/>\n<meta property=\"og:title\" content=\"Wtyczka GoDaddy ADA Compliance \u2014 dodaj dost\u0119pno\u015b\u0107 do swojej witryny [ZA DARMO]\" \/>\n<meta property=\"og:description\" content=\"Dodaj bezproblemow\u0105 wtyczk\u0119 ADA Compliance na swojej stronie GoDaddy. Wypr\u00f3buj przyjazny dla u\u017cytkownika edytor Elfsight, aby \u0142atwo zbudowa\u0107 w\u0142asne rozwi\u0105zanie.\" \/>\n<meta property=\"og:url\" content=\"https:\/\/elfsight.com\/pl\/ada-compliance-widget\/godaddy\/\" \/>\n<meta property=\"og:site_name\" content=\"Elfsight PL\" \/>\n<meta property=\"article:modified_time\" content=\"2025-06-11T09:46:57+00:00\" \/>\n<meta name=\"twitter:card\" content=\"summary_large_image\" \/>\n<meta name=\"twitter:label1\" content=\"Szacowany czas czytania\" \/>\n\t<meta name=\"twitter:data1\" content=\"2 minuty\" \/>\n<!-- \/ Yoast SEO plugin. -->","yoast_head_json":{"title":"Wtyczka GoDaddy ADA Compliance \u2014 dodaj dost\u0119pno\u015b\u0107 do swojej witryny [ZA DARMO]","description":"Dodaj bezproblemow\u0105 wtyczk\u0119 ADA Compliance na swojej stronie GoDaddy. Wypr\u00f3buj przyjazny dla u\u017cytkownika edytor Elfsight, aby \u0142atwo zbudowa\u0107 w\u0142asne rozwi\u0105zanie.","robots":{"index":"index","follow":"follow","max-snippet":"max-snippet:-1","max-image-preview":"max-image-preview:large","max-video-preview":"max-video-preview:-1"},"canonical":"https:\/\/elfsight.com\/pl\/ada-compliance-widget\/godaddy\/","og_locale":"pl_PL","og_type":"article","og_title":"Wtyczka GoDaddy ADA Compliance \u2014 dodaj dost\u0119pno\u015b\u0107 do swojej witryny [ZA DARMO]","og_description":"Dodaj bezproblemow\u0105 wtyczk\u0119 ADA Compliance na swojej stronie GoDaddy. Wypr\u00f3buj przyjazny dla u\u017cytkownika edytor Elfsight, aby \u0142atwo zbudowa\u0107 w\u0142asne rozwi\u0105zanie.","og_url":"https:\/\/elfsight.com\/pl\/ada-compliance-widget\/godaddy\/","og_site_name":"Elfsight PL","article_modified_time":"2025-06-11T09:46:57+00:00","twitter_card":"summary_large_image","twitter_misc":{"Szacowany czas czytania":"2 minuty"},"schema":{"@context":"https:\/\/schema.org","@graph":[{"@type":"WebPage","@id":"https:\/\/elfsight.com\/pl\/ada-compliance-widget\/godaddy\/","url":"https:\/\/elfsight.com\/pl\/ada-compliance-widget\/godaddy\/","name":"Wtyczka GoDaddy ADA Compliance \u2014 dodaj dost\u0119pno\u015b\u0107 do swojej witryny [ZA DARMO]","isPartOf":{"@id":"https:\/\/elfsight.com\/pl\/#website"},"datePublished":"2025-05-21T08:56:43+00:00","dateModified":"2025-06-11T09:46:57+00:00","description":"Dodaj bezproblemow\u0105 wtyczk\u0119 ADA Compliance na swojej stronie GoDaddy. Wypr\u00f3buj przyjazny dla u\u017cytkownika edytor Elfsight, aby \u0142atwo zbudowa\u0107 w\u0142asne rozwi\u0105zanie.","breadcrumb":{"@id":"https:\/\/elfsight.com\/pl\/ada-compliance-widget\/godaddy\/#breadcrumb"},"inLanguage":"pl-PL","potentialAction":[{"@type":"ReadAction","target":["https:\/\/elfsight.com\/pl\/ada-compliance-widget\/godaddy\/"]}]},{"@type":"BreadcrumbList","@id":"https:\/\/elfsight.com\/pl\/ada-compliance-widget\/godaddy\/#breadcrumb","itemListElement":[{"@type":"ListItem","position":1,"name":"Home","item":"https:\/\/elfsight.com\/pl\/"},{"@type":"ListItem","position":2,"name":"Ada Compliance","item":"https:\/\/elfsight.com\/pl\/ada-compliance-widget\/"},{"@type":"ListItem","position":3,"name":"ADA Compliance &#8211; GoDaddy"}]},{"@type":"WebSite","@id":"https:\/\/elfsight.com\/pl\/#website","url":"https:\/\/elfsight.com\/pl\/","name":"Elfsight PL","description":"Just another Elfsight Sites site","potentialAction":[{"@type":"SearchAction","target":{"@type":"EntryPoint","urlTemplate":"https:\/\/elfsight.com\/pl\/?s={search_term_string}"},"query-input":{"@type":"PropertyValueSpecification","valueRequired":true,"valueName":"search_term_string"}}],"inLanguage":"pl-PL"}]}},"meta_box":{"industry":"","seo_heading":"","heading":"","description":"","cta_heading":"","cta_description":"","application":"9893","h1":"Wtyczka zgodno\u015bci z ADA dla witryny GoDaddy","h1_caption":"Dostosuj swoj\u0105 witryn\u0119 GoDaddy do wymog\u00f3w ADA dzi\u0119ki wtyczce, kt\u00f3ra dostosuje jej tre\u015b\u0107 do potrzeb wszystkich u\u017cytkownik\u00f3w: zwi\u0119ksz inkluzywno\u015b\u0107 i poka\u017c swoje zaanga\u017cowanie w zapewnianie dost\u0119pno\u015bci.","application_category":[],"applications_title":"","applications_request_title":"","applications_request_button_text":"","hero_text":"","hero_video":"","hero_video_schema_markup":"","selling_points_title":"","selling_points_caption":"","selling_points":[],"selling_points_cta_text":"","features_title":"","features":"","ed_cta_examples_text":"","ed_cta_examples_hidden":"","ed_cta_demo_text":"","ed_cta_demo_hidden":"","why_caption":"","why_editor_title":"","why_editor_text":"","why_team_title":"","why_team_text":"","why_service_title":"","why_service_text":"","template_catalog_visible":"","template_catalog_title":"","template_catalog_text":"","template_catalog_categories_visible":"","demo_title":"Utw\u00f3rz wtyczk\u0119 zgodno\u015bci z ADA","demo_caption":"Skonfiguruj zgodno\u015b\u0107 z ADA i dodaj j\u0105 bezp\u0142atnie do swojej witryny GoDaddy!","default_faq_hidden":"","app_template_category":[],"platform":"180","template_public_id":"","codecanyon_url":"","codecanyon_item_id":"","codecanyon_price":"","pricing_caption":"","pricing_elfsight_apps_hide_column":"","pricing_elfsight_apps_url":"","pricing_codecanyon_price_caption":"","integration_category":[],"integration_request_title":"","integration_request_cta":"","integration_platform":"","integrations":[],"platform_category":[],"video_schema_markup":"","price":"od 0 z\u0142\/miesi\u0105c","trial":"","benefits":[],"button_url":"#demo","button_target_blank":"0","button_nofollow":"","attributes":[{"name":"Instaluje","content":"50,000 - 100,000","_state":"expanded"},{"name":"Czu\u0142y","content":"Tak","_state":"expanded"},{"name":"Kompatybilne przegl\u0105darki","content":"Firefox, Safari, Opera, Chrome, Edge","_state":"expanded"}],"tags":[],"tags_disable_links":"","hide_more_platforms":"","video_object":"","demo_hide_cta":"","demo_hide_cloud_options":"","pricing_title":"","pricing":[{"pricing_icon":"platform","pricing_title":"Elfsight Apps","pricing_title_caption":"Wersja mi\u0119dzyplatformowa","pricing_price":"od 0 z\u0142\/miesi\u0105c","pricing_price_caption":"zacznij od darmowego planu","pricing_button_text":"Dodaj do witryny","pricing_button_url":"#demo"}],"related_apps_title":"","related_apps_hidden":"","author":"","image":[],"title":"","job":"","social_networks":[]},"_links":{"self":[{"href":"https:\/\/elfsight.com\/pl\/wp-json\/wp\/v2\/pages\/9941","targetHints":{"allow":["GET"]}}],"collection":[{"href":"https:\/\/elfsight.com\/pl\/wp-json\/wp\/v2\/pages"}],"about":[{"href":"https:\/\/elfsight.com\/pl\/wp-json\/wp\/v2\/types\/page"}],"author":[{"embeddable":true,"href":"https:\/\/elfsight.com\/pl\/wp-json\/wp\/v2\/users\/9"}],"replies":[{"embeddable":true,"href":"https:\/\/elfsight.com\/pl\/wp-json\/wp\/v2\/comments?post=9941"}],"version-history":[{"count":1,"href":"https:\/\/elfsight.com\/pl\/wp-json\/wp\/v2\/pages\/9941\/revisions"}],"predecessor-version":[{"id":9945,"href":"https:\/\/elfsight.com\/pl\/wp-json\/wp\/v2\/pages\/9941\/revisions\/9945"}],"up":[{"embeddable":true,"href":"https:\/\/elfsight.com\/pl\/wp-json\/wp\/v2\/pages\/10086"}],"wp:attachment":[{"href":"https:\/\/elfsight.com\/pl\/wp-json\/wp\/v2\/media?parent=9941"}],"curies":[{"name":"wp","href":"https:\/\/api.w.org\/{rel}","templated":true}]}}