{"id":9920,"date":"2025-05-21T10:10:18","date_gmt":"2025-05-21T10:10:18","guid":{"rendered":"https:\/\/elfsight.com\/pl\/?page_id=9920"},"modified":"2025-06-11T09:46:34","modified_gmt":"2025-06-11T09:46:34","slug":"webnode","status":"publish","type":"page","link":"https:\/\/elfsight.com\/pl\/ada-compliance-widget\/webnode\/","title":{"rendered":"ADA Compliance &#8211; Webnode"},"content":{"rendered":"<div class=\"application-platform-content-item-description application-platform-content-item\" id=\"description\" data-nav-section=\"description\"> <h2>Osad\u017a zgodno\u015b\u0107 z ADA w Webnode za pomoc\u0105 wid\u017cetu Elfsight<\/h2> <p>Wid\u017cet zgodno\u015bci z ADA zapewnia przyjazne u\u017cytkownikowi do\u015bwiadczenie dla odwiedzaj\u0105cych o r\u00f3\u017cnych zdolno\u015bciach, dostosowuj\u0105c si\u0119 do kluczowych standard\u00f3w dost\u0119pno\u015bci. Wyposa\u017cony w szereg zintegrowanych tryb\u00f3w u\u0142atwie\u0144 dost\u0119pu, automatycznie dostosowuje interfejs, aby pom\u00f3c u\u017cytkownikom z upo\u015bledzeniem wzroku, koncentracji lub motorycznym. Nie jest wymagane kodowanie ani zmiany strukturalne. Ka\u017cdy tryb aktywuje starannie wyselekcjonowan\u0105 grup\u0119 ulepsze\u0144 dost\u0119pno\u015bci w celu zwi\u0119kszenia dost\u0119pno\u015bci tre\u015bci i usprawnienia zaanga\u017cowania u\u017cytkownik\u00f3w. <\/p><p>Wid\u017cet zawiera r\u00f3wnie\u017c inteligentny skaner zgodno\u015bci, kt\u00f3ry identyfikuje luki w dost\u0119pno\u015bci w Twojej witrynie i wy\u015bwietla wyniki bezpo\u015brednio w interfejsie wid\u017cetu. Mo\u017cesz pobra\u0107 szczeg\u00f3\u0142owe wyniki audytu i wyr\u00f3\u017cni\u0107 swoj\u0105 ocen\u0119 dost\u0119pno\u015bci, aby budowa\u0107 wiarygodno\u015b\u0107 i zaufanie. Dzi\u0119ki pe\u0142nej lokalizacji obs\u0142uguje on inkluzywne zaanga\u017cowanie u\u017cytkownik\u00f3w w r\u00f3\u017cnych \u015brodowiskach j\u0119zykowych i regionalnych. <\/p><p><strong>Dodaj wid\u017cet ADA do swojej witryny Webnode i poka\u017c swoje zaanga\u017cowanie na rzecz inkluzywnych standard\u00f3w internetowych! <\/strong><\/p><\/div> <div class=\"application-platform-content-item-features application-platform-content-item\" id=\"features\" data-nav-section=\"features\"> <h2>Znajd\u017a poni\u017cej podstawowe funkcje wid\u017cetu: <\/h2><ul><li><b>Gotowe tryby dla 8 scenariuszy u\u017cytkownika. <\/b> U\u017cytkownicy z r\u00f3\u017cnymi niepe\u0142nosprawno\u015bciami mog\u0105 znale\u017a\u0107 idealne ustawienia wst\u0119pne zapewniaj\u0105ce p\u0142ynne i przyjazne dla u\u017cytkownika przegl\u0105danie. <\/li><li><b>Dostosuj ustawienia witryny, aby wy\u015bwietla\u0107 zawarto\u015b\u0107. <\/b> Wid\u017cet ma ustawienia poprawiaj\u0105ce czytelno\u015b\u0107 tekstu, nawigacj\u0119 i kolory. <\/li><li><b>Wbudowany modu\u0142 sprawdzaj\u0105cy dost\u0119pno\u015b\u0107. <\/b> Szybko przeskanuj swoj\u0105 witryn\u0119 pod k\u0105tem problem\u00f3w ze zgodno\u015bci\u0105 i ulepsz j\u0105, aby zapewni\u0107 lepsz\u0105 dost\u0119pno\u015b\u0107. <\/li><li><b>Odznaka zaufania z wynikiem dost\u0119pno\u015bci. <\/b> Publikuj wyniki audytu w wid\u017cecie, aby potwierdzi\u0107 swoje sta\u0142e zaanga\u017cowanie w przestrzeganie standard\u00f3w. <\/li><li><b>Dok\u0142adna lokalizacja. <\/b> Widget obs\u0142uguje lokalizacj\u0119 i t\u0142umaczenie dla 76 kraj\u00f3w, spe\u0142niaj\u0105c globalne standardy zgodno\u015bci i potrzeby dost\u0119pno\u015bci. <\/li><\/ul><p><a href=\"#demo\">Po prostu sprawd\u017a wszystkie ustawienia wid\u017cetu w edytorze bezpo\u015brednio na tej stronie<\/a><\/p><\/div> <div class=\"application-platform-content-item-installation application-platform-content-item\" id=\"installation\" data-nav-section=\"installation\"> <h2>Jak osadzi\u0107 zgodno\u015b\u0107 z ADA w mojej witrynie Webnode? <\/h2><p>Oto prosty przewodnik, jak umie\u015bci\u0107 wid\u017cet w swojej witrynie Webnode. Zajmie to tylko kilka minut i nie wymaga \u017cadnego kodowania. <\/p> <ol><li><strong>Zbuduj sw\u00f3j indywidualny wid\u017cet zgodno\u015bci z ADA<\/strong><br> Zacznij od dowolnego szablonu w edytorze, pracuj z wygodnymi elementami w nim zawartymi i dostosuj wid\u017cet do preferowanego stylu i ustawie\u0144. <\/li><li><strong>Otrzymaj osobisty kod do osadzenia wid\u017cetu<\/strong><br> Gdy tylko sko\u0144czysz tworzy\u0107 wid\u017cet, otrzymasz indywidualny kod HTML na pulpicie. Skopiuj kod, kt\u00f3ry zawiera wszystkie informacje o Twoich ustawieniach. <\/li> <li><strong>Zaprezentuj wid\u017cet na swojej stronie internetowej Webnode<\/strong><br> Okre\u015bl obszary swojej strony internetowej, w kt\u00f3rych chcesz wy\u015bwietli\u0107 zgodno\u015b\u0107 z ADA, i wklej tam kod. Zapisz zmiany. <\/li> <\/ol><p>To wszystko! Teraz zobacz, jak wid\u017cet dzia\u0142a na Twojej stronie internetowej. <\/p><p>W przypadku jakichkolwiek trudno\u015bci podczas osadzania wid\u017cetu na stronie internetowej, skontaktuj si\u0119 z naszym dzia\u0142em obs\u0142ugi klienta. Z przyjemno\u015bci\u0105 poka\u017cemy Ci, jak doda\u0107 i zarz\u0105dza\u0107 swoim rozwi\u0105zaniem u\u0142atwie\u0144 dost\u0119pu. <\/p><\/div>","protected":false},"excerpt":{"rendered":"","protected":false},"author":9,"featured_media":0,"parent":10086,"menu_order":0,"comment_status":"closed","ping_status":"closed","template":"templates\/template-application-platform.php","meta":{"publish_to_discourse":"","publish_post_category":"","wpdc_auto_publish_overridden":"","wpdc_topic_tags":"","wpdc_pin_topic":"","wpdc_pin_until":"","discourse_post_id":"","discourse_permalink":"","wpdc_publishing_response":"","wpdc_publishing_error":"","footnotes":""},"class_list":["post-9920","page","type-page","status-publish","hentry"],"yoast_head":"<!-- This site is optimized with the Yoast SEO plugin v25.3.1 - https:\/\/yoast.com\/wordpress\/plugins\/seo\/ -->\n<title>Widget zgodno\u015bci z ADA Webnode \u2014 dodaj dost\u0119pno\u015b\u0107 do swojej witryny [ZA DARMO]<\/title>\n<meta name=\"description\" content=\"Dodaj wid\u017cet zgodno\u015bci z ADA bez kodu do swojej witryny Webnode. Wypr\u00f3buj edytor online Elfsight, aby \u0142atwo zbudowa\u0107 swoje unikalne rozwi\u0105zanie.\" \/>\n<meta name=\"robots\" content=\"index, follow, max-snippet:-1, max-image-preview:large, max-video-preview:-1\" \/>\n<link rel=\"canonical\" href=\"https:\/\/elfsight.com\/pl\/ada-compliance-widget\/webnode\/\" \/>\n<meta property=\"og:locale\" content=\"pl_PL\" \/>\n<meta property=\"og:type\" content=\"article\" \/>\n<meta property=\"og:title\" content=\"Widget zgodno\u015bci z ADA Webnode \u2014 dodaj dost\u0119pno\u015b\u0107 do swojej witryny [ZA DARMO]\" \/>\n<meta property=\"og:description\" content=\"Dodaj wid\u017cet zgodno\u015bci z ADA bez kodu do swojej witryny Webnode. Wypr\u00f3buj edytor online Elfsight, aby \u0142atwo zbudowa\u0107 swoje unikalne rozwi\u0105zanie.\" \/>\n<meta property=\"og:url\" content=\"https:\/\/elfsight.com\/pl\/ada-compliance-widget\/webnode\/\" \/>\n<meta property=\"og:site_name\" content=\"Elfsight PL\" \/>\n<meta property=\"article:modified_time\" content=\"2025-06-11T09:46:34+00:00\" \/>\n<meta name=\"twitter:card\" content=\"summary_large_image\" \/>\n<meta name=\"twitter:label1\" content=\"Szacowany czas czytania\" \/>\n\t<meta name=\"twitter:data1\" content=\"2 minuty\" \/>\n<!-- \/ Yoast SEO plugin. -->","yoast_head_json":{"title":"Widget zgodno\u015bci z ADA Webnode \u2014 dodaj dost\u0119pno\u015b\u0107 do swojej witryny [ZA DARMO]","description":"Dodaj wid\u017cet zgodno\u015bci z ADA bez kodu do swojej witryny Webnode. Wypr\u00f3buj edytor online Elfsight, aby \u0142atwo zbudowa\u0107 swoje unikalne rozwi\u0105zanie.","robots":{"index":"index","follow":"follow","max-snippet":"max-snippet:-1","max-image-preview":"max-image-preview:large","max-video-preview":"max-video-preview:-1"},"canonical":"https:\/\/elfsight.com\/pl\/ada-compliance-widget\/webnode\/","og_locale":"pl_PL","og_type":"article","og_title":"Widget zgodno\u015bci z ADA Webnode \u2014 dodaj dost\u0119pno\u015b\u0107 do swojej witryny [ZA DARMO]","og_description":"Dodaj wid\u017cet zgodno\u015bci z ADA bez kodu do swojej witryny Webnode. Wypr\u00f3buj edytor online Elfsight, aby \u0142atwo zbudowa\u0107 swoje unikalne rozwi\u0105zanie.","og_url":"https:\/\/elfsight.com\/pl\/ada-compliance-widget\/webnode\/","og_site_name":"Elfsight PL","article_modified_time":"2025-06-11T09:46:34+00:00","twitter_card":"summary_large_image","twitter_misc":{"Szacowany czas czytania":"2 minuty"},"schema":{"@context":"https:\/\/schema.org","@graph":[{"@type":"WebPage","@id":"https:\/\/elfsight.com\/pl\/ada-compliance-widget\/webnode\/","url":"https:\/\/elfsight.com\/pl\/ada-compliance-widget\/webnode\/","name":"Widget zgodno\u015bci z ADA Webnode \u2014 dodaj dost\u0119pno\u015b\u0107 do swojej witryny [ZA DARMO]","isPartOf":{"@id":"https:\/\/elfsight.com\/pl\/#website"},"datePublished":"2025-05-21T10:10:18+00:00","dateModified":"2025-06-11T09:46:34+00:00","description":"Dodaj wid\u017cet zgodno\u015bci z ADA bez kodu do swojej witryny Webnode. Wypr\u00f3buj edytor online Elfsight, aby \u0142atwo zbudowa\u0107 swoje unikalne rozwi\u0105zanie.","breadcrumb":{"@id":"https:\/\/elfsight.com\/pl\/ada-compliance-widget\/webnode\/#breadcrumb"},"inLanguage":"pl-PL","potentialAction":[{"@type":"ReadAction","target":["https:\/\/elfsight.com\/pl\/ada-compliance-widget\/webnode\/"]}]},{"@type":"BreadcrumbList","@id":"https:\/\/elfsight.com\/pl\/ada-compliance-widget\/webnode\/#breadcrumb","itemListElement":[{"@type":"ListItem","position":1,"name":"Home","item":"https:\/\/elfsight.com\/pl\/"},{"@type":"ListItem","position":2,"name":"Ada Compliance","item":"https:\/\/elfsight.com\/pl\/ada-compliance-widget\/"},{"@type":"ListItem","position":3,"name":"ADA Compliance &#8211; Webnode"}]},{"@type":"WebSite","@id":"https:\/\/elfsight.com\/pl\/#website","url":"https:\/\/elfsight.com\/pl\/","name":"Elfsight PL","description":"Just another Elfsight Sites site","potentialAction":[{"@type":"SearchAction","target":{"@type":"EntryPoint","urlTemplate":"https:\/\/elfsight.com\/pl\/?s={search_term_string}"},"query-input":{"@type":"PropertyValueSpecification","valueRequired":true,"valueName":"search_term_string"}}],"inLanguage":"pl-PL"}]}},"meta_box":{"industry":"","seo_heading":"","heading":"","description":"","cta_heading":"","cta_description":"","application":"9893","h1":"Widget zgodno\u015bci z ADA dla witryny Webnode","h1_caption":"Dostosuj swoj\u0105 witryn\u0119 Webnode do wymog\u00f3w ADA dzi\u0119ki wid\u017cetowi, kt\u00f3ry modyfikuje jej tre\u015b\u0107, aby odpowiada\u0142a potrzebom r\u00f3\u017cnych u\u017cytkownik\u00f3w: promuj inkluzywny dost\u0119p i poka\u017c swoje zaanga\u017cowanie na rzecz dost\u0119pno\u015bci sieci.","application_category":[],"applications_title":"","applications_request_title":"","applications_request_button_text":"","hero_text":"","hero_video":"","hero_video_schema_markup":"","selling_points_title":"","selling_points_caption":"","selling_points":[],"selling_points_cta_text":"","features_title":"","features":"","ed_cta_examples_text":"","ed_cta_examples_hidden":"","ed_cta_demo_text":"","ed_cta_demo_hidden":"","why_caption":"","why_editor_title":"","why_editor_text":"","why_team_title":"","why_team_text":"","why_service_title":"","why_service_text":"","template_catalog_visible":"","template_catalog_title":"","template_catalog_text":"","template_catalog_categories_visible":"","demo_title":"Utw\u00f3rz sw\u00f3j widget zgodno\u015bci z ADA","demo_caption":"Skonfiguruj zgodno\u015b\u0107 z ADA i dodaj j\u0105 do swojej witryny Webnode zupe\u0142nie za darmo!","default_faq_hidden":"","app_template_category":[],"platform":"138","template_public_id":"","codecanyon_url":"","codecanyon_item_id":"","codecanyon_price":"","pricing_caption":"","pricing_elfsight_apps_hide_column":"","pricing_elfsight_apps_url":"","pricing_codecanyon_price_caption":"","integration_category":[],"integration_request_title":"","integration_request_cta":"","integration_platform":"","integrations":[],"platform_category":[],"video_schema_markup":"","price":"od 0 z\u0142\/miesi\u0105c","trial":"","benefits":[],"button_url":"#demo","button_target_blank":"0","button_nofollow":"","attributes":[{"name":"Instaluje","content":"50,000 - 100,000","_state":"expanded"},{"name":"Czu\u0142y","content":"Tak","_state":"expanded"},{"name":"Kompatybilne przegl\u0105darki","content":"Firefox, Safari, Opera, Chrome, Edge","_state":"expanded"}],"tags":[],"tags_disable_links":"","hide_more_platforms":"","video_object":"","demo_hide_cta":"","demo_hide_cloud_options":"","pricing_title":"","pricing":[{"pricing_icon":"platform","pricing_title":"Elfsight Apps","pricing_title_caption":"Wieloplatformowe rozwi\u0105zanie cyfrowe dzia\u0142aj\u0105ce w ka\u017cdej witrynie","pricing_price":"od 0 z\u0142\/miesi\u0105c","pricing_price_caption":"zacznij od darmowego planu","pricing_button_text":"Dodaj do witryny","pricing_button_url":"#demo"}],"related_apps_title":"","related_apps_hidden":"","author":"","image":[],"title":"","job":"","social_networks":[]},"_links":{"self":[{"href":"https:\/\/elfsight.com\/pl\/wp-json\/wp\/v2\/pages\/9920","targetHints":{"allow":["GET"]}}],"collection":[{"href":"https:\/\/elfsight.com\/pl\/wp-json\/wp\/v2\/pages"}],"about":[{"href":"https:\/\/elfsight.com\/pl\/wp-json\/wp\/v2\/types\/page"}],"author":[{"embeddable":true,"href":"https:\/\/elfsight.com\/pl\/wp-json\/wp\/v2\/users\/9"}],"replies":[{"embeddable":true,"href":"https:\/\/elfsight.com\/pl\/wp-json\/wp\/v2\/comments?post=9920"}],"version-history":[{"count":1,"href":"https:\/\/elfsight.com\/pl\/wp-json\/wp\/v2\/pages\/9920\/revisions"}],"predecessor-version":[{"id":9924,"href":"https:\/\/elfsight.com\/pl\/wp-json\/wp\/v2\/pages\/9920\/revisions\/9924"}],"up":[{"embeddable":true,"href":"https:\/\/elfsight.com\/pl\/wp-json\/wp\/v2\/pages\/10086"}],"wp:attachment":[{"href":"https:\/\/elfsight.com\/pl\/wp-json\/wp\/v2\/media?parent=9920"}],"curies":[{"name":"wp","href":"https:\/\/api.w.org\/{rel}","templated":true}]}}