{"id":992,"date":"2020-12-17T15:05:15","date_gmt":"2020-12-17T15:05:15","guid":{"rendered":"https:\/\/elfsight.com\/pl\/?page_id=992"},"modified":"2020-12-17T15:15:40","modified_gmt":"2020-12-17T15:15:40","slug":"examples","status":"publish","type":"page","link":"https:\/\/elfsight.com\/pl\/viber-chat-widget\/examples\/","title":{"rendered":"Viber Chat &#8211; Examples"},"content":{"rendered":"\n<div class=\"application-examples-item application-examples-item-loading\">\n                            <div class=\"col-row\">\n                                <div class=\"col-6 col-m-8 col-s-12\"><h3 class=\"application-examples-item-title\">Przyk\u0142ad 1. Powszechny Live Chat<\/h3><div class=\"application-examples-item-description\">Ten uniwersalny wariant czatu b\u0119dzie wygl\u0105da\u0142 \u015bwietnie na ka\u017cdej stronie internetowej. Szablon Floating bubble sprawia, \u017ce jest ona umiarkowana, ale zawsze widoczna dla odwiedzaj\u0105cych witryn\u0119. Ikona dymka to jest oryginalne logo Viber znane wi\u0119kszo\u015bci u\u017cytkownik\u00f3w.<\/div><\/div>\n                <\/div>\n\n                <div class=\"application-examples-item-iframe-container browser-frame\">\n                    <div class=\"application-examples-item-iframe-wrapper\">\n                        <iframe class=\"application-examples-item-iframe application-examples-item-iframe-fixed-height\" data-src=\"https:\/\/elfsight.com\/examples?widget_id=91006a79-f1bb-4424-a9e0-7ad009169934&padding=28px+40px+40px\" width=\"100%\" height=\"500\" allow=\"autoplay; fullscreen\"><\/iframe>\n                    <\/div>\n\n                    <div class=\"application-examples-item-loader\"><\/div>\n                <\/div>\n            <\/div>\n\n<div class=\"application-examples-item application-examples-item-loading\">\n                            <div class=\"col-row\">\n                                <div class=\"col-6 col-m-8 col-s-12\"><h3 class=\"application-examples-item-title\">Przyk\u0142ad 2. Czat Pomocy<\/h3><div class=\"application-examples-item-description\">W tym przyk\u0142adzie w nag\u0142\u00f3wku okna czatu znajduje si\u0119 zdj\u0119cie specjalisty pomocy technicznej i typowy czas odpowiedzi. W ten spos\u00f3b ludzie widz\u0105, kiedy powinni spodziewa\u0107 si\u0119 odpowiedzi. To przejrzysty i praktyczny spos\u00f3b na stworzenie kana\u0142u komunikacji z klientem w Twojej stronie internetowej.<\/div><\/div>\n                <\/div>\n\n                <div class=\"application-examples-item-iframe-container browser-frame\">\n                    <div class=\"application-examples-item-iframe-wrapper\">\n                        <iframe class=\"application-examples-item-iframe application-examples-item-iframe-fixed-height\" data-src=\"https:\/\/elfsight.com\/examples?widget_id=6300d855-33f4-4be1-9f1e-36f7f4598ea3&padding=28px+40px+40px\" width=\"100%\" height=\"500px\" allow=\"autoplay; fullscreen\"><\/iframe>\n                    <\/div>\n\n                    <div class=\"application-examples-item-loader\"><\/div>\n                <\/div>\n            <\/div>\n\n<div class=\"application-examples-item application-examples-item-loading\">\n                            <div class=\"col-row\">\n                                <div class=\"col-6 col-m-8 col-s-12\"><h3 class=\"application-examples-item-title\">Przyk\u0142ad 3. Czat Sprzeda\u017cy<\/h3><div class=\"application-examples-item-description\">Dokonano by\u0142o wielu dostosowa\u0144: t\u0142o nag\u0142\u00f3wka jest pomalowane na czarno, jest niestandardowy podpis i pe\u0142ne informacje o osobie z pomocy technicznej. Przycisk Rozpocznij czat ma kolor czerwony i zawiera niestandardowy tekst. Skuteczny spos\u00f3b na przyci\u0105gni\u0119cie sprzeda\u017cy za po\u015brednictwem czatu.<\/div><\/div>\n                <\/div>\n\n                <div class=\"application-examples-item-iframe-container browser-frame\">\n                    <div class=\"application-examples-item-iframe-wrapper\">\n                        <iframe class=\"application-examples-item-iframe application-examples-item-iframe-fixed-height\" data-src=\"https:\/\/elfsight.com\/examples?widget_id=b49e432c-4f1c-4381-894f-822144096814&padding=28px+40px+40px\" width=\"100%\" height=\"500px\" allow=\"autoplay; fullscreen\"><\/iframe>\n                    <\/div>\n\n                    <div class=\"application-examples-item-loader\"><\/div>\n                <\/div>\n            <\/div>\n\n<div class=\"application-examples-item application-examples-item-loading\">\n                            <div class=\"col-row\">\n                                <div class=\"col-6 col-m-8 col-s-12\"><h3 class=\"application-examples-item-title\">Przyk\u0142ad 4. Chat Rezerwacji<\/h3><div class=\"application-examples-item-description\">Nag\u0142\u00f3wek i okno czatu s\u0105 pomalowane na niebiesko, aby pasowa\u0142y do koncepcji kolor\u00f3w motywu witryny. Wiadomo\u015b\u0107 powitalna jest tutaj, aby zaoferowa\u0107 us\u0142ugi rezerwacji. Dymek czatu demonstruje ikon\u0119 rezerwacji i wezwanie do dzia\u0142ania.<\/div><\/div>\n                <\/div>\n\n                <div class=\"application-examples-item-iframe-container browser-frame\">\n                    <div class=\"application-examples-item-iframe-wrapper\">\n                        <iframe class=\"application-examples-item-iframe application-examples-item-iframe-fixed-height\" data-src=\"https:\/\/elfsight.com\/examples?widget_id=832ad979-ed17-4e60-bbc7-ae8c305da143&padding=28px+40px+40px\" width=\"100%\" height=\"500px\" allow=\"autoplay; fullscreen\"><\/iframe>\n                    <\/div>\n\n                    <div class=\"application-examples-item-loader\"><\/div>\n                <\/div>\n            <\/div>\n\n<div class=\"application-cta-create\">\n                    <div class=\"application-cta-create-bg\">\n                        <div class=\"application-cta-create-bg-left\"><\/div>\n\n                        <div class=\"application-cta-create-bg-right\">\n                            <img decoding=\"async\" src=\"https:\/\/elfsight.com\/pl\/wp-content\/themes\/elfsight\/frontend\/assets\/img\/application-cta-create.jpg\" alt=\"Zacznij od stworzenia swojego wid\u017cetu\">\n                        <\/div>\n                    <\/div>\n\n                    <div class=\"application-cta-create-content inner\">\n                        <div class=\"application-cta-create-content-inner\">\n                            <div class=\"application-cta-create-content-icon\">\n                                <svg viewBox=\"0 0 25 25\" width=\"100%\" height=\"100%\">\n                                    <use xlink:href=\"#icon-settings\"><\/use>\n                                <\/svg>\n                            <\/div>\n\n                            <div class=\"application-cta-create-content-title\">Zacznij od stworzenia swojego wid\u017cetu<\/div>\n\n                            <div class=\"application-cta-create-content-text\">Szybko. \u0141atwo. Bez kodowania.<\/div>\n\n                            <a class=\"application-cta-create-content-button button-48 button-has-right-icon button-black button\" href=\"\">\n                                <span class=\"button-label\">Utw\u00f3rz wid\u017cet<\/span>\n\n                                <svg class=\"button-icon\">\n                                    <use xlink:href=\"#icon-arrow-link\"><\/use>\n                                <\/svg>\n                            <\/a>\n                        <\/div>\n                    <\/div>\n                <\/div>\n\n<div class=\"application-examples-item application-examples-item-loading\">\n                            <div class=\"col-row\">\n                                <div class=\"col-6 col-m-8 col-s-12\"><h3 class=\"application-examples-item-title\">Przyk\u0142ad 5. Chat Feedbacku<\/h3><div class=\"application-examples-item-description\">Ten czat ma kszta\u0142t p\u0142ywaj\u0105cego dymka z ikon\u0105 firmy i w\u0142asnym tekstem. Rozwija si\u0119 w okno czatu ze zdj\u0119ciem mened\u017cera (z biblioteki wid\u017ceta) i wiadomo\u015b\u0107 powitaln\u0105, kt\u00f3ra delikatnie prosi odwiedzaj\u0105cych o opini\u0119. Dobry spos\u00f3b na zbieranie opinii.<\/div><\/div>\n                <\/div>\n\n                <div class=\"application-examples-item-iframe-container browser-frame\">\n                    <div class=\"application-examples-item-iframe-wrapper\">\n                        <iframe class=\"application-examples-item-iframe application-examples-item-iframe-fixed-height\" data-src=\"https:\/\/elfsight.com\/examples?widget_id=97ce105b-f544-4f23-a0be-dfe9f2c1a960&padding=28px+40px+40px\" width=\"100%\" height=\"500px\" allow=\"autoplay; fullscreen\"><\/iframe>\n                    <\/div>\n\n                    <div class=\"application-examples-item-loader\"><\/div>\n                <\/div>\n            <\/div>\n\n<div class=\"application-examples-item application-examples-item-loading\">\n                            <div class=\"col-row\">\n                                <div class=\"col-6 col-m-8 col-s-12\"><h3 class=\"application-examples-item-title\">Przyk\u0142ad 6. Czat Wprowadzania U\u017cytkownik\u00f3w<\/h3><div class=\"application-examples-item-description\">Odwiedzaj\u0105cy t\u0119 stron\u0119 zobacz\u0105 ma\u0142\u0105, ale przyci\u0105gaj\u0105c\u0105 wzrok ikon\u0119 czatu. Ma now\u0105 wiadomo\u015b\u0107, aby przyci\u0105gn\u0105\u0107 wi\u0119cej uwagi. Po klikni\u0119ciu ikona pokazuje okno czatu z logo firmy i nazw\u0105. Wiadomo\u015b\u0107 powitalna zach\u0119ca u\u017cytkownik\u00f3w do zapoznania si\u0119 z produktem i rozpocz\u0119cia rozmowy<\/div><\/div>\n                <\/div>\n\n                <div class=\"application-examples-item-iframe-container browser-frame\">\n                    <div class=\"application-examples-item-iframe-wrapper\">\n                        <iframe class=\"application-examples-item-iframe application-examples-item-iframe-fixed-height\" data-src=\"https:\/\/elfsight.com\/examples?widget_id=07093c9b-c103-46de-a675-a56c0f644bea&padding=28px+40px+40px\" width=\"100%\" height=\"500px\" allow=\"autoplay; fullscreen\"><\/iframe>\n                    <\/div>\n\n                    <div class=\"application-examples-item-loader\"><\/div>\n                <\/div>\n            <\/div>\n\n<div class=\"application-examples-item application-examples-item-loading\">\n                            <div class=\"col-row\">\n                                <div class=\"col-6 col-m-8 col-s-12\"><h3 class=\"application-examples-item-title\">Przyk\u0142ad 7. Czat Konsultacji<\/h3><div class=\"application-examples-item-description\">Ten czat s\u0142u\u017cy do konsultacji klient\u00f3w na temat ofert firmy. Umiarkowane okno czatu z nazwiskiem i zdj\u0119ciem konsultanta ujawnia wiadomo\u015b\u0107. Oferuje u\u017cytkownikom pomoc w wyborze mi\u0119dzy ofertami. T\u0142o i przycisk s\u0105 pomalowane na w\u0142asne kolory.<\/div><\/div>\n                <\/div>\n\n                <div class=\"application-examples-item-iframe-container browser-frame\">\n                    <div class=\"application-examples-item-iframe-wrapper\">\n                        <iframe class=\"application-examples-item-iframe application-examples-item-iframe-fixed-height\" data-src=\"https:\/\/elfsight.com\/examples?widget_id=891448e6-e54c-425a-8331-cbdfe067cb9d&padding=28px+40px+40px\" width=\"100%\" height=\"500px\" allow=\"autoplay; fullscreen\"><\/iframe>\n                    <\/div>\n\n                    <div class=\"application-examples-item-loader\"><\/div>\n                <\/div>\n            <\/div>\n","protected":false},"excerpt":{"rendered":"","protected":false},"author":13,"featured_media":0,"parent":971,"menu_order":0,"comment_status":"closed","ping_status":"closed","template":"templates\/template-application-examples.php","meta":{"publish_to_discourse":"","publish_post_category":"","wpdc_auto_publish_overridden":"","wpdc_topic_tags":"","wpdc_pin_topic":"","wpdc_pin_until":"","discourse_post_id":"","discourse_permalink":"","wpdc_publishing_response":"","wpdc_publishing_error":"","footnotes":""},"class_list":["post-992","page","type-page","status-publish","hentry"],"yoast_head":"<!-- This site is optimized with the Yoast SEO plugin v25.3.1 - https:\/\/yoast.com\/wordpress\/plugins\/seo\/ -->\n<title>Najlepsze przyk\u0142ady Viber Live Chat dla strony internetowej (Prezentacja)<\/title>\n<meta name=\"description\" content=\"TOP 7 przyk\u0142ad\u00f3w Viber Live Chat na stronie: Og\u00f3lny, Rezerwacja, Wsparcie, i wi\u0119cej. \u0141atwy widget komunikatora Viber dla Twojej witryny.\" \/>\n<meta name=\"robots\" content=\"index, follow, max-snippet:-1, max-image-preview:large, max-video-preview:-1\" \/>\n<link rel=\"canonical\" href=\"https:\/\/elfsight.com\/pl\/viber-chat-widget\/examples\/\" \/>\n<meta property=\"og:locale\" content=\"pl_PL\" \/>\n<meta property=\"og:type\" content=\"article\" \/>\n<meta property=\"og:title\" content=\"Najlepsze przyk\u0142ady Viber Live Chat dla strony internetowej (Prezentacja)\" \/>\n<meta property=\"og:description\" content=\"TOP 7 przyk\u0142ad\u00f3w Viber Live Chat na stronie: Og\u00f3lny, Rezerwacja, Wsparcie, i wi\u0119cej. \u0141atwy widget komunikatora Viber dla Twojej witryny.\" \/>\n<meta property=\"og:url\" content=\"https:\/\/elfsight.com\/pl\/viber-chat-widget\/examples\/\" \/>\n<meta property=\"og:site_name\" content=\"Elfsight PL\" \/>\n<meta property=\"article:modified_time\" content=\"2020-12-17T15:15:40+00:00\" \/>\n<meta name=\"twitter:card\" content=\"summary_large_image\" \/>\n<meta name=\"twitter:label1\" content=\"Szacowany czas czytania\" \/>\n\t<meta name=\"twitter:data1\" content=\"3 minuty\" \/>\n<!-- \/ Yoast SEO plugin. -->","yoast_head_json":{"title":"Najlepsze przyk\u0142ady Viber Live Chat dla strony internetowej (Prezentacja)","description":"TOP 7 przyk\u0142ad\u00f3w Viber Live Chat na stronie: Og\u00f3lny, Rezerwacja, Wsparcie, i wi\u0119cej. \u0141atwy widget komunikatora Viber dla Twojej witryny.","robots":{"index":"index","follow":"follow","max-snippet":"max-snippet:-1","max-image-preview":"max-image-preview:large","max-video-preview":"max-video-preview:-1"},"canonical":"https:\/\/elfsight.com\/pl\/viber-chat-widget\/examples\/","og_locale":"pl_PL","og_type":"article","og_title":"Najlepsze przyk\u0142ady Viber Live Chat dla strony internetowej (Prezentacja)","og_description":"TOP 7 przyk\u0142ad\u00f3w Viber Live Chat na stronie: Og\u00f3lny, Rezerwacja, Wsparcie, i wi\u0119cej. \u0141atwy widget komunikatora Viber dla Twojej witryny.","og_url":"https:\/\/elfsight.com\/pl\/viber-chat-widget\/examples\/","og_site_name":"Elfsight PL","article_modified_time":"2020-12-17T15:15:40+00:00","twitter_card":"summary_large_image","twitter_misc":{"Szacowany czas czytania":"3 minuty"},"schema":{"@context":"https:\/\/schema.org","@graph":[{"@type":"WebPage","@id":"https:\/\/elfsight.com\/pl\/viber-chat-widget\/examples\/","url":"https:\/\/elfsight.com\/pl\/viber-chat-widget\/examples\/","name":"Najlepsze przyk\u0142ady Viber Live Chat dla strony internetowej (Prezentacja)","isPartOf":{"@id":"https:\/\/elfsight.com\/pl\/#website"},"datePublished":"2020-12-17T15:05:15+00:00","dateModified":"2020-12-17T15:15:40+00:00","description":"TOP 7 przyk\u0142ad\u00f3w Viber Live Chat na stronie: Og\u00f3lny, Rezerwacja, Wsparcie, i wi\u0119cej. \u0141atwy widget komunikatora Viber dla Twojej witryny.","breadcrumb":{"@id":"https:\/\/elfsight.com\/pl\/viber-chat-widget\/examples\/#breadcrumb"},"inLanguage":"pl-PL","potentialAction":[{"@type":"ReadAction","target":["https:\/\/elfsight.com\/pl\/viber-chat-widget\/examples\/"]}]},{"@type":"BreadcrumbList","@id":"https:\/\/elfsight.com\/pl\/viber-chat-widget\/examples\/#breadcrumb","itemListElement":[{"@type":"ListItem","position":1,"name":"Home","item":"https:\/\/elfsight.com\/pl\/"},{"@type":"ListItem","position":2,"name":"Viber Chat","item":"https:\/\/elfsight.com\/pl\/viber-chat-widget\/"},{"@type":"ListItem","position":3,"name":"Viber Chat &#8211; Examples"}]},{"@type":"WebSite","@id":"https:\/\/elfsight.com\/pl\/#website","url":"https:\/\/elfsight.com\/pl\/","name":"Elfsight PL","description":"Just another Elfsight Sites site","potentialAction":[{"@type":"SearchAction","target":{"@type":"EntryPoint","urlTemplate":"https:\/\/elfsight.com\/pl\/?s={search_term_string}"},"query-input":{"@type":"PropertyValueSpecification","valueRequired":true,"valueName":"search_term_string"}}],"inLanguage":"pl-PL"}]}},"meta_box":{"industry":"","seo_heading":"","heading":"","description":"","cta_heading":"","cta_description":"","application":"970","h1":"","h1_caption":"","application_category":[],"applications_title":"","applications_request_title":"","applications_request_button_text":"","hero_text":"","hero_video":"","hero_video_schema_markup":"","selling_points_title":"","selling_points_caption":"","selling_points":[],"selling_points_cta_text":"","features_title":"","features":"","ed_cta_examples_text":"","ed_cta_examples_hidden":"","ed_cta_demo_text":"","ed_cta_demo_hidden":"","why_caption":"","why_editor_title":"","why_editor_text":"","why_team_title":"","why_team_text":"","why_service_title":"","why_service_text":"","template_catalog_visible":"","template_catalog_title":"","template_catalog_text":"","template_catalog_categories_visible":"","demo_title":"","demo_caption":"","default_faq_hidden":"","app_template_category":[],"platform":"","template_public_id":"","codecanyon_url":"","codecanyon_item_id":"","codecanyon_price":"","pricing_caption":"","pricing_elfsight_apps_hide_column":"","pricing_elfsight_apps_url":"","pricing_codecanyon_price_caption":"","integration_category":[],"integration_request_title":"","integration_request_cta":"","integration_platform":"","integrations":[],"platform_category":[],"video_schema_markup":"","price":"","trial":"","benefits":[],"button_url":"","button_target_blank":"","button_nofollow":"","attributes":[],"tags":[],"tags_disable_links":"","hide_more_platforms":"","video_object":"","demo_hide_cta":"","demo_hide_cloud_options":"","pricing_title":"","pricing":[],"related_apps_title":"","related_apps_hidden":"","author":"","image":[],"title":"","job":"","social_networks":[]},"_links":{"self":[{"href":"https:\/\/elfsight.com\/pl\/wp-json\/wp\/v2\/pages\/992","targetHints":{"allow":["GET"]}}],"collection":[{"href":"https:\/\/elfsight.com\/pl\/wp-json\/wp\/v2\/pages"}],"about":[{"href":"https:\/\/elfsight.com\/pl\/wp-json\/wp\/v2\/types\/page"}],"author":[{"embeddable":true,"href":"https:\/\/elfsight.com\/pl\/wp-json\/wp\/v2\/users\/13"}],"replies":[{"embeddable":true,"href":"https:\/\/elfsight.com\/pl\/wp-json\/wp\/v2\/comments?post=992"}],"version-history":[{"count":6,"href":"https:\/\/elfsight.com\/pl\/wp-json\/wp\/v2\/pages\/992\/revisions"}],"predecessor-version":[{"id":998,"href":"https:\/\/elfsight.com\/pl\/wp-json\/wp\/v2\/pages\/992\/revisions\/998"}],"up":[{"embeddable":true,"href":"https:\/\/elfsight.com\/pl\/wp-json\/wp\/v2\/pages\/971"}],"wp:attachment":[{"href":"https:\/\/elfsight.com\/pl\/wp-json\/wp\/v2\/media?parent=992"}],"curies":[{"name":"wp","href":"https:\/\/api.w.org\/{rel}","templated":true}]}}