{"id":9918,"date":"2025-05-21T10:22:25","date_gmt":"2025-05-21T10:22:25","guid":{"rendered":"https:\/\/elfsight.com\/pl\/?page_id=9918"},"modified":"2025-06-11T09:46:34","modified_gmt":"2025-06-11T09:46:34","slug":"facebook","status":"publish","type":"page","link":"https:\/\/elfsight.com\/pl\/ada-compliance-widget\/facebook\/","title":{"rendered":"ADA Compliance &#8211; Facebook Page"},"content":{"rendered":"<div class=\"application-platform-content-item-description application-platform-content-item\" id=\"description\" data-nav-section=\"description\"> <h2>Umie\u015b\u0107 zgodno\u015b\u0107 z ADA na stronie na Facebooku za pomoc\u0105 wid\u017cetu Elfsight<\/h2> <p>Wid\u017cet zgodno\u015bci z ADA zapewnia przyjazne u\u017cytkownikowi do\u015bwiadczenie dla odwiedzaj\u0105cych o r\u00f3\u017cnych zdolno\u015bciach, przestrzegaj\u0105c uznanych wytycznych dotycz\u0105cych dost\u0119pno\u015bci. Wyposa\u017cony w szereg zintegrowanych tryb\u00f3w u\u0142atwie\u0144 dost\u0119pu, automatycznie dostosowuje uk\u0142ad i tre\u015b\u0107, aby pom\u00f3c u\u017cytkownikom z dysfunkcjami wzroku, koncentracji lub motoryki. Dzia\u0142a bezproblemowo bez konieczno\u015bci stosowania niestandardowego kodu lub zmian w projekcie. Ka\u017cdy tryb aktywuje starannie wyselekcjonowan\u0105 grup\u0119 ulepsze\u0144 dost\u0119pno\u015bci, aby Twoja istniej\u0105ca tre\u015b\u0107 by\u0142a bardziej dost\u0119pna, a interakcje wygodniejsze. <\/p><p>Wid\u017cet jest r\u00f3wnie\u017c wyposa\u017cony w automatyczne narz\u0119dzie skanuj\u0105ce, kt\u00f3re wykrywa problemy z dost\u0119pno\u015bci\u0105 i wy\u015bwietla wyniki bezpo\u015brednio w interfejsie wid\u017cetu. Mo\u017cesz pobra\u0107 szczeg\u00f3\u0142owe wyniki audytu i wyr\u00f3\u017cni\u0107 swoj\u0105 ocen\u0119 dost\u0119pno\u015bci, aby budowa\u0107 wiarygodno\u015b\u0107 i zaufanie. Dzi\u0119ki pe\u0142nej lokalizacji zapewnia u\u017cytkownikom w r\u00f3\u017cnych j\u0119zykach i regionach dost\u0119p do inkluzywnych do\u015bwiadcze\u0144. <\/p><p><strong>Ulepsz swoj\u0105 stron\u0119 na Facebooku dzi\u0119ki naszemu rozwi\u0105zaniu ADA i poka\u017c, \u017ce dost\u0119pno\u015b\u0107 jest wbudowana w Twoj\u0105 mark\u0119! <\/strong><\/p><\/div> <div class=\"application-platform-content-item-features application-platform-content-item\" id=\"features\" data-nav-section=\"features\"> <h2>Oferujemy cenne i nieskomplikowane funkcje, zobacz niekt\u00f3re z nich: <\/h2><ul><li><b>Gotowe tryby dla 8 scenariuszy u\u017cytkownika. <\/b> Osoby z r\u00f3\u017cnymi niepe\u0142nosprawno\u015bciami mog\u0105 wybra\u0107 idealny tryb dost\u0119pno\u015bci, aby porusza\u0107 si\u0119 po Twojej witrynie z \u0142atwo\u015bci\u0105 i pewno\u015bci\u0105 siebie. <\/li><li><b>Dostosuj ustawienia witryny, aby wy\u015bwietli\u0107 zawarto\u015b\u0107. <\/b> Widget zawiera opcje dostosowywania, aby poprawi\u0107 przejrzysto\u015b\u0107 tekstu, nawigacj\u0119 w witrynie i kontrast kolor\u00f3w. <\/li><li><b>Wbudowany modu\u0142 sprawdzania dost\u0119pno\u015bci. <\/b> Szybko przeskanuj swoj\u0105 witryn\u0119 pod k\u0105tem problem\u00f3w ze zgodno\u015bci\u0105 i ulepsz j\u0105, aby zapewni\u0107 lepsz\u0105 dost\u0119pno\u015b\u0107. <\/li><li><b>Odznaka zaufania z wynikiem dost\u0119pno\u015bci. <\/b> Wy\u015bwietl wyniki wbudowanego audytu, aby udowodni\u0107 swoje zaanga\u017cowanie w zachowanie zgodno\u015bci. <\/li><li><b>Dok\u0142adna lokalizacja. <\/b> Widget obs\u0142uguje lokalizacj\u0119 i t\u0142umaczenie dla 76 kraj\u00f3w, spe\u0142niaj\u0105c globalne standardy zgodno\u015bci i potrzeby dost\u0119pno\u015bci. <\/li><\/ul><p><a href=\"#demo\">Intuicyjny edytor mo\u017ce pokaza\u0107 Ci, jak funkcje i opcje dzia\u0142aj\u0105 bezpo\u015brednio na tej stronie<\/a><\/p><\/div> <div class=\"application-platform-content-item-installation application-platform-content-item\" id=\"installation\" data-nav-section=\"installation\"> <h2>Jak mog\u0119 osadzi\u0107 zgodno\u015b\u0107 z ADA na mojej stronie na Facebooku? <\/h2><div class=\"tip-yellow tip\"><b>Ze wzgl\u0119du na ostatnie zmiany na Facebooku i przej\u015bcie na nowe \u015brodowisko strony, korzystanie z niego jest obecnie mo\u017cliwe tylko poprzez dodanie bezpo\u015bredniego \u0142\u0105cza do wid\u017cetu. Aktywnie poszukujemy rozwi\u0105zania i zaktualizujemy konfiguracj\u0119 strony na Facebooku, gdy tylko znajdziemy spos\u00f3b.<\/b><\/div><p>Oto prosty spos\u00f3b na umieszczenie wid\u017cetu na Twojej stronie na Facebooku. Zajmie to tylko kilka minut i nie wymaga kodowania. <\/p> <ol><li><strong>Utw\u00f3rz sw\u00f3j indywidualny wid\u017cet zgodno\u015bci z ADA<\/strong><br> Zacznij od dowolnego szablonu w edytorze, pracuj z wygodnymi elementami w nim zawartymi i dostosuj wid\u017cet do preferowanego stylu i ustawie\u0144. <\/li><li><strong>Otrzymaj osobisty kod do osadzenia wid\u017cetu<\/strong><br> Gdy tylko sko\u0144czysz tworzy\u0107 wid\u017cet, otrzymasz indywidualny kod HTML na swoim pulpicie. Skopiuj kod, kt\u00f3ry zawiera wszystkie informacje o Twoich dostosowaniach. <\/li> <li><strong>Zaprezentuj wid\u017cet na swojej stronie na Facebooku<\/strong><br> Wybierz sekcje swojej witryny, w kt\u00f3rych chcesz zaprezentowa\u0107 zgodno\u015b\u0107 z ADA i wklej tam kod. Zapisz zmiany. <\/li> <\/ol><p>To wszystko! Teraz sprawd\u017a, jak wid\u017cet dzia\u0142a na Twojej stronie. <\/p><p>Je\u015bli wyst\u0105pi\u0105 jakiekolwiek problemy podczas osadzania wid\u017cetu na Twojej stronie, po prostu skontaktuj si\u0119 z naszym dzia\u0142em obs\u0142ugi klienta. Z przyjemno\u015bci\u0105 skonsultujemy si\u0119 z Tob\u0105 w sprawie dodania i zarz\u0105dzania rozwi\u0105zaniem u\u0142atwie\u0144 dost\u0119pu. <\/p><\/div>","protected":false},"excerpt":{"rendered":"","protected":false},"author":9,"featured_media":0,"parent":10086,"menu_order":0,"comment_status":"closed","ping_status":"closed","template":"templates\/template-application-platform.php","meta":{"publish_to_discourse":"","publish_post_category":"","wpdc_auto_publish_overridden":"","wpdc_topic_tags":"","wpdc_pin_topic":"","wpdc_pin_until":"","discourse_post_id":"","discourse_permalink":"","wpdc_publishing_response":"","wpdc_publishing_error":"","footnotes":""},"class_list":["post-9918","page","type-page","status-publish","hentry"],"yoast_head":"<!-- This site is optimized with the Yoast SEO plugin v25.3.1 - https:\/\/yoast.com\/wordpress\/plugins\/seo\/ -->\n<title>Wid\u017cet zgodno\u015bci z ustaw\u0105 ADA na stronie na Facebooku \u2014 dodaj dost\u0119pno\u015b\u0107 do swojej witryny [ZA DARMO]<\/title>\n<meta name=\"description\" content=\"Dodaj wid\u017cet zgodno\u015bci z ADA bez kodu na swojej stronie na Facebooku. U\u017cyj szybkiego edytora Elfsight, aby bez wysi\u0142ku stworzy\u0107 swoje osobiste rozwi\u0105zanie.\" \/>\n<meta name=\"robots\" content=\"index, follow, max-snippet:-1, max-image-preview:large, max-video-preview:-1\" \/>\n<link rel=\"canonical\" href=\"https:\/\/elfsight.com\/pl\/ada-compliance-widget\/facebook\/\" \/>\n<meta property=\"og:locale\" content=\"pl_PL\" \/>\n<meta property=\"og:type\" content=\"article\" \/>\n<meta property=\"og:title\" content=\"Wid\u017cet zgodno\u015bci z ustaw\u0105 ADA na stronie na Facebooku \u2014 dodaj dost\u0119pno\u015b\u0107 do swojej witryny [ZA DARMO]\" \/>\n<meta property=\"og:description\" content=\"Dodaj wid\u017cet zgodno\u015bci z ADA bez kodu na swojej stronie na Facebooku. U\u017cyj szybkiego edytora Elfsight, aby bez wysi\u0142ku stworzy\u0107 swoje osobiste rozwi\u0105zanie.\" \/>\n<meta property=\"og:url\" content=\"https:\/\/elfsight.com\/pl\/ada-compliance-widget\/facebook\/\" \/>\n<meta property=\"og:site_name\" content=\"Elfsight PL\" \/>\n<meta property=\"article:modified_time\" content=\"2025-06-11T09:46:34+00:00\" \/>\n<meta name=\"twitter:card\" content=\"summary_large_image\" \/>\n<meta name=\"twitter:label1\" content=\"Szacowany czas czytania\" \/>\n\t<meta name=\"twitter:data1\" content=\"3 minuty\" \/>\n<!-- \/ Yoast SEO plugin. -->","yoast_head_json":{"title":"Wid\u017cet zgodno\u015bci z ustaw\u0105 ADA na stronie na Facebooku \u2014 dodaj dost\u0119pno\u015b\u0107 do swojej witryny [ZA DARMO]","description":"Dodaj wid\u017cet zgodno\u015bci z ADA bez kodu na swojej stronie na Facebooku. U\u017cyj szybkiego edytora Elfsight, aby bez wysi\u0142ku stworzy\u0107 swoje osobiste rozwi\u0105zanie.","robots":{"index":"index","follow":"follow","max-snippet":"max-snippet:-1","max-image-preview":"max-image-preview:large","max-video-preview":"max-video-preview:-1"},"canonical":"https:\/\/elfsight.com\/pl\/ada-compliance-widget\/facebook\/","og_locale":"pl_PL","og_type":"article","og_title":"Wid\u017cet zgodno\u015bci z ustaw\u0105 ADA na stronie na Facebooku \u2014 dodaj dost\u0119pno\u015b\u0107 do swojej witryny [ZA DARMO]","og_description":"Dodaj wid\u017cet zgodno\u015bci z ADA bez kodu na swojej stronie na Facebooku. U\u017cyj szybkiego edytora Elfsight, aby bez wysi\u0142ku stworzy\u0107 swoje osobiste rozwi\u0105zanie.","og_url":"https:\/\/elfsight.com\/pl\/ada-compliance-widget\/facebook\/","og_site_name":"Elfsight PL","article_modified_time":"2025-06-11T09:46:34+00:00","twitter_card":"summary_large_image","twitter_misc":{"Szacowany czas czytania":"3 minuty"},"schema":{"@context":"https:\/\/schema.org","@graph":[{"@type":"WebPage","@id":"https:\/\/elfsight.com\/pl\/ada-compliance-widget\/facebook\/","url":"https:\/\/elfsight.com\/pl\/ada-compliance-widget\/facebook\/","name":"Wid\u017cet zgodno\u015bci z ustaw\u0105 ADA na stronie na Facebooku \u2014 dodaj dost\u0119pno\u015b\u0107 do swojej witryny [ZA DARMO]","isPartOf":{"@id":"https:\/\/elfsight.com\/pl\/#website"},"datePublished":"2025-05-21T10:22:25+00:00","dateModified":"2025-06-11T09:46:34+00:00","description":"Dodaj wid\u017cet zgodno\u015bci z ADA bez kodu na swojej stronie na Facebooku. U\u017cyj szybkiego edytora Elfsight, aby bez wysi\u0142ku stworzy\u0107 swoje osobiste rozwi\u0105zanie.","breadcrumb":{"@id":"https:\/\/elfsight.com\/pl\/ada-compliance-widget\/facebook\/#breadcrumb"},"inLanguage":"pl-PL","potentialAction":[{"@type":"ReadAction","target":["https:\/\/elfsight.com\/pl\/ada-compliance-widget\/facebook\/"]}]},{"@type":"BreadcrumbList","@id":"https:\/\/elfsight.com\/pl\/ada-compliance-widget\/facebook\/#breadcrumb","itemListElement":[{"@type":"ListItem","position":1,"name":"Home","item":"https:\/\/elfsight.com\/pl\/"},{"@type":"ListItem","position":2,"name":"Ada Compliance","item":"https:\/\/elfsight.com\/pl\/ada-compliance-widget\/"},{"@type":"ListItem","position":3,"name":"ADA Compliance &#8211; Facebook Page"}]},{"@type":"WebSite","@id":"https:\/\/elfsight.com\/pl\/#website","url":"https:\/\/elfsight.com\/pl\/","name":"Elfsight PL","description":"Just another Elfsight Sites site","potentialAction":[{"@type":"SearchAction","target":{"@type":"EntryPoint","urlTemplate":"https:\/\/elfsight.com\/pl\/?s={search_term_string}"},"query-input":{"@type":"PropertyValueSpecification","valueRequired":true,"valueName":"search_term_string"}}],"inLanguage":"pl-PL"}]}},"meta_box":{"industry":"","seo_heading":"","heading":"","description":"","cta_heading":"","cta_description":"","application":"9893","h1":"Widget zgodno\u015bci z ADA dla strony na Facebooku","h1_caption":"Dostosuj swoj\u0105 stron\u0119 na Facebooku do wymog\u00f3w ADA dzi\u0119ki wid\u017cetowi, kt\u00f3ry dostosowuje zawarto\u015b\u0107 witryny do ka\u017cdego odwiedzaj\u0105cego: zwi\u0119ksz integracj\u0119 u\u017cytkownik\u00f3w i podkre\u015bl zaanga\u017cowanie w zapewnienie dost\u0119pno\u015bci.","application_category":[],"applications_title":"","applications_request_title":"","applications_request_button_text":"","hero_text":"","hero_video":"","hero_video_schema_markup":"","selling_points_title":"","selling_points_caption":"","selling_points":[],"selling_points_cta_text":"","features_title":"","features":"","ed_cta_examples_text":"","ed_cta_examples_hidden":"","ed_cta_demo_text":"","ed_cta_demo_hidden":"","why_caption":"","why_editor_title":"","why_editor_text":"","why_team_title":"","why_team_text":"","why_service_title":"","why_service_text":"","template_catalog_visible":"","template_catalog_title":"","template_catalog_text":"","template_catalog_categories_visible":"","demo_title":"Utw\u00f3rz sw\u00f3j widget zgodno\u015bci z ADA","demo_caption":"Skonfiguruj zgodno\u015b\u0107 z ADA i dodaj j\u0105 bezp\u0142atnie do swojej strony na Facebooku!","default_faq_hidden":"","app_template_category":[],"platform":"319","template_public_id":"","codecanyon_url":"","codecanyon_item_id":"","codecanyon_price":"","pricing_caption":"","pricing_elfsight_apps_hide_column":"","pricing_elfsight_apps_url":"","pricing_codecanyon_price_caption":"","integration_category":[],"integration_request_title":"","integration_request_cta":"","integration_platform":"","integrations":[],"platform_category":[],"video_schema_markup":"","price":"od 0 z\u0142\/miesi\u0105c","trial":"","benefits":[],"button_url":"#demo","button_target_blank":"0","button_nofollow":"","attributes":[{"name":"Instaluje","content":"50,000 - 100,000","_state":"expanded"},{"name":"Czu\u0142y","content":"Tak","_state":"expanded"},{"name":"Kompatybilne przegl\u0105darki","content":"Firefox, Safari, Opera, Chrome, Edge","_state":"expanded"}],"tags":[],"tags_disable_links":"","hide_more_platforms":"","video_object":"","demo_hide_cta":"","demo_hide_cloud_options":"","pricing_title":"","pricing":[{"pricing_icon":"platform","pricing_title":"Elfsight Apps","pricing_title_caption":"Wersja niezale\u017cna od platformy","pricing_price":"od 0 z\u0142\/miesi\u0105c","pricing_price_caption":"zacznij od darmowego planu","pricing_button_text":"Dodaj do witryny","pricing_button_url":"#demo"}],"related_apps_title":"","related_apps_hidden":"","author":"","image":[],"title":"","job":"","social_networks":[]},"_links":{"self":[{"href":"https:\/\/elfsight.com\/pl\/wp-json\/wp\/v2\/pages\/9918","targetHints":{"allow":["GET"]}}],"collection":[{"href":"https:\/\/elfsight.com\/pl\/wp-json\/wp\/v2\/pages"}],"about":[{"href":"https:\/\/elfsight.com\/pl\/wp-json\/wp\/v2\/types\/page"}],"author":[{"embeddable":true,"href":"https:\/\/elfsight.com\/pl\/wp-json\/wp\/v2\/users\/9"}],"replies":[{"embeddable":true,"href":"https:\/\/elfsight.com\/pl\/wp-json\/wp\/v2\/comments?post=9918"}],"version-history":[{"count":1,"href":"https:\/\/elfsight.com\/pl\/wp-json\/wp\/v2\/pages\/9918\/revisions"}],"predecessor-version":[{"id":9922,"href":"https:\/\/elfsight.com\/pl\/wp-json\/wp\/v2\/pages\/9918\/revisions\/9922"}],"up":[{"embeddable":true,"href":"https:\/\/elfsight.com\/pl\/wp-json\/wp\/v2\/pages\/10086"}],"wp:attachment":[{"href":"https:\/\/elfsight.com\/pl\/wp-json\/wp\/v2\/media?parent=9918"}],"curies":[{"name":"wp","href":"https:\/\/api.w.org\/{rel}","templated":true}]}}