{"id":9917,"date":"2025-05-21T10:25:33","date_gmt":"2025-05-21T10:25:33","guid":{"rendered":"https:\/\/elfsight.com\/pl\/?page_id=9917"},"modified":"2025-06-11T09:46:34","modified_gmt":"2025-06-11T09:46:34","slug":"drupal","status":"publish","type":"page","link":"https:\/\/elfsight.com\/pl\/ada-compliance-widget\/drupal\/","title":{"rendered":"ADA Compliance &#8211; Drupal"},"content":{"rendered":"<div class=\"application-platform-content-item-description application-platform-content-item\" id=\"description\" data-nav-section=\"description\"> <h2>Osad\u017a zgodno\u015b\u0107 z ADA w Drupal za pomoc\u0105 modu\u0142u Elfsight<\/h2> <p>Modu\u0142 zgodno\u015bci z ADA zapewnia przyjazne u\u017cytkownikowi do\u015bwiadczenie dla odwiedzaj\u0105cych o r\u00f3\u017cnych zdolno\u015bciach, dostosowuj\u0105c si\u0119 do kluczowych standard\u00f3w dost\u0119pno\u015bci. Wyposa\u017cony w szereg zintegrowanych tryb\u00f3w u\u0142atwie\u0144 dost\u0119pu, dynamicznie dostosowuje interfejs, aby pom\u00f3c u\u017cytkownikom z dysfunkcjami wzroku, koncentracji lub motoryki. Dzia\u0142a bezproblemowo bez potrzeby niestandardowego kodu lub zmian w projekcie. Ka\u017cdy tryb stosuje przemy\u015blany zestaw ulepsze\u0144, aby Twoja istniej\u0105ca tre\u015b\u0107 by\u0142a bardziej dost\u0119pna, a interakcje wygodniejsze. <\/p><p>Modu\u0142 zawiera r\u00f3wnie\u017c inteligentny modu\u0142 sprawdzaj\u0105cy zgodno\u015b\u0107, kt\u00f3ry skanuje Twoj\u0105 witryn\u0119 pod k\u0105tem problem\u00f3w z dost\u0119pno\u015bci\u0105 i wy\u015bwietla wyniki audytu bezpo\u015brednio w panelu modu\u0142u. Mo\u017cesz pobra\u0107 pe\u0142ny raport, a nawet zaprezentowa\u0107 sw\u00f3j wynik, aby zbudowa\u0107 wiarygodno\u015b\u0107 i zaufanie. Dzi\u0119ki pe\u0142nej lokalizacji zapewnia u\u017cytkownikom w r\u00f3\u017cnych j\u0119zykach i regionach dost\u0119p do inkluzywnego do\u015bwiadczenia. <\/p><p><strong>Dodaj nasz modu\u0142 zgodno\u015bci z ADA do swojej witryny Drupal i udowodnij, \u017ce dost\u0119pno\u015b\u0107 jest cz\u0119\u015bci\u0105 Twojego standardu! <\/strong><\/p><\/div> <div class=\"application-platform-content-item-features application-platform-content-item\" id=\"features\" data-nav-section=\"features\"> <h2>Oto podstawowe funkcje modu\u0142u: <\/h2><ul><li><b>Gotowe tryby dla 8 scenariuszy u\u017cytkownika. <\/b> U\u017cytkownicy z r\u00f3\u017cnymi niepe\u0142nosprawno\u015bciami mog\u0105 znale\u017a\u0107 idealne ustawienia wst\u0119pne zapewniaj\u0105ce p\u0142ynne i przyjazne dla u\u017cytkownika przegl\u0105danie. <\/li><li><b>Dostosuj ustawienia witryny, aby wy\u015bwietla\u0107 zawarto\u015b\u0107. <\/b> Modu\u0142 zawiera opcje dostosowywania w celu zwi\u0119kszenia przejrzysto\u015bci tekstu, nawigacji w witrynie i kontrastu kolor\u00f3w. <\/li><li><b>Wbudowany modu\u0142 sprawdzania dost\u0119pno\u015bci. <\/b> Szybko przeskanuj swoj\u0105 witryn\u0119 pod k\u0105tem problem\u00f3w ze zgodno\u015bci\u0105 i ulepsz j\u0105, aby uzyska\u0107 lepsz\u0105 dost\u0119pno\u015b\u0107. <\/li><li><b>Odznaka zaufania z wynikiem dost\u0119pno\u015bci. <\/b> Publikuj wyniki audytu w module, aby potwierdzi\u0107 swoje sta\u0142e zaanga\u017cowanie w przestrzeganie standard\u00f3w. <\/li><li><b>Dok\u0142adna lokalizacja. <\/b> Modu\u0142 obs\u0142uguje lokalizacj\u0119 i t\u0142umaczenie dla 76 kraj\u00f3w, spe\u0142niaj\u0105c globalne standardy zgodno\u015bci i potrzeby dost\u0119pno\u015bci. <\/li><\/ul><p><a href=\"#demo\">Po prostu przetestuj wszystkie mo\u017cliwo\u015bci modu\u0142u w edytorze bezpo\u015brednio na tej stronie<\/a><\/p><\/div> <div class=\"application-platform-content-item-installation application-platform-content-item\" id=\"installation\" data-nav-section=\"installation\"> <h2>Jak osadzi\u0107 zgodno\u015b\u0107 z ADA w mojej witrynie Drupal? <\/h2><p>Znajd\u017a ten prosty przewodnik, aby skonfigurowa\u0107 modu\u0142 w swojej witrynie Drupal. Zajmie to tylko kilka minut i nie wymaga \u017cadnego kodowania. <\/p> <ol><li><strong>Zbuduj sw\u00f3j niestandardowy modu\u0142 zgodno\u015bci z ADA<\/strong><br> Zacznij od dowolnego szablonu w edytorze, pracuj z przyjaznymi dla u\u017cytkownika elementami w nim zawartymi i dostosuj modu\u0142 do po\u017c\u0105danego projektu i ustawie\u0144. <\/li><li><strong>Pobierz osobisty kod do osadzenia modu\u0142u<\/strong><br> Gdy tylko sko\u0144czysz budowa\u0107 modu\u0142, otrzymasz indywidualny kod HTML na pulpicie. Skopiuj ten kod, kt\u00f3ry zawiera wszystkie szczeg\u00f3\u0142y dotycz\u0105ce Twoich ustawie\u0144. <\/li> <li><strong>Wy\u015bwietl modu\u0142 na swojej stronie Drupal<\/strong><br> Zdefiniuj obszary swojej strony, w kt\u00f3rych chcesz przedstawi\u0107 zgodno\u015b\u0107 z ADA i wklej tam kod. Zapisz zmiany. <\/li> <\/ol><p>Gotowe! Teraz sprawd\u017a, jak modu\u0142 dzia\u0142a na Twojej stronie. <\/p><p>Je\u015bli musisz poradzi\u0107 sobie z jakimikolwiek trudno\u015bciami podczas osadzania modu\u0142u na stronie, nie wahaj si\u0119 skontaktowa\u0107 z naszym centrum pomocy. Z przyjemno\u015bci\u0105 pomo\u017cemy Ci w dodawaniu i zarz\u0105dzaniu Twoim rozwi\u0105zaniem u\u0142atwie\u0144 dost\u0119pu. <\/p><\/div>","protected":false},"excerpt":{"rendered":"","protected":false},"author":9,"featured_media":0,"parent":10086,"menu_order":0,"comment_status":"closed","ping_status":"closed","template":"templates\/template-application-platform.php","meta":{"publish_to_discourse":"","publish_post_category":"","wpdc_auto_publish_overridden":"","wpdc_topic_tags":"","wpdc_pin_topic":"","wpdc_pin_until":"","discourse_post_id":"","discourse_permalink":"","wpdc_publishing_response":"","wpdc_publishing_error":"","footnotes":""},"class_list":["post-9917","page","type-page","status-publish","hentry"],"yoast_head":"<!-- This site is optimized with the Yoast SEO plugin v25.3.1 - https:\/\/yoast.com\/wordpress\/plugins\/seo\/ -->\n<title>Modu\u0142 zgodno\u015bci Drupal ADA \u2014 dodaj dost\u0119pno\u015b\u0107 do swojej witryny [ZA DARMO]<\/title>\n<meta name=\"description\" content=\"Dodaj modu\u0142 zgodno\u015bci z ADA bez kodu do swojej witryny Drupal. Wypr\u00f3buj edytor online Elfsight, aby \u0142atwo wygenerowa\u0107 swoje osobiste rozwi\u0105zanie.\" \/>\n<meta name=\"robots\" content=\"index, follow, max-snippet:-1, max-image-preview:large, max-video-preview:-1\" \/>\n<link rel=\"canonical\" href=\"https:\/\/elfsight.com\/pl\/ada-compliance-widget\/drupal\/\" \/>\n<meta property=\"og:locale\" content=\"pl_PL\" \/>\n<meta property=\"og:type\" content=\"article\" \/>\n<meta property=\"og:title\" content=\"Modu\u0142 zgodno\u015bci Drupal ADA \u2014 dodaj dost\u0119pno\u015b\u0107 do swojej witryny [ZA DARMO]\" \/>\n<meta property=\"og:description\" content=\"Dodaj modu\u0142 zgodno\u015bci z ADA bez kodu do swojej witryny Drupal. Wypr\u00f3buj edytor online Elfsight, aby \u0142atwo wygenerowa\u0107 swoje osobiste rozwi\u0105zanie.\" \/>\n<meta property=\"og:url\" content=\"https:\/\/elfsight.com\/pl\/ada-compliance-widget\/drupal\/\" \/>\n<meta property=\"og:site_name\" content=\"Elfsight PL\" \/>\n<meta property=\"article:modified_time\" content=\"2025-06-11T09:46:34+00:00\" \/>\n<meta name=\"twitter:card\" content=\"summary_large_image\" \/>\n<meta name=\"twitter:label1\" content=\"Szacowany czas czytania\" \/>\n\t<meta name=\"twitter:data1\" content=\"3 minuty\" \/>\n<!-- \/ Yoast SEO plugin. -->","yoast_head_json":{"title":"Modu\u0142 zgodno\u015bci Drupal ADA \u2014 dodaj dost\u0119pno\u015b\u0107 do swojej witryny [ZA DARMO]","description":"Dodaj modu\u0142 zgodno\u015bci z ADA bez kodu do swojej witryny Drupal. Wypr\u00f3buj edytor online Elfsight, aby \u0142atwo wygenerowa\u0107 swoje osobiste rozwi\u0105zanie.","robots":{"index":"index","follow":"follow","max-snippet":"max-snippet:-1","max-image-preview":"max-image-preview:large","max-video-preview":"max-video-preview:-1"},"canonical":"https:\/\/elfsight.com\/pl\/ada-compliance-widget\/drupal\/","og_locale":"pl_PL","og_type":"article","og_title":"Modu\u0142 zgodno\u015bci Drupal ADA \u2014 dodaj dost\u0119pno\u015b\u0107 do swojej witryny [ZA DARMO]","og_description":"Dodaj modu\u0142 zgodno\u015bci z ADA bez kodu do swojej witryny Drupal. Wypr\u00f3buj edytor online Elfsight, aby \u0142atwo wygenerowa\u0107 swoje osobiste rozwi\u0105zanie.","og_url":"https:\/\/elfsight.com\/pl\/ada-compliance-widget\/drupal\/","og_site_name":"Elfsight PL","article_modified_time":"2025-06-11T09:46:34+00:00","twitter_card":"summary_large_image","twitter_misc":{"Szacowany czas czytania":"3 minuty"},"schema":{"@context":"https:\/\/schema.org","@graph":[{"@type":"WebPage","@id":"https:\/\/elfsight.com\/pl\/ada-compliance-widget\/drupal\/","url":"https:\/\/elfsight.com\/pl\/ada-compliance-widget\/drupal\/","name":"Modu\u0142 zgodno\u015bci Drupal ADA \u2014 dodaj dost\u0119pno\u015b\u0107 do swojej witryny [ZA DARMO]","isPartOf":{"@id":"https:\/\/elfsight.com\/pl\/#website"},"datePublished":"2025-05-21T10:25:33+00:00","dateModified":"2025-06-11T09:46:34+00:00","description":"Dodaj modu\u0142 zgodno\u015bci z ADA bez kodu do swojej witryny Drupal. Wypr\u00f3buj edytor online Elfsight, aby \u0142atwo wygenerowa\u0107 swoje osobiste rozwi\u0105zanie.","breadcrumb":{"@id":"https:\/\/elfsight.com\/pl\/ada-compliance-widget\/drupal\/#breadcrumb"},"inLanguage":"pl-PL","potentialAction":[{"@type":"ReadAction","target":["https:\/\/elfsight.com\/pl\/ada-compliance-widget\/drupal\/"]}]},{"@type":"BreadcrumbList","@id":"https:\/\/elfsight.com\/pl\/ada-compliance-widget\/drupal\/#breadcrumb","itemListElement":[{"@type":"ListItem","position":1,"name":"Home","item":"https:\/\/elfsight.com\/pl\/"},{"@type":"ListItem","position":2,"name":"Ada Compliance","item":"https:\/\/elfsight.com\/pl\/ada-compliance-widget\/"},{"@type":"ListItem","position":3,"name":"ADA Compliance &#8211; Drupal"}]},{"@type":"WebSite","@id":"https:\/\/elfsight.com\/pl\/#website","url":"https:\/\/elfsight.com\/pl\/","name":"Elfsight PL","description":"Just another Elfsight Sites site","potentialAction":[{"@type":"SearchAction","target":{"@type":"EntryPoint","urlTemplate":"https:\/\/elfsight.com\/pl\/?s={search_term_string}"},"query-input":{"@type":"PropertyValueSpecification","valueRequired":true,"valueName":"search_term_string"}}],"inLanguage":"pl-PL"}]}},"meta_box":{"industry":"","seo_heading":"","heading":"","description":"","cta_heading":"","cta_description":"","application":"9893","h1":"Modu\u0142 zgodno\u015bci z ADA dla witryny Drupal","h1_caption":"Dostosuj swoj\u0105 witryn\u0119 Drupal do wymog\u00f3w ADA dzi\u0119ki modu\u0142owi, kt\u00f3ry dostosuje jej zawarto\u015b\u0107 do potrzeb wszystkich u\u017cytkownik\u00f3w: zwi\u0119ksz integracj\u0119 u\u017cytkownik\u00f3w i podkre\u015bl zaanga\u017cowanie w zapewnienie dost\u0119pno\u015bci.","application_category":[],"applications_title":"","applications_request_title":"","applications_request_button_text":"","hero_text":"","hero_video":"","hero_video_schema_markup":"","selling_points_title":"","selling_points_caption":"","selling_points":[],"selling_points_cta_text":"","features_title":"","features":"","ed_cta_examples_text":"","ed_cta_examples_hidden":"","ed_cta_demo_text":"","ed_cta_demo_hidden":"","why_caption":"","why_editor_title":"","why_editor_text":"","why_team_title":"","why_team_text":"","why_service_title":"","why_service_text":"","template_catalog_visible":"","template_catalog_title":"","template_catalog_text":"","template_catalog_categories_visible":"","demo_title":"Utw\u00f3rz modu\u0142 zgodno\u015bci z ADA","demo_caption":"Skonfiguruj zgodno\u015b\u0107 z ADA i dodaj j\u0105 do swojej witryny Drupal zupe\u0142nie za darmo!","default_faq_hidden":"","app_template_category":[],"platform":"47","template_public_id":"","codecanyon_url":"","codecanyon_item_id":"","codecanyon_price":"","pricing_caption":"","pricing_elfsight_apps_hide_column":"","pricing_elfsight_apps_url":"","pricing_codecanyon_price_caption":"","integration_category":[],"integration_request_title":"","integration_request_cta":"","integration_platform":"","integrations":[],"platform_category":[],"video_schema_markup":"","price":"od 0 z\u0142\/miesi\u0105c","trial":"","benefits":[],"button_url":"#demo","button_target_blank":"0","button_nofollow":"","attributes":[{"name":"Instaluje","content":"50,000 - 100,000","_state":"expanded"},{"name":"Czu\u0142y","content":"Tak","_state":"expanded"},{"name":"Kompatybilne przegl\u0105darki","content":"Firefox, Safari, Opera, Chrome, Edge","_state":"expanded"}],"tags":[],"tags_disable_links":"","hide_more_platforms":"","video_object":"","demo_hide_cta":"","demo_hide_cloud_options":"","pricing_title":"","pricing":[{"pricing_icon":"platform","pricing_title":"Elfsight Apps","pricing_title_caption":"Wersja multiplatformowa, kt\u00f3ra dzia\u0142a na ka\u017cdej stronie internetowej","pricing_price":"od 0 z\u0142\/miesi\u0105c","pricing_price_caption":"zacznij od darmowego planu","pricing_button_text":"Dodaj do witryny","pricing_button_url":"#demo"}],"related_apps_title":"","related_apps_hidden":"","author":"","image":[],"title":"","job":"","social_networks":[]},"_links":{"self":[{"href":"https:\/\/elfsight.com\/pl\/wp-json\/wp\/v2\/pages\/9917","targetHints":{"allow":["GET"]}}],"collection":[{"href":"https:\/\/elfsight.com\/pl\/wp-json\/wp\/v2\/pages"}],"about":[{"href":"https:\/\/elfsight.com\/pl\/wp-json\/wp\/v2\/types\/page"}],"author":[{"embeddable":true,"href":"https:\/\/elfsight.com\/pl\/wp-json\/wp\/v2\/users\/9"}],"replies":[{"embeddable":true,"href":"https:\/\/elfsight.com\/pl\/wp-json\/wp\/v2\/comments?post=9917"}],"version-history":[{"count":1,"href":"https:\/\/elfsight.com\/pl\/wp-json\/wp\/v2\/pages\/9917\/revisions"}],"predecessor-version":[{"id":9921,"href":"https:\/\/elfsight.com\/pl\/wp-json\/wp\/v2\/pages\/9917\/revisions\/9921"}],"up":[{"embeddable":true,"href":"https:\/\/elfsight.com\/pl\/wp-json\/wp\/v2\/pages\/10086"}],"wp:attachment":[{"href":"https:\/\/elfsight.com\/pl\/wp-json\/wp\/v2\/media?parent=9917"}],"curies":[{"name":"wp","href":"https:\/\/api.w.org\/{rel}","templated":true}]}}