{"id":9911,"date":"2025-05-21T10:31:16","date_gmt":"2025-05-21T10:31:16","guid":{"rendered":"https:\/\/elfsight.com\/pl\/?page_id=9911"},"modified":"2025-06-11T09:46:27","modified_gmt":"2025-06-11T09:46:27","slug":"prestashop","status":"publish","type":"page","link":"https:\/\/elfsight.com\/pl\/ada-compliance-widget\/prestashop\/","title":{"rendered":"ADA Compliance &#8211; PrestaShop"},"content":{"rendered":"<div class=\"application-platform-content-item-description application-platform-content-item\" id=\"description\" data-nav-section=\"description\"> <h2>Osad\u017a zgodno\u015b\u0107 z ADA w PrestaShop za pomoc\u0105 dodatku Elfsight<\/h2> <p>Dodatek zgodno\u015bci z ADA pomaga zapewni\u0107, \u017ce Twoja witryna jest \u0142atwa w u\u017cyciu dla ka\u017cdego, dzi\u0119ki przestrzeganiu uznanych wytycznych dotycz\u0105cych dost\u0119pno\u015bci. Dzi\u0119ki wbudowanej obs\u0142udze wielu tryb\u00f3w wspomagaj\u0105cych dynamicznie dostosowuje interfejs do u\u017cytkownik\u00f3w z dysfunkcjami wzroku, koncentracji lub motoryki. Nie potrzebujesz dodatkowego kodowania ani przeprojektowywania. Ka\u017cdy preset zapewnia dobrze zaprojektowan\u0105 kombinacj\u0119 ulepsze\u0144 u\u017cyteczno\u015bci, aby poprawi\u0107 dost\u0119pno\u015b\u0107 bie\u017c\u0105cej zawarto\u015bci i zwi\u0119kszy\u0107 komfort interakcji u\u017cytkownika. <\/p><p>Dodatek zawiera r\u00f3wnie\u017c inteligentny skaner zgodno\u015bci, kt\u00f3ry identyfikuje luki w dost\u0119pno\u015bci w Twojej witrynie i wy\u015bwietla wyniki bezpo\u015brednio w interfejsie dodatku. Mo\u017cesz wyeksportowa\u0107 kompleksowy raport dotycz\u0105cy dost\u0119pno\u015bci i publicznie wy\u015bwietli\u0107 sw\u00f3j wynik zgodno\u015bci, aby budowa\u0107 wiarygodno\u015b\u0107 i zaufanie. Dzi\u0119ki pe\u0142nej lokalizacji zapewnia u\u017cytkownikom w r\u00f3\u017cnych j\u0119zykach i regionach dost\u0119p do inkluzywnych do\u015bwiadcze\u0144. <\/p><p><strong>Zintegruj nasz dodatek zgodno\u015bci z ADA ze swoj\u0105 witryn\u0105 PrestaShop, aby pokaza\u0107 swoje zaanga\u017cowanie w najlepsze praktyki dotycz\u0105ce dost\u0119pno\u015bci! <\/strong><\/p><\/div> <div class=\"application-platform-content-item-features application-platform-content-item\" id=\"features\" data-nav-section=\"features\"> <h2>To tylko kilka z wielu funkcji dodatku: <\/h2><ul><li><b>Gotowe tryby dla 8 scenariuszy u\u017cytkownika. <\/b> Osoby z r\u00f3\u017cnymi niepe\u0142nosprawno\u015bciami mog\u0105 wybra\u0107 idealny tryb dost\u0119pno\u015bci, aby komfortowo eksplorowa\u0107 Twoj\u0105 witryn\u0119. <\/li><li><b>Dostosuj ustawienia witryny, aby wy\u015bwietla\u0107 zawarto\u015b\u0107. <\/b> Dodatek zawiera opcje dostosowywania, aby poprawi\u0107 przejrzysto\u015b\u0107 tekstu, nawigacj\u0119 w witrynie i kontrast kolor\u00f3w. <\/li><li><b>Wbudowany modu\u0142 sprawdzaj\u0105cy dost\u0119pno\u015b\u0107. <\/b> Bezproblemowo oce\u0144 swoj\u0105 witryn\u0119, aby zidentyfikowa\u0107 luki i ulepszy\u0107 j\u0105, aby uzyska\u0107 lepsz\u0105 dost\u0119pno\u015b\u0107. <\/li><li><b>Odznaka zaufania z wynikiem dost\u0119pno\u015bci. <\/b> Publikuj wyniki audytu w dodatku, aby potwierdzi\u0107 swoje sta\u0142e zaanga\u017cowanie w przestrzeganie standard\u00f3w. <\/li><li><b>Dok\u0142adna lokalizacja. <\/b> Dodatek obs\u0142uguje lokalizacj\u0119 i t\u0142umaczenie dla 76 kraj\u00f3w, spe\u0142niaj\u0105c globalne standardy zgodno\u015bci i potrzeby dost\u0119pno\u015bci. <\/li><\/ul><p><a href=\"#demo\">Intuicyjny edytor mo\u017ce pokaza\u0107 Ci, jak funkcje i opcje dzia\u0142aj\u0105 bezpo\u015brednio na tej stronie<\/a><\/p><\/div> <div class=\"application-platform-content-item-installation application-platform-content-item\" id=\"installation\" data-nav-section=\"installation\"> <h2>Jak osadzi\u0107 zgodno\u015b\u0107 z ADA w mojej witrynie PrestaShop? <\/h2><p>Oto prosty spos\u00f3b na umieszczenie dodatku w witrynie PrestaShop. Zajmie to tylko kilka minut i nie wymaga \u017cadnego kodowania. <\/p> <ol><li><strong>Zbuduj sw\u00f3j niestandardowy dodatek zgodno\u015bci z ADA<\/strong><br> Zacznij od dowolnego szablonu w edytorze, pracuj z wygodnymi elementami w nim zawartymi i dostosuj dodatek do po\u017c\u0105danego stylu i ustawie\u0144. <\/li><li><strong>Uzyskaj osobisty kod, aby osadzi\u0107 dodatek<\/strong><br> Gdy tylko sko\u0144czysz budowa\u0107 dodatek, otrzymasz indywidualny kod HTML na swoim pulpicie. Skopiuj kod, kt\u00f3ry zawiera wszystkie informacje o Twoich dostosowaniach. <\/li> <li><strong>Wy\u015bwietl dodatek na swojej stronie internetowej PrestaShop<\/strong><br> Okre\u015bl obszary swojej strony internetowej, w kt\u00f3rych chcesz przedstawi\u0107 zgodno\u015b\u0107 z ADA i wklej tam kod. Zapisz swoje zmiany. <\/li> <\/ol><p>To wszystko! Teraz sprawd\u017a, jak dodatek dzia\u0142a na Twojej stronie internetowej. <\/p><p>Je\u015bli napotkasz jakiekolwiek niedogodno\u015bci podczas osadzania dodatku na stronie internetowej, skontaktuj si\u0119 z naszym dzia\u0142em obs\u0142ugi klienta. Z przyjemno\u015bci\u0105 poka\u017cemy Ci, jak doda\u0107 i dostosowa\u0107 rozwi\u0105zanie u\u0142atwiaj\u0105ce dost\u0119p. <\/p><\/div>","protected":false},"excerpt":{"rendered":"","protected":false},"author":9,"featured_media":0,"parent":10086,"menu_order":0,"comment_status":"closed","ping_status":"closed","template":"templates\/template-application-platform.php","meta":{"publish_to_discourse":"","publish_post_category":"","wpdc_auto_publish_overridden":"","wpdc_topic_tags":"","wpdc_pin_topic":"","wpdc_pin_until":"","discourse_post_id":"","discourse_permalink":"","wpdc_publishing_response":"","wpdc_publishing_error":"","footnotes":""},"class_list":["post-9911","page","type-page","status-publish","hentry"],"yoast_head":"<!-- This site is optimized with the Yoast SEO plugin v25.3.1 - https:\/\/yoast.com\/wordpress\/plugins\/seo\/ -->\n<title>Dodatek PrestaShop ADA Compliance \u2013 dodaj dost\u0119pno\u015b\u0107 do swojej witryny [ZA DARMO]<\/title>\n<meta name=\"description\" content=\"Dodaj bezproblemowy dodatek ADA Compliance na swojej stronie PrestaShop. U\u017cyj prostego edytora Elfsight, aby bez wysi\u0142ku stworzy\u0107 swoje unikalne rozwi\u0105zanie.\" \/>\n<meta name=\"robots\" content=\"index, follow, max-snippet:-1, max-image-preview:large, max-video-preview:-1\" \/>\n<link rel=\"canonical\" href=\"https:\/\/elfsight.com\/pl\/ada-compliance-widget\/prestashop\/\" \/>\n<meta property=\"og:locale\" content=\"pl_PL\" \/>\n<meta property=\"og:type\" content=\"article\" \/>\n<meta property=\"og:title\" content=\"Dodatek PrestaShop ADA Compliance \u2013 dodaj dost\u0119pno\u015b\u0107 do swojej witryny [ZA DARMO]\" \/>\n<meta property=\"og:description\" content=\"Dodaj bezproblemowy dodatek ADA Compliance na swojej stronie PrestaShop. U\u017cyj prostego edytora Elfsight, aby bez wysi\u0142ku stworzy\u0107 swoje unikalne rozwi\u0105zanie.\" \/>\n<meta property=\"og:url\" content=\"https:\/\/elfsight.com\/pl\/ada-compliance-widget\/prestashop\/\" \/>\n<meta property=\"og:site_name\" content=\"Elfsight PL\" \/>\n<meta property=\"article:modified_time\" content=\"2025-06-11T09:46:27+00:00\" \/>\n<meta name=\"twitter:card\" content=\"summary_large_image\" \/>\n<meta name=\"twitter:label1\" content=\"Szacowany czas czytania\" \/>\n\t<meta name=\"twitter:data1\" content=\"2 minuty\" \/>\n<!-- \/ Yoast SEO plugin. -->","yoast_head_json":{"title":"Dodatek PrestaShop ADA Compliance \u2013 dodaj dost\u0119pno\u015b\u0107 do swojej witryny [ZA DARMO]","description":"Dodaj bezproblemowy dodatek ADA Compliance na swojej stronie PrestaShop. U\u017cyj prostego edytora Elfsight, aby bez wysi\u0142ku stworzy\u0107 swoje unikalne rozwi\u0105zanie.","robots":{"index":"index","follow":"follow","max-snippet":"max-snippet:-1","max-image-preview":"max-image-preview:large","max-video-preview":"max-video-preview:-1"},"canonical":"https:\/\/elfsight.com\/pl\/ada-compliance-widget\/prestashop\/","og_locale":"pl_PL","og_type":"article","og_title":"Dodatek PrestaShop ADA Compliance \u2013 dodaj dost\u0119pno\u015b\u0107 do swojej witryny [ZA DARMO]","og_description":"Dodaj bezproblemowy dodatek ADA Compliance na swojej stronie PrestaShop. U\u017cyj prostego edytora Elfsight, aby bez wysi\u0142ku stworzy\u0107 swoje unikalne rozwi\u0105zanie.","og_url":"https:\/\/elfsight.com\/pl\/ada-compliance-widget\/prestashop\/","og_site_name":"Elfsight PL","article_modified_time":"2025-06-11T09:46:27+00:00","twitter_card":"summary_large_image","twitter_misc":{"Szacowany czas czytania":"2 minuty"},"schema":{"@context":"https:\/\/schema.org","@graph":[{"@type":"WebPage","@id":"https:\/\/elfsight.com\/pl\/ada-compliance-widget\/prestashop\/","url":"https:\/\/elfsight.com\/pl\/ada-compliance-widget\/prestashop\/","name":"Dodatek PrestaShop ADA Compliance \u2013 dodaj dost\u0119pno\u015b\u0107 do swojej witryny [ZA DARMO]","isPartOf":{"@id":"https:\/\/elfsight.com\/pl\/#website"},"datePublished":"2025-05-21T10:31:16+00:00","dateModified":"2025-06-11T09:46:27+00:00","description":"Dodaj bezproblemowy dodatek ADA Compliance na swojej stronie PrestaShop. U\u017cyj prostego edytora Elfsight, aby bez wysi\u0142ku stworzy\u0107 swoje unikalne rozwi\u0105zanie.","breadcrumb":{"@id":"https:\/\/elfsight.com\/pl\/ada-compliance-widget\/prestashop\/#breadcrumb"},"inLanguage":"pl-PL","potentialAction":[{"@type":"ReadAction","target":["https:\/\/elfsight.com\/pl\/ada-compliance-widget\/prestashop\/"]}]},{"@type":"BreadcrumbList","@id":"https:\/\/elfsight.com\/pl\/ada-compliance-widget\/prestashop\/#breadcrumb","itemListElement":[{"@type":"ListItem","position":1,"name":"Home","item":"https:\/\/elfsight.com\/pl\/"},{"@type":"ListItem","position":2,"name":"Ada Compliance","item":"https:\/\/elfsight.com\/pl\/ada-compliance-widget\/"},{"@type":"ListItem","position":3,"name":"ADA Compliance &#8211; PrestaShop"}]},{"@type":"WebSite","@id":"https:\/\/elfsight.com\/pl\/#website","url":"https:\/\/elfsight.com\/pl\/","name":"Elfsight PL","description":"Just another Elfsight Sites site","potentialAction":[{"@type":"SearchAction","target":{"@type":"EntryPoint","urlTemplate":"https:\/\/elfsight.com\/pl\/?s={search_term_string}"},"query-input":{"@type":"PropertyValueSpecification","valueRequired":true,"valueName":"search_term_string"}}],"inLanguage":"pl-PL"}]}},"meta_box":{"industry":"","seo_heading":"","heading":"","description":"","cta_heading":"","cta_description":"","application":"9893","h1":"Dodatek zgodno\u015bci z ADA dla witryny PrestaShop","h1_caption":"Dostosuj swoj\u0105 witryn\u0119 PrestaShop do wymog\u00f3w ADA dzi\u0119ki dodatkowi, kt\u00f3ry dostosuje jej zawarto\u015b\u0107 do u\u017cytkownik\u00f3w o r\u00f3\u017cnych mo\u017cliwo\u015bciach: zwi\u0119ksz inkluzywno\u015b\u0107, jednocze\u015bnie podkre\u015blaj\u0105c swoje wysi\u0142ki na rzecz dost\u0119pno\u015bci.","application_category":[],"applications_title":"","applications_request_title":"","applications_request_button_text":"","hero_text":"","hero_video":"","hero_video_schema_markup":"","selling_points_title":"","selling_points_caption":"","selling_points":[],"selling_points_cta_text":"","features_title":"","features":"","ed_cta_examples_text":"","ed_cta_examples_hidden":"","ed_cta_demo_text":"","ed_cta_demo_hidden":"","why_caption":"","why_editor_title":"","why_editor_text":"","why_team_title":"","why_team_text":"","why_service_title":"","why_service_text":"","template_catalog_visible":"","template_catalog_title":"","template_catalog_text":"","template_catalog_categories_visible":"","demo_title":"Utw\u00f3rz dodatek zgodno\u015bci z ADA","demo_caption":"Skonfiguruj zgodno\u015b\u0107 z ADA i dodaj j\u0105 bezp\u0142atnie do swojej witryny PrestaShop!","default_faq_hidden":"","app_template_category":[],"platform":"586","template_public_id":"","codecanyon_url":"","codecanyon_item_id":"","codecanyon_price":"","pricing_caption":"","pricing_elfsight_apps_hide_column":"","pricing_elfsight_apps_url":"","pricing_codecanyon_price_caption":"","integration_category":[],"integration_request_title":"","integration_request_cta":"","integration_platform":"","integrations":[],"platform_category":[],"video_schema_markup":"","price":"od 0 z\u0142\/miesi\u0105c","trial":"","benefits":[],"button_url":"#demo","button_target_blank":"0","button_nofollow":"","attributes":[{"name":"Instaluje","content":"50,000 - 100,000","_state":"expanded"},{"name":"Czu\u0142y","content":"Tak","_state":"expanded"},{"name":"Kompatybilne przegl\u0105darki","content":"Firefox, Safari, Opera, Chrome, Edge","_state":"expanded"}],"tags":[],"tags_disable_links":"","hide_more_platforms":"","video_object":"","demo_hide_cta":"","demo_hide_cloud_options":"","pricing_title":"","pricing":[{"pricing_icon":"platform","pricing_title":"Elfsight Apps","pricing_title_caption":"Rozwi\u0105zanie cyfrowe multiplatformowe","pricing_price":"od 0 z\u0142\/miesi\u0105c","pricing_price_caption":"zacznij od darmowego planu","pricing_button_text":"Dodaj do witryny","pricing_button_url":"#demo"}],"related_apps_title":"","related_apps_hidden":"","author":"","image":[],"title":"","job":"","social_networks":[]},"_links":{"self":[{"href":"https:\/\/elfsight.com\/pl\/wp-json\/wp\/v2\/pages\/9911","targetHints":{"allow":["GET"]}}],"collection":[{"href":"https:\/\/elfsight.com\/pl\/wp-json\/wp\/v2\/pages"}],"about":[{"href":"https:\/\/elfsight.com\/pl\/wp-json\/wp\/v2\/types\/page"}],"author":[{"embeddable":true,"href":"https:\/\/elfsight.com\/pl\/wp-json\/wp\/v2\/users\/9"}],"replies":[{"embeddable":true,"href":"https:\/\/elfsight.com\/pl\/wp-json\/wp\/v2\/comments?post=9911"}],"version-history":[{"count":1,"href":"https:\/\/elfsight.com\/pl\/wp-json\/wp\/v2\/pages\/9911\/revisions"}],"predecessor-version":[{"id":9915,"href":"https:\/\/elfsight.com\/pl\/wp-json\/wp\/v2\/pages\/9911\/revisions\/9915"}],"up":[{"embeddable":true,"href":"https:\/\/elfsight.com\/pl\/wp-json\/wp\/v2\/pages\/10086"}],"wp:attachment":[{"href":"https:\/\/elfsight.com\/pl\/wp-json\/wp\/v2\/media?parent=9911"}],"curies":[{"name":"wp","href":"https:\/\/api.w.org\/{rel}","templated":true}]}}