{"id":9909,"date":"2025-05-21T10:38:52","date_gmt":"2025-05-21T10:38:52","guid":{"rendered":"https:\/\/elfsight.com\/pl\/?page_id=9909"},"modified":"2025-06-11T09:46:27","modified_gmt":"2025-06-11T09:46:27","slug":"html","status":"publish","type":"page","link":"https:\/\/elfsight.com\/pl\/ada-compliance-widget\/html\/","title":{"rendered":"ADA Compliance &#8211; HTML"},"content":{"rendered":"<div class=\"application-platform-content-item-description application-platform-content-item\" id=\"description\" data-nav-section=\"description\"> <h2>Osad\u017a zgodno\u015b\u0107 z ADA w HTML za pomoc\u0105 wid\u017cetu Elfsight<\/h2> <p>Wid\u017cet zgodno\u015bci z ADA pomaga zapewni\u0107, \u017ce Twoja witryna jest \u0142atwa w u\u017cyciu dla ka\u017cdego, dostosowuj\u0105c si\u0119 do kluczowych standard\u00f3w dost\u0119pno\u015bci. Dzi\u0119ki wbudowanej obs\u0142udze wielu tryb\u00f3w wspomagaj\u0105cych dynamicznie dostosowuje interfejs do u\u017cytkownik\u00f3w z dysfunkcjami wzroku, koncentracji lub motoryki. Nie potrzebujesz dodatkowego kodowania ani przeprojektowywania. Ka\u017cdy tryb stosuje przemy\u015blany zestaw udoskonale\u0144, aby zoptymalizowa\u0107 u\u017cyteczno\u015b\u0107 tre\u015bci i zapewni\u0107 p\u0142ynniejsze wra\u017cenia interakcji. <\/p><p>Wid\u017cet zawiera r\u00f3wnie\u017c inteligentny skaner zgodno\u015bci, kt\u00f3ry identyfikuje luki w dost\u0119pno\u015bci w Twojej witrynie i wy\u015bwietla wyniki bezpo\u015brednio w interfejsie wid\u017cetu. Mo\u017cesz pobra\u0107 szczeg\u00f3\u0142owe wyniki audytu i wyr\u00f3\u017cni\u0107 swoj\u0105 ocen\u0119 dost\u0119pno\u015bci, aby budowa\u0107 wiarygodno\u015b\u0107 i zaufanie. Dzi\u0119ki pe\u0142nej lokalizacji obs\u0142uguje on w\u0142\u0105czaj\u0105ce zaanga\u017cowanie u\u017cytkownik\u00f3w w r\u00f3\u017cnych \u015brodowiskach j\u0119zykowych i regionalnych. <\/p><p><strong>Dodaj nasz wid\u017cet zgodno\u015bci z ADA do swojej witryny HTML i udowodnij, \u017ce dost\u0119pno\u015b\u0107 jest cz\u0119\u015bci\u0105 Twojego standardu! <\/strong><\/p><\/div> <div class=\"application-platform-content-item-features application-platform-content-item\" id=\"features\" data-nav-section=\"features\"> <h2>Przeanalizuj list\u0119 najcenniejszych funkcji: <\/h2><ul><li><b>Gotowe tryby dla 8 scenariuszy u\u017cytkownika. <\/b> U\u017cytkownicy z r\u00f3\u017cnymi rodzajami niepe\u0142nosprawno\u015bci znajd\u0105 idealne ustawienia wst\u0119pne, aby porusza\u0107 si\u0119 po Twojej witrynie z \u0142atwo\u015bci\u0105 i pewno\u015bci\u0105 siebie. <\/li><li><b>Dostosuj ustawienia witryny, aby wy\u015bwietla\u0107 zawarto\u015b\u0107. <\/b> Widget zawiera ustawienia zaprojektowane w celu optymalizacji czytelno\u015bci, przep\u0142ywu u\u017cytkownika i dost\u0119pno\u015bci wizualnej. <\/li><li><b>Wbudowany modu\u0142 sprawdzania dost\u0119pno\u015bci. <\/b> Bezproblemowo oce\u0144 swoj\u0105 witryn\u0119, aby zidentyfikowa\u0107 luki i ulepszy\u0107 j\u0105 w celu zapewnienia lepszej dost\u0119pno\u015bci. <\/li><li><b>Odznaka zaufania z wynikiem dost\u0119pno\u015bci. <\/b> Publikuj wyniki audytu w wid\u017cecie, aby potwierdzi\u0107 swoje sta\u0142e zaanga\u017cowanie w przestrzeganie standard\u00f3w. <\/li><li><b>Dok\u0142adna lokalizacja. <\/b> Widget jest t\u0142umaczony i lokalizowany dla 76 kraj\u00f3w, aby zapewni\u0107 zgodno\u015b\u0107 i mi\u0119dzynarodow\u0105 dost\u0119pno\u015b\u0107. <\/li><\/ul><p><a href=\"#demo\">Przetestuj prosty edytor, aby zobaczy\u0107, jak dzia\u0142a widget<\/a><\/p><\/div> <div class=\"application-platform-content-item-installation application-platform-content-item\" id=\"installation\" data-nav-section=\"installation\"> <h2>Jak mog\u0119 osadzi\u0107 zgodno\u015b\u0107 z ADA w mojej witrynie HTML? <\/h2><p>Oferujemy prosty spos\u00f3b na skonfigurowanie widgetu w Twojej witrynie HTML. Zajmie to tylko kilka minut i nie wymaga kodowania. <\/p> <ol><li><strong>Zbuduj sw\u00f3j niestandardowy widget zgodno\u015bci z ADA<\/strong><br> Zacznij od dowolnego szablonu w edytorze, pracuj z przyjaznymi dla u\u017cytkownika elementami w nim zawartymi i dostosuj widget do preferowanego stylu i ustawie\u0144. <\/li><li><strong>Otrzymaj osobisty kod do osadzenia wid\u017cetu<\/strong><br> Gdy tylko sko\u0144czysz tworzy\u0107 wid\u017cet, otrzymasz indywidualny kod HTML na pulpicie. Skopiuj kod, kt\u00f3ry zawiera wszystkie szczeg\u00f3\u0142y dotycz\u0105ce Twoich zmian. <\/li> <li><strong>Wy\u015bwietl wid\u017cet na swojej stronie internetowej HTML<\/strong><br> Wybierz sekcje swojej strony internetowej, w kt\u00f3rych chcesz wy\u015bwietli\u0107 zgodno\u015b\u0107 z ADA i wklej tam kod. Zapisz zmiany. <\/li> <\/ol><p>To wszystko! Teraz sprawd\u017a, jak wid\u017cet dzia\u0142a na Twojej stronie internetowej. <\/p><p>Je\u015bli napotkasz jakiekolwiek niedogodno\u015bci podczas osadzania wid\u017cetu na swojej stronie internetowej, po prostu skontaktuj si\u0119 z naszym centrum pomocy. Z przyjemno\u015bci\u0105 pomo\u017cemy Ci doda\u0107 i dostosowa\u0107 rozwi\u0105zanie u\u0142atwiaj\u0105ce dost\u0119p. <\/p><\/div>","protected":false},"excerpt":{"rendered":"","protected":false},"author":9,"featured_media":0,"parent":10086,"menu_order":0,"comment_status":"closed","ping_status":"closed","template":"templates\/template-application-platform.php","meta":{"publish_to_discourse":"","publish_post_category":"","wpdc_auto_publish_overridden":"","wpdc_topic_tags":"","wpdc_pin_topic":"","wpdc_pin_until":"","discourse_post_id":"","discourse_permalink":"","wpdc_publishing_response":"","wpdc_publishing_error":"","footnotes":""},"class_list":["post-9909","page","type-page","status-publish","hentry"],"yoast_head":"<!-- This site is optimized with the Yoast SEO plugin v25.3.1 - https:\/\/yoast.com\/wordpress\/plugins\/seo\/ -->\n<title>Wid\u017cet zgodno\u015bci HTML ADA \u2014 dodaj dost\u0119pno\u015b\u0107 do swojej witryny [ZA DARMO]<\/title>\n<meta name=\"description\" content=\"Dodaj p\u0142ynny widget zgodno\u015bci z ADA na swojej stronie HTML. U\u017cyj szybkiego edytora Elfsight, aby \u0142atwo stworzy\u0107 swoje osobiste rozwi\u0105zanie.\" \/>\n<meta name=\"robots\" content=\"index, follow, max-snippet:-1, max-image-preview:large, max-video-preview:-1\" \/>\n<link rel=\"canonical\" href=\"https:\/\/elfsight.com\/pl\/ada-compliance-widget\/html\/\" \/>\n<meta property=\"og:locale\" content=\"pl_PL\" \/>\n<meta property=\"og:type\" content=\"article\" \/>\n<meta property=\"og:title\" content=\"Wid\u017cet zgodno\u015bci HTML ADA \u2014 dodaj dost\u0119pno\u015b\u0107 do swojej witryny [ZA DARMO]\" \/>\n<meta property=\"og:description\" content=\"Dodaj p\u0142ynny widget zgodno\u015bci z ADA na swojej stronie HTML. U\u017cyj szybkiego edytora Elfsight, aby \u0142atwo stworzy\u0107 swoje osobiste rozwi\u0105zanie.\" \/>\n<meta property=\"og:url\" content=\"https:\/\/elfsight.com\/pl\/ada-compliance-widget\/html\/\" \/>\n<meta property=\"og:site_name\" content=\"Elfsight PL\" \/>\n<meta property=\"article:modified_time\" content=\"2025-06-11T09:46:27+00:00\" \/>\n<meta name=\"twitter:card\" content=\"summary_large_image\" \/>\n<meta name=\"twitter:label1\" content=\"Szacowany czas czytania\" \/>\n\t<meta name=\"twitter:data1\" content=\"2 minuty\" \/>\n<!-- \/ Yoast SEO plugin. -->","yoast_head_json":{"title":"Wid\u017cet zgodno\u015bci HTML ADA \u2014 dodaj dost\u0119pno\u015b\u0107 do swojej witryny [ZA DARMO]","description":"Dodaj p\u0142ynny widget zgodno\u015bci z ADA na swojej stronie HTML. U\u017cyj szybkiego edytora Elfsight, aby \u0142atwo stworzy\u0107 swoje osobiste rozwi\u0105zanie.","robots":{"index":"index","follow":"follow","max-snippet":"max-snippet:-1","max-image-preview":"max-image-preview:large","max-video-preview":"max-video-preview:-1"},"canonical":"https:\/\/elfsight.com\/pl\/ada-compliance-widget\/html\/","og_locale":"pl_PL","og_type":"article","og_title":"Wid\u017cet zgodno\u015bci HTML ADA \u2014 dodaj dost\u0119pno\u015b\u0107 do swojej witryny [ZA DARMO]","og_description":"Dodaj p\u0142ynny widget zgodno\u015bci z ADA na swojej stronie HTML. U\u017cyj szybkiego edytora Elfsight, aby \u0142atwo stworzy\u0107 swoje osobiste rozwi\u0105zanie.","og_url":"https:\/\/elfsight.com\/pl\/ada-compliance-widget\/html\/","og_site_name":"Elfsight PL","article_modified_time":"2025-06-11T09:46:27+00:00","twitter_card":"summary_large_image","twitter_misc":{"Szacowany czas czytania":"2 minuty"},"schema":{"@context":"https:\/\/schema.org","@graph":[{"@type":"WebPage","@id":"https:\/\/elfsight.com\/pl\/ada-compliance-widget\/html\/","url":"https:\/\/elfsight.com\/pl\/ada-compliance-widget\/html\/","name":"Wid\u017cet zgodno\u015bci HTML ADA \u2014 dodaj dost\u0119pno\u015b\u0107 do swojej witryny [ZA DARMO]","isPartOf":{"@id":"https:\/\/elfsight.com\/pl\/#website"},"datePublished":"2025-05-21T10:38:52+00:00","dateModified":"2025-06-11T09:46:27+00:00","description":"Dodaj p\u0142ynny widget zgodno\u015bci z ADA na swojej stronie HTML. U\u017cyj szybkiego edytora Elfsight, aby \u0142atwo stworzy\u0107 swoje osobiste rozwi\u0105zanie.","breadcrumb":{"@id":"https:\/\/elfsight.com\/pl\/ada-compliance-widget\/html\/#breadcrumb"},"inLanguage":"pl-PL","potentialAction":[{"@type":"ReadAction","target":["https:\/\/elfsight.com\/pl\/ada-compliance-widget\/html\/"]}]},{"@type":"BreadcrumbList","@id":"https:\/\/elfsight.com\/pl\/ada-compliance-widget\/html\/#breadcrumb","itemListElement":[{"@type":"ListItem","position":1,"name":"Home","item":"https:\/\/elfsight.com\/pl\/"},{"@type":"ListItem","position":2,"name":"Ada Compliance","item":"https:\/\/elfsight.com\/pl\/ada-compliance-widget\/"},{"@type":"ListItem","position":3,"name":"ADA Compliance &#8211; HTML"}]},{"@type":"WebSite","@id":"https:\/\/elfsight.com\/pl\/#website","url":"https:\/\/elfsight.com\/pl\/","name":"Elfsight PL","description":"Just another Elfsight Sites site","potentialAction":[{"@type":"SearchAction","target":{"@type":"EntryPoint","urlTemplate":"https:\/\/elfsight.com\/pl\/?s={search_term_string}"},"query-input":{"@type":"PropertyValueSpecification","valueRequired":true,"valueName":"search_term_string"}}],"inLanguage":"pl-PL"}]}},"meta_box":{"industry":"","seo_heading":"","heading":"","description":"","cta_heading":"","cta_description":"","application":"9893","h1":"Widget zgodno\u015bci z ADA dla witryny HTML","h1_caption":"Dostosuj swoj\u0105 witryn\u0119 HTML do wymog\u00f3w ADA dzi\u0119ki wid\u017cetowi, kt\u00f3ry dostosowuje zawarto\u015b\u0107 witryny do ka\u017cdego odwiedzaj\u0105cego: zwi\u0119ksz inkluzywno\u015b\u0107 i poka\u017c swoje zaanga\u017cowanie w zapewnianie dost\u0119pno\u015bci.","application_category":[],"applications_title":"","applications_request_title":"","applications_request_button_text":"","hero_text":"","hero_video":"","hero_video_schema_markup":"","selling_points_title":"","selling_points_caption":"","selling_points":[],"selling_points_cta_text":"","features_title":"","features":"","ed_cta_examples_text":"","ed_cta_examples_hidden":"","ed_cta_demo_text":"","ed_cta_demo_hidden":"","why_caption":"","why_editor_title":"","why_editor_text":"","why_team_title":"","why_team_text":"","why_service_title":"","why_service_text":"","template_catalog_visible":"","template_catalog_title":"","template_catalog_text":"","template_catalog_categories_visible":"","demo_title":"Utw\u00f3rz sw\u00f3j widget zgodno\u015bci z ADA","demo_caption":"Skonfiguruj zgodno\u015b\u0107 z ADA i dodaj j\u0105 do swojej witryny HTML za darmo!","default_faq_hidden":"","app_template_category":[],"platform":"50","template_public_id":"","codecanyon_url":"","codecanyon_item_id":"","codecanyon_price":"","pricing_caption":"","pricing_elfsight_apps_hide_column":"","pricing_elfsight_apps_url":"","pricing_codecanyon_price_caption":"","integration_category":[],"integration_request_title":"","integration_request_cta":"","integration_platform":"","integrations":[],"platform_category":[],"video_schema_markup":"","price":"od 0 z\u0142\/miesi\u0105c","trial":"","benefits":[],"button_url":"#demo","button_target_blank":"0","button_nofollow":"","attributes":[{"name":"Instaluje","content":"50,000 - 100,000","_state":"expanded"},{"name":"Czu\u0142y","content":"Tak","_state":"expanded"},{"name":"Kompatybilne przegl\u0105darki","content":"Firefox, Safari, Opera, Chrome, Edge","_state":"expanded"}],"tags":[],"tags_disable_links":"","hide_more_platforms":"","video_object":"","demo_hide_cta":"","demo_hide_cloud_options":"","pricing_title":"","pricing":[{"pricing_icon":"platform","pricing_title":"Elfsight Apps","pricing_title_caption":"Rozwi\u0105zanie cyfrowe multiplatformowe","pricing_price":"od 0 z\u0142\/miesi\u0105c","pricing_price_caption":"zacznij od darmowego planu","pricing_button_text":"Dodaj do witryny","pricing_button_url":"#demo"}],"related_apps_title":"","related_apps_hidden":"","author":"","image":[],"title":"","job":"","social_networks":[]},"_links":{"self":[{"href":"https:\/\/elfsight.com\/pl\/wp-json\/wp\/v2\/pages\/9909","targetHints":{"allow":["GET"]}}],"collection":[{"href":"https:\/\/elfsight.com\/pl\/wp-json\/wp\/v2\/pages"}],"about":[{"href":"https:\/\/elfsight.com\/pl\/wp-json\/wp\/v2\/types\/page"}],"author":[{"embeddable":true,"href":"https:\/\/elfsight.com\/pl\/wp-json\/wp\/v2\/users\/9"}],"replies":[{"embeddable":true,"href":"https:\/\/elfsight.com\/pl\/wp-json\/wp\/v2\/comments?post=9909"}],"version-history":[{"count":1,"href":"https:\/\/elfsight.com\/pl\/wp-json\/wp\/v2\/pages\/9909\/revisions"}],"predecessor-version":[{"id":9913,"href":"https:\/\/elfsight.com\/pl\/wp-json\/wp\/v2\/pages\/9909\/revisions\/9913"}],"up":[{"embeddable":true,"href":"https:\/\/elfsight.com\/pl\/wp-json\/wp\/v2\/pages\/10086"}],"wp:attachment":[{"href":"https:\/\/elfsight.com\/pl\/wp-json\/wp\/v2\/media?parent=9909"}],"curies":[{"name":"wp","href":"https:\/\/api.w.org\/{rel}","templated":true}]}}