{"id":99,"date":"2020-11-13T08:40:51","date_gmt":"2020-11-13T08:40:51","guid":{"rendered":"https:\/\/elfsight.com\/pl\/?page_id=99"},"modified":"2021-04-21T13:27:40","modified_gmt":"2021-04-21T13:27:40","slug":"lightspeed-plugins","status":"publish","type":"page","link":"https:\/\/elfsight.com\/pl\/lightspeed-plugins\/","title":{"rendered":"Lightspeed plugins"},"content":{"rendered":"\n<h2>Najskuteczniejsze pluginy Elfsight dla wszystkich potrzeb\u00f3w twojej strony internetowej Lightspeed<\/h2>\n\n<p>Przez dziewi\u0119\u0107 lat nasza dru\u017cyna ekspert\u00f3w Elfsight stwarza \u0142atwe w u\u017cyciu i uniwersalne wid\u017cety chmurowe dla Twojej firmy. Zapewniamy natychmiastow\u0105 obs\u0142ug\u0119 techniczn\u0105 oraz szybko\u015b\u0107 wczytywania. Rozszerzenia Elfsight pomagaj\u0105 w\u0142a\u015bcicielom witryn online, edukacyjnych oraz innym z ca\u0142ego \u015bwiata zaradzi\u0107 powa\u017cnymi zadaniami bardziej wydajnie. \n<\/p>\n\n<p>Mo\u017cesz powi\u0119kszy\u0107 liczb\u0119 lead\u00f3w, pokaza\u0107 5-gwiazdkow\u0105 ocen\u0119 na swoje oferty, zwi\u0119kszy\u0107 zaufanie do swojej marki, poprzez dodanie dodatku do Pa\u0144stwa strony internetowej. Nasze plany abonamentowe s\u0105 w zakresie od bezp\u0142atnych do premium. Spr\u00f3buj zintegrowa\u0107 wszelkie wybrane aplikacji przy u\u017cyciu naszej demonstracji i spotkaj jak bardzo mo\u017ce to by\u0107 wa\u017cne w kwestii rozwoju strony internetowej Twojego firmy. <\/p>\n\n<h2>Czemu widgety Lightspeed s\u0105 tak wyj\u0105tkowymi instrumentami dla Twojej witryny? <\/h2>\n\n<p> Zobacz list\u0119 wa\u017cnych cech naszych dodatk\u00f3w, kt\u00f3re umo\u017cliwiaj\u0105 nam wyprzedzi\u0107 konkurencj\u0119: <\/p>\n\n\n<ul>\n<li> Nieodp\u0142atna i natychmiastowa obs\u0142uga przy dodaniu lub personalizacji rozszerze\u0144; <\/li>\n<li> Automatyczne dostosowanie do wszystkich rozdzielczo\u015bci stron internetowych i przyjazne dla urz\u0105dze\u0144 mobilnych; <\/li>\n<li> Nie ma potrzeby mie\u0107 \u015brodk\u00f3w programowania lub umiej\u0119tno\u015bci; <\/li>\n<li> Bogaty wyb\u00f3r ustawie\u0144 dostosowywania; <\/li>\n<li> Rozwi\u0105zania chmurowe pomagaj\u0105 zwi\u0119kszy\u0107 pr\u0119dko\u015b\u0107 serwisu; <\/li>\n<li> Wszystkie przysz\u0142e aktualizacje s\u0105 bezp\u0142atne i regularne; <\/li>\n<li> Rozs\u0105dny zakres cen; <\/li>\n<li> Sta\u0142a pomoc w przypadku problem\u00f3w. <\/li>\n<\/ul>\n\n<p> Sprawd\u017a bezp\u0142atne opcje naszych widget\u00f3w i zrozumiej jej potencja\u0142 lub zainstaluj dowolne wymagane aplikacje z 20% rabatem. <\/p>\n\n\n<h2> W jaki spos\u00f3b wstawi\u0107 pluginy na Twojej stronie internetowej Lightspeed <\/h2>\n\n<p> Aby integrowa\u0107 aplikacji, wykonaj wszystkie kroki z prostej instrukcji: <\/p>\n\n\n<ol>\n<li> Wybierz odpowiedni dodatek; <\/li>\n<li> Zmodyfikuj niekt\u00f3re odpowiednie ustawienia; <\/li>\n<li> Nie zapomnijcie, aby zapisa\u0107 zmiany; <\/li>\n<li> Kliknij otrzymany kod; <\/li>\n<li> Zainstaluj ten kod w przydatnym miejscu Pa\u0144stwa witryny lub szablonu; <\/li>\n<li> Zrobione! Pomy\u015blnie zako\u0144czy\u0142e\u015b dodawanie pluginu. <\/li>\n<\/ol>\n\n<p> W razie jakichkolwiek problem\u00f3w, prosimy skontaktuj si\u0119 z zespo\u0142em wspieraj\u0105cego Elfsight. <\/p>\n","protected":false},"excerpt":{"rendered":"Najskuteczniejsze pluginy Elfsight dla wszystkich potrzeb\u00f3w twojej strony internetowej Lightspeed Przez dziewi\u0119\u0107 lat nasza dru\u017cyna ekspert\u00f3w Elfsight stwarza \u0142atwe w u\u017cyciu i uniwersalne wid\u017cety chmurowe dla Twojej firmy. Zapewniamy natychmiastow\u0105 obs\u0142ug\u0119 techniczn\u0105 oraz szybko\u015b\u0107 wczytywania. Rozszerzenia Elfsight pomagaj\u0105 w\u0142a\u015bcicielom witryn online, edukacyjnych oraz innym z ca\u0142ego \u015bwiata zaradzi\u0107 powa\u017cnymi zadaniami&#8230;","protected":false},"author":13,"featured_media":0,"parent":0,"menu_order":0,"comment_status":"closed","ping_status":"closed","template":"templates\/template-platform.php","meta":{"publish_to_discourse":"","publish_post_category":"","wpdc_auto_publish_overridden":"","wpdc_topic_tags":"","wpdc_pin_topic":"","wpdc_pin_until":"","discourse_post_id":"","discourse_permalink":"","wpdc_publishing_response":"","wpdc_publishing_error":"","footnotes":""},"class_list":["post-99","page","type-page","status-publish","hentry"],"yoast_head":"<!-- This site is optimized with the Yoast SEO plugin v25.3.1 - https:\/\/yoast.com\/wordpress\/plugins\/seo\/ -->\n<title>Ponad 80 najlepszych Lightspeed plugin\u00f3w dla strony internetowej<\/title>\n<meta name=\"description\" content=\"Kolekcja najlepszych nieodp\u0142atnych plugin\u00f3w dla twojej strony internetowej Lightspeed. Pom\u00f3c z dostosowywaniem i szeroka gama opcji.\" \/>\n<meta name=\"robots\" content=\"index, follow, max-snippet:-1, max-image-preview:large, max-video-preview:-1\" \/>\n<link rel=\"canonical\" href=\"https:\/\/elfsight.com\/pl\/lightspeed-plugins\/\" \/>\n<meta property=\"og:locale\" content=\"pl_PL\" \/>\n<meta property=\"og:type\" content=\"article\" \/>\n<meta property=\"og:title\" content=\"Ponad 80 najlepszych Lightspeed plugin\u00f3w dla strony internetowej\" \/>\n<meta property=\"og:description\" content=\"Kolekcja najlepszych nieodp\u0142atnych plugin\u00f3w dla twojej strony internetowej Lightspeed. Pom\u00f3c z dostosowywaniem i szeroka gama opcji.\" \/>\n<meta property=\"og:url\" content=\"https:\/\/elfsight.com\/pl\/lightspeed-plugins\/\" \/>\n<meta property=\"og:site_name\" content=\"Elfsight PL\" \/>\n<meta property=\"article:modified_time\" content=\"2021-04-21T13:27:40+00:00\" \/>\n<meta name=\"twitter:card\" content=\"summary_large_image\" \/>\n<meta name=\"twitter:label1\" content=\"Szacowany czas czytania\" \/>\n\t<meta name=\"twitter:data1\" content=\"2 minuty\" \/>\n<!-- \/ Yoast SEO plugin. -->","yoast_head_json":{"title":"Ponad 80 najlepszych Lightspeed plugin\u00f3w dla strony internetowej","description":"Kolekcja najlepszych nieodp\u0142atnych plugin\u00f3w dla twojej strony internetowej Lightspeed. Pom\u00f3c z dostosowywaniem i szeroka gama opcji.","robots":{"index":"index","follow":"follow","max-snippet":"max-snippet:-1","max-image-preview":"max-image-preview:large","max-video-preview":"max-video-preview:-1"},"canonical":"https:\/\/elfsight.com\/pl\/lightspeed-plugins\/","og_locale":"pl_PL","og_type":"article","og_title":"Ponad 80 najlepszych Lightspeed plugin\u00f3w dla strony internetowej","og_description":"Kolekcja najlepszych nieodp\u0142atnych plugin\u00f3w dla twojej strony internetowej Lightspeed. Pom\u00f3c z dostosowywaniem i szeroka gama opcji.","og_url":"https:\/\/elfsight.com\/pl\/lightspeed-plugins\/","og_site_name":"Elfsight PL","article_modified_time":"2021-04-21T13:27:40+00:00","twitter_card":"summary_large_image","twitter_misc":{"Szacowany czas czytania":"2 minuty"},"schema":{"@context":"https:\/\/schema.org","@graph":[{"@type":"WebPage","@id":"https:\/\/elfsight.com\/pl\/lightspeed-plugins\/","url":"https:\/\/elfsight.com\/pl\/lightspeed-plugins\/","name":"Ponad 80 najlepszych Lightspeed plugin\u00f3w dla strony internetowej","isPartOf":{"@id":"https:\/\/elfsight.com\/pl\/#website"},"datePublished":"2020-11-13T08:40:51+00:00","dateModified":"2021-04-21T13:27:40+00:00","description":"Kolekcja najlepszych nieodp\u0142atnych plugin\u00f3w dla twojej strony internetowej Lightspeed. Pom\u00f3c z dostosowywaniem i szeroka gama opcji.","breadcrumb":{"@id":"https:\/\/elfsight.com\/pl\/lightspeed-plugins\/#breadcrumb"},"inLanguage":"pl-PL","potentialAction":[{"@type":"ReadAction","target":["https:\/\/elfsight.com\/pl\/lightspeed-plugins\/"]}]},{"@type":"BreadcrumbList","@id":"https:\/\/elfsight.com\/pl\/lightspeed-plugins\/#breadcrumb","itemListElement":[{"@type":"ListItem","position":1,"name":"Home","item":"https:\/\/elfsight.com\/pl\/"},{"@type":"ListItem","position":2,"name":"Lightspeed plugins"}]},{"@type":"WebSite","@id":"https:\/\/elfsight.com\/pl\/#website","url":"https:\/\/elfsight.com\/pl\/","name":"Elfsight PL","description":"Just another Elfsight Sites site","potentialAction":[{"@type":"SearchAction","target":{"@type":"EntryPoint","urlTemplate":"https:\/\/elfsight.com\/pl\/?s={search_term_string}"},"query-input":{"@type":"PropertyValueSpecification","valueRequired":true,"valueName":"search_term_string"}}],"inLanguage":"pl-PL"}]}},"meta_box":{"industry":"","seo_heading":"","heading":"","description":"","cta_heading":"","cta_description":"","application":"","h1":"Najlepsze pluginy Lightspeed","h1_caption":"Darmowy pakiet rewelacyjnych dodatk\u00f3w pierwszej klasy z szerokim wachlarzem funkcji dla zwi\u0119kszenia aktywno\u015bci u\u017cytkownik\u00f3w i osi\u0105gni\u0119cia wszystkich pozosta\u0142ych zada\u0144 biznesowych. Nieskomplikowana instalacja, szeroki zakres mo\u017cliwo\u015bci personalizacji oraz szybkie wsparcie klienta.","application_category":[],"applications_title":"Zobacz najlepsze pluginy dla twojej witryny internetowej w\u015br\u00f3d wszystkich aplikacji darmowych w demonstracje online","applications_request_title":"Nie mo\u017cesz znale\u017a\u0107 odpowiedniego plugina?","applications_request_button_text":"Zam\u00f3w plugin","hero_text":"","hero_video":"","hero_video_schema_markup":"","selling_points_title":"","selling_points_caption":"","selling_points":[],"selling_points_cta_text":"","features_title":"","features":"","ed_cta_examples_text":"","ed_cta_examples_hidden":"","ed_cta_demo_text":"","ed_cta_demo_hidden":"","why_caption":"","why_editor_title":"","why_editor_text":"","why_team_title":"","why_team_text":"","why_service_title":"","why_service_text":"","template_catalog_visible":"","template_catalog_title":"","template_catalog_text":"","template_catalog_categories_visible":"","demo_title":"","demo_caption":"","default_faq_hidden":"","app_template_category":[],"platform":"88","template_public_id":"","codecanyon_url":"","codecanyon_item_id":"","codecanyon_price":"","pricing_caption":"","pricing_elfsight_apps_hide_column":"","pricing_elfsight_apps_url":"","pricing_codecanyon_price_caption":"","integration_category":[],"integration_request_title":"","integration_request_cta":"","integration_platform":"","integrations":[],"platform_category":[],"video_schema_markup":"","price":"","trial":"","benefits":[],"button_url":"","button_target_blank":"","button_nofollow":"","attributes":[],"tags":[],"tags_disable_links":"","hide_more_platforms":"","video_object":"","demo_hide_cta":"","demo_hide_cloud_options":"","pricing_title":"","pricing":[],"related_apps_title":"","related_apps_hidden":"","author":"","image":[],"title":"","job":"","social_networks":[]},"_links":{"self":[{"href":"https:\/\/elfsight.com\/pl\/wp-json\/wp\/v2\/pages\/99","targetHints":{"allow":["GET"]}}],"collection":[{"href":"https:\/\/elfsight.com\/pl\/wp-json\/wp\/v2\/pages"}],"about":[{"href":"https:\/\/elfsight.com\/pl\/wp-json\/wp\/v2\/types\/page"}],"author":[{"embeddable":true,"href":"https:\/\/elfsight.com\/pl\/wp-json\/wp\/v2\/users\/13"}],"replies":[{"embeddable":true,"href":"https:\/\/elfsight.com\/pl\/wp-json\/wp\/v2\/comments?post=99"}],"version-history":[{"count":1,"href":"https:\/\/elfsight.com\/pl\/wp-json\/wp\/v2\/pages\/99\/revisions"}],"predecessor-version":[{"id":100,"href":"https:\/\/elfsight.com\/pl\/wp-json\/wp\/v2\/pages\/99\/revisions\/100"}],"wp:attachment":[{"href":"https:\/\/elfsight.com\/pl\/wp-json\/wp\/v2\/media?parent=99"}],"curies":[{"name":"wp","href":"https:\/\/api.w.org\/{rel}","templated":true}]}}