{"id":9873,"date":"2024-06-11T06:49:44","date_gmt":"2024-06-11T06:49:44","guid":{"rendered":"https:\/\/elfsight.com\/pl\/?page_id=9873"},"modified":"2025-06-17T14:08:33","modified_gmt":"2025-06-17T14:08:33","slug":"shopify","status":"publish","type":"page","link":"https:\/\/elfsight.com\/pl\/timeline-widget\/shopify\/","title":{"rendered":"Timeline &#8211; Shopify"},"content":{"rendered":"<div class=\"application-platform-content-item-description application-platform-content-item\" id=\"description\" data-nav-section=\"description\"><h2>Kreator osi czasu dla Shopify<\/h2> <p>Z \u0142atwo\u015bci\u0105 zaprojektuj dynamiczn\u0105, interaktywn\u0105 o\u015b czasu dla swojego sklepu Shopify bez \u017cadnego kodowania. Kreator osi czasu Shopify firmy Elfsight umo\u017cliwia dodawanie spersonalizowanych znacznik\u00f3w kamieni milowych, kt\u00f3re anga\u017cuj\u0105 odwiedzaj\u0105cych. Niezale\u017cnie od tego, czy chcesz przedstawi\u0107 podr\u00f3\u017c swojej firmy, \u015bledzi\u0107 rozw\u00f3j produktu czy pochwali\u0107 si\u0119 wa\u017cnymi kamieniami milowymi projektu, dzi\u0119ki temu narz\u0119dziu z \u0142atwo\u015bci\u0105 stworzysz o\u015b czasu odpowiadaj\u0105c\u0105 Twoim potrzebom.<\/p> <ul> <li><strong>Tw\u00f3rz anga\u017cuj\u0105ce osie czasu bez wysi\u0142ku.<\/strong> <br>Stw\u00f3rz funkcjonaln\u0105 o\u015b czasu w ci\u0105gu kilku minut bez konieczno\u015bci posiadania umiej\u0119tno\u015bci technicznych. Zacznij od razu imponowa\u0107 odwiedzaj\u0105cym, integruj\u0105c o\u015b czasu, kt\u00f3ra o\u017cywia Twoje kamienie milowe.<\/li> <li><strong>Nieograniczone mo\u017cliwo\u015bci dostosowywania.<\/strong> <br>Dostosuj wygl\u0105d swojej osi czasu, wybieraj\u0105c spo\u015br\u00f3d szeregu szablon\u00f3w, schemat\u00f3w kolor\u00f3w, czcionek i innych element\u00f3w projektu, aby utworzy\u0107 o\u015b czasu pasuj\u0105c\u0105 do marki Twojego sklepu.<\/li> <li><strong>Bezproblemowy proces integracji.<\/strong> <br>Po prostu osad\u017a kod HTML do sklepu Shopify, aby zintegrowa\u0107 o\u015b czasu. Nie jest wymagana \u017cadna skomplikowana konfiguracja \u2014 wystarczy szybki i p\u0142ynny proces, aby Twoja o\u015b czasu zacz\u0119\u0142a dzia\u0142a\u0107.<\/li> <li><strong>Niezawodna obs\u0142uga klienta.<\/strong> <br>Je\u015bli potrzebujesz pomocy, nasz oddany zesp\u00f3\u0142 jest zawsze gotowy do pomocy. Zapewniamy, \u017ce Twoja o\u015b czasu b\u0119dzie dzia\u0142a\u0107 bezproblemowo w Twojej witrynie Shopify.<\/li> <\/ul> <p><b>Rozpocznij korzystanie z osi czasu Shopify Elfsight, aby zaanga\u017cowa\u0107 odwiedzaj\u0105cych i podkre\u015bli\u0107 najwa\u017cniejsze kamienie milowe!<\/b><\/p> <\/div><div class=\"application-platform-content-item-features application-platform-content-item\" id=\"features\" data-nav-section=\"features\"><h2>Co mo\u017cesz zrobi\u0107 dzi\u0119ki osi czasu Shopify<\/h2> <ul> <li><strong>Wizualnie zachwy\u0107 swoich odbiorc\u00f3w.<\/strong><br>Przedstaw swoj\u0105 histori\u0119, kamienie milowe dotycz\u0105ce produkt\u00f3w lub post\u0119py w bogaty wizualnie i interaktywny spos\u00f3b. O\u015b czasu zapewnia jasny i wci\u0105gaj\u0105cy spos\u00f3b przekazywania tre\u015bci, u\u0142atwiaj\u0105c odwiedzaj\u0105cym zrozumienie Twojej podr\u00f3\u017cy.<\/li> <li><strong>\u015aled\u017a swoje osi\u0105gni\u0119cia i wydarzenia.<\/strong> <br>U\u017cyj osi czasu, aby zapewni\u0107 chronologiczny widok wa\u017cnych wydarze\u0144, niezale\u017cnie od tego, czy jest to rozw\u00f3j Twojej firmy, czy ewolucja produktu. Zapewnia odwiedzaj\u0105cym jasn\u0105 perspektyw\u0119 najwa\u017cniejszych osi\u0105gni\u0119\u0107 i pomaga utrzyma\u0107 ich zaanga\u017cowanie.<\/li> <li><strong>Podkre\u015bl godne uwagi osi\u0105gni\u0119cia.<\/strong><br>Po\u015bwi\u0119\u0107 szczeg\u00f3ln\u0105 uwag\u0119 swoim kluczowym osi\u0105gni\u0119ciom, niezale\u017cnie od tego, czy jest to wprowadzenie produktu na rynek, zako\u0144czenie projektu czy inne sukcesy. Przedstaw swoje wa\u017cne kamienie milowe w atrakcyjnym wizualnie i zorganizowanym formacie.<\/li> <\/ul> <p><a href=\"#demo\">Przetestuj edytor, aby pozna\u0107 wszystkie mo\u017cliwo\u015bci.<\/a><\/p> <\/div><div class=\"application-platform-content-item-installation application-platform-content-item\" id=\"installation\" data-nav-section=\"installation\"><h2>Jak osadzi\u0107 o\u015b czasu w Shopify<\/h2> <p>Dodanie osi czasu Shopify do swojej witryny jest szybkie i proste, nie wymagaj\u0105ce kodowania. Wystarczy wykona\u0107 te proste kroki, aby uruchomi\u0107 o\u015b czasu:<\/p> <ol> <li><b>Utw\u00f3rz niestandardow\u0105 o\u015b czasu Shopify<\/b><br> Wybierz szablon z naszego edytora, a nast\u0119pnie spersonalizuj go do swoich potrzeb. Dostosuj uk\u0142ad, wstaw kamienie milowe i dostosuj projekt, aby odzwierciedla\u0142 styl Twojego sklepu.<\/li> <li><b>Uzyskaj sw\u00f3j unikalny kod do umieszczenia na stronie<\/b><br> Gdy b\u0119dziesz zadowolony z osi czasu, otrzymasz niestandardowy kod HTML. Skopiuj kod do p\u00f3\u017aniejszego wykorzystania.<\/li> <li><b>Osad\u017a kod w swoim sklepie Shopify<\/b><br> Wklej skopiowany kod HTML w odpowiedniej sekcji strony Shopify i zapisz zmiany. Twoja interaktywna o\u015b czasu b\u0119dzie wtedy aktywna!<\/li> <li><b>Poznaj interaktywn\u0105 o\u015b czasu!<\/b><br> Odwied\u017a swoj\u0105 witryn\u0119, aby zobaczy\u0107 o\u015b czasu w akcji i zacznij anga\u017cowa\u0107 odwiedzaj\u0105cych dzi\u0119ki dynamicznym, interaktywnym funkcjom!<\/li> <\/ol> <p>Aby uzyska\u0107 bardziej szczeg\u00f3\u0142owe wskaz\u00f3wki, zapoznaj si\u0119 z naszym samouczkiem na temat <a href=\"https:\/\/elfsight.com\/blog\/how-to-embed-timeline-to-website\/\" target=\"_blank\" rel=\"noopener\">jak utworzy\u0107 niestandardow\u0105 o\u015b czasu na stronie internetowej<\/a>.<\/p> <\/div><div class=\"faq\" data-component=\"FAQ\"><div class=\"faq-item\">\r\n\t\t\t\t\t<div class=\"faq-item-question\">\r\n\t\t\t\t\t\t<h3 class=\"faq-item-question-text\">Czy wid\u017cet O\u015b czasu dla Shopify jest bezp\u0142atny?<\/h3>\r\n\r\n\t\t\t\t\t\t<div class=\"faq-item-question-icon\"><\/div>\r\n\t\t\t\t\t<\/div>\r\n\r\n\t\t\t\t\t<div class=\"faq-item-answer\">\r\n\t\t\t\t\t\t<div class=\"faq-item-answer-text\">Tak, Elfsight oferuje wielopoziomowy plan subskrypcji, kt\u00f3ry obejmuje wersj\u0119 bezp\u0142atn\u0105. Mo\u017cesz korzysta\u0107 z wid\u017cetu O\u015b czasu Shopify bez \u017cadnych koszt\u00f3w, maj\u0105c dost\u0119p do niezb\u0119dnych funkcji. P\u0142atne plany s\u0105 dost\u0119pne z dodatkowymi opcjami dostosowywania.<\/div>\r\n\t\t\t\t\t<\/div>\r\n\t\t\t\t<\/div><div class=\"faq-item\">\r\n\t\t\t\t\t<div class=\"faq-item-question\">\r\n\t\t\t\t\t\t<h3 class=\"faq-item-question-text\">Czy musz\u0119 mie\u0107 do\u015bwiadczenie w kodowaniu, aby korzysta\u0107 z wid\u017cetu O\u015b czasu?<\/h3>\r\n\r\n\t\t\t\t\t\t<div class=\"faq-item-question-icon\"><\/div>\r\n\t\t\t\t\t<\/div>\r\n\r\n\t\t\t\t\t<div class=\"faq-item-answer\">\r\n\t\t\t\t\t\t<div class=\"faq-item-answer-text\">Nie, narz\u0119dzie do tworzenia osi czasu Shopify firmy Elfsight nie wymaga \u017cadnej wiedzy o kodowaniu. Za pomoc\u0105 naszego intuicyjnego edytora \u201eprzeci\u0105gnij i upu\u015b\u0107\u201d mo\u017cesz \u0142atwo utworzy\u0107 i dostosowa\u0107 o\u015b czasu.<\/div>\r\n\t\t\t\t\t<\/div>\r\n\t\t\t\t<\/div><div class=\"faq-item\">\r\n\t\t\t\t\t<div class=\"faq-item-question\">\r\n\t\t\t\t\t\t<h3 class=\"faq-item-question-text\">Jak doda\u0107 interaktywn\u0105 o\u015b czasu do Shopify?<\/h3>\r\n\r\n\t\t\t\t\t\t<div class=\"faq-item-question-icon\"><\/div>\r\n\t\t\t\t\t<\/div>\r\n\r\n\t\t\t\t\t<div class=\"faq-item-answer\">\r\n\t\t\t\t\t\t<div class=\"faq-item-answer-text\">Po prostu wybierz szablon w edytorze, dokonaj niezb\u0119dnych dostosowa\u0144, a nast\u0119pnie osad\u017a o\u015b czasu w swoim sklepie Shopify, korzystaj\u0105c z dostarczonego kodu HTML.<\/div>\r\n\t\t\t\t\t<\/div>\r\n\t\t\t\t<\/div><div class=\"faq-item\">\r\n\t\t\t\t\t<div class=\"faq-item-question\">\r\n\t\t\t\t\t\t<h3 class=\"faq-item-question-text\">Jakie rodzaje osi czasu mog\u0119 utworzy\u0107?<\/h3>\r\n\r\n\t\t\t\t\t\t<div class=\"faq-item-question-icon\"><\/div>\r\n\t\t\t\t\t<\/div>\r\n\r\n\t\t\t\t\t<div class=\"faq-item-answer\">\r\n\t\t\t\t\t\t<div class=\"faq-item-answer-text\"><p>Mo\u017cesz tworzy\u0107 r\u00f3\u017cnorodne osie czasu harmonogramy dla Twojego sklepu Shopify, w tym:<\/p> <ul> <li><strong>Ewolucja firmy<\/strong>: Poka\u017c histori\u0119 i rozw\u00f3j swojej firmy, podkre\u015blaj\u0105c kluczowe momenty i osi\u0105gni\u0119cia.<\/li> <li><strong>Rozw\u00f3j produktu<\/strong>: Zilustruj etapy rozwoju produktu od koncepcji do wprowadzenia na rynek, koncentruj\u0105c si\u0119 na ka\u017cdym g\u0142\u00f3wnym kroku.<\/li> <li><strong>Kamienie milowe projektu<\/strong>: \u015aled\u017a i prezentuj r\u00f3\u017cne etapy trwaj\u0105cego lub uko\u0144czonego projektu projekty.<\/li> <li><strong>Harmonogram wydarze\u0144<\/strong>: utw\u00f3rz harmonogram wydarze\u0144, premier produkt\u00f3w lub kampanii sprzeda\u017cowych, udost\u0119pniaj\u0105c odwiedzaj\u0105cym wszystkie najwa\u017cniejsze szczeg\u00f3\u0142y w jednym miejscu.<\/li> <\/ul> <\/div>\r\n\t\t\t\t\t<\/div>\r\n\t\t\t\t<\/div> <\/div>","protected":false},"excerpt":{"rendered":"","protected":false},"author":9,"featured_media":0,"parent":9819,"menu_order":0,"comment_status":"closed","ping_status":"closed","template":"templates\/template-application-platform.php","meta":{"publish_to_discourse":"","publish_post_category":"","wpdc_auto_publish_overridden":"","wpdc_topic_tags":"","wpdc_pin_topic":"","wpdc_pin_until":"","discourse_post_id":"","discourse_permalink":"","wpdc_publishing_response":"","wpdc_publishing_error":"","footnotes":""},"class_list":["post-9873","page","type-page","status-publish","hentry"],"yoast_head":"<!-- This site is optimized with the Yoast SEO plugin v25.3.1 - https:\/\/yoast.com\/wordpress\/plugins\/seo\/ -->\n<title>Wid\u017cet osi czasu \u2014 utw\u00f3rz interaktywn\u0105 o\u015b czasu w swoim sklepie Shopify [BEZP\u0141ATNIE]<\/title>\n<meta name=\"description\" content=\"Dodaj niestandardow\u0105 o\u015b czasu do swojego sklepu Shopify. Z \u0142atwo\u015bci\u0105 wy\u015bwietlaj swoj\u0105 histori\u0119, kamienie milowe i post\u0119p projektu za pomoc\u0105 konfigurowalnego wid\u017cetu O\u015b czasu Shopify.\" \/>\n<meta name=\"robots\" content=\"index, follow, max-snippet:-1, max-image-preview:large, max-video-preview:-1\" \/>\n<link rel=\"canonical\" href=\"https:\/\/elfsight.com\/pl\/timeline-widget\/shopify\/\" \/>\n<meta property=\"og:locale\" content=\"pl_PL\" \/>\n<meta property=\"og:type\" content=\"article\" \/>\n<meta property=\"og:title\" content=\"Wid\u017cet osi czasu \u2014 utw\u00f3rz interaktywn\u0105 o\u015b czasu w swoim sklepie Shopify [BEZP\u0141ATNIE]\" \/>\n<meta property=\"og:description\" content=\"Dodaj niestandardow\u0105 o\u015b czasu do swojego sklepu Shopify. Z \u0142atwo\u015bci\u0105 wy\u015bwietlaj swoj\u0105 histori\u0119, kamienie milowe i post\u0119p projektu za pomoc\u0105 konfigurowalnego wid\u017cetu O\u015b czasu Shopify.\" \/>\n<meta property=\"og:url\" content=\"https:\/\/elfsight.com\/pl\/timeline-widget\/shopify\/\" \/>\n<meta property=\"og:site_name\" content=\"Elfsight PL\" \/>\n<meta property=\"article:modified_time\" content=\"2025-06-17T14:08:33+00:00\" \/>\n<meta name=\"twitter:card\" content=\"summary_large_image\" \/>\n<meta name=\"twitter:label1\" content=\"Szacowany czas czytania\" \/>\n\t<meta name=\"twitter:data1\" content=\"4 minuty\" \/>\n<!-- \/ Yoast SEO plugin. -->","yoast_head_json":{"title":"Wid\u017cet osi czasu \u2014 utw\u00f3rz interaktywn\u0105 o\u015b czasu w swoim sklepie Shopify [BEZP\u0141ATNIE]","description":"Dodaj niestandardow\u0105 o\u015b czasu do swojego sklepu Shopify. Z \u0142atwo\u015bci\u0105 wy\u015bwietlaj swoj\u0105 histori\u0119, kamienie milowe i post\u0119p projektu za pomoc\u0105 konfigurowalnego wid\u017cetu O\u015b czasu Shopify.","robots":{"index":"index","follow":"follow","max-snippet":"max-snippet:-1","max-image-preview":"max-image-preview:large","max-video-preview":"max-video-preview:-1"},"canonical":"https:\/\/elfsight.com\/pl\/timeline-widget\/shopify\/","og_locale":"pl_PL","og_type":"article","og_title":"Wid\u017cet osi czasu \u2014 utw\u00f3rz interaktywn\u0105 o\u015b czasu w swoim sklepie Shopify [BEZP\u0141ATNIE]","og_description":"Dodaj niestandardow\u0105 o\u015b czasu do swojego sklepu Shopify. Z \u0142atwo\u015bci\u0105 wy\u015bwietlaj swoj\u0105 histori\u0119, kamienie milowe i post\u0119p projektu za pomoc\u0105 konfigurowalnego wid\u017cetu O\u015b czasu Shopify.","og_url":"https:\/\/elfsight.com\/pl\/timeline-widget\/shopify\/","og_site_name":"Elfsight PL","article_modified_time":"2025-06-17T14:08:33+00:00","twitter_card":"summary_large_image","twitter_misc":{"Szacowany czas czytania":"4 minuty"},"schema":{"@context":"https:\/\/schema.org","@graph":[{"@type":"WebPage","@id":"https:\/\/elfsight.com\/pl\/timeline-widget\/shopify\/","url":"https:\/\/elfsight.com\/pl\/timeline-widget\/shopify\/","name":"Wid\u017cet osi czasu \u2014 utw\u00f3rz interaktywn\u0105 o\u015b czasu w swoim sklepie Shopify [BEZP\u0141ATNIE]","isPartOf":{"@id":"https:\/\/elfsight.com\/pl\/#website"},"datePublished":"2024-06-11T06:49:44+00:00","dateModified":"2025-06-17T14:08:33+00:00","description":"Dodaj niestandardow\u0105 o\u015b czasu do swojego sklepu Shopify. Z \u0142atwo\u015bci\u0105 wy\u015bwietlaj swoj\u0105 histori\u0119, kamienie milowe i post\u0119p projektu za pomoc\u0105 konfigurowalnego wid\u017cetu O\u015b czasu Shopify.","breadcrumb":{"@id":"https:\/\/elfsight.com\/pl\/timeline-widget\/shopify\/#breadcrumb"},"inLanguage":"pl-PL","potentialAction":[{"@type":"ReadAction","target":["https:\/\/elfsight.com\/pl\/timeline-widget\/shopify\/"]}]},{"@type":"BreadcrumbList","@id":"https:\/\/elfsight.com\/pl\/timeline-widget\/shopify\/#breadcrumb","itemListElement":[{"@type":"ListItem","position":1,"name":"Home","item":"https:\/\/elfsight.com\/pl\/"},{"@type":"ListItem","position":2,"name":"Timeline","item":"https:\/\/elfsight.com\/pl\/timeline-widget\/"},{"@type":"ListItem","position":3,"name":"Timeline &#8211; Shopify"}]},{"@type":"WebSite","@id":"https:\/\/elfsight.com\/pl\/#website","url":"https:\/\/elfsight.com\/pl\/","name":"Elfsight PL","description":"Just another Elfsight Sites site","potentialAction":[{"@type":"SearchAction","target":{"@type":"EntryPoint","urlTemplate":"https:\/\/elfsight.com\/pl\/?s={search_term_string}"},"query-input":{"@type":"PropertyValueSpecification","valueRequired":true,"valueName":"search_term_string"}}],"inLanguage":"pl-PL"}]}},"meta_box":{"industry":"","seo_heading":"","heading":"","description":"","cta_heading":"","cta_description":"","application":"9818","h1":"Wtyczka osi czasu dla Shopify","h1_caption":"Utw\u00f3rz przekonuj\u0105c\u0105 lini\u0119 historii, aby wyr\u00f3\u017cni\u0107 swoj\u0105 histori\u0119, kluczowe kamienie milowe lub wydarzenia za pomoc\u0105 interaktywnej osi czasu w Shopify.","application_category":[],"applications_title":"","applications_request_title":"","applications_request_button_text":"","hero_text":"","hero_video":"","hero_video_schema_markup":"","selling_points_title":"","selling_points_caption":"","selling_points":[],"selling_points_cta_text":"","features_title":"","features":"","ed_cta_examples_text":"","ed_cta_examples_hidden":"","ed_cta_demo_text":"","ed_cta_demo_hidden":"","why_caption":"","why_editor_title":"","why_editor_text":"","why_team_title":"","why_team_text":"","why_service_title":"","why_service_text":"","template_catalog_visible":"0","template_catalog_title":"","template_catalog_text":"","template_catalog_categories_visible":"","demo_title":"Utw\u00f3rz aplikacj\u0119 Shopify O\u015b czasu","demo_caption":"Dostosuj o\u015b czasu i z \u0142atwo\u015bci\u0105 dodaj j\u0105 do swojej witryny!","default_faq_hidden":"","app_template_category":[],"platform":"7580","template_public_id":"","codecanyon_url":"","codecanyon_item_id":"","codecanyon_price":"","pricing_caption":"","pricing_elfsight_apps_hide_column":"","pricing_elfsight_apps_url":"","pricing_codecanyon_price_caption":"","integration_category":[],"integration_request_title":"","integration_request_cta":"","integration_platform":"","integrations":[],"platform_category":[],"video_schema_markup":"","price":"od 0 USD \/ miesi\u0105c","trial":"","benefits":[],"button_url":"#demo","button_target_blank":"0","button_nofollow":"0","attributes":[{"name":"Instaluje","content":"50,000 - 100,000","_state":"expanded"},{"name":"Czu\u0142y","content":"Tak","_state":"expanded"},{"name":"Kompatybilne przegl\u0105darki","content":"Firefox, Safari, Opera, Chrome, Edge","_state":"expanded"}],"tags":[],"tags_disable_links":"0","hide_more_platforms":"0","video_object":"","demo_hide_cta":"0","demo_hide_cloud_options":"0","pricing_title":"","pricing":[{"pricing_icon":"platform","pricing_title":"Elfsight Apps","pricing_title_caption":"Oprogramowanie wieloplatformowe, kt\u00f3re pasuje do ka\u017cdej witryny","pricing_price":"od 0 USD \/ miesi\u0105c","pricing_price_caption":"zacznij od darmowego planu","pricing_button_text":"Dodaj do witryny","pricing_button_url":"#demo"}],"related_apps_title":"","related_apps_hidden":"0","author":"","image":[],"title":"","job":"","social_networks":[]},"_links":{"self":[{"href":"https:\/\/elfsight.com\/pl\/wp-json\/wp\/v2\/pages\/9873","targetHints":{"allow":["GET"]}}],"collection":[{"href":"https:\/\/elfsight.com\/pl\/wp-json\/wp\/v2\/pages"}],"about":[{"href":"https:\/\/elfsight.com\/pl\/wp-json\/wp\/v2\/types\/page"}],"author":[{"embeddable":true,"href":"https:\/\/elfsight.com\/pl\/wp-json\/wp\/v2\/users\/9"}],"replies":[{"embeddable":true,"href":"https:\/\/elfsight.com\/pl\/wp-json\/wp\/v2\/comments?post=9873"}],"version-history":[{"count":1,"href":"https:\/\/elfsight.com\/pl\/wp-json\/wp\/v2\/pages\/9873\/revisions"}],"predecessor-version":[{"id":9874,"href":"https:\/\/elfsight.com\/pl\/wp-json\/wp\/v2\/pages\/9873\/revisions\/9874"}],"up":[{"embeddable":true,"href":"https:\/\/elfsight.com\/pl\/wp-json\/wp\/v2\/pages\/9819"}],"wp:attachment":[{"href":"https:\/\/elfsight.com\/pl\/wp-json\/wp\/v2\/media?parent=9873"}],"curies":[{"name":"wp","href":"https:\/\/api.w.org\/{rel}","templated":true}]}}